{"id":6828,"date":"1970-01-01T00:00:00","date_gmt":"1970-01-01T00:00:00","guid":{"rendered":"https:\/\/elfsight.com\/es\/?page_id=6828"},"modified":"2025-02-06T16:01:38","modified_gmt":"2025-02-06T16:01:38","slug":"shopify","status":"publish","type":"page","link":"https:\/\/elfsight.com\/es\/vimeo-video-gallery-widget\/shopify\/","title":{"rendered":"Vimeo Gallery &#8211; Shopify"},"content":{"rendered":"<div class=\"application-platform-content-item-description application-platform-content-item\" id=\"description\" data-nav-section=\"description\"> <h2>Incrustar la galer\u00eda Vimeo en Shopify con el widget Elfsight<\/h2> <p>La aplicaci\u00f3n Elfsight Vimeo es una herramienta sencilla para aquellos que desean integrar contenido de video en el sitio. El widget le permite dar forma a listas de reproducci\u00f3n de videos, mostrar un canal completo, seleccionar el contenido tem\u00e1tico m\u00e1s atractivo para su galer\u00eda de videos y m\u00e1s. El reproductor Elfsight Vimeo tiene opciones de dise\u00f1o bien pensadas que ayudan a crear una interfaz adecuada para diferentes casos de uso. Los dise\u00f1os de widgets listos para usar colocar\u00e1n los videos de manera \u00f3ptima, varios modos de reproducci\u00f3n hacen que ver videos sea \u00fatil con cualquier dise\u00f1o. Con el encabezado intercambiable, es f\u00e1cil promocionar tu canal y aumentar los suscriptores. La galer\u00eda de v\u00eddeos de Elfsight Vimeo se convertir\u00e1 en una forma eficaz no s\u00f3lo de aumentar la participaci\u00f3n, sino tambi\u00e9n de desarrollar su negocio. <\/p> <div class=\"faq\" data-component=\"FAQ\"><div class=\"faq-item\">\r\n\t\t\t\t\t<div class=\"faq-item-question\">\r\n\t\t\t\t\t\t<h3 class=\"faq-item-question-text\">\u00bfD\u00f3nde puedo mostrarlo en mi sitio?<\/h3>\r\n\r\n\t\t\t\t\t\t<div class=\"faq-item-question-icon\"><\/div>\r\n\t\t\t\t\t<\/div>\r\n\r\n\t\t\t\t\t<div class=\"faq-item-answer\">\r\n\t\t\t\t\t\t<div class=\"faq-item-answer-text\"> <p>Puedes insertar la aplicaci\u00f3n Vimeo en cualquiera de tus p\u00e1ginas web. Si lo introduces en la plantilla, aparecer\u00e1 en todas y cada una de las p\u00e1ginas de tu sitio. <\/p> <\/div>\r\n\t\t\t\t\t<\/div>\r\n\t\t\t\t<\/div><div class=\"faq-item\">\r\n\t\t\t\t\t<div class=\"faq-item-question\">\r\n\t\t\t\t\t\t<h3 class=\"faq-item-question-text\">\u00bfCu\u00e1les son las ventajas de tener Vimeo Video Player para m\u00ed?<\/h3>\r\n\r\n\t\t\t\t\t\t<div class=\"faq-item-question-icon\"><\/div>\r\n\t\t\t\t\t<\/div>\r\n\r\n\t\t\t\t\t<div class=\"faq-item-answer\">\r\n\t\t\t\t\t\t<div class=\"faq-item-answer-text\"> <p>Este complemento le permitir\u00e1 aumentar la participaci\u00f3n de los visitantes en el sitio con los videos m\u00e1s interesantes. La funci\u00f3n de suscripci\u00f3n r\u00e1pida le ayudar\u00e1 a tener nuevos suscriptores en su canal. <\/p><\/div>\r\n\t\t\t\t\t<\/div>\r\n\t\t\t\t<\/div> <div class=\"faq-item\">\r\n\t\t\t\t\t<div class=\"faq-item-question\">\r\n\t\t\t\t\t\t<h3 class=\"faq-item-question-text\">\u00bfQu\u00e9 necesito para tener Vimeo Gallery en mi sitio?<\/h3>\r\n\r\n\t\t\t\t\t\t<div class=\"faq-item-question-icon\"><\/div>\r\n\t\t\t\t\t<\/div>\r\n\r\n\t\t\t\t\t<div class=\"faq-item-answer\">\r\n\t\t\t\t\t\t<div class=\"faq-item-answer-text\"> <p>Solo tomar\u00e1 dos minutos comenzar a usar el widget. La integraci\u00f3n es realmente r\u00e1pida, gratuita y sin codificaci\u00f3n. <\/p> <p>El widget se puede integrar a trav\u00e9s de nuestro servicio o del mercado. Aqu\u00ed puedes leer sobre estas opciones y elegir la tuya.<\/p> <\/div>\r\n\t\t\t\t\t<\/div>\r\n\t\t\t\t<\/div> <\/div> <\/div> <div class=\"application-platform-content-item-features application-platform-content-item\" id=\"features\" data-nav-section=\"features\"> <h2>Caracter\u00edsticas principales del widget de la Galer\u00eda de Vimeo<\/h2> <p>Para obtener un conocimiento m\u00e1s claro de la aplicaci\u00f3n Vimeo, puedes estudiar la lista de sus funciones m\u00e1s importantes. Hacen que nuestro widget sea incre\u00edblemente efectivo para su promoci\u00f3n: <\/p> <ul><li>Agregar ciertos dise\u00f1os para diferentes modos de ritmo de los videos: cuadr\u00edcula, lista de reproducci\u00f3n, control deslizante; <\/li><li>7 elementos intercambiables del encabezado: nombre, estad\u00edsticas, descripci\u00f3n, bot\u00f3n de seguir, foto de perfil; <\/li><li>4 modos de reproducci\u00f3n listos para usar: emergente, reproductor, en l\u00ednea o en Vimeo; <\/li><li>Tres escenarios una vez finalizado el v\u00eddeo: reproducir a continuaci\u00f3n, reproducir, ninguno; <\/li><\/ul><p><a href=\"#demo\">Vea todas las funciones en una demostraci\u00f3n en vivo<\/a><\/p> <\/div><div class=\"application-platform-content-item-installation application-platform-content-item\" id=\"installation\" data-nav-section=\"installation\"> <h2>Descubra c\u00f3mo insertar el video de Vimeo en su tienda Shopify<\/h2><div class=\"video-container\"><iframe width=\"720\" height=\"405\" src=\"https:\/\/www.youtube.com\/embed\/q_5lv918RXs\" frameborder=\"0\"><\/iframe><\/div><p>Los pasos a continuaci\u00f3n son lo \u00fanico que necesita hacer para activar el widget.<\/p> <ol><li><b>Emplee nuestro editor gratuito y comience a crear su aplicaci\u00f3n personalizada. <\/b><br> Determine el dise\u00f1o y la funcionalidad adecuados de la aplicaci\u00f3n y guarde todas las correcciones. <\/li> <li><b>Adquiere el c\u00f3digo personal que aparece en el cuadro de Elfsight Apps. <\/b><br> Inmediatamente despu\u00e9s de completar la configuraci\u00f3n de su aplicaci\u00f3n, copie el c\u00f3digo individual en la ventana que aparece y gu\u00e1rdelo para ocasiones posteriores. <\/li> <li><b>Empieza a usar la aplicaci\u00f3n en el sitio web de Shopify. <\/b><br> Implemente el c\u00f3digo que guard\u00f3 recientemente en su p\u00e1gina y guarde las correcciones. <\/li> <li><b>\u00a1Listo! La incrustaci\u00f3n ha finalizado por completo. <\/b><br>Abre tu sitio para observar c\u00f3mo funciona la aplicaci\u00f3n. <\/li><\/ol><p>\u00bfA\u00fan dudas de algo? \u00bfO tienes preguntas? Simplemente env\u00ede su solicitud a nuestro servicio de atenci\u00f3n al cliente y le ayudar\u00e1 con cada problema. <\/p> <\/div>","protected":false},"excerpt":{"rendered":"","protected":false},"author":9,"featured_media":0,"parent":1556,"menu_order":0,"comment_status":"closed","ping_status":"closed","template":"templates\/template-application-platform.php","meta":{"publish_to_discourse":"","publish_post_category":"","wpdc_auto_publish_overridden":"","wpdc_topic_tags":"","wpdc_pin_topic":"","wpdc_pin_until":"","discourse_post_id":"","discourse_permalink":"","wpdc_publishing_response":"","wpdc_publishing_error":"","footnotes":""},"class_list":["post-6828","page","type-page","status-publish","hentry"],"yoast_head":"<!-- This site is optimized with the Yoast SEO plugin v25.3.1 - https:\/\/yoast.com\/wordpress\/plugins\/seo\/ -->\n<title>Agregue la aplicaci\u00f3n Vimeo Video Gallery al sitio web de Shopify (gratis y r\u00e1pido)<\/title>\n<meta name=\"description\" content=\"Aqu\u00ed tienes la oportunidad de crear el widget de la Galer\u00eda Vimeo y mostrarlo en tu tienda Shopify. Disfrute de asistencia al cliente gratuita y otras ventajas de Elfsight.\" \/>\n<meta name=\"robots\" content=\"index, follow, max-snippet:-1, max-image-preview:large, max-video-preview:-1\" \/>\n<link rel=\"canonical\" href=\"https:\/\/elfsight.com\/es\/vimeo-video-gallery-widget\/shopify\/\" \/>\n<meta property=\"og:locale\" content=\"es_ES\" \/>\n<meta property=\"og:type\" content=\"article\" \/>\n<meta property=\"og:title\" content=\"Agregue la aplicaci\u00f3n Vimeo Video Gallery al sitio web de Shopify (gratis y r\u00e1pido)\" \/>\n<meta property=\"og:description\" content=\"Aqu\u00ed tienes la oportunidad de crear el widget de la Galer\u00eda Vimeo y mostrarlo en tu tienda Shopify. Disfrute de asistencia al cliente gratuita y otras ventajas de Elfsight.\" \/>\n<meta property=\"og:url\" content=\"https:\/\/elfsight.com\/es\/vimeo-video-gallery-widget\/shopify\/\" \/>\n<meta property=\"og:site_name\" content=\"Elfsight ES\" \/>\n<meta property=\"article:modified_time\" content=\"2025-02-06T16:01:38+00:00\" \/>\n<meta name=\"twitter:card\" content=\"summary_large_image\" \/>\n<meta name=\"twitter:label1\" content=\"Tiempo de lectura\" \/>\n\t<meta name=\"twitter:data1\" content=\"3 minutos\" \/>\n<!-- \/ Yoast SEO plugin. -->","yoast_head_json":{"title":"Agregue la aplicaci\u00f3n Vimeo Video Gallery al sitio web de Shopify (gratis y r\u00e1pido)","description":"Aqu\u00ed tienes la oportunidad de crear el widget de la Galer\u00eda Vimeo y mostrarlo en tu tienda Shopify. Disfrute de asistencia al cliente gratuita y otras ventajas de Elfsight.","robots":{"index":"index","follow":"follow","max-snippet":"max-snippet:-1","max-image-preview":"max-image-preview:large","max-video-preview":"max-video-preview:-1"},"canonical":"https:\/\/elfsight.com\/es\/vimeo-video-gallery-widget\/shopify\/","og_locale":"es_ES","og_type":"article","og_title":"Agregue la aplicaci\u00f3n Vimeo Video Gallery al sitio web de Shopify (gratis y r\u00e1pido)","og_description":"Aqu\u00ed tienes la oportunidad de crear el widget de la Galer\u00eda Vimeo y mostrarlo en tu tienda Shopify. Disfrute de asistencia al cliente gratuita y otras ventajas de Elfsight.","og_url":"https:\/\/elfsight.com\/es\/vimeo-video-gallery-widget\/shopify\/","og_site_name":"Elfsight ES","article_modified_time":"2025-02-06T16:01:38+00:00","twitter_card":"summary_large_image","twitter_misc":{"Tiempo de lectura":"3 minutos"},"schema":{"@context":"https:\/\/schema.org","@graph":[{"@type":"WebPage","@id":"https:\/\/elfsight.com\/es\/vimeo-video-gallery-widget\/shopify\/","url":"https:\/\/elfsight.com\/es\/vimeo-video-gallery-widget\/shopify\/","name":"Agregue la aplicaci\u00f3n Vimeo Video Gallery al sitio web de Shopify (gratis y r\u00e1pido)","isPartOf":{"@id":"https:\/\/elfsight.com\/es\/#website"},"datePublished":"1970-01-01T00:00:00+00:00","dateModified":"2025-02-06T16:01:38+00:00","description":"Aqu\u00ed tienes la oportunidad de crear el widget de la Galer\u00eda Vimeo y mostrarlo en tu tienda Shopify. Disfrute de asistencia al cliente gratuita y otras ventajas de Elfsight.","breadcrumb":{"@id":"https:\/\/elfsight.com\/es\/vimeo-video-gallery-widget\/shopify\/#breadcrumb"},"inLanguage":"es","potentialAction":[{"@type":"ReadAction","target":["https:\/\/elfsight.com\/es\/vimeo-video-gallery-widget\/shopify\/"]}]},{"@type":"BreadcrumbList","@id":"https:\/\/elfsight.com\/es\/vimeo-video-gallery-widget\/shopify\/#breadcrumb","itemListElement":[{"@type":"ListItem","position":1,"name":"Home","item":"https:\/\/elfsight.com\/es\/"},{"@type":"ListItem","position":2,"name":"Vimeo Gallery","item":"https:\/\/elfsight.com\/es\/vimeo-video-gallery-widget\/"},{"@type":"ListItem","position":3,"name":"Vimeo Gallery &#8211; Shopify"}]},{"@type":"WebSite","@id":"https:\/\/elfsight.com\/es\/#website","url":"https:\/\/elfsight.com\/es\/","name":"Elfsight ES","description":"Just another Elfsight Sites site","potentialAction":[{"@type":"SearchAction","target":{"@type":"EntryPoint","urlTemplate":"https:\/\/elfsight.com\/es\/?s={search_term_string}"},"query-input":{"@type":"PropertyValueSpecification","valueRequired":true,"valueName":"search_term_string"}}],"inLanguage":"es"}]}},"meta_box":{"industry":"","seo_heading":"","heading":"","description":"","cta_heading":"","cta_description":"","application":"1555","h1":"Galer\u00eda de v\u00eddeos de Shopify Vimeo","h1_caption":"Incrusta una galer\u00eda de videos de Vimeo, ofreciendo una manera perfecta de presentar tu contenido de video en tu sitio web de Shopify sin esfuerzo.","application_category":[],"applications_title":"","applications_request_title":"","applications_request_button_text":"","hero_text":"","hero_video":"","hero_video_schema_markup":"","selling_points_title":"","selling_points_caption":"","selling_points":[],"selling_points_cta_text":"","features_title":"","features":"","ed_cta_examples_text":"","ed_cta_examples_hidden":"","ed_cta_demo_text":"","ed_cta_demo_hidden":"","why_caption":"","why_editor_title":"","why_editor_text":"","why_team_title":"","why_team_text":"","why_service_title":"","why_service_text":"","template_catalog_visible":"","template_catalog_title":"","template_catalog_text":"","template_catalog_categories_visible":"","demo_title":"Crea tu aplicaci\u00f3n Galer\u00eda Vimeo","demo_caption":"\u00a1Configura tu Galer\u00eda Vimeo y agr\u00e9gala a tu sitio web Shopify gratis!","default_faq_hidden":"","app_template_category":[],"platform":"91","template_public_id":"","codecanyon_url":"","codecanyon_item_id":"","codecanyon_price":"","pricing_caption":"","pricing_elfsight_apps_hide_column":"","pricing_elfsight_apps_url":"","pricing_codecanyon_price_caption":"","integration_category":[],"integration_request_title":"","integration_request_cta":"","integration_platform":"","integrations":[],"platform_category":[],"video_schema_markup":"","price":"desde $0 \/ mes","trial":"","benefits":[{"text":"Servicio de instalaci\u00f3n gratuito"},{"text":"Soporte premium"},{"text":"Garant\u00eda de devoluci\u00f3n de dinero de 14 d\u00edas"},{"text":"Actualizaciones gratuitas continuas"}],"button_url":"#demo","button_target_blank":"","button_nofollow":"","attributes":[{"name":"Instalaciones","content":"10,000 - 100,000"},{"name":"Sensible","content":"S\u00ed"},{"name":"Navegadores compatibles","content":"Firefox, Safari, Opera, Chrome, Edge"}],"tags":[],"tags_disable_links":"","hide_more_platforms":"","video_object":"","demo_hide_cta":"","demo_hide_cloud_options":"","pricing_title":"","pricing":[{"pricing_icon":"cloud","pricing_title":"Elfsight Apps","pricing_title_caption":"Versi\u00f3n multiplataforma que funciona en cualquier sitio web.","pricing_price":"desde $0 \/ mes","pricing_price_caption":"comienza con el plan gratuito","pricing_benefits":[{"text":"Sitios web ilimitados"},{"text":"Soporte premium"},{"text":"Servicio de instalaci\u00f3n gratuito"},{"text":"Oferta especial para m\u00faltiples aplicaciones."}],"pricing_button_text":"A\u00f1adir al sitio web","pricing_button_url":"#demo"}],"related_apps_title":"","related_apps_hidden":"","author":"","image":[],"title":"","job":"","social_networks":[]},"_links":{"self":[{"href":"https:\/\/elfsight.com\/es\/wp-json\/wp\/v2\/pages\/6828","targetHints":{"allow":["GET"]}}],"collection":[{"href":"https:\/\/elfsight.com\/es\/wp-json\/wp\/v2\/pages"}],"about":[{"href":"https:\/\/elfsight.com\/es\/wp-json\/wp\/v2\/types\/page"}],"author":[{"embeddable":true,"href":"https:\/\/elfsight.com\/es\/wp-json\/wp\/v2\/users\/9"}],"replies":[{"embeddable":true,"href":"https:\/\/elfsight.com\/es\/wp-json\/wp\/v2\/comments?post=6828"}],"version-history":[{"count":2,"href":"https:\/\/elfsight.com\/es\/wp-json\/wp\/v2\/pages\/6828\/revisions"}],"predecessor-version":[{"id":19047,"href":"https:\/\/elfsight.com\/es\/wp-json\/wp\/v2\/pages\/6828\/revisions\/19047"}],"up":[{"embeddable":true,"href":"https:\/\/elfsight.com\/es\/wp-json\/wp\/v2\/pages\/1556"}],"wp:attachment":[{"href":"https:\/\/elfsight.com\/es\/wp-json\/wp\/v2\/media?parent=6828"}],"curies":[{"name":"wp","href":"https:\/\/api.w.org\/{rel}","templated":true}]}}