{"id":6827,"date":"1970-01-01T00:00:00","date_gmt":"1970-01-01T00:00:00","guid":{"rendered":"https:\/\/elfsight.com\/es\/?page_id=6827"},"modified":"2025-02-06T16:01:38","modified_gmt":"2025-02-06T16:01:38","slug":"prestashop","status":"publish","type":"page","link":"https:\/\/elfsight.com\/es\/vimeo-video-gallery-widget\/prestashop\/","title":{"rendered":"Vimeo Gallery &#8211; PrestaShop"},"content":{"rendered":"<div class=\"application-platform-content-item-description application-platform-content-item\" id=\"description\" data-nav-section=\"description\"> <h2>Descripci\u00f3n<\/h2> <p>Elfsight Vimeo Gallery es una herramienta sencilla para propietarios de sitios web que necesitan insertar contenido de Vimeo en el sitio web. Puedes crear listas de reproducci\u00f3n de videos, mostrar un canal completo, encontrar el mejor contenido para tu galer\u00eda y m\u00e1s. El widget presenta m\u00faltiples funciones que ayudan a configurar la interfaz para diversos casos de uso. Los dise\u00f1os listos para usar ayudan a colocar el contenido de manera \u00f3ptima, varios modos de reproducci\u00f3n hacen que ver sus videos sea c\u00f3modo en cualquier caso de uso. Con la ayuda del encabezado flexible puedes presentar tu canal y aumentar seguidores. Elfsight Vimeo Gallery es una forma eficaz no s\u00f3lo de aumentar la participaci\u00f3n, sino tambi\u00e9n de promocionar su negocio. <\/p><p><b>\u00a1Inserte la Galer\u00eda Vimeo para simplificar los picos de su comercio electr\u00f3nico! <\/b><\/p> <\/div> <div class=\"application-platform-content-item-features application-platform-content-item\" id=\"features\" data-nav-section=\"features\"> <h2>Estas son solo algunas de las amplias funciones del widget: <\/h2> <ul><li>Agregar ciertos videos por URL<\/li><li>3 dise\u00f1os incorporados para varias formas de organizaci\u00f3n de videos: cuadr\u00edcula, lista de reproducci\u00f3n, control deslizante<\/li><li>7 elementos controlados del encabezado: nombre, estad\u00edsticas, descripci\u00f3n, bot\u00f3n de seguir, imagen de perfil<\/li><li>Cuatro modos de reproducci\u00f3n listos para usar: ventana emergente, reproductor, en l\u00ednea o en Vimeo<\/li><li>Tres opciones una vez finalizado el v\u00eddeo: reproducir a continuaci\u00f3n, reproducir, ninguna<\/li><\/ul><p><a href=\"#demo\">Simplemente prueba esta demostraci\u00f3n para tener una idea completa<\/a><\/p> <\/div> <div class=\"application-platform-content-item-installation application-platform-content-item\" id=\"installation\" data-nav-section=\"installation\"> <h2>C\u00f3mo insertar Vimeo Gallery en un sitio PrestaShop<\/h2> <p>Simplemente aplique las instrucciones a continuaci\u00f3n para insertar el complemento. <\/p> <ol><li><b>Utilice nuestra demostraci\u00f3n gratuita y comience a crear su widget personalizado. <\/b><br> Encuentre el dise\u00f1o y las opciones deseables del widget y guarde las correcciones. <\/li> <li><b>Adquiera su c\u00f3digo personal que aparece en el cuadro de Elfsight Apps. <\/b><br> Una vez completada la creaci\u00f3n de su complemento, copie el c\u00f3digo individual del cuadro que aparece y gu\u00e1rdelo para ocasiones posteriores. <\/li> <li><b>Iniciar la utilizaci\u00f3n del widget en la p\u00e1gina web de PrestaShop. <\/b><br>Implemente el c\u00f3digo guardado anteriormente en su p\u00e1gina web y guarde las mejoras. <\/li> <li><b>La instalaci\u00f3n finaliz\u00f3 exitosamente. <\/b><br> Vaya a su sitio para ver el trabajo del complemento. <\/li><\/ol> <p>Si tiene alg\u00fan problema, p\u00f3ngase en contacto con nuestro equipo de soporte. Nuestros consultores esperan resolver todos los problemas que pueda tener con el producto. <\/p> <\/div>","protected":false},"excerpt":{"rendered":"","protected":false},"author":9,"featured_media":0,"parent":1556,"menu_order":0,"comment_status":"closed","ping_status":"closed","template":"templates\/template-application-platform.php","meta":{"publish_to_discourse":"","publish_post_category":"","wpdc_auto_publish_overridden":"","wpdc_topic_tags":"","wpdc_pin_topic":"","wpdc_pin_until":"","discourse_post_id":"","discourse_permalink":"","wpdc_publishing_response":"","wpdc_publishing_error":"","footnotes":""},"class_list":["post-6827","page","type-page","status-publish","hentry"],"yoast_head":"<!-- This site is optimized with the Yoast SEO plugin v25.3.1 - https:\/\/yoast.com\/wordpress\/plugins\/seo\/ -->\n<title>PrestaShopVimeo | Incrustar la Galer\u00eda Vimeo en el sitio web de PrestaShop<\/title>\n<meta name=\"description\" content=\"Construya su galer\u00eda de v\u00eddeos de Vimeo e incr\u00fastela en el sitio web de PrestaShop en poco tiempo. Ofrecemos servicio al cliente gratuito y otros bonos.\" \/>\n<meta name=\"robots\" content=\"index, follow, max-snippet:-1, max-image-preview:large, max-video-preview:-1\" \/>\n<link rel=\"canonical\" href=\"https:\/\/elfsight.com\/es\/vimeo-video-gallery-widget\/prestashop\/\" \/>\n<meta property=\"og:locale\" content=\"es_ES\" \/>\n<meta property=\"og:type\" content=\"article\" \/>\n<meta property=\"og:title\" content=\"PrestaShopVimeo | Incrustar la Galer\u00eda Vimeo en el sitio web de PrestaShop\" \/>\n<meta property=\"og:description\" content=\"Construya su galer\u00eda de v\u00eddeos de Vimeo e incr\u00fastela en el sitio web de PrestaShop en poco tiempo. Ofrecemos servicio al cliente gratuito y otros bonos.\" \/>\n<meta property=\"og:url\" content=\"https:\/\/elfsight.com\/es\/vimeo-video-gallery-widget\/prestashop\/\" \/>\n<meta property=\"og:site_name\" content=\"Elfsight ES\" \/>\n<meta property=\"article:modified_time\" content=\"2025-02-06T16:01:38+00:00\" \/>\n<meta name=\"twitter:card\" content=\"summary_large_image\" \/>\n<meta name=\"twitter:label1\" content=\"Tiempo de lectura\" \/>\n\t<meta name=\"twitter:data1\" content=\"2 minutos\" \/>\n<!-- \/ Yoast SEO plugin. -->","yoast_head_json":{"title":"PrestaShopVimeo | Incrustar la Galer\u00eda Vimeo en el sitio web de PrestaShop","description":"Construya su galer\u00eda de v\u00eddeos de Vimeo e incr\u00fastela en el sitio web de PrestaShop en poco tiempo. Ofrecemos servicio al cliente gratuito y otros bonos.","robots":{"index":"index","follow":"follow","max-snippet":"max-snippet:-1","max-image-preview":"max-image-preview:large","max-video-preview":"max-video-preview:-1"},"canonical":"https:\/\/elfsight.com\/es\/vimeo-video-gallery-widget\/prestashop\/","og_locale":"es_ES","og_type":"article","og_title":"PrestaShopVimeo | Incrustar la Galer\u00eda Vimeo en el sitio web de PrestaShop","og_description":"Construya su galer\u00eda de v\u00eddeos de Vimeo e incr\u00fastela en el sitio web de PrestaShop en poco tiempo. Ofrecemos servicio al cliente gratuito y otros bonos.","og_url":"https:\/\/elfsight.com\/es\/vimeo-video-gallery-widget\/prestashop\/","og_site_name":"Elfsight ES","article_modified_time":"2025-02-06T16:01:38+00:00","twitter_card":"summary_large_image","twitter_misc":{"Tiempo de lectura":"2 minutos"},"schema":{"@context":"https:\/\/schema.org","@graph":[{"@type":"WebPage","@id":"https:\/\/elfsight.com\/es\/vimeo-video-gallery-widget\/prestashop\/","url":"https:\/\/elfsight.com\/es\/vimeo-video-gallery-widget\/prestashop\/","name":"PrestaShopVimeo | Incrustar la Galer\u00eda Vimeo en el sitio web de PrestaShop","isPartOf":{"@id":"https:\/\/elfsight.com\/es\/#website"},"datePublished":"1970-01-01T00:00:00+00:00","dateModified":"2025-02-06T16:01:38+00:00","description":"Construya su galer\u00eda de v\u00eddeos de Vimeo e incr\u00fastela en el sitio web de PrestaShop en poco tiempo. Ofrecemos servicio al cliente gratuito y otros bonos.","breadcrumb":{"@id":"https:\/\/elfsight.com\/es\/vimeo-video-gallery-widget\/prestashop\/#breadcrumb"},"inLanguage":"es","potentialAction":[{"@type":"ReadAction","target":["https:\/\/elfsight.com\/es\/vimeo-video-gallery-widget\/prestashop\/"]}]},{"@type":"BreadcrumbList","@id":"https:\/\/elfsight.com\/es\/vimeo-video-gallery-widget\/prestashop\/#breadcrumb","itemListElement":[{"@type":"ListItem","position":1,"name":"Home","item":"https:\/\/elfsight.com\/es\/"},{"@type":"ListItem","position":2,"name":"Vimeo Gallery","item":"https:\/\/elfsight.com\/es\/vimeo-video-gallery-widget\/"},{"@type":"ListItem","position":3,"name":"Vimeo Gallery &#8211; PrestaShop"}]},{"@type":"WebSite","@id":"https:\/\/elfsight.com\/es\/#website","url":"https:\/\/elfsight.com\/es\/","name":"Elfsight ES","description":"Just another Elfsight Sites site","potentialAction":[{"@type":"SearchAction","target":{"@type":"EntryPoint","urlTemplate":"https:\/\/elfsight.com\/es\/?s={search_term_string}"},"query-input":{"@type":"PropertyValueSpecification","valueRequired":true,"valueName":"search_term_string"}}],"inLanguage":"es"}]}},"meta_box":{"industry":"","seo_heading":"","heading":"","description":"","cta_heading":"","cta_description":"","application":"1555","h1":"Galer\u00eda de v\u00eddeos de PrestaShop Vimeo","h1_caption":"Incruste una galer\u00eda de videos de Vimeo, ofreciendo una manera perfecta de presentar su contenido de video en su sitio web Prestashop sin esfuerzo.","application_category":[],"applications_title":"","applications_request_title":"","applications_request_button_text":"","hero_text":"","hero_video":"","hero_video_schema_markup":"","selling_points_title":"","selling_points_caption":"","selling_points":[],"selling_points_cta_text":"","features_title":"","features":"","ed_cta_examples_text":"","ed_cta_examples_hidden":"","ed_cta_demo_text":"","ed_cta_demo_hidden":"","why_caption":"","why_editor_title":"","why_editor_text":"","why_team_title":"","why_team_text":"","why_service_title":"","why_service_text":"","template_catalog_visible":"","template_catalog_title":"","template_catalog_text":"","template_catalog_categories_visible":"","demo_title":"Crea tu complemento de la Galer\u00eda Vimeo","demo_caption":"\u00a1Configura tu Galer\u00eda Vimeo y agr\u00e9gala a tu sitio web PrestaShop gratis!","default_faq_hidden":"","app_template_category":[],"platform":"2250","template_public_id":"","codecanyon_url":"","codecanyon_item_id":"","codecanyon_price":"","pricing_caption":"","pricing_elfsight_apps_hide_column":"","pricing_elfsight_apps_url":"","pricing_codecanyon_price_caption":"","integration_category":[],"integration_request_title":"","integration_request_cta":"","integration_platform":"","integrations":[],"platform_category":[],"video_schema_markup":"","price":"desde $0 \/ mes","trial":"","benefits":[{"text":"Ayuda de instalaci\u00f3n gratuita"},{"text":"Servicio al cliente profesional"},{"text":"Garant\u00eda de devoluci\u00f3n de dinero de 14 d\u00edas"},{"text":"Actualizando constantemente"}],"button_url":"#demo","button_target_blank":"","button_nofollow":"","attributes":[{"name":"Instalaciones","content":"10,000 - 100,000"},{"name":"Sensible","content":"S\u00ed"},{"name":"Navegadores compatibles","content":"Firefox, Safari, Opera, Chrome, Edge"}],"tags":[],"tags_disable_links":"","hide_more_platforms":"","video_object":"","demo_hide_cta":"","demo_hide_cloud_options":"","pricing_title":"","pricing":[{"pricing_icon":"platform","pricing_title":"Elfsight Apps","pricing_title_caption":"Versi\u00f3n multiplataforma que funciona en cualquier sitio.","pricing_price":"desde $0 \/ mes","pricing_price_caption":"comienza con un plan gratuito","pricing_benefits":[{"text":"Sitios web ilimitados"},{"text":"Soporte profesional de la empresa"},{"text":"Asistencia de instalaci\u00f3n gratuita"},{"text":"Dise\u00f1o flexible"}],"pricing_button_text":"A\u00f1adir al sitio web","pricing_button_url":"#demo"}],"related_apps_title":"","related_apps_hidden":"","author":"","image":[],"title":"","job":"","social_networks":[]},"_links":{"self":[{"href":"https:\/\/elfsight.com\/es\/wp-json\/wp\/v2\/pages\/6827","targetHints":{"allow":["GET"]}}],"collection":[{"href":"https:\/\/elfsight.com\/es\/wp-json\/wp\/v2\/pages"}],"about":[{"href":"https:\/\/elfsight.com\/es\/wp-json\/wp\/v2\/types\/page"}],"author":[{"embeddable":true,"href":"https:\/\/elfsight.com\/es\/wp-json\/wp\/v2\/users\/9"}],"replies":[{"embeddable":true,"href":"https:\/\/elfsight.com\/es\/wp-json\/wp\/v2\/comments?post=6827"}],"version-history":[{"count":2,"href":"https:\/\/elfsight.com\/es\/wp-json\/wp\/v2\/pages\/6827\/revisions"}],"predecessor-version":[{"id":19048,"href":"https:\/\/elfsight.com\/es\/wp-json\/wp\/v2\/pages\/6827\/revisions\/19048"}],"up":[{"embeddable":true,"href":"https:\/\/elfsight.com\/es\/wp-json\/wp\/v2\/pages\/1556"}],"wp:attachment":[{"href":"https:\/\/elfsight.com\/es\/wp-json\/wp\/v2\/media?parent=6827"}],"curies":[{"name":"wp","href":"https:\/\/api.w.org\/{rel}","templated":true}]}}