{"id":6820,"date":"1970-01-01T00:00:00","date_gmt":"1970-01-01T00:00:00","guid":{"rendered":"https:\/\/elfsight.com\/es\/?page_id=6820"},"modified":"2025-02-06T16:01:45","modified_gmt":"2025-02-06T16:01:45","slug":"magento","status":"publish","type":"page","link":"https:\/\/elfsight.com\/es\/vimeo-video-gallery-widget\/magento\/","title":{"rendered":"Vimeo Gallery &#8211; Magento"},"content":{"rendered":"<div class=\"application-platform-content-item-description application-platform-content-item\" id=\"description\" data-nav-section=\"description\"> <h2>Descripci\u00f3n<\/h2> <p>Elfsight Vimeo Gallery es una herramienta sencilla para propietarios de sitios web que deseen mostrar contenido de v\u00eddeo en el sitio web. El widget le permite crear listas de reproducci\u00f3n de videos, mostrar canales, encontrar el contenido de video m\u00e1s atractivo para su galer\u00eda y m\u00e1s. El widget Elfsight tiene opciones de interfaz bien pensadas, que ayudan a que la interfaz se adapte a diversos casos de uso. Tres dise\u00f1os de widgets ayudan a organizar los videos de la mejor manera, una variedad de modos de reproducci\u00f3n har\u00e1n que ver sus videos sea c\u00f3modo en cualquier caso de uso. Gracias al encabezado, publicita tu canal y consigue m\u00e1s suscriptores. La extensi\u00f3n Elfsight Vimeo ser\u00e1 una manera f\u00e1cil no solo de aumentar la participaci\u00f3n, sino tambi\u00e9n de hacer crecer su negocio.<\/p> <div class=\"faq\" data-component=\"FAQ\"><div class=\"faq-item\">\r\n\t\t\t\t\t<div class=\"faq-item-question\">\r\n\t\t\t\t\t\t<h3 class=\"faq-item-question-text\">\u00bfD\u00f3nde puedo mostrar este complemento?<\/h3>\r\n\r\n\t\t\t\t\t\t<div class=\"faq-item-question-icon\"><\/div>\r\n\t\t\t\t\t<\/div>\r\n\r\n\t\t\t\t\t<div class=\"faq-item-answer\">\r\n\t\t\t\t\t\t<div class=\"faq-item-answer-text\"> <p>El widget puede aparecer en la p\u00e1gina que seleccione. Si pega el widget en la plantilla del sitio web, la galer\u00eda aparecer\u00e1 en todas las p\u00e1ginas. <\/p> <\/div>\r\n\t\t\t\t\t<\/div>\r\n\t\t\t\t<\/div><div class=\"faq-item\">\r\n\t\t\t\t\t<div class=\"faq-item-question\">\r\n\t\t\t\t\t\t<h3 class=\"faq-item-question-text\">\u00bfC\u00f3mo me beneficiar\u00e9 de este complemento?<\/h3>\r\n\r\n\t\t\t\t\t\t<div class=\"faq-item-question-icon\"><\/div>\r\n\t\t\t\t\t<\/div>\r\n\r\n\t\t\t\t\t<div class=\"faq-item-answer\">\r\n\t\t\t\t\t\t<div class=\"faq-item-answer-text\"> <p>Le permitir\u00e1 aumentar la participaci\u00f3n de los usuarios en el sitio web con v\u00eddeos atractivos. La funci\u00f3n de seguimiento con un clic le ayudar\u00e1 a conseguir nuevos suscriptores para su canal. <\/p><\/div>\r\n\t\t\t\t\t<\/div>\r\n\t\t\t\t<\/div> <div class=\"faq-item\">\r\n\t\t\t\t\t<div class=\"faq-item-question\">\r\n\t\t\t\t\t\t<h3 class=\"faq-item-question-text\">\u00bfC\u00f3mo puedo tener el reproductor Vimeo en mi sitio?<\/h3>\r\n\r\n\t\t\t\t\t\t<div class=\"faq-item-question-icon\"><\/div>\r\n\t\t\t\t\t<\/div>\r\n\r\n\t\t\t\t\t<div class=\"faq-item-answer\">\r\n\t\t\t\t\t\t<div class=\"faq-item-answer-text\"> <p>Se necesitan tres minutos de su tiempo para configurar el widget. Es s\u00faper r\u00e1pido, gratuito y sin codificaci\u00f3n. <\/p> <p>El reproductor de v\u00eddeo Elfsight Vimeo se puede integrar en nuestro servicio o a trav\u00e9s del mercado. Puedes comparar m\u00e1s sobre ambas variantes y elegir la tuya.<\/p> <\/div>\r\n\t\t\t\t\t<\/div>\r\n\t\t\t\t<\/div> <\/div> <\/div> <div class=\"application-platform-content-item-features application-platform-content-item\" id=\"features\" data-nav-section=\"features\"> <h2>Caracter\u00edsticas<\/h2> <p>Para tener una percepci\u00f3n clara de la Galer\u00eda Vimeo, consulta la lista de funciones esenciales. Hacen que el widget sea lo m\u00e1s beneficioso para su sitio web: <\/p> <ul><li>Incrustar dise\u00f1os seleccionados para varios tipos de ritmo de videos: cuadr\u00edcula, lista de reproducci\u00f3n, control deslizante; <\/li><li>Siete detalles intercambiables del encabezado: nombre, estad\u00edsticas, descripci\u00f3n, bot\u00f3n de seguimiento, foto de perfil; <\/li><li>Cuatro modos de reproducci\u00f3n listos para usar: emergente, reproductor, en l\u00ednea o en Vimeo. <\/li><\/ul><p><a href=\"#demo\">Explore todas las funciones en nuestra demostraci\u00f3n<\/a><\/p> <\/div> <div class=\"application-platform-content-item-installation application-platform-content-item\" id=\"installation\" data-nav-section=\"installation\"> <h2>Vea c\u00f3mo agregar el video de Vimeo a su sitio web Magento<\/h2> <p>Simplemente aplique las instrucciones a continuaci\u00f3n para integrar el widget en Magento.<\/p> <ol><li><b>Utilice nuestro editor gratuito y comienza a darle forma a tu widget \u00fanico. <\/b><br> Elija la interfaz y las especificaciones preferibles de la extensi\u00f3n de Vimeo y aplique las correcciones. <\/li> <li><b>Copia tu c\u00f3digo individual que aparece en el formulario especial en Elfsight Apps. <\/b><br> Una vez finalizada la generaci\u00f3n de su extensi\u00f3n, copie el c\u00f3digo individual en el cuadro que aparece y gu\u00e1rdelo para usarlo m\u00e1s adelante. <\/li> <li><b>Inicie el uso de la herramienta en su p\u00e1gina web Magento. <\/b><br> A\u00f1ade el c\u00f3digo copiado recientemente en tu p\u00e1gina web y guarda las ediciones. <\/li> <li><b>La instalaci\u00f3n est\u00e1 completamente realizada. <\/b><br>Visite su p\u00e1gina para inspeccionar el rendimiento de la extensi\u00f3n. <\/li><\/ol><p>\u00bfA\u00fan est\u00e1s inquieto? \u00bfO tropez\u00f3 con algo? Simplemente env\u00ede su solicitud a nuestro servicio de atenci\u00f3n al cliente. Resolveremos cualquier problema.<\/p> <\/div>","protected":false},"excerpt":{"rendered":"","protected":false},"author":9,"featured_media":0,"parent":1556,"menu_order":0,"comment_status":"closed","ping_status":"closed","template":"templates\/template-application-platform.php","meta":{"publish_to_discourse":"","publish_post_category":"","wpdc_auto_publish_overridden":"","wpdc_topic_tags":"","wpdc_pin_topic":"","wpdc_pin_until":"","discourse_post_id":"","discourse_permalink":"","wpdc_publishing_response":"","wpdc_publishing_error":"","footnotes":""},"class_list":["post-6820","page","type-page","status-publish","hentry"],"yoast_head":"<!-- This site is optimized with the Yoast SEO plugin v25.3.1 - https:\/\/yoast.com\/wordpress\/plugins\/seo\/ -->\n<title>Agregue la extensi\u00f3n Vimeo Video Gallery al sitio web de Magento (gratis y r\u00e1pido)<\/title>\n<meta name=\"description\" content=\"Da forma al widget Vimeo Gallery e int\u00e9gralo en tu sitio web Magento de forma r\u00e1pida y sencilla. Obtenga servicio al cliente gratuito y otras bonificaciones de Elfsight.\" \/>\n<meta name=\"robots\" content=\"index, follow, max-snippet:-1, max-image-preview:large, max-video-preview:-1\" \/>\n<link rel=\"canonical\" href=\"https:\/\/elfsight.com\/es\/vimeo-video-gallery-widget\/magento\/\" \/>\n<meta property=\"og:locale\" content=\"es_ES\" \/>\n<meta property=\"og:type\" content=\"article\" \/>\n<meta property=\"og:title\" content=\"Agregue la extensi\u00f3n Vimeo Video Gallery al sitio web de Magento (gratis y r\u00e1pido)\" \/>\n<meta property=\"og:description\" content=\"Da forma al widget Vimeo Gallery e int\u00e9gralo en tu sitio web Magento de forma r\u00e1pida y sencilla. Obtenga servicio al cliente gratuito y otras bonificaciones de Elfsight.\" \/>\n<meta property=\"og:url\" content=\"https:\/\/elfsight.com\/es\/vimeo-video-gallery-widget\/magento\/\" \/>\n<meta property=\"og:site_name\" content=\"Elfsight ES\" \/>\n<meta property=\"article:modified_time\" content=\"2025-02-06T16:01:45+00:00\" \/>\n<meta name=\"twitter:card\" content=\"summary_large_image\" \/>\n<meta name=\"twitter:label1\" content=\"Tiempo de lectura\" \/>\n\t<meta name=\"twitter:data1\" content=\"3 minutos\" \/>\n<!-- \/ Yoast SEO plugin. -->","yoast_head_json":{"title":"Agregue la extensi\u00f3n Vimeo Video Gallery al sitio web de Magento (gratis y r\u00e1pido)","description":"Da forma al widget Vimeo Gallery e int\u00e9gralo en tu sitio web Magento de forma r\u00e1pida y sencilla. Obtenga servicio al cliente gratuito y otras bonificaciones de Elfsight.","robots":{"index":"index","follow":"follow","max-snippet":"max-snippet:-1","max-image-preview":"max-image-preview:large","max-video-preview":"max-video-preview:-1"},"canonical":"https:\/\/elfsight.com\/es\/vimeo-video-gallery-widget\/magento\/","og_locale":"es_ES","og_type":"article","og_title":"Agregue la extensi\u00f3n Vimeo Video Gallery al sitio web de Magento (gratis y r\u00e1pido)","og_description":"Da forma al widget Vimeo Gallery e int\u00e9gralo en tu sitio web Magento de forma r\u00e1pida y sencilla. Obtenga servicio al cliente gratuito y otras bonificaciones de Elfsight.","og_url":"https:\/\/elfsight.com\/es\/vimeo-video-gallery-widget\/magento\/","og_site_name":"Elfsight ES","article_modified_time":"2025-02-06T16:01:45+00:00","twitter_card":"summary_large_image","twitter_misc":{"Tiempo de lectura":"3 minutos"},"schema":{"@context":"https:\/\/schema.org","@graph":[{"@type":"WebPage","@id":"https:\/\/elfsight.com\/es\/vimeo-video-gallery-widget\/magento\/","url":"https:\/\/elfsight.com\/es\/vimeo-video-gallery-widget\/magento\/","name":"Agregue la extensi\u00f3n Vimeo Video Gallery al sitio web de Magento (gratis y r\u00e1pido)","isPartOf":{"@id":"https:\/\/elfsight.com\/es\/#website"},"datePublished":"1970-01-01T00:00:00+00:00","dateModified":"2025-02-06T16:01:45+00:00","description":"Da forma al widget Vimeo Gallery e int\u00e9gralo en tu sitio web Magento de forma r\u00e1pida y sencilla. Obtenga servicio al cliente gratuito y otras bonificaciones de Elfsight.","breadcrumb":{"@id":"https:\/\/elfsight.com\/es\/vimeo-video-gallery-widget\/magento\/#breadcrumb"},"inLanguage":"es","potentialAction":[{"@type":"ReadAction","target":["https:\/\/elfsight.com\/es\/vimeo-video-gallery-widget\/magento\/"]}]},{"@type":"BreadcrumbList","@id":"https:\/\/elfsight.com\/es\/vimeo-video-gallery-widget\/magento\/#breadcrumb","itemListElement":[{"@type":"ListItem","position":1,"name":"Home","item":"https:\/\/elfsight.com\/es\/"},{"@type":"ListItem","position":2,"name":"Vimeo Gallery","item":"https:\/\/elfsight.com\/es\/vimeo-video-gallery-widget\/"},{"@type":"ListItem","position":3,"name":"Vimeo Gallery &#8211; Magento"}]},{"@type":"WebSite","@id":"https:\/\/elfsight.com\/es\/#website","url":"https:\/\/elfsight.com\/es\/","name":"Elfsight ES","description":"Just another Elfsight Sites site","potentialAction":[{"@type":"SearchAction","target":{"@type":"EntryPoint","urlTemplate":"https:\/\/elfsight.com\/es\/?s={search_term_string}"},"query-input":{"@type":"PropertyValueSpecification","valueRequired":true,"valueName":"search_term_string"}}],"inLanguage":"es"}]}},"meta_box":{"industry":"","seo_heading":"","heading":"","description":"","cta_heading":"","cta_description":"","application":"1555","h1":"Galer\u00eda de v\u00eddeos de Magento Vimeo","h1_caption":"Incruste una galer\u00eda de videos de Vimeo, ofreciendo una manera perfecta de presentar su contenido de video en su sitio web Magento sin esfuerzo.","application_category":[],"applications_title":"","applications_request_title":"","applications_request_button_text":"","hero_text":"","hero_video":"","hero_video_schema_markup":"","selling_points_title":"","selling_points_caption":"","selling_points":[],"selling_points_cta_text":"","features_title":"","features":"","ed_cta_examples_text":"","ed_cta_examples_hidden":"","ed_cta_demo_text":"","ed_cta_demo_hidden":"","why_caption":"","why_editor_title":"","why_editor_text":"","why_team_title":"","why_team_text":"","why_service_title":"","why_service_text":"","template_catalog_visible":"","template_catalog_title":"","template_catalog_text":"","template_catalog_categories_visible":"","demo_title":"Crea tu extensi\u00f3n de la Galer\u00eda Vimeo","demo_caption":"\u00a1Configure su Galer\u00eda Vimeo y agr\u00e9guela a su sitio web Magento gratis!","default_faq_hidden":"","app_template_category":[],"platform":"82","template_public_id":"","codecanyon_url":"","codecanyon_item_id":"","codecanyon_price":"","pricing_caption":"","pricing_elfsight_apps_hide_column":"","pricing_elfsight_apps_url":"","pricing_codecanyon_price_caption":"","integration_category":[],"integration_request_title":"","integration_request_cta":"","integration_platform":"","integrations":[],"platform_category":[],"video_schema_markup":"","price":"desde $0 \/ mes","trial":"","benefits":[{"text":"Servicio de instalaci\u00f3n gratuito"},{"text":"Servicio al cliente profesional"},{"text":"Garant\u00eda de reembolso de 14 d\u00edas"},{"text":"Actualizaciones gratuitas peri\u00f3dicas"}],"button_url":"#demo","button_target_blank":"","button_nofollow":"","attributes":[{"name":"Instalaciones","content":"10,000 - 100,000"},{"name":"Sensible","content":"S\u00ed"},{"name":"Navegadores compatibles","content":"Firefox, Safari, Opera, Chrome, Edge"}],"tags":[],"tags_disable_links":"","hide_more_platforms":"","video_object":"","demo_hide_cta":"","demo_hide_cloud_options":"","pricing_title":"","pricing":[{"pricing_icon":"platform","pricing_title":"Elfsight Apps","pricing_title_caption":"Software multiplataforma que se adapta a cualquier sitio","pricing_price":"desde $0 \/ mes","pricing_price_caption":"comienza con un plan gratuito","pricing_benefits":[{"text":"Sitios web ilimitados"},{"text":"Soporte dedicado y bien documentado."},{"text":"Ayuda de instalaci\u00f3n gratuita"},{"text":"Dise\u00f1o flexible"}],"pricing_button_text":"A\u00f1adir al sitio web","pricing_button_url":"#demo"}],"related_apps_title":"","related_apps_hidden":"","author":"","image":[],"title":"","job":"","social_networks":[]},"_links":{"self":[{"href":"https:\/\/elfsight.com\/es\/wp-json\/wp\/v2\/pages\/6820","targetHints":{"allow":["GET"]}}],"collection":[{"href":"https:\/\/elfsight.com\/es\/wp-json\/wp\/v2\/pages"}],"about":[{"href":"https:\/\/elfsight.com\/es\/wp-json\/wp\/v2\/types\/page"}],"author":[{"embeddable":true,"href":"https:\/\/elfsight.com\/es\/wp-json\/wp\/v2\/users\/9"}],"replies":[{"embeddable":true,"href":"https:\/\/elfsight.com\/es\/wp-json\/wp\/v2\/comments?post=6820"}],"version-history":[{"count":2,"href":"https:\/\/elfsight.com\/es\/wp-json\/wp\/v2\/pages\/6820\/revisions"}],"predecessor-version":[{"id":19051,"href":"https:\/\/elfsight.com\/es\/wp-json\/wp\/v2\/pages\/6820\/revisions\/19051"}],"up":[{"embeddable":true,"href":"https:\/\/elfsight.com\/es\/wp-json\/wp\/v2\/pages\/1556"}],"wp:attachment":[{"href":"https:\/\/elfsight.com\/es\/wp-json\/wp\/v2\/media?parent=6820"}],"curies":[{"name":"wp","href":"https:\/\/api.w.org\/{rel}","templated":true}]}}