{"id":6810,"date":"1970-01-01T00:00:00","date_gmt":"1970-01-01T00:00:00","guid":{"rendered":"https:\/\/elfsight.com\/es\/?page_id=6810"},"modified":"2025-02-06T16:01:53","modified_gmt":"2025-02-06T16:01:53","slug":"html","status":"publish","type":"page","link":"https:\/\/elfsight.com\/es\/vimeo-video-gallery-widget\/html\/","title":{"rendered":"Vimeo Gallery &#8211; HTML"},"content":{"rendered":"<div class=\"application-platform-content-item-description application-platform-content-item\" id=\"description\" data-nav-section=\"description\"> <h2>Descripci\u00f3n<\/h2> <p>El widget Elfsight Vimeo es una herramienta sencilla para aquellos que deseen agregar contenido de v\u00eddeo en el sitio. Eres libre de crear listas de reproducci\u00f3n, mostrar un canal, seleccionar el contenido tem\u00e1tico m\u00e1s atractivo para tu galer\u00eda y m\u00e1s. El widget presenta m\u00faltiples caracter\u00edsticas de dise\u00f1o que ayudan a organizar la interfaz adecuada para diversos casos. Los dise\u00f1os de widgets listos para usar ayudar\u00e1n a organizar los videos de manera \u00f3ptima; Varios modos de reproducci\u00f3n hacen que ver v\u00eddeos sea c\u00f3modo para cualquier usuario. Gracias al encabezado existe la posibilidad de contarle a todos sobre tu cuenta de Vimeo y conseguir nuevos seguidores. Elfsight Vimeo Gallery es una manera f\u00e1cil no solo de aumentar la participaci\u00f3n, sino tambi\u00e9n de hacer crecer su negocio. <\/p> <div class=\"faq\" data-component=\"FAQ\"><div class=\"faq-item\">\r\n\t\t\t\t\t<div class=\"faq-item-question\">\r\n\t\t\t\t\t\t<h3 class=\"faq-item-question-text\">\u00bfDe qu\u00e9 manera agrego una Galer\u00eda Vimeo al sitio HTML? <\/h3>\r\n\r\n\t\t\t\t\t\t<div class=\"faq-item-question-icon\"><\/div>\r\n\t\t\t\t\t<\/div>\r\n\r\n\t\t\t\t\t<div class=\"faq-item-answer\">\r\n\t\t\t\t\t\t<div class=\"faq-item-answer-text\"><p>La construcci\u00f3n de la herramienta se realiza dentro del sitio de Elfsight y no hay necesidad de codificar. Utilice la demostraci\u00f3n en l\u00ednea para dar forma a su complemento personal, obtenga el c\u00f3digo e implem\u00e9ntelo en su sitio web. <\/p><\/div>\r\n\t\t\t\t\t<\/div>\r\n\t\t\t\t<\/div><div class=\"faq-item\">\r\n\t\t\t\t\t<div class=\"faq-item-question\">\r\n\t\t\t\t\t\t<h3 class=\"faq-item-question-text\">Los mejores ejemplos de uso de la integraci\u00f3n de Vimeo Video Gallery<\/h3>\r\n\r\n\t\t\t\t\t\t<div class=\"faq-item-question-icon\"><\/div>\r\n\t\t\t\t\t<\/div>\r\n\r\n\t\t\t\t\t<div class=\"faq-item-answer\">\r\n\t\t\t\t\t\t<div class=\"faq-item-answer-text\"><p>Le brindamos toneladas de oportunidades de personalizaci\u00f3n: widgets a gran escala para implementar en la zona de contenido, complementos flotantes para la funci\u00f3n de desplazamiento, dise\u00f1os para el pie de p\u00e1gina de su sitio web, secci\u00f3n principal y todo tipo de opciones verticales para barras laterales y men\u00fas. <\/p><\/div>\r\n\t\t\t\t\t<\/div>\r\n\t\t\t\t<\/div><div class=\"faq-item\">\r\n\t\t\t\t\t<div class=\"faq-item-question\">\r\n\t\t\t\t\t\t<h3 class=\"faq-item-question-text\">\u00bfExiste alguna opci\u00f3n para crear una lista de reproducci\u00f3n o una galer\u00eda carrusel de Vimeo con la ayuda de tu editor? <\/h3>\r\n\r\n\t\t\t\t\t\t<div class=\"faq-item-question-icon\"><\/div>\r\n\t\t\t\t\t<\/div>\r\n\r\n\t\t\t\t\t<div class=\"faq-item-answer\">\r\n\t\t\t\t\t\t<div class=\"faq-item-answer-text\"><p>Eres libre de crear variaciones de cualquier widget. Hay toneladas de dise\u00f1os aplicables en el editor y todos ellos se pueden personalizar r\u00e1pidamente de la forma que necesites. <\/p><\/div>\r\n\t\t\t\t\t<\/div>\r\n\t\t\t\t<\/div><\/div><\/div> <div class=\"application-platform-content-item-features application-platform-content-item\" id=\"features\" data-nav-section=\"features\"> <h2>Caracter\u00edsticas<\/h2> <p>Para comprender mejor el widget, consulte la lista de funciones principales. Hacen que este widget sea m\u00e1s efectivo para su sitio web: <\/p> <ul><li>Dise\u00f1os para diversos videos organizados: Cuadr\u00edcula, Lista de reproducci\u00f3n, Control deslizante; <\/li><li>7 componentes intercambiables del encabezado: nombre, estad\u00edsticas, descripci\u00f3n, bot\u00f3n de seguimiento, imagen de perfil; <\/li><li>4 modos de reproducci\u00f3n listos para usar: emergente, reproductor, en l\u00ednea o en Vimeo; <\/li><li>Tres variantes una vez finalizado el v\u00eddeo: reproducir a continuaci\u00f3n, reproducir, ninguna; <\/li><\/ul><p><a href=\"#demo\">Para ver m\u00e1s funciones, vea nuestra demostraci\u00f3n<\/a><\/p> <\/div><div class=\"application-platform-content-item-installation application-platform-content-item\" id=\"installation\" data-nav-section=\"installation\"> <h2>C\u00f3mo incrustar v\u00eddeo de Vimeo en HTML<\/h2><div class=\"video-container\"><iframe width=\"720\" height=\"405\" src=\"https:\/\/www.youtube.com\/embed\/39Mebbhf50E\" frameborder=\"0\"><\/iframe><\/div><p>Las acciones siguientes son lo \u00fanico que necesita para publicar. <\/p> <ol><li><b>Cree su Galer\u00eda Vimeo personalizada<\/b><br> Administrando nuestro configurador gratuito, genere un widget con una apariencia y funciones seleccionadas.<\/li><li><b>Copia el c\u00f3digo individual para mostrar el complemento<\/b><br> Despu\u00e9s de haber configurado su widget, obtendr\u00e1 el c\u00f3digo individual de la notificaci\u00f3n que aparece en Elfsight Apps. Copia este c\u00f3digo. <\/li> <li><b>Integre el complemento en su sitio web HTML<\/b><br> Elija el \u00e1rea donde desea revelar el widget y agregue el c\u00f3digo copiado all\u00ed. Guarde los resultados.<\/li> <li><b>La instalaci\u00f3n ha finalizado<\/b><br> Visite su p\u00e1gina web para ver su widget.<\/li> <\/ol><p>\u00bfA\u00fan no est\u00e1 seguro? \u00bfO tropez\u00f3 con algo? Simplemente env\u00ede una solicitud a nuestro equipo de soporte. Ayudaremos a resolver cada asunto. <\/p> <\/div>","protected":false},"excerpt":{"rendered":"","protected":false},"author":9,"featured_media":0,"parent":1556,"menu_order":0,"comment_status":"closed","ping_status":"closed","template":"templates\/template-application-platform.php","meta":{"publish_to_discourse":"","publish_post_category":"","wpdc_auto_publish_overridden":"","wpdc_topic_tags":"","wpdc_pin_topic":"","wpdc_pin_until":"","discourse_post_id":"","discourse_permalink":"","wpdc_publishing_response":"","wpdc_publishing_error":"","footnotes":""},"class_list":["post-6810","page","type-page","status-publish","hentry"],"yoast_head":"<!-- This site is optimized with the Yoast SEO plugin v25.3.1 - https:\/\/yoast.com\/wordpress\/plugins\/seo\/ -->\n<title>HTML Vimeo: incrustar el widget de v\u00eddeo de Vimeo en un sitio web HTML [2025]<\/title>\n<meta name=\"description\" content=\"Con Elfsight, dise\u00f1e su galer\u00eda de videos de Vimeo e incr\u00fastela en el sitio web HTML con facilidad. Contamos con atenci\u00f3n al cliente gratuita y m\u00e1s bonos.\" \/>\n<meta name=\"robots\" content=\"index, follow, max-snippet:-1, max-image-preview:large, max-video-preview:-1\" \/>\n<link rel=\"canonical\" href=\"https:\/\/elfsight.com\/es\/vimeo-video-gallery-widget\/html\/\" \/>\n<meta property=\"og:locale\" content=\"es_ES\" \/>\n<meta property=\"og:type\" content=\"article\" \/>\n<meta property=\"og:title\" content=\"HTML Vimeo: incrustar el widget de v\u00eddeo de Vimeo en un sitio web HTML [2025]\" \/>\n<meta property=\"og:description\" content=\"Con Elfsight, dise\u00f1e su galer\u00eda de videos de Vimeo e incr\u00fastela en el sitio web HTML con facilidad. Contamos con atenci\u00f3n al cliente gratuita y m\u00e1s bonos.\" \/>\n<meta property=\"og:url\" content=\"https:\/\/elfsight.com\/es\/vimeo-video-gallery-widget\/html\/\" \/>\n<meta property=\"og:site_name\" content=\"Elfsight ES\" \/>\n<meta property=\"article:modified_time\" content=\"2025-02-06T16:01:53+00:00\" \/>\n<meta name=\"twitter:card\" content=\"summary_large_image\" \/>\n<meta name=\"twitter:label1\" content=\"Tiempo de lectura\" \/>\n\t<meta name=\"twitter:data1\" content=\"3 minutos\" \/>\n<!-- \/ Yoast SEO plugin. -->","yoast_head_json":{"title":"HTML Vimeo: incrustar el widget de v\u00eddeo de Vimeo en un sitio web HTML [2025]","description":"Con Elfsight, dise\u00f1e su galer\u00eda de videos de Vimeo e incr\u00fastela en el sitio web HTML con facilidad. Contamos con atenci\u00f3n al cliente gratuita y m\u00e1s bonos.","robots":{"index":"index","follow":"follow","max-snippet":"max-snippet:-1","max-image-preview":"max-image-preview:large","max-video-preview":"max-video-preview:-1"},"canonical":"https:\/\/elfsight.com\/es\/vimeo-video-gallery-widget\/html\/","og_locale":"es_ES","og_type":"article","og_title":"HTML Vimeo: incrustar el widget de v\u00eddeo de Vimeo en un sitio web HTML [2025]","og_description":"Con Elfsight, dise\u00f1e su galer\u00eda de videos de Vimeo e incr\u00fastela en el sitio web HTML con facilidad. Contamos con atenci\u00f3n al cliente gratuita y m\u00e1s bonos.","og_url":"https:\/\/elfsight.com\/es\/vimeo-video-gallery-widget\/html\/","og_site_name":"Elfsight ES","article_modified_time":"2025-02-06T16:01:53+00:00","twitter_card":"summary_large_image","twitter_misc":{"Tiempo de lectura":"3 minutos"},"schema":{"@context":"https:\/\/schema.org","@graph":[{"@type":"WebPage","@id":"https:\/\/elfsight.com\/es\/vimeo-video-gallery-widget\/html\/","url":"https:\/\/elfsight.com\/es\/vimeo-video-gallery-widget\/html\/","name":"HTML Vimeo: incrustar el widget de v\u00eddeo de Vimeo en un sitio web HTML [2025]","isPartOf":{"@id":"https:\/\/elfsight.com\/es\/#website"},"datePublished":"1970-01-01T00:00:00+00:00","dateModified":"2025-02-06T16:01:53+00:00","description":"Con Elfsight, dise\u00f1e su galer\u00eda de videos de Vimeo e incr\u00fastela en el sitio web HTML con facilidad. Contamos con atenci\u00f3n al cliente gratuita y m\u00e1s bonos.","breadcrumb":{"@id":"https:\/\/elfsight.com\/es\/vimeo-video-gallery-widget\/html\/#breadcrumb"},"inLanguage":"es","potentialAction":[{"@type":"ReadAction","target":["https:\/\/elfsight.com\/es\/vimeo-video-gallery-widget\/html\/"]}]},{"@type":"BreadcrumbList","@id":"https:\/\/elfsight.com\/es\/vimeo-video-gallery-widget\/html\/#breadcrumb","itemListElement":[{"@type":"ListItem","position":1,"name":"Home","item":"https:\/\/elfsight.com\/es\/"},{"@type":"ListItem","position":2,"name":"Vimeo Gallery","item":"https:\/\/elfsight.com\/es\/vimeo-video-gallery-widget\/"},{"@type":"ListItem","position":3,"name":"Vimeo Gallery &#8211; HTML"}]},{"@type":"WebSite","@id":"https:\/\/elfsight.com\/es\/#website","url":"https:\/\/elfsight.com\/es\/","name":"Elfsight ES","description":"Just another Elfsight Sites site","potentialAction":[{"@type":"SearchAction","target":{"@type":"EntryPoint","urlTemplate":"https:\/\/elfsight.com\/es\/?s={search_term_string}"},"query-input":{"@type":"PropertyValueSpecification","valueRequired":true,"valueName":"search_term_string"}}],"inLanguage":"es"}]}},"meta_box":{"industry":"","seo_heading":"","heading":"","description":"","cta_heading":"","cta_description":"","application":"1555","h1":"Galer\u00eda de v\u00eddeos HTML de Vimeo","h1_caption":"Incruste una galer\u00eda de videos de Vimeo, ofreciendo una manera perfecta de presentar su contenido de video en su sitio web HTML sin esfuerzo.","application_category":[],"applications_title":"","applications_request_title":"","applications_request_button_text":"","hero_text":"","hero_video":"","hero_video_schema_markup":"","selling_points_title":"","selling_points_caption":"","selling_points":[],"selling_points_cta_text":"","features_title":"","features":"","ed_cta_examples_text":"","ed_cta_examples_hidden":"","ed_cta_demo_text":"","ed_cta_demo_hidden":"","why_caption":"","why_editor_title":"","why_editor_text":"","why_team_title":"","why_team_text":"","why_service_title":"","why_service_text":"","template_catalog_visible":"","template_catalog_title":"","template_catalog_text":"","template_catalog_categories_visible":"","demo_title":"Crea tu widget de Galer\u00eda Vimeo","demo_caption":"\u00a1Configure su Galer\u00eda Vimeo y agr\u00e9guela a su sitio web HTML gratis!","default_faq_hidden":"","app_template_category":[],"platform":"70","template_public_id":"","codecanyon_url":"","codecanyon_item_id":"","codecanyon_price":"","pricing_caption":"","pricing_elfsight_apps_hide_column":"","pricing_elfsight_apps_url":"","pricing_codecanyon_price_caption":"","integration_category":[],"integration_request_title":"","integration_request_cta":"","integration_platform":"","integrations":[],"platform_category":[],"video_schema_markup":"","price":"desde $0 \/ mes","trial":"","benefits":[{"text":"Ayuda de instalaci\u00f3n gratuita"},{"text":"Soporte premium"},{"text":"Garant\u00eda de devoluci\u00f3n de dinero de 14 d\u00edas"},{"text":"Mejoras gratuitas continuas"}],"button_url":"#demo","button_target_blank":"","button_nofollow":"","attributes":[{"name":"Instalaciones","content":"10,000 - 100,000"},{"name":"Sensible","content":"S\u00ed"},{"name":"Navegadores compatibles","content":"Firefox, Safari, Opera, Chrome, Edge"}],"tags":[],"tags_disable_links":"","hide_more_platforms":"","video_object":"","demo_hide_cta":"","demo_hide_cloud_options":"","pricing_title":"","pricing":[{"pricing_icon":"platform","pricing_title":"Elfsight Apps","pricing_title_caption":"Versi\u00f3n multiplataforma","pricing_price":"desde $0 \/ mes","pricing_price_caption":"comienza con el plan gratuito","pricing_benefits":[{"text":"Dominios ilimitados"},{"text":"Soporte 24 horas al d\u00eda, 7 d\u00edas a la semana, puntual y bien documentado."},{"text":"Asistencia de instalaci\u00f3n gratuita"},{"text":"Gran oferta para m\u00faltiples aplicaciones"}],"pricing_button_text":"A\u00f1adir al sitio web","pricing_button_url":"#demo"}],"related_apps_title":"","related_apps_hidden":"","author":"","image":[],"title":"","job":"","social_networks":[]},"_links":{"self":[{"href":"https:\/\/elfsight.com\/es\/wp-json\/wp\/v2\/pages\/6810","targetHints":{"allow":["GET"]}}],"collection":[{"href":"https:\/\/elfsight.com\/es\/wp-json\/wp\/v2\/pages"}],"about":[{"href":"https:\/\/elfsight.com\/es\/wp-json\/wp\/v2\/types\/page"}],"author":[{"embeddable":true,"href":"https:\/\/elfsight.com\/es\/wp-json\/wp\/v2\/users\/9"}],"replies":[{"embeddable":true,"href":"https:\/\/elfsight.com\/es\/wp-json\/wp\/v2\/comments?post=6810"}],"version-history":[{"count":2,"href":"https:\/\/elfsight.com\/es\/wp-json\/wp\/v2\/pages\/6810\/revisions"}],"predecessor-version":[{"id":19057,"href":"https:\/\/elfsight.com\/es\/wp-json\/wp\/v2\/pages\/6810\/revisions\/19057"}],"up":[{"embeddable":true,"href":"https:\/\/elfsight.com\/es\/wp-json\/wp\/v2\/pages\/1556"}],"wp:attachment":[{"href":"https:\/\/elfsight.com\/es\/wp-json\/wp\/v2\/media?parent=6810"}],"curies":[{"name":"wp","href":"https:\/\/api.w.org\/{rel}","templated":true}]}}