{"id":6805,"date":"1970-01-01T00:00:00","date_gmt":"1970-01-01T00:00:00","guid":{"rendered":"https:\/\/elfsight.com\/es\/?page_id=6805"},"modified":"2025-02-06T16:01:53","modified_gmt":"2025-02-06T16:01:53","slug":"google-sites","status":"publish","type":"page","link":"https:\/\/elfsight.com\/es\/vimeo-video-gallery-widget\/google-sites\/","title":{"rendered":"Vimeo Gallery &#8211; Google Sites"},"content":{"rendered":"<div class=\"application-platform-content-item-description application-platform-content-item\" id=\"description\" data-nav-section=\"description\"> <h2>Integrar Vimeo Gallery en Google Sites con el widget de Elfsight<\/h2> <p>Elfsight Vimeo Gallery para Google Sites es un instrumento sencillo para todos los que necesitan mostrar v\u00eddeos de Vimeo en el sitio. Puede recopilar listas de reproducci\u00f3n, integrar un canal completo, elegir el contenido de video m\u00e1s atractivo para su galer\u00eda de videos y m\u00e1s. El widget Elfsight ofrece m\u00faltiples configuraciones de dise\u00f1o que ayudan a que la interfaz sea adecuada para diferentes casos. Tres dise\u00f1os colocar\u00e1n los videos de la mejor manera, una selecci\u00f3n de modos de reproducci\u00f3n har\u00e1 que ver videos sea \u00fatil en cualquier caso de uso. Gracias al encabezado personalizable, es f\u00e1cil anunciar tu canal y conseguir nuevos seguidores. Elfsight Vimeo Gallery es una forma eficaz no s\u00f3lo de aumentar la participaci\u00f3n, sino tambi\u00e9n de promocionar su negocio. <\/p> <p><b>\u00a1Con Vimeo Gallery, inicie un desarrollo empresarial activo y m\u00e1s ventas!<\/b><\/p> <\/div> <div class=\"application-platform-content-item-features application-platform-content-item\" id=\"features\" data-nav-section=\"features\"> <h2>Estas son solo algunas de las diversas funciones del widget: <\/h2> <ul><li>Varios dise\u00f1os listos para usar para varios ritmos de videos: cuadr\u00edcula, lista de reproducci\u00f3n, control deslizante; <\/li><li>Siete componentes intercambiables del encabezado: nombre, estad\u00edsticas, descripci\u00f3n, bot\u00f3n de seguimiento, imagen de perfil; <\/li><li>4 modos de reproducci\u00f3n listos para usar: emergente, reproductor, en l\u00ednea o en Vimeo; <\/li><li>3 acciones una vez finalizado el v\u00eddeo: reproducir a continuaci\u00f3n, reproducir, ninguna; <\/li><\/ul><p><a href=\"#demo\">Puedes probar la funcionalidad completa del widget en la demostraci\u00f3n <\/a><\/p> <\/div> <div class=\"application-platform-content-item-installation application-platform-content-item\" id=\"installation\" data-nav-section=\"installation\"> <h2>\u00bfC\u00f3mo incorporo Vimeo Gallery en mi sitio web de Google Sites? <\/h2><div class=\"video-container\"><iframe width=\"720\" height=\"405\" src=\"https:\/\/www.youtube.com\/embed\/yHg-hu0jVFE\"><\/iframe><\/div><p>Simplemente siga los pasos que se describen a continuaci\u00f3n para integrar la herramienta. <\/p> <ol><li><b>Administra nuestro editor gratuito y comienza a darle forma a tu complemento personalizado. <\/b><br> Elija la apariencia y las caracter\u00edsticas preferidas del widget y guarde las modificaciones. <\/li> <li><b>Adquiera su c\u00f3digo \u00fanico que aparece en el cuadro de Elfsight Apps. <\/b><br> Inmediatamente despu\u00e9s de finalizar la generaci\u00f3n de su widget personal, copie el c\u00f3digo exclusivo en la ventana emergente que aparece y gu\u00e1rdelo para usarlo en el futuro. <\/li> <li><b>Comience a utilizar el widget en su p\u00e1gina web de Google Sites. <\/b><br>Coloque el c\u00f3digo guardado recientemente en su p\u00e1gina y guarde las modificaciones. <\/li> <li><b>\u00a1Ya terminaste! La integraci\u00f3n se realiza con \u00e9xito. <\/b><br> Vaya a su p\u00e1gina web para inspeccionar el rendimiento del complemento. <\/li><\/ol> <div class=\"tip-yellow tip\"><b>Debido a las peculiaridades del trabajo de Google Sites, el widget puede tener un aspecto diferente al de la demostraci\u00f3n en l\u00ednea. Nos disculpamos por cualquier inconveniente causado.<\/b><\/div><p>En caso de que desaf\u00ede algunos obst\u00e1culos, no dude en apelar a nuestro personal de soporte. Nuestros especialistas estar\u00e1n encantados de ayudarle con todos los problemas que pueda tener con la herramienta. <\/p> <div class=\"faq\" data-component=\"FAQ\"><div class=\"faq-item\">\r\n\t\t\t\t\t<div class=\"faq-item-question\">\r\n\t\t\t\t\t\t<h3 class=\"faq-item-question-text\">\u00bfC\u00f3mo puedo incrustar un widget de la Galer\u00eda Vimeo en mi p\u00e1gina de Google Sites sin conocimientos de codificaci\u00f3n?<\/h3>\r\n\r\n\t\t\t\t\t\t<div class=\"faq-item-question-icon\"><\/div>\r\n\t\t\t\t\t<\/div>\r\n\r\n\t\t\t\t\t<div class=\"faq-item-answer\">\r\n\t\t\t\t\t\t<div class=\"faq-item-answer-text\"><p>Elfsight ofrece una soluci\u00f3n basada en la nube que permite a los usuarios incrustar un widget de la Galer\u00eda Vimeo por su cuenta. Vea lo sencillo que es el proceso:<\/p><ul><li>Acceda al editor en l\u00ednea para generar una secci\u00f3n del widget de la Galer\u00eda Vimeo que desee integrar en su p\u00e1gina de Google Sites.<\/li><li>Elija una de nuestras plantillas predise\u00f1adas y personalice la configuraci\u00f3n del widget de la Galer\u00eda de Vimeo, modifique el dise\u00f1o y la combinaci\u00f3n de colores, incluya su contenido sin necesidad de codificaci\u00f3n.<\/li><li>Guarde los ajustes que ha configurado para el widget de la Galer\u00eda de Vimeo y obtenga el c\u00f3digo del widget para incrustarlo, que puede agregarse f\u00e1cilmente a su p\u00e1gina de Google Sites sin costo alguno.<\/li><\/ul><p>Al trabajar en el Editor f\u00e1cil de usar, cualquier usuario de Internet puede crear una secci\u00f3n de widget de la Galer\u00eda de Vimeo e incrustarla en su p\u00e1gina de Google Sites. No es necesario realizar ning\u00fan pago ni revelar la informaci\u00f3n de su tarjeta para acceder al Editor de Elfsight. Si encuentra alguna dificultad en cualquier etapa, no dude en comunicarse con nuestro servicio de atenci\u00f3n al cliente.<\/p><\/div>\r\n\t\t\t\t\t<\/div>\r\n\t\t\t\t<\/div><\/div><\/div>","protected":false},"excerpt":{"rendered":"","protected":false},"author":9,"featured_media":0,"parent":1556,"menu_order":0,"comment_status":"closed","ping_status":"closed","template":"templates\/template-application-platform.php","meta":{"publish_to_discourse":"","publish_post_category":"","wpdc_auto_publish_overridden":"","wpdc_topic_tags":"","wpdc_pin_topic":"","wpdc_pin_until":"","discourse_post_id":"","discourse_permalink":"","wpdc_publishing_response":"","wpdc_publishing_error":"","footnotes":""},"class_list":["post-6805","page","type-page","status-publish","hentry"],"yoast_head":"<!-- This site is optimized with the Yoast SEO plugin v25.3.1 - https:\/\/yoast.com\/wordpress\/plugins\/seo\/ -->\n<title>Galer\u00eda Vimeo: agregue un widget de video a Google Sites con unos pocos clics (2025)<\/title>\n<meta name=\"description\" content=\"Implemente un complemento responsivo de Vimeo Gallery en su sitio web de Google Sites y consiga plena confianza. Utilice la pr\u00e1ctica demostraci\u00f3n de Elfsight para crear su caracter\u00edstica \u00fanica.\" \/>\n<meta name=\"robots\" content=\"index, follow, max-snippet:-1, max-image-preview:large, max-video-preview:-1\" \/>\n<link rel=\"canonical\" href=\"https:\/\/elfsight.com\/es\/vimeo-video-gallery-widget\/google-sites\/\" \/>\n<meta property=\"og:locale\" content=\"es_ES\" \/>\n<meta property=\"og:type\" content=\"article\" \/>\n<meta property=\"og:title\" content=\"Galer\u00eda Vimeo: agregue un widget de video a Google Sites con unos pocos clics (2025)\" \/>\n<meta property=\"og:description\" content=\"Implemente un complemento responsivo de Vimeo Gallery en su sitio web de Google Sites y consiga plena confianza. Utilice la pr\u00e1ctica demostraci\u00f3n de Elfsight para crear su caracter\u00edstica \u00fanica.\" \/>\n<meta property=\"og:url\" content=\"https:\/\/elfsight.com\/es\/vimeo-video-gallery-widget\/google-sites\/\" \/>\n<meta property=\"og:site_name\" content=\"Elfsight ES\" \/>\n<meta property=\"article:modified_time\" content=\"2025-02-06T16:01:53+00:00\" \/>\n<meta name=\"twitter:card\" content=\"summary_large_image\" \/>\n<meta name=\"twitter:label1\" content=\"Tiempo de lectura\" \/>\n\t<meta name=\"twitter:data1\" content=\"4 minutos\" \/>\n<!-- \/ Yoast SEO plugin. -->","yoast_head_json":{"title":"Galer\u00eda Vimeo: agregue un widget de video a Google Sites con unos pocos clics (2025)","description":"Implemente un complemento responsivo de Vimeo Gallery en su sitio web de Google Sites y consiga plena confianza. Utilice la pr\u00e1ctica demostraci\u00f3n de Elfsight para crear su caracter\u00edstica \u00fanica.","robots":{"index":"index","follow":"follow","max-snippet":"max-snippet:-1","max-image-preview":"max-image-preview:large","max-video-preview":"max-video-preview:-1"},"canonical":"https:\/\/elfsight.com\/es\/vimeo-video-gallery-widget\/google-sites\/","og_locale":"es_ES","og_type":"article","og_title":"Galer\u00eda Vimeo: agregue un widget de video a Google Sites con unos pocos clics (2025)","og_description":"Implemente un complemento responsivo de Vimeo Gallery en su sitio web de Google Sites y consiga plena confianza. Utilice la pr\u00e1ctica demostraci\u00f3n de Elfsight para crear su caracter\u00edstica \u00fanica.","og_url":"https:\/\/elfsight.com\/es\/vimeo-video-gallery-widget\/google-sites\/","og_site_name":"Elfsight ES","article_modified_time":"2025-02-06T16:01:53+00:00","twitter_card":"summary_large_image","twitter_misc":{"Tiempo de lectura":"4 minutos"},"schema":{"@context":"https:\/\/schema.org","@graph":[{"@type":"WebPage","@id":"https:\/\/elfsight.com\/es\/vimeo-video-gallery-widget\/google-sites\/","url":"https:\/\/elfsight.com\/es\/vimeo-video-gallery-widget\/google-sites\/","name":"Galer\u00eda Vimeo: agregue un widget de video a Google Sites con unos pocos clics (2025)","isPartOf":{"@id":"https:\/\/elfsight.com\/es\/#website"},"datePublished":"1970-01-01T00:00:00+00:00","dateModified":"2025-02-06T16:01:53+00:00","description":"Implemente un complemento responsivo de Vimeo Gallery en su sitio web de Google Sites y consiga plena confianza. Utilice la pr\u00e1ctica demostraci\u00f3n de Elfsight para crear su caracter\u00edstica \u00fanica.","breadcrumb":{"@id":"https:\/\/elfsight.com\/es\/vimeo-video-gallery-widget\/google-sites\/#breadcrumb"},"inLanguage":"es","potentialAction":[{"@type":"ReadAction","target":["https:\/\/elfsight.com\/es\/vimeo-video-gallery-widget\/google-sites\/"]}]},{"@type":"BreadcrumbList","@id":"https:\/\/elfsight.com\/es\/vimeo-video-gallery-widget\/google-sites\/#breadcrumb","itemListElement":[{"@type":"ListItem","position":1,"name":"Home","item":"https:\/\/elfsight.com\/es\/"},{"@type":"ListItem","position":2,"name":"Vimeo Gallery","item":"https:\/\/elfsight.com\/es\/vimeo-video-gallery-widget\/"},{"@type":"ListItem","position":3,"name":"Vimeo Gallery &#8211; Google Sites"}]},{"@type":"WebSite","@id":"https:\/\/elfsight.com\/es\/#website","url":"https:\/\/elfsight.com\/es\/","name":"Elfsight ES","description":"Just another Elfsight Sites site","potentialAction":[{"@type":"SearchAction","target":{"@type":"EntryPoint","urlTemplate":"https:\/\/elfsight.com\/es\/?s={search_term_string}"},"query-input":{"@type":"PropertyValueSpecification","valueRequired":true,"valueName":"search_term_string"}}],"inLanguage":"es"}]}},"meta_box":{"industry":"","seo_heading":"","heading":"","description":"","cta_heading":"","cta_description":"","application":"1555","h1":"Widget de la galer\u00eda de Vimeo de Google Sites","h1_caption":"Incruste una galer\u00eda de videos de Vimeo, ofreciendo una manera perfecta de presentar su contenido de video en sus sitios de Google sin esfuerzo.","application_category":[],"applications_title":"","applications_request_title":"","applications_request_button_text":"","hero_text":"","hero_video":"","hero_video_schema_markup":"","selling_points_title":"","selling_points_caption":"","selling_points":[],"selling_points_cta_text":"","features_title":"","features":"","ed_cta_examples_text":"","ed_cta_examples_hidden":"","ed_cta_demo_text":"","ed_cta_demo_hidden":"","why_caption":"","why_editor_title":"","why_editor_text":"","why_team_title":"","why_team_text":"","why_service_title":"","why_service_text":"","template_catalog_visible":"","template_catalog_title":"","template_catalog_text":"","template_catalog_categories_visible":"","demo_title":"Crea tu widget de Galer\u00eda Vimeo","demo_caption":"\u00a1Configure su Galer\u00eda Vimeo y agr\u00e9guela a su sitio web de Google Sites gratis!","default_faq_hidden":"","app_template_category":[],"platform":"67","template_public_id":"","codecanyon_url":"","codecanyon_item_id":"","codecanyon_price":"","pricing_caption":"","pricing_elfsight_apps_hide_column":"","pricing_elfsight_apps_url":"","pricing_codecanyon_price_caption":"","integration_category":[],"integration_request_title":"","integration_request_cta":"","integration_platform":"","integrations":[],"platform_category":[],"video_schema_markup":"","price":"desde $0 \/ mes","trial":"","benefits":[{"text":"Ayuda de instalaci\u00f3n gratuita"},{"text":"Servicio al cliente competente"},{"text":"Garant\u00eda de devoluci\u00f3n de dinero de 14 d\u00edas"},{"text":"Actualizando constantemente"}],"button_url":"#demo","button_target_blank":"","button_nofollow":"","attributes":[{"name":"Instalaciones","content":"10,000 - 100,000"},{"name":"Sensible","content":"Dise\u00f1o adaptativo"},{"name":"Navegadores compatibles","content":"Opera, Edge, Safari, Chrome, Firefox"}],"tags":[],"tags_disable_links":"","hide_more_platforms":"","video_object":"","demo_hide_cta":"","demo_hide_cloud_options":"","pricing_title":"","pricing":[{"pricing_icon":"platform","pricing_title":"Elfsight Apps","pricing_title_caption":"Soluci\u00f3n digital multiplataforma","pricing_price":"desde $0 \/ mes","pricing_price_caption":"comienza con el plan gratuito","pricing_benefits":[{"text":"Dominios ilimitados"},{"text":"Atenci\u00f3n al cliente dedicada"},{"text":"Asistencia de instalaci\u00f3n gratuita"},{"text":"Oferta especial para m\u00faltiples aplicaciones."}],"pricing_button_text":"A\u00f1adir al sitio web","pricing_button_url":"#demo"}],"related_apps_title":"","related_apps_hidden":"","author":"","image":[],"title":"","job":"","social_networks":[]},"_links":{"self":[{"href":"https:\/\/elfsight.com\/es\/wp-json\/wp\/v2\/pages\/6805","targetHints":{"allow":["GET"]}}],"collection":[{"href":"https:\/\/elfsight.com\/es\/wp-json\/wp\/v2\/pages"}],"about":[{"href":"https:\/\/elfsight.com\/es\/wp-json\/wp\/v2\/types\/page"}],"author":[{"embeddable":true,"href":"https:\/\/elfsight.com\/es\/wp-json\/wp\/v2\/users\/9"}],"replies":[{"embeddable":true,"href":"https:\/\/elfsight.com\/es\/wp-json\/wp\/v2\/comments?post=6805"}],"version-history":[{"count":2,"href":"https:\/\/elfsight.com\/es\/wp-json\/wp\/v2\/pages\/6805\/revisions"}],"predecessor-version":[{"id":19058,"href":"https:\/\/elfsight.com\/es\/wp-json\/wp\/v2\/pages\/6805\/revisions\/19058"}],"up":[{"embeddable":true,"href":"https:\/\/elfsight.com\/es\/wp-json\/wp\/v2\/pages\/1556"}],"wp:attachment":[{"href":"https:\/\/elfsight.com\/es\/wp-json\/wp\/v2\/media?parent=6805"}],"curies":[{"name":"wp","href":"https:\/\/api.w.org\/{rel}","templated":true}]}}