{"id":6804,"date":"1970-01-01T00:00:00","date_gmt":"1970-01-01T00:00:00","guid":{"rendered":"https:\/\/elfsight.com\/es\/?page_id=6804"},"modified":"2025-02-06T16:02:01","modified_gmt":"2025-02-06T16:02:01","slug":"godaddy","status":"publish","type":"page","link":"https:\/\/elfsight.com\/es\/vimeo-video-gallery-widget\/godaddy\/","title":{"rendered":"Vimeo Gallery &#8211; GoDaddy"},"content":{"rendered":"<div class=\"application-platform-content-item-description application-platform-content-item\" id=\"description\" data-nav-section=\"description\"> <h2>Incrustar Vimeo Gallery en GoDaddy con el widget Elfsight<\/h2> <p>Elfsight Vimeo Gallery es un complemento simple para los propietarios de sitios web de GoDaddy que est\u00e9n dispuestos a integrar videos de Vimeo en el sitio web. Puede recopilar listas de reproducci\u00f3n, mostrar canales, seleccionar el contenido de video m\u00e1s atractivo para su galer\u00eda de videos y m\u00e1s. Elfsight Vimeo Gallery ofrece pr\u00e1cticas configuraciones de dise\u00f1o, que ayudan a crear la interfaz para diversos casos. Tres dise\u00f1os colocar\u00e1n el contenido de la mejor manera, m\u00faltiples modos de reproducci\u00f3n hacen que ver tus videos sea c\u00f3modo en cualquier caso de uso. Con la ayuda del encabezado flexible es f\u00e1cil, introduce tu cuenta de Vimeo y consigue nuevos suscriptores. Elfsight Vimeo Gallery ser\u00e1 una forma eficaz no s\u00f3lo de impulsar la participaci\u00f3n, sino tambi\u00e9n de hacer crecer su negocio. <\/p> <p><b><\/b><\/p> <\/div> <div class=\"application-platform-content-item-features application-platform-content-item\" id=\"features\" data-nav-section=\"features\"> <h2>Encuentre las siguientes caracter\u00edsticas clave del complemento: <\/h2> <ul><li>Agregar dise\u00f1os para varias formas de organizaci\u00f3n de videos: cuadr\u00edcula, lista de reproducci\u00f3n, control deslizante; <\/li><li>Siete componentes controlados del encabezado: nombre, estad\u00edsticas, descripci\u00f3n, bot\u00f3n de seguir, foto de perfil; <\/li><li>Cuatro modos de reproducci\u00f3n incorporados: emergente, reproductor, en l\u00ednea o en Vimeo; <\/li><li>Tres escenarios una vez finalizado el v\u00eddeo: reproducir a continuaci\u00f3n, reproducir, ninguno; <\/li><\/ul><p><a href=\"#demo\">Puedes probar si el complemento es para ti probando la demostraci\u00f3n<\/a><\/p> <\/div> <div class=\"application-platform-content-item-installation application-platform-content-item\" id=\"installation\" data-nav-section=\"installation\"> <h2>\u00bfC\u00f3mo inserto Vimeo Gallery en mi sitio web de GoDaddy? <\/h2> <p>Simplemente siga las pautas a continuaci\u00f3n para insertar el complemento. <\/p> <ol><li><b>Utilice nuestro configurador gratuito y comience a crear su complemento exclusivo. <\/b><br> Elija el formulario personalizado y los aspectos del complemento y guarde las correcciones. <\/li> <li><b>Reciba el c\u00f3digo personal que aparece en el cuadro de Elfsight Apps. <\/b><br> Inmediatamente despu\u00e9s de realizar la configuraci\u00f3n de su complemento personal, copie el c\u00f3digo exclusivo de la ventana que aparece y gu\u00e1rdelo para usarlo en el futuro. <\/li> <li><b>Comience a usar el complemento en el sitio de GoDaddy. <\/b><br>Integre el c\u00f3digo guardado anteriormente en su p\u00e1gina de inicio y aplique las modificaciones. <\/li> <li><b>La instalaci\u00f3n ha finalizado por completo. <\/b><br> Vaya a su sitio para ver c\u00f3mo se ejecuta el complemento. <\/li><\/ol> <p>En caso de afrontar consultas o enfrentar cualquier dificultad, no dude en ponerse en contacto con nuestro personal de soporte. Nuestros consultores est\u00e1n deseando ayudarle con todas las dificultades que pueda tener con el complemento. <\/p> <div class=\"faq\" data-component=\"FAQ\"><div class=\"faq-item\">\r\n\t\t\t\t\t<div class=\"faq-item-question\">\r\n\t\t\t\t\t\t<h3 class=\"faq-item-question-text\">\u00bfC\u00f3mo puedo insertar el complemento GoDaddy Vimeo Gallery en mi sitio web sin conocimientos de codificaci\u00f3n?<\/h3>\r\n\r\n\t\t\t\t\t\t<div class=\"faq-item-question-icon\"><\/div>\r\n\t\t\t\t\t<\/div>\r\n\r\n\t\t\t\t\t<div class=\"faq-item-answer\">\r\n\t\t\t\t\t\t<div class=\"faq-item-answer-text\"><p>Elfsight proporciona una soluci\u00f3n basada en la nube que permite a los usuarios crear un complemento GoDaddy Vimeo Gallery por su cuenta. Observe lo simple que puede ser el proceso:<\/p><ul><li>Acceda al Editor en l\u00ednea para generar una secci\u00f3n del complemento GoDaddy Vimeo Gallery que desee integrar en su sitio web.<\/li><li>Seleccione una de nuestras plantillas predise\u00f1adas y personalice la configuraci\u00f3n del complemento GoDaddy Vimeo Gallery, modifique el dise\u00f1o y la combinaci\u00f3n de colores, incluya su contenido sin necesidad de codificaci\u00f3n.<\/li><li>Conserve las configuraciones que configur\u00f3 para el complemento GoDaddy Vimeo Gallery y obtenga el c\u00f3digo para incrustaci\u00f3n, que se puede insertar f\u00e1cilmente en su sitio web sin costo alguno.<\/li><\/ul><p>Al trabajar en el editor f\u00e1cil de usar, cualquier usuario de Internet puede crear una secci\u00f3n de complemento de GoDaddy Vimeo Gallery e incrustarla en su sitio web. No es necesario realizar ning\u00fan pago ni revelar la informaci\u00f3n de su tarjeta para acceder al Editor de Elfsight. Si encuentra alguna dificultad en cualquier etapa, no dude en comunicarse con nuestro servicio de atenci\u00f3n al cliente.<\/p><\/div>\r\n\t\t\t\t\t<\/div>\r\n\t\t\t\t<\/div><\/div><\/div>","protected":false},"excerpt":{"rendered":"","protected":false},"author":9,"featured_media":0,"parent":1556,"menu_order":0,"comment_status":"closed","ping_status":"closed","template":"templates\/template-application-platform.php","meta":{"publish_to_discourse":"","publish_post_category":"","wpdc_auto_publish_overridden":"","wpdc_topic_tags":"","wpdc_pin_topic":"","wpdc_pin_until":"","discourse_post_id":"","discourse_permalink":"","wpdc_publishing_response":"","wpdc_publishing_error":"","footnotes":""},"class_list":["post-6804","page","type-page","status-publish","hentry"],"yoast_head":"<!-- This site is optimized with the Yoast SEO plugin v25.3.1 - https:\/\/yoast.com\/wordpress\/plugins\/seo\/ -->\n<title>Vimeo Gallery - \u00a1Agregue el complemento Vimeo Gallery al sitio web de GoDaddy!<\/title>\n<meta name=\"description\" content=\"Es absolutamente sencillo crear el complemento de la Galer\u00eda Vimeo y agregarlo a su sitio GoDaddy. La atenci\u00f3n al cliente de Elfsight es gratuita.\" \/>\n<meta name=\"robots\" content=\"index, follow, max-snippet:-1, max-image-preview:large, max-video-preview:-1\" \/>\n<link rel=\"canonical\" href=\"https:\/\/elfsight.com\/es\/vimeo-video-gallery-widget\/godaddy\/\" \/>\n<meta property=\"og:locale\" content=\"es_ES\" \/>\n<meta property=\"og:type\" content=\"article\" \/>\n<meta property=\"og:title\" content=\"Vimeo Gallery - \u00a1Agregue el complemento Vimeo Gallery al sitio web de GoDaddy!\" \/>\n<meta property=\"og:description\" content=\"Es absolutamente sencillo crear el complemento de la Galer\u00eda Vimeo y agregarlo a su sitio GoDaddy. La atenci\u00f3n al cliente de Elfsight es gratuita.\" \/>\n<meta property=\"og:url\" content=\"https:\/\/elfsight.com\/es\/vimeo-video-gallery-widget\/godaddy\/\" \/>\n<meta property=\"og:site_name\" content=\"Elfsight ES\" \/>\n<meta property=\"article:modified_time\" content=\"2025-02-06T16:02:01+00:00\" \/>\n<meta name=\"twitter:card\" content=\"summary_large_image\" \/>\n<meta name=\"twitter:label1\" content=\"Tiempo de lectura\" \/>\n\t<meta name=\"twitter:data1\" content=\"3 minutos\" \/>\n<!-- \/ Yoast SEO plugin. -->","yoast_head_json":{"title":"Vimeo Gallery - \u00a1Agregue el complemento Vimeo Gallery al sitio web de GoDaddy!","description":"Es absolutamente sencillo crear el complemento de la Galer\u00eda Vimeo y agregarlo a su sitio GoDaddy. La atenci\u00f3n al cliente de Elfsight es gratuita.","robots":{"index":"index","follow":"follow","max-snippet":"max-snippet:-1","max-image-preview":"max-image-preview:large","max-video-preview":"max-video-preview:-1"},"canonical":"https:\/\/elfsight.com\/es\/vimeo-video-gallery-widget\/godaddy\/","og_locale":"es_ES","og_type":"article","og_title":"Vimeo Gallery - \u00a1Agregue el complemento Vimeo Gallery al sitio web de GoDaddy!","og_description":"Es absolutamente sencillo crear el complemento de la Galer\u00eda Vimeo y agregarlo a su sitio GoDaddy. La atenci\u00f3n al cliente de Elfsight es gratuita.","og_url":"https:\/\/elfsight.com\/es\/vimeo-video-gallery-widget\/godaddy\/","og_site_name":"Elfsight ES","article_modified_time":"2025-02-06T16:02:01+00:00","twitter_card":"summary_large_image","twitter_misc":{"Tiempo de lectura":"3 minutos"},"schema":{"@context":"https:\/\/schema.org","@graph":[{"@type":"WebPage","@id":"https:\/\/elfsight.com\/es\/vimeo-video-gallery-widget\/godaddy\/","url":"https:\/\/elfsight.com\/es\/vimeo-video-gallery-widget\/godaddy\/","name":"Vimeo Gallery - \u00a1Agregue el complemento Vimeo Gallery al sitio web de GoDaddy!","isPartOf":{"@id":"https:\/\/elfsight.com\/es\/#website"},"datePublished":"1970-01-01T00:00:00+00:00","dateModified":"2025-02-06T16:02:01+00:00","description":"Es absolutamente sencillo crear el complemento de la Galer\u00eda Vimeo y agregarlo a su sitio GoDaddy. La atenci\u00f3n al cliente de Elfsight es gratuita.","breadcrumb":{"@id":"https:\/\/elfsight.com\/es\/vimeo-video-gallery-widget\/godaddy\/#breadcrumb"},"inLanguage":"es","potentialAction":[{"@type":"ReadAction","target":["https:\/\/elfsight.com\/es\/vimeo-video-gallery-widget\/godaddy\/"]}]},{"@type":"BreadcrumbList","@id":"https:\/\/elfsight.com\/es\/vimeo-video-gallery-widget\/godaddy\/#breadcrumb","itemListElement":[{"@type":"ListItem","position":1,"name":"Home","item":"https:\/\/elfsight.com\/es\/"},{"@type":"ListItem","position":2,"name":"Vimeo Gallery","item":"https:\/\/elfsight.com\/es\/vimeo-video-gallery-widget\/"},{"@type":"ListItem","position":3,"name":"Vimeo Gallery &#8211; GoDaddy"}]},{"@type":"WebSite","@id":"https:\/\/elfsight.com\/es\/#website","url":"https:\/\/elfsight.com\/es\/","name":"Elfsight ES","description":"Just another Elfsight Sites site","potentialAction":[{"@type":"SearchAction","target":{"@type":"EntryPoint","urlTemplate":"https:\/\/elfsight.com\/es\/?s={search_term_string}"},"query-input":{"@type":"PropertyValueSpecification","valueRequired":true,"valueName":"search_term_string"}}],"inLanguage":"es"}]}},"meta_box":{"industry":"","seo_heading":"","heading":"","description":"","cta_heading":"","cta_description":"","application":"1555","h1":"Complemento de la galer\u00eda GoDaddy Vimeo","h1_caption":"Incruste una galer\u00eda de videos de Vimeo, ofreciendo una manera perfecta de presentar su contenido de video en su sitio web de GoDaddy sin esfuerzo.","application_category":[],"applications_title":"","applications_request_title":"","applications_request_button_text":"","hero_text":"","hero_video":"","hero_video_schema_markup":"","selling_points_title":"","selling_points_caption":"","selling_points":[],"selling_points_cta_text":"","features_title":"","features":"","ed_cta_examples_text":"","ed_cta_examples_hidden":"","ed_cta_demo_text":"","ed_cta_demo_hidden":"","why_caption":"","why_editor_title":"","why_editor_text":"","why_team_title":"","why_team_text":"","why_service_title":"","why_service_text":"","template_catalog_visible":"","template_catalog_title":"","template_catalog_text":"","template_catalog_categories_visible":"","demo_title":"Crea tu complemento de la Galer\u00eda Vimeo","demo_caption":"\u00a1Configura tu Galer\u00eda Vimeo y agr\u00e9gala a tu sitio web de GoDaddy gratis!","default_faq_hidden":"","app_template_category":[],"platform":"2183","template_public_id":"","codecanyon_url":"","codecanyon_item_id":"","codecanyon_price":"","pricing_caption":"","pricing_elfsight_apps_hide_column":"","pricing_elfsight_apps_url":"","pricing_codecanyon_price_caption":"","integration_category":[],"integration_request_title":"","integration_request_cta":"","integration_platform":"","integrations":[],"platform_category":[],"video_schema_markup":"","price":"desde $0 \/ mes","trial":"","benefits":[{"text":"Ayuda de instalaci\u00f3n gratuita"},{"text":"Servicio al cliente eficaz"},{"text":"Garant\u00eda de devoluci\u00f3n de dinero de 14 d\u00edas"},{"text":"Desarrollo continuo"}],"button_url":"#demo","button_target_blank":"","button_nofollow":"","attributes":[{"name":"Instalaciones","content":"10,000 - 100,000"},{"name":"Sensible","content":"S\u00ed"},{"name":"Navegadores compatibles","content":"IE11, Firefox, Safari, Opera, Chrome, Edge"}],"tags":[],"tags_disable_links":"","hide_more_platforms":"","video_object":"","demo_hide_cta":"","demo_hide_cloud_options":"","pricing_title":"","pricing":[{"pricing_icon":"platform","pricing_title":"Elfsight Apps","pricing_title_caption":"Software multiplataforma que se adapta a cualquier sitio","pricing_price":"desde $0 \/ mes","pricing_price_caption":"comienza con el plan gratuito","pricing_benefits":[{"text":"Sitios web ilimitados"},{"text":"Soporte gratuito de la empresa y bien documentado."},{"text":"Ayuda de instalaci\u00f3n gratuita"},{"text":"Dise\u00f1o flexible"}],"pricing_button_text":"A\u00f1adir al sitio web","pricing_button_url":"#demo"}],"related_apps_title":"","related_apps_hidden":"","author":"","image":[],"title":"","job":"","social_networks":[]},"_links":{"self":[{"href":"https:\/\/elfsight.com\/es\/wp-json\/wp\/v2\/pages\/6804","targetHints":{"allow":["GET"]}}],"collection":[{"href":"https:\/\/elfsight.com\/es\/wp-json\/wp\/v2\/pages"}],"about":[{"href":"https:\/\/elfsight.com\/es\/wp-json\/wp\/v2\/types\/page"}],"author":[{"embeddable":true,"href":"https:\/\/elfsight.com\/es\/wp-json\/wp\/v2\/users\/9"}],"replies":[{"embeddable":true,"href":"https:\/\/elfsight.com\/es\/wp-json\/wp\/v2\/comments?post=6804"}],"version-history":[{"count":2,"href":"https:\/\/elfsight.com\/es\/wp-json\/wp\/v2\/pages\/6804\/revisions"}],"predecessor-version":[{"id":19059,"href":"https:\/\/elfsight.com\/es\/wp-json\/wp\/v2\/pages\/6804\/revisions\/19059"}],"up":[{"embeddable":true,"href":"https:\/\/elfsight.com\/es\/wp-json\/wp\/v2\/pages\/1556"}],"wp:attachment":[{"href":"https:\/\/elfsight.com\/es\/wp-json\/wp\/v2\/media?parent=6804"}],"curies":[{"name":"wp","href":"https:\/\/api.w.org\/{rel}","templated":true}]}}