{"id":6803,"date":"1970-01-01T00:00:00","date_gmt":"1970-01-01T00:00:00","guid":{"rendered":"https:\/\/elfsight.com\/es\/?page_id=6803"},"modified":"2025-02-06T16:02:01","modified_gmt":"2025-02-06T16:02:01","slug":"facebook","status":"publish","type":"page","link":"https:\/\/elfsight.com\/es\/vimeo-video-gallery-widget\/facebook\/","title":{"rendered":"Vimeo Gallery &#8211; Facebook Page"},"content":{"rendered":"<div class=\"application-platform-content-item-description application-platform-content-item\" id=\"description\" data-nav-section=\"description\"><h2>Descripci\u00f3n<\/h2><p>Elfsight Vimeo Gallery es una herramienta sencilla para aquellos que est\u00e1n dispuestos a integrar v\u00eddeos en la p\u00e1gina. Puede crear listas de reproducci\u00f3n, mostrar canales, seleccionar el contenido de video m\u00e1s atractivo para su galer\u00eda y m\u00e1s. El widget Elfsight Vimeo ofrece pr\u00e1cticas configuraciones de dise\u00f1o que ayudan a crear la interfaz para varios casos. Tres dise\u00f1os colocar\u00e1n el contenido de la mejor manera, m\u00faltiples modos de reproducci\u00f3n hacen que ver tus videos sea c\u00f3modo en cualquier caso de uso. Con la ayuda del encabezado flexible es f\u00e1cil, introduce tu cuenta de Vimeo y consigue nuevos suscriptores. La Galer\u00eda de v\u00eddeos de Elfsight ser\u00e1 una forma eficaz no s\u00f3lo de impulsar la participaci\u00f3n, sino tambi\u00e9n de hacer crecer su negocio. <\/p><p><b>\u00a1Muestre videos y canales de Vimeo en su sitio, con facilidad!<\/b><\/p><\/div><div class=\"application-platform-content-item-features application-platform-content-item\" id=\"features\" data-nav-section=\"features\"><h2>Caracter\u00edsticas<\/h2><p>Para comprender completamente el widget, consulte la lista de caracter\u00edsticas principales. Hacen que el widget sea incre\u00edblemente eficiente para usted: <\/p><ul><li>La opci\u00f3n de incrustar ciertos dise\u00f1os para diversas formas de organizaci\u00f3n de videos: cuadr\u00edcula, lista de reproducci\u00f3n, control deslizante;<\/li><li>7 detalles del encabezado del widget: nombre, estad\u00edsticas, descripci\u00f3n, bot\u00f3n de seguimiento, \u00edcono de perfil;<\/li><li>Cuatro modos de reproducci\u00f3n listos para usar: ventana emergente, reproductor, en l\u00ednea o en Vimeo;<\/li><li>Tres variantes despu\u00e9s de que termina el video: reproducir a continuaci\u00f3n, reproducir, none.<\/li><\/ul><p><a href=\"#demo\">Ver m\u00e1s funciones en una demostraci\u00f3n en vivo<\/a><\/p><\/div> <div class=\"application-platform-content-item-installation application-platform-content-item\" id=\"installation\" data-nav-section=\"installation\"><h2>C\u00f3mo insertar video de Vimeo en la p\u00e1gina de Facebook<\/h2><p>Estos varios pasos son lo \u00fanico que debe hacer para integrar el widget. <\/p><ul><li><b>Crea tu galer\u00eda Vimeo personal<\/b><br>Con la ayuda de nuestro configurador gratuito, crea un widget con un dise\u00f1o personalizado y agrega fuentes. <\/li><li><b>Adquiera el c\u00f3digo individual para agregar el widget<\/b><br>Despu\u00e9s de haber configurado su widget, recibir\u00e1 su c\u00f3digo de instalaci\u00f3n en la notificaci\u00f3n que aparece en Elfsight Apps. C\u00f3pialo. <\/li><li><b>Agrega la pesta\u00f1a Vimeo a la p\u00e1gina de Facebook<\/b><br> Crea tu pesta\u00f1a personalizada de Facebook. Inserte el c\u00f3digo que recibi\u00f3 en las aplicaciones de elfsight en la pesta\u00f1a. Si tiene alg\u00fan problema, consulte nuestra gu\u00eda sobre <a href=\"https:\/\/elfsight.com\/blog\/how-to-add-custom-tab-to-facebook-page\/\" target=\"_blank\" rel=\"noopener noreferrer\">creaci\u00f3n de una pesta\u00f1a personalizada de Facebook<\/a><\/li><li><b>Realiz\u00f3 la instalaci\u00f3n con \u00e9xito<\/b><br>Visite la p\u00e1gina para ver sus videos de Vimeo.<\/li><\/ul><p>A\u00fan as\u00ed \u00bfNo puedes decidir? \u00bfO tropez\u00f3 con algo? Una sola solicitud a nuestro departamento de atenci\u00f3n al cliente resolver\u00e1 todos los problemas. <\/p><\/div>","protected":false},"excerpt":{"rendered":"","protected":false},"author":9,"featured_media":0,"parent":1556,"menu_order":0,"comment_status":"closed","ping_status":"closed","template":"templates\/template-application-platform.php","meta":{"publish_to_discourse":"","publish_post_category":"","wpdc_auto_publish_overridden":"","wpdc_topic_tags":"","wpdc_pin_topic":"","wpdc_pin_until":"","discourse_post_id":"","discourse_permalink":"","wpdc_publishing_response":"","wpdc_publishing_error":"","footnotes":""},"class_list":["post-6803","page","type-page","status-publish","hentry"],"yoast_head":"<!-- This site is optimized with the Yoast SEO plugin v25.3.1 - https:\/\/yoast.com\/wordpress\/plugins\/seo\/ -->\n<title>Facebook Vimeo: incrustar el widget de Vimeo en el sitio web de la p\u00e1gina de Facebook<\/title>\n<meta name=\"description\" content=\"Es absolutamente sencillo crear tu widget de v\u00eddeo de Vimeo e incrustarlo en tu p\u00e1gina de Facebook. La atenci\u00f3n al cliente de Elfsight es gratuita.\" \/>\n<meta name=\"robots\" content=\"index, follow, max-snippet:-1, max-image-preview:large, max-video-preview:-1\" \/>\n<link rel=\"canonical\" href=\"https:\/\/elfsight.com\/es\/vimeo-video-gallery-widget\/facebook\/\" \/>\n<meta property=\"og:locale\" content=\"es_ES\" \/>\n<meta property=\"og:type\" content=\"article\" \/>\n<meta property=\"og:title\" content=\"Facebook Vimeo: incrustar el widget de Vimeo en el sitio web de la p\u00e1gina de Facebook\" \/>\n<meta property=\"og:description\" content=\"Es absolutamente sencillo crear tu widget de v\u00eddeo de Vimeo e incrustarlo en tu p\u00e1gina de Facebook. La atenci\u00f3n al cliente de Elfsight es gratuita.\" \/>\n<meta property=\"og:url\" content=\"https:\/\/elfsight.com\/es\/vimeo-video-gallery-widget\/facebook\/\" \/>\n<meta property=\"og:site_name\" content=\"Elfsight ES\" \/>\n<meta property=\"article:modified_time\" content=\"2025-02-06T16:02:01+00:00\" \/>\n<meta name=\"twitter:card\" content=\"summary_large_image\" \/>\n<meta name=\"twitter:label1\" content=\"Tiempo de lectura\" \/>\n\t<meta name=\"twitter:data1\" content=\"2 minutos\" \/>\n<!-- \/ Yoast SEO plugin. -->","yoast_head_json":{"title":"Facebook Vimeo: incrustar el widget de Vimeo en el sitio web de la p\u00e1gina de Facebook","description":"Es absolutamente sencillo crear tu widget de v\u00eddeo de Vimeo e incrustarlo en tu p\u00e1gina de Facebook. La atenci\u00f3n al cliente de Elfsight es gratuita.","robots":{"index":"index","follow":"follow","max-snippet":"max-snippet:-1","max-image-preview":"max-image-preview:large","max-video-preview":"max-video-preview:-1"},"canonical":"https:\/\/elfsight.com\/es\/vimeo-video-gallery-widget\/facebook\/","og_locale":"es_ES","og_type":"article","og_title":"Facebook Vimeo: incrustar el widget de Vimeo en el sitio web de la p\u00e1gina de Facebook","og_description":"Es absolutamente sencillo crear tu widget de v\u00eddeo de Vimeo e incrustarlo en tu p\u00e1gina de Facebook. La atenci\u00f3n al cliente de Elfsight es gratuita.","og_url":"https:\/\/elfsight.com\/es\/vimeo-video-gallery-widget\/facebook\/","og_site_name":"Elfsight ES","article_modified_time":"2025-02-06T16:02:01+00:00","twitter_card":"summary_large_image","twitter_misc":{"Tiempo de lectura":"2 minutos"},"schema":{"@context":"https:\/\/schema.org","@graph":[{"@type":"WebPage","@id":"https:\/\/elfsight.com\/es\/vimeo-video-gallery-widget\/facebook\/","url":"https:\/\/elfsight.com\/es\/vimeo-video-gallery-widget\/facebook\/","name":"Facebook Vimeo: incrustar el widget de Vimeo en el sitio web de la p\u00e1gina de Facebook","isPartOf":{"@id":"https:\/\/elfsight.com\/es\/#website"},"datePublished":"1970-01-01T00:00:00+00:00","dateModified":"2025-02-06T16:02:01+00:00","description":"Es absolutamente sencillo crear tu widget de v\u00eddeo de Vimeo e incrustarlo en tu p\u00e1gina de Facebook. La atenci\u00f3n al cliente de Elfsight es gratuita.","breadcrumb":{"@id":"https:\/\/elfsight.com\/es\/vimeo-video-gallery-widget\/facebook\/#breadcrumb"},"inLanguage":"es","potentialAction":[{"@type":"ReadAction","target":["https:\/\/elfsight.com\/es\/vimeo-video-gallery-widget\/facebook\/"]}]},{"@type":"BreadcrumbList","@id":"https:\/\/elfsight.com\/es\/vimeo-video-gallery-widget\/facebook\/#breadcrumb","itemListElement":[{"@type":"ListItem","position":1,"name":"Home","item":"https:\/\/elfsight.com\/es\/"},{"@type":"ListItem","position":2,"name":"Vimeo Gallery","item":"https:\/\/elfsight.com\/es\/vimeo-video-gallery-widget\/"},{"@type":"ListItem","position":3,"name":"Vimeo Gallery &#8211; Facebook Page"}]},{"@type":"WebSite","@id":"https:\/\/elfsight.com\/es\/#website","url":"https:\/\/elfsight.com\/es\/","name":"Elfsight ES","description":"Just another Elfsight Sites site","potentialAction":[{"@type":"SearchAction","target":{"@type":"EntryPoint","urlTemplate":"https:\/\/elfsight.com\/es\/?s={search_term_string}"},"query-input":{"@type":"PropertyValueSpecification","valueRequired":true,"valueName":"search_term_string"}}],"inLanguage":"es"}]}},"meta_box":{"industry":"","seo_heading":"","heading":"","description":"","cta_heading":"","cta_description":"","application":"1555","h1":"Insertar v\u00eddeo de Vimeo en Facebook","h1_caption":"Incruste una galer\u00eda de videos de Vimeo, ofreciendo una manera perfecta de presentar su contenido de video en el sitio web de su p\u00e1gina de Facebook sin esfuerzo.","application_category":[],"applications_title":"","applications_request_title":"","applications_request_button_text":"","hero_text":"","hero_video":"","hero_video_schema_markup":"","selling_points_title":"","selling_points_caption":"","selling_points":[],"selling_points_cta_text":"","features_title":"","features":"","ed_cta_examples_text":"","ed_cta_examples_hidden":"","ed_cta_demo_text":"","ed_cta_demo_hidden":"","why_caption":"","why_editor_title":"","why_editor_text":"","why_team_title":"","why_team_text":"","why_service_title":"","why_service_text":"","template_catalog_visible":"","template_catalog_title":"","template_catalog_text":"","template_catalog_categories_visible":"","demo_title":"Crea tu widget de Galer\u00eda Vimeo","demo_caption":"\u00a1Configure su Galer\u00eda Vimeo y agr\u00e9guela al sitio web de su p\u00e1gina de Facebook de forma gratuita!","default_faq_hidden":"","app_template_category":[],"platform":"64","template_public_id":"","codecanyon_url":"","codecanyon_item_id":"","codecanyon_price":"","pricing_caption":"","pricing_elfsight_apps_hide_column":"","pricing_elfsight_apps_url":"","pricing_codecanyon_price_caption":"","integration_category":[],"integration_request_title":"","integration_request_cta":"","integration_platform":"","integrations":[],"platform_category":[],"video_schema_markup":"","price":"desde $0 \/ mes","trial":"","benefits":[{"text":"Ayuda de instalaci\u00f3n gratuita"},{"text":"Soporte premium"},{"text":"Garant\u00eda de reembolso de 14 d\u00edas"},{"text":"Actualizaciones continuas"}],"button_url":"#demo","button_target_blank":"","button_nofollow":"","attributes":[{"name":"Instalaciones","content":"10,000 - 100,000"},{"name":"Sensible","content":"S\u00ed"},{"name":"Navegadores compatibles","content":"Opera, Edge, Firefox, Safari, Chrome"}],"tags":[],"tags_disable_links":"","hide_more_platforms":"","video_object":"","demo_hide_cta":"","demo_hide_cloud_options":"","pricing_title":"","pricing":[{"pricing_icon":"platform","pricing_title":"Elfsight Apps","pricing_title_caption":"Versi\u00f3n multiplataforma","pricing_price":"desde $0 \/ mes","pricing_price_caption":"comienza con el plan gratuito","pricing_benefits":[{"text":"Dominios ilimitados"},{"text":"Soporte r\u00e1pido"},{"text":"Soporte de instalaci\u00f3n gratuito"},{"text":"Oferta especial para m\u00faltiples aplicaciones."}],"pricing_button_text":"A\u00f1adir al sitio web","pricing_button_url":"#demo"}],"related_apps_title":"","related_apps_hidden":"","author":"","image":[],"title":"","job":"","social_networks":[]},"_links":{"self":[{"href":"https:\/\/elfsight.com\/es\/wp-json\/wp\/v2\/pages\/6803","targetHints":{"allow":["GET"]}}],"collection":[{"href":"https:\/\/elfsight.com\/es\/wp-json\/wp\/v2\/pages"}],"about":[{"href":"https:\/\/elfsight.com\/es\/wp-json\/wp\/v2\/types\/page"}],"author":[{"embeddable":true,"href":"https:\/\/elfsight.com\/es\/wp-json\/wp\/v2\/users\/9"}],"replies":[{"embeddable":true,"href":"https:\/\/elfsight.com\/es\/wp-json\/wp\/v2\/comments?post=6803"}],"version-history":[{"count":2,"href":"https:\/\/elfsight.com\/es\/wp-json\/wp\/v2\/pages\/6803\/revisions"}],"predecessor-version":[{"id":19060,"href":"https:\/\/elfsight.com\/es\/wp-json\/wp\/v2\/pages\/6803\/revisions\/19060"}],"up":[{"embeddable":true,"href":"https:\/\/elfsight.com\/es\/wp-json\/wp\/v2\/pages\/1556"}],"wp:attachment":[{"href":"https:\/\/elfsight.com\/es\/wp-json\/wp\/v2\/media?parent=6803"}],"curies":[{"name":"wp","href":"https:\/\/api.w.org\/{rel}","templated":true}]}}