{"id":6802,"date":"1970-01-01T00:00:00","date_gmt":"1970-01-01T00:00:00","guid":{"rendered":"https:\/\/elfsight.com\/es\/?page_id=6802"},"modified":"2025-02-06T16:02:01","modified_gmt":"2025-02-06T16:02:01","slug":"elementor","status":"publish","type":"page","link":"https:\/\/elfsight.com\/es\/vimeo-video-gallery-widget\/elementor\/","title":{"rendered":"Vimeo Gallery &#8211; Elementor"},"content":{"rendered":"<div class=\"application-platform-content-item-description application-platform-content-item\" id=\"description\" data-nav-section=\"description\"> <h2>Incrustar la galer\u00eda Vimeo en Elementor con el widget Elfsight<\/h2> <p>El widget Elfsight es un instrumento eficaz para quienes administran un sitio web y desean integrar contenido de Vimeo en el sitio. Tiene la oportunidad de crear listas de reproducci\u00f3n, insertar canales, encontrar el contenido de video m\u00e1s atractivo para su galer\u00eda de videos y m\u00e1s. El widget Elfsight presenta diversas configuraciones de dise\u00f1o, que ayudan a que la interfaz se adapte a diversos casos de uso. Tres dise\u00f1os ayudan a organizar el contenido de manera \u00f3ptima, una variedad de modos de reproducci\u00f3n hacen que ver sus videos sea \u00fatil para cualquier usuario. Con el encabezado flexible es f\u00e1cil, presenta tu canal y aumenta los suscriptores. Elfsight Vimeo Gallery ser\u00e1 una manera f\u00e1cil no solo de aumentar la participaci\u00f3n, sino tambi\u00e9n de promocionar su negocio.<\/p><div class=\"faq\" data-component=\"FAQ\"><div class=\"faq-item\">\r\n\t\t\t\t\t<div class=\"faq-item-question\">\r\n\t\t\t\t\t\t<h3 class=\"faq-item-question-text\">\u00bfD\u00f3nde puedo agregar el reproductor de video Vimeo?<\/h3>\r\n\r\n\t\t\t\t\t\t<div class=\"faq-item-question-icon\"><\/div>\r\n\t\t\t\t\t<\/div>\r\n\r\n\t\t\t\t\t<div class=\"faq-item-answer\">\r\n\t\t\t\t\t\t<div class=\"faq-item-answer-text\"> <p>Puede hacer su trabajo en cualquiera de sus p\u00e1ginas web. Si inserta el widget en la plantilla, el widget aparecer\u00e1 en todas las p\u00e1ginas del sitio web. <\/p> <\/div>\r\n\t\t\t\t\t<\/div>\r\n\t\t\t\t<\/div><div class=\"faq-item\">\r\n\t\t\t\t\t<div class=\"faq-item-question\">\r\n\t\t\t\t\t\t<h3 class=\"faq-item-question-text\">\u00bfC\u00f3mo me beneficiar\u00e9 de \u00e9l? <\/h3>\r\n\r\n\t\t\t\t\t\t<div class=\"faq-item-question-icon\"><\/div>\r\n\t\t\t\t\t<\/div>\r\n\r\n\t\t\t\t\t<div class=\"faq-item-answer\">\r\n\t\t\t\t\t\t<div class=\"faq-item-answer-text\"> <p>El widget contribuir\u00e1 a una mayor participaci\u00f3n de los visitantes en el sitio web con la ayuda de v\u00eddeos interesantes. La opci\u00f3n de seguimiento inmediato te ayudar\u00e1 a tener nuevos seguidores en tu cuenta de Vimeo. <\/p><\/div>\r\n\t\t\t\t\t<\/div>\r\n\t\t\t\t<\/div> <div class=\"faq-item\">\r\n\t\t\t\t\t<div class=\"faq-item-question\">\r\n\t\t\t\t\t\t<h3 class=\"faq-item-question-text\">\u00bfC\u00f3mo puedo agregar el widget de Vimeo a mi sitio web? <\/h3>\r\n\r\n\t\t\t\t\t\t<div class=\"faq-item-question-icon\"><\/div>\r\n\t\t\t\t\t<\/div>\r\n\r\n\t\t\t\t\t<div class=\"faq-item-answer\">\r\n\t\t\t\t\t\t<div class=\"faq-item-answer-text\"> <p>Incrustar el widget le llevar\u00e1 solo un minuto. La instalaci\u00f3n es s\u00faper r\u00e1pida, gratuita y sin codificaci\u00f3n. <\/p> <p>Puedes colocar el reproductor Vimeo en el sitio a trav\u00e9s de nuestro servicio. Simplemente consulte la gu\u00eda en esta p\u00e1gina.  <\/p><li>La galer\u00eda de v\u00eddeos de Elfsight Vimeo se puede configurar a trav\u00e9s de nuestro servicio o en el mercado. Puede conocer todos los detalles sobre ambas variantes y elegir la m\u00e1s adecuada. <p><\/p> <\/div>\r\n\t\t\t\t\t<\/div>\r\n\t\t\t\t<\/div> <\/div> <\/div> <div class=\"application-platform-content-item-features application-platform-content-item\" id=\"features\" data-nav-section=\"features\"> <h2>Caracter\u00edsticas principales del widget de la Galer\u00eda Vimeo<\/h2> <p>Para tener un conocimiento completo de la Galer\u00eda Vimeo, consulte la lista de sus caracter\u00edsticas m\u00e1s importantes. Hacen que nuestro widget sea incre\u00edblemente beneficioso para su negocio: <\/p> <ul><li>La opci\u00f3n de incrustar dise\u00f1os seleccionados para diversas formas de organizaci\u00f3n de videos: cuadr\u00edcula, lista de reproducci\u00f3n, control deslizante; <\/li><li>Siete componentes flexibles del encabezado: nombre, estad\u00edsticas, descripci\u00f3n, bot\u00f3n de seguimiento, imagen de perfil; <\/li><li>4 modos de reproducci\u00f3n listos para usar: emergente, reproductor, en l\u00ednea o en Vimeo; <\/li><li>3 acciones una vez finalizado el v\u00eddeo: reproducir a continuaci\u00f3n, reproducir, ninguna; <\/li><\/ul><p><a href=\"#demo\">Ver m\u00e1s funciones en la demostraci\u00f3n<\/a><\/p> <\/div> <div class=\"application-platform-content-item-installation application-platform-content-item\" id=\"installation\" data-nav-section=\"installation\"> <h2>Veamos c\u00f3mo agregar el v\u00eddeo de Vimeo a su sitio web de Elementor<\/h2><div class=\"video-container\"><iframe width=\"720\" height=\"405\" src=\"https:\/\/www.youtube.com\/embed\/iQzRXHSASmA\" frameborder=\"0\"><\/iframe><\/div><p>Estas acciones son lo \u00fanico que debe hacer para mostrar el widget en su sitio. <\/p> <ol><li><b>Genera tu propio complemento de la Galer\u00eda Vimeo<\/b><br> Con la ayuda de nuestro editor gratuito, obt\u00e9n un complemento con una interfaz y funciones preferibles. <\/li><li><b>Obtenga el c\u00f3digo individual para publicar el complemento<\/b><br> Despu\u00e9s de haber creado su widget, obtendr\u00e1 el c\u00f3digo \u00fanico de la notificaci\u00f3n emergente en Elfsight Apps. Copia este c\u00f3digo. <\/li> <li><b>Integre el complemento en su sitio Muse<\/b><br> Elija el lugar donde desea mostrar el complemento y pegue el c\u00f3digo guardado all\u00ed. Aplicar los resultados. <\/li> <li><b>La instalaci\u00f3n ha finalizado<\/b><br> Vaya al recurso web para ver su trabajo. <\/li> <\/ol><p>\u00bfA\u00fan no te has decidido? \u00bfO tienes consultas? Simplemente env\u00ede una solicitud a nuestro servicio de atenci\u00f3n al cliente y le ayudar\u00e1 con cada pregunta. <\/p> <\/div><\/li>","protected":false},"excerpt":{"rendered":"","protected":false},"author":9,"featured_media":0,"parent":1556,"menu_order":0,"comment_status":"closed","ping_status":"closed","template":"templates\/template-application-platform.php","meta":{"publish_to_discourse":"","publish_post_category":"","wpdc_auto_publish_overridden":"","wpdc_topic_tags":"","wpdc_pin_topic":"","wpdc_pin_until":"","discourse_post_id":"","discourse_permalink":"","wpdc_publishing_response":"","wpdc_publishing_error":"","footnotes":""},"class_list":["post-6802","page","type-page","status-publish","hentry"],"yoast_head":"<!-- This site is optimized with the Yoast SEO plugin v25.3.1 - https:\/\/yoast.com\/wordpress\/plugins\/seo\/ -->\n<title>Agregue la galer\u00eda de videos de Vimeo al sitio web de Elementor (gratis y r\u00e1pido)<\/title>\n<meta name=\"description\" content=\"Con Elfsight, d\u00e9 forma a su galer\u00eda de videos de Vimeo y agr\u00e9guela al sitio web de Elementor de manera r\u00e1pida y sencilla. Ofrecemos atenci\u00f3n al cliente gratuita y m\u00e1s bonificaciones.\" \/>\n<meta name=\"robots\" content=\"index, follow, max-snippet:-1, max-image-preview:large, max-video-preview:-1\" \/>\n<link rel=\"canonical\" href=\"https:\/\/elfsight.com\/es\/vimeo-video-gallery-widget\/elementor\/\" \/>\n<meta property=\"og:locale\" content=\"es_ES\" \/>\n<meta property=\"og:type\" content=\"article\" \/>\n<meta property=\"og:title\" content=\"Agregue la galer\u00eda de videos de Vimeo al sitio web de Elementor (gratis y r\u00e1pido)\" \/>\n<meta property=\"og:description\" content=\"Con Elfsight, d\u00e9 forma a su galer\u00eda de videos de Vimeo y agr\u00e9guela al sitio web de Elementor de manera r\u00e1pida y sencilla. Ofrecemos atenci\u00f3n al cliente gratuita y m\u00e1s bonificaciones.\" \/>\n<meta property=\"og:url\" content=\"https:\/\/elfsight.com\/es\/vimeo-video-gallery-widget\/elementor\/\" \/>\n<meta property=\"og:site_name\" content=\"Elfsight ES\" \/>\n<meta property=\"article:modified_time\" content=\"2025-02-06T16:02:01+00:00\" \/>\n<meta name=\"twitter:card\" content=\"summary_large_image\" \/>\n<meta name=\"twitter:label1\" content=\"Tiempo de lectura\" \/>\n\t<meta name=\"twitter:data1\" content=\"3 minutos\" \/>\n<!-- \/ Yoast SEO plugin. -->","yoast_head_json":{"title":"Agregue la galer\u00eda de videos de Vimeo al sitio web de Elementor (gratis y r\u00e1pido)","description":"Con Elfsight, d\u00e9 forma a su galer\u00eda de videos de Vimeo y agr\u00e9guela al sitio web de Elementor de manera r\u00e1pida y sencilla. Ofrecemos atenci\u00f3n al cliente gratuita y m\u00e1s bonificaciones.","robots":{"index":"index","follow":"follow","max-snippet":"max-snippet:-1","max-image-preview":"max-image-preview:large","max-video-preview":"max-video-preview:-1"},"canonical":"https:\/\/elfsight.com\/es\/vimeo-video-gallery-widget\/elementor\/","og_locale":"es_ES","og_type":"article","og_title":"Agregue la galer\u00eda de videos de Vimeo al sitio web de Elementor (gratis y r\u00e1pido)","og_description":"Con Elfsight, d\u00e9 forma a su galer\u00eda de videos de Vimeo y agr\u00e9guela al sitio web de Elementor de manera r\u00e1pida y sencilla. Ofrecemos atenci\u00f3n al cliente gratuita y m\u00e1s bonificaciones.","og_url":"https:\/\/elfsight.com\/es\/vimeo-video-gallery-widget\/elementor\/","og_site_name":"Elfsight ES","article_modified_time":"2025-02-06T16:02:01+00:00","twitter_card":"summary_large_image","twitter_misc":{"Tiempo de lectura":"3 minutos"},"schema":{"@context":"https:\/\/schema.org","@graph":[{"@type":"WebPage","@id":"https:\/\/elfsight.com\/es\/vimeo-video-gallery-widget\/elementor\/","url":"https:\/\/elfsight.com\/es\/vimeo-video-gallery-widget\/elementor\/","name":"Agregue la galer\u00eda de videos de Vimeo al sitio web de Elementor (gratis y r\u00e1pido)","isPartOf":{"@id":"https:\/\/elfsight.com\/es\/#website"},"datePublished":"1970-01-01T00:00:00+00:00","dateModified":"2025-02-06T16:02:01+00:00","description":"Con Elfsight, d\u00e9 forma a su galer\u00eda de videos de Vimeo y agr\u00e9guela al sitio web de Elementor de manera r\u00e1pida y sencilla. Ofrecemos atenci\u00f3n al cliente gratuita y m\u00e1s bonificaciones.","breadcrumb":{"@id":"https:\/\/elfsight.com\/es\/vimeo-video-gallery-widget\/elementor\/#breadcrumb"},"inLanguage":"es","potentialAction":[{"@type":"ReadAction","target":["https:\/\/elfsight.com\/es\/vimeo-video-gallery-widget\/elementor\/"]}]},{"@type":"BreadcrumbList","@id":"https:\/\/elfsight.com\/es\/vimeo-video-gallery-widget\/elementor\/#breadcrumb","itemListElement":[{"@type":"ListItem","position":1,"name":"Home","item":"https:\/\/elfsight.com\/es\/"},{"@type":"ListItem","position":2,"name":"Vimeo Gallery","item":"https:\/\/elfsight.com\/es\/vimeo-video-gallery-widget\/"},{"@type":"ListItem","position":3,"name":"Vimeo Gallery &#8211; Elementor"}]},{"@type":"WebSite","@id":"https:\/\/elfsight.com\/es\/#website","url":"https:\/\/elfsight.com\/es\/","name":"Elfsight ES","description":"Just another Elfsight Sites site","potentialAction":[{"@type":"SearchAction","target":{"@type":"EntryPoint","urlTemplate":"https:\/\/elfsight.com\/es\/?s={search_term_string}"},"query-input":{"@type":"PropertyValueSpecification","valueRequired":true,"valueName":"search_term_string"}}],"inLanguage":"es"}]}},"meta_box":{"industry":"","seo_heading":"","heading":"","description":"","cta_heading":"","cta_description":"","application":"1555","h1":"Galer\u00eda de v\u00eddeos de Elementor Vimeo","h1_caption":"Incruste una galer\u00eda de videos de Vimeo, ofreciendo una manera perfecta de presentar su contenido de video en su sitio web de Elementor sin esfuerzo.","application_category":[],"applications_title":"","applications_request_title":"","applications_request_button_text":"","hero_text":"","hero_video":"","hero_video_schema_markup":"","selling_points_title":"","selling_points_caption":"","selling_points":[],"selling_points_cta_text":"","features_title":"","features":"","ed_cta_examples_text":"","ed_cta_examples_hidden":"","ed_cta_demo_text":"","ed_cta_demo_hidden":"","why_caption":"","why_editor_title":"","why_editor_text":"","why_team_title":"","why_team_text":"","why_service_title":"","why_service_text":"","template_catalog_visible":"","template_catalog_title":"","template_catalog_text":"","template_catalog_categories_visible":"","demo_title":"Crea tu widget de Galer\u00eda Vimeo","demo_caption":"\u00a1Configure su Galer\u00eda Vimeo y agr\u00e9guela a su sitio web de Elementor gratis!","default_faq_hidden":"","app_template_category":[],"platform":"58","template_public_id":"","codecanyon_url":"","codecanyon_item_id":"","codecanyon_price":"","pricing_caption":"","pricing_elfsight_apps_hide_column":"","pricing_elfsight_apps_url":"","pricing_codecanyon_price_caption":"","integration_category":[],"integration_request_title":"","integration_request_cta":"","integration_platform":"","integrations":[],"platform_category":[],"video_schema_markup":"","price":"desde $0 \/ mes","trial":"","benefits":[{"text":"Servicio de instalaci\u00f3n gratuito"},{"text":"Soporte premium"},{"text":"Garant\u00eda de reembolso de 14 d\u00edas"},{"text":"Actualizaciones futuras"}],"button_url":"#demo","button_target_blank":"","button_nofollow":"","attributes":[{"name":"Instalaciones","content":"10,000 - 100,000"},{"name":"Sensible","content":"S\u00ed"},{"name":"Navegadores compatibles","content":"Firefox, Safari, Opera, Chrome, Edge"}],"tags":[],"tags_disable_links":"","hide_more_platforms":"","video_object":"","demo_hide_cta":"","demo_hide_cloud_options":"","pricing_title":"","pricing":[{"pricing_icon":"platform","pricing_title":"Elfsight Apps","pricing_title_caption":"Soluci\u00f3n digital multiplataforma","pricing_price":"desde $0 \/ mes","pricing_price_caption":"comienza con el plan gratuito","pricing_benefits":[{"text":"Sitios web ilimitados"},{"text":"Atenci\u00f3n al cliente profesional y bien documentada."},{"text":"Asistencia de instalaci\u00f3n gratuita"},{"text":"Gran oferta para m\u00faltiples aplicaciones"}],"pricing_button_text":"A\u00f1adir al sitio web","pricing_button_url":"#demo"}],"related_apps_title":"","related_apps_hidden":"","author":"","image":[],"title":"","job":"","social_networks":[]},"_links":{"self":[{"href":"https:\/\/elfsight.com\/es\/wp-json\/wp\/v2\/pages\/6802","targetHints":{"allow":["GET"]}}],"collection":[{"href":"https:\/\/elfsight.com\/es\/wp-json\/wp\/v2\/pages"}],"about":[{"href":"https:\/\/elfsight.com\/es\/wp-json\/wp\/v2\/types\/page"}],"author":[{"embeddable":true,"href":"https:\/\/elfsight.com\/es\/wp-json\/wp\/v2\/users\/9"}],"replies":[{"embeddable":true,"href":"https:\/\/elfsight.com\/es\/wp-json\/wp\/v2\/comments?post=6802"}],"version-history":[{"count":2,"href":"https:\/\/elfsight.com\/es\/wp-json\/wp\/v2\/pages\/6802\/revisions"}],"predecessor-version":[{"id":19061,"href":"https:\/\/elfsight.com\/es\/wp-json\/wp\/v2\/pages\/6802\/revisions\/19061"}],"up":[{"embeddable":true,"href":"https:\/\/elfsight.com\/es\/wp-json\/wp\/v2\/pages\/1556"}],"wp:attachment":[{"href":"https:\/\/elfsight.com\/es\/wp-json\/wp\/v2\/media?parent=6802"}],"curies":[{"name":"wp","href":"https:\/\/api.w.org\/{rel}","templated":true}]}}