{"id":6797,"date":"1970-01-01T00:00:00","date_gmt":"1970-01-01T00:00:00","guid":{"rendered":"https:\/\/elfsight.com\/es\/?page_id=6797"},"modified":"2025-02-06T16:02:01","modified_gmt":"2025-02-06T16:02:01","slug":"drupal","status":"publish","type":"page","link":"https:\/\/elfsight.com\/es\/vimeo-video-gallery-widget\/drupal\/","title":{"rendered":"Vimeo Gallery &#8211; Drupal"},"content":{"rendered":"<div class=\"application-platform-content-item-description application-platform-content-item\" id=\"description\" data-nav-section=\"description\"> <h2>Descripci\u00f3n<\/h2> <p>Elfsight Gallery es una herramienta sencilla para propietarios de sitios web que desean agregar videos de Vimeo en el sitio. Puede dar forma a listas de reproducci\u00f3n de videos, integrar canales, elegir el contenido m\u00e1s atractivo para su galer\u00eda de videos y otros. El m\u00f3dulo Elfsight presenta pr\u00e1cticas funciones de dise\u00f1o que ayudan a que la interfaz se adapte a diversos casos. Los dise\u00f1os de video incorporados ayudar\u00e1n a colocar los videos de la mejor manera, una variedad de modos de reproducci\u00f3n hacen que ver videos sea c\u00f3modo en cualquier caso de uso. Gracias al encabezado existe la posibilidad de anunciar tu cuenta de Vimeo y conseguir m\u00e1s seguidores. El m\u00f3dulo Elfsight Vimeo es una forma eficaz no s\u00f3lo de impulsar la participaci\u00f3n, sino tambi\u00e9n de desarrollar su negocio. <\/p> <div class=\"faq\" data-component=\"FAQ\"><div class=\"faq-item\">\r\n\t\t\t\t\t<div class=\"faq-item-question\">\r\n\t\t\t\t\t\t<h3 class=\"faq-item-question-text\">\u00bfD\u00f3nde puedo insertarlo?<\/h3>\r\n\r\n\t\t\t\t\t\t<div class=\"faq-item-question-icon\"><\/div>\r\n\t\t\t\t\t<\/div>\r\n\r\n\t\t\t\t\t<div class=\"faq-item-answer\">\r\n\t\t\t\t\t\t<div class=\"faq-item-answer-text\"> <p>Puedes colocarlo en cualquier p\u00e1gina de tu sitio. Si pega la Galer\u00eda Vimeo en la plantilla del sitio, los videos aparecer\u00e1n en todas y cada una de las p\u00e1ginas. <\/p> <\/div>\r\n\t\t\t\t\t<\/div>\r\n\t\t\t\t<\/div><div class=\"faq-item\">\r\n\t\t\t\t\t<div class=\"faq-item-question\">\r\n\t\t\t\t\t\t<h3 class=\"faq-item-question-text\">\u00bfC\u00f3mo puedo beneficiarme de \u00e9l? <\/h3>\r\n\r\n\t\t\t\t\t\t<div class=\"faq-item-question-icon\"><\/div>\r\n\t\t\t\t\t<\/div>\r\n\r\n\t\t\t\t\t<div class=\"faq-item-answer\">\r\n\t\t\t\t\t\t<div class=\"faq-item-answer-text\"> <p>Contribuir\u00e1 a aumentar la participaci\u00f3n de los usuarios en su sitio web con la ayuda de v\u00eddeos cuidadosamente seleccionados. La funci\u00f3n de seguimiento r\u00e1pido te ayudar\u00e1 a atraer nuevas suscripciones a tu canal. <\/p><\/div>\r\n\t\t\t\t\t<\/div>\r\n\t\t\t\t<\/div> <div class=\"faq-item\">\r\n\t\t\t\t\t<div class=\"faq-item-question\">\r\n\t\t\t\t\t\t<h3 class=\"faq-item-question-text\">\u00bfC\u00f3mo puedo tener el reproductor de video Vimeo? <\/h3>\r\n\r\n\t\t\t\t\t\t<div class=\"faq-item-question-icon\"><\/div>\r\n\t\t\t\t\t<\/div>\r\n\r\n\t\t\t\t\t<div class=\"faq-item-answer\">\r\n\t\t\t\t\t\t<div class=\"faq-item-answer-text\"> <p>Solo necesitar\u00e1s un minuto para incrustar el widget. Este proceso es realmente r\u00e1pido, gratuito y no implica codificaci\u00f3n. <\/p> <p>El reproductor Elfsight Vimeo se puede integrar a trav\u00e9s de nuestro servicio o del mercado. Puedes comparar estas opciones y seleccionar la tuya. <\/p> <\/div>\r\n\t\t\t\t\t<\/div>\r\n\t\t\t\t<\/div> <\/div> <\/div> <div class=\"application-platform-content-item-features application-platform-content-item\" id=\"features\" data-nav-section=\"features\"> <h2>Caracter\u00edsticas<\/h2> <p>Para tener una idea clara de la Galer\u00eda Vimeo, descubre la lista de sus principales caracter\u00edsticas. Hacen que este widget sea realmente beneficioso para tu promoci\u00f3n: <\/p> <ul><li>Agregar videos por URL; <\/li><li>Tres dise\u00f1os incorporados para diversos modos de ritmo de los v\u00eddeos: cuadr\u00edcula, lista de reproducci\u00f3n, control deslizante; <\/li><li>7 elementos controlados del encabezado del widget: nombre, estad\u00edsticas, descripci\u00f3n, bot\u00f3n de seguimiento, foto de perfil; <\/li><li>Cuatro modos de reproducci\u00f3n incorporados: emergente, reproductor, en l\u00ednea o en Vimeo; <\/li><li>Tres opciones una vez finalizado el v\u00eddeo: reproducir a continuaci\u00f3n, reproducir, ninguna; <\/li><\/ul><p><a href=\"#demo\">Para explorar todas las funciones, vea la demostraci\u00f3n en vivo<\/a><\/p> <\/div> <div class=\"application-platform-content-item-installation application-platform-content-item\" id=\"installation\" data-nav-section=\"installation\"> <h2>Compruebe c\u00f3mo insertar el v\u00eddeo de Vimeo en su sitio web Drupal<\/h2><div class=\"video-container\"><iframe width=\"720\" height=\"405\" src=\"https:\/\/www.youtube.com\/embed\/IH_dL6x6VzI\" frameborder=\"0\"><\/iframe><\/div><p>Simplemente siga las pautas a continuaci\u00f3n para insertar el complemento en Drupal.<\/p> <ol><li><b>Administre nuestra demostraci\u00f3n gratuita y comience a crear su propio m\u00f3dulo de la Galer\u00eda Vimeo. <\/b><br> Encuentre la forma y los par\u00e1metros preferidos de la herramienta y aplique las ediciones. <\/li> <li><b>Adquiera su c\u00f3digo \u00fanico que aparece en el cuadro de Elfsight Apps. <\/b><br> Inmediatamente despu\u00e9s de finalizar la creaci\u00f3n de su m\u00f3dulo, copie el c\u00f3digo individual en la ventana que aparece y gu\u00e1rdelo para necesitarlo m\u00e1s adelante. <\/li> <li><b>Iniciar la utilizaci\u00f3n del m\u00f3dulo en el sitio web de Drupal. <\/b><br> Inserta el c\u00f3digo copiado recientemente en tu sitio web y aplica las correcciones. <\/li> <li><b>\u00a1Listo! La integraci\u00f3n se realiza con \u00e9xito. <\/b><br> Vaya a su sitio para inspeccionar el rendimiento del m\u00f3dulo. <\/li><\/ol><p>\u00bfA\u00fan no est\u00e1s seguro? \u00bfO tienes consultas? Simplemente env\u00ede su solicitud a nuestro servicio de atenci\u00f3n al cliente. Le ayudaremos con cada asunto. <\/p> <\/div>","protected":false},"excerpt":{"rendered":"","protected":false},"author":9,"featured_media":0,"parent":1556,"menu_order":0,"comment_status":"closed","ping_status":"closed","template":"templates\/template-application-platform.php","meta":{"publish_to_discourse":"","publish_post_category":"","wpdc_auto_publish_overridden":"","wpdc_topic_tags":"","wpdc_pin_topic":"","wpdc_pin_until":"","discourse_post_id":"","discourse_permalink":"","wpdc_publishing_response":"","wpdc_publishing_error":"","footnotes":""},"class_list":["post-6797","page","type-page","status-publish","hentry"],"yoast_head":"<!-- This site is optimized with the Yoast SEO plugin v25.3.1 - https:\/\/yoast.com\/wordpress\/plugins\/seo\/ -->\n<title>Drupal Vimeo: agregue el m\u00f3dulo Vimeo Gallery al sitio web de Drupal [2025]<\/title>\n<meta name=\"description\" content=\"Es f\u00e1cil construir su m\u00f3dulo Vimeo Video Gallery y mostrarlo en su sitio web Drupal. El servicio de atenci\u00f3n al cliente de Elfsight es gratuito.\" \/>\n<meta name=\"robots\" content=\"index, follow, max-snippet:-1, max-image-preview:large, max-video-preview:-1\" \/>\n<link rel=\"canonical\" href=\"https:\/\/elfsight.com\/es\/vimeo-video-gallery-widget\/drupal\/\" \/>\n<meta property=\"og:locale\" content=\"es_ES\" \/>\n<meta property=\"og:type\" content=\"article\" \/>\n<meta property=\"og:title\" content=\"Drupal Vimeo: agregue el m\u00f3dulo Vimeo Gallery al sitio web de Drupal [2025]\" \/>\n<meta property=\"og:description\" content=\"Es f\u00e1cil construir su m\u00f3dulo Vimeo Video Gallery y mostrarlo en su sitio web Drupal. El servicio de atenci\u00f3n al cliente de Elfsight es gratuito.\" \/>\n<meta property=\"og:url\" content=\"https:\/\/elfsight.com\/es\/vimeo-video-gallery-widget\/drupal\/\" \/>\n<meta property=\"og:site_name\" content=\"Elfsight ES\" \/>\n<meta property=\"article:modified_time\" content=\"2025-02-06T16:02:01+00:00\" \/>\n<meta name=\"twitter:card\" content=\"summary_large_image\" \/>\n<meta name=\"twitter:label1\" content=\"Tiempo de lectura\" \/>\n\t<meta name=\"twitter:data1\" content=\"3 minutos\" \/>\n<!-- \/ Yoast SEO plugin. -->","yoast_head_json":{"title":"Drupal Vimeo: agregue el m\u00f3dulo Vimeo Gallery al sitio web de Drupal [2025]","description":"Es f\u00e1cil construir su m\u00f3dulo Vimeo Video Gallery y mostrarlo en su sitio web Drupal. El servicio de atenci\u00f3n al cliente de Elfsight es gratuito.","robots":{"index":"index","follow":"follow","max-snippet":"max-snippet:-1","max-image-preview":"max-image-preview:large","max-video-preview":"max-video-preview:-1"},"canonical":"https:\/\/elfsight.com\/es\/vimeo-video-gallery-widget\/drupal\/","og_locale":"es_ES","og_type":"article","og_title":"Drupal Vimeo: agregue el m\u00f3dulo Vimeo Gallery al sitio web de Drupal [2025]","og_description":"Es f\u00e1cil construir su m\u00f3dulo Vimeo Video Gallery y mostrarlo en su sitio web Drupal. El servicio de atenci\u00f3n al cliente de Elfsight es gratuito.","og_url":"https:\/\/elfsight.com\/es\/vimeo-video-gallery-widget\/drupal\/","og_site_name":"Elfsight ES","article_modified_time":"2025-02-06T16:02:01+00:00","twitter_card":"summary_large_image","twitter_misc":{"Tiempo de lectura":"3 minutos"},"schema":{"@context":"https:\/\/schema.org","@graph":[{"@type":"WebPage","@id":"https:\/\/elfsight.com\/es\/vimeo-video-gallery-widget\/drupal\/","url":"https:\/\/elfsight.com\/es\/vimeo-video-gallery-widget\/drupal\/","name":"Drupal Vimeo: agregue el m\u00f3dulo Vimeo Gallery al sitio web de Drupal [2025]","isPartOf":{"@id":"https:\/\/elfsight.com\/es\/#website"},"datePublished":"1970-01-01T00:00:00+00:00","dateModified":"2025-02-06T16:02:01+00:00","description":"Es f\u00e1cil construir su m\u00f3dulo Vimeo Video Gallery y mostrarlo en su sitio web Drupal. El servicio de atenci\u00f3n al cliente de Elfsight es gratuito.","breadcrumb":{"@id":"https:\/\/elfsight.com\/es\/vimeo-video-gallery-widget\/drupal\/#breadcrumb"},"inLanguage":"es","potentialAction":[{"@type":"ReadAction","target":["https:\/\/elfsight.com\/es\/vimeo-video-gallery-widget\/drupal\/"]}]},{"@type":"BreadcrumbList","@id":"https:\/\/elfsight.com\/es\/vimeo-video-gallery-widget\/drupal\/#breadcrumb","itemListElement":[{"@type":"ListItem","position":1,"name":"Home","item":"https:\/\/elfsight.com\/es\/"},{"@type":"ListItem","position":2,"name":"Vimeo Gallery","item":"https:\/\/elfsight.com\/es\/vimeo-video-gallery-widget\/"},{"@type":"ListItem","position":3,"name":"Vimeo Gallery &#8211; Drupal"}]},{"@type":"WebSite","@id":"https:\/\/elfsight.com\/es\/#website","url":"https:\/\/elfsight.com\/es\/","name":"Elfsight ES","description":"Just another Elfsight Sites site","potentialAction":[{"@type":"SearchAction","target":{"@type":"EntryPoint","urlTemplate":"https:\/\/elfsight.com\/es\/?s={search_term_string}"},"query-input":{"@type":"PropertyValueSpecification","valueRequired":true,"valueName":"search_term_string"}}],"inLanguage":"es"}]}},"meta_box":{"industry":"","seo_heading":"","heading":"","description":"","cta_heading":"","cta_description":"","application":"1555","h1":"Galer\u00eda de v\u00eddeos de Drupal Vimeo","h1_caption":"Incruste una galer\u00eda de videos de Vimeo, ofreciendo una manera perfecta de presentar su contenido de video en su sitio web Drupal sin esfuerzo.","application_category":[],"applications_title":"","applications_request_title":"","applications_request_button_text":"","hero_text":"","hero_video":"","hero_video_schema_markup":"","selling_points_title":"","selling_points_caption":"","selling_points":[],"selling_points_cta_text":"","features_title":"","features":"","ed_cta_examples_text":"","ed_cta_examples_hidden":"","ed_cta_demo_text":"","ed_cta_demo_hidden":"","why_caption":"","why_editor_title":"","why_editor_text":"","why_team_title":"","why_team_text":"","why_service_title":"","why_service_text":"","template_catalog_visible":"","template_catalog_title":"","template_catalog_text":"","template_catalog_categories_visible":"","demo_title":"Crea tu m\u00f3dulo de Galer\u00eda Vimeo","demo_caption":"\u00a1Configura tu Galer\u00eda Vimeo y agr\u00e9gala a tu sitio web Drupal gratis!","default_faq_hidden":"","app_template_category":[],"platform":"2161","template_public_id":"","codecanyon_url":"","codecanyon_item_id":"","codecanyon_price":"","pricing_caption":"","pricing_elfsight_apps_hide_column":"","pricing_elfsight_apps_url":"","pricing_codecanyon_price_caption":"","integration_category":[],"integration_request_title":"","integration_request_cta":"","integration_platform":"","integrations":[],"platform_category":[],"video_schema_markup":"","price":"desde $0 \/ mes","trial":"","benefits":[{"text":"Asistencia de instalaci\u00f3n gratuita"},{"text":"Servicio al cliente competente"},{"text":"Garant\u00eda de reembolso de 14 d\u00edas"},{"text":"Futuras actualizaciones gratuitas"}],"button_url":"#demo","button_target_blank":"","button_nofollow":"","attributes":[{"name":"Instalaciones","content":"10,000 - 100,000"},{"name":"Sensible","content":"S\u00ed"},{"name":"Navegadores compatibles","content":"Firefox, Safari, Opera, Chrome, Edge"}],"tags":[],"tags_disable_links":"","hide_more_platforms":"","video_object":"","demo_hide_cta":"","demo_hide_cloud_options":"","pricing_title":"","pricing":[{"pricing_icon":"platform","pricing_title":"Elfsight Apps","pricing_title_caption":"Soluci\u00f3n multiplataforma que funciona en cualquier sitio","pricing_price":"desde $0 \/ mes","pricing_price_caption":"comienza con el plan gratuito","pricing_benefits":[{"text":"Dominios ilimitados"},{"text":"Soporte gratuito y puntual"},{"text":"Servicio de instalaci\u00f3n gratuito"},{"text":"Precio especial para m\u00faltiples aplicaciones"}],"pricing_button_text":"A\u00f1adir al sitio web","pricing_button_url":"#demo"}],"related_apps_title":"","related_apps_hidden":"","author":"","image":[],"title":"","job":"","social_networks":[]},"_links":{"self":[{"href":"https:\/\/elfsight.com\/es\/wp-json\/wp\/v2\/pages\/6797","targetHints":{"allow":["GET"]}}],"collection":[{"href":"https:\/\/elfsight.com\/es\/wp-json\/wp\/v2\/pages"}],"about":[{"href":"https:\/\/elfsight.com\/es\/wp-json\/wp\/v2\/types\/page"}],"author":[{"embeddable":true,"href":"https:\/\/elfsight.com\/es\/wp-json\/wp\/v2\/users\/9"}],"replies":[{"embeddable":true,"href":"https:\/\/elfsight.com\/es\/wp-json\/wp\/v2\/comments?post=6797"}],"version-history":[{"count":2,"href":"https:\/\/elfsight.com\/es\/wp-json\/wp\/v2\/pages\/6797\/revisions"}],"predecessor-version":[{"id":19062,"href":"https:\/\/elfsight.com\/es\/wp-json\/wp\/v2\/pages\/6797\/revisions\/19062"}],"up":[{"embeddable":true,"href":"https:\/\/elfsight.com\/es\/wp-json\/wp\/v2\/pages\/1556"}],"wp:attachment":[{"href":"https:\/\/elfsight.com\/es\/wp-json\/wp\/v2\/media?parent=6797"}],"curies":[{"name":"wp","href":"https:\/\/api.w.org\/{rel}","templated":true}]}}