{"id":6795,"date":"1970-01-01T00:00:00","date_gmt":"1970-01-01T00:00:00","guid":{"rendered":"https:\/\/elfsight.com\/es\/?page_id=6795"},"modified":"2025-02-06T16:02:09","modified_gmt":"2025-02-06T16:02:09","slug":"bigcommerce","status":"publish","type":"page","link":"https:\/\/elfsight.com\/es\/vimeo-video-gallery-widget\/bigcommerce\/","title":{"rendered":"Vimeo Gallery &#8211; BigCommerce"},"content":{"rendered":"<div class=\"application-platform-content-item-description application-platform-content-item\" id=\"description\" data-nav-section=\"description\"> <h2>Descripci\u00f3n<\/h2> <p>Elfsight Gallery es una herramienta eficaz para todos los que necesitan insertar contenido de Vimeo en el sitio web. Tienes la oportunidad de crear listas de reproducci\u00f3n, mostrar un canal completo, elegir el mejor contenido de video para tu galer\u00eda y m\u00e1s. El widget de Elfsight tiene muchas opciones de dise\u00f1o, que ayudan a configurar la interfaz que se adaptar\u00e1 a diferentes casos. Tres dise\u00f1os ayudar\u00e1n a colocar los videos de manera \u00f3ptima, varios modos de reproducci\u00f3n har\u00e1n que ver sus videos sea c\u00f3modo en cualquier caso de uso. Usar el encabezado es f\u00e1cil, cu\u00e9ntale a todos sobre tu cuenta de Vimeo y aumenta los suscriptores. La aplicaci\u00f3n Elfsight Vimeo ser\u00e1 una manera f\u00e1cil no s\u00f3lo de aumentar la participaci\u00f3n, sino tambi\u00e9n de hacer crecer su negocio. <\/p> <div class=\"faq\" data-component=\"FAQ\"><div class=\"faq-item\">\r\n\t\t\t\t\t<div class=\"faq-item-question\">\r\n\t\t\t\t\t\t<h3 class=\"faq-item-question-text\">\u00bfD\u00f3nde puedo integrarlo?<\/h3>\r\n\r\n\t\t\t\t\t\t<div class=\"faq-item-question-icon\"><\/div>\r\n\t\t\t\t\t<\/div>\r\n\r\n\t\t\t\t\t<div class=\"faq-item-answer\">\r\n\t\t\t\t\t\t<div class=\"faq-item-answer-text\"> <p>Puedes incrustar el widget en la p\u00e1gina que elijas. En caso de que introduzcas el reproductor Vimeo en la plantilla, el widget aparecer\u00e1 en todas y cada una de las p\u00e1ginas.<\/p> <\/div>\r\n\t\t\t\t\t<\/div>\r\n\t\t\t\t<\/div><div class=\"faq-item\">\r\n\t\t\t\t\t<div class=\"faq-item-question\">\r\n\t\t\t\t\t\t<h3 class=\"faq-item-question-text\">\u00bfCu\u00e1les son las ventajas de tener Vimeo Gallery para m\u00ed?<\/h3>\r\n\r\n\t\t\t\t\t\t<div class=\"faq-item-question-icon\"><\/div>\r\n\t\t\t\t\t<\/div>\r\n\r\n\t\t\t\t\t<div class=\"faq-item-answer\">\r\n\t\t\t\t\t\t<div class=\"faq-item-answer-text\"> <p>Este complemento contribuir\u00e1 a aumentar el nivel de interacci\u00f3n en tu sitio con v\u00eddeos atractivos. La funci\u00f3n de suscripci\u00f3n r\u00e1pida te ayudar\u00e1 a tener nuevos seguidores en tu canal de Vimeo.<\/p><\/div>\r\n\t\t\t\t\t<\/div>\r\n\t\t\t\t<\/div> <div class=\"faq-item\">\r\n\t\t\t\t\t<div class=\"faq-item-question\">\r\n\t\t\t\t\t\t<h3 class=\"faq-item-question-text\">\u00bfC\u00f3mo puedo instalar el reproductor de video de Vimeo?<\/h3>\r\n\r\n\t\t\t\t\t\t<div class=\"faq-item-question-icon\"><\/div>\r\n\t\t\t\t\t<\/div>\r\n\r\n\t\t\t\t\t<div class=\"faq-item-answer\">\r\n\t\t\t\t\t\t<div class=\"faq-item-answer-text\"> <p>Solo necesitar\u00e1s dos minutos para comenzar a usar el widget. La integraci\u00f3n es s\u00faper r\u00e1pida, gratuita y sin codificaci\u00f3n. <\/p> <p>La galer\u00eda de v\u00eddeos de Elfsight Vimeo se puede introducir en nuestro servicio o a trav\u00e9s del mercado. Aqu\u00ed puedes comparar todos los detalles de las dos opciones y elegir la tuya. <\/p> <\/div>\r\n\t\t\t\t\t<\/div>\r\n\t\t\t\t<\/div> <\/div> <\/div> <div class=\"application-platform-content-item-features application-platform-content-item\" id=\"features\" data-nav-section=\"features\"> <h2>Caracter\u00edsticas<\/h2> <p>Para dar forma a una percepci\u00f3n clara del widget, consulte la lista de las funciones m\u00e1s valiosas. Hacen que el widget sea beneficioso para usted: <\/p> <ul><li>Incrustar dise\u00f1os listos para usar para diversas formas de ritmo de los videos: cuadr\u00edcula, lista de reproducci\u00f3n, control deslizante; <\/li><li>7 elementos intercambiables del encabezado del widget: nombre, estad\u00edsticas, descripci\u00f3n, bot\u00f3n de seguimiento, icono de perfil; <\/li><li>4 modos de reproducci\u00f3n listos para usar: emergente, reproductor, en l\u00ednea o en Vimeo; <\/li><li>Tres acciones una vez finalizado el v\u00eddeo: reproducir a continuaci\u00f3n, reproducir, ninguna; <\/li><\/ul><p><a href=\"#demo\">Nuestra demostraci\u00f3n en vivo le abrir\u00e1 todas las funciones<\/a><\/p> <\/div> <div class=\"application-platform-content-item-installation application-platform-content-item\" id=\"installation\" data-nav-section=\"installation\"> <h2>C\u00f3mo agregar el video de Vimeo a su sitio web de BigCommerce<\/h2><div class=\"video-container\"><iframe width=\"720\" height=\"405\" src=\"https:\/\/www.youtube.com\/embed\/wZAyVHu_GrM\" frameborder=\"0\"><\/iframe><\/div><p>Simplemente siga varios pasos que se detallan a continuaci\u00f3n para agregar el widget en BigCommerce.<\/p> <ol><li><b>Inicie nuestra demostraci\u00f3n gratuita y comience a dar forma a su Galer\u00eda Vimeo personalizada. <\/b><br> Especifique la forma y las funciones preferidas de la aplicaci\u00f3n y aplique las correcciones. <\/li> <li><b>Copia tu c\u00f3digo personal expuesto en el cuadro de Elfsight Apps. <\/b><br> Una vez completada la configuraci\u00f3n de su widget, copie el c\u00f3digo exclusivo en la ventana emergente emergente y gu\u00e1rdelo para futuras ocasiones. <\/li> <li><b>Comience a usar la aplicaci\u00f3n en su sitio BigCommerce. <\/b><br> Implemente el c\u00f3digo copiado anteriormente en su sitio y aplique los ajustes. <\/li> <li><b>La instalaci\u00f3n se ha realizado por completo. <\/b><br>Vaya a su sitio para comprobar el funcionamiento de la herramienta. <\/li><\/ol><p>\u00bfA\u00fan no puedes decidirte? \u00bfO tienes consultas? Simplemente escriba una solicitud a nuestro equipo de soporte, lo ayudaremos con cualquier asunto.<\/p> <\/div>","protected":false},"excerpt":{"rendered":"","protected":false},"author":9,"featured_media":0,"parent":1556,"menu_order":0,"comment_status":"closed","ping_status":"closed","template":"templates\/template-application-platform.php","meta":{"publish_to_discourse":"","publish_post_category":"","wpdc_auto_publish_overridden":"","wpdc_topic_tags":"","wpdc_pin_topic":"","wpdc_pin_until":"","discourse_post_id":"","discourse_permalink":"","wpdc_publishing_response":"","wpdc_publishing_error":"","footnotes":""},"class_list":["post-6795","page","type-page","status-publish","hentry"],"yoast_head":"<!-- This site is optimized with the Yoast SEO plugin v25.3.1 - https:\/\/yoast.com\/wordpress\/plugins\/seo\/ -->\n<title>Incruste la galer\u00eda de videos de Vimeo en el sitio web de BigCommerce (gratis y r\u00e1pido)<\/title>\n<meta name=\"description\" content=\"Es muy f\u00e1cil crear su aplicaci\u00f3n Vimeo Video Gallery e incrustarla en el sitio web de BigCommerce. La atenci\u00f3n al cliente de Elfsight es gratuita.\" \/>\n<meta name=\"robots\" content=\"index, follow, max-snippet:-1, max-image-preview:large, max-video-preview:-1\" \/>\n<link rel=\"canonical\" href=\"https:\/\/elfsight.com\/es\/vimeo-video-gallery-widget\/bigcommerce\/\" \/>\n<meta property=\"og:locale\" content=\"es_ES\" \/>\n<meta property=\"og:type\" content=\"article\" \/>\n<meta property=\"og:title\" content=\"Incruste la galer\u00eda de videos de Vimeo en el sitio web de BigCommerce (gratis y r\u00e1pido)\" \/>\n<meta property=\"og:description\" content=\"Es muy f\u00e1cil crear su aplicaci\u00f3n Vimeo Video Gallery e incrustarla en el sitio web de BigCommerce. La atenci\u00f3n al cliente de Elfsight es gratuita.\" \/>\n<meta property=\"og:url\" content=\"https:\/\/elfsight.com\/es\/vimeo-video-gallery-widget\/bigcommerce\/\" \/>\n<meta property=\"og:site_name\" content=\"Elfsight ES\" \/>\n<meta property=\"article:modified_time\" content=\"2025-02-06T16:02:09+00:00\" \/>\n<meta name=\"twitter:card\" content=\"summary_large_image\" \/>\n<meta name=\"twitter:label1\" content=\"Tiempo de lectura\" \/>\n\t<meta name=\"twitter:data1\" content=\"3 minutos\" \/>\n<!-- \/ Yoast SEO plugin. -->","yoast_head_json":{"title":"Incruste la galer\u00eda de videos de Vimeo en el sitio web de BigCommerce (gratis y r\u00e1pido)","description":"Es muy f\u00e1cil crear su aplicaci\u00f3n Vimeo Video Gallery e incrustarla en el sitio web de BigCommerce. La atenci\u00f3n al cliente de Elfsight es gratuita.","robots":{"index":"index","follow":"follow","max-snippet":"max-snippet:-1","max-image-preview":"max-image-preview:large","max-video-preview":"max-video-preview:-1"},"canonical":"https:\/\/elfsight.com\/es\/vimeo-video-gallery-widget\/bigcommerce\/","og_locale":"es_ES","og_type":"article","og_title":"Incruste la galer\u00eda de videos de Vimeo en el sitio web de BigCommerce (gratis y r\u00e1pido)","og_description":"Es muy f\u00e1cil crear su aplicaci\u00f3n Vimeo Video Gallery e incrustarla en el sitio web de BigCommerce. La atenci\u00f3n al cliente de Elfsight es gratuita.","og_url":"https:\/\/elfsight.com\/es\/vimeo-video-gallery-widget\/bigcommerce\/","og_site_name":"Elfsight ES","article_modified_time":"2025-02-06T16:02:09+00:00","twitter_card":"summary_large_image","twitter_misc":{"Tiempo de lectura":"3 minutos"},"schema":{"@context":"https:\/\/schema.org","@graph":[{"@type":"WebPage","@id":"https:\/\/elfsight.com\/es\/vimeo-video-gallery-widget\/bigcommerce\/","url":"https:\/\/elfsight.com\/es\/vimeo-video-gallery-widget\/bigcommerce\/","name":"Incruste la galer\u00eda de videos de Vimeo en el sitio web de BigCommerce (gratis y r\u00e1pido)","isPartOf":{"@id":"https:\/\/elfsight.com\/es\/#website"},"datePublished":"1970-01-01T00:00:00+00:00","dateModified":"2025-02-06T16:02:09+00:00","description":"Es muy f\u00e1cil crear su aplicaci\u00f3n Vimeo Video Gallery e incrustarla en el sitio web de BigCommerce. La atenci\u00f3n al cliente de Elfsight es gratuita.","breadcrumb":{"@id":"https:\/\/elfsight.com\/es\/vimeo-video-gallery-widget\/bigcommerce\/#breadcrumb"},"inLanguage":"es","potentialAction":[{"@type":"ReadAction","target":["https:\/\/elfsight.com\/es\/vimeo-video-gallery-widget\/bigcommerce\/"]}]},{"@type":"BreadcrumbList","@id":"https:\/\/elfsight.com\/es\/vimeo-video-gallery-widget\/bigcommerce\/#breadcrumb","itemListElement":[{"@type":"ListItem","position":1,"name":"Home","item":"https:\/\/elfsight.com\/es\/"},{"@type":"ListItem","position":2,"name":"Vimeo Gallery","item":"https:\/\/elfsight.com\/es\/vimeo-video-gallery-widget\/"},{"@type":"ListItem","position":3,"name":"Vimeo Gallery &#8211; BigCommerce"}]},{"@type":"WebSite","@id":"https:\/\/elfsight.com\/es\/#website","url":"https:\/\/elfsight.com\/es\/","name":"Elfsight ES","description":"Just another Elfsight Sites site","potentialAction":[{"@type":"SearchAction","target":{"@type":"EntryPoint","urlTemplate":"https:\/\/elfsight.com\/es\/?s={search_term_string}"},"query-input":{"@type":"PropertyValueSpecification","valueRequired":true,"valueName":"search_term_string"}}],"inLanguage":"es"}]}},"meta_box":{"industry":"","seo_heading":"","heading":"","description":"","cta_heading":"","cta_description":"","application":"1555","h1":"Galer\u00eda de v\u00eddeos de Vimeo de BigCommerce","h1_caption":"Incruste una galer\u00eda de videos de Vimeo, ofreciendo una manera perfecta de presentar su contenido de video en su sitio web de BigCommerce sin esfuerzo.","application_category":[],"applications_title":"","applications_request_title":"","applications_request_button_text":"","hero_text":"","hero_video":"","hero_video_schema_markup":"","selling_points_title":"","selling_points_caption":"","selling_points":[],"selling_points_cta_text":"","features_title":"","features":"","ed_cta_examples_text":"","ed_cta_examples_hidden":"","ed_cta_demo_text":"","ed_cta_demo_hidden":"","why_caption":"","why_editor_title":"","why_editor_text":"","why_team_title":"","why_team_text":"","why_service_title":"","why_service_text":"","template_catalog_visible":"","template_catalog_title":"","template_catalog_text":"","template_catalog_categories_visible":"","demo_title":"Crea tu aplicaci\u00f3n Galer\u00eda Vimeo","demo_caption":"\u00a1Configure su Galer\u00eda Vimeo y agr\u00e9guela a su sitio web BigCommerce gratis!","default_faq_hidden":"","app_template_category":[],"platform":"33","template_public_id":"","codecanyon_url":"","codecanyon_item_id":"","codecanyon_price":"","pricing_caption":"","pricing_elfsight_apps_hide_column":"","pricing_elfsight_apps_url":"","pricing_codecanyon_price_caption":"","integration_category":[],"integration_request_title":"","integration_request_cta":"","integration_platform":"","integrations":[],"platform_category":[],"video_schema_markup":"","price":"desde $0 \/ mes","trial":"","benefits":[{"text":"Asistencia de instalaci\u00f3n gratuita"},{"text":"Servicio al cliente profesional"},{"text":"Garant\u00eda de reembolso de 14 d\u00edas"},{"text":"Actualizaciones gratuitas de por vida"}],"button_url":"#demo","button_target_blank":"","button_nofollow":"","attributes":[{"name":"Instalaciones","content":"10,000 - 100,000"},{"name":"Sensible","content":"S\u00ed"},{"name":"Navegadores compatibles","content":"Firefox, Safari, Opera, Chrome, Edge"}],"tags":[],"tags_disable_links":"","hide_more_platforms":"","video_object":"","demo_hide_cta":"","demo_hide_cloud_options":"","pricing_title":"","pricing":[{"pricing_icon":"platform","pricing_title":"Elfsight Apps","pricing_title_caption":"Versi\u00f3n multiplataforma","pricing_price":"desde $0 \/ mes","pricing_price_caption":"comienza con el plan gratuito","pricing_benefits":[{"text":"Sitios web ilimitados"},{"text":"Soporte 24 horas al d\u00eda, 7 d\u00edas a la semana, puntual y bien documentado."},{"text":"Ayuda de instalaci\u00f3n gratuita"},{"text":"100% personalizable"}],"pricing_button_text":"A\u00f1adir al sitio web","pricing_button_url":"#demo"}],"related_apps_title":"","related_apps_hidden":"","author":"","image":[],"title":"","job":"","social_networks":[]},"_links":{"self":[{"href":"https:\/\/elfsight.com\/es\/wp-json\/wp\/v2\/pages\/6795","targetHints":{"allow":["GET"]}}],"collection":[{"href":"https:\/\/elfsight.com\/es\/wp-json\/wp\/v2\/pages"}],"about":[{"href":"https:\/\/elfsight.com\/es\/wp-json\/wp\/v2\/types\/page"}],"author":[{"embeddable":true,"href":"https:\/\/elfsight.com\/es\/wp-json\/wp\/v2\/users\/9"}],"replies":[{"embeddable":true,"href":"https:\/\/elfsight.com\/es\/wp-json\/wp\/v2\/comments?post=6795"}],"version-history":[{"count":2,"href":"https:\/\/elfsight.com\/es\/wp-json\/wp\/v2\/pages\/6795\/revisions"}],"predecessor-version":[{"id":19064,"href":"https:\/\/elfsight.com\/es\/wp-json\/wp\/v2\/pages\/6795\/revisions\/19064"}],"up":[{"embeddable":true,"href":"https:\/\/elfsight.com\/es\/wp-json\/wp\/v2\/pages\/1556"}],"wp:attachment":[{"href":"https:\/\/elfsight.com\/es\/wp-json\/wp\/v2\/media?parent=6795"}],"curies":[{"name":"wp","href":"https:\/\/api.w.org\/{rel}","templated":true}]}}