{"id":6762,"date":"1970-01-01T00:00:00","date_gmt":"1970-01-01T00:00:00","guid":{"rendered":"https:\/\/elfsight.com\/es\/?page_id=6762"},"modified":"2025-02-06T16:02:17","modified_gmt":"2025-02-06T16:02:17","slug":"jimdo","status":"publish","type":"page","link":"https:\/\/elfsight.com\/es\/event-calendar-widget\/jimdo\/","title":{"rendered":"Event Calendar &#8211; Jimdo"},"content":{"rendered":"<div class=\"application-platform-content-item-description application-platform-content-item\" id=\"description\" data-nav-section=\"description\"> <h2>Incrustar calendario de eventos con el widget Elfsight<\/h2> <p>Elfsight Events Calendar es una herramienta impresionante que le permite compartir f\u00e1cilmente sus actividades con el resto del mundo. Presenta una gran cantidad de oportunidades para mostrar las pr\u00f3ximas actividades de la manera m\u00e1s llamativa. Personal\u00edzalo para fusionar el dise\u00f1o con el estilo de tu sitio web. Cree una cantidad ilimitada de eventos, agregue diferentes etiquetas, cargue sus propias im\u00e1genes y videos y mantenga a sus visitantes informados sobre su agenda. <\/p><p><b>Nuestro calendario de eventos puede ayudarle a mostrar de manera atractiva sus pr\u00f3ximos eventos y aumentar la tasa de participaci\u00f3n en su sitio. <\/b><\/p><\/div> <div class=\"application-platform-content-item-features application-platform-content-item\" id=\"features\" data-nav-section=\"features\"> <h2>Caracter\u00edsticas principales del widget de calendario de eventos<\/h2> <ul><li>Utilice oportunidades de contenido adaptables para comprender un calendario para su tipo de eventos. <\/li><li>Brinde a los usuarios la oportunidad de agregar eventos a sus calendarios de uso com\u00fan. <\/li><li>Cree varios tipos de eventos, agregue anfitriones y marque ubicaciones. <\/li><li>as\u00edgnales etiquetas y clasifica todas tus actividades. <\/li><li>Cambie entre 4 variantes de dise\u00f1o. <\/li><\/ul><p><a href=\"#demo\">Puedes sentir lo que vale la pena probar con la demostraci\u00f3n<\/a><\/p> <\/div> <div class=\"application-platform-content-item-installation application-platform-content-item\" id=\"installation\" data-nav-section=\"installation\"> <h2>\u00bfC\u00f3mo puedo insertar el calendario de eventos en mi p\u00e1gina web de Jimdo? <\/h2> <p>Simplemente aplique las instrucciones a continuaci\u00f3n para integrar la herramienta. <\/p> <ol><li><b>Utiliza nuestro editor gratuito y comienza a construir tu propio instrumento. <\/b><br> Especifique la interfaz y las opciones preferidas del widget y guarde las ediciones. <\/li> <li><b>Adquiera su c\u00f3digo \u00fanico que aparece en el formulario especial de Elfsight Apps. <\/b><br> Inmediatamente despu\u00e9s de configurar su widget personal, copie el c\u00f3digo exclusivo en el cuadro que aparece y gu\u00e1rdelo para su uso posterior. <\/li> <li><b>Empieza a utilizar la herramienta en tu sitio web Jimdo. <\/b><br> Pegue el c\u00f3digo guardado anteriormente en su p\u00e1gina y guarde las ediciones. <\/li> <li><b>La instalaci\u00f3n se ha realizado por completo. <\/b><br>Vaya a su p\u00e1gina para inspeccionar el rendimiento del widget. <\/li><\/ol> <p>Si tiene alguna dificultad, no dude en ponerse en contacto con nuestro equipo de soporte. Nuestra gente estar\u00e1 encantada de resolver todos los problemas que puedas tener con el producto. <\/p> <\/div><div class=\"faq\" data-component=\"FAQ\"><div class=\"faq-item\">\r\n\t\t\t\t\t<div class=\"faq-item-question\">\r\n\t\t\t\t\t\t<h3 class=\"faq-item-question-text\">\u00bfExiste alg\u00fan m\u00e9todo para agregar un calendario de eventos a mi p\u00e1gina web Jimdo sin codificaci\u00f3n?<\/h3>\r\n\r\n\t\t\t\t\t\t<div class=\"faq-item-question-icon\"><\/div>\r\n\t\t\t\t\t<\/div>\r\n\r\n\t\t\t\t\t<div class=\"faq-item-answer\">\r\n\t\t\t\t\t\t<div class=\"faq-item-answer-text\"><p>La empresa Elfsight presenta una soluci\u00f3n SaaS que permite a los usuarios crear una aplicaci\u00f3n de calendario de eventos por s\u00ed mismos. Descubra lo sencillo que es: <\/p><ul><li>Vaya a la demostraci\u00f3n en l\u00ednea para generar un widget de calendario de eventos desea incrustar en la p\u00e1gina web de Jimdo.<\/li><li>Elija una de las plantillas predise\u00f1adas y cambie la configuraci\u00f3n del Calendario de eventos, incluya su contenido, modifique el dise\u00f1o y los colores sin conocimientos de codificaci\u00f3n.<\/li><li>Guarde el Calendario de eventos y copie el c\u00f3digo de instalaci\u00f3n, que se puede agregar f\u00e1cilmente en la p\u00e1gina web de Jimdo sin comprar una versi\u00f3n paga. <\/li><\/ul><p>Con nuestro Configurador f\u00e1cil de usar, cada usuario de Internet puede generar un calendario de eventos en l\u00ednea e incrustarlo f\u00e1cilmente en cualquier sitio Jimdo. No es necesario obtener un plan pago ni enviar las credenciales de su tarjeta para acceder al servicio. Si encuentra alg\u00fan problema en cualquier paso, no dude en comunicarse con nuestro servicio de atenci\u00f3n al cliente.<\/p><\/div>\r\n\t\t\t\t\t<\/div>\r\n\t\t\t\t<\/div><\/div>","protected":false},"excerpt":{"rendered":"","protected":false},"author":9,"featured_media":0,"parent":1575,"menu_order":0,"comment_status":"closed","ping_status":"closed","template":"templates\/template-application-platform.php","meta":{"publish_to_discourse":"","publish_post_category":"","wpdc_auto_publish_overridden":"","wpdc_topic_tags":"","wpdc_pin_topic":"","wpdc_pin_until":"","discourse_post_id":"","discourse_permalink":"","wpdc_publishing_response":"","wpdc_publishing_error":"","footnotes":""},"class_list":["post-6762","page","type-page","status-publish","hentry"],"yoast_head":"<!-- This site is optimized with the Yoast SEO plugin v25.3.1 - https:\/\/yoast.com\/wordpress\/plugins\/seo\/ -->\n<title>Calendario de eventos: a\u00f1adir widget de calendario al sitio web de Jimdo [2025]<\/title>\n<meta name=\"description\" content=\"Con Elfsight, dise\u00f1a tu widget de Calendario de eventos y agr\u00e9galo a un sitio web de Jimdo r\u00e1pidamente. Ofrecemos atenci\u00f3n al cliente gratuita y otras bonificaciones.\" \/>\n<meta name=\"robots\" content=\"index, follow, max-snippet:-1, max-image-preview:large, max-video-preview:-1\" \/>\n<link rel=\"canonical\" href=\"https:\/\/elfsight.com\/es\/event-calendar-widget\/jimdo\/\" \/>\n<meta property=\"og:locale\" content=\"es_ES\" \/>\n<meta property=\"og:type\" content=\"article\" \/>\n<meta property=\"og:title\" content=\"Calendario de eventos: a\u00f1adir widget de calendario al sitio web de Jimdo [2025]\" \/>\n<meta property=\"og:description\" content=\"Con Elfsight, dise\u00f1a tu widget de Calendario de eventos y agr\u00e9galo a un sitio web de Jimdo r\u00e1pidamente. Ofrecemos atenci\u00f3n al cliente gratuita y otras bonificaciones.\" \/>\n<meta property=\"og:url\" content=\"https:\/\/elfsight.com\/es\/event-calendar-widget\/jimdo\/\" \/>\n<meta property=\"og:site_name\" content=\"Elfsight ES\" \/>\n<meta property=\"article:modified_time\" content=\"2025-02-06T16:02:17+00:00\" \/>\n<meta name=\"twitter:card\" content=\"summary_large_image\" \/>\n<meta name=\"twitter:label1\" content=\"Tiempo de lectura\" \/>\n\t<meta name=\"twitter:data1\" content=\"3 minutos\" \/>\n<!-- \/ Yoast SEO plugin. -->","yoast_head_json":{"title":"Calendario de eventos: a\u00f1adir widget de calendario al sitio web de Jimdo [2025]","description":"Con Elfsight, dise\u00f1a tu widget de Calendario de eventos y agr\u00e9galo a un sitio web de Jimdo r\u00e1pidamente. Ofrecemos atenci\u00f3n al cliente gratuita y otras bonificaciones.","robots":{"index":"index","follow":"follow","max-snippet":"max-snippet:-1","max-image-preview":"max-image-preview:large","max-video-preview":"max-video-preview:-1"},"canonical":"https:\/\/elfsight.com\/es\/event-calendar-widget\/jimdo\/","og_locale":"es_ES","og_type":"article","og_title":"Calendario de eventos: a\u00f1adir widget de calendario al sitio web de Jimdo [2025]","og_description":"Con Elfsight, dise\u00f1a tu widget de Calendario de eventos y agr\u00e9galo a un sitio web de Jimdo r\u00e1pidamente. Ofrecemos atenci\u00f3n al cliente gratuita y otras bonificaciones.","og_url":"https:\/\/elfsight.com\/es\/event-calendar-widget\/jimdo\/","og_site_name":"Elfsight ES","article_modified_time":"2025-02-06T16:02:17+00:00","twitter_card":"summary_large_image","twitter_misc":{"Tiempo de lectura":"3 minutos"},"schema":{"@context":"https:\/\/schema.org","@graph":[{"@type":"WebPage","@id":"https:\/\/elfsight.com\/es\/event-calendar-widget\/jimdo\/","url":"https:\/\/elfsight.com\/es\/event-calendar-widget\/jimdo\/","name":"Calendario de eventos: a\u00f1adir widget de calendario al sitio web de Jimdo [2025]","isPartOf":{"@id":"https:\/\/elfsight.com\/es\/#website"},"datePublished":"1970-01-01T00:00:00+00:00","dateModified":"2025-02-06T16:02:17+00:00","description":"Con Elfsight, dise\u00f1a tu widget de Calendario de eventos y agr\u00e9galo a un sitio web de Jimdo r\u00e1pidamente. Ofrecemos atenci\u00f3n al cliente gratuita y otras bonificaciones.","breadcrumb":{"@id":"https:\/\/elfsight.com\/es\/event-calendar-widget\/jimdo\/#breadcrumb"},"inLanguage":"es","potentialAction":[{"@type":"ReadAction","target":["https:\/\/elfsight.com\/es\/event-calendar-widget\/jimdo\/"]}]},{"@type":"BreadcrumbList","@id":"https:\/\/elfsight.com\/es\/event-calendar-widget\/jimdo\/#breadcrumb","itemListElement":[{"@type":"ListItem","position":1,"name":"Home","item":"https:\/\/elfsight.com\/es\/"},{"@type":"ListItem","position":2,"name":"Event Calendar","item":"https:\/\/elfsight.com\/es\/event-calendar-widget\/"},{"@type":"ListItem","position":3,"name":"Event Calendar &#8211; Jimdo"}]},{"@type":"WebSite","@id":"https:\/\/elfsight.com\/es\/#website","url":"https:\/\/elfsight.com\/es\/","name":"Elfsight ES","description":"Just another Elfsight Sites site","potentialAction":[{"@type":"SearchAction","target":{"@type":"EntryPoint","urlTemplate":"https:\/\/elfsight.com\/es\/?s={search_term_string}"},"query-input":{"@type":"PropertyValueSpecification","valueRequired":true,"valueName":"search_term_string"}}],"inLanguage":"es"}]}},"meta_box":{"industry":"","seo_heading":"","heading":"","description":"","cta_heading":"","cta_description":"","application":"1574","h1":"Widget de calendario de eventos de Jimdo","h1_caption":"Gestiona y comparte eventos en tu sitio web con un calendario de eventos interactivo y f\u00e1cil de usar en tu sitio web Jimdo sin esfuerzo.","application_category":[],"applications_title":"","applications_request_title":"","applications_request_button_text":"","hero_text":"","hero_video":"","hero_video_schema_markup":"","selling_points_title":"","selling_points_caption":"","selling_points":[],"selling_points_cta_text":"","features_title":"","features":"","ed_cta_examples_text":"","ed_cta_examples_hidden":"","ed_cta_demo_text":"","ed_cta_demo_hidden":"","why_caption":"","why_editor_title":"","why_editor_text":"","why_team_title":"","why_team_text":"","why_service_title":"","why_service_text":"","template_catalog_visible":"","template_catalog_title":"","template_catalog_text":"","template_catalog_categories_visible":"","demo_title":"Crea tu widget de calendario de eventos","demo_caption":"\u00a1Configura tu Calendario de Eventos y a\u00f1\u00e1delo a tu sitio web Jimdo gratis!","default_faq_hidden":"","app_template_category":[],"platform":"2198","template_public_id":"","codecanyon_url":"","codecanyon_item_id":"","codecanyon_price":"","pricing_caption":"","pricing_elfsight_apps_hide_column":"","pricing_elfsight_apps_url":"","pricing_codecanyon_price_caption":"","integration_category":[],"integration_request_title":"","integration_request_cta":"","integration_platform":"","integrations":[],"platform_category":[],"video_schema_markup":"","price":"desde $0 \/ mes","trial":"","benefits":[{"text":"Asistencia de instalaci\u00f3n gratuita"},{"text":"Servicio al cliente competente"},{"text":"Garant\u00eda de devoluci\u00f3n de dinero de 14 d\u00edas"},{"text":"Actualizaciones de por vida"}],"button_url":"#demo","button_target_blank":"","button_nofollow":"","attributes":[{"name":"Instalaciones","content":"100,000 - 500,000"},{"name":"Sensible","content":"S\u00ed"},{"name":"Navegadores compatibles","content":"Firefox, Safari, Opera, Chrome, Edge"}],"tags":[],"tags_disable_links":"","hide_more_platforms":"","video_object":"","demo_hide_cta":"","demo_hide_cloud_options":"","pricing_title":"","pricing":[{"pricing_icon":"platform","pricing_title":"Elfsight Apps","pricing_title_caption":"Versi\u00f3n multiplataforma que funciona en cualquier sitio web.","pricing_price":"desde $0 \/ mes","pricing_price_caption":"comienza con el plan gratuito","pricing_benefits":[{"text":"Dominios ilimitados"},{"text":"Atenci\u00f3n al cliente 24 horas al d\u00eda, 7 d\u00edas a la semana y bien documentada."},{"text":"Ayuda de instalaci\u00f3n gratuita"},{"text":"100% personalizable"}],"pricing_button_text":"A\u00f1adir al sitio web","pricing_button_url":"#demo"}],"related_apps_title":"","related_apps_hidden":"","author":"","image":[],"title":"","job":"","social_networks":[]},"_links":{"self":[{"href":"https:\/\/elfsight.com\/es\/wp-json\/wp\/v2\/pages\/6762","targetHints":{"allow":["GET"]}}],"collection":[{"href":"https:\/\/elfsight.com\/es\/wp-json\/wp\/v2\/pages"}],"about":[{"href":"https:\/\/elfsight.com\/es\/wp-json\/wp\/v2\/types\/page"}],"author":[{"embeddable":true,"href":"https:\/\/elfsight.com\/es\/wp-json\/wp\/v2\/users\/9"}],"replies":[{"embeddable":true,"href":"https:\/\/elfsight.com\/es\/wp-json\/wp\/v2\/comments?post=6762"}],"version-history":[{"count":2,"href":"https:\/\/elfsight.com\/es\/wp-json\/wp\/v2\/pages\/6762\/revisions"}],"predecessor-version":[{"id":19067,"href":"https:\/\/elfsight.com\/es\/wp-json\/wp\/v2\/pages\/6762\/revisions\/19067"}],"up":[{"embeddable":true,"href":"https:\/\/elfsight.com\/es\/wp-json\/wp\/v2\/pages\/1575"}],"wp:attachment":[{"href":"https:\/\/elfsight.com\/es\/wp-json\/wp\/v2\/media?parent=6762"}],"curies":[{"name":"wp","href":"https:\/\/api.w.org\/{rel}","templated":true}]}}