{"id":6733,"date":"1970-01-01T00:00:00","date_gmt":"1970-01-01T00:00:00","guid":{"rendered":"https:\/\/elfsight.com\/es\/?page_id=6733"},"modified":"2025-02-06T16:02:17","modified_gmt":"2025-02-06T16:02:17","slug":"wix","status":"publish","type":"page","link":"https:\/\/elfsight.com\/es\/team-showcase-widget\/wix\/","title":{"rendered":"Team Showcase &#8211; Wix"},"content":{"rendered":"<div class=\"application-platform-content-item-description application-platform-content-item\" id=\"description\" data-nav-section=\"description\"> <h2>Descripci\u00f3n<\/h2> <p>Nuestro widget se convertir\u00e1 en la herramienta m\u00e1s sencilla para mostrar a los miembros de su equipo en su sitio. Ayuda a informar sobre cualquier tipo de equipo: compa\u00f1eros de negocios, miembros de clubes deportivos, profesores, estructura de la empresa y m\u00e1s. Sube una imagen, publica informaci\u00f3n de contacto y un mensaje \u00fanico sobre cada miembro de tu equipo. Los usuarios tendr\u00e1n la posibilidad de dirigirse a ellos en el mismo segundo utilizando enlaces activos o \u00edconos sociales. Puede establecer grupos y demostrar la estructura de su equipo, seleccionar dise\u00f1os, colores y otros. \u00a1Eleva la credibilidad de tu negocio, mostrando su imagen humana! <\/p><div class=\"faq\" data-component=\"FAQ\"> <div class=\"faq-item\">\r\n\t\t\t\t\t<div class=\"faq-item-question\">\r\n\t\t\t\t\t\t<h3 class=\"faq-item-question-text\">\u00bfD\u00f3nde puedo agregarlo?<\/h3>\r\n\r\n\t\t\t\t\t\t<div class=\"faq-item-question-icon\"><\/div>\r\n\t\t\t\t\t<\/div>\r\n\r\n\t\t\t\t\t<div class=\"faq-item-answer\">\r\n\t\t\t\t\t\t<div class=\"faq-item-answer-text\"> <p>Muestra el widget en cualquier p\u00e1gina del sitio web donde creas que es adecuado. Puede funcionar como uno de los elementos del \u00e1rea de contenido o llenar toda la p\u00e1gina. De esta manera, puede crear su p\u00e1gina Acerca de nosotros mediante el widget. <\/p><\/div>\r\n\t\t\t\t\t<\/div>\r\n\t\t\t\t<\/div> <div class=\"faq-item\">\r\n\t\t\t\t\t<div class=\"faq-item-question\">\r\n\t\t\t\t\t\t<h3 class=\"faq-item-question-text\">\u00bfQu\u00e9 ventajas me dar\u00e1? <\/h3>\r\n\r\n\t\t\t\t\t\t<div class=\"faq-item-question-icon\"><\/div>\r\n\t\t\t\t\t<\/div>\r\n\r\n\t\t\t\t\t<div class=\"faq-item-answer\">\r\n\t\t\t\t\t\t<div class=\"faq-item-answer-text\"> <p>Presentar a las personas reales involucradas en su empresa aumenta su transparencia y aumenta la confiabilidad percibida de su negocio. Hace que los visitantes est\u00e9n seguros de que su empresa es un socio s\u00f3lido y puede generar m\u00e1s clientes potenciales y nuevos clientes. Adem\u00e1s, ser\u00e1 m\u00e1s f\u00e1cil contactar a sus colegas haciendo clic en los enlaces del widget. <\/p><\/div>\r\n\t\t\t\t\t<\/div>\r\n\t\t\t\t<\/div> <div class=\"faq-item\">\r\n\t\t\t\t\t<div class=\"faq-item-question\">\r\n\t\t\t\t\t\t<h3 class=\"faq-item-question-text\">\u00bfQu\u00e9 necesito para agregar Team Showcase en mi sitio Wix? <\/h3>\r\n\r\n\t\t\t\t\t\t<div class=\"faq-item-question-icon\"><\/div>\r\n\t\t\t\t\t<\/div>\r\n\r\n\t\t\t\t\t<div class=\"faq-item-answer\">\r\n\t\t\t\t\t\t<div class=\"faq-item-answer-text\"> <p>Solo necesitar\u00e1s tres minutos de tu tiempo para activar el widget. Es muy r\u00e1pido, gratuito y sin codificaci\u00f3n. <\/p> <ol> <li>Existe una opci\u00f3n para configurar Team Showcase en el sitio directamente a trav\u00e9s de nuestro servicio. Para hacerlo, siga los pasos de la gu\u00eda a continuaci\u00f3n en esta p\u00e1gina. <\/li> <li>Elfsight Team Showcase se puede configurar a trav\u00e9s de nuestro servicio o del mercado. Puedes ver las ventajas de estas variantes y elegir la tuya. <\/li> <\/ol> <\/div>\r\n\t\t\t\t\t<\/div>\r\n\t\t\t\t<\/div> <\/div> <\/div> <div class=\"application-platform-content-item-features application-platform-content-item\" id=\"features\" data-nav-section=\"features\"> <h2>Caracter\u00edsticas<\/h2> <p>Para dar forma a una comprensi\u00f3n clara de Team Showcase, descubra la lista de los principales aspectos. Hacen que nuestro widget sea m\u00e1s efectivo para su promoci\u00f3n: <\/p> <ul><li>\u00cdconos activos de redes sociales y enlaces a sitios y direcciones de correo electr\u00f3nico; <\/li><li>La ubicaci\u00f3n de la persona se revela en Google Maps cuando se hace clic; <\/li><li>La ventana emergente muestra m\u00e1s detalles sobre un miembro del equipo; <\/li><li>2 posibilidades para mostrar categor\u00edas: en una lista general o con men\u00fa; <\/li><li>4 opciones de dise\u00f1o: Cuadr\u00edcula, Tarjetas, Galer\u00eda, Lista. <\/li><\/ul><p>Nuestra demostraci\u00f3n en vivo le abrir\u00e1 todas las funciones<\/p> <\/div> <div class=\"application-platform-content-item-installation application-platform-content-item\" id=\"installation\" data-nav-section=\"installation\"> <h2>Aqu\u00ed se explica c\u00f3mo introducir el widget Team Showcase en su p\u00e1gina Wix.<\/h2> <div class=\"video-container\"><iframe width=\"720\" height=\"405\" src=\"https:\/\/www.youtube.com\/embed\/j8cRldskcGA\" frameborder=\"0\"><\/iframe><\/div><p>Las siguientes acciones son lo \u00fanico que debe hacer. <\/p> <ol><li><b>Construya su propio complemento Team Showcase<\/b><br> Al administrar nuestro editor gratuito, cree un complemento con una composici\u00f3n y funciones seleccionadas. <\/li><li><b>Copia el c\u00f3digo individual para agregar el complemento<\/b><br> Despu\u00e9s de haber configurado tu widget, obtendr\u00e1s el c\u00f3digo de instalaci\u00f3n en la ventana emergente de Elfsight Apps. Copia el c\u00f3digo. <\/li> <li><b>Publica el complemento en tu sitio web Wix<\/b><br> Elige el \u00e1rea donde deseas agregar el complemento y pega el c\u00f3digo guardado all\u00ed. Publicar las ediciones. <\/li> <li><b>\u00a1Ya terminaste! <\/b><br>Ingrese a la p\u00e1gina web, para verificar su complemento. <\/li> <\/ol><p>\u00bfA\u00fan dudas de algo? \u00bfO tener problemas? Una sola solicitud a nuestro servicio de atenci\u00f3n al cliente le ayudar\u00e1 con todos los problemas. <\/p> <\/div>","protected":false},"excerpt":{"rendered":"","protected":false},"author":9,"featured_media":0,"parent":1596,"menu_order":0,"comment_status":"closed","ping_status":"closed","template":"templates\/template-application-platform.php","meta":{"publish_to_discourse":"","publish_post_category":"","wpdc_auto_publish_overridden":"","wpdc_topic_tags":"","wpdc_pin_topic":"","wpdc_pin_until":"","discourse_post_id":"","discourse_permalink":"","wpdc_publishing_response":"","wpdc_publishing_error":"","footnotes":""},"class_list":["post-6733","page","type-page","status-publish","hentry"],"yoast_head":"<!-- This site is optimized with the Yoast SEO plugin v25.3.1 - https:\/\/yoast.com\/wordpress\/plugins\/seo\/ -->\n<title>Agrega la aplicaci\u00f3n Team Showcase al sitio web de Wix (r\u00e1pido y gratis)<\/title>\n<meta name=\"description\" content=\"Es muy f\u00e1cil crear tu aplicaci\u00f3n Team Showcase y publicarla en tu sitio web Wix. El servicio al cliente de Elfsight es gratuito.\" \/>\n<meta name=\"robots\" content=\"index, follow, max-snippet:-1, max-image-preview:large, max-video-preview:-1\" \/>\n<link rel=\"canonical\" href=\"https:\/\/elfsight.com\/es\/team-showcase-widget\/wix\/\" \/>\n<meta property=\"og:locale\" content=\"es_ES\" \/>\n<meta property=\"og:type\" content=\"article\" \/>\n<meta property=\"og:title\" content=\"Agrega la aplicaci\u00f3n Team Showcase al sitio web de Wix (r\u00e1pido y gratis)\" \/>\n<meta property=\"og:description\" content=\"Es muy f\u00e1cil crear tu aplicaci\u00f3n Team Showcase y publicarla en tu sitio web Wix. El servicio al cliente de Elfsight es gratuito.\" \/>\n<meta property=\"og:url\" content=\"https:\/\/elfsight.com\/es\/team-showcase-widget\/wix\/\" \/>\n<meta property=\"og:site_name\" content=\"Elfsight ES\" \/>\n<meta property=\"article:modified_time\" content=\"2025-02-06T16:02:17+00:00\" \/>\n<meta name=\"twitter:card\" content=\"summary_large_image\" \/>\n<meta name=\"twitter:label1\" content=\"Tiempo de lectura\" \/>\n\t<meta name=\"twitter:data1\" content=\"3 minutos\" \/>\n<!-- \/ Yoast SEO plugin. -->","yoast_head_json":{"title":"Agrega la aplicaci\u00f3n Team Showcase al sitio web de Wix (r\u00e1pido y gratis)","description":"Es muy f\u00e1cil crear tu aplicaci\u00f3n Team Showcase y publicarla en tu sitio web Wix. El servicio al cliente de Elfsight es gratuito.","robots":{"index":"index","follow":"follow","max-snippet":"max-snippet:-1","max-image-preview":"max-image-preview:large","max-video-preview":"max-video-preview:-1"},"canonical":"https:\/\/elfsight.com\/es\/team-showcase-widget\/wix\/","og_locale":"es_ES","og_type":"article","og_title":"Agrega la aplicaci\u00f3n Team Showcase al sitio web de Wix (r\u00e1pido y gratis)","og_description":"Es muy f\u00e1cil crear tu aplicaci\u00f3n Team Showcase y publicarla en tu sitio web Wix. El servicio al cliente de Elfsight es gratuito.","og_url":"https:\/\/elfsight.com\/es\/team-showcase-widget\/wix\/","og_site_name":"Elfsight ES","article_modified_time":"2025-02-06T16:02:17+00:00","twitter_card":"summary_large_image","twitter_misc":{"Tiempo de lectura":"3 minutos"},"schema":{"@context":"https:\/\/schema.org","@graph":[{"@type":"WebPage","@id":"https:\/\/elfsight.com\/es\/team-showcase-widget\/wix\/","url":"https:\/\/elfsight.com\/es\/team-showcase-widget\/wix\/","name":"Agrega la aplicaci\u00f3n Team Showcase al sitio web de Wix (r\u00e1pido y gratis)","isPartOf":{"@id":"https:\/\/elfsight.com\/es\/#website"},"datePublished":"1970-01-01T00:00:00+00:00","dateModified":"2025-02-06T16:02:17+00:00","description":"Es muy f\u00e1cil crear tu aplicaci\u00f3n Team Showcase y publicarla en tu sitio web Wix. El servicio al cliente de Elfsight es gratuito.","breadcrumb":{"@id":"https:\/\/elfsight.com\/es\/team-showcase-widget\/wix\/#breadcrumb"},"inLanguage":"es","potentialAction":[{"@type":"ReadAction","target":["https:\/\/elfsight.com\/es\/team-showcase-widget\/wix\/"]}]},{"@type":"BreadcrumbList","@id":"https:\/\/elfsight.com\/es\/team-showcase-widget\/wix\/#breadcrumb","itemListElement":[{"@type":"ListItem","position":1,"name":"Home","item":"https:\/\/elfsight.com\/es\/"},{"@type":"ListItem","position":2,"name":"Team Showcase","item":"https:\/\/elfsight.com\/es\/team-showcase-widget\/"},{"@type":"ListItem","position":3,"name":"Team Showcase &#8211; Wix"}]},{"@type":"WebSite","@id":"https:\/\/elfsight.com\/es\/#website","url":"https:\/\/elfsight.com\/es\/","name":"Elfsight ES","description":"Just another Elfsight Sites site","potentialAction":[{"@type":"SearchAction","target":{"@type":"EntryPoint","urlTemplate":"https:\/\/elfsight.com\/es\/?s={search_term_string}"},"query-input":{"@type":"PropertyValueSpecification","valueRequired":true,"valueName":"search_term_string"}}],"inLanguage":"es"}]}},"meta_box":{"industry":"","seo_heading":"","heading":"","description":"","cta_heading":"","cta_description":"","application":"1595","h1":"Aplicaci\u00f3n Wix Team Showcase","h1_caption":"Presenta a los miembros de tu equipo de una manera profesional y visualmente atractiva, generando confianza y conexi\u00f3n con tu audiencia en tu sitio web Wix sin esfuerzo.","application_category":[],"applications_title":"","applications_request_title":"","applications_request_button_text":"","hero_text":"","hero_video":"","hero_video_schema_markup":"","selling_points_title":"","selling_points_caption":"","selling_points":[],"selling_points_cta_text":"","features_title":"","features":"","ed_cta_examples_text":"","ed_cta_examples_hidden":"","ed_cta_demo_text":"","ed_cta_demo_hidden":"","why_caption":"","why_editor_title":"","why_editor_text":"","why_team_title":"","why_team_text":"","why_service_title":"","why_service_text":"","template_catalog_visible":"","template_catalog_title":"","template_catalog_text":"","template_catalog_categories_visible":"","demo_title":"Crea tu aplicaci\u00f3n Team Showcase","demo_caption":"\u00a1Configura tu Team Showcase y agr\u00e9galo a tu sitio web Wix gratis!","default_faq_hidden":"","app_template_category":[],"platform":"112","template_public_id":"","codecanyon_url":"","codecanyon_item_id":"","codecanyon_price":"","pricing_caption":"","pricing_elfsight_apps_hide_column":"","pricing_elfsight_apps_url":"","pricing_codecanyon_price_caption":"","integration_category":[],"integration_request_title":"","integration_request_cta":"","integration_platform":"","integrations":[],"platform_category":[],"video_schema_markup":"","price":"desde $0 \/ mes","trial":"","benefits":[{"text":"Ayuda de instalaci\u00f3n gratuita"},{"text":"Atenci\u00f3n al cliente experimentada"},{"text":"Garant\u00eda de devoluci\u00f3n de dinero de 14 d\u00edas"},{"text":"Desarrollo continuo"}],"button_url":"#demo","button_target_blank":"","button_nofollow":"","attributes":[{"name":"Instalaciones","content":"10,000 - 100,000"},{"name":"Sensible","content":"S\u00ed"},{"name":"Navegadores compatibles","content":"Firefox, Safari, Opera, Chrome, Edge"}],"tags":[],"tags_disable_links":"","hide_more_platforms":"","video_object":"","demo_hide_cta":"","demo_hide_cloud_options":"","pricing_title":"","pricing":[{"pricing_icon":"platform","pricing_title":"Elfsight Apps","pricing_title_caption":"Soluci\u00f3n multiplataforma que funciona en cualquier sitio","pricing_price":"desde $0 \/ mes","pricing_price_caption":"comienza con el plan gratuito","pricing_benefits":[{"text":"Sitios web ilimitados"},{"text":"Soporte r\u00e1pido y puntual"},{"text":"Asistencia de instalaci\u00f3n gratuita"},{"text":"Oferta especial para m\u00faltiples aplicaciones."}],"pricing_button_text":"A\u00f1adir al sitio web","pricing_button_url":"#demo"}],"related_apps_title":"","related_apps_hidden":"","author":"","image":[],"title":"","job":"","social_networks":[]},"_links":{"self":[{"href":"https:\/\/elfsight.com\/es\/wp-json\/wp\/v2\/pages\/6733","targetHints":{"allow":["GET"]}}],"collection":[{"href":"https:\/\/elfsight.com\/es\/wp-json\/wp\/v2\/pages"}],"about":[{"href":"https:\/\/elfsight.com\/es\/wp-json\/wp\/v2\/types\/page"}],"author":[{"embeddable":true,"href":"https:\/\/elfsight.com\/es\/wp-json\/wp\/v2\/users\/9"}],"replies":[{"embeddable":true,"href":"https:\/\/elfsight.com\/es\/wp-json\/wp\/v2\/comments?post=6733"}],"version-history":[{"count":2,"href":"https:\/\/elfsight.com\/es\/wp-json\/wp\/v2\/pages\/6733\/revisions"}],"predecessor-version":[{"id":19069,"href":"https:\/\/elfsight.com\/es\/wp-json\/wp\/v2\/pages\/6733\/revisions\/19069"}],"up":[{"embeddable":true,"href":"https:\/\/elfsight.com\/es\/wp-json\/wp\/v2\/pages\/1596"}],"wp:attachment":[{"href":"https:\/\/elfsight.com\/es\/wp-json\/wp\/v2\/media?parent=6733"}],"curies":[{"name":"wp","href":"https:\/\/api.w.org\/{rel}","templated":true}]}}