{"id":6725,"date":"1970-01-01T00:00:00","date_gmt":"1970-01-01T00:00:00","guid":{"rendered":"https:\/\/elfsight.com\/es\/?page_id=6725"},"modified":"2025-02-06T16:02:25","modified_gmt":"2025-02-06T16:02:25","slug":"squarespace","status":"publish","type":"page","link":"https:\/\/elfsight.com\/es\/team-showcase-widget\/squarespace\/","title":{"rendered":"Team Showcase &#8211; Squarespace"},"content":{"rendered":"<div class=\"application-platform-content-item-description application-platform-content-item\" id=\"description\" data-nav-section=\"description\"> <h2>Integre Team Showcase en Squarespace con el widget Elfsight<\/h2> <p>El widget se convertir\u00e1 en la forma m\u00e1s f\u00e1cil de usar de mostrar a los miembros de su equipo en su sitio web. El widget ayuda a mostrar fotograf\u00edas y experiencias de cualquier tipo de equipo: socios comerciales, equipos de deportistas, personal acad\u00e9mico, personal de la empresa y m\u00e1s. Agrega una imagen, informaci\u00f3n de contacto y un mensaje \u00fanico sobre cada miembro de tu equipo. Los visitantes del sitio web tendr\u00e1n la oportunidad de dirigirse a cada uno de ellos en un momento mediante enlaces e \u00edconos sociales. Podr\u00e1s crear grupos y mostrar el formato de tu empresa, seleccionar dise\u00f1os, colores y otras opciones. \u00a1Eleva la confiabilidad de tu negocio, mostrando su rostro humano! <\/p><div class=\"faq\" data-component=\"FAQ\"> <div class=\"faq-item\">\r\n\t\t\t\t\t<div class=\"faq-item-question\">\r\n\t\t\t\t\t\t<h3 class=\"faq-item-question-text\">\u00bfD\u00f3nde puedo instalarlo?<\/h3>\r\n\r\n\t\t\t\t\t\t<div class=\"faq-item-question-icon\"><\/div>\r\n\t\t\t\t\t<\/div>\r\n\r\n\t\t\t\t\t<div class=\"faq-item-answer\">\r\n\t\t\t\t\t\t<div class=\"faq-item-answer-text\"> <p>Agregue la presentaci\u00f3n de su equipo a cualquier p\u00e1gina de su sitio web, donde sea necesario. El widget puede funcionar como uno de los componentes de la zona de contenido o puede ocupar toda la p\u00e1gina. Por ejemplo, puede usarlo para configurar la p\u00e1gina Acerca de nosotros de su sitio. <\/p><\/div>\r\n\t\t\t\t\t<\/div>\r\n\t\t\t\t<\/div> <div class=\"faq-item\">\r\n\t\t\t\t\t<div class=\"faq-item-question\">\r\n\t\t\t\t\t\t<h3 class=\"faq-item-question-text\">\u00bfC\u00f3mo me beneficiar\u00e9 de esto? <\/h3>\r\n\r\n\t\t\t\t\t\t<div class=\"faq-item-question-icon\"><\/div>\r\n\t\t\t\t\t<\/div>\r\n\r\n\t\t\t\t\t<div class=\"faq-item-answer\">\r\n\t\t\t\t\t\t<div class=\"faq-item-answer-text\"> <p>Presentar a las personas reales que respaldan la empresa aumenta la transparencia y la confiabilidad percibida de su empresa. Convence a su p\u00fablico de que su empresa es un socio confiable y puede generar m\u00e1s clientes potenciales y nuevas ventas. Adem\u00e1s, podr\u00e1s comunicarte r\u00e1pidamente con los miembros de tu equipo gracias a la informaci\u00f3n de contacto en el widget. <\/p><\/div>\r\n\t\t\t\t\t<\/div>\r\n\t\t\t\t<\/div> <div class=\"faq-item\">\r\n\t\t\t\t\t<div class=\"faq-item-question\">\r\n\t\t\t\t\t\t<h3 class=\"faq-item-question-text\">\u00bfC\u00f3mo puedo agregar Team Showcase en mi sitio de Squarespace? <\/h3>\r\n\r\n\t\t\t\t\t\t<div class=\"faq-item-question-icon\"><\/div>\r\n\t\t\t\t\t<\/div>\r\n\r\n\t\t\t\t\t<div class=\"faq-item-answer\">\r\n\t\t\t\t\t\t<div class=\"faq-item-answer-text\"> <p>Configurarlo le llevar\u00e1 dos minutos de su tiempo. El proceso es extremadamente r\u00e1pido, gratuito y sin codificaci\u00f3n. <\/p> <ol> <li>Puede configurar el widget en el sitio web a trav\u00e9s de nuestro servicio. Simplemente consulte la breve descripci\u00f3n a continuaci\u00f3n en esta p\u00e1gina. <\/li> <li>El widget se puede agregar a trav\u00e9s de nuestro servicio o del mercado. Aqu\u00ed puedes ver m\u00e1s detalles sobre las dos variantes y decidir cu\u00e1l es m\u00e1s adecuada. <\/li> <\/ol> <\/div>\r\n\t\t\t\t\t<\/div>\r\n\t\t\t\t<\/div> <\/div> <\/div> <div class=\"application-platform-content-item-features application-platform-content-item\" id=\"features\" data-nav-section=\"features\"> <h2>Caracter\u00edsticas principales del widget Team Showcase<\/h2> <p>Para tener una mejor idea de Team Showcase, consulte la lista de las caracter\u00edsticas principales. Hacen que este widget sea lo m\u00e1s beneficioso para usted: <\/p> <ul><li>\u00cdconos de redes sociales en los que se puede hacer clic y enlaces a sitios web y direcciones de correo electr\u00f3nico; <\/li><li> La ubicaci\u00f3n se abre en Google Maps cuando se hace clic; <\/li><li>La ventana emergente revela todos los detalles sobre un miembro del equipo; <\/li><li>2 variantes para organizar grupos: como lista general o con men\u00fa; <\/li><li>Cuatro variantes de dise\u00f1o: Cuadr\u00edcula, Tarjetas, Galer\u00eda, Lista. <\/li><\/ul><p>Para descubrir todas las funciones, vea la demostraci\u00f3n<\/p> <\/div> <div class=\"application-platform-content-item-installation application-platform-content-item\" id=\"installation\" data-nav-section=\"installation\"> <h2>Descubre c\u00f3mo integrar el widget Team Showcase en tu sitio web de Squarespace.  <\/h2> <div class=\"video-container\"><iframe width=\"720\" height=\"405\" src=\"https:\/\/www.youtube.com\/embed\/whP3dtEJt9Y\" frameborder=\"0\"><\/iframe><\/div><p> Lo \u00fanico que necesitas realizar son un par de acciones sencillas. <\/p> <ol><li><b>Dise\u00f1e su complemento Team Showcase personalizado<\/b><br> Al administrar nuestro editor gratuito, cree un complemento con las funciones de interfaz que necesita. <\/li><li><b>Reciba el c\u00f3digo individual para publicar el complemento<\/b><br> Despu\u00e9s de haber creado su widget, recibir\u00e1 su c\u00f3digo personal en la notificaci\u00f3n emergente en Elfsight Apps. Copie el c\u00f3digo para su uso posterior. <\/li> <li><b>Muestre el complemento en su sitio web de Squarespace<\/b><br> Vaya al lugar donde necesita integrar el complemento y agregue el c\u00f3digo guardado all\u00ed. Guarde las ediciones. <\/li> <li><b>\u00a1Felicitaciones! \u00a1Acabas de agregar el widget! <\/b><br>Ingresa a tu sitio web, para ver tu trabajo. <\/li> <\/ol><p>\u00bfA\u00fan est\u00e1s inquieto? \u00bfO tropez\u00f3 con algo? Simplemente env\u00ede una solicitud a nuestro equipo de soporte y le ayudar\u00e1 con cada pregunta. <\/p> <\/div>","protected":false},"excerpt":{"rendered":"","protected":false},"author":9,"featured_media":0,"parent":1596,"menu_order":0,"comment_status":"closed","ping_status":"closed","template":"templates\/template-application-platform.php","meta":{"publish_to_discourse":"","publish_post_category":"","wpdc_auto_publish_overridden":"","wpdc_topic_tags":"","wpdc_pin_topic":"","wpdc_pin_until":"","discourse_post_id":"","discourse_permalink":"","wpdc_publishing_response":"","wpdc_publishing_error":"","footnotes":""},"class_list":["post-6725","page","type-page","status-publish","hentry"],"yoast_head":"<!-- This site is optimized with the Yoast SEO plugin v25.3.1 - https:\/\/yoast.com\/wordpress\/plugins\/seo\/ -->\n<title>Agregue el complemento Team Showcase al sitio web de Squarespace (r\u00e1pido y gratuito)<\/title>\n<meta name=\"description\" content=\"Es perfectamente sencillo dise\u00f1ar el complemento Team Showcase y colocarlo en el sitio web de Squarespace. El servicio al cliente de Elfsight es gratuito.\" \/>\n<meta name=\"robots\" content=\"index, follow, max-snippet:-1, max-image-preview:large, max-video-preview:-1\" \/>\n<link rel=\"canonical\" href=\"https:\/\/elfsight.com\/es\/team-showcase-widget\/squarespace\/\" \/>\n<meta property=\"og:locale\" content=\"es_ES\" \/>\n<meta property=\"og:type\" content=\"article\" \/>\n<meta property=\"og:title\" content=\"Agregue el complemento Team Showcase al sitio web de Squarespace (r\u00e1pido y gratuito)\" \/>\n<meta property=\"og:description\" content=\"Es perfectamente sencillo dise\u00f1ar el complemento Team Showcase y colocarlo en el sitio web de Squarespace. El servicio al cliente de Elfsight es gratuito.\" \/>\n<meta property=\"og:url\" content=\"https:\/\/elfsight.com\/es\/team-showcase-widget\/squarespace\/\" \/>\n<meta property=\"og:site_name\" content=\"Elfsight ES\" \/>\n<meta property=\"article:modified_time\" content=\"2025-02-06T16:02:25+00:00\" \/>\n<meta name=\"twitter:card\" content=\"summary_large_image\" \/>\n<meta name=\"twitter:label1\" content=\"Tiempo de lectura\" \/>\n\t<meta name=\"twitter:data1\" content=\"3 minutos\" \/>\n<!-- \/ Yoast SEO plugin. -->","yoast_head_json":{"title":"Agregue el complemento Team Showcase al sitio web de Squarespace (r\u00e1pido y gratuito)","description":"Es perfectamente sencillo dise\u00f1ar el complemento Team Showcase y colocarlo en el sitio web de Squarespace. El servicio al cliente de Elfsight es gratuito.","robots":{"index":"index","follow":"follow","max-snippet":"max-snippet:-1","max-image-preview":"max-image-preview:large","max-video-preview":"max-video-preview:-1"},"canonical":"https:\/\/elfsight.com\/es\/team-showcase-widget\/squarespace\/","og_locale":"es_ES","og_type":"article","og_title":"Agregue el complemento Team Showcase al sitio web de Squarespace (r\u00e1pido y gratuito)","og_description":"Es perfectamente sencillo dise\u00f1ar el complemento Team Showcase y colocarlo en el sitio web de Squarespace. El servicio al cliente de Elfsight es gratuito.","og_url":"https:\/\/elfsight.com\/es\/team-showcase-widget\/squarespace\/","og_site_name":"Elfsight ES","article_modified_time":"2025-02-06T16:02:25+00:00","twitter_card":"summary_large_image","twitter_misc":{"Tiempo de lectura":"3 minutos"},"schema":{"@context":"https:\/\/schema.org","@graph":[{"@type":"WebPage","@id":"https:\/\/elfsight.com\/es\/team-showcase-widget\/squarespace\/","url":"https:\/\/elfsight.com\/es\/team-showcase-widget\/squarespace\/","name":"Agregue el complemento Team Showcase al sitio web de Squarespace (r\u00e1pido y gratuito)","isPartOf":{"@id":"https:\/\/elfsight.com\/es\/#website"},"datePublished":"1970-01-01T00:00:00+00:00","dateModified":"2025-02-06T16:02:25+00:00","description":"Es perfectamente sencillo dise\u00f1ar el complemento Team Showcase y colocarlo en el sitio web de Squarespace. El servicio al cliente de Elfsight es gratuito.","breadcrumb":{"@id":"https:\/\/elfsight.com\/es\/team-showcase-widget\/squarespace\/#breadcrumb"},"inLanguage":"es","potentialAction":[{"@type":"ReadAction","target":["https:\/\/elfsight.com\/es\/team-showcase-widget\/squarespace\/"]}]},{"@type":"BreadcrumbList","@id":"https:\/\/elfsight.com\/es\/team-showcase-widget\/squarespace\/#breadcrumb","itemListElement":[{"@type":"ListItem","position":1,"name":"Home","item":"https:\/\/elfsight.com\/es\/"},{"@type":"ListItem","position":2,"name":"Team Showcase","item":"https:\/\/elfsight.com\/es\/team-showcase-widget\/"},{"@type":"ListItem","position":3,"name":"Team Showcase &#8211; Squarespace"}]},{"@type":"WebSite","@id":"https:\/\/elfsight.com\/es\/#website","url":"https:\/\/elfsight.com\/es\/","name":"Elfsight ES","description":"Just another Elfsight Sites site","potentialAction":[{"@type":"SearchAction","target":{"@type":"EntryPoint","urlTemplate":"https:\/\/elfsight.com\/es\/?s={search_term_string}"},"query-input":{"@type":"PropertyValueSpecification","valueRequired":true,"valueName":"search_term_string"}}],"inLanguage":"es"}]}},"meta_box":{"industry":"","seo_heading":"","heading":"","description":"","cta_heading":"","cta_description":"","application":"1595","h1":"Complemento de presentaci\u00f3n del equipo de Squarespace","h1_caption":"Presente a los miembros de su equipo de una manera profesional y visualmente atractiva, generando confianza y conexi\u00f3n con su audiencia en su sitio web de Squarespace sin esfuerzo.","application_category":[],"applications_title":"","applications_request_title":"","applications_request_button_text":"","hero_text":"","hero_video":"","hero_video_schema_markup":"","selling_points_title":"","selling_points_caption":"","selling_points":[],"selling_points_cta_text":"","features_title":"","features":"","ed_cta_examples_text":"","ed_cta_examples_hidden":"","ed_cta_demo_text":"","ed_cta_demo_hidden":"","why_caption":"","why_editor_title":"","why_editor_text":"","why_team_title":"","why_team_text":"","why_service_title":"","why_service_text":"","template_catalog_visible":"","template_catalog_title":"","template_catalog_text":"","template_catalog_categories_visible":"","demo_title":"Crea tu complemento Team Showcase","demo_caption":"\u00a1Configura tu Team Showcase y agr\u00e9galo a tu sitio web de Squarespace gratis!","default_faq_hidden":"","app_template_category":[],"platform":"100","template_public_id":"","codecanyon_url":"","codecanyon_item_id":"","codecanyon_price":"","pricing_caption":"","pricing_elfsight_apps_hide_column":"","pricing_elfsight_apps_url":"","pricing_codecanyon_price_caption":"","integration_category":[],"integration_request_title":"","integration_request_cta":"","integration_platform":"","integrations":[],"platform_category":[],"video_schema_markup":"","price":"desde $0 \/ mes","trial":"","benefits":[{"text":"Asistencia de instalaci\u00f3n gratuita"},{"text":"Servicio al cliente profesional"},{"text":"Garant\u00eda de reembolso de 14 d\u00edas"},{"text":"Mejoras gratuitas continuas"}],"button_url":"#demo","button_target_blank":"","button_nofollow":"","attributes":[{"name":"Instalaciones","content":"10,000 - 100,000"},{"name":"Sensible","content":"S\u00ed"},{"name":"Navegadores compatibles","content":" Firefox, Safari, Opera, Chrome, Edge"}],"tags":[],"tags_disable_links":"","hide_more_platforms":"","video_object":"","demo_hide_cta":"","demo_hide_cloud_options":"","pricing_title":"","pricing":[{"pricing_icon":"platform","pricing_title":"Elfsight Apps","pricing_title_caption":"Software independiente de la plataforma que funciona en cualquier sitio","pricing_price":"desde $0 \/ mes","pricing_price_caption":"comienza con un plan gratuito","pricing_benefits":[{"text":"Dominios ilimitados"},{"text":"Soporte r\u00e1pido de la empresa"},{"text":"Servicio de instalaci\u00f3n gratuito"},{"text":"Totalmente personalizable"}],"pricing_button_text":"A\u00f1adir al sitio web","pricing_button_url":"#demo"}],"related_apps_title":"","related_apps_hidden":"","author":"","image":[],"title":"","job":"","social_networks":[]},"_links":{"self":[{"href":"https:\/\/elfsight.com\/es\/wp-json\/wp\/v2\/pages\/6725","targetHints":{"allow":["GET"]}}],"collection":[{"href":"https:\/\/elfsight.com\/es\/wp-json\/wp\/v2\/pages"}],"about":[{"href":"https:\/\/elfsight.com\/es\/wp-json\/wp\/v2\/types\/page"}],"author":[{"embeddable":true,"href":"https:\/\/elfsight.com\/es\/wp-json\/wp\/v2\/users\/9"}],"replies":[{"embeddable":true,"href":"https:\/\/elfsight.com\/es\/wp-json\/wp\/v2\/comments?post=6725"}],"version-history":[{"count":2,"href":"https:\/\/elfsight.com\/es\/wp-json\/wp\/v2\/pages\/6725\/revisions"}],"predecessor-version":[{"id":19073,"href":"https:\/\/elfsight.com\/es\/wp-json\/wp\/v2\/pages\/6725\/revisions\/19073"}],"up":[{"embeddable":true,"href":"https:\/\/elfsight.com\/es\/wp-json\/wp\/v2\/pages\/1596"}],"wp:attachment":[{"href":"https:\/\/elfsight.com\/es\/wp-json\/wp\/v2\/media?parent=6725"}],"curies":[{"name":"wp","href":"https:\/\/api.w.org\/{rel}","templated":true}]}}