{"id":6724,"date":"1970-01-01T00:00:00","date_gmt":"1970-01-01T00:00:00","guid":{"rendered":"https:\/\/elfsight.com\/es\/?page_id=6724"},"modified":"2025-02-06T16:02:25","modified_gmt":"2025-02-06T16:02:25","slug":"shopify","status":"publish","type":"page","link":"https:\/\/elfsight.com\/es\/team-showcase-widget\/shopify\/","title":{"rendered":"Team Showcase &#8211; Shopify"},"content":{"rendered":"<div class=\"application-platform-content-item-description application-platform-content-item\" id=\"description\" data-nav-section=\"description\"> <h2>Insertar Team Showcase en Shopify con el widget de Elfsight<\/h2> <p>Elfsight Team Showcase es la herramienta m\u00e1s sencilla para mostrar a los miembros de tu equipo en tu sitio web. Este widget ayudar\u00e1 a publicar las fotograf\u00edas y roles de cualquier tipo de equipo: socios comerciales, equipo deportivo, personal acad\u00e9mico, estructura empresarial y m\u00e1s. Muestre una imagen, publique datos de contacto y un mensaje \u00fanico sobre cada individuo. Los usuarios tendr\u00e1n la posibilidad de dirigirse a cada uno de ellos mediante enlaces activos o \u00edconos sociales. Puedes crear categor\u00edas y mostrar el marco de tu equipo, seleccionar un dise\u00f1o, colores y otros. \u00a1Gana confianza en tu negocio, mostrando su rostro humano! <\/p><div class=\"faq\" data-component=\"FAQ\"> <div class=\"faq-item\">\r\n\t\t\t\t\t<div class=\"faq-item-question\">\r\n\t\t\t\t\t\t<h3 class=\"faq-item-question-text\">\u00bfD\u00f3nde puedo instalar el widget<\/h3>\r\n\r\n\t\t\t\t\t\t<div class=\"faq-item-question-icon\"><\/div>\r\n\t\t\t\t\t<\/div>\r\n\r\n\t\t\t\t\t<div class=\"faq-item-answer\">\r\n\t\t\t\t\t\t<div class=\"faq-item-answer-text\"> <p>Presenta tu escaparate de equipo en todas y cada una de las p\u00e1ginas del sitio, donde lo consideres adecuado. El widget puede actuar como uno de los elementos del \u00e1rea de contenido o puede ocupar todo el espacio de una p\u00e1gina. De esta manera, puede crear su p\u00e1gina Acerca de nosotros con la ayuda del widget. <\/p><\/div>\r\n\t\t\t\t\t<\/div>\r\n\t\t\t\t<\/div> <div class=\"faq-item\">\r\n\t\t\t\t\t<div class=\"faq-item-question\">\r\n\t\t\t\t\t\t<h3 class=\"faq-item-question-text\">\u00bfCu\u00e1les son los beneficios de tener este complemento para m\u00ed? <\/h3>\r\n\r\n\t\t\t\t\t\t<div class=\"faq-item-question-icon\"><\/div>\r\n\t\t\t\t\t<\/div>\r\n\r\n\t\t\t\t\t<div class=\"faq-item-answer\">\r\n\t\t\t\t\t\t<div class=\"faq-item-answer-text\"><p>Hablar sobre las personas involucradas en su empresa aumenta el nivel de transparencia y aumenta la confiabilidad percibida de su negocio. Esto asegura que los visitantes est\u00e9n seguros de que usted es un socio honesto y puede generar un mayor nivel de clientes potenciales y nuevas ventas. Adem\u00e1s, ser\u00e1 m\u00e1s f\u00e1cil contactar a su equipo utilizando los datos de contacto que se muestran para cada miembro. <\/p><\/div>\r\n\t\t\t\t\t<\/div>\r\n\t\t\t\t<\/div> <div class=\"faq-item\">\r\n\t\t\t\t\t<div class=\"faq-item-question\">\r\n\t\t\t\t\t\t<h3 class=\"faq-item-question-text\">\u00bfC\u00f3mo puedo obtener Team Showcase en mi sitio web de Shopify? <\/h3>\r\n\r\n\t\t\t\t\t\t<div class=\"faq-item-question-icon\"><\/div>\r\n\t\t\t\t\t<\/div>\r\n\r\n\t\t\t\t\t<div class=\"faq-item-answer\">\r\n\t\t\t\t\t\t<div class=\"faq-item-answer-text\"> <p>Solo necesitas tres minutos de tu tiempo para configurar el widget. Es extremadamente r\u00e1pido, gratuito y sin codificaci\u00f3n. <\/p> <ol> <li>Puede configurar Team Showcase en su sitio a trav\u00e9s de nuestro servicio. Para ello, deber\u00e1 aplicar la gu\u00eda a continuaci\u00f3n en esta p\u00e1gina. <\/li> <li>Elfsight Team Showcase se puede integrar a trav\u00e9s de nuestro servicio o en el mercado. Aqu\u00ed puedes leer m\u00e1s sobre estas opciones y elegir la tuya. <\/li> <\/ol> <\/div>\r\n\t\t\t\t\t<\/div>\r\n\t\t\t\t<\/div> <div class=\"faq-item\">\r\n\t\t\t\t\t<div class=\"faq-item-question\">\r\n\t\t\t\t\t\t<h3 class=\"faq-item-question-text\">\u00bfC\u00f3mo puedo insertar un Team Showcase en mi tienda Shopify sin conocimientos de codificaci\u00f3n?<\/h3>\r\n\r\n\t\t\t\t\t\t<div class=\"faq-item-question-icon\"><\/div>\r\n\t\t\t\t\t<\/div>\r\n\r\n\t\t\t\t\t<div class=\"faq-item-answer\">\r\n\t\t\t\t\t\t<div class=\"faq-item-answer-text\"><p>Elfsight proporciona una soluci\u00f3n basada en la nube que permite a los usuarios crear un Team Showcase ellos mismos. Mira lo sencillo que puede ser el proceso:<\/p><ul><li>Accede al Editor en l\u00ednea para generar una secci\u00f3n de Team Showcase que te gustar\u00eda integrar en tu tienda Shopify.<\/li><li>Elige una de nuestras plantillas predise\u00f1adas y personaliza la configuraci\u00f3n de Team Showcase, ajustando el dise\u00f1o y la combinaci\u00f3n de colores, e incluyendo tu contenido sin necesidad de codificaci\u00f3n.<\/li><li>Guarda los ajustes que has configurado para Team Showcase y obt\u00e9n el c\u00f3digo para incrustarlo, lo cual puede ser sin esfuerzo agregado a tu tienda Shopify sin costo.<\/li><\/ul><p>Al trabajar en el Editor f\u00e1cil de usar, cualquier usuario de Internet puede crear una secci\u00f3n Team Showcase e incrustarla en su tienda Shopify. No hay ning\u00fan requisito de pago ni la necesidad de revelar la informaci\u00f3n de su tarjeta para acceder al Editor de Elfsight. Si encuentra alguna dificultad en cualquier etapa, no dude en comunicarse con nuestro servicio de atenci\u00f3n al cliente.<\/p><\/div>\r\n\t\t\t\t\t<\/div>\r\n\t\t\t\t<\/div><\/div> <\/div> <div class=\"application-platform-content-item-features application-platform-content-item\" id=\"features\" data-nav-section=\"features\"> <h2>Caracter\u00edsticas<\/h2> <p>Para lograr una comprensi\u00f3n completa de Team Showcase, consulte la lista de sus caracter\u00edsticas principales. Hacen que este widget sea realmente eficiente para usted: <\/p> <ul><li>Iconos activos de cuentas sociales y enlaces a sitios y direcciones de correo electr\u00f3nico; <\/li><li>La ubicaci\u00f3n de la persona se abre en Google Maps al hacer clic; <\/li><li>Aparece una ventana emergente con m\u00e1s detalles sobre un miembro del equipo; <\/li><li>Dos posibilidades para visualizar grupos: como lista general o con men\u00fa; <\/li><li>Cuatro opciones de dise\u00f1o: Cuadr\u00edcula, Tarjetas, Galer\u00eda o Lista. <\/li><\/ul><p>Para explorar todas las funciones, mira la demostraci\u00f3n<\/p> <\/div> <div class=\"application-platform-content-item-installation application-platform-content-item\" id=\"installation\" data-nav-section=\"installation\"> <h2>Aqu\u00ed se explica c\u00f3mo integrar el widget Team Showcase a tu tienda Shopify. Es incre\u00edblemente f\u00e1cil.<\/h2> <div class=\"video-container\"><iframe width=\"720\" height=\"405\" src=\"https:\/\/www.youtube.com\/embed\/tuhRdQi-Qcc\" frameborder=\"0\"><\/iframe><\/div><p> Lo \u00fanico que debes hacer para incrustar el widget es un par de pasos r\u00e1pidos. <\/p> <ol><li><b>Utiliza nuestro editor gratuito y comienza a crear tu aplicaci\u00f3n personalizada. <\/b><br> Elija el dise\u00f1o y las especificaciones adecuados de la aplicaci\u00f3n y guarde todas las modificaciones. <\/li> <li><b>Obtenga su c\u00f3digo personal revelado en la ventana de Elfsight Apps. <\/b><br> Cuando finalice la configuraci\u00f3n de su aplicaci\u00f3n, copie el c\u00f3digo individual en el cuadro que aparece y gu\u00e1rdelo para su uso posterior. <\/li> <li><b>Ingresa para usar la aplicaci\u00f3n en tu sitio Shopify. <\/b><br> Implemente el c\u00f3digo guardado recientemente en su sitio y guarde las modificaciones. <\/li> <li><b>\u00a1Listo! La integraci\u00f3n se realiza con \u00e9xito. <\/b><br> Vaya a su sitio para inspeccionar el rendimiento de la aplicaci\u00f3n. <\/li><\/ol><p>\u00bfA\u00fan no puedes tomar una decisi\u00f3n? \u00bfO tener problemas? Una solicitud a nuestro servicio de atenci\u00f3n al cliente resolver\u00e1 cualquier asunto. <\/p> <\/div>","protected":false},"excerpt":{"rendered":"","protected":false},"author":9,"featured_media":0,"parent":1596,"menu_order":0,"comment_status":"closed","ping_status":"closed","template":"templates\/template-application-platform.php","meta":{"publish_to_discourse":"","publish_post_category":"","wpdc_auto_publish_overridden":"","wpdc_topic_tags":"","wpdc_pin_topic":"","wpdc_pin_until":"","discourse_post_id":"","discourse_permalink":"","wpdc_publishing_response":"","wpdc_publishing_error":"","footnotes":""},"class_list":["post-6724","page","type-page","status-publish","hentry"],"yoast_head":"<!-- This site is optimized with the Yoast SEO plugin v25.3.1 - https:\/\/yoast.com\/wordpress\/plugins\/seo\/ -->\n<title>Agregue la aplicaci\u00f3n Team Showcase al sitio web de Shopify (f\u00e1cil y gratis)<\/title>\n<meta name=\"description\" content=\"Aqu\u00ed tienes la posibilidad de crear la aplicaci\u00f3n Team Showcase y mostrarla en tu tienda Shopify. Disfrutar\u00e1 de atenci\u00f3n al cliente gratuita y otras bonificaciones de Elfsight.\" \/>\n<meta name=\"robots\" content=\"index, follow, max-snippet:-1, max-image-preview:large, max-video-preview:-1\" \/>\n<link rel=\"canonical\" href=\"https:\/\/elfsight.com\/es\/team-showcase-widget\/shopify\/\" \/>\n<meta property=\"og:locale\" content=\"es_ES\" \/>\n<meta property=\"og:type\" content=\"article\" \/>\n<meta property=\"og:title\" content=\"Agregue la aplicaci\u00f3n Team Showcase al sitio web de Shopify (f\u00e1cil y gratis)\" \/>\n<meta property=\"og:description\" content=\"Aqu\u00ed tienes la posibilidad de crear la aplicaci\u00f3n Team Showcase y mostrarla en tu tienda Shopify. Disfrutar\u00e1 de atenci\u00f3n al cliente gratuita y otras bonificaciones de Elfsight.\" \/>\n<meta property=\"og:url\" content=\"https:\/\/elfsight.com\/es\/team-showcase-widget\/shopify\/\" \/>\n<meta property=\"og:site_name\" content=\"Elfsight ES\" \/>\n<meta property=\"article:modified_time\" content=\"2025-02-06T16:02:25+00:00\" \/>\n<meta name=\"twitter:card\" content=\"summary_large_image\" \/>\n<meta name=\"twitter:label1\" content=\"Tiempo de lectura\" \/>\n\t<meta name=\"twitter:data1\" content=\"4 minutos\" \/>\n<!-- \/ Yoast SEO plugin. -->","yoast_head_json":{"title":"Agregue la aplicaci\u00f3n Team Showcase al sitio web de Shopify (f\u00e1cil y gratis)","description":"Aqu\u00ed tienes la posibilidad de crear la aplicaci\u00f3n Team Showcase y mostrarla en tu tienda Shopify. Disfrutar\u00e1 de atenci\u00f3n al cliente gratuita y otras bonificaciones de Elfsight.","robots":{"index":"index","follow":"follow","max-snippet":"max-snippet:-1","max-image-preview":"max-image-preview:large","max-video-preview":"max-video-preview:-1"},"canonical":"https:\/\/elfsight.com\/es\/team-showcase-widget\/shopify\/","og_locale":"es_ES","og_type":"article","og_title":"Agregue la aplicaci\u00f3n Team Showcase al sitio web de Shopify (f\u00e1cil y gratis)","og_description":"Aqu\u00ed tienes la posibilidad de crear la aplicaci\u00f3n Team Showcase y mostrarla en tu tienda Shopify. Disfrutar\u00e1 de atenci\u00f3n al cliente gratuita y otras bonificaciones de Elfsight.","og_url":"https:\/\/elfsight.com\/es\/team-showcase-widget\/shopify\/","og_site_name":"Elfsight ES","article_modified_time":"2025-02-06T16:02:25+00:00","twitter_card":"summary_large_image","twitter_misc":{"Tiempo de lectura":"4 minutos"},"schema":{"@context":"https:\/\/schema.org","@graph":[{"@type":"WebPage","@id":"https:\/\/elfsight.com\/es\/team-showcase-widget\/shopify\/","url":"https:\/\/elfsight.com\/es\/team-showcase-widget\/shopify\/","name":"Agregue la aplicaci\u00f3n Team Showcase al sitio web de Shopify (f\u00e1cil y gratis)","isPartOf":{"@id":"https:\/\/elfsight.com\/es\/#website"},"datePublished":"1970-01-01T00:00:00+00:00","dateModified":"2025-02-06T16:02:25+00:00","description":"Aqu\u00ed tienes la posibilidad de crear la aplicaci\u00f3n Team Showcase y mostrarla en tu tienda Shopify. Disfrutar\u00e1 de atenci\u00f3n al cliente gratuita y otras bonificaciones de Elfsight.","breadcrumb":{"@id":"https:\/\/elfsight.com\/es\/team-showcase-widget\/shopify\/#breadcrumb"},"inLanguage":"es","potentialAction":[{"@type":"ReadAction","target":["https:\/\/elfsight.com\/es\/team-showcase-widget\/shopify\/"]}]},{"@type":"BreadcrumbList","@id":"https:\/\/elfsight.com\/es\/team-showcase-widget\/shopify\/#breadcrumb","itemListElement":[{"@type":"ListItem","position":1,"name":"Home","item":"https:\/\/elfsight.com\/es\/"},{"@type":"ListItem","position":2,"name":"Team Showcase","item":"https:\/\/elfsight.com\/es\/team-showcase-widget\/"},{"@type":"ListItem","position":3,"name":"Team Showcase &#8211; Shopify"}]},{"@type":"WebSite","@id":"https:\/\/elfsight.com\/es\/#website","url":"https:\/\/elfsight.com\/es\/","name":"Elfsight ES","description":"Just another Elfsight Sites site","potentialAction":[{"@type":"SearchAction","target":{"@type":"EntryPoint","urlTemplate":"https:\/\/elfsight.com\/es\/?s={search_term_string}"},"query-input":{"@type":"PropertyValueSpecification","valueRequired":true,"valueName":"search_term_string"}}],"inLanguage":"es"}]}},"meta_box":{"industry":"","seo_heading":"","heading":"","description":"","cta_heading":"","cta_description":"","application":"1595","h1":"Aplicaci\u00f3n Shopify Team Showcase","h1_caption":"Presenta a los miembros de tu equipo de una manera profesional y visualmente atractiva, generando confianza y conexi\u00f3n con tu audiencia en tu sitio web de Shopify sin esfuerzo.","application_category":[],"applications_title":"","applications_request_title":"","applications_request_button_text":"","hero_text":"","hero_video":"","hero_video_schema_markup":"","selling_points_title":"","selling_points_caption":"","selling_points":[],"selling_points_cta_text":"","features_title":"","features":"","ed_cta_examples_text":"","ed_cta_examples_hidden":"","ed_cta_demo_text":"","ed_cta_demo_hidden":"","why_caption":"","why_editor_title":"","why_editor_text":"","why_team_title":"","why_team_text":"","why_service_title":"","why_service_text":"","template_catalog_visible":"","template_catalog_title":"","template_catalog_text":"","template_catalog_categories_visible":"","demo_title":"Crea tu aplicaci\u00f3n Team Showcase","demo_caption":"\u00a1Configura tu Team Showcase y agr\u00e9galo a tu sitio web de Shopify gratis!","default_faq_hidden":"","app_template_category":[],"platform":"91","template_public_id":"","codecanyon_url":"","codecanyon_item_id":"","codecanyon_price":"","pricing_caption":"","pricing_elfsight_apps_hide_column":"","pricing_elfsight_apps_url":"","pricing_codecanyon_price_caption":"","integration_category":[],"integration_request_title":"","integration_request_cta":"","integration_platform":"","integrations":[],"platform_category":[],"video_schema_markup":"","price":"desde $0 \/ mes","trial":"","benefits":[{"text":"Servicio de instalaci\u00f3n gratuito"},{"text":"Soporte premium"},{"text":"Garant\u00eda de devoluci\u00f3n de dinero de 14 d\u00edas"},{"text":"Actualizaciones gratuitas continuas"}],"button_url":"#demo","button_target_blank":"","button_nofollow":"","attributes":[{"name":"Instalaciones","content":"10,000 - 100,000"},{"name":"Sensible","content":"S\u00ed"},{"name":"Navegadores compatibles","content":"Firefox, Safari, Opera, Chrome, Edge"}],"tags":[],"tags_disable_links":"","hide_more_platforms":"","video_object":"","demo_hide_cta":"","demo_hide_cloud_options":"","pricing_title":"","pricing":[{"pricing_icon":"cloud","pricing_title":"Elfsight Apps","pricing_title_caption":"Versi\u00f3n multiplataforma que funciona en cualquier sitio web.","pricing_price":"desde $0 \/ mes","pricing_price_caption":"comienza con el plan gratuito","pricing_benefits":[{"text":"Sitios web ilimitados"},{"text":"Soporte premium"},{"text":"Servicio de instalaci\u00f3n gratuito"},{"text":"Oferta especial para m\u00faltiples aplicaciones."}],"pricing_button_text":"A\u00f1adir al sitio web","pricing_button_url":"#demo"}],"related_apps_title":"","related_apps_hidden":"","author":"","image":[],"title":"","job":"","social_networks":[]},"_links":{"self":[{"href":"https:\/\/elfsight.com\/es\/wp-json\/wp\/v2\/pages\/6724","targetHints":{"allow":["GET"]}}],"collection":[{"href":"https:\/\/elfsight.com\/es\/wp-json\/wp\/v2\/pages"}],"about":[{"href":"https:\/\/elfsight.com\/es\/wp-json\/wp\/v2\/types\/page"}],"author":[{"embeddable":true,"href":"https:\/\/elfsight.com\/es\/wp-json\/wp\/v2\/users\/9"}],"replies":[{"embeddable":true,"href":"https:\/\/elfsight.com\/es\/wp-json\/wp\/v2\/comments?post=6724"}],"version-history":[{"count":2,"href":"https:\/\/elfsight.com\/es\/wp-json\/wp\/v2\/pages\/6724\/revisions"}],"predecessor-version":[{"id":19074,"href":"https:\/\/elfsight.com\/es\/wp-json\/wp\/v2\/pages\/6724\/revisions\/19074"}],"up":[{"embeddable":true,"href":"https:\/\/elfsight.com\/es\/wp-json\/wp\/v2\/pages\/1596"}],"wp:attachment":[{"href":"https:\/\/elfsight.com\/es\/wp-json\/wp\/v2\/media?parent=6724"}],"curies":[{"name":"wp","href":"https:\/\/api.w.org\/{rel}","templated":true}]}}