{"id":6723,"date":"1970-01-01T00:00:00","date_gmt":"1970-01-01T00:00:00","guid":{"rendered":"https:\/\/elfsight.com\/es\/?page_id=6723"},"modified":"2025-02-06T16:02:33","modified_gmt":"2025-02-06T16:02:33","slug":"prestashop","status":"publish","type":"page","link":"https:\/\/elfsight.com\/es\/team-showcase-widget\/prestashop\/","title":{"rendered":"Team Showcase &#8211; PrestaShop"},"content":{"rendered":"<div class=\"application-platform-content-item-description application-platform-content-item\" id=\"description\" data-nav-section=\"description\"> <h2>Descripci\u00f3n<\/h2> <p>Team Showcase se convertir\u00e1 en la herramienta m\u00e1s conveniente para mostrar a los miembros de su equipo en su sitio web. Nuestro widget ayudar\u00e1 a publicar las fotos y roles de cualquier tipo de equipo: socios comerciales, miembros de clubes deportivos, personal docente, estructura de la empresa y m\u00e1s. Muestre una imagen, agregue detalles de contacto y un mensaje impresionante sobre cada miembro del equipo. Los visitantes tendr\u00e1n la oportunidad de contactar inmediatamente a cada uno de ellos sin problemas con la ayuda de enlaces activos e \u00edconos sociales. Puedes crear categor\u00edas y mostrar el formato de tu empresa, seleccionar dise\u00f1os, colores y otras caracter\u00edsticas. \u00a1Aumenta la confianza en tu negocio, mostrando su imagen humana! <\/p><p><b>\u00a1Agregue Team Showcase para lograr sus objetivos comerciales! <\/b><\/p> <\/div> <div class=\"application-platform-content-item-features application-platform-content-item\" id=\"features\" data-nav-section=\"features\"> <h2>Las caracter\u00edsticas m\u00e1s valiosas del widget contienen<\/h2> <ul><li>Utilice botones de CTA para guiar a su audiencia hacia la conversi\u00f3n. <\/li><li>Modificar la duraci\u00f3n del cambio de diapositiva. <\/li><li>Elija entre muchas variantes. <\/li><li>Coloque su texto en cualquier lugar que desee en la p\u00e1gina mediante la posici\u00f3n avanzada. <\/li><li>Adaptar 5 opciones de contenido. <\/li><\/ul><p><a href=\"#demo\">Puedes comprobar si el widget es para ti probando la demostraci\u00f3n<\/a><\/p> <\/div> <div class=\"application-platform-content-item-installation application-platform-content-item\" id=\"installation\" data-nav-section=\"installation\"> <h2>\u00bfC\u00f3mo agregar Team Showcase a mi sitio web PrestaShop? <\/h2> <p>Simplemente siga las instrucciones a continuaci\u00f3n para integrar la herramienta. <\/p> <ol><li><b>Inicie nuestro configurador gratuito y comience a crear su widget personalizado. <\/b><br> Elija el aspecto y las caracter\u00edsticas funcionales adecuadas de la herramienta y aplique las correcciones. <\/li> <li><b>Adquiera su c\u00f3digo individual que aparece en el cuadro de Elfsight Apps. <\/b><br> Una vez finalizada la configuraci\u00f3n de su complemento, copie el c\u00f3digo individual del cuadro que aparece y gu\u00e1rdelo para su uso posterior. <\/li> <li><b>Comience a aplicar la herramienta en la p\u00e1gina web de PrestaShop. <\/b><br> Agregue el c\u00f3digo copiado recientemente en su p\u00e1gina y aplique los ajustes. <\/li> <li><b>La configuraci\u00f3n se realiz\u00f3 correctamente. <\/b><br> Vaya a su sitio web para inspeccionar el trabajo del complemento. <\/li><\/ol> <p>Si tiene preguntas o enfrenta algunas complicaciones, no dude en comunicarse con nuestro equipo de soporte. Nuestros consultores estar\u00e1n encantados de resolver todas las dudas que puedas tener con el addon. <\/p> <div class=\"faq\" data-component=\"FAQ\"><div class=\"faq-item\">\r\n\t\t\t\t\t<div class=\"faq-item-question\">\r\n\t\t\t\t\t\t<h3 class=\"faq-item-question-text\">\u00bfExiste alguna manera de incrustar Team Showcase en mi p\u00e1gina de inicio de PrestaShop sin necesidad de codificaci\u00f3n?<\/h3>\r\n\r\n\t\t\t\t\t\t<div class=\"faq-item-question-icon\"><\/div>\r\n\t\t\t\t\t<\/div>\r\n\r\n\t\t\t\t\t<div class=\"faq-item-answer\">\r\n\t\t\t\t\t\t<div class=\"faq-item-answer-text\"> <p>Elfsight presenta una soluci\u00f3n que permite a los usuarios crear un complemento de Team Showcase usted mismo; consulte la gu\u00eda sencilla: Vaya a la demostraci\u00f3n en l\u00ednea para crear un complemento de Team Showcase que le gustar\u00eda ver en su sitio PrestaShop. Seleccione una de nuestras plantillas predise\u00f1adas y modifique la configuraci\u00f3n de Team Showcase, incluya su contenido, cambie el dise\u00f1o y los colores sin ning\u00fan tipo de codificaci\u00f3n. Guarde Team Showcase y obtenga el c\u00f3digo de instalaci\u00f3n del widget, que puede pegarse f\u00e1cilmente en su sitio PrestaShop dentro de un plan gratuito. Al trabajar en el editor f\u00e1cil de usar, cualquier usuario web puede establecer Team Showcase en l\u00ednea e incrustarlo sin esfuerzo en cualquier sitio web de PrestaShop. No debe pagar ni enviar los datos de su tarjeta para acceder a Elfsight Editor. Si tiene alg\u00fan problema en alg\u00fan paso, contin\u00fae y p\u00f3ngase en contacto con nuestro servicio de atenci\u00f3n al cliente.<\/p> <\/div>\r\n\t\t\t\t\t<\/div>\r\n\t\t\t\t<\/div> <\/div><\/div>","protected":false},"excerpt":{"rendered":"","protected":false},"author":9,"featured_media":0,"parent":1596,"menu_order":0,"comment_status":"closed","ping_status":"closed","template":"templates\/template-application-platform.php","meta":{"publish_to_discourse":"","publish_post_category":"","wpdc_auto_publish_overridden":"","wpdc_topic_tags":"","wpdc_pin_topic":"","wpdc_pin_until":"","discourse_post_id":"","discourse_permalink":"","wpdc_publishing_response":"","wpdc_publishing_error":"","footnotes":""},"class_list":["post-6723","page","type-page","status-publish","hentry"],"yoast_head":"<!-- This site is optimized with the Yoast SEO plugin v25.3.1 - https:\/\/yoast.com\/wordpress\/plugins\/seo\/ -->\n<title>Agregue el complemento Team Showcase al sitio web de PrestaShop (r\u00e1pido y gratuito)<\/title>\n<meta name=\"description\" content=\"Es perfectamente sencillo dise\u00f1ar su complemento Team Showcase y colocarlo en el sitio web de PrestaShop. El servicio al cliente de Elfsight es gratuito.\" \/>\n<meta name=\"robots\" content=\"index, follow, max-snippet:-1, max-image-preview:large, max-video-preview:-1\" \/>\n<link rel=\"canonical\" href=\"https:\/\/elfsight.com\/es\/team-showcase-widget\/prestashop\/\" \/>\n<meta property=\"og:locale\" content=\"es_ES\" \/>\n<meta property=\"og:type\" content=\"article\" \/>\n<meta property=\"og:title\" content=\"Agregue el complemento Team Showcase al sitio web de PrestaShop (r\u00e1pido y gratuito)\" \/>\n<meta property=\"og:description\" content=\"Es perfectamente sencillo dise\u00f1ar su complemento Team Showcase y colocarlo en el sitio web de PrestaShop. El servicio al cliente de Elfsight es gratuito.\" \/>\n<meta property=\"og:url\" content=\"https:\/\/elfsight.com\/es\/team-showcase-widget\/prestashop\/\" \/>\n<meta property=\"og:site_name\" content=\"Elfsight ES\" \/>\n<meta property=\"article:modified_time\" content=\"2025-02-06T16:02:33+00:00\" \/>\n<meta name=\"twitter:card\" content=\"summary_large_image\" \/>\n<meta name=\"twitter:label1\" content=\"Tiempo de lectura\" \/>\n\t<meta name=\"twitter:data1\" content=\"3 minutos\" \/>\n<!-- \/ Yoast SEO plugin. -->","yoast_head_json":{"title":"Agregue el complemento Team Showcase al sitio web de PrestaShop (r\u00e1pido y gratuito)","description":"Es perfectamente sencillo dise\u00f1ar su complemento Team Showcase y colocarlo en el sitio web de PrestaShop. El servicio al cliente de Elfsight es gratuito.","robots":{"index":"index","follow":"follow","max-snippet":"max-snippet:-1","max-image-preview":"max-image-preview:large","max-video-preview":"max-video-preview:-1"},"canonical":"https:\/\/elfsight.com\/es\/team-showcase-widget\/prestashop\/","og_locale":"es_ES","og_type":"article","og_title":"Agregue el complemento Team Showcase al sitio web de PrestaShop (r\u00e1pido y gratuito)","og_description":"Es perfectamente sencillo dise\u00f1ar su complemento Team Showcase y colocarlo en el sitio web de PrestaShop. El servicio al cliente de Elfsight es gratuito.","og_url":"https:\/\/elfsight.com\/es\/team-showcase-widget\/prestashop\/","og_site_name":"Elfsight ES","article_modified_time":"2025-02-06T16:02:33+00:00","twitter_card":"summary_large_image","twitter_misc":{"Tiempo de lectura":"3 minutos"},"schema":{"@context":"https:\/\/schema.org","@graph":[{"@type":"WebPage","@id":"https:\/\/elfsight.com\/es\/team-showcase-widget\/prestashop\/","url":"https:\/\/elfsight.com\/es\/team-showcase-widget\/prestashop\/","name":"Agregue el complemento Team Showcase al sitio web de PrestaShop (r\u00e1pido y gratuito)","isPartOf":{"@id":"https:\/\/elfsight.com\/es\/#website"},"datePublished":"1970-01-01T00:00:00+00:00","dateModified":"2025-02-06T16:02:33+00:00","description":"Es perfectamente sencillo dise\u00f1ar su complemento Team Showcase y colocarlo en el sitio web de PrestaShop. El servicio al cliente de Elfsight es gratuito.","breadcrumb":{"@id":"https:\/\/elfsight.com\/es\/team-showcase-widget\/prestashop\/#breadcrumb"},"inLanguage":"es","potentialAction":[{"@type":"ReadAction","target":["https:\/\/elfsight.com\/es\/team-showcase-widget\/prestashop\/"]}]},{"@type":"BreadcrumbList","@id":"https:\/\/elfsight.com\/es\/team-showcase-widget\/prestashop\/#breadcrumb","itemListElement":[{"@type":"ListItem","position":1,"name":"Home","item":"https:\/\/elfsight.com\/es\/"},{"@type":"ListItem","position":2,"name":"Team Showcase","item":"https:\/\/elfsight.com\/es\/team-showcase-widget\/"},{"@type":"ListItem","position":3,"name":"Team Showcase &#8211; PrestaShop"}]},{"@type":"WebSite","@id":"https:\/\/elfsight.com\/es\/#website","url":"https:\/\/elfsight.com\/es\/","name":"Elfsight ES","description":"Just another Elfsight Sites site","potentialAction":[{"@type":"SearchAction","target":{"@type":"EntryPoint","urlTemplate":"https:\/\/elfsight.com\/es\/?s={search_term_string}"},"query-input":{"@type":"PropertyValueSpecification","valueRequired":true,"valueName":"search_term_string"}}],"inLanguage":"es"}]}},"meta_box":{"industry":"","seo_heading":"","heading":"","description":"","cta_heading":"","cta_description":"","application":"1595","h1":"Complemento de escaparate del equipo de PrestaShop","h1_caption":"Presente a los miembros de su equipo de una manera profesional y visualmente atractiva, generando confianza y conexi\u00f3n con su audiencia en su sitio web Prestashop sin esfuerzo.","application_category":[],"applications_title":"","applications_request_title":"","applications_request_button_text":"","hero_text":"","hero_video":"","hero_video_schema_markup":"","selling_points_title":"","selling_points_caption":"","selling_points":[],"selling_points_cta_text":"","features_title":"","features":"","ed_cta_examples_text":"","ed_cta_examples_hidden":"","ed_cta_demo_text":"","ed_cta_demo_hidden":"","why_caption":"","why_editor_title":"","why_editor_text":"","why_team_title":"","why_team_text":"","why_service_title":"","why_service_text":"","template_catalog_visible":"","template_catalog_title":"","template_catalog_text":"","template_catalog_categories_visible":"","demo_title":"Crea tu complemento Team Showcase","demo_caption":"\u00a1Configura tu Team Showcase y agr\u00e9galo a tu sitio web PrestaShop gratis!","default_faq_hidden":"","app_template_category":[],"platform":"2250","template_public_id":"","codecanyon_url":"","codecanyon_item_id":"","codecanyon_price":"","pricing_caption":"","pricing_elfsight_apps_hide_column":"","pricing_elfsight_apps_url":"","pricing_codecanyon_price_caption":"","integration_category":[],"integration_request_title":"","integration_request_cta":"","integration_platform":"","integrations":[],"platform_category":[],"video_schema_markup":"","price":"desde $0 \/ mes","trial":"","benefits":[{"text":"Servicio de instalaci\u00f3n gratuito"},{"text":"Atenci\u00f3n al cliente experimentada"},{"text":"Garant\u00eda de reembolso de 14 d\u00edas"},{"text":"Mejoras gratuitas continuas"}],"button_url":"#demo","button_target_blank":"","button_nofollow":"","attributes":[{"name":"Instalaciones","content":"10,000 - 100,000"},{"name":"Sensible","content":"S\u00ed"},{"name":"Navegadores compatibles","content":" Firefox, Safari, Opera, Chrome, Edge"}],"tags":[],"tags_disable_links":"","hide_more_platforms":"","video_object":"","demo_hide_cta":"","demo_hide_cloud_options":"","pricing_title":"","pricing":[{"pricing_icon":"platform","pricing_title":"Elfsight Apps","pricing_title_caption":"Soluci\u00f3n multiplataforma","pricing_price":"desde $0 \/ mes","pricing_price_caption":"comienza con un plan gratuito","pricing_benefits":[{"text":"Dominios ilimitados"},{"text":"Atenci\u00f3n al cliente r\u00e1pida"},{"text":"Servicio de instalaci\u00f3n gratuito"},{"text":"Totalmente personalizable"}],"pricing_button_text":"A\u00f1adir al sitio web","pricing_button_url":"#demo"}],"related_apps_title":"","related_apps_hidden":"","author":"","image":[],"title":"","job":"","social_networks":[]},"_links":{"self":[{"href":"https:\/\/elfsight.com\/es\/wp-json\/wp\/v2\/pages\/6723","targetHints":{"allow":["GET"]}}],"collection":[{"href":"https:\/\/elfsight.com\/es\/wp-json\/wp\/v2\/pages"}],"about":[{"href":"https:\/\/elfsight.com\/es\/wp-json\/wp\/v2\/types\/page"}],"author":[{"embeddable":true,"href":"https:\/\/elfsight.com\/es\/wp-json\/wp\/v2\/users\/9"}],"replies":[{"embeddable":true,"href":"https:\/\/elfsight.com\/es\/wp-json\/wp\/v2\/comments?post=6723"}],"version-history":[{"count":2,"href":"https:\/\/elfsight.com\/es\/wp-json\/wp\/v2\/pages\/6723\/revisions"}],"predecessor-version":[{"id":19075,"href":"https:\/\/elfsight.com\/es\/wp-json\/wp\/v2\/pages\/6723\/revisions\/19075"}],"up":[{"embeddable":true,"href":"https:\/\/elfsight.com\/es\/wp-json\/wp\/v2\/pages\/1596"}],"wp:attachment":[{"href":"https:\/\/elfsight.com\/es\/wp-json\/wp\/v2\/media?parent=6723"}],"curies":[{"name":"wp","href":"https:\/\/api.w.org\/{rel}","templated":true}]}}