{"id":6722,"date":"1970-01-01T00:00:00","date_gmt":"1970-01-01T00:00:00","guid":{"rendered":"https:\/\/elfsight.com\/es\/?page_id=6722"},"modified":"2025-02-06T16:02:33","modified_gmt":"2025-02-06T16:02:33","slug":"opencart","status":"publish","type":"page","link":"https:\/\/elfsight.com\/es\/team-showcase-widget\/opencart\/","title":{"rendered":"Team Showcase &#8211; OpenCart"},"content":{"rendered":"<div class=\"application-platform-content-item-description application-platform-content-item\" id=\"description\" data-nav-section=\"description\"> <h2>Descripci\u00f3n<\/h2> <p>Nuestro widget ser\u00e1 la herramienta m\u00e1s \u00fatil para mostrar su equipo en su sitio. Ayuda a publicar informaci\u00f3n detallada sobre cualquier tipo de equipo: colegas de negocios, equipos de deportistas, personal acad\u00e9mico, compa\u00f1eros de equipo de la empresa y m\u00e1s. Agregue una imagen, informaci\u00f3n de contacto y un texto detallado sobre cada individuo. Los visitantes tendr\u00e1n la oportunidad de contactar a cada uno de ellos con un solo clic gracias a los enlaces activos y los \u00edconos sociales. Puedes hacer grupos y mostrar la estructura de tu equipo, seleccionar un dise\u00f1o, colores y otras opciones. \u00a1Gana confianza en tu negocio, mostrando su imagen humana! <\/p><div class=\"faq\" data-component=\"FAQ\"> <div class=\"faq-item\">\r\n\t\t\t\t\t<div class=\"faq-item-question\">\r\n\t\t\t\t\t\t<h3 class=\"faq-item-question-text\">\u00bfD\u00f3nde puedo publicar este complemento?<\/h3>\r\n\r\n\t\t\t\t\t\t<div class=\"faq-item-question-icon\"><\/div>\r\n\t\t\t\t\t<\/div>\r\n\r\n\t\t\t\t\t<div class=\"faq-item-answer\">\r\n\t\t\t\t\t\t<div class=\"faq-item-answer-text\"> <p>Agrega la galer\u00eda con tu equipo a cualquier p\u00e1gina del sitio web, donde creas que es suficiente. Puede convertirse en una de las partes del \u00e1rea de contenido o puede llenar toda la p\u00e1gina. Por lo tanto, puede crear su p\u00e1gina Acerca de nosotros con la ayuda de un solo widget. <\/p><\/div>\r\n\t\t\t\t\t<\/div>\r\n\t\t\t\t<\/div> <div class=\"faq-item\">\r\n\t\t\t\t\t<div class=\"faq-item-question\">\r\n\t\t\t\t\t\t<h3 class=\"faq-item-question-text\">\u00bfQu\u00e9 ventajas me puede aportar? <\/h3>\r\n\r\n\t\t\t\t\t\t<div class=\"faq-item-question-icon\"><\/div>\r\n\t\t\t\t\t<\/div>\r\n\r\n\t\t\t\t\t<div class=\"faq-item-answer\">\r\n\t\t\t\t\t\t<div class=\"faq-item-answer-text\"> <p>Revelar las personas que participan en su negocio aumenta su transparencia y aumenta la percepci\u00f3n de confiabilidad de la empresa. Garantiza que la gente est\u00e9 segura de que su empresa es un socio honesto y puede generar un mayor nivel de clientes potenciales y nuevos clientes. Adem\u00e1s, es m\u00e1s f\u00e1cil contactar con su equipo gracias a los datos de contacto agregados para cada persona. <\/p><\/div>\r\n\t\t\t\t\t<\/div>\r\n\t\t\t\t<\/div> <div class=\"faq-item\">\r\n\t\t\t\t\t<div class=\"faq-item-question\">\r\n\t\t\t\t\t\t<h3 class=\"faq-item-question-text\">\u00bfQu\u00e9 necesito para insertar Team Showcase en mi sitio web OpenCart?<\/h3>\r\n\r\n\t\t\t\t\t\t<div class=\"faq-item-question-icon\"><\/div>\r\n\t\t\t\t\t<\/div>\r\n\r\n\t\t\t\t\t<div class=\"faq-item-answer\">\r\n\t\t\t\t\t\t<div class=\"faq-item-answer-text\"> <p>Solo necesitas un minuto de tu tiempo para configurar el widget. La integraci\u00f3n es muy r\u00e1pida, gratuita y sin codificaci\u00f3n. <\/p> <ol> <li>Puedes insertar Team Showcase en tu p\u00e1gina web directamente en nuestro servicio. Para ello, simplemente siga los pasos de la gu\u00eda a continuaci\u00f3n en esta p\u00e1gina. <\/li> <li>Elfsight Team Showcase se puede configurar en nuestro servicio o en el mercado. Puede consultar todos los detalles sobre ambas opciones y elegir la m\u00e1s adecuada. <\/li> <\/ol> <\/div>\r\n\t\t\t\t\t<\/div>\r\n\t\t\t\t<\/div> <\/div> <\/div> <div class=\"application-platform-content-item-features application-platform-content-item\" id=\"features\" data-nav-section=\"features\"> <h2>Caracter\u00edsticas<\/h2> <p>Para obtener una comprensi\u00f3n m\u00e1s clara de Team Showcase, descubra la lista de sus caracter\u00edsticas principales. Hacen que el widget sea realmente beneficioso para usted: <\/p> <ul><li>\u00cdconos activos de redes sociales y enlaces a sitios web y direcciones de correo electr\u00f3nico; <\/li><li> Ubicaci\u00f3n revelada en Google Maps al hacer clic; <\/li><li>La ventana emergente muestra m\u00e1s informaci\u00f3n de un miembro del equipo; <\/li><li>Dos variantes para mostrar categor\u00edas: como lista general o con men\u00fa; <\/li><li>4 variantes de dise\u00f1o: Cuadr\u00edcula, Tarjetas, Galer\u00eda o Lista. <\/li><\/ul><p><a href=\"#demo\">Para comprobar todas las funciones, vea nuestra demostraci\u00f3n<\/a><\/p> <\/div> <div class=\"application-platform-content-item-installation application-platform-content-item\" id=\"installation\" data-nav-section=\"installation\"> <h2>Aprenda c\u00f3mo agregar el widget Team Showcase a su sitio OpenCart<\/h2> <p>Simplemente siga las instrucciones a continuaci\u00f3n para activar el widget en OpenCart.<\/p> <ol><li><b>Utilice nuestro configurador gratuito y comience a crear su instrumento personalizado. <\/b><br> Determine el dise\u00f1o y los aspectos preferibles del Team Showcase y guarde las modificaciones. <\/li> <li><b>Reciba el c\u00f3digo individual que aparece en el formulario especial en Elfsight Apps. <\/b><br> Cuando finalice la generaci\u00f3n de su widget, copie el c\u00f3digo individual en la ventana emergente que aparece y gu\u00e1rdelo para usarlo en el futuro. <\/li> <li><b>Comience a utilizar la herramienta en su sitio web OpenCart. <\/b><br>Incrusta el c\u00f3digo copiado anteriormente en tu sitio web y guarda las mejoras. <\/li> <li><b>\u00a1Listo! La configuraci\u00f3n se realiza con \u00e9xito. <\/b><br> Vaya a su p\u00e1gina para examinar c\u00f3mo funciona la herramienta. <\/li><\/ol> <p>\u00bfA\u00fan no te decides? \u00bfO tienes preguntas? Simplemente env\u00ede una solicitud a nuestro equipo de soporte, resolveremos cualquier asunto. <\/p> <\/div>","protected":false},"excerpt":{"rendered":"","protected":false},"author":9,"featured_media":0,"parent":1596,"menu_order":0,"comment_status":"closed","ping_status":"closed","template":"templates\/template-application-platform.php","meta":{"publish_to_discourse":"","publish_post_category":"","wpdc_auto_publish_overridden":"","wpdc_topic_tags":"","wpdc_pin_topic":"","wpdc_pin_until":"","discourse_post_id":"","discourse_permalink":"","wpdc_publishing_response":"","wpdc_publishing_error":"","footnotes":""},"class_list":["post-6722","page","type-page","status-publish","hentry"],"yoast_head":"<!-- This site is optimized with the Yoast SEO plugin v25.3.1 - https:\/\/yoast.com\/wordpress\/plugins\/seo\/ -->\n<title>Agregue la extensi\u00f3n Team Showcase al sitio web de OpenCart (2025)<\/title>\n<meta name=\"description\" content=\"Es absolutamente sencillo crear su extensi\u00f3n Team Showcase y mostrarla en el sitio web de OpenCart. La atenci\u00f3n al cliente de Elfsight es gratuita.\" \/>\n<meta name=\"robots\" content=\"index, follow, max-snippet:-1, max-image-preview:large, max-video-preview:-1\" \/>\n<link rel=\"canonical\" href=\"https:\/\/elfsight.com\/es\/team-showcase-widget\/opencart\/\" \/>\n<meta property=\"og:locale\" content=\"es_ES\" \/>\n<meta property=\"og:type\" content=\"article\" \/>\n<meta property=\"og:title\" content=\"Agregue la extensi\u00f3n Team Showcase al sitio web de OpenCart (2025)\" \/>\n<meta property=\"og:description\" content=\"Es absolutamente sencillo crear su extensi\u00f3n Team Showcase y mostrarla en el sitio web de OpenCart. La atenci\u00f3n al cliente de Elfsight es gratuita.\" \/>\n<meta property=\"og:url\" content=\"https:\/\/elfsight.com\/es\/team-showcase-widget\/opencart\/\" \/>\n<meta property=\"og:site_name\" content=\"Elfsight ES\" \/>\n<meta property=\"article:modified_time\" content=\"2025-02-06T16:02:33+00:00\" \/>\n<meta name=\"twitter:card\" content=\"summary_large_image\" \/>\n<meta name=\"twitter:label1\" content=\"Tiempo de lectura\" \/>\n\t<meta name=\"twitter:data1\" content=\"3 minutos\" \/>\n<!-- \/ Yoast SEO plugin. -->","yoast_head_json":{"title":"Agregue la extensi\u00f3n Team Showcase al sitio web de OpenCart (2025)","description":"Es absolutamente sencillo crear su extensi\u00f3n Team Showcase y mostrarla en el sitio web de OpenCart. La atenci\u00f3n al cliente de Elfsight es gratuita.","robots":{"index":"index","follow":"follow","max-snippet":"max-snippet:-1","max-image-preview":"max-image-preview:large","max-video-preview":"max-video-preview:-1"},"canonical":"https:\/\/elfsight.com\/es\/team-showcase-widget\/opencart\/","og_locale":"es_ES","og_type":"article","og_title":"Agregue la extensi\u00f3n Team Showcase al sitio web de OpenCart (2025)","og_description":"Es absolutamente sencillo crear su extensi\u00f3n Team Showcase y mostrarla en el sitio web de OpenCart. La atenci\u00f3n al cliente de Elfsight es gratuita.","og_url":"https:\/\/elfsight.com\/es\/team-showcase-widget\/opencart\/","og_site_name":"Elfsight ES","article_modified_time":"2025-02-06T16:02:33+00:00","twitter_card":"summary_large_image","twitter_misc":{"Tiempo de lectura":"3 minutos"},"schema":{"@context":"https:\/\/schema.org","@graph":[{"@type":"WebPage","@id":"https:\/\/elfsight.com\/es\/team-showcase-widget\/opencart\/","url":"https:\/\/elfsight.com\/es\/team-showcase-widget\/opencart\/","name":"Agregue la extensi\u00f3n Team Showcase al sitio web de OpenCart (2025)","isPartOf":{"@id":"https:\/\/elfsight.com\/es\/#website"},"datePublished":"1970-01-01T00:00:00+00:00","dateModified":"2025-02-06T16:02:33+00:00","description":"Es absolutamente sencillo crear su extensi\u00f3n Team Showcase y mostrarla en el sitio web de OpenCart. La atenci\u00f3n al cliente de Elfsight es gratuita.","breadcrumb":{"@id":"https:\/\/elfsight.com\/es\/team-showcase-widget\/opencart\/#breadcrumb"},"inLanguage":"es","potentialAction":[{"@type":"ReadAction","target":["https:\/\/elfsight.com\/es\/team-showcase-widget\/opencart\/"]}]},{"@type":"BreadcrumbList","@id":"https:\/\/elfsight.com\/es\/team-showcase-widget\/opencart\/#breadcrumb","itemListElement":[{"@type":"ListItem","position":1,"name":"Home","item":"https:\/\/elfsight.com\/es\/"},{"@type":"ListItem","position":2,"name":"Team Showcase","item":"https:\/\/elfsight.com\/es\/team-showcase-widget\/"},{"@type":"ListItem","position":3,"name":"Team Showcase &#8211; OpenCart"}]},{"@type":"WebSite","@id":"https:\/\/elfsight.com\/es\/#website","url":"https:\/\/elfsight.com\/es\/","name":"Elfsight ES","description":"Just another Elfsight Sites site","potentialAction":[{"@type":"SearchAction","target":{"@type":"EntryPoint","urlTemplate":"https:\/\/elfsight.com\/es\/?s={search_term_string}"},"query-input":{"@type":"PropertyValueSpecification","valueRequired":true,"valueName":"search_term_string"}}],"inLanguage":"es"}]}},"meta_box":{"industry":"","seo_heading":"","heading":"","description":"","cta_heading":"","cta_description":"","application":"1595","h1":"Extensi\u00f3n OpenCart Team Showcase","h1_caption":"Presente a los miembros de su equipo de una manera profesional y visualmente atractiva, generando confianza y conexi\u00f3n con su audiencia en su sitio web Opencart sin esfuerzo.","application_category":[],"applications_title":"","applications_request_title":"","applications_request_button_text":"","hero_text":"","hero_video":"","hero_video_schema_markup":"","selling_points_title":"","selling_points_caption":"","selling_points":[],"selling_points_cta_text":"","features_title":"","features":"","ed_cta_examples_text":"","ed_cta_examples_hidden":"","ed_cta_demo_text":"","ed_cta_demo_hidden":"","why_caption":"","why_editor_title":"","why_editor_text":"","why_team_title":"","why_team_text":"","why_service_title":"","why_service_text":"","template_catalog_visible":"","template_catalog_title":"","template_catalog_text":"","template_catalog_categories_visible":"","demo_title":"Crea tu extensi\u00f3n Team Showcase","demo_caption":"\u00a1Configure su Team Showcase y agr\u00e9guelo a su sitio web OpenCart de forma gratuita!","default_faq_hidden":"","app_template_category":[],"platform":"88","template_public_id":"","codecanyon_url":"","codecanyon_item_id":"","codecanyon_price":"","pricing_caption":"","pricing_elfsight_apps_hide_column":"","pricing_elfsight_apps_url":"","pricing_codecanyon_price_caption":"","integration_category":[],"integration_request_title":"","integration_request_cta":"","integration_platform":"","integrations":[],"platform_category":[],"video_schema_markup":"","price":"desde $0 \/ mes","trial":"","benefits":[{"text":"Ayuda de instalaci\u00f3n gratuita"},{"text":"Soporte premium"},{"text":"Garant\u00eda de devoluci\u00f3n de dinero de 14 d\u00edas"},{"text":"Actualizando constantemente"}],"button_url":"#demo","button_target_blank":"","button_nofollow":"","attributes":[{"name":"Instalaciones","content":"10,000 - 100,000"},{"name":"Sensible","content":"S\u00ed"},{"name":"Navegadores compatibles","content":"Opera, Firefox, Safari, Edge, Chrome"}],"tags":[],"tags_disable_links":"","hide_more_platforms":"","video_object":"","demo_hide_cta":"","demo_hide_cloud_options":"","pricing_title":"","pricing":[{"pricing_icon":"platform","pricing_title":"Elfsight Apps","pricing_title_caption":"Soluci\u00f3n multiplataforma que funciona en cualquier sitio web","pricing_price":"desde $0 \/ mes","pricing_price_caption":"comienza con el plan gratuito","pricing_benefits":[{"text":"Dominios ilimitados"},{"text":"Soporte premium"},{"text":"Asistencia de instalaci\u00f3n gratuita"},{"text":"Dise\u00f1o flexible"}],"pricing_button_text":"A\u00f1adir al sitio web","pricing_button_url":"#demo"}],"related_apps_title":"","related_apps_hidden":"","author":"","image":[],"title":"","job":"","social_networks":[]},"_links":{"self":[{"href":"https:\/\/elfsight.com\/es\/wp-json\/wp\/v2\/pages\/6722","targetHints":{"allow":["GET"]}}],"collection":[{"href":"https:\/\/elfsight.com\/es\/wp-json\/wp\/v2\/pages"}],"about":[{"href":"https:\/\/elfsight.com\/es\/wp-json\/wp\/v2\/types\/page"}],"author":[{"embeddable":true,"href":"https:\/\/elfsight.com\/es\/wp-json\/wp\/v2\/users\/9"}],"replies":[{"embeddable":true,"href":"https:\/\/elfsight.com\/es\/wp-json\/wp\/v2\/comments?post=6722"}],"version-history":[{"count":2,"href":"https:\/\/elfsight.com\/es\/wp-json\/wp\/v2\/pages\/6722\/revisions"}],"predecessor-version":[{"id":19076,"href":"https:\/\/elfsight.com\/es\/wp-json\/wp\/v2\/pages\/6722\/revisions\/19076"}],"up":[{"embeddable":true,"href":"https:\/\/elfsight.com\/es\/wp-json\/wp\/v2\/pages\/1596"}],"wp:attachment":[{"href":"https:\/\/elfsight.com\/es\/wp-json\/wp\/v2\/media?parent=6722"}],"curies":[{"name":"wp","href":"https:\/\/api.w.org\/{rel}","templated":true}]}}