{"id":6707,"date":"1970-01-01T00:00:00","date_gmt":"1970-01-01T00:00:00","guid":{"rendered":"https:\/\/elfsight.com\/es\/?page_id=6707"},"modified":"2025-02-06T16:02:49","modified_gmt":"2025-02-06T16:02:49","slug":"iframe","status":"publish","type":"page","link":"https:\/\/elfsight.com\/es\/team-showcase-widget\/iframe\/","title":{"rendered":"Team Showcase &#8211; iFrame"},"content":{"rendered":"<div class=\"application-platform-content-item-description application-platform-content-item\" id=\"description\" data-nav-section=\"description\"><h2>Integre Team Showcase en iFrame con el widget Elfsight<\/h2><p>Este widget ser\u00e1 la forma perfecta de mostrar su equipo en el sitio web. Nuestro widget ayuda a presentar las caras y roles de cualquier tipo de equipo: socios comerciales, clubes deportivos, profesores, personal de empresas y otros. Muestra una foto, agrega informaci\u00f3n de contacto y un texto detallado de cada miembro del equipo. Los visitantes del sitio web tendr\u00e1n la oportunidad de dirigirse a ellos sin problemas mediante enlaces activos e \u00edconos sociales. Puedes crear categor\u00edas y mostrar el formato de tu equipo, seleccionar dise\u00f1os, colores y m\u00e1s. \u00a1Aumente la confianza en su empresa, mostrando su imagen humana!<\/p> <p><b>\u00a1Aumente la confianza de su sitio con la ayuda de Elfsight Team Showcase!<\/b><\/p> <\/div><div class=\"application-platform-content-item-features application-platform-content-item\" id=\"features\" data-nav-section=\"features\"><h2>Caracter\u00edsticas principales del widget Team Showcase<\/h2><p>Para obtener un conocimiento m\u00e1s claro de Team Showcase, puede echar un vistazo a la lista de sus funciones m\u00e1s importantes. Hacen que nuestro widget sea incre\u00edblemente efectivo para su promoci\u00f3n:<\/p> <ul><li>\u00cdconos de redes sociales en los que se puede hacer clic y enlaces a sitios web y direcciones de correo electr\u00f3nico;<\/li><li> La direcci\u00f3n de ubicaci\u00f3n se abre en Google Maps cuando se hace clic;<\/li><li>La ventana emergente abre m\u00e1s detalles de una persona;<\/li><li>2 posibilidades para mostrar categor\u00edas: en una lista general o con men\u00fa;<\/li><li>Cuatro opciones de dise\u00f1o: Cuadr\u00edcula, Tarjetas, Galer\u00eda, Lista.<\/li><\/ul><p><a href=\"#demo\">Mira todas las funciones disponibles en la demostraci\u00f3n en vivo<\/a><\/p><\/div><div class=\"application-platform-content-item-installation application-platform-content-item\" id=\"installation\" data-nav-section=\"installation\"><h2>C\u00f3mo agregar Team Showcase al sitio web iFrame<\/h2><p>Sigue estos sencillos pasos para activar el widget. <\/p> <ol><li><b>Genera tu complemento Team Showcase exclusivo<\/b><br> Usando nuestra demostraci\u00f3n gratuita, crea un complemento con un dise\u00f1o seleccionado y caracter\u00edsticas funcionales. <\/li><li><b>Copia el c\u00f3digo individual para integrar el complemento<\/b><br> Despu\u00e9s de haber configurado tu widget, obtendr\u00e1s el c\u00f3digo de instalaci\u00f3n en la ventana emergente de Elfsight Apps. Copia este c\u00f3digo. <\/li> <li><b>Publique el complemento en su sitio iFrame<\/b><br> Busque el lugar donde necesita mostrar el complemento e inserte el c\u00f3digo copiado all\u00ed. Aplicar los resultados. <\/li> <li><b>\u00a1Listo! <\/b><br>Ingresa al sitio web, para ver los miembros de tu equipo. <\/li> <\/ol><p>\u00a1Nuestro equipo de atenci\u00f3n al cliente estar\u00e1 encantado de ayudarle en caso de que tenga alguna pregunta!<\/p><div class=\"faq\" data-component=\"FAQ\"><div class=\"faq-item\">\r\n\t\t\t\t\t<div class=\"faq-item-question\">\r\n\t\t\t\t\t\t<h3 class=\"faq-item-question-text\">\u00bfExiste alg\u00fan m\u00e9todo para agregar Team Showcase a mi sitio web iFrame sin codificaci\u00f3n?<\/h3>\r\n\r\n\t\t\t\t\t\t<div class=\"faq-item-question-icon\"><\/div>\r\n\t\t\t\t\t<\/div>\r\n\r\n\t\t\t\t\t<div class=\"faq-item-answer\">\r\n\t\t\t\t\t\t<div class=\"faq-item-answer-text\"> <p>Elfsight ofrece una soluci\u00f3n que permite a las personas generar un complemento Team Showcase usted mismo; consulte los sencillos pasos: Trabaje en la demostraci\u00f3n en l\u00ednea para crear una secci\u00f3n Team Showcase que le gustar\u00eda incrustar en su Sitio web iFrame. Elija una de nuestras plantillas listas para usar y adapte la configuraci\u00f3n de Team Showcase, actualice su contenido, cambie el dise\u00f1o y los colores sin conocimientos de codificaci\u00f3n. Haga clic para guardar Team Showcase y copie el c\u00f3digo para la instalaci\u00f3n, que puede insertar sin esfuerzo en su p\u00e1gina web iFrame de forma gratuita. Trabajando en nuestro sencillo Configurador, cada usuario de Internet puede crear un widget Team Showcase en l\u00ednea y agregarlo f\u00e1cilmente a cualquier p\u00e1gina de inicio de iFrame. No es necesario pagar ni introducir los datos de tu tarjeta para acceder al Editor. Si tiene alg\u00fan problema de cualquier tipo, contin\u00fae y hable con nuestro personal de soporte t\u00e9cnico.<\/p> <\/div>\r\n\t\t\t\t\t<\/div>\r\n\t\t\t\t<\/div> <\/div><\/div>","protected":false},"excerpt":{"rendered":"","protected":false},"author":9,"featured_media":0,"parent":1596,"menu_order":0,"comment_status":"closed","ping_status":"closed","template":"templates\/template-application-platform.php","meta":{"publish_to_discourse":"","publish_post_category":"","wpdc_auto_publish_overridden":"","wpdc_topic_tags":"","wpdc_pin_topic":"","wpdc_pin_until":"","discourse_post_id":"","discourse_permalink":"","wpdc_publishing_response":"","wpdc_publishing_error":"","footnotes":""},"class_list":["post-6707","page","type-page","status-publish","hentry"],"yoast_head":"<!-- This site is optimized with the Yoast SEO plugin v25.3.1 - https:\/\/yoast.com\/wordpress\/plugins\/seo\/ -->\n<title>Complemento iFrame Team Showcase para su sitio web (gratis y r\u00e1pido)<\/title>\n<meta name=\"description\" content=\"Es realmente f\u00e1cil crear su widget Team Showcase y agregarlo a su sitio web iFrame. El servicio al cliente de Elfsight es gratuito y r\u00e1pido.\" \/>\n<meta name=\"robots\" content=\"index, follow, max-snippet:-1, max-image-preview:large, max-video-preview:-1\" \/>\n<link rel=\"canonical\" href=\"https:\/\/elfsight.com\/es\/team-showcase-widget\/iframe\/\" \/>\n<meta property=\"og:locale\" content=\"es_ES\" \/>\n<meta property=\"og:type\" content=\"article\" \/>\n<meta property=\"og:title\" content=\"Complemento iFrame Team Showcase para su sitio web (gratis y r\u00e1pido)\" \/>\n<meta property=\"og:description\" content=\"Es realmente f\u00e1cil crear su widget Team Showcase y agregarlo a su sitio web iFrame. El servicio al cliente de Elfsight es gratuito y r\u00e1pido.\" \/>\n<meta property=\"og:url\" content=\"https:\/\/elfsight.com\/es\/team-showcase-widget\/iframe\/\" \/>\n<meta property=\"og:site_name\" content=\"Elfsight ES\" \/>\n<meta property=\"article:modified_time\" content=\"2025-02-06T16:02:49+00:00\" \/>\n<meta name=\"twitter:card\" content=\"summary_large_image\" \/>\n<meta name=\"twitter:label1\" content=\"Tiempo de lectura\" \/>\n\t<meta name=\"twitter:data1\" content=\"3 minutos\" \/>\n<!-- \/ Yoast SEO plugin. -->","yoast_head_json":{"title":"Complemento iFrame Team Showcase para su sitio web (gratis y r\u00e1pido)","description":"Es realmente f\u00e1cil crear su widget Team Showcase y agregarlo a su sitio web iFrame. El servicio al cliente de Elfsight es gratuito y r\u00e1pido.","robots":{"index":"index","follow":"follow","max-snippet":"max-snippet:-1","max-image-preview":"max-image-preview:large","max-video-preview":"max-video-preview:-1"},"canonical":"https:\/\/elfsight.com\/es\/team-showcase-widget\/iframe\/","og_locale":"es_ES","og_type":"article","og_title":"Complemento iFrame Team Showcase para su sitio web (gratis y r\u00e1pido)","og_description":"Es realmente f\u00e1cil crear su widget Team Showcase y agregarlo a su sitio web iFrame. El servicio al cliente de Elfsight es gratuito y r\u00e1pido.","og_url":"https:\/\/elfsight.com\/es\/team-showcase-widget\/iframe\/","og_site_name":"Elfsight ES","article_modified_time":"2025-02-06T16:02:49+00:00","twitter_card":"summary_large_image","twitter_misc":{"Tiempo de lectura":"3 minutos"},"schema":{"@context":"https:\/\/schema.org","@graph":[{"@type":"WebPage","@id":"https:\/\/elfsight.com\/es\/team-showcase-widget\/iframe\/","url":"https:\/\/elfsight.com\/es\/team-showcase-widget\/iframe\/","name":"Complemento iFrame Team Showcase para su sitio web (gratis y r\u00e1pido)","isPartOf":{"@id":"https:\/\/elfsight.com\/es\/#website"},"datePublished":"1970-01-01T00:00:00+00:00","dateModified":"2025-02-06T16:02:49+00:00","description":"Es realmente f\u00e1cil crear su widget Team Showcase y agregarlo a su sitio web iFrame. El servicio al cliente de Elfsight es gratuito y r\u00e1pido.","breadcrumb":{"@id":"https:\/\/elfsight.com\/es\/team-showcase-widget\/iframe\/#breadcrumb"},"inLanguage":"es","potentialAction":[{"@type":"ReadAction","target":["https:\/\/elfsight.com\/es\/team-showcase-widget\/iframe\/"]}]},{"@type":"BreadcrumbList","@id":"https:\/\/elfsight.com\/es\/team-showcase-widget\/iframe\/#breadcrumb","itemListElement":[{"@type":"ListItem","position":1,"name":"Home","item":"https:\/\/elfsight.com\/es\/"},{"@type":"ListItem","position":2,"name":"Team Showcase","item":"https:\/\/elfsight.com\/es\/team-showcase-widget\/"},{"@type":"ListItem","position":3,"name":"Team Showcase &#8211; iFrame"}]},{"@type":"WebSite","@id":"https:\/\/elfsight.com\/es\/#website","url":"https:\/\/elfsight.com\/es\/","name":"Elfsight ES","description":"Just another Elfsight Sites site","potentialAction":[{"@type":"SearchAction","target":{"@type":"EntryPoint","urlTemplate":"https:\/\/elfsight.com\/es\/?s={search_term_string}"},"query-input":{"@type":"PropertyValueSpecification","valueRequired":true,"valueName":"search_term_string"}}],"inLanguage":"es"}]}},"meta_box":{"industry":"","seo_heading":"","heading":"","description":"","cta_heading":"","cta_description":"","application":"1595","h1":"Presentaci\u00f3n del equipo iFrame","h1_caption":"Presente a los miembros de su equipo de una manera profesional y visualmente atractiva, generando confianza y conexi\u00f3n con su audiencia en su sitio web iFrame sin esfuerzo.","application_category":[],"applications_title":"","applications_request_title":"","applications_request_button_text":"","hero_text":"","hero_video":"","hero_video_schema_markup":"","selling_points_title":"","selling_points_caption":"","selling_points":[],"selling_points_cta_text":"","features_title":"","features":"","ed_cta_examples_text":"","ed_cta_examples_hidden":"","ed_cta_demo_text":"","ed_cta_demo_hidden":"","why_caption":"","why_editor_title":"","why_editor_text":"","why_team_title":"","why_team_text":"","why_service_title":"","why_service_text":"","template_catalog_visible":"","template_catalog_title":"","template_catalog_text":"","template_catalog_categories_visible":"","demo_title":"Crea tu widget de presentaci\u00f3n de equipo","demo_caption":"\u00a1Configure su Team Showcase y agr\u00e9guelo a su sitio web iFrame de forma gratuita!","default_faq_hidden":"","app_template_category":[],"platform":"2192","template_public_id":"","codecanyon_url":"","codecanyon_item_id":"","codecanyon_price":"","pricing_caption":"","pricing_elfsight_apps_hide_column":"","pricing_elfsight_apps_url":"","pricing_codecanyon_price_caption":"","integration_category":[],"integration_request_title":"","integration_request_cta":"","integration_platform":"","integrations":[],"platform_category":[],"video_schema_markup":"","price":"desde $0 \/ mes","trial":"","benefits":[{"text":"Ayuda de instalaci\u00f3n gratuita"},{"text":"Soporte premium"},{"text":"Garant\u00eda de devoluci\u00f3n de dinero de 14 d\u00edas"},{"text":"Futuras mejoras gratuitas"}],"button_url":"#demo","button_target_blank":"","button_nofollow":"","attributes":[{"name":"Instalaciones","content":"10,000 - 100,000"},{"name":"Sensible","content":"S\u00ed"},{"name":"Navegadores compatibles","content":"Chrome, Edge, Opera, Firefox, Safari"}],"tags":[],"tags_disable_links":"","hide_more_platforms":"","video_object":"","demo_hide_cta":"","demo_hide_cloud_options":"","pricing_title":"","pricing":[{"pricing_icon":"platform","pricing_title":"Elfsight Apps","pricing_title_caption":"Soluci\u00f3n multiplataforma que funciona en cualquier sitio web","pricing_price":"desde $0 \/ mes","pricing_price_caption":"comienza con el plan gratuito","pricing_benefits":[{"text":"Sitios web ilimitados"},{"text":"Soporte r\u00e1pido"},{"text":"Asistencia de instalaci\u00f3n gratuita"},{"text":"Precio especial para m\u00faltiples aplicaciones"}],"pricing_button_text":"A\u00f1adir al sitio web","pricing_button_url":"#demo"}],"related_apps_title":"","related_apps_hidden":"","author":"","image":[],"title":"","job":"","social_networks":[]},"_links":{"self":[{"href":"https:\/\/elfsight.com\/es\/wp-json\/wp\/v2\/pages\/6707","targetHints":{"allow":["GET"]}}],"collection":[{"href":"https:\/\/elfsight.com\/es\/wp-json\/wp\/v2\/pages"}],"about":[{"href":"https:\/\/elfsight.com\/es\/wp-json\/wp\/v2\/types\/page"}],"author":[{"embeddable":true,"href":"https:\/\/elfsight.com\/es\/wp-json\/wp\/v2\/users\/9"}],"replies":[{"embeddable":true,"href":"https:\/\/elfsight.com\/es\/wp-json\/wp\/v2\/comments?post=6707"}],"version-history":[{"count":2,"href":"https:\/\/elfsight.com\/es\/wp-json\/wp\/v2\/pages\/6707\/revisions"}],"predecessor-version":[{"id":19083,"href":"https:\/\/elfsight.com\/es\/wp-json\/wp\/v2\/pages\/6707\/revisions\/19083"}],"up":[{"embeddable":true,"href":"https:\/\/elfsight.com\/es\/wp-json\/wp\/v2\/pages\/1596"}],"wp:attachment":[{"href":"https:\/\/elfsight.com\/es\/wp-json\/wp\/v2\/media?parent=6707"}],"curies":[{"name":"wp","href":"https:\/\/api.w.org\/{rel}","templated":true}]}}