{"id":6701,"date":"1970-01-01T00:00:00","date_gmt":"1970-01-01T00:00:00","guid":{"rendered":"https:\/\/elfsight.com\/es\/?page_id=6701"},"modified":"2025-02-06T16:02:49","modified_gmt":"2025-02-06T16:02:49","slug":"google-sites","status":"publish","type":"page","link":"https:\/\/elfsight.com\/es\/team-showcase-widget\/google-sites\/","title":{"rendered":"Team Showcase &#8211; Google Sites"},"content":{"rendered":"<div class=\"application-platform-content-item-description application-platform-content-item\" id=\"description\" data-nav-section=\"description\"> <h2>Integrar Team Showcase en Google Sites con el widget de Elfsight<\/h2> <p>Team Showcase para Google Sites ser\u00e1 la forma m\u00e1s f\u00e1cil de usar de mostrar a los miembros de su equipo en el sitio web. El widget ayuda a informar sobre cualquier tipo de equipo: colegas de negocios, equipos deportivos, personal acad\u00e9mico, empleados de empresas y otros. Muestra una imagen, publica informaci\u00f3n de contacto y un texto personalizado sobre cada individuo. Los visitantes del sitio web tendr\u00e1n la oportunidad de comunicarse con ellos en un momento utilizando enlaces activos e \u00edconos de redes sociales. Puedes establecer grupos y mostrar la estructura de tu equipo, elegir dise\u00f1os, colores y m\u00e1s. \u00a1Mejore la confiabilidad de su empresa mostrando su rostro humano!<\/p> <p><b>Con Team Showcase, experimente un fuerte crecimiento comercial e impulse las ventas <\/b><\/p> <\/div> <div class=\"faq\" data-component=\"FAQ\"><div class=\"faq-item\">\r\n\t\t\t\t\t<div class=\"faq-item-question\">\r\n\t\t\t\t\t\t<h3 class=\"faq-item-question-text\">\u00bfC\u00f3mo puedo insertar un Team Showcase en el sitio de Google Sites? <\/h3>\r\n\r\n\t\t\t\t\t\t<div class=\"faq-item-question-icon\"><\/div>\r\n\t\t\t\t\t<\/div>\r\n\r\n\t\t\t\t\t<div class=\"faq-item-answer\">\r\n\t\t\t\t\t\t<div class=\"faq-item-answer-text\"><p>La base del widget se realiza en las p\u00e1ginas de Elfsight y usted No es necesario aprender a codificar. Vaya a nuestra demostraci\u00f3n en vivo para dise\u00f1ar su propio widget, obtenga el c\u00f3digo e int\u00e9grelo en su sitio web. <\/p><\/div>\r\n\t\t\t\t\t<\/div>\r\n\t\t\t\t<\/div><div class=\"faq-item\">\r\n\t\t\t\t\t<div class=\"faq-item-question\">\r\n\t\t\t\t\t\t<h3 class=\"faq-item-question-text\">Los mejores ejemplos de uso de la integraci\u00f3n de miembros del equipo<\/h3>\r\n\r\n\t\t\t\t\t\t<div class=\"faq-item-question-icon\"><\/div>\r\n\t\t\t\t\t<\/div>\r\n\r\n\t\t\t\t\t<div class=\"faq-item-answer\">\r\n\t\t\t\t\t\t<div class=\"faq-item-answer-text\"><p>Tenemos muchas posibilidades de ajuste: widgets de tama\u00f1o completo para incrustar en la secci\u00f3n de contenido, complementos flotantes con oportunidades de desplazamiento, miniaturas para el pie de p\u00e1gina, la secci\u00f3n principal y todo tipo de opciones verticales para las barras laterales y los men\u00fas del sitio web. <\/p><\/div>\r\n\t\t\t\t\t<\/div>\r\n\t\t\t\t<\/div><div class=\"faq-item\">\r\n\t\t\t\t\t<div class=\"faq-item-question\">\r\n\t\t\t\t\t\t<h3 class=\"faq-item-question-text\">\u00bfPuedo crear un escaparate de equipo de fitness o barberos con la ayuda de tu editor? <\/h3>\r\n\r\n\t\t\t\t\t\t<div class=\"faq-item-question-icon\"><\/div>\r\n\t\t\t\t\t<\/div>\r\n\r\n\t\t\t\t\t<div class=\"faq-item-answer\">\r\n\t\t\t\t\t\t<div class=\"faq-item-answer-text\"><p>Puedes crear cualquier modificaci\u00f3n del widget. Hay muchos dise\u00f1os aplicables en el editor y todos ellos se pueden personalizar f\u00e1cilmente seg\u00fan sus necesidades. <\/p><\/div>\r\n\t\t\t\t\t<\/div>\r\n\t\t\t\t<\/div><\/div><div class=\"application-platform-content-item-features application-platform-content-item\" id=\"features\" data-nav-section=\"features\"> <h2>Las funciones de widget m\u00e1s requeridas incluyen<\/h2> <ul><li>\u00cdconos activos de cuentas sociales y enlaces a sitios web y direcciones de correo electr\u00f3nico; <\/li><li>La ubicaci\u00f3n de la persona se revela en Google Maps al hacer clic; <\/li><li>La ventana emergente abre todos los detalles de un miembro del equipo; <\/li><li>Dos posibilidades para mostrar grupos: en lista general o con men\u00fa; <\/li><li>4 variantes de dise\u00f1o para elegir: Cuadr\u00edcula, Tarjetas, Galer\u00eda, Lista. <\/li><\/ul><p><a href=\"#demo\">Simplemente consulte esta demostraci\u00f3n para tener una idea completa<\/a><\/p> <\/div> <div class=\"application-platform-content-item-installation application-platform-content-item\" id=\"installation\" data-nav-section=\"installation\"> <h2>\u00bfC\u00f3mo puedo agregar Team Showcase a mi sitio de Google Sites? <\/h2> <p>Simplemente siga las instrucciones a continuaci\u00f3n para agregar el widget. <\/p> <ol><li><b>Utiliza nuestro configurador gratuito y comienza a crear tu propio complemento. <\/b><br> Determine la forma seleccionada y las caracter\u00edsticas del complemento y guarde las ediciones. <\/li> <li><b>Obtenga su c\u00f3digo personal revelado en el formulario especial en Elfsight Apps. <\/b><br> Tan pronto como finalice la configuraci\u00f3n de su herramienta, copie el c\u00f3digo personal de la ventana emergente que aparece y gu\u00e1rdelo para futuras ocasiones. <\/li> <li><b>Comenzar a utilizar el widget en el sitio de Google Sites. <\/b><br> A\u00f1ade el c\u00f3digo guardado anteriormente en tu p\u00e1gina web y guarda las correcciones. <\/li> <li><b>La configuraci\u00f3n se realiz\u00f3 exitosamente. <\/b><br> Visite su sitio para inspeccionar c\u00f3mo funciona el complemento. <\/li><\/ol> <div class=\"tip-yellow tip\"><b>Debido a las peculiaridades del trabajo de Google Sites, el widget puede tener un aspecto diferente al de la demostraci\u00f3n en l\u00ednea. Nos disculpamos por cualquier inconveniente causado.<\/b><\/div><p>Si encuentra alguna dificultad, no dude en buscar ayuda de nuestro personal de servicio al cliente. Nuestros especialistas est\u00e1n deseando resolver todas las dificultades que puedas tener con el widget. <\/p> <\/div>","protected":false},"excerpt":{"rendered":"","protected":false},"author":9,"featured_media":0,"parent":1596,"menu_order":0,"comment_status":"closed","ping_status":"closed","template":"templates\/template-application-platform.php","meta":{"publish_to_discourse":"","publish_post_category":"","wpdc_auto_publish_overridden":"","wpdc_topic_tags":"","wpdc_pin_topic":"","wpdc_pin_until":"","discourse_post_id":"","discourse_permalink":"","wpdc_publishing_response":"","wpdc_publishing_error":"","footnotes":""},"class_list":["post-6701","page","type-page","status-publish","hentry"],"yoast_head":"<!-- This site is optimized with the Yoast SEO plugin v25.3.1 - https:\/\/yoast.com\/wordpress\/plugins\/seo\/ -->\n<title>Team Showcase: agregue el widget Team Showcase a Google Sites (2025)<\/title>\n<meta name=\"description\" content=\"Agregue una extensi\u00f3n Team Showcase responsiva en su sitio web de Google Sites y gane plena confianza. Aplique la pr\u00e1ctica demostraci\u00f3n de Elfsight para crear su funci\u00f3n personalizada.\" \/>\n<meta name=\"robots\" content=\"index, follow, max-snippet:-1, max-image-preview:large, max-video-preview:-1\" \/>\n<link rel=\"canonical\" href=\"https:\/\/elfsight.com\/es\/team-showcase-widget\/google-sites\/\" \/>\n<meta property=\"og:locale\" content=\"es_ES\" \/>\n<meta property=\"og:type\" content=\"article\" \/>\n<meta property=\"og:title\" content=\"Team Showcase: agregue el widget Team Showcase a Google Sites (2025)\" \/>\n<meta property=\"og:description\" content=\"Agregue una extensi\u00f3n Team Showcase responsiva en su sitio web de Google Sites y gane plena confianza. Aplique la pr\u00e1ctica demostraci\u00f3n de Elfsight para crear su funci\u00f3n personalizada.\" \/>\n<meta property=\"og:url\" content=\"https:\/\/elfsight.com\/es\/team-showcase-widget\/google-sites\/\" \/>\n<meta property=\"og:site_name\" content=\"Elfsight ES\" \/>\n<meta property=\"article:modified_time\" content=\"2025-02-06T16:02:49+00:00\" \/>\n<meta name=\"twitter:card\" content=\"summary_large_image\" \/>\n<meta name=\"twitter:label1\" content=\"Tiempo de lectura\" \/>\n\t<meta name=\"twitter:data1\" content=\"3 minutos\" \/>\n<!-- \/ Yoast SEO plugin. -->","yoast_head_json":{"title":"Team Showcase: agregue el widget Team Showcase a Google Sites (2025)","description":"Agregue una extensi\u00f3n Team Showcase responsiva en su sitio web de Google Sites y gane plena confianza. Aplique la pr\u00e1ctica demostraci\u00f3n de Elfsight para crear su funci\u00f3n personalizada.","robots":{"index":"index","follow":"follow","max-snippet":"max-snippet:-1","max-image-preview":"max-image-preview:large","max-video-preview":"max-video-preview:-1"},"canonical":"https:\/\/elfsight.com\/es\/team-showcase-widget\/google-sites\/","og_locale":"es_ES","og_type":"article","og_title":"Team Showcase: agregue el widget Team Showcase a Google Sites (2025)","og_description":"Agregue una extensi\u00f3n Team Showcase responsiva en su sitio web de Google Sites y gane plena confianza. Aplique la pr\u00e1ctica demostraci\u00f3n de Elfsight para crear su funci\u00f3n personalizada.","og_url":"https:\/\/elfsight.com\/es\/team-showcase-widget\/google-sites\/","og_site_name":"Elfsight ES","article_modified_time":"2025-02-06T16:02:49+00:00","twitter_card":"summary_large_image","twitter_misc":{"Tiempo de lectura":"3 minutos"},"schema":{"@context":"https:\/\/schema.org","@graph":[{"@type":"WebPage","@id":"https:\/\/elfsight.com\/es\/team-showcase-widget\/google-sites\/","url":"https:\/\/elfsight.com\/es\/team-showcase-widget\/google-sites\/","name":"Team Showcase: agregue el widget Team Showcase a Google Sites (2025)","isPartOf":{"@id":"https:\/\/elfsight.com\/es\/#website"},"datePublished":"1970-01-01T00:00:00+00:00","dateModified":"2025-02-06T16:02:49+00:00","description":"Agregue una extensi\u00f3n Team Showcase responsiva en su sitio web de Google Sites y gane plena confianza. Aplique la pr\u00e1ctica demostraci\u00f3n de Elfsight para crear su funci\u00f3n personalizada.","breadcrumb":{"@id":"https:\/\/elfsight.com\/es\/team-showcase-widget\/google-sites\/#breadcrumb"},"inLanguage":"es","potentialAction":[{"@type":"ReadAction","target":["https:\/\/elfsight.com\/es\/team-showcase-widget\/google-sites\/"]}]},{"@type":"BreadcrumbList","@id":"https:\/\/elfsight.com\/es\/team-showcase-widget\/google-sites\/#breadcrumb","itemListElement":[{"@type":"ListItem","position":1,"name":"Home","item":"https:\/\/elfsight.com\/es\/"},{"@type":"ListItem","position":2,"name":"Team Showcase","item":"https:\/\/elfsight.com\/es\/team-showcase-widget\/"},{"@type":"ListItem","position":3,"name":"Team Showcase &#8211; Google Sites"}]},{"@type":"WebSite","@id":"https:\/\/elfsight.com\/es\/#website","url":"https:\/\/elfsight.com\/es\/","name":"Elfsight ES","description":"Just another Elfsight Sites site","potentialAction":[{"@type":"SearchAction","target":{"@type":"EntryPoint","urlTemplate":"https:\/\/elfsight.com\/es\/?s={search_term_string}"},"query-input":{"@type":"PropertyValueSpecification","valueRequired":true,"valueName":"search_term_string"}}],"inLanguage":"es"}]}},"meta_box":{"industry":"","seo_heading":"","heading":"","description":"","cta_heading":"","cta_description":"","application":"1595","h1":"Widget de presentaci\u00f3n del equipo de Google Sites","h1_caption":"Presente a los miembros de su equipo de una manera profesional y visualmente atractiva, generando confianza y conexi\u00f3n con su audiencia en sus Google Sites sin esfuerzo.","application_category":[],"applications_title":"","applications_request_title":"","applications_request_button_text":"","hero_text":"","hero_video":"","hero_video_schema_markup":"","selling_points_title":"","selling_points_caption":"","selling_points":[],"selling_points_cta_text":"","features_title":"","features":"","ed_cta_examples_text":"","ed_cta_examples_hidden":"","ed_cta_demo_text":"","ed_cta_demo_hidden":"","why_caption":"","why_editor_title":"","why_editor_text":"","why_team_title":"","why_team_text":"","why_service_title":"","why_service_text":"","template_catalog_visible":"","template_catalog_title":"","template_catalog_text":"","template_catalog_categories_visible":"","demo_title":"Crea tu widget de presentaci\u00f3n de equipo","demo_caption":"Configure su Team Showcase y agr\u00e9guelo a su sitio web de Google Sites de forma gratuita.","default_faq_hidden":"","app_template_category":[],"platform":"67","template_public_id":"","codecanyon_url":"","codecanyon_item_id":"","codecanyon_price":"","pricing_caption":"","pricing_elfsight_apps_hide_column":"","pricing_elfsight_apps_url":"","pricing_codecanyon_price_caption":"","integration_category":[],"integration_request_title":"","integration_request_cta":"","integration_platform":"","integrations":[],"platform_category":[],"video_schema_markup":"","price":"desde $0 \/ mes","trial":"","benefits":[{"text":"Asistencia de instalaci\u00f3n gratuita"},{"text":"Servicio al cliente eficaz"},{"text":"Garant\u00eda de reembolso de 14 d\u00edas"},{"text":"Futuras actualizaciones gratuitas"}],"button_url":"#demo","button_target_blank":"","button_nofollow":"","attributes":[{"name":"Instalaciones","content":"10,000 - 100,000"},{"name":"Sensible","content":"Optimizado para dispositivos m\u00f3viles"},{"name":"Navegadores compatibles","content":"Safari, Firefox, Edge, Opera, Chrome"}],"tags":[],"tags_disable_links":"","hide_more_platforms":"","video_object":"","demo_hide_cta":"","demo_hide_cloud_options":"","pricing_title":"","pricing":[{"pricing_icon":"platform","pricing_title":"Elfsight Apps","pricing_title_caption":"Software multiplataforma que funciona en cualquier sitio web","pricing_price":"desde $0 \/ mes","pricing_price_caption":"comienza con el plan gratuito","pricing_benefits":[{"text":"Dominios ilimitados"},{"text":"Soporte premium y puntual"},{"text":"Ayuda de instalaci\u00f3n gratuita"},{"text":"Precio especial para m\u00faltiples aplicaciones"}],"pricing_button_text":"A\u00f1adir al sitio web","pricing_button_url":"#demo"}],"related_apps_title":"","related_apps_hidden":"","author":"","image":[],"title":"","job":"","social_networks":[]},"_links":{"self":[{"href":"https:\/\/elfsight.com\/es\/wp-json\/wp\/v2\/pages\/6701","targetHints":{"allow":["GET"]}}],"collection":[{"href":"https:\/\/elfsight.com\/es\/wp-json\/wp\/v2\/pages"}],"about":[{"href":"https:\/\/elfsight.com\/es\/wp-json\/wp\/v2\/types\/page"}],"author":[{"embeddable":true,"href":"https:\/\/elfsight.com\/es\/wp-json\/wp\/v2\/users\/9"}],"replies":[{"embeddable":true,"href":"https:\/\/elfsight.com\/es\/wp-json\/wp\/v2\/comments?post=6701"}],"version-history":[{"count":2,"href":"https:\/\/elfsight.com\/es\/wp-json\/wp\/v2\/pages\/6701\/revisions"}],"predecessor-version":[{"id":19085,"href":"https:\/\/elfsight.com\/es\/wp-json\/wp\/v2\/pages\/6701\/revisions\/19085"}],"up":[{"embeddable":true,"href":"https:\/\/elfsight.com\/es\/wp-json\/wp\/v2\/pages\/1596"}],"wp:attachment":[{"href":"https:\/\/elfsight.com\/es\/wp-json\/wp\/v2\/media?parent=6701"}],"curies":[{"name":"wp","href":"https:\/\/api.w.org\/{rel}","templated":true}]}}