{"id":6700,"date":"1970-01-01T00:00:00","date_gmt":"1970-01-01T00:00:00","guid":{"rendered":"https:\/\/elfsight.com\/es\/?page_id=6700"},"modified":"2025-02-06T16:02:49","modified_gmt":"2025-02-06T16:02:49","slug":"godaddy","status":"publish","type":"page","link":"https:\/\/elfsight.com\/es\/team-showcase-widget\/godaddy\/","title":{"rendered":"Team Showcase &#8211; GoDaddy"},"content":{"rendered":"<div class=\"application-platform-content-item-description application-platform-content-item\" id=\"description\" data-nav-section=\"description\"> <h2>Integre Team Showcase en GoDaddy con el widget Elfsight<\/h2> <p>Nuestro complemento Team Showcase ser\u00e1 la forma de mostrar su equipo en su sitio web de GoDaddy. Nuestro complemento ayuda a presentar las caras y roles de cualquier tipo de equipo: socios comerciales, clubes deportivos, profesores, personal de la empresa y otros. Muestra una foto, agrega informaci\u00f3n de contacto y un texto detallado sobre cada miembro del equipo. Los visitantes del sitio web tendr\u00e1n la oportunidad de dirigirse a ellos sin problemas mediante enlaces activos e \u00edconos sociales. Puedes crear categor\u00edas y mostrar el formato de tu equipo, seleccionar dise\u00f1os, colores y m\u00e1s. \u00a1Aumenta la confianza en tu empresa, mostrando su imagen humana! <\/p> <p><b><\/b><\/p> <\/div> <div class=\"application-platform-content-item-features application-platform-content-item\" id=\"features\" data-nav-section=\"features\"> <h2>A continuaci\u00f3n se detallan las caracter\u00edsticas clave del complemento: <\/h2> <ul><li>\u00cdconos de redes sociales en los que se puede hacer clic y enlaces a sitios web y direcciones de correo electr\u00f3nico; <\/li><li> La direcci\u00f3n de ubicaci\u00f3n se abre en Google Maps cuando se hace clic en ella; <\/li><li>La ventana emergente abre m\u00e1s detalles de una persona; <\/li><li>2 posibilidades para mostrar categor\u00edas: en una lista general o con men\u00fa; <\/li><li>Cuatro opciones de dise\u00f1o: Cuadr\u00edcula, Tarjetas, Galer\u00eda, Lista. <\/li><\/ul><p><a href=\"#demo\">Simplemente pruebe esta demostraci\u00f3n para ver cu\u00e1nto vale el complemento<\/a><\/p> <\/div> <div class=\"application-platform-content-item-installation application-platform-content-item\" id=\"installation\" data-nav-section=\"installation\"> <h2>\u00bfC\u00f3mo puedo agregar Team Showcase en mi sitio web de GoDaddy? <\/h2> <p>Simplemente siga los pasos que se presentan a continuaci\u00f3n para integrar el complemento. <\/p> <ol><li><b>Utilice nuestro editor gratuito y comience a darle forma a su complemento personalizado. <\/b><br> Elija el dise\u00f1o personalizado y las caracter\u00edsticas funcionales del complemento y aplique las ediciones. <\/li> <li><b>Adquiere el c\u00f3digo personal que aparece en el formulario especial de Elfsight Apps. <\/b><br> Inmediatamente despu\u00e9s de finalizar la configuraci\u00f3n de su herramienta personal, copie el c\u00f3digo personal en la ventana emergente que aparece y gu\u00e1rdelo para su uso posterior. <\/li> <li><b>Comience a usar el complemento en su p\u00e1gina de inicio de GoDaddy. <\/b><br> Introduce el c\u00f3digo que has guardado anteriormente en tu sitio web y aplica las correcciones. <\/li> <li><b>\u00a1Listo! La integraci\u00f3n se realiza con \u00e9xito. <\/b><br> Vaya a su sitio para ver en acci\u00f3n el trabajo de la herramienta. <\/li><\/ol> <p>En caso de tener preguntas o tener algunas complicaciones, no dude en comunicarse con nuestro personal de atenci\u00f3n al cliente. Nuestra gente est\u00e1 ansiosa por resolver todas las dificultades que pueda tener con el complemento. <\/p> <div class=\"faq\" data-component=\"FAQ\"><div class=\"faq-item\">\r\n\t\t\t\t\t<div class=\"faq-item-question\">\r\n\t\t\t\t\t\t<h3 class=\"faq-item-question-text\">\u00bfExiste alg\u00fan m\u00e9todo para insertar Team Showcase en mi p\u00e1gina web de GoDaddy sin necesidad de codificaci\u00f3n?<\/h3>\r\n\r\n\t\t\t\t\t\t<div class=\"faq-item-question-icon\"><\/div>\r\n\t\t\t\t\t<\/div>\r\n\r\n\t\t\t\t\t<div class=\"faq-item-answer\">\r\n\t\t\t\t\t\t<div class=\"faq-item-answer-text\"> <p>Elfsight ofrece una soluci\u00f3n que permite a los usuarios crear un complemento de Team Showcase por s\u00ed mismos. Consulte las sencillas instrucciones: Trabaje directamente en el editor en vivo para crear un widget de Team Showcase que le gustar\u00eda que aparezca en su sitio web de GoDaddy. Elija una de nuestras plantillas predise\u00f1adas y ajuste la configuraci\u00f3n de Team Showcase, actualice su contenido, cambie el dise\u00f1o y el color de los elementos sin ning\u00fan conocimiento de codificaci\u00f3n. Haga clic para guardar Team Showcase y obtener el c\u00f3digo de un widget para la instalaci\u00f3n, que puede agregar sin esfuerzo a cualquier p\u00e1gina web de GoDaddy de forma gratuita. Con la ayuda del Configurador intuitivo, cualquier usuario de Internet puede crear la secci\u00f3n Team Showcase en l\u00ednea y pegarla sin esfuerzo en la p\u00e1gina de inicio de GoDaddy. No es necesario obtener un plan pago ni ingresar los datos de su tarjeta para ingresar al servicio. Si tiene alg\u00fan problema de cualquier tipo, no dude en hablar con nuestro servicio de atenci\u00f3n al cliente.<\/p> <\/div>\r\n\t\t\t\t\t<\/div>\r\n\t\t\t\t<\/div> <\/div><\/div>","protected":false},"excerpt":{"rendered":"","protected":false},"author":9,"featured_media":0,"parent":1596,"menu_order":0,"comment_status":"closed","ping_status":"closed","template":"templates\/template-application-platform.php","meta":{"publish_to_discourse":"","publish_post_category":"","wpdc_auto_publish_overridden":"","wpdc_topic_tags":"","wpdc_pin_topic":"","wpdc_pin_until":"","discourse_post_id":"","discourse_permalink":"","wpdc_publishing_response":"","wpdc_publishing_error":"","footnotes":""},"class_list":["post-6700","page","type-page","status-publish","hentry"],"yoast_head":"<!-- This site is optimized with the Yoast SEO plugin v25.3.1 - https:\/\/yoast.com\/wordpress\/plugins\/seo\/ -->\n<title>Team Showcase: agregue el complemento Team Showcase al sitio web de GoDaddy.<\/title>\n<meta name=\"description\" content=\"\u00a1Demuestre a los miembros de su equipo de la manera m\u00e1s representativa con el nuevo complemento Elfsight Team Showcase para GoDaddy!\" \/>\n<meta name=\"robots\" content=\"index, follow, max-snippet:-1, max-image-preview:large, max-video-preview:-1\" \/>\n<link rel=\"canonical\" href=\"https:\/\/elfsight.com\/es\/team-showcase-widget\/godaddy\/\" \/>\n<meta property=\"og:locale\" content=\"es_ES\" \/>\n<meta property=\"og:type\" content=\"article\" \/>\n<meta property=\"og:title\" content=\"Team Showcase: agregue el complemento Team Showcase al sitio web de GoDaddy.\" \/>\n<meta property=\"og:description\" content=\"\u00a1Demuestre a los miembros de su equipo de la manera m\u00e1s representativa con el nuevo complemento Elfsight Team Showcase para GoDaddy!\" \/>\n<meta property=\"og:url\" content=\"https:\/\/elfsight.com\/es\/team-showcase-widget\/godaddy\/\" \/>\n<meta property=\"og:site_name\" content=\"Elfsight ES\" \/>\n<meta property=\"article:modified_time\" content=\"2025-02-06T16:02:49+00:00\" \/>\n<meta name=\"twitter:card\" content=\"summary_large_image\" \/>\n<meta name=\"twitter:label1\" content=\"Tiempo de lectura\" \/>\n\t<meta name=\"twitter:data1\" content=\"3 minutos\" \/>\n<!-- \/ Yoast SEO plugin. -->","yoast_head_json":{"title":"Team Showcase: agregue el complemento Team Showcase al sitio web de GoDaddy.","description":"\u00a1Demuestre a los miembros de su equipo de la manera m\u00e1s representativa con el nuevo complemento Elfsight Team Showcase para GoDaddy!","robots":{"index":"index","follow":"follow","max-snippet":"max-snippet:-1","max-image-preview":"max-image-preview:large","max-video-preview":"max-video-preview:-1"},"canonical":"https:\/\/elfsight.com\/es\/team-showcase-widget\/godaddy\/","og_locale":"es_ES","og_type":"article","og_title":"Team Showcase: agregue el complemento Team Showcase al sitio web de GoDaddy.","og_description":"\u00a1Demuestre a los miembros de su equipo de la manera m\u00e1s representativa con el nuevo complemento Elfsight Team Showcase para GoDaddy!","og_url":"https:\/\/elfsight.com\/es\/team-showcase-widget\/godaddy\/","og_site_name":"Elfsight ES","article_modified_time":"2025-02-06T16:02:49+00:00","twitter_card":"summary_large_image","twitter_misc":{"Tiempo de lectura":"3 minutos"},"schema":{"@context":"https:\/\/schema.org","@graph":[{"@type":"WebPage","@id":"https:\/\/elfsight.com\/es\/team-showcase-widget\/godaddy\/","url":"https:\/\/elfsight.com\/es\/team-showcase-widget\/godaddy\/","name":"Team Showcase: agregue el complemento Team Showcase al sitio web de GoDaddy.","isPartOf":{"@id":"https:\/\/elfsight.com\/es\/#website"},"datePublished":"1970-01-01T00:00:00+00:00","dateModified":"2025-02-06T16:02:49+00:00","description":"\u00a1Demuestre a los miembros de su equipo de la manera m\u00e1s representativa con el nuevo complemento Elfsight Team Showcase para GoDaddy!","breadcrumb":{"@id":"https:\/\/elfsight.com\/es\/team-showcase-widget\/godaddy\/#breadcrumb"},"inLanguage":"es","potentialAction":[{"@type":"ReadAction","target":["https:\/\/elfsight.com\/es\/team-showcase-widget\/godaddy\/"]}]},{"@type":"BreadcrumbList","@id":"https:\/\/elfsight.com\/es\/team-showcase-widget\/godaddy\/#breadcrumb","itemListElement":[{"@type":"ListItem","position":1,"name":"Home","item":"https:\/\/elfsight.com\/es\/"},{"@type":"ListItem","position":2,"name":"Team Showcase","item":"https:\/\/elfsight.com\/es\/team-showcase-widget\/"},{"@type":"ListItem","position":3,"name":"Team Showcase &#8211; GoDaddy"}]},{"@type":"WebSite","@id":"https:\/\/elfsight.com\/es\/#website","url":"https:\/\/elfsight.com\/es\/","name":"Elfsight ES","description":"Just another Elfsight Sites site","potentialAction":[{"@type":"SearchAction","target":{"@type":"EntryPoint","urlTemplate":"https:\/\/elfsight.com\/es\/?s={search_term_string}"},"query-input":{"@type":"PropertyValueSpecification","valueRequired":true,"valueName":"search_term_string"}}],"inLanguage":"es"}]}},"meta_box":{"industry":"","seo_heading":"","heading":"","description":"","cta_heading":"","cta_description":"","application":"1595","h1":"Complemento GoDaddy Team Showcase","h1_caption":"Presente a los miembros de su equipo de una manera profesional y visualmente atractiva, generando confianza y conexi\u00f3n con su audiencia en su sitio web de GoDaddy sin esfuerzo.","application_category":[],"applications_title":"","applications_request_title":"","applications_request_button_text":"","hero_text":"","hero_video":"","hero_video_schema_markup":"","selling_points_title":"","selling_points_caption":"","selling_points":[],"selling_points_cta_text":"","features_title":"","features":"","ed_cta_examples_text":"","ed_cta_examples_hidden":"","ed_cta_demo_text":"","ed_cta_demo_hidden":"","why_caption":"","why_editor_title":"","why_editor_text":"","why_team_title":"","why_team_text":"","why_service_title":"","why_service_text":"","template_catalog_visible":"","template_catalog_title":"","template_catalog_text":"","template_catalog_categories_visible":"","demo_title":"Crea tu complemento Team Showcase","demo_caption":"\u00a1Configura tu Team Showcase y agr\u00e9galo a tu sitio web de GoDaddy gratis!","default_faq_hidden":"","app_template_category":[],"platform":"2183","template_public_id":"","codecanyon_url":"","codecanyon_item_id":"","codecanyon_price":"","pricing_caption":"","pricing_elfsight_apps_hide_column":"","pricing_elfsight_apps_url":"","pricing_codecanyon_price_caption":"","integration_category":[],"integration_request_title":"","integration_request_cta":"","integration_platform":"","integrations":[],"platform_category":[],"video_schema_markup":"","price":"desde $0 \/ mes","trial":"","benefits":[{"text":"Ayuda de instalaci\u00f3n gratuita"},{"text":"Servicio al cliente eficaz"},{"text":"Garant\u00eda de devoluci\u00f3n de dinero de 14 d\u00edas"},{"text":"Actualizando constantemente"}],"button_url":"#demo","button_target_blank":"","button_nofollow":"","attributes":[{"name":"Instalaciones","content":"10,000 - 100,000"},{"name":"Sensible","content":"S\u00ed"},{"name":"Navegadores compatibles","content":"IE11, Firefox, Safari, Opera, Chrome, Edge"}],"tags":[],"tags_disable_links":"","hide_more_platforms":"","video_object":"","demo_hide_cta":"","demo_hide_cloud_options":"","pricing_title":"","pricing":[{"pricing_icon":"platform","pricing_title":"Elfsight Apps","pricing_title_caption":"Versi\u00f3n multiplataforma","pricing_price":"desde $0 \/ mes","pricing_price_caption":"comienza con el plan gratuito","pricing_benefits":[{"text":"Dominios ilimitados"},{"text":"Soporte de la empresa 24 horas al d\u00eda, 7 d\u00edas a la semana y bien documentado."},{"text":"Asistencia de instalaci\u00f3n gratuita"},{"text":"Totalmente personalizable"}],"pricing_button_text":"A\u00f1adir al sitio web","pricing_button_url":"#demo"}],"related_apps_title":"","related_apps_hidden":"","author":"","image":[],"title":"","job":"","social_networks":[]},"_links":{"self":[{"href":"https:\/\/elfsight.com\/es\/wp-json\/wp\/v2\/pages\/6700","targetHints":{"allow":["GET"]}}],"collection":[{"href":"https:\/\/elfsight.com\/es\/wp-json\/wp\/v2\/pages"}],"about":[{"href":"https:\/\/elfsight.com\/es\/wp-json\/wp\/v2\/types\/page"}],"author":[{"embeddable":true,"href":"https:\/\/elfsight.com\/es\/wp-json\/wp\/v2\/users\/9"}],"replies":[{"embeddable":true,"href":"https:\/\/elfsight.com\/es\/wp-json\/wp\/v2\/comments?post=6700"}],"version-history":[{"count":2,"href":"https:\/\/elfsight.com\/es\/wp-json\/wp\/v2\/pages\/6700\/revisions"}],"predecessor-version":[{"id":19086,"href":"https:\/\/elfsight.com\/es\/wp-json\/wp\/v2\/pages\/6700\/revisions\/19086"}],"up":[{"embeddable":true,"href":"https:\/\/elfsight.com\/es\/wp-json\/wp\/v2\/pages\/1596"}],"wp:attachment":[{"href":"https:\/\/elfsight.com\/es\/wp-json\/wp\/v2\/media?parent=6700"}],"curies":[{"name":"wp","href":"https:\/\/api.w.org\/{rel}","templated":true}]}}