{"id":6699,"date":"1970-01-01T00:00:00","date_gmt":"1970-01-01T00:00:00","guid":{"rendered":"https:\/\/elfsight.com\/es\/?page_id=6699"},"modified":"2025-02-06T16:02:57","modified_gmt":"2025-02-06T16:02:57","slug":"facebook","status":"publish","type":"page","link":"https:\/\/elfsight.com\/es\/team-showcase-widget\/facebook\/","title":{"rendered":"Team Showcase &#8211; Facebook Page"},"content":{"rendered":"<div class=\"application-platform-content-item-description application-platform-content-item\" id=\"description\" data-nav-section=\"description\"><h2>Descripci\u00f3n<\/h2><p>Nuestro widget se convertir\u00e1 en la forma m\u00e1s llamativa de mostrar a los miembros de su equipo en su p\u00e1gina comercial o p\u00fablica de Facebook. Ayuda a mostrar las caras y los antecedentes de cualquier tipo de equipo: colegas de negocios, miembros de clubes deportivos, personal docente, estructura de la empresa y m\u00e1s. Muestre una imagen, agregue los datos de contacto y un texto detallado sobre cada persona. Su audiencia tendr\u00e1 la oportunidad de ponerse en contacto con cada uno de ellos con un solo clic mediante enlaces e \u00edconos sociales. Eres libre de establecer categor\u00edas y mostrar el formato de tu equipo, elegir el dise\u00f1o, colores y m\u00e1s. \u00a1Aumente la credibilidad de su negocio, mostrando su imagen humana!<\/p><\/div> <div class=\"application-platform-content-item-features application-platform-content-item\" id=\"features\" data-nav-section=\"features\"><h2>Caracter\u00edsticas<\/h2><p>Vea todas las caracter\u00edsticas del producto. Puedes configurarlos directamente en el editor y te ayudar\u00e1n a construir el widget adecuado para tu caso de uso. <\/p><ul><li>Iconos activos de cuentas sociales y enlaces a p\u00e1ginas y direcciones de correo electr\u00f3nico;<\/li><li>La direcci\u00f3n de ubicaci\u00f3n se abre en Google Maps al hacer clic;<\/li><li>La ventana emergente revela todos los detalles de la biograf\u00eda de una persona;<\/li><li>Dos variantes de organizaci\u00f3n del grupo: en una lista general o filtrada por men\u00fa;<\/li><li>Cuatro variantes de dise\u00f1o: Cuadr\u00edcula, Tarjetas, Galer\u00eda, Lista.<\/li><\/ul><p><a href=\"#demo\">T\u00fa puede probar todas las caracter\u00edsticas funcionales del widget en la demostraci\u00f3n<\/a><\/p><\/div> <div class=\"application-platform-content-item-installation application-platform-content-item\" id=\"installation\" data-nav-section=\"installation\"><h2>C\u00f3mo agregar Team Showcase a la pesta\u00f1a de la p\u00e1gina de Facebook<\/h2><p>Para integrar el widget, simplemente aplique las instrucciones a continuaci\u00f3n<\/p><ul><li><b>Genere su complemento personalizado Nuestro Equipo<\/b><br>Mediante nuestro configurador gratuito, obtenga un complemento con su apariencia preferida y funciones. <\/li><li><b>Obtenga el c\u00f3digo personal para integrar el complemento<\/b><br>Despu\u00e9s de haber creado su widget, obtendr\u00e1 su c\u00f3digo personal a trav\u00e9s de la notificaci\u00f3n emergente en Elfsight Apps. Copie este c\u00f3digo para su uso posterior. <\/li><li><b>Agrega el widget a la p\u00e1gina de Facebook<\/b><br> Crea tu pesta\u00f1a personalizada de Facebook. Inserte el c\u00f3digo que recibi\u00f3 en las aplicaciones de elfsight en la pesta\u00f1a. Si tienes alg\u00fan problema, consulta nuestra gu\u00eda sobre <a href=\"https:\/\/elfsight.com\/blog\/how-to-add-custom-tab-to-facebook-page\/\" target=\"_blank\" rel=\"noopener noreferrer\">creaci\u00f3n de una pesta\u00f1a personalizada en Facebook<\/a><\/li><li><b>\u00a1Listo!<\/b><br>Ingresa a tu tienda para ver tu trabajo.<\/li><\/ul><p>T\u00f3mate un minuto para llegar al Servicio de soporte en caso de que necesites un consejo o tengas dudas. Estaremos encantados de ayudarle con cada solicitud. <\/p><div class=\"faq\" data-component=\"FAQ\"><div class=\"faq-item\">\r\n\t\t\t\t\t<div class=\"faq-item-question\">\r\n\t\t\t\t\t\t<h3 class=\"faq-item-question-text\">\u00bfExiste alguna manera de agregar Team Showcase a mi p\u00e1gina web de Facebook sin conocimientos de codificaci\u00f3n?<\/h3>\r\n\r\n\t\t\t\t\t\t<div class=\"faq-item-question-icon\"><\/div>\r\n\t\t\t\t\t<\/div>\r\n\r\n\t\t\t\t\t<div class=\"faq-item-answer\">\r\n\t\t\t\t\t\t<div class=\"faq-item-answer-text\"> <p>La empresa Elfsight ofrece una soluci\u00f3n que permite a las personas establecer un complemento Team Showcase por s\u00ed mismos. Descubra lo sencillo que es el proceso: comience a trabajar directamente en el editor en l\u00ednea para generar un widget de Team Showcase que le gustar\u00eda insertar en Facebook. Elija una de nuestras plantillas predise\u00f1adas y ajuste la configuraci\u00f3n de Team Showcase, cambie el dise\u00f1o y los colores y actualice su contenido, sin conocimientos de codificaci\u00f3n. Guarde Team Showcase y obtenga el c\u00f3digo de instalaci\u00f3n del complemento, que puede incluir f\u00e1cilmente en la p\u00e1gina de inicio de Facebook sin comprar una versi\u00f3n paga. Con la ayuda del sencillo Configurador, cada usuario de Internet puede crear un widget Team Showcase e incrustarlo f\u00e1cilmente en su p\u00e1gina de inicio de Facebook. No es necesario pagar ni ingresar las credenciales de tu tarjeta para ingresar a nuestro Editor. Si se encuentra con obst\u00e1culos de cualquier tipo, no dude en comunicarse con nuestro equipo de soporte t\u00e9cnico.<\/p> <\/div>\r\n\t\t\t\t\t<\/div>\r\n\t\t\t\t<\/div> <\/div><\/div>","protected":false},"excerpt":{"rendered":"","protected":false},"author":9,"featured_media":0,"parent":1596,"menu_order":0,"comment_status":"closed","ping_status":"closed","template":"templates\/template-application-platform.php","meta":{"publish_to_discourse":"","publish_post_category":"","wpdc_auto_publish_overridden":"","wpdc_topic_tags":"","wpdc_pin_topic":"","wpdc_pin_until":"","discourse_post_id":"","discourse_permalink":"","wpdc_publishing_response":"","wpdc_publishing_error":"","footnotes":""},"class_list":["post-6699","page","type-page","status-publish","hentry"],"yoast_head":"<!-- This site is optimized with the Yoast SEO plugin v25.3.1 - https:\/\/yoast.com\/wordpress\/plugins\/seo\/ -->\n<title>Agregar la pesta\u00f1a Team Showcase a la p\u00e1gina comercial de Facebook (2025)<\/title>\n<meta name=\"description\" content=\"Es absolutamente sencillo crear la pesta\u00f1a Team Showcase y agregarla a la p\u00e1gina comercial de Facebook. El servicio al cliente de Elfsight es gratuito y r\u00e1pido.\" \/>\n<meta name=\"robots\" content=\"index, follow, max-snippet:-1, max-image-preview:large, max-video-preview:-1\" \/>\n<link rel=\"canonical\" href=\"https:\/\/elfsight.com\/es\/team-showcase-widget\/facebook\/\" \/>\n<meta property=\"og:locale\" content=\"es_ES\" \/>\n<meta property=\"og:type\" content=\"article\" \/>\n<meta property=\"og:title\" content=\"Agregar la pesta\u00f1a Team Showcase a la p\u00e1gina comercial de Facebook (2025)\" \/>\n<meta property=\"og:description\" content=\"Es absolutamente sencillo crear la pesta\u00f1a Team Showcase y agregarla a la p\u00e1gina comercial de Facebook. El servicio al cliente de Elfsight es gratuito y r\u00e1pido.\" \/>\n<meta property=\"og:url\" content=\"https:\/\/elfsight.com\/es\/team-showcase-widget\/facebook\/\" \/>\n<meta property=\"og:site_name\" content=\"Elfsight ES\" \/>\n<meta property=\"article:modified_time\" content=\"2025-02-06T16:02:57+00:00\" \/>\n<meta name=\"twitter:card\" content=\"summary_large_image\" \/>\n<meta name=\"twitter:label1\" content=\"Tiempo de lectura\" \/>\n\t<meta name=\"twitter:data1\" content=\"3 minutos\" \/>\n<!-- \/ Yoast SEO plugin. -->","yoast_head_json":{"title":"Agregar la pesta\u00f1a Team Showcase a la p\u00e1gina comercial de Facebook (2025)","description":"Es absolutamente sencillo crear la pesta\u00f1a Team Showcase y agregarla a la p\u00e1gina comercial de Facebook. El servicio al cliente de Elfsight es gratuito y r\u00e1pido.","robots":{"index":"index","follow":"follow","max-snippet":"max-snippet:-1","max-image-preview":"max-image-preview:large","max-video-preview":"max-video-preview:-1"},"canonical":"https:\/\/elfsight.com\/es\/team-showcase-widget\/facebook\/","og_locale":"es_ES","og_type":"article","og_title":"Agregar la pesta\u00f1a Team Showcase a la p\u00e1gina comercial de Facebook (2025)","og_description":"Es absolutamente sencillo crear la pesta\u00f1a Team Showcase y agregarla a la p\u00e1gina comercial de Facebook. El servicio al cliente de Elfsight es gratuito y r\u00e1pido.","og_url":"https:\/\/elfsight.com\/es\/team-showcase-widget\/facebook\/","og_site_name":"Elfsight ES","article_modified_time":"2025-02-06T16:02:57+00:00","twitter_card":"summary_large_image","twitter_misc":{"Tiempo de lectura":"3 minutos"},"schema":{"@context":"https:\/\/schema.org","@graph":[{"@type":"WebPage","@id":"https:\/\/elfsight.com\/es\/team-showcase-widget\/facebook\/","url":"https:\/\/elfsight.com\/es\/team-showcase-widget\/facebook\/","name":"Agregar la pesta\u00f1a Team Showcase a la p\u00e1gina comercial de Facebook (2025)","isPartOf":{"@id":"https:\/\/elfsight.com\/es\/#website"},"datePublished":"1970-01-01T00:00:00+00:00","dateModified":"2025-02-06T16:02:57+00:00","description":"Es absolutamente sencillo crear la pesta\u00f1a Team Showcase y agregarla a la p\u00e1gina comercial de Facebook. El servicio al cliente de Elfsight es gratuito y r\u00e1pido.","breadcrumb":{"@id":"https:\/\/elfsight.com\/es\/team-showcase-widget\/facebook\/#breadcrumb"},"inLanguage":"es","potentialAction":[{"@type":"ReadAction","target":["https:\/\/elfsight.com\/es\/team-showcase-widget\/facebook\/"]}]},{"@type":"BreadcrumbList","@id":"https:\/\/elfsight.com\/es\/team-showcase-widget\/facebook\/#breadcrumb","itemListElement":[{"@type":"ListItem","position":1,"name":"Home","item":"https:\/\/elfsight.com\/es\/"},{"@type":"ListItem","position":2,"name":"Team Showcase","item":"https:\/\/elfsight.com\/es\/team-showcase-widget\/"},{"@type":"ListItem","position":3,"name":"Team Showcase &#8211; Facebook Page"}]},{"@type":"WebSite","@id":"https:\/\/elfsight.com\/es\/#website","url":"https:\/\/elfsight.com\/es\/","name":"Elfsight ES","description":"Just another Elfsight Sites site","potentialAction":[{"@type":"SearchAction","target":{"@type":"EntryPoint","urlTemplate":"https:\/\/elfsight.com\/es\/?s={search_term_string}"},"query-input":{"@type":"PropertyValueSpecification","valueRequired":true,"valueName":"search_term_string"}}],"inLanguage":"es"}]}},"meta_box":{"industry":"","seo_heading":"","heading":"","description":"","cta_heading":"","cta_description":"","application":"1595","h1":"Pesta\u00f1a de presentaci\u00f3n del equipo para la p\u00e1gina comercial de Facebook","h1_caption":"Presente a los miembros de su equipo de una manera profesional y visualmente atractiva, generando confianza y conexi\u00f3n con su audiencia en el sitio web de su p\u00e1gina de Facebook sin esfuerzo.","application_category":[],"applications_title":"","applications_request_title":"","applications_request_button_text":"","hero_text":"","hero_video":"","hero_video_schema_markup":"","selling_points_title":"","selling_points_caption":"","selling_points":[],"selling_points_cta_text":"","features_title":"","features":"","ed_cta_examples_text":"","ed_cta_examples_hidden":"","ed_cta_demo_text":"","ed_cta_demo_hidden":"","why_caption":"","why_editor_title":"","why_editor_text":"","why_team_title":"","why_team_text":"","why_service_title":"","why_service_text":"","template_catalog_visible":"","template_catalog_title":"","template_catalog_text":"","template_catalog_categories_visible":"","demo_title":"Crea tu widget de presentaci\u00f3n de equipo","demo_caption":"\u00a1Configure su Team Showcase y agr\u00e9guelo al sitio web de su p\u00e1gina de Facebook de forma gratuita!","default_faq_hidden":"","app_template_category":[],"platform":"64","template_public_id":"","codecanyon_url":"","codecanyon_item_id":"","codecanyon_price":"","pricing_caption":"","pricing_elfsight_apps_hide_column":"","pricing_elfsight_apps_url":"","pricing_codecanyon_price_caption":"","integration_category":[],"integration_request_title":"","integration_request_cta":"","integration_platform":"","integrations":[],"platform_category":[],"video_schema_markup":"","price":"desde $0 \/ mes","trial":"","benefits":[{"text":"Servicio de instalaci\u00f3n gratuito"},{"text":"Servicio al cliente competente"},{"text":"Garant\u00eda de reembolso de 14 d\u00edas"},{"text":"Mejoras gratuitas de por vida"}],"button_url":"#demo","button_target_blank":"","button_nofollow":"","attributes":[{"name":"Instalaciones","content":"10,000 - 100,000"},{"name":"Sensible","content":"S\u00ed"},{"name":"Navegadores compatibles","content":"Safari, Firefox, Chrome, Opera, Edge"}],"tags":[],"tags_disable_links":"","hide_more_platforms":"","video_object":"","demo_hide_cta":"","demo_hide_cloud_options":"","pricing_title":"","pricing":[{"pricing_icon":"platform","pricing_title":"Elfsight Apps","pricing_title_caption":"Soluci\u00f3n digital multiplataforma","pricing_price":"desde $0 \/ mes","pricing_price_caption":"comienza con el plan gratuito","pricing_benefits":[{"text":"Dominios ilimitados"},{"text":"Soporte dedicado"},{"text":"Asistencia de instalaci\u00f3n gratuita"},{"text":"Dise\u00f1o flexible"}],"pricing_button_text":"A\u00f1adir al sitio web","pricing_button_url":"#demo"}],"related_apps_title":"","related_apps_hidden":"","author":"","image":[],"title":"","job":"","social_networks":[]},"_links":{"self":[{"href":"https:\/\/elfsight.com\/es\/wp-json\/wp\/v2\/pages\/6699","targetHints":{"allow":["GET"]}}],"collection":[{"href":"https:\/\/elfsight.com\/es\/wp-json\/wp\/v2\/pages"}],"about":[{"href":"https:\/\/elfsight.com\/es\/wp-json\/wp\/v2\/types\/page"}],"author":[{"embeddable":true,"href":"https:\/\/elfsight.com\/es\/wp-json\/wp\/v2\/users\/9"}],"replies":[{"embeddable":true,"href":"https:\/\/elfsight.com\/es\/wp-json\/wp\/v2\/comments?post=6699"}],"version-history":[{"count":2,"href":"https:\/\/elfsight.com\/es\/wp-json\/wp\/v2\/pages\/6699\/revisions"}],"predecessor-version":[{"id":19087,"href":"https:\/\/elfsight.com\/es\/wp-json\/wp\/v2\/pages\/6699\/revisions\/19087"}],"up":[{"embeddable":true,"href":"https:\/\/elfsight.com\/es\/wp-json\/wp\/v2\/pages\/1596"}],"wp:attachment":[{"href":"https:\/\/elfsight.com\/es\/wp-json\/wp\/v2\/media?parent=6699"}],"curies":[{"name":"wp","href":"https:\/\/api.w.org\/{rel}","templated":true}]}}