{"id":6698,"date":"1970-01-01T00:00:00","date_gmt":"1970-01-01T00:00:00","guid":{"rendered":"https:\/\/elfsight.com\/es\/?page_id=6698"},"modified":"2025-02-06T16:02:57","modified_gmt":"2025-02-06T16:02:57","slug":"elementor","status":"publish","type":"page","link":"https:\/\/elfsight.com\/es\/team-showcase-widget\/elementor\/","title":{"rendered":"Team Showcase &#8211; Elementor"},"content":{"rendered":"<div class=\"application-platform-content-item-description application-platform-content-item\" id=\"description\" data-nav-section=\"description\"> <h2>Integrar Team Showcase en Elementor con el widget Elfsight<\/h2><p>El widget ser\u00e1 la forma m\u00e1s f\u00e1cil de usar de mostrar a los miembros de su equipo en el sitio web. El widget ayuda a informar sobre cualquier tipo de equipo: colegas de negocios, equipos deportivos, personal acad\u00e9mico, empleados de empresas y otros. Muestra una imagen, publica informaci\u00f3n de contacto y un texto personalizado sobre cada individuo. Los visitantes del sitio web tendr\u00e1n la oportunidad de comunicarse con ellos en un momento utilizando enlaces activos e \u00edconos de redes sociales. Puedes establecer grupos y mostrar la estructura de tu equipo, elegir dise\u00f1os, colores y m\u00e1s. \u00a1Eleve la confiabilidad de su empresa, mostrando su rostro humano! <\/p><div class=\"faq\" data-component=\"FAQ\"><div class=\"faq-item\">\r\n\t\t\t\t\t<div class=\"faq-item-question\">\r\n\t\t\t\t\t\t<h3 class=\"faq-item-question-text\">\u00bfC\u00f3mo puedo integrar un Team Showcase en mi sitio Elementor? <\/h3>\r\n\r\n\t\t\t\t\t\t<div class=\"faq-item-question-icon\"><\/div>\r\n\t\t\t\t\t<\/div>\r\n\r\n\t\t\t\t\t<div class=\"faq-item-answer\">\r\n\t\t\t\t\t\t<div class=\"faq-item-answer-text\"><p>La creaci\u00f3n de la herramienta se lleva a cabo dentro del servicio Elfsight y no es necesario aprender a codificar. Vaya a la demostraci\u00f3n activa para crear su propio widget, adquirir el c\u00f3digo e implementarlo en su sitio. <\/p><\/div>\r\n\t\t\t\t\t<\/div>\r\n\t\t\t\t<\/div><div class=\"faq-item\">\r\n\t\t\t\t\t<div class=\"faq-item-question\">\r\n\t\t\t\t\t\t<h3 class=\"faq-item-question-text\">Las mejores formas de utilizar la integraci\u00f3n de miembros del equipo<\/h3>\r\n\r\n\t\t\t\t\t\t<div class=\"faq-item-question-icon\"><\/div>\r\n\t\t\t\t\t<\/div>\r\n\r\n\t\t\t\t\t<div class=\"faq-item-answer\">\r\n\t\t\t\t\t\t<div class=\"faq-item-answer-text\"><p>Tenemos muchas posibilidades de personalizaci\u00f3n: widgets de tama\u00f1o completo para incrustar en la zona de contenido, widgets flotantes para opciones de desplazamiento, miniaturas para el pie de p\u00e1gina, la secci\u00f3n principal y todo tipo de opciones verticales para las barras laterales y los men\u00fas del sitio web. <\/p><\/div>\r\n\t\t\t\t\t<\/div>\r\n\t\t\t\t<\/div><div class=\"faq-item\">\r\n\t\t\t\t\t<div class=\"faq-item-question\">\r\n\t\t\t\t\t\t<h3 class=\"faq-item-question-text\">\u00bfC\u00f3mo creo una presentaci\u00f3n del equipo de m\u00fasica o profesores con la ayuda del editor? <\/h3>\r\n\r\n\t\t\t\t\t\t<div class=\"faq-item-question-icon\"><\/div>\r\n\t\t\t\t\t<\/div>\r\n\r\n\t\t\t\t\t<div class=\"faq-item-answer\">\r\n\t\t\t\t\t\t<div class=\"faq-item-answer-text\"><p>Puedes crear cualquier modificaci\u00f3n del widget. Hay muchos dise\u00f1os aplicables en el editor y todos ellos se pueden ajustar r\u00e1pidamente de la manera que necesites. <\/p><\/div>\r\n\t\t\t\t\t<\/div>\r\n\t\t\t\t<\/div><\/div><\/div><div class=\"application-platform-content-item-features application-platform-content-item\" id=\"features\" data-nav-section=\"features\"> <h2>Caracter\u00edsticas principales del widget Team Showcase<\/h2> <p>Para tener una idea m\u00e1s clara de Team Showcase, examina la lista de sus caracter\u00edsticas esenciales. Hacen que nuestro widget sea realmente eficiente para tu tienda:<\/p> <ul><li>Iconos activos de cuentas sociales y enlaces a sitios web y direcciones de correo electr\u00f3nico;<\/li><li>Ubicaci\u00f3n de la persona revelada en Google Maps al hacer clic;<\/li><li>La ventana emergente abre todos los detalles de un miembro del equipo;<\/li><li>Dos posibilidades para mostrar grupos: en una lista general o con men\u00fa;<\/li><li>4 variantes de dise\u00f1o para elegir: Cuadr\u00edcula, Tarjetas, Galer\u00eda, Lista.<\/li><\/ul><p><a href=\"#demo\">Conozca todas las funciones en nuestra demostraci\u00f3n<\/a><\/p> <\/div><div class=\"application-platform-content-item-installation application-platform-content-item\" id=\"installation\" data-nav-section=\"installation\"> <h2>C\u00f3mo agregar Team Showcase a su sitio web de Elementor<\/h2> <div class=\"video-container\"><iframe width=\"720\" height=\"405\" src=\"https:\/\/www.youtube.com\/embed\/4Zhvy42wdd0\" frameborder=\"0\"><\/iframe><\/div><p>Estas acciones son lo \u00fanico que necesitas agregar.<\/p> <ul><li><b>Genera tu Team Showcase individual<\/b><br>Usando nuestra demostraci\u00f3n gratuita, crea un complemento con la plantilla y las funciones necesarias.<\/li> <li><b>Copia un c\u00f3digo para mostrar el complemento<\/b><br>Despu\u00e9s de la creaci\u00f3n del widget, reciba un c\u00f3digo para el complemento Showcase de la notificaci\u00f3n que aparece en Elfsight Apps.<\/li><li><b>Muestre el widget en la p\u00e1gina<\/b><br>Inicie el c\u00f3digo de la p\u00e1gina en el editor HTML e integre el widget en el lugar necesario (contenido, pie de p\u00e1gina, barra lateral, etc.) y publique los resultados.<\/li><li><b>La instalaci\u00f3n est\u00e1 completa<\/b><br>Vaya al sitio web de Elementor para ver su complemento.<\/li><\/ul><p>\u00bfA\u00fan no est\u00e1s resuelto? \u00bfO tienes preguntas? Una sola solicitud a nuestro departamento de atenci\u00f3n al cliente ayudar\u00e1 con cualquier pregunta.<\/p> <\/div>","protected":false},"excerpt":{"rendered":"","protected":false},"author":9,"featured_media":0,"parent":1596,"menu_order":0,"comment_status":"closed","ping_status":"closed","template":"templates\/template-application-platform.php","meta":{"publish_to_discourse":"","publish_post_category":"","wpdc_auto_publish_overridden":"","wpdc_topic_tags":"","wpdc_pin_topic":"","wpdc_pin_until":"","discourse_post_id":"","discourse_permalink":"","wpdc_publishing_response":"","wpdc_publishing_error":"","footnotes":""},"class_list":["post-6698","page","type-page","status-publish","hentry"],"yoast_head":"<!-- This site is optimized with the Yoast SEO plugin v25.3.1 - https:\/\/yoast.com\/wordpress\/plugins\/seo\/ -->\n<title>Widget Team Showcase para el sitio web de Elementor (r\u00e1pido y gratuito)<\/title>\n<meta name=\"description\" content=\"Es muy f\u00e1cil darle forma a su widget Team Showcase y publicarlo en el sitio web de Elementor. La atenci\u00f3n al cliente de Elfsight es gratuita.\" \/>\n<meta name=\"robots\" content=\"index, follow, max-snippet:-1, max-image-preview:large, max-video-preview:-1\" \/>\n<link rel=\"canonical\" href=\"https:\/\/elfsight.com\/es\/team-showcase-widget\/elementor\/\" \/>\n<meta property=\"og:locale\" content=\"es_ES\" \/>\n<meta property=\"og:type\" content=\"article\" \/>\n<meta property=\"og:title\" content=\"Widget Team Showcase para el sitio web de Elementor (r\u00e1pido y gratuito)\" \/>\n<meta property=\"og:description\" content=\"Es muy f\u00e1cil darle forma a su widget Team Showcase y publicarlo en el sitio web de Elementor. La atenci\u00f3n al cliente de Elfsight es gratuita.\" \/>\n<meta property=\"og:url\" content=\"https:\/\/elfsight.com\/es\/team-showcase-widget\/elementor\/\" \/>\n<meta property=\"og:site_name\" content=\"Elfsight ES\" \/>\n<meta property=\"article:modified_time\" content=\"2025-02-06T16:02:57+00:00\" \/>\n<meta name=\"twitter:card\" content=\"summary_large_image\" \/>\n<meta name=\"twitter:label1\" content=\"Tiempo de lectura\" \/>\n\t<meta name=\"twitter:data1\" content=\"3 minutos\" \/>\n<!-- \/ Yoast SEO plugin. -->","yoast_head_json":{"title":"Widget Team Showcase para el sitio web de Elementor (r\u00e1pido y gratuito)","description":"Es muy f\u00e1cil darle forma a su widget Team Showcase y publicarlo en el sitio web de Elementor. La atenci\u00f3n al cliente de Elfsight es gratuita.","robots":{"index":"index","follow":"follow","max-snippet":"max-snippet:-1","max-image-preview":"max-image-preview:large","max-video-preview":"max-video-preview:-1"},"canonical":"https:\/\/elfsight.com\/es\/team-showcase-widget\/elementor\/","og_locale":"es_ES","og_type":"article","og_title":"Widget Team Showcase para el sitio web de Elementor (r\u00e1pido y gratuito)","og_description":"Es muy f\u00e1cil darle forma a su widget Team Showcase y publicarlo en el sitio web de Elementor. La atenci\u00f3n al cliente de Elfsight es gratuita.","og_url":"https:\/\/elfsight.com\/es\/team-showcase-widget\/elementor\/","og_site_name":"Elfsight ES","article_modified_time":"2025-02-06T16:02:57+00:00","twitter_card":"summary_large_image","twitter_misc":{"Tiempo de lectura":"3 minutos"},"schema":{"@context":"https:\/\/schema.org","@graph":[{"@type":"WebPage","@id":"https:\/\/elfsight.com\/es\/team-showcase-widget\/elementor\/","url":"https:\/\/elfsight.com\/es\/team-showcase-widget\/elementor\/","name":"Widget Team Showcase para el sitio web de Elementor (r\u00e1pido y gratuito)","isPartOf":{"@id":"https:\/\/elfsight.com\/es\/#website"},"datePublished":"1970-01-01T00:00:00+00:00","dateModified":"2025-02-06T16:02:57+00:00","description":"Es muy f\u00e1cil darle forma a su widget Team Showcase y publicarlo en el sitio web de Elementor. La atenci\u00f3n al cliente de Elfsight es gratuita.","breadcrumb":{"@id":"https:\/\/elfsight.com\/es\/team-showcase-widget\/elementor\/#breadcrumb"},"inLanguage":"es","potentialAction":[{"@type":"ReadAction","target":["https:\/\/elfsight.com\/es\/team-showcase-widget\/elementor\/"]}]},{"@type":"BreadcrumbList","@id":"https:\/\/elfsight.com\/es\/team-showcase-widget\/elementor\/#breadcrumb","itemListElement":[{"@type":"ListItem","position":1,"name":"Home","item":"https:\/\/elfsight.com\/es\/"},{"@type":"ListItem","position":2,"name":"Team Showcase","item":"https:\/\/elfsight.com\/es\/team-showcase-widget\/"},{"@type":"ListItem","position":3,"name":"Team Showcase &#8211; Elementor"}]},{"@type":"WebSite","@id":"https:\/\/elfsight.com\/es\/#website","url":"https:\/\/elfsight.com\/es\/","name":"Elfsight ES","description":"Just another Elfsight Sites site","potentialAction":[{"@type":"SearchAction","target":{"@type":"EntryPoint","urlTemplate":"https:\/\/elfsight.com\/es\/?s={search_term_string}"},"query-input":{"@type":"PropertyValueSpecification","valueRequired":true,"valueName":"search_term_string"}}],"inLanguage":"es"}]}},"meta_box":{"industry":"","seo_heading":"","heading":"","description":"","cta_heading":"","cta_description":"","application":"1595","h1":"Widget de presentaci\u00f3n del equipo de Elementor","h1_caption":"Presente a los miembros de su equipo de una manera profesional y visualmente atractiva, generando confianza y conexi\u00f3n con su audiencia en su sitio web de Elementor sin esfuerzo.","application_category":[],"applications_title":"","applications_request_title":"","applications_request_button_text":"","hero_text":"","hero_video":"","hero_video_schema_markup":"","selling_points_title":"","selling_points_caption":"","selling_points":[],"selling_points_cta_text":"","features_title":"","features":"","ed_cta_examples_text":"","ed_cta_examples_hidden":"","ed_cta_demo_text":"","ed_cta_demo_hidden":"","why_caption":"","why_editor_title":"","why_editor_text":"","why_team_title":"","why_team_text":"","why_service_title":"","why_service_text":"","template_catalog_visible":"","template_catalog_title":"","template_catalog_text":"","template_catalog_categories_visible":"","demo_title":"Crea tu widget de presentaci\u00f3n de equipo","demo_caption":"\u00a1Configure su Team Showcase y agr\u00e9guelo a su sitio web de Elementor de forma gratuita!","default_faq_hidden":"","app_template_category":[],"platform":"58","template_public_id":"","codecanyon_url":"","codecanyon_item_id":"","codecanyon_price":"","pricing_caption":"","pricing_elfsight_apps_hide_column":"","pricing_elfsight_apps_url":"","pricing_codecanyon_price_caption":"","integration_category":[],"integration_request_title":"","integration_request_cta":"","integration_platform":"","integrations":[],"platform_category":[],"video_schema_markup":"","price":"desde $0 \/ mes","trial":"","benefits":[{"text":"Asistencia de instalaci\u00f3n gratuita"},{"text":"Servicio al cliente eficaz"},{"text":"Garant\u00eda de devoluci\u00f3n de dinero de 14 d\u00edas"},{"text":"Mejoras continuas"}],"button_url":"#demo","button_target_blank":"","button_nofollow":"","attributes":[{"name":"Instalaciones","content":"10,000 - 100,000"},{"name":"Sensible","content":"S\u00ed"},{"name":"Navegadores compatibles","content":"Firefox, Safari, Opera, Chrome, Edge"}],"tags":[],"tags_disable_links":"","hide_more_platforms":"","video_object":"","demo_hide_cta":"","demo_hide_cloud_options":"","pricing_title":"","pricing":[{"pricing_icon":"platform","pricing_title":"Elfsight Apps","pricing_title_caption":"Soluci\u00f3n digital multiplataforma","pricing_price":"desde $0 \/ mes","pricing_price_caption":"comienza con el plan gratuito","pricing_benefits":[{"text":"Dominios ilimitados"},{"text":"Soporte r\u00e1pido y puntual"},{"text":"Asistencia de instalaci\u00f3n gratuita"},{"text":"Precio a alcanzar para m\u00faltiples aplicaciones"}],"pricing_button_text":"A\u00f1adir al sitio web","pricing_button_url":"#demo"}],"related_apps_title":"","related_apps_hidden":"","author":"","image":[],"title":"","job":"","social_networks":[]},"_links":{"self":[{"href":"https:\/\/elfsight.com\/es\/wp-json\/wp\/v2\/pages\/6698","targetHints":{"allow":["GET"]}}],"collection":[{"href":"https:\/\/elfsight.com\/es\/wp-json\/wp\/v2\/pages"}],"about":[{"href":"https:\/\/elfsight.com\/es\/wp-json\/wp\/v2\/types\/page"}],"author":[{"embeddable":true,"href":"https:\/\/elfsight.com\/es\/wp-json\/wp\/v2\/users\/9"}],"replies":[{"embeddable":true,"href":"https:\/\/elfsight.com\/es\/wp-json\/wp\/v2\/comments?post=6698"}],"version-history":[{"count":2,"href":"https:\/\/elfsight.com\/es\/wp-json\/wp\/v2\/pages\/6698\/revisions"}],"predecessor-version":[{"id":19088,"href":"https:\/\/elfsight.com\/es\/wp-json\/wp\/v2\/pages\/6698\/revisions\/19088"}],"up":[{"embeddable":true,"href":"https:\/\/elfsight.com\/es\/wp-json\/wp\/v2\/pages\/1596"}],"wp:attachment":[{"href":"https:\/\/elfsight.com\/es\/wp-json\/wp\/v2\/media?parent=6698"}],"curies":[{"name":"wp","href":"https:\/\/api.w.org\/{rel}","templated":true}]}}