{"id":6691,"date":"1970-01-01T00:00:00","date_gmt":"1970-01-01T00:00:00","guid":{"rendered":"https:\/\/elfsight.com\/es\/?page_id=6691"},"modified":"2025-02-06T16:03:05","modified_gmt":"2025-02-06T16:03:05","slug":"bigcommerce","status":"publish","type":"page","link":"https:\/\/elfsight.com\/es\/team-showcase-widget\/bigcommerce\/","title":{"rendered":"Team Showcase &#8211; BigCommerce"},"content":{"rendered":"<div class=\"application-platform-content-item-description application-platform-content-item\" id=\"description\" data-nav-section=\"description\"> <h2>Descripci\u00f3n<\/h2> <p>Elfsight Team Showcase es la forma m\u00e1s llamativa de mostrar a los miembros de su equipo en su sitio web. El widget ayuda a anunciar las fotograf\u00edas y los fondos de cualquier tipo de equipo: socios comerciales, clubes de deportistas, profesores, estructura de la empresa y m\u00e1s. Sube una foto, agrega informaci\u00f3n de contacto y un texto detallado sobre cada individuo. Los visitantes tendr\u00e1n la oportunidad de contactarlos sin problemas gracias a enlaces activos o \u00edconos sociales. Eres libre de crear categor\u00edas y mostrar el formato de tu empresa, seleccionar un dise\u00f1o, colores y otras caracter\u00edsticas. \u00a1Mejore la credibilidad de su empresa mostrando su rostro humano!<\/p><div class=\"faq\" data-component=\"FAQ\"> <div class=\"faq-item\">\r\n\t\t\t\t\t<div class=\"faq-item-question\">\r\n\t\t\t\t\t\t<h3 class=\"faq-item-question-text\">\u00bfD\u00f3nde puedo mostrar este complemento?<\/h3>\r\n\r\n\t\t\t\t\t\t<div class=\"faq-item-question-icon\"><\/div>\r\n\t\t\t\t\t<\/div>\r\n\r\n\t\t\t\t\t<div class=\"faq-item-answer\">\r\n\t\t\t\t\t\t<div class=\"faq-item-answer-text\"> <p>Agregue el portafolio de su equipo a todas y cada una de las p\u00e1ginas de su sitio web, donde lo considere adecuado. El widget se puede utilizar como uno de los elementos del \u00e1rea de contenido, o es posible que desee configurarlo para que ocupe toda la p\u00e1gina. De esta manera, puede crear su p\u00e1gina Acerca de nosotros con la ayuda de un solo widget.<\/p><\/div>\r\n\t\t\t\t\t<\/div>\r\n\t\t\t\t<\/div> <div class=\"faq-item\">\r\n\t\t\t\t\t<div class=\"faq-item-question\">\r\n\t\t\t\t\t\t<h3 class=\"faq-item-question-text\">\u00bfC\u00f3mo me beneficiar\u00eda?<\/h3>\r\n\r\n\t\t\t\t\t\t<div class=\"faq-item-question-icon\"><\/div>\r\n\t\t\t\t\t<\/div>\r\n\r\n\t\t\t\t\t<div class=\"faq-item-answer\">\r\n\t\t\t\t\t\t<div class=\"faq-item-answer-text\"> <p>Mostrar personas reales involucradas en el negocio aumenta su transparencia y aumenta la confiabilidad aparente. Esto asegura a los usuarios que su empresa es un socio confiable y puede generar m\u00e1s clientes potenciales y nuevos clientes. M\u00e1s a\u00fan, es m\u00e1s f\u00e1cil comunicarse con los miembros de su equipo a trav\u00e9s de la informaci\u00f3n de contacto agregada para cada persona. <\/p><\/div>\r\n\t\t\t\t\t<\/div>\r\n\t\t\t\t<\/div> <div class=\"faq-item\">\r\n\t\t\t\t\t<div class=\"faq-item-question\">\r\n\t\t\t\t\t\t<h3 class=\"faq-item-question-text\">\u00bfQu\u00e9 necesito para tener Team Showcase en mi sitio de BigCommerce?<\/h3>\r\n\r\n\t\t\t\t\t\t<div class=\"faq-item-question-icon\"><\/div>\r\n\t\t\t\t\t<\/div>\r\n\r\n\t\t\t\t\t<div class=\"faq-item-answer\">\r\n\t\t\t\t\t\t<div class=\"faq-item-answer-text\"> <p>Solo te llevar\u00e1 dos minutos de tu tiempo tener el widget en funcionamiento. La instalaci\u00f3n es realmente r\u00e1pida, gratuita y no requiere codificaci\u00f3n. <\/p> <p>El widget se puede integrar a trav\u00e9s de nuestro servicio o en el mercado. Puedes leer m\u00e1s sobre estas variantes y decidir cu\u00e1l es la tuya. <\/p> <\/div>\r\n\t\t\t\t\t<\/div>\r\n\t\t\t\t<\/div> <\/div> <\/div> <div class=\"application-platform-content-item-features application-platform-content-item\" id=\"features\" data-nav-section=\"features\"> <h2>Caracter\u00edsticas<\/h2> <p>Para tener una comprensi\u00f3n clara de c\u00f3mo funciona Team Showcase, consulte la lista de sus funciones principales. Hacen que nuestro widget sea incre\u00edblemente efectivo para su negocio: <\/p> <ul><li>\u00cdconos activos de redes sociales y enlaces a sitios y direcciones de correo electr\u00f3nico; <\/li><li>Direcci\u00f3n de ubicaci\u00f3n de la persona revelada en Google Maps cuando se hace clic; <\/li><li>La ventana emergente revela m\u00e1s biograf\u00eda sobre una persona; <\/li><li>2 opciones para mostrar grupos: en una lista general o con men\u00fa; <\/li><li>4 variantes de dise\u00f1o para elegir: Cuadr\u00edcula, Tarjetas, Galer\u00eda o Lista. <\/li><\/ul><p><a href=\"#demo\">Conozca todas las funciones en una demostraci\u00f3n en vivo<\/a><\/p> <\/div> <div class=\"application-platform-content-item-installation application-platform-content-item\" id=\"installation\" data-nav-section=\"installation\"> <h2>Descubra c\u00f3mo integrar el widget Team Showcase en su sitio de BigCommerce<\/h2><div class=\"video-container\"><iframe width=\"720\" height=\"405\" src=\"https:\/\/www.youtube.com\/embed\/XwSoURpeOqw\" frameborder=\"0\"><\/iframe><\/div> <p>Simplemente siga varios pasos que se describen a continuaci\u00f3n para insertar la aplicaci\u00f3n en BigCommerce.<\/p> <ol><li><b>Abra nuestro configurador gratuito y comience a formar su widget personalizado. <\/b><br> Elija el dise\u00f1o y las opciones preferibles de la aplicaci\u00f3n y aplique las modificaciones. <\/li> <li><b>Copia tu c\u00f3digo individual que se muestra en la ventana de Elfsight Apps. <\/b><br> Tan pronto como finalice el establecimiento de su widget personal Team Showcase, copie el c\u00f3digo exclusivo en el cuadro que aparece y gu\u00e1rdelo para futuras necesidades. <\/li> <li><b>Comience a utilizar la aplicaci\u00f3n en su sitio web de BigCommerce. <\/b><br>Ingresa el c\u00f3digo copiado recientemente en tu sitio web y aplica los ajustes. <\/li> <li><b>\u00a1Ya terminaste! La incrustaci\u00f3n se realiza con \u00e9xito. <\/b><br>Vaya a su sitio para observar el funcionamiento del widget. <\/li><\/ol><p>\u00bfA\u00fan dudas de algo? \u00bfO tienes preguntas? Una sola solicitud a nuestro servicio de atenci\u00f3n al cliente resolver\u00e1 cualquier tipo de pregunta. <\/p> <\/div>","protected":false},"excerpt":{"rendered":"","protected":false},"author":9,"featured_media":0,"parent":1596,"menu_order":0,"comment_status":"closed","ping_status":"closed","template":"templates\/template-application-platform.php","meta":{"publish_to_discourse":"","publish_post_category":"","wpdc_auto_publish_overridden":"","wpdc_topic_tags":"","wpdc_pin_topic":"","wpdc_pin_until":"","discourse_post_id":"","discourse_permalink":"","wpdc_publishing_response":"","wpdc_publishing_error":"","footnotes":""},"class_list":["post-6691","page","type-page","status-publish","hentry"],"yoast_head":"<!-- This site is optimized with the Yoast SEO plugin v25.3.1 - https:\/\/yoast.com\/wordpress\/plugins\/seo\/ -->\n<title>Agregue la aplicaci\u00f3n Team Showcase al sitio web de BigCommerce (2025)<\/title>\n<meta name=\"description\" content=\"Es perfectamente sencillo crear su aplicaci\u00f3n Team Showcase y colocarla en el sitio web de BigCommerce. El servicio de atenci\u00f3n al cliente de Elfsight es gratuito.\" \/>\n<meta name=\"robots\" content=\"index, follow, max-snippet:-1, max-image-preview:large, max-video-preview:-1\" \/>\n<link rel=\"canonical\" href=\"https:\/\/elfsight.com\/es\/team-showcase-widget\/bigcommerce\/\" \/>\n<meta property=\"og:locale\" content=\"es_ES\" \/>\n<meta property=\"og:type\" content=\"article\" \/>\n<meta property=\"og:title\" content=\"Agregue la aplicaci\u00f3n Team Showcase al sitio web de BigCommerce (2025)\" \/>\n<meta property=\"og:description\" content=\"Es perfectamente sencillo crear su aplicaci\u00f3n Team Showcase y colocarla en el sitio web de BigCommerce. El servicio de atenci\u00f3n al cliente de Elfsight es gratuito.\" \/>\n<meta property=\"og:url\" content=\"https:\/\/elfsight.com\/es\/team-showcase-widget\/bigcommerce\/\" \/>\n<meta property=\"og:site_name\" content=\"Elfsight ES\" \/>\n<meta property=\"article:modified_time\" content=\"2025-02-06T16:03:05+00:00\" \/>\n<meta name=\"twitter:card\" content=\"summary_large_image\" \/>\n<meta name=\"twitter:label1\" content=\"Tiempo de lectura\" \/>\n\t<meta name=\"twitter:data1\" content=\"3 minutos\" \/>\n<!-- \/ Yoast SEO plugin. -->","yoast_head_json":{"title":"Agregue la aplicaci\u00f3n Team Showcase al sitio web de BigCommerce (2025)","description":"Es perfectamente sencillo crear su aplicaci\u00f3n Team Showcase y colocarla en el sitio web de BigCommerce. El servicio de atenci\u00f3n al cliente de Elfsight es gratuito.","robots":{"index":"index","follow":"follow","max-snippet":"max-snippet:-1","max-image-preview":"max-image-preview:large","max-video-preview":"max-video-preview:-1"},"canonical":"https:\/\/elfsight.com\/es\/team-showcase-widget\/bigcommerce\/","og_locale":"es_ES","og_type":"article","og_title":"Agregue la aplicaci\u00f3n Team Showcase al sitio web de BigCommerce (2025)","og_description":"Es perfectamente sencillo crear su aplicaci\u00f3n Team Showcase y colocarla en el sitio web de BigCommerce. El servicio de atenci\u00f3n al cliente de Elfsight es gratuito.","og_url":"https:\/\/elfsight.com\/es\/team-showcase-widget\/bigcommerce\/","og_site_name":"Elfsight ES","article_modified_time":"2025-02-06T16:03:05+00:00","twitter_card":"summary_large_image","twitter_misc":{"Tiempo de lectura":"3 minutos"},"schema":{"@context":"https:\/\/schema.org","@graph":[{"@type":"WebPage","@id":"https:\/\/elfsight.com\/es\/team-showcase-widget\/bigcommerce\/","url":"https:\/\/elfsight.com\/es\/team-showcase-widget\/bigcommerce\/","name":"Agregue la aplicaci\u00f3n Team Showcase al sitio web de BigCommerce (2025)","isPartOf":{"@id":"https:\/\/elfsight.com\/es\/#website"},"datePublished":"1970-01-01T00:00:00+00:00","dateModified":"2025-02-06T16:03:05+00:00","description":"Es perfectamente sencillo crear su aplicaci\u00f3n Team Showcase y colocarla en el sitio web de BigCommerce. El servicio de atenci\u00f3n al cliente de Elfsight es gratuito.","breadcrumb":{"@id":"https:\/\/elfsight.com\/es\/team-showcase-widget\/bigcommerce\/#breadcrumb"},"inLanguage":"es","potentialAction":[{"@type":"ReadAction","target":["https:\/\/elfsight.com\/es\/team-showcase-widget\/bigcommerce\/"]}]},{"@type":"BreadcrumbList","@id":"https:\/\/elfsight.com\/es\/team-showcase-widget\/bigcommerce\/#breadcrumb","itemListElement":[{"@type":"ListItem","position":1,"name":"Home","item":"https:\/\/elfsight.com\/es\/"},{"@type":"ListItem","position":2,"name":"Team Showcase","item":"https:\/\/elfsight.com\/es\/team-showcase-widget\/"},{"@type":"ListItem","position":3,"name":"Team Showcase &#8211; BigCommerce"}]},{"@type":"WebSite","@id":"https:\/\/elfsight.com\/es\/#website","url":"https:\/\/elfsight.com\/es\/","name":"Elfsight ES","description":"Just another Elfsight Sites site","potentialAction":[{"@type":"SearchAction","target":{"@type":"EntryPoint","urlTemplate":"https:\/\/elfsight.com\/es\/?s={search_term_string}"},"query-input":{"@type":"PropertyValueSpecification","valueRequired":true,"valueName":"search_term_string"}}],"inLanguage":"es"}]}},"meta_box":{"industry":"","seo_heading":"","heading":"","description":"","cta_heading":"","cta_description":"","application":"1595","h1":"Aplicaci\u00f3n BigCommerce Team Showcase","h1_caption":"Presente a los miembros de su equipo de una manera profesional y visualmente atractiva, generando confianza y conexi\u00f3n con su audiencia en su sitio web BigCommerce sin esfuerzo.","application_category":[],"applications_title":"","applications_request_title":"","applications_request_button_text":"","hero_text":"","hero_video":"","hero_video_schema_markup":"","selling_points_title":"","selling_points_caption":"","selling_points":[],"selling_points_cta_text":"","features_title":"","features":"","ed_cta_examples_text":"","ed_cta_examples_hidden":"","ed_cta_demo_text":"","ed_cta_demo_hidden":"","why_caption":"","why_editor_title":"","why_editor_text":"","why_team_title":"","why_team_text":"","why_service_title":"","why_service_text":"","template_catalog_visible":"","template_catalog_title":"","template_catalog_text":"","template_catalog_categories_visible":"","demo_title":"Crea tu aplicaci\u00f3n Team Showcase","demo_caption":"\u00a1Configure su Team Showcase y agr\u00e9guelo a su sitio web de BigCommerce de forma gratuita!","default_faq_hidden":"","app_template_category":[],"platform":"33","template_public_id":"","codecanyon_url":"","codecanyon_item_id":"","codecanyon_price":"","pricing_caption":"","pricing_elfsight_apps_hide_column":"","pricing_elfsight_apps_url":"","pricing_codecanyon_price_caption":"","integration_category":[],"integration_request_title":"","integration_request_cta":"","integration_platform":"","integrations":[],"platform_category":[],"video_schema_markup":"","price":"desde $0 \/ mes","trial":"","benefits":[{"text":"Servicio de instalaci\u00f3n gratuito"},{"text":"Soporte excepcional"},{"text":"Garant\u00eda de reembolso de 14 d\u00edas"},{"text":"Actualizando constantemente"}],"button_url":"#demo","button_target_blank":"","button_nofollow":"","attributes":[{"name":"Instalaciones","content":"10,000 - 100,000"},{"name":"Sensible","content":"S\u00ed"},{"name":"Navegadores compatibles","content":"Firefox, Safari, Opera, Chrome, Edge"}],"tags":[],"tags_disable_links":"","hide_more_platforms":"","video_object":"","demo_hide_cta":"","demo_hide_cloud_options":"","pricing_title":"","pricing":[{"pricing_icon":"platform","pricing_title":"Elfsight Apps","pricing_title_caption":"Software multiplataforma","pricing_price":"desde $0 \/ mes","pricing_price_caption":"comienza con un plan gratuito","pricing_benefits":[{"text":"Dominios ilimitados"},{"text":"Atenci\u00f3n al cliente r\u00e1pida"},{"text":"Ayuda de instalaci\u00f3n gratuita"},{"text":"Dise\u00f1o flexible"}],"pricing_button_text":"A\u00f1adir al sitio web","pricing_button_url":"#demo"}],"related_apps_title":"","related_apps_hidden":"","author":"","image":[],"title":"","job":"","social_networks":[]},"_links":{"self":[{"href":"https:\/\/elfsight.com\/es\/wp-json\/wp\/v2\/pages\/6691","targetHints":{"allow":["GET"]}}],"collection":[{"href":"https:\/\/elfsight.com\/es\/wp-json\/wp\/v2\/pages"}],"about":[{"href":"https:\/\/elfsight.com\/es\/wp-json\/wp\/v2\/types\/page"}],"author":[{"embeddable":true,"href":"https:\/\/elfsight.com\/es\/wp-json\/wp\/v2\/users\/9"}],"replies":[{"embeddable":true,"href":"https:\/\/elfsight.com\/es\/wp-json\/wp\/v2\/comments?post=6691"}],"version-history":[{"count":2,"href":"https:\/\/elfsight.com\/es\/wp-json\/wp\/v2\/pages\/6691\/revisions"}],"predecessor-version":[{"id":19091,"href":"https:\/\/elfsight.com\/es\/wp-json\/wp\/v2\/pages\/6691\/revisions\/19091"}],"up":[{"embeddable":true,"href":"https:\/\/elfsight.com\/es\/wp-json\/wp\/v2\/pages\/1596"}],"wp:attachment":[{"href":"https:\/\/elfsight.com\/es\/wp-json\/wp\/v2\/media?parent=6691"}],"curies":[{"name":"wp","href":"https:\/\/api.w.org\/{rel}","templated":true}]}}