{"id":6669,"date":"1970-01-01T00:00:00","date_gmt":"1970-01-01T00:00:00","guid":{"rendered":"https:\/\/elfsight.com\/es\/?page_id=6669"},"modified":"2025-02-06T16:03:05","modified_gmt":"2025-02-06T16:03:05","slug":"prestashop","status":"publish","type":"page","link":"https:\/\/elfsight.com\/es\/slider-widget\/prestashop\/","title":{"rendered":"Slider &#8211; PrestaShop"},"content":{"rendered":"<div class=\"application-platform-content-item-description application-platform-content-item\" id=\"description\" data-nav-section=\"description\"> <h2>Descripci\u00f3n<\/h2> <p>Elfsight Slider es una herramienta sencilla que le permite captar la atenci\u00f3n de los usuarios mostr\u00e1ndoles m\u00faltiples im\u00e1genes, v\u00eddeos o las mejores ofertas de su sitio web. Utilice cualquier cantidad de diapositivas que necesite para mostrar sus productos y marcar ofertas especiales. Agregue efectos visuales y escale el tama\u00f1o de la imagen\/video como necesite. Con la ayuda de nuestra herramienta, podr\u00e1 crear un control deslizante aparente que captar\u00e1 la atenci\u00f3n de los usuarios y no les permitir\u00e1 abandonar su sitio web demasiado pronto. <\/p><p><b>\u00a1Obt\u00e9n lo mejor de Slider para lograr tus desaf\u00edos de comercio electr\u00f3nico m\u00e1s r\u00e1pido! <\/b><\/p> <\/div> <div class=\"application-platform-content-item-features application-platform-content-item\" id=\"features\" data-nav-section=\"features\"> <h2>Estas son solo algunas de las funciones del widget: <\/h2> <ul><li>Agregue im\u00e1genes\/v\u00eddeos por URL o c\u00e1rguelos directamente desde su dispositivo<\/li><li>Video de fondo en bucle<\/li><li>Botones de llamada a la acci\u00f3n<\/li><li>Duraci\u00f3n de cambio de diapositiva ajustable<\/li><li>Paginaci\u00f3n (n\u00fameros, trazos, vi\u00f1etas, miniaturas)<\/li><li>Navegaci\u00f3n mediante deslizamiento<\/li><li>Superposici\u00f3n de contenido diapositiva por diapositiva<\/li><li>Posibilidad de pausar la diapositiva al pasar el cursor<\/li><li>Mostrar barra de progreso <\/li><li>Dos opciones diferentes de transici\u00f3n de im\u00e1genes: Fundir y Deslizar<\/li><li>Cantidad ilimitada de diapositivas<\/li><\/ul><p><a href=\"#demo\">Puedes probar c\u00f3mo funciona el widget probando el demostraci\u00f3n<\/a><\/p> <\/div> <div class=\"application-platform-content-item-installation application-platform-content-item\" id=\"installation\" data-nav-section=\"installation\"> <h2>\u00bfC\u00f3mo incrustar Slider en mi sitio PrestaShop? <\/h2> <p>Simplemente siga varios pasos que se presentan a continuaci\u00f3n para integrar la herramienta. <\/p> <ol><li><b>Abre nuestra demostraci\u00f3n gratuita y comienza a darle forma a tu instrumento personalizado. <\/b><br>Especifique la forma seleccionada y las opciones del widget y guarde las modificaciones. <\/li> <li><b>Copia el c\u00f3digo \u00fanico que se muestra en la ventana de Elfsight Apps. <\/b><br> Inmediatamente despu\u00e9s de configurar su widget personal, copie el c\u00f3digo exclusivo del cuadro que aparece y gu\u00e1rdelo para usarlo m\u00e1s adelante. <\/li> <li><b>Empiece a utilizar el complemento en su sitio web PrestaShop. <\/b><br> Introduce el c\u00f3digo que has guardado recientemente en tu p\u00e1gina web y guarda los ajustes. <\/li> <li><b>La instalaci\u00f3n est\u00e1 totalmente terminada. <\/b><br> Vaya a su sitio para ver c\u00f3mo funciona el complemento. <\/li><\/ol> <p>Si tiene preguntas o tiene algunas complicaciones, busque ayuda de nuestro personal de soporte. Nuestra gente estar\u00e1 encantada de ayudarle con todos los problemas que pueda tener con el producto. <\/p> <div class=\"faq\" data-component=\"FAQ\"><div class=\"faq-item\">\r\n\t\t\t\t\t<div class=\"faq-item-question\">\r\n\t\t\t\t\t\t<h3 class=\"faq-item-question-text\">\u00bfDe qu\u00e9 manera es posible incrustar Slider en mi PrestaShop sin codificaci\u00f3n?<\/h3>\r\n\r\n\t\t\t\t\t\t<div class=\"faq-item-question-icon\"><\/div>\r\n\t\t\t\t\t<\/div>\r\n\r\n\t\t\t\t\t<div class=\"faq-item-answer\">\r\n\t\t\t\t\t\t<div class=\"faq-item-answer-text\"> <p>Elfsight ofrece una soluci\u00f3n que permite a los usuarios crear una secci\u00f3n Slider usted mismo. Descubra lo sencillo que es el proceso: vaya al Editor en vivo para crear un complemento Slider que le gustar\u00eda ver en la p\u00e1gina de inicio de PrestaShop. Seleccione una de las muchas plantillas predise\u00f1adas y adapte la configuraci\u00f3n del control deslizante, agregue su contenido, cambie el dise\u00f1o y el color de los elementos sin conocimientos de codificaci\u00f3n. Guarde la configuraci\u00f3n que ha realizado en Slider y obtenga el c\u00f3digo de instalaci\u00f3n del widget, que puede agregar en la p\u00e1gina web de PrestaShop sin necesidad de comprar un plan pago. Con la ayuda del sencillo Configurador, cada usuario web puede crear una secci\u00f3n Slider e incrustarla sin esfuerzo en el sitio web de PrestaShop. No debe pagar ni revelar los datos de su tarjeta para acceder al Editor. Si encuentra alg\u00fan obst\u00e1culo en alg\u00fan paso, no dude en comunicarse con nuestro servicio t\u00e9cnico de atenci\u00f3n al cliente.<\/p> <\/div>\r\n\t\t\t\t\t<\/div>\r\n\t\t\t\t<\/div> <\/div><\/div>","protected":false},"excerpt":{"rendered":"","protected":false},"author":9,"featured_media":0,"parent":1653,"menu_order":0,"comment_status":"closed","ping_status":"closed","template":"templates\/template-application-platform.php","meta":{"publish_to_discourse":"","publish_post_category":"","wpdc_auto_publish_overridden":"","wpdc_topic_tags":"","wpdc_pin_topic":"","wpdc_pin_until":"","discourse_post_id":"","discourse_permalink":"","wpdc_publishing_response":"","wpdc_publishing_error":"","footnotes":""},"class_list":["post-6669","page","type-page","status-publish","hentry"],"yoast_head":"<!-- This site is optimized with the Yoast SEO plugin v25.3.1 - https:\/\/yoast.com\/wordpress\/plugins\/seo\/ -->\n<title>Agregue el complemento Image Slider al sitio web de PrestaShop [2025]<\/title>\n<meta name=\"description\" content=\"Aproveche la oportunidad para ajustar el complemento Slider personalizado ahora mismo y agr\u00e9guelo a su sitio web de Squarespace directamente desde la demostraci\u00f3n en vivo.\" \/>\n<meta name=\"robots\" content=\"index, follow, max-snippet:-1, max-image-preview:large, max-video-preview:-1\" \/>\n<link rel=\"canonical\" href=\"https:\/\/elfsight.com\/es\/slider-widget\/prestashop\/\" \/>\n<meta property=\"og:locale\" content=\"es_ES\" \/>\n<meta property=\"og:type\" content=\"article\" \/>\n<meta property=\"og:title\" content=\"Agregue el complemento Image Slider al sitio web de PrestaShop [2025]\" \/>\n<meta property=\"og:description\" content=\"Aproveche la oportunidad para ajustar el complemento Slider personalizado ahora mismo y agr\u00e9guelo a su sitio web de Squarespace directamente desde la demostraci\u00f3n en vivo.\" \/>\n<meta property=\"og:url\" content=\"https:\/\/elfsight.com\/es\/slider-widget\/prestashop\/\" \/>\n<meta property=\"og:site_name\" content=\"Elfsight ES\" \/>\n<meta property=\"article:modified_time\" content=\"2025-02-06T16:03:05+00:00\" \/>\n<meta name=\"twitter:card\" content=\"summary_large_image\" \/>\n<meta name=\"twitter:label1\" content=\"Tiempo de lectura\" \/>\n\t<meta name=\"twitter:data1\" content=\"3 minutos\" \/>\n<!-- \/ Yoast SEO plugin. -->","yoast_head_json":{"title":"Agregue el complemento Image Slider al sitio web de PrestaShop [2025]","description":"Aproveche la oportunidad para ajustar el complemento Slider personalizado ahora mismo y agr\u00e9guelo a su sitio web de Squarespace directamente desde la demostraci\u00f3n en vivo.","robots":{"index":"index","follow":"follow","max-snippet":"max-snippet:-1","max-image-preview":"max-image-preview:large","max-video-preview":"max-video-preview:-1"},"canonical":"https:\/\/elfsight.com\/es\/slider-widget\/prestashop\/","og_locale":"es_ES","og_type":"article","og_title":"Agregue el complemento Image Slider al sitio web de PrestaShop [2025]","og_description":"Aproveche la oportunidad para ajustar el complemento Slider personalizado ahora mismo y agr\u00e9guelo a su sitio web de Squarespace directamente desde la demostraci\u00f3n en vivo.","og_url":"https:\/\/elfsight.com\/es\/slider-widget\/prestashop\/","og_site_name":"Elfsight ES","article_modified_time":"2025-02-06T16:03:05+00:00","twitter_card":"summary_large_image","twitter_misc":{"Tiempo de lectura":"3 minutos"},"schema":{"@context":"https:\/\/schema.org","@graph":[{"@type":"WebPage","@id":"https:\/\/elfsight.com\/es\/slider-widget\/prestashop\/","url":"https:\/\/elfsight.com\/es\/slider-widget\/prestashop\/","name":"Agregue el complemento Image Slider al sitio web de PrestaShop [2025]","isPartOf":{"@id":"https:\/\/elfsight.com\/es\/#website"},"datePublished":"1970-01-01T00:00:00+00:00","dateModified":"2025-02-06T16:03:05+00:00","description":"Aproveche la oportunidad para ajustar el complemento Slider personalizado ahora mismo y agr\u00e9guelo a su sitio web de Squarespace directamente desde la demostraci\u00f3n en vivo.","breadcrumb":{"@id":"https:\/\/elfsight.com\/es\/slider-widget\/prestashop\/#breadcrumb"},"inLanguage":"es","potentialAction":[{"@type":"ReadAction","target":["https:\/\/elfsight.com\/es\/slider-widget\/prestashop\/"]}]},{"@type":"BreadcrumbList","@id":"https:\/\/elfsight.com\/es\/slider-widget\/prestashop\/#breadcrumb","itemListElement":[{"@type":"ListItem","position":1,"name":"Home","item":"https:\/\/elfsight.com\/es\/"},{"@type":"ListItem","position":2,"name":"Slider","item":"https:\/\/elfsight.com\/es\/slider-widget\/"},{"@type":"ListItem","position":3,"name":"Slider &#8211; PrestaShop"}]},{"@type":"WebSite","@id":"https:\/\/elfsight.com\/es\/#website","url":"https:\/\/elfsight.com\/es\/","name":"Elfsight ES","description":"Just another Elfsight Sites site","potentialAction":[{"@type":"SearchAction","target":{"@type":"EntryPoint","urlTemplate":"https:\/\/elfsight.com\/es\/?s={search_term_string}"},"query-input":{"@type":"PropertyValueSpecification","valueRequired":true,"valueName":"search_term_string"}}],"inLanguage":"es"}]}},"meta_box":{"industry":"","seo_heading":"","heading":"","description":"","cta_heading":"","cta_description":"","application":"1652","h1":"Complemento deslizante de imagen de PrestaShop","h1_caption":"D\u00e9 forma a controles deslizantes personalizados de fotos, videos y pancartas para su sitio web","application_category":[],"applications_title":"","applications_request_title":"","applications_request_button_text":"","hero_text":"","hero_video":"","hero_video_schema_markup":"","selling_points_title":"","selling_points_caption":"","selling_points":[],"selling_points_cta_text":"","features_title":"","features":"","ed_cta_examples_text":"","ed_cta_examples_hidden":"","ed_cta_demo_text":"","ed_cta_demo_hidden":"","why_caption":"","why_editor_title":"","why_editor_text":"","why_team_title":"","why_team_text":"","why_service_title":"","why_service_text":"","template_catalog_visible":"","template_catalog_title":"","template_catalog_text":"","template_catalog_categories_visible":"","demo_title":"Crea tu complemento deslizante","demo_caption":"\u00a1Configura tu Slider y agr\u00e9galo a tu sitio web PrestaShop gratis!","default_faq_hidden":"","app_template_category":[],"platform":"2250","template_public_id":"","codecanyon_url":"","codecanyon_item_id":"","codecanyon_price":"","pricing_caption":"","pricing_elfsight_apps_hide_column":"","pricing_elfsight_apps_url":"","pricing_codecanyon_price_caption":"","integration_category":[],"integration_request_title":"","integration_request_cta":"","integration_platform":"","integrations":[],"platform_category":[],"video_schema_markup":"","price":"desde $0 \/ mes","trial":"","benefits":[{"text":"Ayuda de instalaci\u00f3n gratuita"},{"text":"Garant\u00eda de reembolso de 14 d\u00edas"},{"text":"Servicio al cliente eficaz"},{"text":"Actualizaciones constantes"}],"button_url":"#demo","button_target_blank":"","button_nofollow":"","attributes":[{"name":"Instalaciones","content":"10,000 - 100,000"},{"name":"Sensible","content":"S\u00ed"},{"name":"Navegadores compatibles","content":"Firefox, Safari, Opera, Chrome, Edge"}],"tags":[],"tags_disable_links":"","hide_more_platforms":"","video_object":"","demo_hide_cta":"","demo_hide_cloud_options":"","pricing_title":"","pricing":[{"pricing_icon":"platform","pricing_title":"Elfsight Apps","pricing_title_caption":"Soluci\u00f3n digital multiplataforma","pricing_price":"desde $0 \/ mes","pricing_price_caption":"comienza con un plan gratuito","pricing_benefits":[{"text":"Sitios web ilimitados"},{"text":"Atenci\u00f3n al cliente dedicada"},{"text":"Asistencia de instalaci\u00f3n gratuita"},{"text":"Totalmente personalizable"}],"pricing_button_text":"A\u00f1adir al sitio web","pricing_button_url":"#demo"}],"related_apps_title":"","related_apps_hidden":"","author":"","image":[],"title":"","job":"","social_networks":[]},"_links":{"self":[{"href":"https:\/\/elfsight.com\/es\/wp-json\/wp\/v2\/pages\/6669","targetHints":{"allow":["GET"]}}],"collection":[{"href":"https:\/\/elfsight.com\/es\/wp-json\/wp\/v2\/pages"}],"about":[{"href":"https:\/\/elfsight.com\/es\/wp-json\/wp\/v2\/types\/page"}],"author":[{"embeddable":true,"href":"https:\/\/elfsight.com\/es\/wp-json\/wp\/v2\/users\/9"}],"replies":[{"embeddable":true,"href":"https:\/\/elfsight.com\/es\/wp-json\/wp\/v2\/comments?post=6669"}],"version-history":[{"count":2,"href":"https:\/\/elfsight.com\/es\/wp-json\/wp\/v2\/pages\/6669\/revisions"}],"predecessor-version":[{"id":19093,"href":"https:\/\/elfsight.com\/es\/wp-json\/wp\/v2\/pages\/6669\/revisions\/19093"}],"up":[{"embeddable":true,"href":"https:\/\/elfsight.com\/es\/wp-json\/wp\/v2\/pages\/1653"}],"wp:attachment":[{"href":"https:\/\/elfsight.com\/es\/wp-json\/wp\/v2\/media?parent=6669"}],"curies":[{"name":"wp","href":"https:\/\/api.w.org\/{rel}","templated":true}]}}