{"id":6658,"date":"1970-01-01T00:00:00","date_gmt":"1970-01-01T00:00:00","guid":{"rendered":"https:\/\/elfsight.com\/es\/?page_id=6658"},"modified":"2025-02-06T16:03:05","modified_gmt":"2025-02-06T16:03:05","slug":"jimdo","status":"publish","type":"page","link":"https:\/\/elfsight.com\/es\/slider-widget\/jimdo\/","title":{"rendered":"Slider &#8211; Jimdo"},"content":{"rendered":"<div class=\"application-platform-content-item-description application-platform-content-item\" id=\"description\" data-nav-section=\"description\"><h2>Descripci\u00f3n<\/h2> <p>Elfsight Slider es una herramienta sencilla que le permite captar la atenci\u00f3n de los usuarios mostr\u00e1ndoles m\u00faltiples im\u00e1genes, v\u00eddeos o las mejores ofertas de su sitio web. Utilice cualquier cantidad de diapositivas que necesite para mostrar sus productos y marcar ofertas especiales. Agregue efectos visuales y escale el tama\u00f1o de la imagen\/video como necesite. Con la ayuda de nuestra herramienta, podr\u00e1 crear un control deslizante aparente que captar\u00e1 la atenci\u00f3n de los usuarios y no les permitir\u00e1 abandonar su sitio web demasiado pronto. <\/p> <p><b>\u00a1Inicie Slider para alcanzar los objetivos de su negocio de manera m\u00e1s eficiente! <\/b><\/p> <\/div> <div class=\"application-platform-content-item-features application-platform-content-item\" id=\"features\" data-nav-section=\"features\"> <h2>Estas son solo algunas de las valiosas funciones del widget: <\/h2> <ul><li>Agregue im\u00e1genes\/v\u00eddeos por URL o c\u00e1rguelos directamente desde su dispositivo<\/li><li>Video de fondo en bucle<\/li><li>Botones de llamada a la acci\u00f3n<\/li><li>Duraci\u00f3n de cambio de diapositiva ajustable<\/li><li>Paginaci\u00f3n (trazos, vi\u00f1etas, miniaturas, n\u00fameros)<\/li><li>Navegaci\u00f3n mediante deslizamiento<\/li><li>Superposici\u00f3n de contenido diapositiva por diapositiva<\/li><li>Posibilidad de pausar la diapositiva al pasar el cursor<\/li><li>Mostrar barra de progreso <\/li><li>Dos opciones diferentes de transici\u00f3n de im\u00e1genes: Fundir y Deslizar<\/li><li>Cantidad ilimitada de diapositivas<\/li><\/ul><p><a href=\"#demo\">Simplemente consulte esta demostraci\u00f3n para obtener la versi\u00f3n completa idea<\/a><\/p> <\/div> <div class=\"application-platform-content-item-installation application-platform-content-item\" id=\"installation\" data-nav-section=\"installation\"> <h2>\u00bfC\u00f3mo a\u00f1adir Slider a una p\u00e1gina web de Jimdo? <\/h2> <p>Simplemente aplique las instrucciones a continuaci\u00f3n para comenzar a trabajar con la herramienta. <\/p> <ol><li><b>Inicie nuestra demostraci\u00f3n gratuita y comience a crear su widget personalizado. <\/b><br> Encuentre el dise\u00f1o personalizado y los par\u00e1metros del widget y aplique las modificaciones. <\/li> <li><b>Copia el c\u00f3digo \u00fanico que aparece en la ventana de Elfsight Apps. <\/b><br> Cuando finalice la creaci\u00f3n de su herramienta personal, copie el c\u00f3digo exclusivo del cuadro que aparece y gu\u00e1rdelo para usarlo en el futuro. <\/li> <li><b>Entra en el uso del widget en tu p\u00e1gina de inicio de Jimdo. <\/b><br> A\u00f1ade el c\u00f3digo copiado anteriormente en tu sitio web y aplica los ajustes. <\/li> <li><b>\u00a1Ya terminaste! La incrustaci\u00f3n se realiza con \u00e9xito. <\/b><br>Visita su p\u00e1gina para ver el trabajo de la herramienta. <\/li><\/ol> <p>Con la condici\u00f3n de afrontar consultas o afrontar cualquier problema, escriba a nuestro equipo de atenci\u00f3n al cliente. Nuestros especialistas est\u00e1n ansiosos por ayudarle con todos los problemas que pueda tener con el widget. <\/p> <div class=\"faq\" data-component=\"FAQ\"><div class=\"faq-item\">\r\n\t\t\t\t\t<div class=\"faq-item-question\">\r\n\t\t\t\t\t\t<h3 class=\"faq-item-question-text\">\u00bfDe qu\u00e9 manera puedo integrar Slider en mi Jimdo sin conocimientos de codificaci\u00f3n?<\/h3>\r\n\r\n\t\t\t\t\t\t<div class=\"faq-item-question-icon\"><\/div>\r\n\t\t\t\t\t<\/div>\r\n\r\n\t\t\t\t\t<div class=\"faq-item-answer\">\r\n\t\t\t\t\t\t<div class=\"faq-item-answer-text\"> <p>Elfsight ofrece una soluci\u00f3n en la nube que permite a una amplia audiencia crear un widget Slider usted mismo. Descubra lo sencillo que es el proceso: trabaje directamente en el editor en vivo para crear una secci\u00f3n Slider que le gustar\u00eda integrar en la p\u00e1gina de inicio de Jimdo. Elija una de las plantillas ya preparadas y modifique la configuraci\u00f3n del control deslizante, cambie el dise\u00f1o y el color de los elementos y actualice su contenido, sin experiencia en codificaci\u00f3n. Guarda la configuraci\u00f3n que has realizado en Slider y copia el c\u00f3digo de instalaci\u00f3n del widget, que se puede agregar f\u00e1cilmente a la p\u00e1gina web de Jimdo dentro de un plan gratuito. Con nuestro sencillo Configurador, cada usuario de Internet puede crear un widget deslizante en l\u00ednea e incrustarlo f\u00e1cilmente en cualquier p\u00e1gina de inicio de Jimdo. No es necesario obtener un plan pago ni revelar las credenciales de su tarjeta para acceder al servicio Elfsight. Si encuentra alg\u00fan obst\u00e1culo en alg\u00fan paso, contin\u00fae y hable con nuestro personal de soporte.<\/p> <\/div>\r\n\t\t\t\t\t<\/div>\r\n\t\t\t\t<\/div> <\/div><\/div><p><\/p>","protected":false},"excerpt":{"rendered":"","protected":false},"author":9,"featured_media":0,"parent":1653,"menu_order":0,"comment_status":"closed","ping_status":"closed","template":"templates\/template-application-platform.php","meta":{"publish_to_discourse":"","publish_post_category":"","wpdc_auto_publish_overridden":"","wpdc_topic_tags":"","wpdc_pin_topic":"","wpdc_pin_until":"","discourse_post_id":"","discourse_permalink":"","wpdc_publishing_response":"","wpdc_publishing_error":"","footnotes":""},"class_list":["post-6658","page","type-page","status-publish","hentry"],"yoast_head":"<!-- This site is optimized with the Yoast SEO plugin v25.3.1 - https:\/\/yoast.com\/wordpress\/plugins\/seo\/ -->\n<title>A\u00f1adir widget de control deslizante de imagen a un sitio web de Jimdo [2025]<\/title>\n<meta name=\"description\" content=\"Aprovecha la oportunidad de ajustar el widget deslizante personalizado ahora mismo y agr\u00e9galo a tu sitio web Jimdo directamente desde la demostraci\u00f3n en vivo.\" \/>\n<meta name=\"robots\" content=\"index, follow, max-snippet:-1, max-image-preview:large, max-video-preview:-1\" \/>\n<link rel=\"canonical\" href=\"https:\/\/elfsight.com\/es\/slider-widget\/jimdo\/\" \/>\n<meta property=\"og:locale\" content=\"es_ES\" \/>\n<meta property=\"og:type\" content=\"article\" \/>\n<meta property=\"og:title\" content=\"A\u00f1adir widget de control deslizante de imagen a un sitio web de Jimdo [2025]\" \/>\n<meta property=\"og:description\" content=\"Aprovecha la oportunidad de ajustar el widget deslizante personalizado ahora mismo y agr\u00e9galo a tu sitio web Jimdo directamente desde la demostraci\u00f3n en vivo.\" \/>\n<meta property=\"og:url\" content=\"https:\/\/elfsight.com\/es\/slider-widget\/jimdo\/\" \/>\n<meta property=\"og:site_name\" content=\"Elfsight ES\" \/>\n<meta property=\"article:modified_time\" content=\"2025-02-06T16:03:05+00:00\" \/>\n<meta name=\"twitter:card\" content=\"summary_large_image\" \/>\n<meta name=\"twitter:label1\" content=\"Tiempo de lectura\" \/>\n\t<meta name=\"twitter:data1\" content=\"3 minutos\" \/>\n<!-- \/ Yoast SEO plugin. -->","yoast_head_json":{"title":"A\u00f1adir widget de control deslizante de imagen a un sitio web de Jimdo [2025]","description":"Aprovecha la oportunidad de ajustar el widget deslizante personalizado ahora mismo y agr\u00e9galo a tu sitio web Jimdo directamente desde la demostraci\u00f3n en vivo.","robots":{"index":"index","follow":"follow","max-snippet":"max-snippet:-1","max-image-preview":"max-image-preview:large","max-video-preview":"max-video-preview:-1"},"canonical":"https:\/\/elfsight.com\/es\/slider-widget\/jimdo\/","og_locale":"es_ES","og_type":"article","og_title":"A\u00f1adir widget de control deslizante de imagen a un sitio web de Jimdo [2025]","og_description":"Aprovecha la oportunidad de ajustar el widget deslizante personalizado ahora mismo y agr\u00e9galo a tu sitio web Jimdo directamente desde la demostraci\u00f3n en vivo.","og_url":"https:\/\/elfsight.com\/es\/slider-widget\/jimdo\/","og_site_name":"Elfsight ES","article_modified_time":"2025-02-06T16:03:05+00:00","twitter_card":"summary_large_image","twitter_misc":{"Tiempo de lectura":"3 minutos"},"schema":{"@context":"https:\/\/schema.org","@graph":[{"@type":"WebPage","@id":"https:\/\/elfsight.com\/es\/slider-widget\/jimdo\/","url":"https:\/\/elfsight.com\/es\/slider-widget\/jimdo\/","name":"A\u00f1adir widget de control deslizante de imagen a un sitio web de Jimdo [2025]","isPartOf":{"@id":"https:\/\/elfsight.com\/es\/#website"},"datePublished":"1970-01-01T00:00:00+00:00","dateModified":"2025-02-06T16:03:05+00:00","description":"Aprovecha la oportunidad de ajustar el widget deslizante personalizado ahora mismo y agr\u00e9galo a tu sitio web Jimdo directamente desde la demostraci\u00f3n en vivo.","breadcrumb":{"@id":"https:\/\/elfsight.com\/es\/slider-widget\/jimdo\/#breadcrumb"},"inLanguage":"es","potentialAction":[{"@type":"ReadAction","target":["https:\/\/elfsight.com\/es\/slider-widget\/jimdo\/"]}]},{"@type":"BreadcrumbList","@id":"https:\/\/elfsight.com\/es\/slider-widget\/jimdo\/#breadcrumb","itemListElement":[{"@type":"ListItem","position":1,"name":"Home","item":"https:\/\/elfsight.com\/es\/"},{"@type":"ListItem","position":2,"name":"Slider","item":"https:\/\/elfsight.com\/es\/slider-widget\/"},{"@type":"ListItem","position":3,"name":"Slider &#8211; Jimdo"}]},{"@type":"WebSite","@id":"https:\/\/elfsight.com\/es\/#website","url":"https:\/\/elfsight.com\/es\/","name":"Elfsight ES","description":"Just another Elfsight Sites site","potentialAction":[{"@type":"SearchAction","target":{"@type":"EntryPoint","urlTemplate":"https:\/\/elfsight.com\/es\/?s={search_term_string}"},"query-input":{"@type":"PropertyValueSpecification","valueRequired":true,"valueName":"search_term_string"}}],"inLanguage":"es"}]}},"meta_box":{"industry":"","seo_heading":"","heading":"","description":"","cta_heading":"","cta_description":"","application":"1652","h1":"Widget deslizante de imagen de Jimdo","h1_caption":"D\u00e9 forma a controles deslizantes personalizados de fotos, videos y pancartas para su sitio web","application_category":[],"applications_title":"","applications_request_title":"","applications_request_button_text":"","hero_text":"","hero_video":"","hero_video_schema_markup":"","selling_points_title":"","selling_points_caption":"","selling_points":[],"selling_points_cta_text":"","features_title":"","features":"","ed_cta_examples_text":"","ed_cta_examples_hidden":"","ed_cta_demo_text":"","ed_cta_demo_hidden":"","why_caption":"","why_editor_title":"","why_editor_text":"","why_team_title":"","why_team_text":"","why_service_title":"","why_service_text":"","template_catalog_visible":"","template_catalog_title":"","template_catalog_text":"","template_catalog_categories_visible":"","demo_title":"Crea tu widget deslizante","demo_caption":"\u00a1Configura tu Slider y a\u00f1\u00e1delo gratis a tu sitio web Jimdo!","default_faq_hidden":"","app_template_category":[],"platform":"2198","template_public_id":"","codecanyon_url":"","codecanyon_item_id":"","codecanyon_price":"","pricing_caption":"","pricing_elfsight_apps_hide_column":"","pricing_elfsight_apps_url":"","pricing_codecanyon_price_caption":"","integration_category":[],"integration_request_title":"","integration_request_cta":"","integration_platform":"","integrations":[],"platform_category":[],"video_schema_markup":"","price":"desde $0 \/ mes","trial":"","benefits":[{"text":"Ayuda de instalaci\u00f3n gratuita"},{"text":"Atenci\u00f3n al cliente experimentada"},{"text":"Garant\u00eda de devoluci\u00f3n de dinero de 14 d\u00edas"},{"text":"Mejoras continuas"}],"button_url":"#demo","button_target_blank":"","button_nofollow":"","attributes":[{"name":"Instalaciones","content":"10,000 - 100,000"},{"name":"Sensible","content":"S\u00ed"},{"name":"Navegadores compatibles","content":"Firefox, Safari, Opera, Chrome, Edge"}],"tags":[],"tags_disable_links":"","hide_more_platforms":"","video_object":"","demo_hide_cta":"","demo_hide_cloud_options":"","pricing_title":"","pricing":[{"pricing_icon":"platform","pricing_title":"Elfsight Apps","pricing_title_caption":"Versi\u00f3n multiplataforma","pricing_price":"desde $0 \/ mes","pricing_price_caption":"comienza con un plan gratuito","pricing_benefits":[{"text":"Dominios ilimitados"},{"text":"Soporte 24 horas al d\u00eda, 7 d\u00edas a la semana y a tiempo"},{"text":"Servicio de instalaci\u00f3n gratuito"},{"text":"Totalmente personalizable"}],"pricing_button_text":"A\u00f1adir al sitio web","pricing_button_url":"#demo"}],"related_apps_title":"","related_apps_hidden":"","author":"","image":[],"title":"","job":"","social_networks":[]},"_links":{"self":[{"href":"https:\/\/elfsight.com\/es\/wp-json\/wp\/v2\/pages\/6658","targetHints":{"allow":["GET"]}}],"collection":[{"href":"https:\/\/elfsight.com\/es\/wp-json\/wp\/v2\/pages"}],"about":[{"href":"https:\/\/elfsight.com\/es\/wp-json\/wp\/v2\/types\/page"}],"author":[{"embeddable":true,"href":"https:\/\/elfsight.com\/es\/wp-json\/wp\/v2\/users\/9"}],"replies":[{"embeddable":true,"href":"https:\/\/elfsight.com\/es\/wp-json\/wp\/v2\/comments?post=6658"}],"version-history":[{"count":2,"href":"https:\/\/elfsight.com\/es\/wp-json\/wp\/v2\/pages\/6658\/revisions"}],"predecessor-version":[{"id":19094,"href":"https:\/\/elfsight.com\/es\/wp-json\/wp\/v2\/pages\/6658\/revisions\/19094"}],"up":[{"embeddable":true,"href":"https:\/\/elfsight.com\/es\/wp-json\/wp\/v2\/pages\/1653"}],"wp:attachment":[{"href":"https:\/\/elfsight.com\/es\/wp-json\/wp\/v2\/media?parent=6658"}],"curies":[{"name":"wp","href":"https:\/\/api.w.org\/{rel}","templated":true}]}}