{"id":6619,"date":"1970-01-01T00:00:00","date_gmt":"1970-01-01T00:00:00","guid":{"rendered":"https:\/\/elfsight.com\/es\/?page_id=6619"},"modified":"2025-02-06T16:03:13","modified_gmt":"2025-02-06T16:03:13","slug":"prestashop","status":"publish","type":"page","link":"https:\/\/elfsight.com\/es\/photo-gallery-widget\/prestashop\/","title":{"rendered":"Photo Gallery &#8211; PrestaShop"},"content":{"rendered":"<div class=\"application-platform-content-item-description application-platform-content-item\" id=\"description\" data-nav-section=\"description\"> <h2>Descripci\u00f3n<\/h2> <p>La galer\u00eda fotogr\u00e1fica de Elfsight es la forma m\u00e1s r\u00e1pida de mostrar fotograf\u00edas o dar forma a una hermosa galer\u00eda en su sitio web. Coloque cualquier cantidad de im\u00e1genes, comente cada una de ellas y seleccione la manera \u00f3ptima de organizarlas en la p\u00e1gina. El widget de Elfsight incluye seis variantes de dise\u00f1o y muchas posibilidades de interfaz adicionales. Cada imagen se puede ver en una ventana emergente, los usuarios pueden navegar a trav\u00e9s de ellas o usar una presentaci\u00f3n de diapositivas, acercar y alejar y admirar las im\u00e1genes en pantalla completa. Tiene la opci\u00f3n de pintar para la interfaz del widget y cargar un fondo \u00fanico, usar opciones de texto y m\u00e1s funciones de estilo. <\/p><p><b>\u00a1Aumente el nivel de participaci\u00f3n de los visitantes con galer\u00edas de fotos inspiradoras! <\/b><\/p><\/div> <div class=\"application-platform-content-item-features application-platform-content-item\" id=\"features\" data-nav-section=\"features\"> <h2>Estas son solo algunas de las muchas caracter\u00edsticas del widget: <\/h2> <ul><li>Sube cualquier cantidad de im\u00e1genes<\/li><li>Reordena las im\u00e1genes seg\u00fan necesites o elige una opci\u00f3n aleatoria para mezclarlas<\/li><li>Mostrar descripci\u00f3n al pasar el mouse o de forma predeterminada y t\u00edtulo de la foto: en la imagen o debajo de ella<\/li><li>Abrir fotos en ventana emergente o redireccionando a cualquier URL<\/li><li>Mostrar u ocultar descripci\u00f3n y t\u00edtulo en ventana emergente<\/li><li>Subir una imagen personalizada del fondo<\/li><li>Elija el color de fondo establecido y p\u00edntelo usted mismo<\/li><li>Variar la forma de las im\u00e1genes de rect\u00e1ngulo a redondeado<\/li><li>Agregar efectos de imagen de forma predeterminada y al pasar el mouse<\/li><li>Elija el color de superposici\u00f3n de las fotos<\/li><\/ul><p><a href=\"#demo\">Pruebe todas las configuraciones en una demostraci\u00f3n con todas las funciones<\/a><\/p> <\/div> <div class=\"application-platform-content-item-installation application-platform-content-item\" id=\"installation\" data-nav-section=\"installation\"> <h2>\u00bfC\u00f3mo incrustar la galer\u00eda de fotos en mi sitio PrestaShop? <\/h2> <p>Simplemente siga las pautas a continuaci\u00f3n para integrar el widget. <\/p> <ol><li><b>Utiliza nuestro editor gratuito y comienza a construir tu instrumento personalizado. <\/b><br> Especifique la interfaz y la funcionalidad adecuadas de la herramienta y guarde las ediciones. <\/li> <li><b>Reciba su c\u00f3digo \u00fanico expuesto en el formulario especial en Elfsight Apps. <\/b><br> Cuando finalice la configuraci\u00f3n de su herramienta, copie el c\u00f3digo personal en la ventana que aparece y gu\u00e1rdelo para futuras ocasiones. <\/li> <li><b>Inicie el uso de la herramienta en su sitio web PrestaShop. <\/b><br> Implemente el c\u00f3digo que guard\u00f3 anteriormente en su p\u00e1gina web y aplique las ediciones. <\/li> <li><b>La instalaci\u00f3n ha finalizado por completo. <\/b><br>Visite su sitio web para examinar c\u00f3mo se est\u00e1 ejecutando el complemento. <\/li><\/ol> <p>En caso de tener dudas o encontrar alg\u00fan obst\u00e1culo, no dudes en dirigirte a nuestro equipo de atenci\u00f3n al cliente. Nuestra gente anhela resolver todos los problemas que pueda tener con el widget. <\/p> <div class=\"faq\" data-component=\"FAQ\"><div class=\"faq-item\">\r\n\t\t\t\t\t<div class=\"faq-item-question\">\r\n\t\t\t\t\t\t<h3 class=\"faq-item-question-text\">\u00bfExiste alguna manera de agregar una galer\u00eda de fotos a mi p\u00e1gina web de PrestaShop sin conocimientos de codificaci\u00f3n?<\/h3>\r\n\r\n\t\t\t\t\t\t<div class=\"faq-item-question-icon\"><\/div>\r\n\t\t\t\t\t<\/div>\r\n\r\n\t\t\t\t\t<div class=\"faq-item-answer\">\r\n\t\t\t\t\t\t<div class=\"faq-item-answer-text\"> <p>Elfsight ofrece una soluci\u00f3n que permite a las personas crear un complemento de galer\u00eda de fotos usted mismo. Aprenda la gu\u00eda sencilla: comience a trabajar directamente en el editor en l\u00ednea para crear un complemento de galer\u00eda de fotos que le gustar\u00eda agregar en la p\u00e1gina de inicio de PrestaShop. Seleccione una de las plantillas ya preparadas y modifique la configuraci\u00f3n de la Galer\u00eda de fotos, agregue su contenido, cambie el dise\u00f1o y el color de los elementos sin experiencia en codificaci\u00f3n. Haga clic para guardar la configuraci\u00f3n que realiz\u00f3 en la Galer\u00eda de fotos y obtener el c\u00f3digo de instalaci\u00f3n que se puede agregar simplemente en el sitio PrestaShop sin comprar un plan pago. Utilizando nuestro editor f\u00e1cil de usar, cada usuario web puede crear una galer\u00eda de fotos e incluirla en el sitio PrestaShop. No debe obtener una suscripci\u00f3n paga ni ingresar las credenciales de su tarjeta para acceder al servicio Elfsight. Si tiene alg\u00fan problema en alg\u00fan paso, contin\u00fae y hable con nuestro equipo de soporte.<\/p> <\/div>\r\n\t\t\t\t\t<\/div>\r\n\t\t\t\t<\/div> <\/div><\/div>","protected":false},"excerpt":{"rendered":"","protected":false},"author":9,"featured_media":0,"parent":1671,"menu_order":0,"comment_status":"closed","ping_status":"closed","template":"templates\/template-application-platform.php","meta":{"publish_to_discourse":"","publish_post_category":"","wpdc_auto_publish_overridden":"","wpdc_topic_tags":"","wpdc_pin_topic":"","wpdc_pin_until":"","discourse_post_id":"","discourse_permalink":"","wpdc_publishing_response":"","wpdc_publishing_error":"","footnotes":""},"class_list":["post-6619","page","type-page","status-publish","hentry"],"yoast_head":"<!-- This site is optimized with the Yoast SEO plugin v25.3.1 - https:\/\/yoast.com\/wordpress\/plugins\/seo\/ -->\n<title>El mejor complemento de galer\u00eda de fotos para el sitio web PrestaShop (gratis y sin codificaci\u00f3n)<\/title>\n<meta name=\"description\" content=\"Agregue un complemento de Galer\u00eda de fotos responsivo en su sitio PrestaShop y consiga plena confianza. Utilice la demostraci\u00f3n f\u00e1cil de usar de Elfsight de forma gratuita.\" \/>\n<meta name=\"robots\" content=\"index, follow, max-snippet:-1, max-image-preview:large, max-video-preview:-1\" \/>\n<link rel=\"canonical\" href=\"https:\/\/elfsight.com\/es\/photo-gallery-widget\/prestashop\/\" \/>\n<meta property=\"og:locale\" content=\"es_ES\" \/>\n<meta property=\"og:type\" content=\"article\" \/>\n<meta property=\"og:title\" content=\"El mejor complemento de galer\u00eda de fotos para el sitio web PrestaShop (gratis y sin codificaci\u00f3n)\" \/>\n<meta property=\"og:description\" content=\"Agregue un complemento de Galer\u00eda de fotos responsivo en su sitio PrestaShop y consiga plena confianza. Utilice la demostraci\u00f3n f\u00e1cil de usar de Elfsight de forma gratuita.\" \/>\n<meta property=\"og:url\" content=\"https:\/\/elfsight.com\/es\/photo-gallery-widget\/prestashop\/\" \/>\n<meta property=\"og:site_name\" content=\"Elfsight ES\" \/>\n<meta property=\"article:modified_time\" content=\"2025-02-06T16:03:13+00:00\" \/>\n<meta name=\"twitter:card\" content=\"summary_large_image\" \/>\n<meta name=\"twitter:label1\" content=\"Tiempo de lectura\" \/>\n\t<meta name=\"twitter:data1\" content=\"3 minutos\" \/>\n<!-- \/ Yoast SEO plugin. -->","yoast_head_json":{"title":"El mejor complemento de galer\u00eda de fotos para el sitio web PrestaShop (gratis y sin codificaci\u00f3n)","description":"Agregue un complemento de Galer\u00eda de fotos responsivo en su sitio PrestaShop y consiga plena confianza. Utilice la demostraci\u00f3n f\u00e1cil de usar de Elfsight de forma gratuita.","robots":{"index":"index","follow":"follow","max-snippet":"max-snippet:-1","max-image-preview":"max-image-preview:large","max-video-preview":"max-video-preview:-1"},"canonical":"https:\/\/elfsight.com\/es\/photo-gallery-widget\/prestashop\/","og_locale":"es_ES","og_type":"article","og_title":"El mejor complemento de galer\u00eda de fotos para el sitio web PrestaShop (gratis y sin codificaci\u00f3n)","og_description":"Agregue un complemento de Galer\u00eda de fotos responsivo en su sitio PrestaShop y consiga plena confianza. Utilice la demostraci\u00f3n f\u00e1cil de usar de Elfsight de forma gratuita.","og_url":"https:\/\/elfsight.com\/es\/photo-gallery-widget\/prestashop\/","og_site_name":"Elfsight ES","article_modified_time":"2025-02-06T16:03:13+00:00","twitter_card":"summary_large_image","twitter_misc":{"Tiempo de lectura":"3 minutos"},"schema":{"@context":"https:\/\/schema.org","@graph":[{"@type":"WebPage","@id":"https:\/\/elfsight.com\/es\/photo-gallery-widget\/prestashop\/","url":"https:\/\/elfsight.com\/es\/photo-gallery-widget\/prestashop\/","name":"El mejor complemento de galer\u00eda de fotos para el sitio web PrestaShop (gratis y sin codificaci\u00f3n)","isPartOf":{"@id":"https:\/\/elfsight.com\/es\/#website"},"datePublished":"1970-01-01T00:00:00+00:00","dateModified":"2025-02-06T16:03:13+00:00","description":"Agregue un complemento de Galer\u00eda de fotos responsivo en su sitio PrestaShop y consiga plena confianza. Utilice la demostraci\u00f3n f\u00e1cil de usar de Elfsight de forma gratuita.","breadcrumb":{"@id":"https:\/\/elfsight.com\/es\/photo-gallery-widget\/prestashop\/#breadcrumb"},"inLanguage":"es","potentialAction":[{"@type":"ReadAction","target":["https:\/\/elfsight.com\/es\/photo-gallery-widget\/prestashop\/"]}]},{"@type":"BreadcrumbList","@id":"https:\/\/elfsight.com\/es\/photo-gallery-widget\/prestashop\/#breadcrumb","itemListElement":[{"@type":"ListItem","position":1,"name":"Home","item":"https:\/\/elfsight.com\/es\/"},{"@type":"ListItem","position":2,"name":"Photo Gallery","item":"https:\/\/elfsight.com\/es\/photo-gallery-widget\/"},{"@type":"ListItem","position":3,"name":"Photo Gallery &#8211; PrestaShop"}]},{"@type":"WebSite","@id":"https:\/\/elfsight.com\/es\/#website","url":"https:\/\/elfsight.com\/es\/","name":"Elfsight ES","description":"Just another Elfsight Sites site","potentialAction":[{"@type":"SearchAction","target":{"@type":"EntryPoint","urlTemplate":"https:\/\/elfsight.com\/es\/?s={search_term_string}"},"query-input":{"@type":"PropertyValueSpecification","valueRequired":true,"valueName":"search_term_string"}}],"inLanguage":"es"}]}},"meta_box":{"industry":"","seo_heading":"","heading":"","description":"","cta_heading":"","cta_description":"","application":"1670","h1":"Complemento de galer\u00eda de fotos de PrestaShop","h1_caption":"Muestre sus im\u00e1genes en una galer\u00eda interactiva y personalizable que mejora el atractivo visual de su sitio web en su sitio web Prestashop sin esfuerzo.","application_category":[],"applications_title":"","applications_request_title":"","applications_request_button_text":"","hero_text":"","hero_video":"","hero_video_schema_markup":"","selling_points_title":"","selling_points_caption":"","selling_points":[],"selling_points_cta_text":"","features_title":"","features":"","ed_cta_examples_text":"","ed_cta_examples_hidden":"","ed_cta_demo_text":"","ed_cta_demo_hidden":"","why_caption":"","why_editor_title":"","why_editor_text":"","why_team_title":"","why_team_text":"","why_service_title":"","why_service_text":"","template_catalog_visible":"","template_catalog_title":"","template_catalog_text":"","template_catalog_categories_visible":"","demo_title":"Crea tu complemento de galer\u00eda de fotos","demo_caption":"\u00a1Configura tu galer\u00eda de fotos y agr\u00e9gala a tu sitio web PrestaShop gratis!","default_faq_hidden":"","app_template_category":[],"platform":"2250","template_public_id":"","codecanyon_url":"","codecanyon_item_id":"","codecanyon_price":"","pricing_caption":"","pricing_elfsight_apps_hide_column":"","pricing_elfsight_apps_url":"","pricing_codecanyon_price_caption":"","integration_category":[],"integration_request_title":"","integration_request_cta":"","integration_platform":"","integrations":[],"platform_category":[],"video_schema_markup":"","price":"desde $0 \/ mes","trial":"","benefits":[{"text":"Asistencia de instalaci\u00f3n gratuita"},{"text":"Servicio al cliente competente"},{"text":"Garant\u00eda de reembolso de 14 d\u00edas"},{"text":"Mejoras continuas"}],"button_url":"#demo","button_target_blank":"","button_nofollow":"","attributes":[{"name":"Instalaciones","content":"10,000 - 100,000"},{"name":"Sensible","content":"S\u00ed"},{"name":"Navegadores compatibles","content":"Firefox, Safari, Opera, Chrome, Edge"}],"tags":[],"tags_disable_links":"","hide_more_platforms":"","video_object":"","demo_hide_cta":"","demo_hide_cloud_options":"","pricing_title":"","pricing":[{"pricing_icon":"platform","pricing_title":"Elfsight Apps","pricing_title_caption":"Soluci\u00f3n digital multiplataforma","pricing_price":"desde $0 \/ mes","pricing_price_caption":"comienza con un plan gratuito","pricing_benefits":[{"text":"Sitios web ilimitados"},{"text":"Soporte profesional"},{"text":"Servicio de instalaci\u00f3n gratuito"},{"text":"Totalmente personalizable"}],"pricing_button_text":"A\u00f1adir al sitio web","pricing_button_url":"#demo"}],"related_apps_title":"","related_apps_hidden":"","author":"","image":[],"title":"","job":"","social_networks":[]},"_links":{"self":[{"href":"https:\/\/elfsight.com\/es\/wp-json\/wp\/v2\/pages\/6619","targetHints":{"allow":["GET"]}}],"collection":[{"href":"https:\/\/elfsight.com\/es\/wp-json\/wp\/v2\/pages"}],"about":[{"href":"https:\/\/elfsight.com\/es\/wp-json\/wp\/v2\/types\/page"}],"author":[{"embeddable":true,"href":"https:\/\/elfsight.com\/es\/wp-json\/wp\/v2\/users\/9"}],"replies":[{"embeddable":true,"href":"https:\/\/elfsight.com\/es\/wp-json\/wp\/v2\/comments?post=6619"}],"version-history":[{"count":2,"href":"https:\/\/elfsight.com\/es\/wp-json\/wp\/v2\/pages\/6619\/revisions"}],"predecessor-version":[{"id":19095,"href":"https:\/\/elfsight.com\/es\/wp-json\/wp\/v2\/pages\/6619\/revisions\/19095"}],"up":[{"embeddable":true,"href":"https:\/\/elfsight.com\/es\/wp-json\/wp\/v2\/pages\/1671"}],"wp:attachment":[{"href":"https:\/\/elfsight.com\/es\/wp-json\/wp\/v2\/media?parent=6619"}],"curies":[{"name":"wp","href":"https:\/\/api.w.org\/{rel}","templated":true}]}}