{"id":6604,"date":"1970-01-01T00:00:00","date_gmt":"1970-01-01T00:00:00","guid":{"rendered":"https:\/\/elfsight.com\/es\/?page_id=6604"},"modified":"2025-02-06T16:03:13","modified_gmt":"2025-02-06T16:03:13","slug":"jimdo","status":"publish","type":"page","link":"https:\/\/elfsight.com\/es\/photo-gallery-widget\/jimdo\/","title":{"rendered":"Photo Gallery &#8211; Jimdo"},"content":{"rendered":"<div class=\"application-platform-content-item-description application-platform-content-item\" id=\"description\" data-nav-section=\"description\"> <h2>Descripci\u00f3n<\/h2> <p>La galer\u00eda fotogr\u00e1fica de Elfsight es la mejor manera de demostrar im\u00e1genes o dise\u00f1ar una galer\u00eda espl\u00e9ndida en su sitio web. Cargue cualquier cantidad de im\u00e1genes, escriba descripciones y elija la forma \u00f3ptima de colocarlas en la p\u00e1gina. El widget Elfsight tiene seis opciones de dise\u00f1o y diversas funciones de dise\u00f1o adicionales. Cada foto se puede ver en modo emergente, los usuarios pueden deslizarse por ellas o iniciar una presentaci\u00f3n de diapositivas, acercar y alejar y abrir las fotos en pantalla completa. Eres libre de seleccionar los colores que m\u00e1s combinen para los elementos del widget y cargar un fondo \u00fanico, aplicar configuraciones de texto y m\u00e1s oportunidades de estilo.<\/p><p><b>\u00a1Aumente la participaci\u00f3n de los visitantes con atractivas colecciones de fotograf\u00edas! <\/b><\/p><\/div> <div class=\"application-platform-content-item-features application-platform-content-item\" id=\"features\" data-nav-section=\"features\"> <h2>Las funciones de widget m\u00e1s populares se ofrecen<\/h2> <ul><li>Sube cualquier cantidad de im\u00e1genes<\/li><li>Reordena las im\u00e1genes seg\u00fan necesites o elige una opci\u00f3n aleatoria para mezclarlas<\/li><li>Muestra el t\u00edtulo y la descripci\u00f3n de la foto al pasar el cursor o de forma predeterminada: en la imagen o debajo de ella<\/li><li>Abre fotos en una ventana emergente o redirigir a cualquier URL<\/li><li>Mostrar u ocultar el t\u00edtulo y la descripci\u00f3n en la ventana emergente<\/li><li>Subir una imagen personalizada del fondo<\/li><li>Elija el color de fondo, p\u00edntelo usted mismo y establezca la superposici\u00f3n<\/li><li>Variar la forma de las im\u00e1genes de rect\u00e1ngulo a redondeado<\/li><li>Agregar efectos de imagen de forma predeterminada y al pasar el mouse<\/li><li>Elija el color de superposici\u00f3n de las fotos<\/li><\/ul><p><a href=\"#demo\">Examine toda la personalizaci\u00f3n funciones en una demostraci\u00f3n con todas las funciones<\/a><\/p> <\/div> <div class=\"application-platform-content-item-installation application-platform-content-item\" id=\"installation\" data-nav-section=\"installation\"> <h2>\u00bfC\u00f3mo agrego la galer\u00eda de fotos a mi sitio Jimdo? <\/h2> <p>Simplemente aplique las instrucciones a continuaci\u00f3n para integrar la herramienta. <\/p> <ol><li><b>Utiliza nuestro configurador gratuito y empieza a darle forma a tu widget personalizado. <\/b><br>Determine el dise\u00f1o seleccionado y los aspectos de la herramienta y guarde las correcciones. <\/li> <li><b>Obtenga el c\u00f3digo \u00fanico que aparece en el cuadro de Elfsight Apps. <\/b><br> Tan pronto como se complete la configuraci\u00f3n de su widget, copie el c\u00f3digo individual en la ventana emergente y gu\u00e1rdelo para usarlo en el futuro. <\/li> <li><b>Empieza a utilizar la herramienta en tu p\u00e1gina de inicio de Jimdo. <\/b><br> Ingrese el c\u00f3digo que guard\u00f3 recientemente en su p\u00e1gina de inicio y guarde los ajustes. <\/li> <li><b>La instalaci\u00f3n se ha realizado por completo. <\/b><br>Visite su sitio web para inspeccionar el funcionamiento del widget. <\/li><\/ol> <p>Si tienes alg\u00fan problema, no dudes en escribir a nuestro equipo de soporte. Nuestra gente estar\u00e1 encantada de ayudarte con todas las dificultades que puedas tener con la herramienta. <\/p> <div class=\"faq\" data-component=\"FAQ\"><div class=\"faq-item\">\r\n\t\t\t\t\t<div class=\"faq-item-question\">\r\n\t\t\t\t\t\t<h3 class=\"faq-item-question-text\">\u00bfExiste alg\u00fan m\u00e9todo para incrustar una galer\u00eda de fotos en mi p\u00e1gina web Jimdo sin experiencia en codificaci\u00f3n?<\/h3>\r\n\r\n\t\t\t\t\t\t<div class=\"faq-item-question-icon\"><\/div>\r\n\t\t\t\t\t<\/div>\r\n\r\n\t\t\t\t\t<div class=\"faq-item-answer\">\r\n\t\t\t\t\t\t<div class=\"faq-item-answer-text\"> <p>Elfsight proporciona una soluci\u00f3n en la nube que permite al usuario generar una secci\u00f3n de galer\u00eda de fotos usted mismo. Descubra lo sencillo que es: trabaje directamente en el editor en vivo para crear una secci\u00f3n de galer\u00eda de fotos que le gustar\u00eda que aparezca en su Jimdo. Elija una de las plantillas predise\u00f1adas y modifique la configuraci\u00f3n de la Galer\u00eda de fotos, modifique el dise\u00f1o y los colores, incluido su contenido, sin codificaci\u00f3n. Haz clic para guardar la galer\u00eda de fotos y copia el c\u00f3digo de instalaci\u00f3n del complemento, que se puede pegar f\u00e1cilmente en cualquier sitio Jimdo usando un plan gratuito. Utilizando el sencillo Configurador, cualquier usuario de Internet puede crear una aplicaci\u00f3n de Galer\u00eda de fotos e incrustarla en el sitio web de Jimdo. No es necesario pagar ni enviar las credenciales de su tarjeta para poder ingresar a nuestro servicio. Si tiene alg\u00fan problema en cualquier paso, no dude en ponerse en contacto con nuestro servicio t\u00e9cnico de atenci\u00f3n al cliente.<\/p> <\/div>\r\n\t\t\t\t\t<\/div>\r\n\t\t\t\t<\/div> <\/div><\/div>","protected":false},"excerpt":{"rendered":"","protected":false},"author":9,"featured_media":0,"parent":1671,"menu_order":0,"comment_status":"closed","ping_status":"closed","template":"templates\/template-application-platform.php","meta":{"publish_to_discourse":"","publish_post_category":"","wpdc_auto_publish_overridden":"","wpdc_topic_tags":"","wpdc_pin_topic":"","wpdc_pin_until":"","discourse_post_id":"","discourse_permalink":"","wpdc_publishing_response":"","wpdc_publishing_error":"","footnotes":""},"class_list":["post-6604","page","type-page","status-publish","hentry"],"yoast_head":"<!-- This site is optimized with the Yoast SEO plugin v25.3.1 - https:\/\/yoast.com\/wordpress\/plugins\/seo\/ -->\n<title>El mejor widget de galer\u00eda de fotos para el sitio web de Jimdo (gratis y sin codificaci\u00f3n)<\/title>\n<meta name=\"description\" content=\"A\u00f1ade un widget de galer\u00eda de fotos responsivo a tu sitio Jimdo y gana confianza. Utilice la demostraci\u00f3n f\u00e1cil de usar de Elfsight para crear su complemento exclusivo.\" \/>\n<meta name=\"robots\" content=\"index, follow, max-snippet:-1, max-image-preview:large, max-video-preview:-1\" \/>\n<link rel=\"canonical\" href=\"https:\/\/elfsight.com\/es\/photo-gallery-widget\/jimdo\/\" \/>\n<meta property=\"og:locale\" content=\"es_ES\" \/>\n<meta property=\"og:type\" content=\"article\" \/>\n<meta property=\"og:title\" content=\"El mejor widget de galer\u00eda de fotos para el sitio web de Jimdo (gratis y sin codificaci\u00f3n)\" \/>\n<meta property=\"og:description\" content=\"A\u00f1ade un widget de galer\u00eda de fotos responsivo a tu sitio Jimdo y gana confianza. Utilice la demostraci\u00f3n f\u00e1cil de usar de Elfsight para crear su complemento exclusivo.\" \/>\n<meta property=\"og:url\" content=\"https:\/\/elfsight.com\/es\/photo-gallery-widget\/jimdo\/\" \/>\n<meta property=\"og:site_name\" content=\"Elfsight ES\" \/>\n<meta property=\"article:modified_time\" content=\"2025-02-06T16:03:13+00:00\" \/>\n<meta name=\"twitter:card\" content=\"summary_large_image\" \/>\n<meta name=\"twitter:label1\" content=\"Tiempo de lectura\" \/>\n\t<meta name=\"twitter:data1\" content=\"3 minutos\" \/>\n<!-- \/ Yoast SEO plugin. -->","yoast_head_json":{"title":"El mejor widget de galer\u00eda de fotos para el sitio web de Jimdo (gratis y sin codificaci\u00f3n)","description":"A\u00f1ade un widget de galer\u00eda de fotos responsivo a tu sitio Jimdo y gana confianza. Utilice la demostraci\u00f3n f\u00e1cil de usar de Elfsight para crear su complemento exclusivo.","robots":{"index":"index","follow":"follow","max-snippet":"max-snippet:-1","max-image-preview":"max-image-preview:large","max-video-preview":"max-video-preview:-1"},"canonical":"https:\/\/elfsight.com\/es\/photo-gallery-widget\/jimdo\/","og_locale":"es_ES","og_type":"article","og_title":"El mejor widget de galer\u00eda de fotos para el sitio web de Jimdo (gratis y sin codificaci\u00f3n)","og_description":"A\u00f1ade un widget de galer\u00eda de fotos responsivo a tu sitio Jimdo y gana confianza. Utilice la demostraci\u00f3n f\u00e1cil de usar de Elfsight para crear su complemento exclusivo.","og_url":"https:\/\/elfsight.com\/es\/photo-gallery-widget\/jimdo\/","og_site_name":"Elfsight ES","article_modified_time":"2025-02-06T16:03:13+00:00","twitter_card":"summary_large_image","twitter_misc":{"Tiempo de lectura":"3 minutos"},"schema":{"@context":"https:\/\/schema.org","@graph":[{"@type":"WebPage","@id":"https:\/\/elfsight.com\/es\/photo-gallery-widget\/jimdo\/","url":"https:\/\/elfsight.com\/es\/photo-gallery-widget\/jimdo\/","name":"El mejor widget de galer\u00eda de fotos para el sitio web de Jimdo (gratis y sin codificaci\u00f3n)","isPartOf":{"@id":"https:\/\/elfsight.com\/es\/#website"},"datePublished":"1970-01-01T00:00:00+00:00","dateModified":"2025-02-06T16:03:13+00:00","description":"A\u00f1ade un widget de galer\u00eda de fotos responsivo a tu sitio Jimdo y gana confianza. Utilice la demostraci\u00f3n f\u00e1cil de usar de Elfsight para crear su complemento exclusivo.","breadcrumb":{"@id":"https:\/\/elfsight.com\/es\/photo-gallery-widget\/jimdo\/#breadcrumb"},"inLanguage":"es","potentialAction":[{"@type":"ReadAction","target":["https:\/\/elfsight.com\/es\/photo-gallery-widget\/jimdo\/"]}]},{"@type":"BreadcrumbList","@id":"https:\/\/elfsight.com\/es\/photo-gallery-widget\/jimdo\/#breadcrumb","itemListElement":[{"@type":"ListItem","position":1,"name":"Home","item":"https:\/\/elfsight.com\/es\/"},{"@type":"ListItem","position":2,"name":"Photo Gallery","item":"https:\/\/elfsight.com\/es\/photo-gallery-widget\/"},{"@type":"ListItem","position":3,"name":"Photo Gallery &#8211; Jimdo"}]},{"@type":"WebSite","@id":"https:\/\/elfsight.com\/es\/#website","url":"https:\/\/elfsight.com\/es\/","name":"Elfsight ES","description":"Just another Elfsight Sites site","potentialAction":[{"@type":"SearchAction","target":{"@type":"EntryPoint","urlTemplate":"https:\/\/elfsight.com\/es\/?s={search_term_string}"},"query-input":{"@type":"PropertyValueSpecification","valueRequired":true,"valueName":"search_term_string"}}],"inLanguage":"es"}]}},"meta_box":{"industry":"","seo_heading":"","heading":"","description":"","cta_heading":"","cta_description":"","application":"1670","h1":"Widget de galer\u00eda de fotos de Jimdo","h1_caption":"Muestra tus im\u00e1genes en una galer\u00eda interactiva y personalizable que mejora el atractivo visual de tu sitio web en tu sitio web Jimdo sin esfuerzo.","application_category":[],"applications_title":"","applications_request_title":"","applications_request_button_text":"","hero_text":"","hero_video":"","hero_video_schema_markup":"","selling_points_title":"","selling_points_caption":"","selling_points":[],"selling_points_cta_text":"","features_title":"","features":"","ed_cta_examples_text":"","ed_cta_examples_hidden":"","ed_cta_demo_text":"","ed_cta_demo_hidden":"","why_caption":"","why_editor_title":"","why_editor_text":"","why_team_title":"","why_team_text":"","why_service_title":"","why_service_text":"","template_catalog_visible":"","template_catalog_title":"","template_catalog_text":"","template_catalog_categories_visible":"","demo_title":"Crea tu widget de galer\u00eda de fotos","demo_caption":"\u00a1Configura tu galer\u00eda de fotos y a\u00f1\u00e1dela a tu sitio web Jimdo gratis!","default_faq_hidden":"","app_template_category":[],"platform":"2198","template_public_id":"","codecanyon_url":"","codecanyon_item_id":"","codecanyon_price":"","pricing_caption":"","pricing_elfsight_apps_hide_column":"","pricing_elfsight_apps_url":"","pricing_codecanyon_price_caption":"","integration_category":[],"integration_request_title":"","integration_request_cta":"","integration_platform":"","integrations":[],"platform_category":[],"video_schema_markup":"","price":"desde $0 \/ mes","trial":"","benefits":[{"text":"Ayuda de instalaci\u00f3n gratuita"},{"text":"Servicio al cliente excepcional"},{"text":"Garant\u00eda de devoluci\u00f3n de dinero de 14 d\u00edas"},{"text":"Actualizaciones futuras"}],"button_url":"#demo","button_target_blank":"","button_nofollow":"","attributes":[{"name":"Instalaciones","content":"10,000 - 100,000"},{"name":"Sensible","content":"S\u00ed"},{"name":"Navegadores compatibles","content":"Firefox, Safari, Opera, Chrome, Edge"}],"tags":[],"tags_disable_links":"","hide_more_platforms":"","video_object":"","demo_hide_cta":"","demo_hide_cloud_options":"","pricing_title":"","pricing":[{"pricing_icon":"platform","pricing_title":"Elfsight Apps","pricing_title_caption":"Soluci\u00f3n digital multiplataforma que se adapta a cualquier sitio","pricing_price":"desde $0 \/ mes","pricing_price_caption":"comienza con un plan gratuito","pricing_benefits":[{"text":"N\u00famero ilimitado de sitios web"},{"text":"Soporte dedicado y puntual"},{"text":"Ayuda de instalaci\u00f3n gratuita"},{"text":"Dise\u00f1o flexible"}],"pricing_button_text":"A\u00f1adir al sitio web","pricing_button_url":"#demo"}],"related_apps_title":"","related_apps_hidden":"","author":"","image":[],"title":"","job":"","social_networks":[]},"_links":{"self":[{"href":"https:\/\/elfsight.com\/es\/wp-json\/wp\/v2\/pages\/6604","targetHints":{"allow":["GET"]}}],"collection":[{"href":"https:\/\/elfsight.com\/es\/wp-json\/wp\/v2\/pages"}],"about":[{"href":"https:\/\/elfsight.com\/es\/wp-json\/wp\/v2\/types\/page"}],"author":[{"embeddable":true,"href":"https:\/\/elfsight.com\/es\/wp-json\/wp\/v2\/users\/9"}],"replies":[{"embeddable":true,"href":"https:\/\/elfsight.com\/es\/wp-json\/wp\/v2\/comments?post=6604"}],"version-history":[{"count":2,"href":"https:\/\/elfsight.com\/es\/wp-json\/wp\/v2\/pages\/6604\/revisions"}],"predecessor-version":[{"id":19096,"href":"https:\/\/elfsight.com\/es\/wp-json\/wp\/v2\/pages\/6604\/revisions\/19096"}],"up":[{"embeddable":true,"href":"https:\/\/elfsight.com\/es\/wp-json\/wp\/v2\/pages\/1671"}],"wp:attachment":[{"href":"https:\/\/elfsight.com\/es\/wp-json\/wp\/v2\/media?parent=6604"}],"curies":[{"name":"wp","href":"https:\/\/api.w.org\/{rel}","templated":true}]}}