{"id":6564,"date":"1970-01-01T00:00:00","date_gmt":"1970-01-01T00:00:00","guid":{"rendered":"https:\/\/elfsight.com\/es\/?page_id=6564"},"modified":"2025-02-06T16:03:13","modified_gmt":"2025-02-06T16:03:13","slug":"opencart","status":"publish","type":"page","link":"https:\/\/elfsight.com\/es\/logo-showcase-widget\/opencart\/","title":{"rendered":"Logo Showcase &#8211; OpenCart"},"content":{"rendered":"<div class=\"application-platform-content-item-description application-platform-content-item\" id=\"description\" data-nav-section=\"description\"><h2>Descripci\u00f3n<\/h2> <p>Elfsight Logo Showcase es la herramienta perfecta para mostrar todos los logotipos de los clientes y promotores o sus menciones en la prensa del sitio. Con la ayuda del widget, demostrar\u00e1 que su empresa es un aliado comercial confiable y mantendr\u00e1 una buena imagen de su empresa. El widget le permite recopilar infinitos logotipos, integrarlos en un control deslizante o cuadr\u00edcula y modificar el tama\u00f1o de las im\u00e1genes. Puede ingresar un t\u00edtulo y enlaces al sitio web de la empresa. Variando las opciones de colores y fuentes, podr\u00e1s configurar una apariencia personalizada. <\/p><p><b>Eleve la confianza de su empresa.<\/b><\/p><\/div><div class=\"application-platform-content-item-features application-platform-content-item\" id=\"features\" data-nav-section=\"features\"><h2>Caracter\u00edsticas<\/h2> <p>Consulte una lista de todas las funciones de Logo Showcase. Puedes ajustarlos directamente en el editor y te ayudar\u00e1n a crear el widget que se ajuste a tus necesidades. <\/p><ul><li>Puedes vincular cada logotipo a cualquier p\u00e1gina web; <\/li><li>Encabezado de widget flexible con t\u00edtulo y texto con formato compatible; <\/li><li>El bot\u00f3n CTA se puede vincular a cualquier p\u00e1gina; <\/li><li>3 dise\u00f1os diferentes: control deslizante, cuadr\u00edcula y carrusel; <\/li><li>Una opci\u00f3n para variar el tama\u00f1o del logotipo y el par\u00e1metro de ancho del widget; <\/li><li> Elija cualquier color de fondo o utilice una imagen personalizada. <\/li><\/ul><p><a href=\"#demo\">Puedes probar todas las funciones del widget directamente en la demostraci\u00f3n<\/a><\/p><\/div><div class=\"application-platform-content-item-installation application-platform-content-item\" id=\"installation\" data-nav-section=\"installation\"><h2>\u00bfC\u00f3mo incrustar Logo Showcase en mi sitio OpenCart? <\/h2><p>Simplemente siga un par de pasos que se presentan a continuaci\u00f3n para integrar la herramienta en OpenCart.<\/p> <ol><li><b>Abra nuestro configurador gratuito y comience a crear su widget personalizado. <\/b><br> Especifique la forma y las caracter\u00edsticas adecuadas del widget y aplique las correcciones. <\/li> <li><b>Reciba el c\u00f3digo individual que se muestra en el formulario especial en Elfsight Apps. <\/b><br> Tan pronto como se complete la generaci\u00f3n de su extensi\u00f3n Logo Showcase personal, copie el c\u00f3digo exclusivo en el cuadro que aparece y gu\u00e1rdelo para futuras necesidades. <\/li> <li><b>Inicie el uso de la extensi\u00f3n en su sitio web OpenCart. <\/b><br> Introduce el c\u00f3digo que has copiado recientemente en tu sitio web y aplica las modificaciones. <\/li> <li><b>La instalaci\u00f3n se realiz\u00f3 exitosamente. <\/b><br>Visite su sitio web para ver c\u00f3mo funciona la extensi\u00f3n. <\/li><\/ol> <p>Puedes ponerte en contacto con el servicio de atenci\u00f3n al cliente si necesitas ayuda o tienes alguna pregunta. Nuestros especialistas estar\u00e1n encantados de ayudarle con cada consulta. <\/p><div class=\"faq\" data-component=\"FAQ\"><div class=\"faq-item\">\r\n\t\t\t\t\t<div class=\"faq-item-question\">\r\n\t\t\t\t\t\t<h3 class=\"faq-item-question-text\">\u00bfExiste una opci\u00f3n para insertar Logo Showcase en mi sitio web OpenCart sin experiencia en codificaci\u00f3n?<\/h3>\r\n\r\n\t\t\t\t\t\t<div class=\"faq-item-question-icon\"><\/div>\r\n\t\t\t\t\t<\/div>\r\n\r\n\t\t\t\t\t<div class=\"faq-item-answer\">\r\n\t\t\t\t\t\t<div class=\"faq-item-answer-text\"> <p>Elfsight presenta una soluci\u00f3n en la nube que permite a los usuarios crear una aplicaci\u00f3n Logo Showcase por s\u00ed mismos. Compruebe lo simple que es: vaya a la demostraci\u00f3n en l\u00ednea para generar una secci\u00f3n de Logo Showcase que le gustar\u00eda integrar en la p\u00e1gina de inicio de OpenCart. Elija una de las plantillas predise\u00f1adas y adapte la configuraci\u00f3n de Logo Showcase, cambie el dise\u00f1o y la combinaci\u00f3n de colores, agregue su contenido, sin codificaci\u00f3n. Haga clic para guardar Logo Showcase y copie el c\u00f3digo de instalaci\u00f3n del complemento, que se puede agregar f\u00e1cilmente a cualquier p\u00e1gina web de OpenCart utilizando un plan gratuito. Al trabajar en nuestro editor intuitivo, cualquier usuario de Internet puede crear un widget Logo Showcase y simplemente incrustarlo en su p\u00e1gina web OpenCart. No es necesario pagar ni enviar las credenciales de su tarjeta para ingresar al servicio de Elfsight. Si encuentra alg\u00fan problema en cualquier paso, no dude en ponerse en contacto con nuestro servicio de atenci\u00f3n al cliente.<\/p> <\/div>\r\n\t\t\t\t\t<\/div>\r\n\t\t\t\t<\/div> <\/div><\/div>","protected":false},"excerpt":{"rendered":"","protected":false},"author":9,"featured_media":0,"parent":1690,"menu_order":0,"comment_status":"closed","ping_status":"closed","template":"templates\/template-application-platform.php","meta":{"publish_to_discourse":"","publish_post_category":"","wpdc_auto_publish_overridden":"","wpdc_topic_tags":"","wpdc_pin_topic":"","wpdc_pin_until":"","discourse_post_id":"","discourse_permalink":"","wpdc_publishing_response":"","wpdc_publishing_error":"","footnotes":""},"class_list":["post-6564","page","type-page","status-publish","hentry"],"yoast_head":"<!-- This site is optimized with the Yoast SEO plugin v25.3.1 - https:\/\/yoast.com\/wordpress\/plugins\/seo\/ -->\n<title>Logo Showcase: agregue la extensi\u00f3n Logo Carousel al sitio web de OpenCart (2025)<\/title>\n<meta name=\"description\" content=\"Es perfectamente sencillo crear su extensi\u00f3n Logo Showcase y agregarla a su sitio web OpenCart. El servicio de atenci\u00f3n al cliente de Elfsight es gratuito y r\u00e1pido.\" \/>\n<meta name=\"robots\" content=\"index, follow, max-snippet:-1, max-image-preview:large, max-video-preview:-1\" \/>\n<link rel=\"canonical\" href=\"https:\/\/elfsight.com\/es\/logo-showcase-widget\/opencart\/\" \/>\n<meta property=\"og:locale\" content=\"es_ES\" \/>\n<meta property=\"og:type\" content=\"article\" \/>\n<meta property=\"og:title\" content=\"Logo Showcase: agregue la extensi\u00f3n Logo Carousel al sitio web de OpenCart (2025)\" \/>\n<meta property=\"og:description\" content=\"Es perfectamente sencillo crear su extensi\u00f3n Logo Showcase y agregarla a su sitio web OpenCart. El servicio de atenci\u00f3n al cliente de Elfsight es gratuito y r\u00e1pido.\" \/>\n<meta property=\"og:url\" content=\"https:\/\/elfsight.com\/es\/logo-showcase-widget\/opencart\/\" \/>\n<meta property=\"og:site_name\" content=\"Elfsight ES\" \/>\n<meta property=\"article:modified_time\" content=\"2025-02-06T16:03:13+00:00\" \/>\n<meta name=\"twitter:card\" content=\"summary_large_image\" \/>\n<meta name=\"twitter:label1\" content=\"Tiempo de lectura\" \/>\n\t<meta name=\"twitter:data1\" content=\"3 minutos\" \/>\n<!-- \/ Yoast SEO plugin. -->","yoast_head_json":{"title":"Logo Showcase: agregue la extensi\u00f3n Logo Carousel al sitio web de OpenCart (2025)","description":"Es perfectamente sencillo crear su extensi\u00f3n Logo Showcase y agregarla a su sitio web OpenCart. El servicio de atenci\u00f3n al cliente de Elfsight es gratuito y r\u00e1pido.","robots":{"index":"index","follow":"follow","max-snippet":"max-snippet:-1","max-image-preview":"max-image-preview:large","max-video-preview":"max-video-preview:-1"},"canonical":"https:\/\/elfsight.com\/es\/logo-showcase-widget\/opencart\/","og_locale":"es_ES","og_type":"article","og_title":"Logo Showcase: agregue la extensi\u00f3n Logo Carousel al sitio web de OpenCart (2025)","og_description":"Es perfectamente sencillo crear su extensi\u00f3n Logo Showcase y agregarla a su sitio web OpenCart. El servicio de atenci\u00f3n al cliente de Elfsight es gratuito y r\u00e1pido.","og_url":"https:\/\/elfsight.com\/es\/logo-showcase-widget\/opencart\/","og_site_name":"Elfsight ES","article_modified_time":"2025-02-06T16:03:13+00:00","twitter_card":"summary_large_image","twitter_misc":{"Tiempo de lectura":"3 minutos"},"schema":{"@context":"https:\/\/schema.org","@graph":[{"@type":"WebPage","@id":"https:\/\/elfsight.com\/es\/logo-showcase-widget\/opencart\/","url":"https:\/\/elfsight.com\/es\/logo-showcase-widget\/opencart\/","name":"Logo Showcase: agregue la extensi\u00f3n Logo Carousel al sitio web de OpenCart (2025)","isPartOf":{"@id":"https:\/\/elfsight.com\/es\/#website"},"datePublished":"1970-01-01T00:00:00+00:00","dateModified":"2025-02-06T16:03:13+00:00","description":"Es perfectamente sencillo crear su extensi\u00f3n Logo Showcase y agregarla a su sitio web OpenCart. El servicio de atenci\u00f3n al cliente de Elfsight es gratuito y r\u00e1pido.","breadcrumb":{"@id":"https:\/\/elfsight.com\/es\/logo-showcase-widget\/opencart\/#breadcrumb"},"inLanguage":"es","potentialAction":[{"@type":"ReadAction","target":["https:\/\/elfsight.com\/es\/logo-showcase-widget\/opencart\/"]}]},{"@type":"BreadcrumbList","@id":"https:\/\/elfsight.com\/es\/logo-showcase-widget\/opencart\/#breadcrumb","itemListElement":[{"@type":"ListItem","position":1,"name":"Home","item":"https:\/\/elfsight.com\/es\/"},{"@type":"ListItem","position":2,"name":"Logo Showcase","item":"https:\/\/elfsight.com\/es\/logo-showcase-widget\/"},{"@type":"ListItem","position":3,"name":"Logo Showcase &#8211; OpenCart"}]},{"@type":"WebSite","@id":"https:\/\/elfsight.com\/es\/#website","url":"https:\/\/elfsight.com\/es\/","name":"Elfsight ES","description":"Just another Elfsight Sites site","potentialAction":[{"@type":"SearchAction","target":{"@type":"EntryPoint","urlTemplate":"https:\/\/elfsight.com\/es\/?s={search_term_string}"},"query-input":{"@type":"PropertyValueSpecification","valueRequired":true,"valueName":"search_term_string"}}],"inLanguage":"es"}]}},"meta_box":{"industry":"","seo_heading":"","heading":"","description":"","cta_heading":"","cta_description":"","application":"1689","h1":"Exhibici\u00f3n del logotipo de OpenCart","h1_caption":"Muestre las marcas de los usuarios y acompa\u00f1antes en su sitio web para una mayor credibilidad","application_category":[],"applications_title":"","applications_request_title":"","applications_request_button_text":"","hero_text":"","hero_video":"","hero_video_schema_markup":"","selling_points_title":"","selling_points_caption":"","selling_points":[],"selling_points_cta_text":"","features_title":"","features":"","ed_cta_examples_text":"","ed_cta_examples_hidden":"","ed_cta_demo_text":"","ed_cta_demo_hidden":"","why_caption":"","why_editor_title":"","why_editor_text":"","why_team_title":"","why_team_text":"","why_service_title":"","why_service_text":"","template_catalog_visible":"","template_catalog_title":"","template_catalog_text":"","template_catalog_categories_visible":"","demo_title":"Crea tu extensi\u00f3n Logo Showcase","demo_caption":"\u00a1Configure su Logo Showcase y agr\u00e9guelo a su sitio web OpenCart de forma gratuita!","default_faq_hidden":"","app_template_category":[],"platform":"88","template_public_id":"","codecanyon_url":"","codecanyon_item_id":"","codecanyon_price":"","pricing_caption":"","pricing_elfsight_apps_hide_column":"","pricing_elfsight_apps_url":"","pricing_codecanyon_price_caption":"","integration_category":[],"integration_request_title":"","integration_request_cta":"","integration_platform":"","integrations":[],"platform_category":[],"video_schema_markup":"","price":"desde $0 \/ mes","trial":"","benefits":[{"text":"Servicio de instalaci\u00f3n gratuito"},{"text":"Servicio al cliente profesional"},{"text":"Garant\u00eda de reembolso de 14 d\u00edas"},{"text":"Mejoras peri\u00f3dicas gratuitas"}],"button_url":"#demo","button_target_blank":"","button_nofollow":"","attributes":[{"name":"Instalaciones","content":"10,000 - 100,000"},{"name":"Sensible","content":"S\u00ed"},{"name":"Navegadores compatibles","content":"Chrome, Firefox, Safari, Opera, Edge"}],"tags":[],"tags_disable_links":"","hide_more_platforms":"","video_object":"","demo_hide_cta":"","demo_hide_cloud_options":"","pricing_title":"","pricing":[{"pricing_icon":"platform","pricing_title":"Elfsight Apps","pricing_title_caption":"Software multiplataforma que se adapta a cualquier sitio web","pricing_price":"desde $0 \/ mes","pricing_price_caption":"comienza con el plan gratuito","pricing_benefits":[{"text":"Sitios web ilimitados"},{"text":"Soporte premium y puntual"},{"text":"Ayuda de instalaci\u00f3n gratuita"},{"text":"100% personalizable"}],"pricing_button_text":"A\u00f1adir al sitio web","pricing_button_url":"#demo"}],"related_apps_title":"","related_apps_hidden":"","author":"","image":[],"title":"","job":"","social_networks":[]},"_links":{"self":[{"href":"https:\/\/elfsight.com\/es\/wp-json\/wp\/v2\/pages\/6564","targetHints":{"allow":["GET"]}}],"collection":[{"href":"https:\/\/elfsight.com\/es\/wp-json\/wp\/v2\/pages"}],"about":[{"href":"https:\/\/elfsight.com\/es\/wp-json\/wp\/v2\/types\/page"}],"author":[{"embeddable":true,"href":"https:\/\/elfsight.com\/es\/wp-json\/wp\/v2\/users\/9"}],"replies":[{"embeddable":true,"href":"https:\/\/elfsight.com\/es\/wp-json\/wp\/v2\/comments?post=6564"}],"version-history":[{"count":2,"href":"https:\/\/elfsight.com\/es\/wp-json\/wp\/v2\/pages\/6564\/revisions"}],"predecessor-version":[{"id":19098,"href":"https:\/\/elfsight.com\/es\/wp-json\/wp\/v2\/pages\/6564\/revisions\/19098"}],"up":[{"embeddable":true,"href":"https:\/\/elfsight.com\/es\/wp-json\/wp\/v2\/pages\/1690"}],"wp:attachment":[{"href":"https:\/\/elfsight.com\/es\/wp-json\/wp\/v2\/media?parent=6564"}],"curies":[{"name":"wp","href":"https:\/\/api.w.org\/{rel}","templated":true}]}}