{"id":6555,"date":"1970-01-01T00:00:00","date_gmt":"1970-01-01T00:00:00","guid":{"rendered":"https:\/\/elfsight.com\/es\/?page_id=6555"},"modified":"2025-02-06T16:03:21","modified_gmt":"2025-02-06T16:03:21","slug":"joomla","status":"publish","type":"page","link":"https:\/\/elfsight.com\/es\/logo-showcase-widget\/joomla\/","title":{"rendered":"Logo Showcase &#8211; Joomla"},"content":{"rendered":"<div class=\"application-platform-content-item-description application-platform-content-item\" id=\"description\" data-nav-section=\"description\"><h2>Descripci\u00f3n<\/h2> <p>Elfsight Logo Showcase ser\u00e1 la herramienta m\u00e1s sencilla para revelar los logotipos de m\u00faltiples clientes o patrocinadores o sus menciones en la prensa en su sitio web. Con la ayuda de este widget, convencer\u00e1 a los visitantes de que es un compa\u00f1ero de confianza y respaldar\u00e1 una buena percepci\u00f3n de su negocio. El widget de Elfsight le permite cargar infinitos logotipos, organizarlos en un control deslizante o cuadr\u00edcula y cambiar el tama\u00f1o de los logotipos. Puede mostrar subt\u00edtulos y un enlace al sitio web de las empresas. Utilizando funciones de colores y fuentes, podr\u00e1 configurar una apariencia \u00fanica. <\/p><p><b>Sube de nivel las ventas mostrando tu reputaci\u00f3n empresarial perfecta, con los logotipos de los clientes en tu sitio.<\/b><\/p><\/div><div class=\"application-platform-content-item-features application-platform-content-item\" id=\"features\" data-nav-section=\"features\"><h2>Caracter\u00edsticas<\/h2> <p>Aqu\u00ed puedes ver todos los rasgos funcionales de Logo Showcase. Est\u00e1n disponibles directamente en el editor y le ayudar\u00e1n a construir el widget adecuado para su caso de uso. <\/p><ul><li>Conecta los logos a cualquier p\u00e1gina web; <\/li><li>Encabezado del widget extra\u00edble que incluye t\u00edtulo y texto con formato disponible; <\/li><li>El bot\u00f3n de llamada a la acci\u00f3n puede conducir al hacer clic en cualquier p\u00e1gina web; <\/li><li>3 dise\u00f1os de widgets diferentes: control deslizante, cuadr\u00edcula y carrusel; <\/li><li>Una funci\u00f3n para variar el tama\u00f1o del logotipo y el par\u00e1metro de ancho del widget; <\/li><li>Una opci\u00f3n para elegir cualquier color de fondo o usar tu propia imagen. <\/li><\/ul><p><a href=\"#demo\">Puedes probar todas las caracter\u00edsticas funcionales del widget directamente en la demostraci\u00f3n<\/a><\/p><\/div><div class=\"application-platform-content-item-installation application-platform-content-item\" id=\"installation\" data-nav-section=\"installation\"><h2>\u00bfC\u00f3mo puedo integrar Logo Showcase con mi sitio web Joomla? <\/h2><p>Simplemente aplique las instrucciones a continuaci\u00f3n para integrar la herramienta en Joomla.<\/p> <ol><li><b>Utilice nuestro editor gratuito y comience a darle forma a su extensi\u00f3n Logo Showcase personalizada. <\/b><br> Encuentre la interfaz personalizada y los rasgos funcionales del complemento y guarde las modificaciones. <\/li> <li><b>Copia el c\u00f3digo personal que aparece en el formulario especial de Elfsight Apps. <\/b><br> Tan pronto como se complete la personalizaci\u00f3n de su herramienta, copie el c\u00f3digo exclusivo en la ventana que aparece y gu\u00e1rdelo para futuras ocasiones. <\/li> <li><b>Comience a utilizar la herramienta en su sitio Joomla. <\/b><br> A\u00f1ade el c\u00f3digo copiado anteriormente en tu sitio y aplica las mejoras. <\/li> <li><b>La instalaci\u00f3n finaliz\u00f3 exitosamente. <\/b><br>Visite su sitio para revisar el trabajo de la herramienta. <\/li><\/ol><p>T\u00f3mate un minuto para comunicarte con el servicio de atenci\u00f3n al cliente cuando necesites asesoramiento o tengas preguntas. Le ayudaremos con cada consulta. <\/p><div class=\"faq\" data-component=\"FAQ\"><div class=\"faq-item\">\r\n\t\t\t\t\t<div class=\"faq-item-question\">\r\n\t\t\t\t\t\t<h3 class=\"faq-item-question-text\">\u00bfDe qu\u00e9 manera es posible incrustar un Logo Showcase en mi Joomla sin experiencia en codificaci\u00f3n?<\/h3>\r\n\r\n\t\t\t\t\t\t<div class=\"faq-item-question-icon\"><\/div>\r\n\t\t\t\t\t<\/div>\r\n\r\n\t\t\t\t\t<div class=\"faq-item-answer\">\r\n\t\t\t\t\t\t<div class=\"faq-item-answer-text\"> <p>Elfsight ofrece una soluci\u00f3n que permite a los usuarios crear una secci\u00f3n Logo Showcase por s\u00ed mismos. Descubra lo sencillo que es: Vaya a la demostraci\u00f3n en vivo para establecer una secci\u00f3n Logo Showcase que le gustar\u00eda incluir en la p\u00e1gina de inicio de Joomla. Elija una de nuestras plantillas predise\u00f1adas y modifique la configuraci\u00f3n de Logo Showcase, actualice su contenido, modifique el dise\u00f1o y los colores sin codificaci\u00f3n. Haga clic para guardar Logo Showcase y copie el c\u00f3digo de instalaci\u00f3n del complemento, que puede incluirse f\u00e1cilmente en el sitio web de Joomla de forma gratuita. Con la ayuda de nuestro Configurador intuitivo, cada usuario web puede crear una secci\u00f3n Logo Showcase en l\u00ednea y agregarla sin esfuerzo al sitio web Joomla. No debe obtener una suscripci\u00f3n paga ni revelar las credenciales de su tarjeta para ingresar al servicio. Si tiene alg\u00fan problema en cualquier paso, no dude en ponerse en contacto con nuestro personal de soporte t\u00e9cnico.<\/p> <\/div>\r\n\t\t\t\t\t<\/div>\r\n\t\t\t\t<\/div> <\/div><\/div>","protected":false},"excerpt":{"rendered":"","protected":false},"author":9,"featured_media":0,"parent":1690,"menu_order":0,"comment_status":"closed","ping_status":"closed","template":"templates\/template-application-platform.php","meta":{"publish_to_discourse":"","publish_post_category":"","wpdc_auto_publish_overridden":"","wpdc_topic_tags":"","wpdc_pin_topic":"","wpdc_pin_until":"","discourse_post_id":"","discourse_permalink":"","wpdc_publishing_response":"","wpdc_publishing_error":"","footnotes":""},"class_list":["post-6555","page","type-page","status-publish","hentry"],"yoast_head":"<!-- This site is optimized with the Yoast SEO plugin v25.3.1 - https:\/\/yoast.com\/wordpress\/plugins\/seo\/ -->\n<title>Logo Showcase: agregue la extensi\u00f3n Logo Carousel al sitio web de Joomla (2025)<\/title>\n<meta name=\"description\" content=\"Es perfectamente sencillo crear su extensi\u00f3n Logo Showcase y agregarla a su sitio web Joomla. El servicio de atenci\u00f3n al cliente de Elfsight es gratuito y r\u00e1pido.\" \/>\n<meta name=\"robots\" content=\"index, follow, max-snippet:-1, max-image-preview:large, max-video-preview:-1\" \/>\n<link rel=\"canonical\" href=\"https:\/\/elfsight.com\/es\/logo-showcase-widget\/joomla\/\" \/>\n<meta property=\"og:locale\" content=\"es_ES\" \/>\n<meta property=\"og:type\" content=\"article\" \/>\n<meta property=\"og:title\" content=\"Logo Showcase: agregue la extensi\u00f3n Logo Carousel al sitio web de Joomla (2025)\" \/>\n<meta property=\"og:description\" content=\"Es perfectamente sencillo crear su extensi\u00f3n Logo Showcase y agregarla a su sitio web Joomla. El servicio de atenci\u00f3n al cliente de Elfsight es gratuito y r\u00e1pido.\" \/>\n<meta property=\"og:url\" content=\"https:\/\/elfsight.com\/es\/logo-showcase-widget\/joomla\/\" \/>\n<meta property=\"og:site_name\" content=\"Elfsight ES\" \/>\n<meta property=\"article:modified_time\" content=\"2025-02-06T16:03:21+00:00\" \/>\n<meta name=\"twitter:card\" content=\"summary_large_image\" \/>\n<meta name=\"twitter:label1\" content=\"Tiempo de lectura\" \/>\n\t<meta name=\"twitter:data1\" content=\"3 minutos\" \/>\n<!-- \/ Yoast SEO plugin. -->","yoast_head_json":{"title":"Logo Showcase: agregue la extensi\u00f3n Logo Carousel al sitio web de Joomla (2025)","description":"Es perfectamente sencillo crear su extensi\u00f3n Logo Showcase y agregarla a su sitio web Joomla. El servicio de atenci\u00f3n al cliente de Elfsight es gratuito y r\u00e1pido.","robots":{"index":"index","follow":"follow","max-snippet":"max-snippet:-1","max-image-preview":"max-image-preview:large","max-video-preview":"max-video-preview:-1"},"canonical":"https:\/\/elfsight.com\/es\/logo-showcase-widget\/joomla\/","og_locale":"es_ES","og_type":"article","og_title":"Logo Showcase: agregue la extensi\u00f3n Logo Carousel al sitio web de Joomla (2025)","og_description":"Es perfectamente sencillo crear su extensi\u00f3n Logo Showcase y agregarla a su sitio web Joomla. El servicio de atenci\u00f3n al cliente de Elfsight es gratuito y r\u00e1pido.","og_url":"https:\/\/elfsight.com\/es\/logo-showcase-widget\/joomla\/","og_site_name":"Elfsight ES","article_modified_time":"2025-02-06T16:03:21+00:00","twitter_card":"summary_large_image","twitter_misc":{"Tiempo de lectura":"3 minutos"},"schema":{"@context":"https:\/\/schema.org","@graph":[{"@type":"WebPage","@id":"https:\/\/elfsight.com\/es\/logo-showcase-widget\/joomla\/","url":"https:\/\/elfsight.com\/es\/logo-showcase-widget\/joomla\/","name":"Logo Showcase: agregue la extensi\u00f3n Logo Carousel al sitio web de Joomla (2025)","isPartOf":{"@id":"https:\/\/elfsight.com\/es\/#website"},"datePublished":"1970-01-01T00:00:00+00:00","dateModified":"2025-02-06T16:03:21+00:00","description":"Es perfectamente sencillo crear su extensi\u00f3n Logo Showcase y agregarla a su sitio web Joomla. El servicio de atenci\u00f3n al cliente de Elfsight es gratuito y r\u00e1pido.","breadcrumb":{"@id":"https:\/\/elfsight.com\/es\/logo-showcase-widget\/joomla\/#breadcrumb"},"inLanguage":"es","potentialAction":[{"@type":"ReadAction","target":["https:\/\/elfsight.com\/es\/logo-showcase-widget\/joomla\/"]}]},{"@type":"BreadcrumbList","@id":"https:\/\/elfsight.com\/es\/logo-showcase-widget\/joomla\/#breadcrumb","itemListElement":[{"@type":"ListItem","position":1,"name":"Home","item":"https:\/\/elfsight.com\/es\/"},{"@type":"ListItem","position":2,"name":"Logo Showcase","item":"https:\/\/elfsight.com\/es\/logo-showcase-widget\/"},{"@type":"ListItem","position":3,"name":"Logo Showcase &#8211; Joomla"}]},{"@type":"WebSite","@id":"https:\/\/elfsight.com\/es\/#website","url":"https:\/\/elfsight.com\/es\/","name":"Elfsight ES","description":"Just another Elfsight Sites site","potentialAction":[{"@type":"SearchAction","target":{"@type":"EntryPoint","urlTemplate":"https:\/\/elfsight.com\/es\/?s={search_term_string}"},"query-input":{"@type":"PropertyValueSpecification","valueRequired":true,"valueName":"search_term_string"}}],"inLanguage":"es"}]}},"meta_box":{"industry":"","seo_heading":"","heading":"","description":"","cta_heading":"","cta_description":"","application":"1689","h1":"Muestra del logotipo de Joomla","h1_caption":"Muestre las marcas de los clientes y socios en el sitio para aumentar la credibilidad.","application_category":[],"applications_title":"","applications_request_title":"","applications_request_button_text":"","hero_text":"","hero_video":"","hero_video_schema_markup":"","selling_points_title":"","selling_points_caption":"","selling_points":[],"selling_points_cta_text":"","features_title":"","features":"","ed_cta_examples_text":"","ed_cta_examples_hidden":"","ed_cta_demo_text":"","ed_cta_demo_hidden":"","why_caption":"","why_editor_title":"","why_editor_text":"","why_team_title":"","why_team_text":"","why_service_title":"","why_service_text":"","template_catalog_visible":"","template_catalog_title":"","template_catalog_text":"","template_catalog_categories_visible":"","demo_title":"Crea tu complemento Logo Showcase","demo_caption":"\u00a1Configure su Logo Showcase y agr\u00e9guelo a su sitio web Joomla gratis!","default_faq_hidden":"","app_template_category":[],"platform":"73","template_public_id":"","codecanyon_url":"","codecanyon_item_id":"","codecanyon_price":"","pricing_caption":"","pricing_elfsight_apps_hide_column":"","pricing_elfsight_apps_url":"","pricing_codecanyon_price_caption":"","integration_category":[],"integration_request_title":"","integration_request_cta":"","integration_platform":"","integrations":[],"platform_category":[],"video_schema_markup":"","price":"desde $0 \/ mes","trial":"","benefits":[{"text":"Ayuda de instalaci\u00f3n gratuita"},{"text":"Soporte premium"},{"text":"Garant\u00eda de reembolso de 14 d\u00edas"},{"text":"Actualizaciones peri\u00f3dicas"}],"button_url":"#demo","button_target_blank":"","button_nofollow":"","attributes":[{"name":"Instalaciones","content":"10,000 - 100,000"},{"name":"Sensible","content":"S\u00ed"},{"name":"Navegadores compatibles","content":"IE11, Firefox, Safari, Opera, Chrome, Edge"}],"tags":[],"tags_disable_links":"","hide_more_platforms":"","video_object":"","demo_hide_cta":"","demo_hide_cloud_options":"","pricing_title":"","pricing":[{"pricing_icon":"platform","pricing_title":"Elfsight Apps","pricing_title_caption":"Versi\u00f3n independiente de la plataforma que se adapta a cualquier sitio","pricing_price":"desde $0 \/ mes","pricing_price_caption":"comienza con el plan gratuito","pricing_benefits":[{"text":"Sitios web ilimitados"},{"text":"Soporte 24 horas al d\u00eda, 7 d\u00edas a la semana y a tiempo"},{"text":"Servicio de instalaci\u00f3n gratuito"},{"text":"Precio a alcanzar para m\u00faltiples aplicaciones"}],"pricing_button_text":"A\u00f1adir al sitio web","pricing_button_url":"#demo"}],"related_apps_title":"","related_apps_hidden":"","author":"","image":[],"title":"","job":"","social_networks":[]},"_links":{"self":[{"href":"https:\/\/elfsight.com\/es\/wp-json\/wp\/v2\/pages\/6555","targetHints":{"allow":["GET"]}}],"collection":[{"href":"https:\/\/elfsight.com\/es\/wp-json\/wp\/v2\/pages"}],"about":[{"href":"https:\/\/elfsight.com\/es\/wp-json\/wp\/v2\/types\/page"}],"author":[{"embeddable":true,"href":"https:\/\/elfsight.com\/es\/wp-json\/wp\/v2\/users\/9"}],"replies":[{"embeddable":true,"href":"https:\/\/elfsight.com\/es\/wp-json\/wp\/v2\/comments?post=6555"}],"version-history":[{"count":2,"href":"https:\/\/elfsight.com\/es\/wp-json\/wp\/v2\/pages\/6555\/revisions"}],"predecessor-version":[{"id":19100,"href":"https:\/\/elfsight.com\/es\/wp-json\/wp\/v2\/pages\/6555\/revisions\/19100"}],"up":[{"embeddable":true,"href":"https:\/\/elfsight.com\/es\/wp-json\/wp\/v2\/pages\/1690"}],"wp:attachment":[{"href":"https:\/\/elfsight.com\/es\/wp-json\/wp\/v2\/media?parent=6555"}],"curies":[{"name":"wp","href":"https:\/\/api.w.org\/{rel}","templated":true}]}}