{"id":6554,"date":"1970-01-01T00:00:00","date_gmt":"1970-01-01T00:00:00","guid":{"rendered":"https:\/\/elfsight.com\/es\/?page_id=6554"},"modified":"2025-02-06T16:03:21","modified_gmt":"2025-02-06T16:03:21","slug":"jimdo","status":"publish","type":"page","link":"https:\/\/elfsight.com\/es\/logo-showcase-widget\/jimdo\/","title":{"rendered":"Logo Showcase &#8211; Jimdo"},"content":{"rendered":"<div class=\"application-platform-content-item-description application-platform-content-item\" id=\"description\" data-nav-section=\"description\"> <h2>Descripci\u00f3n<\/h2> <p>Elfsight Logo Showcase ser\u00e1 el m\u00e9todo m\u00e1s sencillo para demostrar los logotipos de cualquier cliente o promotor o sus menciones en la prensa en su sitio web. Con la ayuda de este widget, demostrar\u00e1 que es un socio de confianza y mantendr\u00e1 una buena percepci\u00f3n de su empresa. El widget Logo Showcase le permite agregar cualquier cantidad de emblemas, organizarlos en un carrusel o cuadr\u00edcula y cambiar el tama\u00f1o de las im\u00e1genes. Puede mostrar subt\u00edtulos y un enlace a los sitios web de las empresas. Con la ayuda de opciones de colores y fuentes, es f\u00e1cil configurar una apariencia personalizada. <\/p><p><b>\u00a1Pruebe utilizar Logo Showcase para alcanzar sus objetivos comerciales m\u00e1s r\u00e1pido! <\/b><\/p> <\/div> <div class=\"application-platform-content-item-features application-platform-content-item\" id=\"features\" data-nav-section=\"features\"> <h2>La oferta de funciones del widget central<\/h2> <ul><li>Mostrar m\u00faltiples logotipos<\/li><li>Construirlos en un control deslizante o cuadr\u00edcula<\/li><li>Cambiar la escala de los logotipos. <\/li><li>Puede agregar t\u00edtulos y un enlace a los sitios web de la empresa. <\/li><li>Al variar los colores y las fuentes, es f\u00e1cil lograr una apariencia personalizada. <\/li><\/ul><p><a href=\"#demo\">Prueba todas las opciones de personalizaci\u00f3n en una demostraci\u00f3n completa<\/a><\/p> <\/div> <div class=\"application-platform-content-item-installation application-platform-content-item\" id=\"installation\" data-nav-section=\"installation\"> <h2>\u00bfC\u00f3mo a\u00f1adir Logo Showcase a mi p\u00e1gina web de Jimdo? <\/h2> <p>Simplemente siga las pautas a continuaci\u00f3n para insertar el widget. <\/p> <ol><li><b>Administre nuestra demostraci\u00f3n gratuita y comience a crear su widget \u00fanico. <\/b><br> Especifique la forma seleccionada y los par\u00e1metros de la herramienta y guarde las ediciones. <\/li> <li><b>Copia el c\u00f3digo \u00fanico revelado en el formulario especial en Elfsight Apps. <\/b><br> Tan pronto como finalice la configuraci\u00f3n de su widget, copie el c\u00f3digo exclusivo del cuadro que aparece y gu\u00e1rdelo para su uso posterior. <\/li> <li><b>Empiece a utilizar el widget en la p\u00e1gina web de Jimdo. <\/b><br>Integre el c\u00f3digo que ha copiado recientemente en su p\u00e1gina y guarde las correcciones. <\/li> <li><b>\u00a1Listo! La incrustaci\u00f3n est\u00e1 totalmente realizada. <\/b><br>Vaya a su sitio web para ver c\u00f3mo funciona el widget. <\/li><\/ol> <p>En caso de que enfrentes algunos obst\u00e1culos, no dudes en ponerte en contacto con nuestro equipo de atenci\u00f3n al cliente. Nuestra gente est\u00e1 ansiosa por resolver todos los problemas que pueda tener con el producto. <\/p> <div class=\"faq\" data-component=\"FAQ\"><div class=\"faq-item\">\r\n\t\t\t\t\t<div class=\"faq-item-question\">\r\n\t\t\t\t\t\t<h3 class=\"faq-item-question-text\">\u00bfExiste alguna forma de incrustar un Logo Showcase en mi p\u00e1gina de inicio de Jimdo sin conocimientos de codificaci\u00f3n?<\/h3>\r\n\r\n\t\t\t\t\t\t<div class=\"faq-item-question-icon\"><\/div>\r\n\t\t\t\t\t<\/div>\r\n\r\n\t\t\t\t\t<div class=\"faq-item-answer\">\r\n\t\t\t\t\t\t<div class=\"faq-item-answer-text\"> <p>La empresa Elfsight proporciona una soluci\u00f3n en la nube que le permite establecer una aplicaci\u00f3n Logo Showcase usted mismo. Descubra las instrucciones sencillas: Comience a trabajar directamente en el editor en vivo para establecer una aplicaci\u00f3n Logo Showcase que le gustar\u00eda que aparezca en Jimdo. Seleccione una de las plantillas predise\u00f1adas y adapte la configuraci\u00f3n de Logo Showcase, cambie el dise\u00f1o y los esquemas de color para incluir su contenido, sin conocimientos de codificaci\u00f3n. Haz clic para guardar la configuraci\u00f3n que has realizado en Logo Showcase y obtener el c\u00f3digo de instalaci\u00f3n del complemento, que puedes insertar f\u00e1cilmente en cualquier sitio web de Jimdo dentro de un plan gratuito. Trabajando en nuestro Configurador f\u00e1cil de usar, cada usuario de Internet puede crear Logo Showcase en l\u00ednea y pegarlo f\u00e1cilmente en la p\u00e1gina web de Jimdo. No debe pagar ni enviar las credenciales de su tarjeta para acceder al servicio. Si tiene alg\u00fan problema en alg\u00fan paso, no dude en comunicarse con nuestro servicio de atenci\u00f3n al cliente.<\/p> <\/div>\r\n\t\t\t\t\t<\/div>\r\n\t\t\t\t<\/div> <\/div><\/div>","protected":false},"excerpt":{"rendered":"","protected":false},"author":9,"featured_media":0,"parent":1690,"menu_order":0,"comment_status":"closed","ping_status":"closed","template":"templates\/template-application-platform.php","meta":{"publish_to_discourse":"","publish_post_category":"","wpdc_auto_publish_overridden":"","wpdc_topic_tags":"","wpdc_pin_topic":"","wpdc_pin_until":"","discourse_post_id":"","discourse_permalink":"","wpdc_publishing_response":"","wpdc_publishing_error":"","footnotes":""},"class_list":["post-6554","page","type-page","status-publish","hentry"],"yoast_head":"<!-- This site is optimized with the Yoast SEO plugin v25.3.1 - https:\/\/yoast.com\/wordpress\/plugins\/seo\/ -->\n<title>Logo Showcase: agregue el widget Logo Carousel al sitio web de Jimdo (2025)<\/title>\n<meta name=\"description\" content=\"Es perfectamente sencillo crear tu widget Logo Showcase y a\u00f1adirlo a tu sitio web Jimdo. El servicio de atenci\u00f3n al cliente de Elfsight es gratuito y r\u00e1pido.\" \/>\n<meta name=\"robots\" content=\"index, follow, max-snippet:-1, max-image-preview:large, max-video-preview:-1\" \/>\n<link rel=\"canonical\" href=\"https:\/\/elfsight.com\/es\/logo-showcase-widget\/jimdo\/\" \/>\n<meta property=\"og:locale\" content=\"es_ES\" \/>\n<meta property=\"og:type\" content=\"article\" \/>\n<meta property=\"og:title\" content=\"Logo Showcase: agregue el widget Logo Carousel al sitio web de Jimdo (2025)\" \/>\n<meta property=\"og:description\" content=\"Es perfectamente sencillo crear tu widget Logo Showcase y a\u00f1adirlo a tu sitio web Jimdo. El servicio de atenci\u00f3n al cliente de Elfsight es gratuito y r\u00e1pido.\" \/>\n<meta property=\"og:url\" content=\"https:\/\/elfsight.com\/es\/logo-showcase-widget\/jimdo\/\" \/>\n<meta property=\"og:site_name\" content=\"Elfsight ES\" \/>\n<meta property=\"article:modified_time\" content=\"2025-02-06T16:03:21+00:00\" \/>\n<meta name=\"twitter:card\" content=\"summary_large_image\" \/>\n<meta name=\"twitter:label1\" content=\"Tiempo de lectura\" \/>\n\t<meta name=\"twitter:data1\" content=\"3 minutos\" \/>\n<!-- \/ Yoast SEO plugin. -->","yoast_head_json":{"title":"Logo Showcase: agregue el widget Logo Carousel al sitio web de Jimdo (2025)","description":"Es perfectamente sencillo crear tu widget Logo Showcase y a\u00f1adirlo a tu sitio web Jimdo. El servicio de atenci\u00f3n al cliente de Elfsight es gratuito y r\u00e1pido.","robots":{"index":"index","follow":"follow","max-snippet":"max-snippet:-1","max-image-preview":"max-image-preview:large","max-video-preview":"max-video-preview:-1"},"canonical":"https:\/\/elfsight.com\/es\/logo-showcase-widget\/jimdo\/","og_locale":"es_ES","og_type":"article","og_title":"Logo Showcase: agregue el widget Logo Carousel al sitio web de Jimdo (2025)","og_description":"Es perfectamente sencillo crear tu widget Logo Showcase y a\u00f1adirlo a tu sitio web Jimdo. El servicio de atenci\u00f3n al cliente de Elfsight es gratuito y r\u00e1pido.","og_url":"https:\/\/elfsight.com\/es\/logo-showcase-widget\/jimdo\/","og_site_name":"Elfsight ES","article_modified_time":"2025-02-06T16:03:21+00:00","twitter_card":"summary_large_image","twitter_misc":{"Tiempo de lectura":"3 minutos"},"schema":{"@context":"https:\/\/schema.org","@graph":[{"@type":"WebPage","@id":"https:\/\/elfsight.com\/es\/logo-showcase-widget\/jimdo\/","url":"https:\/\/elfsight.com\/es\/logo-showcase-widget\/jimdo\/","name":"Logo Showcase: agregue el widget Logo Carousel al sitio web de Jimdo (2025)","isPartOf":{"@id":"https:\/\/elfsight.com\/es\/#website"},"datePublished":"1970-01-01T00:00:00+00:00","dateModified":"2025-02-06T16:03:21+00:00","description":"Es perfectamente sencillo crear tu widget Logo Showcase y a\u00f1adirlo a tu sitio web Jimdo. El servicio de atenci\u00f3n al cliente de Elfsight es gratuito y r\u00e1pido.","breadcrumb":{"@id":"https:\/\/elfsight.com\/es\/logo-showcase-widget\/jimdo\/#breadcrumb"},"inLanguage":"es","potentialAction":[{"@type":"ReadAction","target":["https:\/\/elfsight.com\/es\/logo-showcase-widget\/jimdo\/"]}]},{"@type":"BreadcrumbList","@id":"https:\/\/elfsight.com\/es\/logo-showcase-widget\/jimdo\/#breadcrumb","itemListElement":[{"@type":"ListItem","position":1,"name":"Home","item":"https:\/\/elfsight.com\/es\/"},{"@type":"ListItem","position":2,"name":"Logo Showcase","item":"https:\/\/elfsight.com\/es\/logo-showcase-widget\/"},{"@type":"ListItem","position":3,"name":"Logo Showcase &#8211; Jimdo"}]},{"@type":"WebSite","@id":"https:\/\/elfsight.com\/es\/#website","url":"https:\/\/elfsight.com\/es\/","name":"Elfsight ES","description":"Just another Elfsight Sites site","potentialAction":[{"@type":"SearchAction","target":{"@type":"EntryPoint","urlTemplate":"https:\/\/elfsight.com\/es\/?s={search_term_string}"},"query-input":{"@type":"PropertyValueSpecification","valueRequired":true,"valueName":"search_term_string"}}],"inLanguage":"es"}]}},"meta_box":{"industry":"","seo_heading":"","heading":"","description":"","cta_heading":"","cta_description":"","application":"1689","h1":"Exhibici\u00f3n del logotipo de Jimdo","h1_caption":"Incruste los emblemas de clientes o socios en el sitio web para lograr un mayor nivel de confianza.","application_category":[],"applications_title":"","applications_request_title":"","applications_request_button_text":"","hero_text":"","hero_video":"","hero_video_schema_markup":"","selling_points_title":"","selling_points_caption":"","selling_points":[],"selling_points_cta_text":"","features_title":"","features":"","ed_cta_examples_text":"","ed_cta_examples_hidden":"","ed_cta_demo_text":"","ed_cta_demo_hidden":"","why_caption":"","why_editor_title":"","why_editor_text":"","why_team_title":"","why_team_text":"","why_service_title":"","why_service_text":"","template_catalog_visible":"","template_catalog_title":"","template_catalog_text":"","template_catalog_categories_visible":"","demo_title":"Crea tu widget de presentaci\u00f3n de logotipos","demo_caption":"\u00a1Configura tu Logo Showcase y a\u00f1\u00e1delo a tu sitio web Jimdo gratis!","default_faq_hidden":"","app_template_category":[],"platform":"2198","template_public_id":"","codecanyon_url":"","codecanyon_item_id":"","codecanyon_price":"","pricing_caption":"","pricing_elfsight_apps_hide_column":"","pricing_elfsight_apps_url":"","pricing_codecanyon_price_caption":"","integration_category":[],"integration_request_title":"","integration_request_cta":"","integration_platform":"","integrations":[],"platform_category":[],"video_schema_markup":"","price":"desde $0 \/ mes","trial":"","benefits":[{"text":"Servicio de instalaci\u00f3n gratuito"},{"text":"Servicio al cliente competente"},{"text":"Garant\u00eda de devoluci\u00f3n de dinero de 14 d\u00edas"},{"text":"Actualizaciones gratuitas de por vida"}],"button_url":"#demo","button_target_blank":"","button_nofollow":"","attributes":[{"name":"Instalaciones","content":"10,000 - 100,000"},{"name":"Sensible","content":"S\u00ed"},{"name":"Navegadores compatibles","content":"Firefox, Safari, Opera, Chrome, Edge"}],"tags":[],"tags_disable_links":"","hide_more_platforms":"","video_object":"","demo_hide_cta":"","demo_hide_cloud_options":"","pricing_title":"","pricing":[{"pricing_icon":"platform","pricing_title":"Elfsight Apps","pricing_title_caption":"Soluci\u00f3n digital multiplataforma que se adapta a cualquier sitio","pricing_price":"desde $0 \/ mes","pricing_price_caption":"comienza con un plan gratuito","pricing_benefits":[{"text":"N\u00famero ilimitado de dominios"},{"text":"Soporte r\u00e1pido"},{"text":"Asistencia de instalaci\u00f3n gratuita"},{"text":"Totalmente personalizable"}],"pricing_button_text":"A\u00f1adir al sitio web","pricing_button_url":"#demo"}],"related_apps_title":"","related_apps_hidden":"","author":"","image":[],"title":"","job":"","social_networks":[]},"_links":{"self":[{"href":"https:\/\/elfsight.com\/es\/wp-json\/wp\/v2\/pages\/6554","targetHints":{"allow":["GET"]}}],"collection":[{"href":"https:\/\/elfsight.com\/es\/wp-json\/wp\/v2\/pages"}],"about":[{"href":"https:\/\/elfsight.com\/es\/wp-json\/wp\/v2\/types\/page"}],"author":[{"embeddable":true,"href":"https:\/\/elfsight.com\/es\/wp-json\/wp\/v2\/users\/9"}],"replies":[{"embeddable":true,"href":"https:\/\/elfsight.com\/es\/wp-json\/wp\/v2\/comments?post=6554"}],"version-history":[{"count":2,"href":"https:\/\/elfsight.com\/es\/wp-json\/wp\/v2\/pages\/6554\/revisions"}],"predecessor-version":[{"id":19101,"href":"https:\/\/elfsight.com\/es\/wp-json\/wp\/v2\/pages\/6554\/revisions\/19101"}],"up":[{"embeddable":true,"href":"https:\/\/elfsight.com\/es\/wp-json\/wp\/v2\/pages\/1690"}],"wp:attachment":[{"href":"https:\/\/elfsight.com\/es\/wp-json\/wp\/v2\/media?parent=6554"}],"curies":[{"name":"wp","href":"https:\/\/api.w.org\/{rel}","templated":true}]}}