{"id":6540,"date":"1970-01-01T00:00:00","date_gmt":"1970-01-01T00:00:00","guid":{"rendered":"https:\/\/elfsight.com\/es\/?page_id=6540"},"modified":"2025-02-06T16:03:29","modified_gmt":"2025-02-06T16:03:29","slug":"drupal","status":"publish","type":"page","link":"https:\/\/elfsight.com\/es\/logo-showcase-widget\/drupal\/","title":{"rendered":"Logo Showcase &#8211; Drupal"},"content":{"rendered":"<div class=\"application-platform-content-item-description application-platform-content-item\" id=\"description\" data-nav-section=\"description\"><h2>Descripci\u00f3n<\/h2> <p>Elfsight Logo Showcase es la forma m\u00e1s pr\u00e1ctica de mostrar los logotipos de los clientes o patrocinadores m\u00e1s importantes o sus menciones en la prensa en el sitio web. Al utilizar nuestro widget, usted demuestra que su empresa es un aliado comercial confiable y mantiene una buena visi\u00f3n de su marca. El widget le permite mostrar toda la lista de logotipos, organizarlos en un carrusel o cuadr\u00edcula y variar el tama\u00f1o de las im\u00e1genes. Puede ingresar subt\u00edtulos y un enlace al sitio web de la empresa. Con la ayuda de la configuraci\u00f3n de colores y fuentes, es f\u00e1cil configurar una apariencia \u00fanica. <\/p><p><b>Levanta la confianza de tu empresa. <\/b><\/p><\/div> <div class=\"application-platform-content-item-features application-platform-content-item\" id=\"features\" data-nav-section=\"features\"><h2>Caracter\u00edsticas<\/h2> <p>Aqu\u00ed puedes ver todas las funciones de Logo Showcase. Est\u00e1n disponibles directamente en el editor y te ayudar\u00e1n a darle forma al widget adecuado a tus necesidades. <\/p><ul><li>Puedes vincular los logotipos a cualquier p\u00e1gina web; <\/li><li>Encabezado flexible con t\u00edtulo y texto con formato compatible; <\/li><li>El bot\u00f3n CTA se puede vincular a cualquier p\u00e1gina; <\/li><li>Tres dise\u00f1os distintos: control deslizante, cuadr\u00edcula y carrusel; <\/li><li>La opci\u00f3n de variar el tama\u00f1o del logotipo y el par\u00e1metro de ancho del widget; <\/li><li>La opci\u00f3n de seleccionar cualquier color de fondo o cargar un archivo personalizado. <\/li><\/ul><p><a href=\"#demo\">Vea c\u00f3mo funcionan todas las funciones en nuestra demostraci\u00f3n<\/a><\/p><\/div><div class=\"application-platform-content-item-installation application-platform-content-item\" id=\"installation\" data-nav-section=\"installation\"><h2>\u00bfC\u00f3mo agrego Logo Showcase a Drupal?<\/h2><p>Para integrar el widget, siga varios pasos r\u00e1pidos<\/p><ol><li><b>Administre nuestro editor gratuito y comience a crear su m\u00f3dulo exclusivo. <\/b><br> Especifique el aspecto deseable y los rasgos funcionales del m\u00f3dulo y guarde todas las correcciones. <\/li> <li><b>Copia el c\u00f3digo \u00fanico que se muestra en el cuadro de Elfsight Apps. <\/b><br> Una vez finalizada la personalizaci\u00f3n de su m\u00f3dulo personal, copie el c\u00f3digo exclusivo en la ventana que aparece y gu\u00e1rdelo para su uso posterior. <\/li> <li><b>Comience a utilizar el m\u00f3dulo en el sitio Drupal. <\/b><br>Incrusta el c\u00f3digo que guardaste anteriormente en tu sitio web y aplica las mejoras. <\/li> <li><b>La instalaci\u00f3n se realiz\u00f3 exitosamente. <\/b><br> Vaya a su sitio web para examinar el funcionamiento del m\u00f3dulo. <\/li><\/ol><p>Le invitamos a comunicarse con el servicio de atenci\u00f3n al cliente de Elfsight si necesita ayuda o tiene problemas. Nuestros especialistas le ayudar\u00e1n en cada solicitud. <\/p><div class=\"faq\" data-component=\"FAQ\"><div class=\"faq-item\">\r\n\t\t\t\t\t<div class=\"faq-item-question\">\r\n\t\t\t\t\t\t<h3 class=\"faq-item-question-text\">\u00bfDe qu\u00e9 manera es posible incrustar un Logo Showcase en mi p\u00e1gina de inicio de Drupal sin conocimientos de codificaci\u00f3n?<\/h3>\r\n\r\n\t\t\t\t\t\t<div class=\"faq-item-question-icon\"><\/div>\r\n\t\t\t\t\t<\/div>\r\n\r\n\t\t\t\t\t<div class=\"faq-item-answer\">\r\n\t\t\t\t\t\t<div class=\"faq-item-answer-text\"> <p>La empresa Elfsight ofrece una soluci\u00f3n en la nube que permite a las personas establecer un complemento Logo Showcase usted mismo. Compruebe lo f\u00e1cil que es: vaya a la demostraci\u00f3n en l\u00ednea para crear un widget Logo Showcase que le gustar\u00eda integrar en su Drupal. Seleccione una de nuestras plantillas predise\u00f1adas y adapte la configuraci\u00f3n de Logo Showcase, cambie el dise\u00f1o y el color de los elementos, incluido su contenido, sin experiencia en codificaci\u00f3n. Haga clic para guardar Logo Showcase y copie su c\u00f3digo de instalaci\u00f3n, que se puede agregar en cualquier p\u00e1gina de inicio de Drupal sin comprar una suscripci\u00f3n paga. Al trabajar en nuestro Configurador f\u00e1cil de usar, cualquier usuario web puede establecer un Logo Showcase e incrustarlo f\u00e1cilmente en el sitio web de Drupal. No debe obtener una suscripci\u00f3n paga ni enviar los datos de su tarjeta para ingresar al Editor. Si tiene alg\u00fan problema de cualquier tipo, contin\u00fae y comun\u00edquese con nuestro servicio de atenci\u00f3n al cliente.<\/p> <\/div>\r\n\t\t\t\t\t<\/div>\r\n\t\t\t\t<\/div> <\/div><\/div><p><\/p>","protected":false},"excerpt":{"rendered":"","protected":false},"author":9,"featured_media":0,"parent":1690,"menu_order":0,"comment_status":"closed","ping_status":"closed","template":"templates\/template-application-platform.php","meta":{"publish_to_discourse":"","publish_post_category":"","wpdc_auto_publish_overridden":"","wpdc_topic_tags":"","wpdc_pin_topic":"","wpdc_pin_until":"","discourse_post_id":"","discourse_permalink":"","wpdc_publishing_response":"","wpdc_publishing_error":"","footnotes":""},"class_list":["post-6540","page","type-page","status-publish","hentry"],"yoast_head":"<!-- This site is optimized with the Yoast SEO plugin v25.3.1 - https:\/\/yoast.com\/wordpress\/plugins\/seo\/ -->\n<title>Logo Carusel: agregue el m\u00f3dulo Logo Carousel al sitio web de Drupal (2025)<\/title>\n<meta name=\"description\" content=\"Es perfectamente sencillo crear su m\u00f3dulo Logo Showcase y agregarlo a su sitio web Drupal. El servicio de atenci\u00f3n al cliente de Elfsight es gratuito y r\u00e1pido.\" \/>\n<meta name=\"robots\" content=\"index, follow, max-snippet:-1, max-image-preview:large, max-video-preview:-1\" \/>\n<link rel=\"canonical\" href=\"https:\/\/elfsight.com\/es\/logo-showcase-widget\/drupal\/\" \/>\n<meta property=\"og:locale\" content=\"es_ES\" \/>\n<meta property=\"og:type\" content=\"article\" \/>\n<meta property=\"og:title\" content=\"Logo Carusel: agregue el m\u00f3dulo Logo Carousel al sitio web de Drupal (2025)\" \/>\n<meta property=\"og:description\" content=\"Es perfectamente sencillo crear su m\u00f3dulo Logo Showcase y agregarlo a su sitio web Drupal. El servicio de atenci\u00f3n al cliente de Elfsight es gratuito y r\u00e1pido.\" \/>\n<meta property=\"og:url\" content=\"https:\/\/elfsight.com\/es\/logo-showcase-widget\/drupal\/\" \/>\n<meta property=\"og:site_name\" content=\"Elfsight ES\" \/>\n<meta property=\"article:modified_time\" content=\"2025-02-06T16:03:29+00:00\" \/>\n<meta name=\"twitter:card\" content=\"summary_large_image\" \/>\n<meta name=\"twitter:label1\" content=\"Tiempo de lectura\" \/>\n\t<meta name=\"twitter:data1\" content=\"3 minutos\" \/>\n<!-- \/ Yoast SEO plugin. -->","yoast_head_json":{"title":"Logo Carusel: agregue el m\u00f3dulo Logo Carousel al sitio web de Drupal (2025)","description":"Es perfectamente sencillo crear su m\u00f3dulo Logo Showcase y agregarlo a su sitio web Drupal. El servicio de atenci\u00f3n al cliente de Elfsight es gratuito y r\u00e1pido.","robots":{"index":"index","follow":"follow","max-snippet":"max-snippet:-1","max-image-preview":"max-image-preview:large","max-video-preview":"max-video-preview:-1"},"canonical":"https:\/\/elfsight.com\/es\/logo-showcase-widget\/drupal\/","og_locale":"es_ES","og_type":"article","og_title":"Logo Carusel: agregue el m\u00f3dulo Logo Carousel al sitio web de Drupal (2025)","og_description":"Es perfectamente sencillo crear su m\u00f3dulo Logo Showcase y agregarlo a su sitio web Drupal. El servicio de atenci\u00f3n al cliente de Elfsight es gratuito y r\u00e1pido.","og_url":"https:\/\/elfsight.com\/es\/logo-showcase-widget\/drupal\/","og_site_name":"Elfsight ES","article_modified_time":"2025-02-06T16:03:29+00:00","twitter_card":"summary_large_image","twitter_misc":{"Tiempo de lectura":"3 minutos"},"schema":{"@context":"https:\/\/schema.org","@graph":[{"@type":"WebPage","@id":"https:\/\/elfsight.com\/es\/logo-showcase-widget\/drupal\/","url":"https:\/\/elfsight.com\/es\/logo-showcase-widget\/drupal\/","name":"Logo Carusel: agregue el m\u00f3dulo Logo Carousel al sitio web de Drupal (2025)","isPartOf":{"@id":"https:\/\/elfsight.com\/es\/#website"},"datePublished":"1970-01-01T00:00:00+00:00","dateModified":"2025-02-06T16:03:29+00:00","description":"Es perfectamente sencillo crear su m\u00f3dulo Logo Showcase y agregarlo a su sitio web Drupal. El servicio de atenci\u00f3n al cliente de Elfsight es gratuito y r\u00e1pido.","breadcrumb":{"@id":"https:\/\/elfsight.com\/es\/logo-showcase-widget\/drupal\/#breadcrumb"},"inLanguage":"es","potentialAction":[{"@type":"ReadAction","target":["https:\/\/elfsight.com\/es\/logo-showcase-widget\/drupal\/"]}]},{"@type":"BreadcrumbList","@id":"https:\/\/elfsight.com\/es\/logo-showcase-widget\/drupal\/#breadcrumb","itemListElement":[{"@type":"ListItem","position":1,"name":"Home","item":"https:\/\/elfsight.com\/es\/"},{"@type":"ListItem","position":2,"name":"Logo Showcase","item":"https:\/\/elfsight.com\/es\/logo-showcase-widget\/"},{"@type":"ListItem","position":3,"name":"Logo Showcase &#8211; Drupal"}]},{"@type":"WebSite","@id":"https:\/\/elfsight.com\/es\/#website","url":"https:\/\/elfsight.com\/es\/","name":"Elfsight ES","description":"Just another Elfsight Sites site","potentialAction":[{"@type":"SearchAction","target":{"@type":"EntryPoint","urlTemplate":"https:\/\/elfsight.com\/es\/?s={search_term_string}"},"query-input":{"@type":"PropertyValueSpecification","valueRequired":true,"valueName":"search_term_string"}}],"inLanguage":"es"}]}},"meta_box":{"industry":"","seo_heading":"","heading":"","description":"","cta_heading":"","cta_description":"","application":"1689","h1":"Exhibici\u00f3n del logotipo de Drupal","h1_caption":"Incruste logotipos de clientes o socios en el sitio para aumentar la confiabilidad","application_category":[],"applications_title":"","applications_request_title":"","applications_request_button_text":"","hero_text":"","hero_video":"","hero_video_schema_markup":"","selling_points_title":"","selling_points_caption":"","selling_points":[],"selling_points_cta_text":"","features_title":"","features":"","ed_cta_examples_text":"","ed_cta_examples_hidden":"","ed_cta_demo_text":"","ed_cta_demo_hidden":"","why_caption":"","why_editor_title":"","why_editor_text":"","why_team_title":"","why_team_text":"","why_service_title":"","why_service_text":"","template_catalog_visible":"","template_catalog_title":"","template_catalog_text":"","template_catalog_categories_visible":"","demo_title":"Crea tu m\u00f3dulo Logo Showcase","demo_caption":"\u00a1Configure su Logo Showcase y agr\u00e9guelo a su sitio web Drupal de forma gratuita!","default_faq_hidden":"","app_template_category":[],"platform":"2161","template_public_id":"","codecanyon_url":"","codecanyon_item_id":"","codecanyon_price":"","pricing_caption":"","pricing_elfsight_apps_hide_column":"","pricing_elfsight_apps_url":"","pricing_codecanyon_price_caption":"","integration_category":[],"integration_request_title":"","integration_request_cta":"","integration_platform":"","integrations":[],"platform_category":[],"video_schema_markup":"","price":"desde $0 \/ mes","trial":"","benefits":[{"text":"Servicio de instalaci\u00f3n gratuito"},{"text":"Soporte excepcional"},{"text":"Garant\u00eda de reembolso de 14 d\u00edas"},{"text":"Desarrollo continuo"}],"button_url":"#demo","button_target_blank":"","button_nofollow":"","attributes":[{"name":"Instalaciones","content":"10,000 - 100,000"},{"name":"Sensible","content":"S\u00ed"},{"name":"Navegadores compatibles","content":"IE11, Firefox, Safari, Opera, Chrome, Edge"}],"tags":[],"tags_disable_links":"","hide_more_platforms":"","video_object":"","demo_hide_cta":"","demo_hide_cloud_options":"","pricing_title":"","pricing":[{"pricing_icon":"platform","pricing_title":"Elfsight Apps","pricing_title_caption":"Versi\u00f3n independiente de la plataforma que funciona en cualquier sitio web","pricing_price":"desde $0 \/ mes","pricing_price_caption":"comienza con el plan gratuito","pricing_benefits":[{"text":"Sitios web ilimitados"},{"text":"Soporte r\u00e1pido"},{"text":"Servicio de instalaci\u00f3n gratuito"},{"text":"Gran oferta para m\u00faltiples aplicaciones"}],"pricing_button_text":"A\u00f1adir al sitio web","pricing_button_url":"#demo"}],"related_apps_title":"","related_apps_hidden":"","author":"","image":[],"title":"","job":"","social_networks":[]},"_links":{"self":[{"href":"https:\/\/elfsight.com\/es\/wp-json\/wp\/v2\/pages\/6540","targetHints":{"allow":["GET"]}}],"collection":[{"href":"https:\/\/elfsight.com\/es\/wp-json\/wp\/v2\/pages"}],"about":[{"href":"https:\/\/elfsight.com\/es\/wp-json\/wp\/v2\/types\/page"}],"author":[{"embeddable":true,"href":"https:\/\/elfsight.com\/es\/wp-json\/wp\/v2\/users\/9"}],"replies":[{"embeddable":true,"href":"https:\/\/elfsight.com\/es\/wp-json\/wp\/v2\/comments?post=6540"}],"version-history":[{"count":2,"href":"https:\/\/elfsight.com\/es\/wp-json\/wp\/v2\/pages\/6540\/revisions"}],"predecessor-version":[{"id":19103,"href":"https:\/\/elfsight.com\/es\/wp-json\/wp\/v2\/pages\/6540\/revisions\/19103"}],"up":[{"embeddable":true,"href":"https:\/\/elfsight.com\/es\/wp-json\/wp\/v2\/pages\/1690"}],"wp:attachment":[{"href":"https:\/\/elfsight.com\/es\/wp-json\/wp\/v2\/media?parent=6540"}],"curies":[{"name":"wp","href":"https:\/\/api.w.org\/{rel}","templated":true}]}}