{"id":6531,"date":"1970-01-01T00:00:00","date_gmt":"1970-01-01T00:00:00","guid":{"rendered":"https:\/\/elfsight.com\/es\/?page_id=6531"},"modified":"2025-02-06T16:03:29","modified_gmt":"2025-02-06T16:03:29","slug":"shopify","status":"publish","type":"page","link":"https:\/\/elfsight.com\/es\/etsy-reviews-widget\/shopify\/","title":{"rendered":"Etsy Reviews &#8211; Shopify"},"content":{"rendered":"<div class=\"application-platform-content-item-description application-platform-content-item\" id=\"description\" data-nav-section=\"description\"><h2>Mejora tu sitio web de Shopify con rese\u00f1as de Elfsight Etsy<\/h2><p>Elfsight Etsy Reviews es un complemento f\u00e1cil de usar que permite a tu sitio web de Shopify mostrar rese\u00f1as de clientes relacionadas con tus productos y servicios directamente desde la plataforma de Etsy. Este widget vers\u00e1til te proporciona una variedad de filtros para examinar rese\u00f1as sin esfuerzo, lo que te permite mostrar calificaciones de estrellas y comentarios num\u00e9ricos de Etsy, proporcionar informaci\u00f3n adicional sobre los autores de estas rese\u00f1as e integrar perfectamente un bot\u00f3n de llamado a la acci\u00f3n que gu\u00eda a los visitantes de tu sitio para que dejen sus propias rese\u00f1as en Etsy. Al aprovechar Elfsight, puedes amplificar la prueba social de tu sitio web, reforzar tu credibilidad y, en \u00faltima instancia, impulsar mayores ventas.<\/p><div class=\"faq\" data-component=\"FAQ\"><div class=\"faq-item\">\r\n\t\t\t\t\t<div class=\"faq-item-question\">\r\n\t\t\t\t\t\t<h3 class=\"faq-item-question-text\">\u00bfD\u00f3nde puedes agregar rese\u00f1as de Elfsight Etsy a tu sitio web de Shopify?<\/h3>\r\n\r\n\t\t\t\t\t\t<div class=\"faq-item-question-icon\"><\/div>\r\n\t\t\t\t\t<\/div>\r\n\r\n\t\t\t\t\t<div class=\"faq-item-answer\">\r\n\t\t\t\t\t\t<div class=\"faq-item-answer-text\"><p>Con nuestro complemento Elfsight Etsy Reviews, tienes la libertad de insertar el widget de rese\u00f1as de clientes en cualquier p\u00e1gina de tu sitio web de Shopify o integrarlo en la plantilla de tu sitio, asegur\u00e1ndote de que aparezca de manera consistente en todas las p\u00e1ginas. El impacto de estas rese\u00f1as es particularmente potente en las p\u00e1ginas de productos y en la secci\u00f3n \u00abAcerca de nosotros\u00bb, donde puede mostrar de manera destacada su calificaci\u00f3n estelar y rese\u00f1as favorables.<\/p><\/div>\r\n\t\t\t\t\t<\/div>\r\n\t\t\t\t<\/div><div class=\"faq-item\">\r\n\t\t\t\t\t<div class=\"faq-item-question\">\r\n\t\t\t\t\t\t<h3 class=\"faq-item-question-text\">\u00bfCu\u00e1les son los beneficios de usar rese\u00f1as de Elfsight Etsy para Shopify?<\/h3>\r\n\r\n\t\t\t\t\t\t<div class=\"faq-item-question-icon\"><\/div>\r\n\t\t\t\t\t<\/div>\r\n\r\n\t\t\t\t\t<div class=\"faq-item-answer\">\r\n\t\t\t\t\t\t<div class=\"faq-item-answer-text\"><p>Las rese\u00f1as aut\u00e9nticas de clientes reales conllevan una inmensa confiabilidad e indican a los visitantes de su sitio que su empresa es un socio confiable. Al mostrar una calificaci\u00f3n alta y testimonios positivos, puedes elevar significativamente las tasas de conversi\u00f3n en tu sitio web de Shopify. Adem\u00e1s, el bot\u00f3n CTA estrat\u00e9gicamente ubicado anima a m\u00e1s usuarios a compartir sus experiencias y dejar rese\u00f1as en Etsy, lo que solidifica a\u00fan m\u00e1s tu presencia en l\u00ednea.<\/p><\/div>\r\n\t\t\t\t\t<\/div>\r\n\t\t\t\t<\/div><div class=\"faq-item\">\r\n\t\t\t\t\t<div class=\"faq-item-question\">\r\n\t\t\t\t\t\t<h3 class=\"faq-item-question-text\">\u00bfQu\u00e9 tan f\u00e1cil es agregar rese\u00f1as de Elfsight Etsy a tu sitio web de Shopify?<\/h3>\r\n\r\n\t\t\t\t\t\t<div class=\"faq-item-question-icon\"><\/div>\r\n\t\t\t\t\t<\/div>\r\n\r\n\t\t\t\t\t<div class=\"faq-item-answer\">\r\n\t\t\t\t\t\t<div class=\"faq-item-answer-text\"><p>El proceso es r\u00e1pido y sin complicaciones, y toma solo un par de minutos. No es necesario tener conocimientos de codificaci\u00f3n; \u00a1Es as\u00ed de simple! El widget se puede agregar sin problemas, ya sea directamente a trav\u00e9s de nuestro servicio o a trav\u00e9s del mercado de Shopify. Tienes la libertad de elegir la opci\u00f3n que m\u00e1s te convenga, lo que hace que el proceso de instalaci\u00f3n sea muy sencillo.<\/p><\/div>\r\n\t\t\t\t\t<\/div>\r\n\t\t\t\t<\/div><\/div><\/div><div class=\"application-platform-content-item-features application-platform-content-item\" id=\"features\" data-nav-section=\"features\"><h2>Desbloquea todo el potencial de las rese\u00f1as de Elfsight Etsy para Shopify<\/h2><p>Para comprender completamente las capacidades de nuestro widget, exploremos sus caracter\u00edsticas principales, que est\u00e1n dise\u00f1adas para potenciar tu Shopify. sitio web:<\/p><ul><li>Tres filtros personalizables: ordene rese\u00f1as por tipo, excluya rese\u00f1as espec\u00edficas o establezca un umbral para la cantidad de rese\u00f1as que se mostrar\u00e1n.<\/li><li>Elija entre cuatro dise\u00f1os predefinidos: lista, cuadr\u00edcula, mamposter\u00eda y control deslizante, lo que garantiza que sus rese\u00f1as se ajusten perfectamente al dise\u00f1o de su sitio web.<\/li><li>Disfrute de un control total sobre el encabezado del widget para asegurarse de que se alinee con la est\u00e9tica y la marca de su sitio.<\/li><li>Incorpore un elemento estrat\u00e9gico Bot\u00f3n &#8216;Solicitud de revisi\u00f3n&#8217;, que gu\u00eda f\u00e1cilmente a los usuarios para que dejen sus propias rese\u00f1as en Etsy.<\/li><li>Personalice seis elementos clave de la interfaz de usuario, incluidos nombres de autores, im\u00e1genes, texto de recomendaci\u00f3n, fechas, \u00edconos de Google y calificaciones de estrellas, lo que permite una apariencia personalizada.<\/li><li>Opte por uno de dos escenarios posteriores a la solicitud: muestre un mensaje personalizado u oculte el bot\u00f3n por completo, brindando flexibilidad en su experiencia de usuario.<\/li><\/ul><p><a href=\"#demo\">Para una experiencia integral demostraci\u00f3n, haga clic aqu\u00ed<\/a><\/p><p><\/p><\/div><div class=\"application-platform-content-item-installation application-platform-content-item\" id=\"installation\" data-nav-section=\"installation\"><h2>Incorporar rese\u00f1as de Elfsight Etsy en su sitio web de Shopify<\/h2><p>Llevar el poder de las rese\u00f1as de Elfsight Etsy a su sitio de Shopify es muy sencillo. Siga estos sencillos pasos para comenzar:<\/p><ol><li><b>Aproveche la demostraci\u00f3n gratuita y personalice su widget de rese\u00f1as de Etsy de Elfsight:<\/b><br>Comience seleccionando la forma deseada y las caracter\u00edsticas funcionales del complemento. Realice los ajustes necesarios y guarde los cambios.<\/li><li><b>Recupere su c\u00f3digo de inserci\u00f3n \u00fanico:<\/b><br>Despu\u00e9s de haber personalizado su widget, se generar\u00e1 un c\u00f3digo \u00fanico en Elfsight Apps. Copie este c\u00f3digo, ya que lo necesitar\u00e1 para los siguientes pasos.<\/li><li><b>Integre el widget en su sitio web de Shopify:<\/b><br>Pegue el c\u00f3digo que copi\u00f3 en el paso anterior en su p\u00e1gina de Shopify y guarde las modificaciones.<\/li><li><b>\u00a1Ya est\u00e1 todo listo!<\/b><br>Su widget ahora est\u00e1 integrado exitosamente. Visita tu p\u00e1gina de Shopify para presenciarlo en acci\u00f3n.<\/li><\/ol><p>Si encuentras alg\u00fan desaf\u00edo o tienes preguntas pendientes sobre c\u00f3mo incorporar Rese\u00f1as de Elfsight Etsy en tu sitio web de Shopify, no dudes en comunicarte con nuestro exclusivo equipo de atenci\u00f3n al cliente. Estamos aqu\u00ed para ayudarte con cualquier consulta que puedas tener.<\/p><p>Incorporar Elfsight Etsy Reviews en tu sitio web de Shopify es un movimiento estrat\u00e9gico para mejorar la confiabilidad de tu plataforma. Con nuestro complemento, puedes mostrar sin esfuerzo rese\u00f1as aut\u00e9nticas de Etsy, mostrando tus altas calificaciones y proporcionando una valiosa prueba social. El proceso de instalaci\u00f3n es sencillo y sin c\u00f3digo, lo que garantiza que cualquiera pueda aprovechar este potente widget. Personal\u00edzalo para que coincida con el dise\u00f1o de tu sitio web y deja que haga su magia animando a m\u00e1s clientes a dejar rese\u00f1as en tu sitio Shopify. No pierdas la oportunidad de aumentar tu credibilidad online e impulsar las ventas: \u00a1integra Elfsight Etsy Reviews hoy mismo!<\/p><\/div>","protected":false},"excerpt":{"rendered":"","protected":false},"author":9,"featured_media":0,"parent":1727,"menu_order":0,"comment_status":"closed","ping_status":"closed","template":"templates\/template-application-platform.php","meta":{"publish_to_discourse":"","publish_post_category":"","wpdc_auto_publish_overridden":"","wpdc_topic_tags":"","wpdc_pin_topic":"","wpdc_pin_until":"","discourse_post_id":"","discourse_permalink":"","wpdc_publishing_response":"","wpdc_publishing_error":"","footnotes":""},"class_list":["post-6531","page","type-page","status-publish","hentry"],"yoast_head":"<!-- This site is optimized with the Yoast SEO plugin v25.3.1 - https:\/\/yoast.com\/wordpress\/plugins\/seo\/ -->\n<title>Mejora tu tienda Shopify con rese\u00f1as de Elfsight Etsy<\/title>\n<meta name=\"description\" content=\"Descubra c\u00f3mo Elfsight Etsy Reviews para Shopify puede aumentar la credibilidad de su tienda con comentarios aut\u00e9nticos de los clientes. Integre f\u00e1cilmente rese\u00f1as, calificaciones con estrellas y pruebas sociales de Etsy para generar m\u00e1s ventas. \u00a1Actualiza tu sitio web Shopify hoy!\" \/>\n<meta name=\"robots\" content=\"index, follow, max-snippet:-1, max-image-preview:large, max-video-preview:-1\" \/>\n<link rel=\"canonical\" href=\"https:\/\/elfsight.com\/es\/etsy-reviews-widget\/shopify\/\" \/>\n<meta property=\"og:locale\" content=\"es_ES\" \/>\n<meta property=\"og:type\" content=\"article\" \/>\n<meta property=\"og:title\" content=\"Mejora tu tienda Shopify con rese\u00f1as de Elfsight Etsy\" \/>\n<meta property=\"og:description\" content=\"Descubra c\u00f3mo Elfsight Etsy Reviews para Shopify puede aumentar la credibilidad de su tienda con comentarios aut\u00e9nticos de los clientes. Integre f\u00e1cilmente rese\u00f1as, calificaciones con estrellas y pruebas sociales de Etsy para generar m\u00e1s ventas. \u00a1Actualiza tu sitio web Shopify hoy!\" \/>\n<meta property=\"og:url\" content=\"https:\/\/elfsight.com\/es\/etsy-reviews-widget\/shopify\/\" \/>\n<meta property=\"og:site_name\" content=\"Elfsight ES\" \/>\n<meta property=\"article:modified_time\" content=\"2025-02-06T16:03:29+00:00\" \/>\n<meta name=\"twitter:card\" content=\"summary_large_image\" \/>\n<meta name=\"twitter:label1\" content=\"Tiempo de lectura\" \/>\n\t<meta name=\"twitter:data1\" content=\"5 minutos\" \/>\n<!-- \/ Yoast SEO plugin. -->","yoast_head_json":{"title":"Mejora tu tienda Shopify con rese\u00f1as de Elfsight Etsy","description":"Descubra c\u00f3mo Elfsight Etsy Reviews para Shopify puede aumentar la credibilidad de su tienda con comentarios aut\u00e9nticos de los clientes. Integre f\u00e1cilmente rese\u00f1as, calificaciones con estrellas y pruebas sociales de Etsy para generar m\u00e1s ventas. \u00a1Actualiza tu sitio web Shopify hoy!","robots":{"index":"index","follow":"follow","max-snippet":"max-snippet:-1","max-image-preview":"max-image-preview:large","max-video-preview":"max-video-preview:-1"},"canonical":"https:\/\/elfsight.com\/es\/etsy-reviews-widget\/shopify\/","og_locale":"es_ES","og_type":"article","og_title":"Mejora tu tienda Shopify con rese\u00f1as de Elfsight Etsy","og_description":"Descubra c\u00f3mo Elfsight Etsy Reviews para Shopify puede aumentar la credibilidad de su tienda con comentarios aut\u00e9nticos de los clientes. Integre f\u00e1cilmente rese\u00f1as, calificaciones con estrellas y pruebas sociales de Etsy para generar m\u00e1s ventas. \u00a1Actualiza tu sitio web Shopify hoy!","og_url":"https:\/\/elfsight.com\/es\/etsy-reviews-widget\/shopify\/","og_site_name":"Elfsight ES","article_modified_time":"2025-02-06T16:03:29+00:00","twitter_card":"summary_large_image","twitter_misc":{"Tiempo de lectura":"5 minutos"},"schema":{"@context":"https:\/\/schema.org","@graph":[{"@type":"WebPage","@id":"https:\/\/elfsight.com\/es\/etsy-reviews-widget\/shopify\/","url":"https:\/\/elfsight.com\/es\/etsy-reviews-widget\/shopify\/","name":"Mejora tu tienda Shopify con rese\u00f1as de Elfsight Etsy","isPartOf":{"@id":"https:\/\/elfsight.com\/es\/#website"},"datePublished":"1970-01-01T00:00:00+00:00","dateModified":"2025-02-06T16:03:29+00:00","description":"Descubra c\u00f3mo Elfsight Etsy Reviews para Shopify puede aumentar la credibilidad de su tienda con comentarios aut\u00e9nticos de los clientes. Integre f\u00e1cilmente rese\u00f1as, calificaciones con estrellas y pruebas sociales de Etsy para generar m\u00e1s ventas. \u00a1Actualiza tu sitio web Shopify hoy!","breadcrumb":{"@id":"https:\/\/elfsight.com\/es\/etsy-reviews-widget\/shopify\/#breadcrumb"},"inLanguage":"es","potentialAction":[{"@type":"ReadAction","target":["https:\/\/elfsight.com\/es\/etsy-reviews-widget\/shopify\/"]}]},{"@type":"BreadcrumbList","@id":"https:\/\/elfsight.com\/es\/etsy-reviews-widget\/shopify\/#breadcrumb","itemListElement":[{"@type":"ListItem","position":1,"name":"Home","item":"https:\/\/elfsight.com\/es\/"},{"@type":"ListItem","position":2,"name":"Etsy Reviews","item":"https:\/\/elfsight.com\/es\/etsy-reviews-widget\/"},{"@type":"ListItem","position":3,"name":"Etsy Reviews &#8211; Shopify"}]},{"@type":"WebSite","@id":"https:\/\/elfsight.com\/es\/#website","url":"https:\/\/elfsight.com\/es\/","name":"Elfsight ES","description":"Just another Elfsight Sites site","potentialAction":[{"@type":"SearchAction","target":{"@type":"EntryPoint","urlTemplate":"https:\/\/elfsight.com\/es\/?s={search_term_string}"},"query-input":{"@type":"PropertyValueSpecification","valueRequired":true,"valueName":"search_term_string"}}],"inLanguage":"es"}]}},"meta_box":{"industry":"","seo_heading":"","heading":"","description":"","cta_heading":"","cta_description":"","application":"1726","h1":"C\u00f3mo insertar rese\u00f1as de Etsy en un sitio web de Shopify","h1_caption":"Muestra rese\u00f1as de tu tienda de etsy directamente en tu sitio web, mejorando la credibilidad de tu tienda en tu sitio web de Shopify sin esfuerzo.","application_category":[],"applications_title":"","applications_request_title":"","applications_request_button_text":"","hero_text":"","hero_video":"","hero_video_schema_markup":"","selling_points_title":"","selling_points_caption":"","selling_points":[],"selling_points_cta_text":"","features_title":"","features":"","ed_cta_examples_text":"","ed_cta_examples_hidden":"","ed_cta_demo_text":"","ed_cta_demo_hidden":"","why_caption":"","why_editor_title":"","why_editor_text":"","why_team_title":"","why_team_text":"","why_service_title":"","why_service_text":"","template_catalog_visible":"","template_catalog_title":"","template_catalog_text":"","template_catalog_categories_visible":"","demo_title":"Crea tu aplicaci\u00f3n de rese\u00f1as de Etsy","demo_caption":"\u00a1Configura tus rese\u00f1as de Etsy y agr\u00e9galas a tu sitio web de Shopify gratis!","default_faq_hidden":"","app_template_category":[],"platform":"91","template_public_id":"","codecanyon_url":"","codecanyon_item_id":"","codecanyon_price":"","pricing_caption":"","pricing_elfsight_apps_hide_column":"","pricing_elfsight_apps_url":"","pricing_codecanyon_price_caption":"","integration_category":[],"integration_request_title":"","integration_request_cta":"","integration_platform":"","integrations":[],"platform_category":[],"video_schema_markup":"","price":"desde $0 \/ mes","trial":"","benefits":[{"text":"Asistencia de instalaci\u00f3n gratuita"},{"text":"Servicio al cliente profesional"},{"text":"Garant\u00eda de reembolso de 14 d\u00edas"},{"text":"Mejoras peri\u00f3dicas gratuitas"}],"button_url":"#demo","button_target_blank":"","button_nofollow":"","attributes":[{"name":"Instalaciones","content":"10,000 - 100,000"},{"name":"Sensible","content":"S\u00ed"},{"name":"Navegadores compatibles","content":"Firefox, Safari, Opera, Chrome, Edge"}],"tags":[],"tags_disable_links":"","hide_more_platforms":"","video_object":"","demo_hide_cta":"","demo_hide_cloud_options":"","pricing_title":"","pricing":[{"pricing_icon":"platform","pricing_title":"Elfsight Apps","pricing_title_caption":"Software multiplataforma","pricing_price":"desde $0 \/ mes","pricing_price_caption":"comienza con el plan gratuito","pricing_benefits":[{"text":"Sitios web ilimitados"},{"text":"Atenci\u00f3n al cliente 24 horas al d\u00eda, 7 d\u00edas a la semana"},{"text":"Servicio de instalaci\u00f3n gratuito"},{"text":"Totalmente personalizable"}],"pricing_button_text":"A\u00f1adir al sitio web","pricing_button_url":"#demo"}],"related_apps_title":"","related_apps_hidden":"","author":"","image":[],"title":"","job":"","social_networks":[]},"_links":{"self":[{"href":"https:\/\/elfsight.com\/es\/wp-json\/wp\/v2\/pages\/6531","targetHints":{"allow":["GET"]}}],"collection":[{"href":"https:\/\/elfsight.com\/es\/wp-json\/wp\/v2\/pages"}],"about":[{"href":"https:\/\/elfsight.com\/es\/wp-json\/wp\/v2\/types\/page"}],"author":[{"embeddable":true,"href":"https:\/\/elfsight.com\/es\/wp-json\/wp\/v2\/users\/9"}],"replies":[{"embeddable":true,"href":"https:\/\/elfsight.com\/es\/wp-json\/wp\/v2\/comments?post=6531"}],"version-history":[{"count":2,"href":"https:\/\/elfsight.com\/es\/wp-json\/wp\/v2\/pages\/6531\/revisions"}],"predecessor-version":[{"id":19104,"href":"https:\/\/elfsight.com\/es\/wp-json\/wp\/v2\/pages\/6531\/revisions\/19104"}],"up":[{"embeddable":true,"href":"https:\/\/elfsight.com\/es\/wp-json\/wp\/v2\/pages\/1727"}],"wp:attachment":[{"href":"https:\/\/elfsight.com\/es\/wp-json\/wp\/v2\/media?parent=6531"}],"curies":[{"name":"wp","href":"https:\/\/api.w.org\/{rel}","templated":true}]}}