{"id":6499,"date":"1970-01-01T00:00:00","date_gmt":"1970-01-01T00:00:00","guid":{"rendered":"https:\/\/elfsight.com\/es\/?page_id=6499"},"modified":"2025-02-06T16:03:29","modified_gmt":"2025-02-06T16:03:29","slug":"jimdo","status":"publish","type":"page","link":"https:\/\/elfsight.com\/es\/online-form-builder\/jimdo\/","title":{"rendered":"Form Builder &#8211; Jimdo"},"content":{"rendered":"<div class=\"application-platform-content-item-description application-platform-content-item\" id=\"description\" data-nav-section=\"description\"> <h2>Creador de formularios personalizados para Jimdo<\/h2> <p>Esta es una soluci\u00f3n universal para crear varios tipos de formularios de llenado y mostrarlos en su sitio web. Recopile informaci\u00f3n de sus clientes actuales y potenciales a trav\u00e9s de encuestas, formularios de comentarios, solicitudes de calificaci\u00f3n y otros formatos f\u00e1ciles de completar. Dise\u00f1e la estructura del formulario, elija elementos, especifique tipos de entradas, agregue escalas y mucho m\u00e1s para crear formularios de llenado manejables y efectivos para la recopilaci\u00f3n de datos. <\/p><p><b>\u00a1Empiece a utilizar Form Builder para alcanzar sus retos empresariales m\u00e1s r\u00e1pido! <\/b><\/p> <\/div> <div class=\"application-platform-content-item-features application-platform-content-item\" id=\"features\" data-nav-section=\"features\"> <h2>Caracter\u00edsticas del complemento Creador de formularios<\/h2> <ul><li>Cree formularios cl\u00e1sicos y paso a paso uniendo elementos en grupos<\/li><li>Mostrar u ocultar la barra de progreso para el formato paso a paso<\/li><li>18 tipos de campos para casi cualquier tarea de recopilaci\u00f3n de datos <\/li><li>Cada elemento del formulario tiene una etiqueta editable que se muestra encima del campo<\/li><li>Cree una descripci\u00f3n para cada elemento, se mostrar\u00e1 debajo de la etiqueta <\/li><li>Utilice marcadores de posici\u00f3n de campos para dar un ejemplo del llenado correcto y el tipo de datos necesarios <\/li><li>Cada campo se puede hacer obligatorio para completar con el s\u00edmbolo de asterisco (*) para indicar esto<\/li><li>Opci\u00f3n de dividir los campos en varias columnas <\/li><li>Asignar cualquier direcci\u00f3n de correo electr\u00f3nico y los resultados del llenado del formulario se enviar\u00e1 autom\u00e1ticamente all\u00ed<\/li><li>Elija el escenario despu\u00e9s del env\u00edo del formulario: ocultaci\u00f3n del formulario, redireccionamiento a otra p\u00e1gina o mensaje de agradecimiento<\/li><li>Funci\u00f3n opcional para guardar el progreso del llenado<\/li><li>Tres dise\u00f1os listos para usar (predeterminado, en caja, flotante)<\/li><\/ul><p><a href=\"#demo\">Examine todas las configuraciones en una demostraci\u00f3n con todas las funciones<\/a><\/p> <\/div> <div class=\"application-platform-content-item-installation application-platform-content-item\" id=\"installation\" data-nav-section=\"installation\"> <h2>\u00bfC\u00f3mo agrego Form Builder a mi p\u00e1gina web de Jimdo? <\/h2> <p>Simplemente siga los pasos que se detallan a continuaci\u00f3n para integrar la herramienta. <\/p> <ol><li><b>Utilice nuestro editor gratuito y comience a crear su widget personalizado. <\/b><br> Especifique la interfaz y los par\u00e1metros adecuados de la herramienta y aplique las correcciones. <\/li> <li><b>Obtenga el c\u00f3digo personal que aparece en el formulario especial de Elfsight Apps. <\/b><br> Tan pronto como finalice la configuraci\u00f3n de su widget personal, copie el c\u00f3digo individual en la ventana y gu\u00e1rdelo para su uso posterior. <\/li> <li><b>Iniciar el uso del widget en la p\u00e1gina de inicio de Jimdo. <\/b><br>Incrusta el c\u00f3digo que has copiado antes en tu p\u00e1gina y aplica las mejoras. <\/li> <li><b>\u00a1Listo! La configuraci\u00f3n est\u00e1 completamente realizada. <\/b><br>Visita su p\u00e1gina web para inspeccionar el rendimiento de la herramienta. <\/li><\/ol> <p>Si tiene preguntas o encuentra alguna dificultad, comun\u00edquese con nuestro personal de soporte. Nuestros especialistas estar\u00e1n encantados de resolver todas las dificultades que puedas tener con el producto. <\/p> <div class=\"faq\" data-component=\"FAQ\"> <div class=\"faq-item\">\r\n\t\t\t\t\t<div class=\"faq-item-question\">\r\n\t\t\t\t\t\t<h3 class=\"faq-item-question-text\">\u00bfC\u00f3mo puedo a\u00f1adir Form Builder a mi sitio web Jimdo sin conocimientos de codificaci\u00f3n?<\/h3>\r\n\r\n\t\t\t\t\t\t<div class=\"faq-item-question-icon\"><\/div>\r\n\t\t\t\t\t<\/div>\r\n\r\n\t\t\t\t\t<div class=\"faq-item-answer\">\r\n\t\t\t\t\t\t<div class=\"faq-item-answer-text\"> <p>Elfsight proporciona una soluci\u00f3n SaaS que te permite crear un widget Form Builder t\u00fa mismo. Mira lo f\u00e1cil que es el proceso: trabaja directamente en el editor en l\u00ednea para crear un widget Form Builder que te gustar\u00eda ver en tu sitio web Jimdo. Elija una de las plantillas predise\u00f1adas y ajuste la configuraci\u00f3n del Creador de formularios, agregue su contenido, cambie el dise\u00f1o y los colores sin conocimientos de codificaci\u00f3n. Guarda el Form Builder y copia su c\u00f3digo de instalaci\u00f3n, que puedes insertar f\u00e1cilmente en tu sitio web Jimdo sin comprar un plan pago. Con nuestro editor intuitivo, cualquier usuario de Internet puede crear un widget Form Builder en l\u00ednea e incrustarlo f\u00e1cilmente en su sitio web Jimdo. No es necesario pagar ni ingresar las credenciales de su tarjeta para acceder al servicio. Si tienes alg\u00fan problema en cualquier paso, no dudes en ponerte en contacto con nuestro equipo de soporte t\u00e9cnico.<\/p> <\/div>\r\n\t\t\t\t\t<\/div>\r\n\t\t\t\t<\/div><div class=\"faq-item\">\r\n\t\t\t\t\t<div class=\"faq-item-question\">\r\n\t\t\t\t\t\t<h3 class=\"faq-item-question-text\">\u00bfExisten plantillas de Form Builder personalizadas para el sitio web de Jimdo?<\/h3>\r\n\r\n\t\t\t\t\t\t<div class=\"faq-item-question-icon\"><\/div>\r\n\t\t\t\t\t<\/div>\r\n\r\n\t\t\t\t\t<div class=\"faq-item-answer\">\r\n\t\t\t\t\t\t<div class=\"faq-item-answer-text\"><p>\u00a1S\u00ed, absolutamente! Hay m\u00e1s de 300 plantillas listas para usar para cualquier caso, como <a href=\"https:\/\/elfsight.com\/online-form-builder\/templates\/application-forms\/\">Formularios de solicitud<\/a>, <a href=\"https:\/\/elfsight.com\/online-form-builder\/templates\/booking-forms\/\">Formularios de reserva<\/a>, <a href=\"https:\/\/elfsight.com\/online-form-builder\/templates\/order-forms\/\">Formularios de pedido<\/a>, <a href=\"https:\/\/elfsight.com\/online-form-builder\/templates\/product-forms\/\">Formularios de producto<\/a>, <a href=\"https:\/\/elfsight.com\/online-form-builder\/templates\/questionnaires\/\">Cuestionarios<\/a>, <a href=\"https:\/\/elfsight.com\/online-form-builder\/templates\/quizzes\/\">Cuestionarios<\/a>, <a href=\"https:\/\/elfsight.com\/online-form-builder\/templates\/surveys\/\">Encuestas<\/a>, <a href=\"https:\/\/elfsight.com\/online-form-builder\/templates\/file-upload-forms\/\">Formularios de carga de archivos<\/a> y muchos m\u00e1s. No dudes en probar las <a href=\"https:\/\/elfsight.com\/online-form-builder\/templates\/\">plantillas de Form Builder<\/a> y compartir tu opini\u00f3n con nosotros.<\/p><\/div>\r\n\t\t\t\t\t<\/div>\r\n\t\t\t\t<\/div> <\/div> <\/div>","protected":false},"excerpt":{"rendered":"","protected":false},"author":9,"featured_media":0,"parent":1746,"menu_order":0,"comment_status":"closed","ping_status":"closed","template":"templates\/template-application-platform.php","meta":{"publish_to_discourse":"","publish_post_category":"","wpdc_auto_publish_overridden":"","wpdc_topic_tags":"","wpdc_pin_topic":"","wpdc_pin_until":"","discourse_post_id":"","discourse_permalink":"","wpdc_publishing_response":"","wpdc_publishing_error":"","footnotes":""},"class_list":["post-6499","page","type-page","status-publish","hentry"],"yoast_head":"<!-- This site is optimized with the Yoast SEO plugin v25.3.1 - https:\/\/yoast.com\/wordpress\/plugins\/seo\/ -->\n<title>\u00a1Crea y a\u00f1ade formularios personalizados en Jimdo gratis!<\/title>\n<meta name=\"description\" content=\"Examina el mejor widget de creaci\u00f3n de formularios online para Jimdo de forma gratuita. Una configuraci\u00f3n sencilla y r\u00e1pida sin codificaci\u00f3n en varios minutos.\" \/>\n<meta name=\"robots\" content=\"index, follow, max-snippet:-1, max-image-preview:large, max-video-preview:-1\" \/>\n<link rel=\"canonical\" href=\"https:\/\/elfsight.com\/es\/online-form-builder\/jimdo\/\" \/>\n<meta property=\"og:locale\" content=\"es_ES\" \/>\n<meta property=\"og:type\" content=\"article\" \/>\n<meta property=\"og:title\" content=\"\u00a1Crea y a\u00f1ade formularios personalizados en Jimdo gratis!\" \/>\n<meta property=\"og:description\" content=\"Examina el mejor widget de creaci\u00f3n de formularios online para Jimdo de forma gratuita. Una configuraci\u00f3n sencilla y r\u00e1pida sin codificaci\u00f3n en varios minutos.\" \/>\n<meta property=\"og:url\" content=\"https:\/\/elfsight.com\/es\/online-form-builder\/jimdo\/\" \/>\n<meta property=\"og:site_name\" content=\"Elfsight ES\" \/>\n<meta property=\"article:modified_time\" content=\"2025-02-06T16:03:29+00:00\" \/>\n<meta name=\"twitter:card\" content=\"summary_large_image\" \/>\n<meta name=\"twitter:label1\" content=\"Tiempo de lectura\" \/>\n\t<meta name=\"twitter:data1\" content=\"4 minutos\" \/>\n<!-- \/ Yoast SEO plugin. -->","yoast_head_json":{"title":"\u00a1Crea y a\u00f1ade formularios personalizados en Jimdo gratis!","description":"Examina el mejor widget de creaci\u00f3n de formularios online para Jimdo de forma gratuita. Una configuraci\u00f3n sencilla y r\u00e1pida sin codificaci\u00f3n en varios minutos.","robots":{"index":"index","follow":"follow","max-snippet":"max-snippet:-1","max-image-preview":"max-image-preview:large","max-video-preview":"max-video-preview:-1"},"canonical":"https:\/\/elfsight.com\/es\/online-form-builder\/jimdo\/","og_locale":"es_ES","og_type":"article","og_title":"\u00a1Crea y a\u00f1ade formularios personalizados en Jimdo gratis!","og_description":"Examina el mejor widget de creaci\u00f3n de formularios online para Jimdo de forma gratuita. Una configuraci\u00f3n sencilla y r\u00e1pida sin codificaci\u00f3n en varios minutos.","og_url":"https:\/\/elfsight.com\/es\/online-form-builder\/jimdo\/","og_site_name":"Elfsight ES","article_modified_time":"2025-02-06T16:03:29+00:00","twitter_card":"summary_large_image","twitter_misc":{"Tiempo de lectura":"4 minutos"},"schema":{"@context":"https:\/\/schema.org","@graph":[{"@type":"WebPage","@id":"https:\/\/elfsight.com\/es\/online-form-builder\/jimdo\/","url":"https:\/\/elfsight.com\/es\/online-form-builder\/jimdo\/","name":"\u00a1Crea y a\u00f1ade formularios personalizados en Jimdo gratis!","isPartOf":{"@id":"https:\/\/elfsight.com\/es\/#website"},"datePublished":"1970-01-01T00:00:00+00:00","dateModified":"2025-02-06T16:03:29+00:00","description":"Examina el mejor widget de creaci\u00f3n de formularios online para Jimdo de forma gratuita. Una configuraci\u00f3n sencilla y r\u00e1pida sin codificaci\u00f3n en varios minutos.","breadcrumb":{"@id":"https:\/\/elfsight.com\/es\/online-form-builder\/jimdo\/#breadcrumb"},"inLanguage":"es","potentialAction":[{"@type":"ReadAction","target":["https:\/\/elfsight.com\/es\/online-form-builder\/jimdo\/"]}]},{"@type":"BreadcrumbList","@id":"https:\/\/elfsight.com\/es\/online-form-builder\/jimdo\/#breadcrumb","itemListElement":[{"@type":"ListItem","position":1,"name":"Home","item":"https:\/\/elfsight.com\/es\/"},{"@type":"ListItem","position":2,"name":"Form Builder","item":"https:\/\/elfsight.com\/es\/online-form-builder\/"},{"@type":"ListItem","position":3,"name":"Form Builder &#8211; Jimdo"}]},{"@type":"WebSite","@id":"https:\/\/elfsight.com\/es\/#website","url":"https:\/\/elfsight.com\/es\/","name":"Elfsight ES","description":"Just another Elfsight Sites site","potentialAction":[{"@type":"SearchAction","target":{"@type":"EntryPoint","urlTemplate":"https:\/\/elfsight.com\/es\/?s={search_term_string}"},"query-input":{"@type":"PropertyValueSpecification","valueRequired":true,"valueName":"search_term_string"}}],"inLanguage":"es"}]}},"meta_box":{"industry":"","seo_heading":"","heading":"","description":"","cta_heading":"","cta_description":"","application":"1745","h1":"Widget de creaci\u00f3n de formularios en l\u00ednea para Jimdo","h1_caption":"Detalles de construcci\u00f3n: recopilaci\u00f3n de formas de distintos tipos en pasos r\u00e1pidos","application_category":[],"applications_title":"","applications_request_title":"","applications_request_button_text":"","hero_text":"","hero_video":"","hero_video_schema_markup":"","selling_points_title":"","selling_points_caption":"","selling_points":[],"selling_points_cta_text":"","features_title":"","features":"","ed_cta_examples_text":"","ed_cta_examples_hidden":"","ed_cta_demo_text":"","ed_cta_demo_hidden":"","why_caption":"","why_editor_title":"","why_editor_text":"","why_team_title":"","why_team_text":"","why_service_title":"","why_service_text":"","template_catalog_visible":"","template_catalog_title":"","template_catalog_text":"","template_catalog_categories_visible":"","demo_title":"Crea tu widget de Creador de formularios","demo_caption":"\u00a1Configura tu Creador de formularios y a\u00f1\u00e1delo a tu sitio web Jimdo gratis!","default_faq_hidden":"","app_template_category":[],"platform":"2198","template_public_id":"","codecanyon_url":"","codecanyon_item_id":"","codecanyon_price":"","pricing_caption":"","pricing_elfsight_apps_hide_column":"","pricing_elfsight_apps_url":"","pricing_codecanyon_price_caption":"","integration_category":[],"integration_request_title":"","integration_request_cta":"","integration_platform":"","integrations":[],"platform_category":[],"video_schema_markup":"","price":"desde $0 \/ mes","trial":"","benefits":[{"text":"Ayuda de instalaci\u00f3n gratuita"},{"text":"Servicio al cliente eficaz"},{"text":"Garant\u00eda de devoluci\u00f3n de dinero de 14 d\u00edas"},{"text":"Mejoras de por vida"}],"button_url":"#demo","button_target_blank":"","button_nofollow":"","attributes":[{"name":"Instalaciones","content":"100,000 - 500,000"},{"name":"Sensible","content":"S\u00ed"},{"name":"Navegadores compatibles","content":"Firefox, Safari, Opera, Chrome, Edge"}],"tags":[],"tags_disable_links":"","hide_more_platforms":"","video_object":"","demo_hide_cta":"","demo_hide_cloud_options":"","pricing_title":"","pricing":[{"pricing_icon":"platform","pricing_title":"Elfsight Apps","pricing_title_caption":"Soluci\u00f3n multiplataforma que funciona en cualquier sitio","pricing_price":"desde $0 \/ mes","pricing_price_caption":"comienza con un plan gratuito","pricing_benefits":[{"text":"N\u00famero ilimitado de dominios"},{"text":"Soporte profesional y puntual"},{"text":"Asistencia de instalaci\u00f3n gratuita"},{"text":"Totalmente personalizable"}],"pricing_button_text":"A\u00f1adir al sitio web","pricing_button_url":"#demo"}],"related_apps_title":"","related_apps_hidden":"","author":"","image":[],"title":"","job":"","social_networks":[]},"_links":{"self":[{"href":"https:\/\/elfsight.com\/es\/wp-json\/wp\/v2\/pages\/6499","targetHints":{"allow":["GET"]}}],"collection":[{"href":"https:\/\/elfsight.com\/es\/wp-json\/wp\/v2\/pages"}],"about":[{"href":"https:\/\/elfsight.com\/es\/wp-json\/wp\/v2\/types\/page"}],"author":[{"embeddable":true,"href":"https:\/\/elfsight.com\/es\/wp-json\/wp\/v2\/users\/9"}],"replies":[{"embeddable":true,"href":"https:\/\/elfsight.com\/es\/wp-json\/wp\/v2\/comments?post=6499"}],"version-history":[{"count":2,"href":"https:\/\/elfsight.com\/es\/wp-json\/wp\/v2\/pages\/6499\/revisions"}],"predecessor-version":[{"id":19106,"href":"https:\/\/elfsight.com\/es\/wp-json\/wp\/v2\/pages\/6499\/revisions\/19106"}],"up":[{"embeddable":true,"href":"https:\/\/elfsight.com\/es\/wp-json\/wp\/v2\/pages\/1746"}],"wp:attachment":[{"href":"https:\/\/elfsight.com\/es\/wp-json\/wp\/v2\/media?parent=6499"}],"curies":[{"name":"wp","href":"https:\/\/api.w.org\/{rel}","templated":true}]}}