{"id":6469,"date":"1970-01-01T00:00:00","date_gmt":"1970-01-01T00:00:00","guid":{"rendered":"https:\/\/elfsight.com\/es\/?page_id=6469"},"modified":"2025-02-06T16:03:45","modified_gmt":"2025-02-06T16:03:45","slug":"cs-cart","status":"publish","type":"page","link":"https:\/\/elfsight.com\/es\/online-form-builder\/cs-cart\/","title":{"rendered":"Form Builder &#8211; CS-Cart"},"content":{"rendered":"<div class=\"application-platform-content-item-description application-platform-content-item\" id=\"description\" data-nav-section=\"description\"><h2>Descripci\u00f3n<\/h2>Elfsight Form Builder es una soluci\u00f3n vers\u00e1til para su sitio web CS-Cart que le permite crear diferentes tipos de formularios y presentarlos en su sitio web. Puede recopilar informaci\u00f3n de sus clientes actuales y potenciales a trav\u00e9s de encuestas, formularios de comentarios, solicitudes de calificaci\u00f3n y otros formatos que se pueden completar f\u00e1cilmente. Puede dise\u00f1ar la estructura del formulario, elegir elementos, especificar tipos de entrada, agregar escalas y m\u00e1s para desarrollar formularios de llenado manejables y efectivos para la recopilaci\u00f3n de datos.<b>\u00a1Empiece a usar Form Builder para lograr sus objetivos comerciales m\u00e1s r\u00e1pido!<\/b><\/div><div class=\"application-platform-content-item-features application-platform-content-item\" id=\"features\" data-nav-section=\"features\"><h2>Ofrecemos funciones \u00fatiles y f\u00e1ciles de usar, consulte algunas de ellas:<\/h2><ul> <li>Agregue CTA a la gu\u00eda usuarios hacia su objetivo.<\/li> <li>Ajuste la duraci\u00f3n del cambio de diapositiva.<\/li> <li>Elija entre m\u00faltiples variantes.<\/li> <li>Coloque su texto en cualquier lugar de la p\u00e1gina con la ayuda de la posici\u00f3n avanzada.<\/li> <li>Modifique cinco elementos de contenido.<\/li><\/ul><a href=\"#demo\">Pruebe todas las configuraciones en una demostraci\u00f3n completamente funcional<\/a><\/div><div class=\"application-platform-content-item-installation application-platform-content-item\" id=\"installation\" data-nav-section=\"installation\"><h2>\u00bfC\u00f3mo puedo incrustar Form Builder en mi sitio web CS-Cart?<\/h2>Integrar el widget en su sitio web es simple, simplemente siga los pasos a continuaci\u00f3n:<ol> <li><b>Abra nuestro configurador gratuito y cree su complemento personalizado.<\/b>Elija el aspecto y la funcionalidad preferibles del complemento y aplique las ediciones.<\/li> <li><b>Copia el c\u00f3digo personal que aparece en la ventana de Elfsight Aplicaciones.<\/b>Una vez que haya creado su widget personal, copie el c\u00f3digo individual de la ventana que aparece y gu\u00e1rdelo para su uso posterior.<\/li> <li><b>Utilice el complemento en su sitio CS-Cart.<\/b>Inserte el c\u00f3digo que copi\u00f3 recientemente en su p\u00e1gina web y guarde las ediciones.<\/li> <li><b>La instalaci\u00f3n se realiz\u00f3 exitosamente.<\/b>Visite su sitio web para verificar el funcionamiento del complemento.<\/li><\/ol>Si encuentra alguna dificultad, comun\u00edquese con nuestro soporte. equipo. Nuestros especialistas estar\u00e1n encantados de ayudarte con todas las dudas que puedas tener sobre el producto.<\/div>","protected":false},"excerpt":{"rendered":"","protected":false},"author":9,"featured_media":0,"parent":1746,"menu_order":0,"comment_status":"closed","ping_status":"closed","template":"templates\/template-application-platform.php","meta":{"publish_to_discourse":"","publish_post_category":"","wpdc_auto_publish_overridden":"","wpdc_topic_tags":"","wpdc_pin_topic":"","wpdc_pin_until":"","discourse_post_id":"","discourse_permalink":"","wpdc_publishing_response":"","wpdc_publishing_error":"","footnotes":""},"class_list":["post-6469","page","type-page","status-publish","hentry"],"yoast_head":"<!-- This site is optimized with the Yoast SEO plugin v25.3.1 - https:\/\/yoast.com\/wordpress\/plugins\/seo\/ -->\n<title>CS-Cart Form Builder: agregue un widget de formulario al sitio web de CS-Cart (f\u00e1cil)<\/title>\n<meta name=\"description\" content=\"Cree un generador de formularios en l\u00ednea en CS-Cart en solo 1 minuto. Pruebe todas las ventajas b\u00e1sicas del widget de mejor formulario en un configurador gratuito.\" \/>\n<meta name=\"robots\" content=\"index, follow, max-snippet:-1, max-image-preview:large, max-video-preview:-1\" \/>\n<link rel=\"canonical\" href=\"https:\/\/elfsight.com\/es\/online-form-builder\/cs-cart\/\" \/>\n<meta property=\"og:locale\" content=\"es_ES\" \/>\n<meta property=\"og:type\" content=\"article\" \/>\n<meta property=\"og:title\" content=\"CS-Cart Form Builder: agregue un widget de formulario al sitio web de CS-Cart (f\u00e1cil)\" \/>\n<meta property=\"og:description\" content=\"Cree un generador de formularios en l\u00ednea en CS-Cart en solo 1 minuto. Pruebe todas las ventajas b\u00e1sicas del widget de mejor formulario en un configurador gratuito.\" \/>\n<meta property=\"og:url\" content=\"https:\/\/elfsight.com\/es\/online-form-builder\/cs-cart\/\" \/>\n<meta property=\"og:site_name\" content=\"Elfsight ES\" \/>\n<meta property=\"article:modified_time\" content=\"2025-02-06T16:03:45+00:00\" \/>\n<meta name=\"twitter:card\" content=\"summary_large_image\" \/>\n<meta name=\"twitter:label1\" content=\"Tiempo de lectura\" \/>\n\t<meta name=\"twitter:data1\" content=\"2 minutos\" \/>\n<!-- \/ Yoast SEO plugin. -->","yoast_head_json":{"title":"CS-Cart Form Builder: agregue un widget de formulario al sitio web de CS-Cart (f\u00e1cil)","description":"Cree un generador de formularios en l\u00ednea en CS-Cart en solo 1 minuto. Pruebe todas las ventajas b\u00e1sicas del widget de mejor formulario en un configurador gratuito.","robots":{"index":"index","follow":"follow","max-snippet":"max-snippet:-1","max-image-preview":"max-image-preview:large","max-video-preview":"max-video-preview:-1"},"canonical":"https:\/\/elfsight.com\/es\/online-form-builder\/cs-cart\/","og_locale":"es_ES","og_type":"article","og_title":"CS-Cart Form Builder: agregue un widget de formulario al sitio web de CS-Cart (f\u00e1cil)","og_description":"Cree un generador de formularios en l\u00ednea en CS-Cart en solo 1 minuto. Pruebe todas las ventajas b\u00e1sicas del widget de mejor formulario en un configurador gratuito.","og_url":"https:\/\/elfsight.com\/es\/online-form-builder\/cs-cart\/","og_site_name":"Elfsight ES","article_modified_time":"2025-02-06T16:03:45+00:00","twitter_card":"summary_large_image","twitter_misc":{"Tiempo de lectura":"2 minutos"},"schema":{"@context":"https:\/\/schema.org","@graph":[{"@type":"WebPage","@id":"https:\/\/elfsight.com\/es\/online-form-builder\/cs-cart\/","url":"https:\/\/elfsight.com\/es\/online-form-builder\/cs-cart\/","name":"CS-Cart Form Builder: agregue un widget de formulario al sitio web de CS-Cart (f\u00e1cil)","isPartOf":{"@id":"https:\/\/elfsight.com\/es\/#website"},"datePublished":"1970-01-01T00:00:00+00:00","dateModified":"2025-02-06T16:03:45+00:00","description":"Cree un generador de formularios en l\u00ednea en CS-Cart en solo 1 minuto. Pruebe todas las ventajas b\u00e1sicas del widget de mejor formulario en un configurador gratuito.","breadcrumb":{"@id":"https:\/\/elfsight.com\/es\/online-form-builder\/cs-cart\/#breadcrumb"},"inLanguage":"es","potentialAction":[{"@type":"ReadAction","target":["https:\/\/elfsight.com\/es\/online-form-builder\/cs-cart\/"]}]},{"@type":"BreadcrumbList","@id":"https:\/\/elfsight.com\/es\/online-form-builder\/cs-cart\/#breadcrumb","itemListElement":[{"@type":"ListItem","position":1,"name":"Home","item":"https:\/\/elfsight.com\/es\/"},{"@type":"ListItem","position":2,"name":"Form Builder","item":"https:\/\/elfsight.com\/es\/online-form-builder\/"},{"@type":"ListItem","position":3,"name":"Form Builder &#8211; CS-Cart"}]},{"@type":"WebSite","@id":"https:\/\/elfsight.com\/es\/#website","url":"https:\/\/elfsight.com\/es\/","name":"Elfsight ES","description":"Just another Elfsight Sites site","potentialAction":[{"@type":"SearchAction","target":{"@type":"EntryPoint","urlTemplate":"https:\/\/elfsight.com\/es\/?s={search_term_string}"},"query-input":{"@type":"PropertyValueSpecification","valueRequired":true,"valueName":"search_term_string"}}],"inLanguage":"es"}]}},"meta_box":{"industry":"","seo_heading":"","heading":"","description":"","cta_heading":"","cta_description":"","application":"1745","h1":"Creador de formularios en l\u00ednea para CS-Cart","h1_caption":"Mejore la experiencia del usuario de su sitio web y atraiga nuevos visitantes con Elfsight Form Builder","application_category":[],"applications_title":"","applications_request_title":"","applications_request_button_text":"","hero_text":"","hero_video":"","hero_video_schema_markup":"","selling_points_title":"","selling_points_caption":"","selling_points":[],"selling_points_cta_text":"","features_title":"","features":"","ed_cta_examples_text":"","ed_cta_examples_hidden":"","ed_cta_demo_text":"","ed_cta_demo_hidden":"","why_caption":"","why_editor_title":"","why_editor_text":"","why_team_title":"","why_team_text":"","why_service_title":"","why_service_text":"","template_catalog_visible":"","template_catalog_title":"","template_catalog_text":"","template_catalog_categories_visible":"","demo_title":"Cree un generador de formularios CS-Cart personalizado","demo_caption":"Personal\u00edzalo y agr\u00e9galo a tu sitio con una demostraci\u00f3n en vivo","default_faq_hidden":"","app_template_category":[],"platform":"52","template_public_id":"","codecanyon_url":"","codecanyon_item_id":"","codecanyon_price":"","pricing_caption":"","pricing_elfsight_apps_hide_column":"","pricing_elfsight_apps_url":"","pricing_codecanyon_price_caption":"","integration_category":[],"integration_request_title":"","integration_request_cta":"","integration_platform":"","integrations":[],"platform_category":[],"video_schema_markup":"","price":"desde $0 \/ mes","trial":"","benefits":[{"text":"Servicio de instalaci\u00f3n gratuito"},{"text":"Soporte premium"},{"text":"Garant\u00eda de reembolso de 14 d\u00edas"},{"text":"Desarrollo continuo"}],"button_url":"#demo","button_target_blank":"","button_nofollow":"","attributes":[{"name":"Instalaciones","content":"100,000 - 500,000"},{"name":"Sensible","content":"S\u00ed"},{"name":"Navegadores compatibles","content":"IE11, Firefox, Safari, Opera, Chrome, Edge"}],"tags":[],"tags_disable_links":"","hide_more_platforms":"","video_object":"","demo_hide_cta":"","demo_hide_cloud_options":"","pricing_title":"","pricing":[{"pricing_icon":"platform","pricing_title":"CS-Cart widget","pricing_title_caption":"Soluci\u00f3n multiplataforma que se adapta a cualquier sitio web.","pricing_price":"desde $0 \/ mes","pricing_price_caption":"comienza con el plan gratuito","pricing_benefits":[{"text":"Sitios web ilimitados"},{"text":"Soporte 24 horas al d\u00eda, 7 d\u00edas a la semana, puntual y bien documentado."},{"text":"Asistencia de instalaci\u00f3n gratuita"},{"text":"Oferta por tiempo limitado para m\u00faltiples aplicaciones"}],"pricing_button_text":"A\u00f1adir al sitio web","pricing_button_url":"#demo"}],"related_apps_title":"","related_apps_hidden":"","author":"","image":[],"title":"","job":"","social_networks":[]},"_links":{"self":[{"href":"https:\/\/elfsight.com\/es\/wp-json\/wp\/v2\/pages\/6469","targetHints":{"allow":["GET"]}}],"collection":[{"href":"https:\/\/elfsight.com\/es\/wp-json\/wp\/v2\/pages"}],"about":[{"href":"https:\/\/elfsight.com\/es\/wp-json\/wp\/v2\/types\/page"}],"author":[{"embeddable":true,"href":"https:\/\/elfsight.com\/es\/wp-json\/wp\/v2\/users\/9"}],"replies":[{"embeddable":true,"href":"https:\/\/elfsight.com\/es\/wp-json\/wp\/v2\/comments?post=6469"}],"version-history":[{"count":2,"href":"https:\/\/elfsight.com\/es\/wp-json\/wp\/v2\/pages\/6469\/revisions"}],"predecessor-version":[{"id":19113,"href":"https:\/\/elfsight.com\/es\/wp-json\/wp\/v2\/pages\/6469\/revisions\/19113"}],"up":[{"embeddable":true,"href":"https:\/\/elfsight.com\/es\/wp-json\/wp\/v2\/pages\/1746"}],"wp:attachment":[{"href":"https:\/\/elfsight.com\/es\/wp-json\/wp\/v2\/media?parent=6469"}],"curies":[{"name":"wp","href":"https:\/\/api.w.org\/{rel}","templated":true}]}}