{"id":6436,"date":"1970-01-01T00:00:00","date_gmt":"1970-01-01T00:00:00","guid":{"rendered":"https:\/\/elfsight.com\/es\/?page_id=6436"},"modified":"2025-02-06T16:04:01","modified_gmt":"2025-02-06T16:04:01","slug":"prestashop","status":"publish","type":"page","link":"https:\/\/elfsight.com\/es\/accordion-faq-widget\/prestashop\/","title":{"rendered":"FAQ &#8211; PrestaShop"},"content":{"rendered":"<div class=\"application-platform-content-item-description application-platform-content-item\" id=\"description\" data-nav-section=\"description\"> <h2>Descripci\u00f3n<\/h2> <p>Explore un manual completo sobre c\u00f3mo adaptar el widget a un sitio. Antic\u00edpese a las preguntas de sus clientes con la ayuda del widget de preguntas frecuentes de Elfsight. Muestre a sus clientes m\u00e1s informaci\u00f3n sobre bienes o servicios utilizando el widget de preguntas frecuentes de Elfsight. Revele las respuestas a las preguntas m\u00e1s frecuentes de antemano con la ayuda de las preguntas frecuentes. <\/p><p><b>Haga que su sitio sea m\u00e1s eficaz para los objetivos comerciales con la ayuda de las preguntas frecuentes.<\/b><\/p> <\/div> <div class=\"application-platform-content-item-features application-platform-content-item\" id=\"features\" data-nav-section=\"features\"> <h2>Estas son solo algunas de las amplias funciones del widget: <\/h2> <ul><li>3 dise\u00f1os listos para usar: acorde\u00f3n, lista, multicolumna<\/li><li>4 estilos listos para usar con sombras y bordes<\/li><li>36 iconos predefinidos para categor\u00edas<\/li><li>Colores personalizables de nombre de categor\u00eda, texto de respuesta y texto de pregunta<\/li><li>Mostrar u ocultar nombres de categor\u00edas<\/li><li>Icono de cruz o flecha para dise\u00f1o de acorde\u00f3n<\/li><li>HTML compatible con el texto<\/li><li>Esquema de preguntas de microdatos para ayudar con la optimizaci\u00f3n SEO<\/li><\/ul><p><a href=\"#demo\">Puedes comprobar la funcionalidad completa del widget en la demostraci\u00f3n <\/a><\/p> <\/div> <div class=\"application-platform-content-item-installation application-platform-content-item\" id=\"installation\" data-nav-section=\"installation\"> <h2>\u00bfC\u00f3mo puedo agregar preguntas frecuentes a mi sitio PrestaShop? <\/h2> <p>Simplemente siga los siguientes pasos que se presentan a continuaci\u00f3n para integrar el widget. <\/p> <ol><li><b>Realice nuestra demostraci\u00f3n gratuita y comience a crear su widget personalizado. <\/b><br> Especifique la forma y las especificaciones adecuadas del widget y guarde las correcciones. <\/li> <li><b>Copia el c\u00f3digo personal que se muestra en el cuadro de Elfsight Apps. <\/b><br> Una vez finalizado el establecimiento de su widget, copie el c\u00f3digo individual en la ventana emergente que aparece y gu\u00e1rdelo para ocasiones posteriores. <\/li> <li><b>Empiece a utilizar el widget en su p\u00e1gina de inicio de PrestaShop. <\/b><br>Integre el c\u00f3digo que ha guardado antes en su p\u00e1gina de inicio y aplique las modificaciones. <\/li> <li><b>\u00a1Ya terminaste! La integraci\u00f3n ha finalizado con \u00e9xito. <\/b><br>Vaya a su p\u00e1gina para examinar c\u00f3mo funciona el complemento. <\/li><\/ol> <p>En caso de que tenga alguna dificultad, no dude en contactar con nuestro personal de soporte. Nuestra gente estar\u00e1 encantada de resolver todas las dificultades que puedas tener con el complemento. <\/p> <div class=\"faq\" data-component=\"FAQ\"><div class=\"faq-item\">\r\n\t\t\t\t\t<div class=\"faq-item-question\">\r\n\t\t\t\t\t\t<h3 class=\"faq-item-question-text\">\u00bfC\u00f3mo puedo agregar preguntas frecuentes a mi sitio web PrestaShop sin conocimientos de codificaci\u00f3n?<\/h3>\r\n\r\n\t\t\t\t\t\t<div class=\"faq-item-question-icon\"><\/div>\r\n\t\t\t\t\t<\/div>\r\n\r\n\t\t\t\t\t<div class=\"faq-item-answer\">\r\n\t\t\t\t\t\t<div class=\"faq-item-answer-text\"> <p>Elfsight proporciona una soluci\u00f3n SaaS que le permite crear un widget de preguntas frecuentes usted mismo. Vea lo f\u00e1cil que es el proceso: trabaje directamente en el editor en l\u00ednea para crear un widget de preguntas frecuentes que le gustar\u00eda ver en su sitio web de PrestaShop. Elija una de las plantillas predise\u00f1adas y ajuste la configuraci\u00f3n de preguntas frecuentes, agregue su contenido, cambie el dise\u00f1o y los colores sin conocimientos de codificaci\u00f3n. Guarda las preguntas frecuentes y copia su c\u00f3digo de instalaci\u00f3n, que podr\u00e1s incluir en tu sitio web PrestaShop sin comprar una versi\u00f3n de pago. Con nuestro editor intuitivo, cualquier usuario de Internet puede crear un widget de preguntas frecuentes en l\u00ednea e incrustarlo f\u00e1cilmente en su sitio web PrestaShop. No es necesario pagar ni ingresar las credenciales de su tarjeta para acceder al servicio. Si tiene alg\u00fan problema en cualquier paso, no dude en ponerse en contacto con nuestro equipo de soporte t\u00e9cnico.<\/p> <\/div>\r\n\t\t\t\t\t<\/div>\r\n\t\t\t\t<\/div> <\/div><\/div>","protected":false},"excerpt":{"rendered":"","protected":false},"author":9,"featured_media":0,"parent":1771,"menu_order":0,"comment_status":"closed","ping_status":"closed","template":"templates\/template-application-platform.php","meta":{"publish_to_discourse":"","publish_post_category":"","wpdc_auto_publish_overridden":"","wpdc_topic_tags":"","wpdc_pin_topic":"","wpdc_pin_until":"","discourse_post_id":"","discourse_permalink":"","wpdc_publishing_response":"","wpdc_publishing_error":"","footnotes":""},"class_list":["post-6436","page","type-page","status-publish","hentry"],"yoast_head":"<!-- This site is optimized with the Yoast SEO plugin v25.3.1 - https:\/\/yoast.com\/wordpress\/plugins\/seo\/ -->\n<title>Preguntas frecuentes sobre acorde\u00f3n: agregue el widget de preguntas frecuentes al sitio web de SquareSpace<\/title>\n<meta name=\"description\" content=\"Obtenga su widget de preguntas frecuentes individual para Squarespace en solo 3 minutos. Utilice nuestro editor r\u00e1pido para crear complementos de Elfsight, totalmente gratis.\" \/>\n<meta name=\"robots\" content=\"index, follow, max-snippet:-1, max-image-preview:large, max-video-preview:-1\" \/>\n<link rel=\"canonical\" href=\"https:\/\/elfsight.com\/es\/accordion-faq-widget\/prestashop\/\" \/>\n<meta property=\"og:locale\" content=\"es_ES\" \/>\n<meta property=\"og:type\" content=\"article\" \/>\n<meta property=\"og:title\" content=\"Preguntas frecuentes sobre acorde\u00f3n: agregue el widget de preguntas frecuentes al sitio web de SquareSpace\" \/>\n<meta property=\"og:description\" content=\"Obtenga su widget de preguntas frecuentes individual para Squarespace en solo 3 minutos. Utilice nuestro editor r\u00e1pido para crear complementos de Elfsight, totalmente gratis.\" \/>\n<meta property=\"og:url\" content=\"https:\/\/elfsight.com\/es\/accordion-faq-widget\/prestashop\/\" \/>\n<meta property=\"og:site_name\" content=\"Elfsight ES\" \/>\n<meta property=\"article:modified_time\" content=\"2025-02-06T16:04:01+00:00\" \/>\n<meta name=\"twitter:card\" content=\"summary_large_image\" \/>\n<meta name=\"twitter:label1\" content=\"Tiempo de lectura\" \/>\n\t<meta name=\"twitter:data1\" content=\"3 minutos\" \/>\n<!-- \/ Yoast SEO plugin. -->","yoast_head_json":{"title":"Preguntas frecuentes sobre acorde\u00f3n: agregue el widget de preguntas frecuentes al sitio web de SquareSpace","description":"Obtenga su widget de preguntas frecuentes individual para Squarespace en solo 3 minutos. Utilice nuestro editor r\u00e1pido para crear complementos de Elfsight, totalmente gratis.","robots":{"index":"index","follow":"follow","max-snippet":"max-snippet:-1","max-image-preview":"max-image-preview:large","max-video-preview":"max-video-preview:-1"},"canonical":"https:\/\/elfsight.com\/es\/accordion-faq-widget\/prestashop\/","og_locale":"es_ES","og_type":"article","og_title":"Preguntas frecuentes sobre acorde\u00f3n: agregue el widget de preguntas frecuentes al sitio web de SquareSpace","og_description":"Obtenga su widget de preguntas frecuentes individual para Squarespace en solo 3 minutos. Utilice nuestro editor r\u00e1pido para crear complementos de Elfsight, totalmente gratis.","og_url":"https:\/\/elfsight.com\/es\/accordion-faq-widget\/prestashop\/","og_site_name":"Elfsight ES","article_modified_time":"2025-02-06T16:04:01+00:00","twitter_card":"summary_large_image","twitter_misc":{"Tiempo de lectura":"3 minutos"},"schema":{"@context":"https:\/\/schema.org","@graph":[{"@type":"WebPage","@id":"https:\/\/elfsight.com\/es\/accordion-faq-widget\/prestashop\/","url":"https:\/\/elfsight.com\/es\/accordion-faq-widget\/prestashop\/","name":"Preguntas frecuentes sobre acorde\u00f3n: agregue el widget de preguntas frecuentes al sitio web de SquareSpace","isPartOf":{"@id":"https:\/\/elfsight.com\/es\/#website"},"datePublished":"1970-01-01T00:00:00+00:00","dateModified":"2025-02-06T16:04:01+00:00","description":"Obtenga su widget de preguntas frecuentes individual para Squarespace en solo 3 minutos. Utilice nuestro editor r\u00e1pido para crear complementos de Elfsight, totalmente gratis.","breadcrumb":{"@id":"https:\/\/elfsight.com\/es\/accordion-faq-widget\/prestashop\/#breadcrumb"},"inLanguage":"es","potentialAction":[{"@type":"ReadAction","target":["https:\/\/elfsight.com\/es\/accordion-faq-widget\/prestashop\/"]}]},{"@type":"BreadcrumbList","@id":"https:\/\/elfsight.com\/es\/accordion-faq-widget\/prestashop\/#breadcrumb","itemListElement":[{"@type":"ListItem","position":1,"name":"Home","item":"https:\/\/elfsight.com\/es\/"},{"@type":"ListItem","position":2,"name":"FAQ","item":"https:\/\/elfsight.com\/es\/accordion-faq-widget\/"},{"@type":"ListItem","position":3,"name":"FAQ &#8211; PrestaShop"}]},{"@type":"WebSite","@id":"https:\/\/elfsight.com\/es\/#website","url":"https:\/\/elfsight.com\/es\/","name":"Elfsight ES","description":"Just another Elfsight Sites site","potentialAction":[{"@type":"SearchAction","target":{"@type":"EntryPoint","urlTemplate":"https:\/\/elfsight.com\/es\/?s={search_term_string}"},"query-input":{"@type":"PropertyValueSpecification","valueRequired":true,"valueName":"search_term_string"}}],"inLanguage":"es"}]}},"meta_box":{"industry":"","seo_heading":"","heading":"","description":"","cta_heading":"","cta_description":"","application":"1770","h1":"Complemento de preguntas frecuentes sobre acorde\u00f3n para PrestaShop","h1_caption":"Proporcione respuestas a preguntas frecuentes en un formato organizado y con capacidad de b\u00fasqueda para ayudar a los usuarios a encontrar soluciones r\u00e1pidamente en su sitio web Prestashop sin esfuerzo.","application_category":[],"applications_title":"","applications_request_title":"","applications_request_button_text":"","hero_text":"","hero_video":"","hero_video_schema_markup":"","selling_points_title":"","selling_points_caption":"","selling_points":[],"selling_points_cta_text":"","features_title":"","features":"","ed_cta_examples_text":"","ed_cta_examples_hidden":"","ed_cta_demo_text":"","ed_cta_demo_hidden":"","why_caption":"","why_editor_title":"","why_editor_text":"","why_team_title":"","why_team_text":"","why_service_title":"","why_service_text":"","template_catalog_visible":"","template_catalog_title":"","template_catalog_text":"","template_catalog_categories_visible":"","demo_title":"Crea tu complemento de preguntas frecuentes","demo_caption":"\u00a1Configura tus preguntas frecuentes y agr\u00e9galas a tu sitio web PrestaShop gratis!","default_faq_hidden":"","app_template_category":[],"platform":"2250","template_public_id":"","codecanyon_url":"","codecanyon_item_id":"","codecanyon_price":"","pricing_caption":"","pricing_elfsight_apps_hide_column":"","pricing_elfsight_apps_url":"","pricing_codecanyon_price_caption":"","integration_category":[],"integration_request_title":"","integration_request_cta":"","integration_platform":"","integrations":[],"platform_category":[],"video_schema_markup":"","price":"desde $0 \/ mes","trial":"","benefits":[{"text":"Ayuda de instalaci\u00f3n gratuita"},{"text":"Soporte excepcional"},{"text":"Garant\u00eda de reembolso de 14 d\u00edas"},{"text":"Actualizaciones gratuitas continuas"}],"button_url":"#demo","button_target_blank":"","button_nofollow":"","attributes":[{"name":"Instalaciones","content":"10,000 - 100,000"},{"name":"Sensible","content":"S\u00ed"},{"name":"Navegadores compatibles","content":"Firefox, Safari, Opera, Chrome, Edge"}],"tags":[],"tags_disable_links":"","hide_more_platforms":"","video_object":"","demo_hide_cta":"","demo_hide_cloud_options":"","pricing_title":"","pricing":[{"pricing_icon":"platform","pricing_title":"Elfsight Apps","pricing_title_caption":"Software multiplataforma que funciona en cualquier sitio","pricing_price":"desde $0 \/ mes","pricing_price_caption":"comienza con el plan gratuito","pricing_benefits":[{"text":"Sitios web ilimitados"},{"text":"Soporte profesional y puntual"},{"text":"Asistencia de instalaci\u00f3n gratuita"},{"text":"Totalmente personalizable"}],"pricing_button_text":"A\u00f1adir al sitio web","pricing_button_url":"#demo"}],"related_apps_title":"","related_apps_hidden":"","author":"","image":[],"title":"","job":"","social_networks":[]},"_links":{"self":[{"href":"https:\/\/elfsight.com\/es\/wp-json\/wp\/v2\/pages\/6436","targetHints":{"allow":["GET"]}}],"collection":[{"href":"https:\/\/elfsight.com\/es\/wp-json\/wp\/v2\/pages"}],"about":[{"href":"https:\/\/elfsight.com\/es\/wp-json\/wp\/v2\/types\/page"}],"author":[{"embeddable":true,"href":"https:\/\/elfsight.com\/es\/wp-json\/wp\/v2\/users\/9"}],"replies":[{"embeddable":true,"href":"https:\/\/elfsight.com\/es\/wp-json\/wp\/v2\/comments?post=6436"}],"version-history":[{"count":2,"href":"https:\/\/elfsight.com\/es\/wp-json\/wp\/v2\/pages\/6436\/revisions"}],"predecessor-version":[{"id":19119,"href":"https:\/\/elfsight.com\/es\/wp-json\/wp\/v2\/pages\/6436\/revisions\/19119"}],"up":[{"embeddable":true,"href":"https:\/\/elfsight.com\/es\/wp-json\/wp\/v2\/pages\/1771"}],"wp:attachment":[{"href":"https:\/\/elfsight.com\/es\/wp-json\/wp\/v2\/media?parent=6436"}],"curies":[{"name":"wp","href":"https:\/\/api.w.org\/{rel}","templated":true}]}}