{"id":6421,"date":"1970-01-01T00:00:00","date_gmt":"1970-01-01T00:00:00","guid":{"rendered":"https:\/\/elfsight.com\/es\/?page_id=6421"},"modified":"2025-02-06T16:04:01","modified_gmt":"2025-02-06T16:04:01","slug":"jimdo","status":"publish","type":"page","link":"https:\/\/elfsight.com\/es\/accordion-faq-widget\/jimdo\/","title":{"rendered":"FAQ &#8211; Jimdo"},"content":{"rendered":"<div class=\"application-platform-content-item-description application-platform-content-item\" id=\"description\" data-nav-section=\"description\"> <h2>Descripci\u00f3n<\/h2> <p>Veamos un art\u00edculo completo sobre c\u00f3mo instalar y ajustar el widget para su propio sitio web. Antic\u00edpese a las dudas de sus clientes con la ayuda del widget de preguntas frecuentes de Elfsight. Ofrezca a sus usuarios informaci\u00f3n m\u00e1s detallada sobre bienes o servicios con el widget de preguntas frecuentes. Proporcione las respuestas a las preguntas estrat\u00e9gicas de antemano. <\/p><p><b>\u00a1Agregue preguntas frecuentes para lograr sus objetivos de comercio electr\u00f3nico m\u00e1s r\u00e1pido!<\/b><\/p> <\/div> <div class=\"application-platform-content-item-features application-platform-content-item\" id=\"features\" data-nav-section=\"features\"> <h2>Estas son solo algunas de las m\u00faltiples funciones del widget: <\/h2> <ul><li>Tres dise\u00f1os listos para usar: acorde\u00f3n, lista, multicolumna<\/li><li>4 estilos listos para usar con bordes y sombras<\/li><li>Tres6 iconos predefinidos para categor\u00edas<\/li><li>Colores personalizables del nombre de la categor\u00eda, el texto de la pregunta y el texto de la respuesta<\/li><li>Mostrar u ocultar los nombres de las categor\u00edas<\/li><li>Icono de cruz o flecha para el dise\u00f1o de acorde\u00f3n<\/li><li>HTML compatible con el texto<\/li><li>Esquema de preguntas con microdatos para ayudar con la optimizaci\u00f3n SEO<\/li><\/ul><p><a href=\"#demo\">Pruebe todas las configuraciones de forma 100% funcional demo<\/a><\/p> <\/div> <div class=\"application-platform-content-item-installation application-platform-content-item\" id=\"installation\" data-nav-section=\"installation\"> <h2>\u00bfC\u00f3mo insertar una secci\u00f3n de preguntas frecuentes en mi sitio web Jimdo? <\/h2> <p>Simplemente siga las instrucciones a continuaci\u00f3n para integrar la herramienta. <\/p> <ol><li><b>Abre nuestro configurador gratuito y comienza a darle forma a tu widget personalizado. <\/b><br> Determine el dise\u00f1o personalizado y los aspectos del widget y aplique las ediciones. <\/li> <li><b>Adquiera el c\u00f3digo personal expuesto en el cuadro de Elfsight Apps. <\/b><br> Tan pronto como finalice la configuraci\u00f3n de su herramienta, copie el c\u00f3digo exclusivo de la ventana emergente que aparece y gu\u00e1rdelo para futuras necesidades. <\/li> <li><b>Comienza a utilizar el widget en la p\u00e1gina web de Jimdo. <\/b><br> Pega el c\u00f3digo que has copiado recientemente en tu p\u00e1gina de inicio y guarda las mejoras. <\/li> <li><b>\u00a1Ya terminaste! La configuraci\u00f3n se realiza con \u00e9xito. <\/b><br>Vaya a su p\u00e1gina para inspeccionar el funcionamiento del widget. <\/li><\/ol> <p>En caso de tener consultas o tener alg\u00fan problema, no dude en ponerse en contacto con nuestro equipo de atenci\u00f3n al cliente. Nuestros especialistas estar\u00e1n encantados de ayudarle con todas las dificultades que pueda tener con el widget. <\/p> <div class=\"faq\" data-component=\"FAQ\"><div class=\"faq-item\">\r\n\t\t\t\t\t<div class=\"faq-item-question\">\r\n\t\t\t\t\t\t<h3 class=\"faq-item-question-text\">\u00bfC\u00f3mo a\u00f1adir preguntas frecuentes a mi sitio web Jimdo sin conocimientos de codificaci\u00f3n?<\/h3>\r\n\r\n\t\t\t\t\t\t<div class=\"faq-item-question-icon\"><\/div>\r\n\t\t\t\t\t<\/div>\r\n\r\n\t\t\t\t\t<div class=\"faq-item-answer\">\r\n\t\t\t\t\t\t<div class=\"faq-item-answer-text\"> <p>Elfsight proporciona una soluci\u00f3n SaaS que te permite crear un widget de preguntas frecuentes t\u00fa mismo. Mira lo f\u00e1cil que es el proceso: trabaja directamente en el editor en l\u00ednea para crear un widget de preguntas frecuentes que te gustar\u00eda ver en tu sitio web Jimdo. Elija una de las plantillas predise\u00f1adas y ajuste la configuraci\u00f3n de preguntas frecuentes, agregue su contenido, cambie el dise\u00f1o y los colores sin conocimientos de codificaci\u00f3n. Guarda las preguntas frecuentes y copia su c\u00f3digo de instalaci\u00f3n, que puedes incluir f\u00e1cilmente en tu sitio web Jimdo sin comprar una versi\u00f3n paga. Con nuestro editor intuitivo, cualquier usuario de Internet puede crear un widget de preguntas frecuentes online e incrustarlo f\u00e1cilmente en su sitio web Jimdo. No es necesario pagar ni ingresar las credenciales de su tarjeta para acceder al servicio. Si tiene alg\u00fan problema en cualquier paso, no dude en ponerse en contacto con nuestro equipo de soporte t\u00e9cnico.<\/p> <\/div>\r\n\t\t\t\t\t<\/div>\r\n\t\t\t\t<\/div> <\/div><\/div>","protected":false},"excerpt":{"rendered":"","protected":false},"author":9,"featured_media":0,"parent":1771,"menu_order":0,"comment_status":"closed","ping_status":"closed","template":"templates\/template-application-platform.php","meta":{"publish_to_discourse":"","publish_post_category":"","wpdc_auto_publish_overridden":"","wpdc_topic_tags":"","wpdc_pin_topic":"","wpdc_pin_until":"","discourse_post_id":"","discourse_permalink":"","wpdc_publishing_response":"","wpdc_publishing_error":"","footnotes":""},"class_list":["post-6421","page","type-page","status-publish","hentry"],"yoast_head":"<!-- This site is optimized with the Yoast SEO plugin v25.3.1 - https:\/\/yoast.com\/wordpress\/plugins\/seo\/ -->\n<title>Preguntas frecuentes sobre acorde\u00f3n: agregue el widget de preguntas frecuentes al sitio web de Jimdo<\/title>\n<meta name=\"description\" content=\"Obt\u00e9n tu widget de preguntas frecuentes individual para Jimdo en s\u00f3lo 3 minutos. Utilice nuestro editor r\u00e1pido para crear complementos de Elfsight, totalmente gratis.\" \/>\n<meta name=\"robots\" content=\"index, follow, max-snippet:-1, max-image-preview:large, max-video-preview:-1\" \/>\n<link rel=\"canonical\" href=\"https:\/\/elfsight.com\/es\/accordion-faq-widget\/jimdo\/\" \/>\n<meta property=\"og:locale\" content=\"es_ES\" \/>\n<meta property=\"og:type\" content=\"article\" \/>\n<meta property=\"og:title\" content=\"Preguntas frecuentes sobre acorde\u00f3n: agregue el widget de preguntas frecuentes al sitio web de Jimdo\" \/>\n<meta property=\"og:description\" content=\"Obt\u00e9n tu widget de preguntas frecuentes individual para Jimdo en s\u00f3lo 3 minutos. Utilice nuestro editor r\u00e1pido para crear complementos de Elfsight, totalmente gratis.\" \/>\n<meta property=\"og:url\" content=\"https:\/\/elfsight.com\/es\/accordion-faq-widget\/jimdo\/\" \/>\n<meta property=\"og:site_name\" content=\"Elfsight ES\" \/>\n<meta property=\"article:modified_time\" content=\"2025-02-06T16:04:01+00:00\" \/>\n<meta name=\"twitter:card\" content=\"summary_large_image\" \/>\n<meta name=\"twitter:label1\" content=\"Tiempo de lectura\" \/>\n\t<meta name=\"twitter:data1\" content=\"3 minutos\" \/>\n<!-- \/ Yoast SEO plugin. -->","yoast_head_json":{"title":"Preguntas frecuentes sobre acorde\u00f3n: agregue el widget de preguntas frecuentes al sitio web de Jimdo","description":"Obt\u00e9n tu widget de preguntas frecuentes individual para Jimdo en s\u00f3lo 3 minutos. Utilice nuestro editor r\u00e1pido para crear complementos de Elfsight, totalmente gratis.","robots":{"index":"index","follow":"follow","max-snippet":"max-snippet:-1","max-image-preview":"max-image-preview:large","max-video-preview":"max-video-preview:-1"},"canonical":"https:\/\/elfsight.com\/es\/accordion-faq-widget\/jimdo\/","og_locale":"es_ES","og_type":"article","og_title":"Preguntas frecuentes sobre acorde\u00f3n: agregue el widget de preguntas frecuentes al sitio web de Jimdo","og_description":"Obt\u00e9n tu widget de preguntas frecuentes individual para Jimdo en s\u00f3lo 3 minutos. Utilice nuestro editor r\u00e1pido para crear complementos de Elfsight, totalmente gratis.","og_url":"https:\/\/elfsight.com\/es\/accordion-faq-widget\/jimdo\/","og_site_name":"Elfsight ES","article_modified_time":"2025-02-06T16:04:01+00:00","twitter_card":"summary_large_image","twitter_misc":{"Tiempo de lectura":"3 minutos"},"schema":{"@context":"https:\/\/schema.org","@graph":[{"@type":"WebPage","@id":"https:\/\/elfsight.com\/es\/accordion-faq-widget\/jimdo\/","url":"https:\/\/elfsight.com\/es\/accordion-faq-widget\/jimdo\/","name":"Preguntas frecuentes sobre acorde\u00f3n: agregue el widget de preguntas frecuentes al sitio web de Jimdo","isPartOf":{"@id":"https:\/\/elfsight.com\/es\/#website"},"datePublished":"1970-01-01T00:00:00+00:00","dateModified":"2025-02-06T16:04:01+00:00","description":"Obt\u00e9n tu widget de preguntas frecuentes individual para Jimdo en s\u00f3lo 3 minutos. Utilice nuestro editor r\u00e1pido para crear complementos de Elfsight, totalmente gratis.","breadcrumb":{"@id":"https:\/\/elfsight.com\/es\/accordion-faq-widget\/jimdo\/#breadcrumb"},"inLanguage":"es","potentialAction":[{"@type":"ReadAction","target":["https:\/\/elfsight.com\/es\/accordion-faq-widget\/jimdo\/"]}]},{"@type":"BreadcrumbList","@id":"https:\/\/elfsight.com\/es\/accordion-faq-widget\/jimdo\/#breadcrumb","itemListElement":[{"@type":"ListItem","position":1,"name":"Home","item":"https:\/\/elfsight.com\/es\/"},{"@type":"ListItem","position":2,"name":"FAQ","item":"https:\/\/elfsight.com\/es\/accordion-faq-widget\/"},{"@type":"ListItem","position":3,"name":"FAQ &#8211; Jimdo"}]},{"@type":"WebSite","@id":"https:\/\/elfsight.com\/es\/#website","url":"https:\/\/elfsight.com\/es\/","name":"Elfsight ES","description":"Just another Elfsight Sites site","potentialAction":[{"@type":"SearchAction","target":{"@type":"EntryPoint","urlTemplate":"https:\/\/elfsight.com\/es\/?s={search_term_string}"},"query-input":{"@type":"PropertyValueSpecification","valueRequired":true,"valueName":"search_term_string"}}],"inLanguage":"es"}]}},"meta_box":{"industry":"","seo_heading":"","heading":"","description":"","cta_heading":"","cta_description":"","application":"1770","h1":"Widget de preguntas frecuentes sobre acorde\u00f3n para Jimdo","h1_caption":"Proporciona respuestas a preguntas frecuentes en un formato organizado y con capacidad de b\u00fasqueda para ayudar a los usuarios a encontrar soluciones r\u00e1pidamente en tu sitio web Jimdo y sin esfuerzo.","application_category":[],"applications_title":"","applications_request_title":"","applications_request_button_text":"","hero_text":"","hero_video":"","hero_video_schema_markup":"","selling_points_title":"","selling_points_caption":"","selling_points":[],"selling_points_cta_text":"","features_title":"","features":"","ed_cta_examples_text":"","ed_cta_examples_hidden":"","ed_cta_demo_text":"","ed_cta_demo_hidden":"","why_caption":"","why_editor_title":"","why_editor_text":"","why_team_title":"","why_team_text":"","why_service_title":"","why_service_text":"","template_catalog_visible":"","template_catalog_title":"","template_catalog_text":"","template_catalog_categories_visible":"","demo_title":"Crea tu widget de preguntas frecuentes","demo_caption":"\u00a1Configura tus preguntas frecuentes y a\u00f1\u00e1delas a tu sitio web Jimdo gratis!","default_faq_hidden":"","app_template_category":[],"platform":"2198","template_public_id":"","codecanyon_url":"","codecanyon_item_id":"","codecanyon_price":"","pricing_caption":"","pricing_elfsight_apps_hide_column":"","pricing_elfsight_apps_url":"","pricing_codecanyon_price_caption":"","integration_category":[],"integration_request_title":"","integration_request_cta":"","integration_platform":"","integrations":[],"platform_category":[],"video_schema_markup":"","price":"desde $0 \/ mes","trial":"","benefits":[{"text":"Asistencia de instalaci\u00f3n gratuita"},{"text":"Servicio al cliente competente"},{"text":"Garant\u00eda de devoluci\u00f3n de dinero de 14 d\u00edas"},{"text":"Mejoras de por vida"}],"button_url":"#demo","button_target_blank":"","button_nofollow":"","attributes":[{"name":"Instalaciones","content":"10,000 - 100,000"},{"name":"Sensible","content":"S\u00ed"},{"name":"Navegadores compatibles","content":"Firefox, Safari, Opera, Chrome, Edge"}],"tags":[],"tags_disable_links":"","hide_more_platforms":"","video_object":"","demo_hide_cta":"","demo_hide_cloud_options":"","pricing_title":"","pricing":[{"pricing_icon":"platform","pricing_title":"Elfsight Apps","pricing_title_caption":"Software multiplataforma que funciona en cualquier sitio","pricing_price":"desde $0 \/ mes","pricing_price_caption":"comienza con el plan gratuito","pricing_benefits":[{"text":"Sitios web ilimitados"},{"text":"Soporte profesional y puntual"},{"text":"Asistencia de instalaci\u00f3n gratuita"},{"text":"Totalmente personalizable"}],"pricing_button_text":"A\u00f1adir al sitio web","pricing_button_url":"#demo"}],"related_apps_title":"","related_apps_hidden":"","author":"","image":[],"title":"","job":"","social_networks":[]},"_links":{"self":[{"href":"https:\/\/elfsight.com\/es\/wp-json\/wp\/v2\/pages\/6421","targetHints":{"allow":["GET"]}}],"collection":[{"href":"https:\/\/elfsight.com\/es\/wp-json\/wp\/v2\/pages"}],"about":[{"href":"https:\/\/elfsight.com\/es\/wp-json\/wp\/v2\/types\/page"}],"author":[{"embeddable":true,"href":"https:\/\/elfsight.com\/es\/wp-json\/wp\/v2\/users\/9"}],"replies":[{"embeddable":true,"href":"https:\/\/elfsight.com\/es\/wp-json\/wp\/v2\/comments?post=6421"}],"version-history":[{"count":2,"href":"https:\/\/elfsight.com\/es\/wp-json\/wp\/v2\/pages\/6421\/revisions"}],"predecessor-version":[{"id":19120,"href":"https:\/\/elfsight.com\/es\/wp-json\/wp\/v2\/pages\/6421\/revisions\/19120"}],"up":[{"embeddable":true,"href":"https:\/\/elfsight.com\/es\/wp-json\/wp\/v2\/pages\/1771"}],"wp:attachment":[{"href":"https:\/\/elfsight.com\/es\/wp-json\/wp\/v2\/media?parent=6421"}],"curies":[{"name":"wp","href":"https:\/\/api.w.org\/{rel}","templated":true}]}}