{"id":6404,"date":"1970-01-01T00:00:00","date_gmt":"1970-01-01T00:00:00","guid":{"rendered":"https:\/\/elfsight.com\/es\/?page_id=6404"},"modified":"2024-06-24T12:26:26","modified_gmt":"2024-06-24T12:26:26","slug":"bigcommerce","status":"publish","type":"page","link":"https:\/\/elfsight.com\/es\/accordion-faq-widget\/bigcommerce\/","title":{"rendered":"FAQ &#8211; BigCommerce"},"content":{"rendered":"<div class=\"application-platform-content-item-description application-platform-content-item\" id=\"description\" data-nav-section=\"description\"><h2>Description<\/h2><p>Elfsight FAQ is an effective and easy to apply and customize app to generate and publish a list of the most requested questions with answers on your personal site. An informative plugin with intuitive design gives you a chance to share complete data about your business, pay readers\u2019 attention to product\u2019s advantages and prevent all expected misconceptions and suspicions, which could stand in the way to purchase.<\/p><p><b>Address questions coming from users right on your website maximum fast and raise conversion level!<\/b><\/p><ul><li><b>Eliminate any misconceptions visitors may have and raise your sales<\/b>.<br>Demonstrate detailed information about your products or services to your probable clients, to break any fears and level up revenue on the website.<\/li><li><b>Create an ideal image of your business among readers<\/b>.<br>Help your users to get the right perception of your company and its business model, to eliminate their doubts and help them initiate cooperation.<\/li><li><b>Lower down time and price of customer support<\/b>.<br>Provide answers to all the most frequent questions in terms of your goods or service, to take away the extra loading of your customer support team.<\/li><\/ul><\/div><div class=\"application-platform-content-item-features application-platform-content-item\" id=\"features\" data-nav-section=\"features\"><h2>Features<\/h2><p>The most prominent features of Elfsight app, which allow it to become the fastest tool to display FAQ on BigCommerce website.<\/p><ul><li>Accordion layout  to show answers on click;<\/li><li>36 predefined icons for categories;<\/li><li>Cross or arrow icon for Accordion layout;<\/li><li>Html in the text supported;<\/li><li>Timely and professional customer support.<\/li><\/ul><p><a href=\"#demo\">Check all the features<\/a><\/p><\/div><div class=\"application-platform-content-item-installation application-platform-content-item\" id=\"installation\" data-nav-section=\"installation\"><h2>How to add Accordion FAQ widget to BigCommerce<\/h2><div class=\"video-container\"><iframe width=\"720\" height=\"405\" src=\"https:\/\/www.youtube.com\/embed\/Xy_Fs7D_7Sg\" frameborder=\"0\" allowfullscreen=\"\"><\/iframe><\/div><p>Simply take a couple of steps presented below to add the widget on BigCommerce.<\/p> <ol><li><b>Launch our free editor and start creating your personalised app. <\/b><br> Determine the selected form and specifications of the widget and save the modifications. <\/li>  <li><b>Acquire your individual code appearing in the window on Elfsight Apps. <\/b><br> When the generation of your personal FAQ app is over, copy the exclusive code in the appearing box and keep it for further need. <\/li>  <li><b>Start using the widget on your BigCommerce site. <\/b><br> Enter the code saved recently in your site and save the modifications. <\/li>  <li><b>The Setup is successfully performed. <\/b><br> Visit your site to observe the work of the widget. <\/li><\/ol><p>Have stumbled on queries while applying the guide? Send a message to Elfsight support service or see the full variant of the instruction \u00ab<a href=\"https:\/\/elfsight.com\/tutorials\/how-to-add-faq-widget-to-bigcommerce\/\" target=\"_blank\" rel=\"noopener noreferrer\">How to add FAQ to BigCommerce<\/a>\u00bb and finish the adding on your own.<\/p><div class=\"faq\" data-component=\"FAQ\"><div class=\"faq-item\">\r\n\t\t\t\t\t<div class=\"faq-item-question\">\r\n\t\t\t\t\t\t<h3 class=\"faq-item-question-text\">How to add FAQ to my BigCommerce website without coding skills?<\/h3>\r\n\r\n\t\t\t\t\t\t<div class=\"faq-item-question-icon\"><\/div>\r\n\t\t\t\t\t<\/div>\r\n\r\n\t\t\t\t\t<div class=\"faq-item-answer\">\r\n\t\t\t\t\t\t<div class=\"faq-item-answer-text\"> <p>Elfsight provides a SaaS solution that lets you create a FAQ widget yourself, see how easy the process is: Work directly in the online Editor to create a FAQ widget you would like to see on your BigCommerce website. Pick one of the premade templates and adjust the FAQ settings, add your content, change the layout and colors without coding skills. Save the FAQ and copy its installation code, that you can simply embed in your BigCommerce website without buying a paid plan. With our intuitive Editor any internet user can create FAQ widget online and easily embed it to their BigCommerce website. There\u2019s no need to pay or enter your card credentials in order to access the service. If you face any issues at any step, please feel free to contact our technical support team..<\/p> <\/div>\r\n\t\t\t\t\t<\/div>\r\n\t\t\t\t<\/div> <\/div><\/div>","protected":false},"excerpt":{"rendered":"","protected":false},"author":9,"featured_media":0,"parent":1771,"menu_order":0,"comment_status":"closed","ping_status":"closed","template":"templates\/template-application-platform.php","meta":{"publish_to_discourse":"","publish_post_category":"","wpdc_auto_publish_overridden":"","wpdc_topic_tags":"","wpdc_pin_topic":"","wpdc_pin_until":"","discourse_post_id":"","discourse_permalink":"","wpdc_publishing_response":"","wpdc_publishing_error":"","footnotes":""},"class_list":["post-6404","page","type-page","status-publish","hentry"],"yoast_head":"<!-- This site is optimized with the Yoast SEO plugin v25.3.1 - https:\/\/yoast.com\/wordpress\/plugins\/seo\/ -->\n<title>Agregue la aplicaci\u00f3n Accordion FAQ al sitio web de BigCommerce (f\u00e1cil y gratis)<\/title>\n<meta name=\"description\" content=\"Crea tu aplicaci\u00f3n personalizada de preguntas frecuentes sobre Accordion para BigCommerce en solo 2 minutos. Utilice nuestro editor instant\u00e1neo para crear widgets de Elfsight, totalmente gratis.\" \/>\n<meta name=\"robots\" content=\"index, follow, max-snippet:-1, max-image-preview:large, max-video-preview:-1\" \/>\n<link rel=\"canonical\" href=\"https:\/\/elfsight.com\/es\/accordion-faq-widget\/bigcommerce\/\" \/>\n<meta property=\"og:locale\" content=\"es_ES\" \/>\n<meta property=\"og:type\" content=\"article\" \/>\n<meta property=\"og:title\" content=\"Agregue la aplicaci\u00f3n Accordion FAQ al sitio web de BigCommerce (f\u00e1cil y gratis)\" \/>\n<meta property=\"og:description\" content=\"Crea tu aplicaci\u00f3n personalizada de preguntas frecuentes sobre Accordion para BigCommerce en solo 2 minutos. Utilice nuestro editor instant\u00e1neo para crear widgets de Elfsight, totalmente gratis.\" \/>\n<meta property=\"og:url\" content=\"https:\/\/elfsight.com\/es\/accordion-faq-widget\/bigcommerce\/\" \/>\n<meta property=\"og:site_name\" content=\"Elfsight ES\" \/>\n<meta property=\"article:modified_time\" content=\"2024-06-24T12:26:26+00:00\" \/>\n<meta name=\"twitter:card\" content=\"summary_large_image\" \/>\n<meta name=\"twitter:label1\" content=\"Tiempo de lectura\" \/>\n\t<meta name=\"twitter:data1\" content=\"3 minutos\" \/>\n<!-- \/ Yoast SEO plugin. -->","yoast_head_json":{"title":"Agregue la aplicaci\u00f3n Accordion FAQ al sitio web de BigCommerce (f\u00e1cil y gratis)","description":"Crea tu aplicaci\u00f3n personalizada de preguntas frecuentes sobre Accordion para BigCommerce en solo 2 minutos. Utilice nuestro editor instant\u00e1neo para crear widgets de Elfsight, totalmente gratis.","robots":{"index":"index","follow":"follow","max-snippet":"max-snippet:-1","max-image-preview":"max-image-preview:large","max-video-preview":"max-video-preview:-1"},"canonical":"https:\/\/elfsight.com\/es\/accordion-faq-widget\/bigcommerce\/","og_locale":"es_ES","og_type":"article","og_title":"Agregue la aplicaci\u00f3n Accordion FAQ al sitio web de BigCommerce (f\u00e1cil y gratis)","og_description":"Crea tu aplicaci\u00f3n personalizada de preguntas frecuentes sobre Accordion para BigCommerce en solo 2 minutos. Utilice nuestro editor instant\u00e1neo para crear widgets de Elfsight, totalmente gratis.","og_url":"https:\/\/elfsight.com\/es\/accordion-faq-widget\/bigcommerce\/","og_site_name":"Elfsight ES","article_modified_time":"2024-06-24T12:26:26+00:00","twitter_card":"summary_large_image","twitter_misc":{"Tiempo de lectura":"3 minutos"},"schema":{"@context":"https:\/\/schema.org","@graph":[{"@type":"WebPage","@id":"https:\/\/elfsight.com\/es\/accordion-faq-widget\/bigcommerce\/","url":"https:\/\/elfsight.com\/es\/accordion-faq-widget\/bigcommerce\/","name":"Agregue la aplicaci\u00f3n Accordion FAQ al sitio web de BigCommerce (f\u00e1cil y gratis)","isPartOf":{"@id":"https:\/\/elfsight.com\/es\/#website"},"datePublished":"1970-01-01T00:00:00+00:00","dateModified":"2024-06-24T12:26:26+00:00","description":"Crea tu aplicaci\u00f3n personalizada de preguntas frecuentes sobre Accordion para BigCommerce en solo 2 minutos. Utilice nuestro editor instant\u00e1neo para crear widgets de Elfsight, totalmente gratis.","breadcrumb":{"@id":"https:\/\/elfsight.com\/es\/accordion-faq-widget\/bigcommerce\/#breadcrumb"},"inLanguage":"es","potentialAction":[{"@type":"ReadAction","target":["https:\/\/elfsight.com\/es\/accordion-faq-widget\/bigcommerce\/"]}]},{"@type":"BreadcrumbList","@id":"https:\/\/elfsight.com\/es\/accordion-faq-widget\/bigcommerce\/#breadcrumb","itemListElement":[{"@type":"ListItem","position":1,"name":"Home","item":"https:\/\/elfsight.com\/es\/"},{"@type":"ListItem","position":2,"name":"FAQ &#8211; BigCommerce"}]},{"@type":"WebSite","@id":"https:\/\/elfsight.com\/es\/#website","url":"https:\/\/elfsight.com\/es\/","name":"Elfsight ES","description":"Just another Elfsight Sites site","potentialAction":[{"@type":"SearchAction","target":{"@type":"EntryPoint","urlTemplate":"https:\/\/elfsight.com\/es\/?s={search_term_string}"},"query-input":{"@type":"PropertyValueSpecification","valueRequired":true,"valueName":"search_term_string"}}],"inLanguage":"es"}]}},"meta_box":{"industry":"","seo_heading":"","heading":"","description":"","cta_heading":"","cta_description":"","application":"1770","h1":"Accordion FAQ app for BigCommerce","h1_caption":"Una herramienta r\u00e1pida para agregar un widget de preguntas frecuentes en su sitio web","application_category":[],"applications_title":"","applications_request_title":"","applications_request_button_text":"","hero_text":"","hero_video":"","hero_video_schema_markup":"","selling_points_title":"","selling_points_caption":"","selling_points":[],"selling_points_cta_text":"","features_title":"","features":"","ed_cta_examples_text":"","ed_cta_examples_hidden":"","ed_cta_demo_text":"","ed_cta_demo_hidden":"","why_caption":"","why_editor_title":"","why_editor_text":"","why_team_title":"","why_team_text":"","why_service_title":"","why_service_text":"","template_catalog_visible":"","template_catalog_title":"","template_catalog_text":"","template_catalog_categories_visible":"","demo_title":"\u00a1Configure la aplicaci\u00f3n de preguntas frecuentes de BigCommerce en solo 70 segundos!","demo_caption":"Editor gratuito para una configuraci\u00f3n r\u00e1pida de complementos de Elfsight.","default_faq_hidden":"","app_template_category":[],"platform":"33","template_public_id":"","codecanyon_url":"","codecanyon_item_id":"","codecanyon_price":"","pricing_caption":"","pricing_elfsight_apps_hide_column":"","pricing_elfsight_apps_url":"","pricing_codecanyon_price_caption":"","integration_category":[],"integration_request_title":"","integration_request_cta":"","integration_platform":"","integrations":[],"platform_category":[],"video_schema_markup":"","price":"desde $0 \/ mes","trial":"","benefits":[{"text":"Asistencia de instalaci\u00f3n gratuita"},{"text":"Servicio al cliente eficaz"},{"text":"Garant\u00eda de reembolso de 14 d\u00edas"},{"text":"Desarrollo continuo"}],"button_url":"#demo","button_target_blank":"","button_nofollow":"","attributes":[{"name":"Instalaciones","content":"10,000 - 100,000"},{"name":"Sensible","content":"S\u00ed"},{"name":"Navegadores compatibles","content":"Firefox, Safari, Opera, Chrome, Edge"}],"tags":[],"tags_disable_links":"","hide_more_platforms":"","video_object":"","demo_hide_cta":"","demo_hide_cloud_options":"","pricing_title":"","pricing":[{"pricing_icon":"platform","pricing_title":"Elfsight Apps","pricing_title_caption":"Software multiplataforma que funciona en cualquier sitio web","pricing_price":"desde $0 \/ mes","pricing_price_caption":"comienza con un plan gratuito","pricing_benefits":[{"text":"Sitios web ilimitados"},{"text":"Atenci\u00f3n al cliente r\u00e1pida"},{"text":"Soporte de instalaci\u00f3n gratuito"},{"text":"Dise\u00f1o flexible"}],"pricing_button_text":"A\u00f1adir al sitio web","pricing_button_url":"#demo"}],"related_apps_title":"","related_apps_hidden":"","author":"","image":[],"title":"","job":"","social_networks":[]},"_links":{"self":[{"href":"https:\/\/elfsight.com\/es\/wp-json\/wp\/v2\/pages\/6404","targetHints":{"allow":["GET"]}}],"collection":[{"href":"https:\/\/elfsight.com\/es\/wp-json\/wp\/v2\/pages"}],"about":[{"href":"https:\/\/elfsight.com\/es\/wp-json\/wp\/v2\/types\/page"}],"author":[{"embeddable":true,"href":"https:\/\/elfsight.com\/es\/wp-json\/wp\/v2\/users\/9"}],"replies":[{"embeddable":true,"href":"https:\/\/elfsight.com\/es\/wp-json\/wp\/v2\/comments?post=6404"}],"version-history":[{"count":1,"href":"https:\/\/elfsight.com\/es\/wp-json\/wp\/v2\/pages\/6404\/revisions"}],"predecessor-version":[{"id":6408,"href":"https:\/\/elfsight.com\/es\/wp-json\/wp\/v2\/pages\/6404\/revisions\/6408"}],"up":[{"embeddable":true,"href":"https:\/\/elfsight.com\/es\/wp-json\/wp\/v2\/pages\/1771"}],"wp:attachment":[{"href":"https:\/\/elfsight.com\/es\/wp-json\/wp\/v2\/media?parent=6404"}],"curies":[{"name":"wp","href":"https:\/\/api.w.org\/{rel}","templated":true}]}}