{"id":6388,"date":"1970-01-01T00:00:00","date_gmt":"1970-01-01T00:00:00","guid":{"rendered":"https:\/\/elfsight.com\/es\/?page_id=6388"},"modified":"2025-02-06T16:04:01","modified_gmt":"2025-02-06T16:04:01","slug":"squarespace","status":"publish","type":"page","link":"https:\/\/elfsight.com\/es\/facebook-reviews-widget\/squarespace\/","title":{"rendered":"Facebook Reviews &#8211; Squarespace"},"content":{"rendered":"<div class=\"application-platform-content-item-description application-platform-content-item\" id=\"description\" data-nav-section=\"description\"><h2>Incorpore rese\u00f1as de Facebook en Squarespace con el widget de Elfsight<\/h2><p>Presuma de las rese\u00f1as de sus clientes de Facebook en el sitio mediante las rese\u00f1as de Facebook de Elfsight y demuestre su confiabilidad. La audiencia del sitio web podr\u00e1 ver lo que los usuarios dicen sobre usted en Facebook en un widget con un dise\u00f1o limpio y detalles originales de Facebook. La interfaz es ajustable y tiene calificaci\u00f3n de estrellas, informaci\u00f3n del autor, componentes intercambiables y variantes de dise\u00f1o y plantilla predefinidas. A trav\u00e9s de Rese\u00f1as de Facebook de Elfsight, puede mostrar un bot\u00f3n para escribir una nueva rese\u00f1a y recibir nuevos comentarios.<\/p><p><b>Obtenga m\u00e1s comentarios de clientes que demuestren rese\u00f1as de Facebook, lo que le permitir\u00e1 dejar comentarios nuevos.<\/b><\/p><ul><li><b>Eleve la credibilidad mostrando rese\u00f1as de clientes reales<\/b><br>Convenza a los usuarios de que sus rese\u00f1as son genuinas utilizando la informaci\u00f3n completa del autor y aumente la credibilidad de su marca.<\/li><li><b>Inspire nuevas rese\u00f1as con llamadas a la acci\u00f3n bot\u00f3n<\/b><br>Gracias al acceso r\u00e1pido a tu p\u00e1gina de Facebook y al atractivo bot\u00f3n de llamada a la acci\u00f3n, puedes recibir m\u00e1s comentarios de los clientes.<\/li><li><b>Logra una comprensi\u00f3n m\u00e1s clara de tus ofertas<\/b><br>Mostrar tus productos a trav\u00e9s de la experiencia de usuario de los clientes ayudar\u00e1 a que los clientes potenciales los comprendan mejor.<\/li><\/ul><\/div><div class=\"application-platform-content-item-features application-platform-content-item\" id=\"features\" data-nav-section=\"features\"><h2>Caracter\u00edsticas principales de el widget de Rese\u00f1as de Facebook<\/h2><p>Caracter\u00edsticas clave del widget de Elfsight, que lo convierten en la forma perfecta de Squarespace para insertar el complemento:<\/p><ul><li>22 idiomas predefinidos compatibles;<\/li><li>Navegaci\u00f3n con flechas y arrastres en el dise\u00f1o del control deslizante;<\/li><li>Elecci\u00f3n del tipo de paginaci\u00f3n en el dise\u00f1o del control deslizante;<\/li><li>Bot\u00f3n de solicitud de revisi\u00f3n para redirigir a la p\u00e1gina de Facebook;<\/li><li>T\u00edtulo del widget editable con tama\u00f1o de fuente ajustable y peso;<\/li><\/ul><p><a href=\"#demo\">\u00a1Pruebe el conjunto completo de beneficios en el editor!<\/a><\/p><\/div><div class=\"application-platform-content-item-installation application-platform-content-item\" id=\"installation\" data-nav-section=\"installation\"><h2>C\u00f3mo agregar rese\u00f1as de Facebook al sitio web de Squarespace<\/h2><div class=\"video-container\"><iframe width=\"720\" height=\"405\" src=\"https:\/\/www.youtube.com\/embed\/0KgPIvf_CEk\" frameborder=\"0\"><\/iframe><\/div><p>Para realizar el embedding no es necesario tener conocimientos en programaci\u00f3n ni mucho tiempo. Solo unas pocas acciones simples y 2 minutos.<\/p><ol><li><b>Construya sus rese\u00f1as personalizadas de Facebook<\/b><br> Con nuestro editor gratuito, cree un complemento con el dise\u00f1o y la configuraci\u00f3n requeridos.<\/li><li><b>Adquiera un c\u00f3digo para agregar el complemento<\/b><br> Despu\u00e9s de personalizar el widget, obtenga un c\u00f3digo para el complemento de Rese\u00f1as en la notificaci\u00f3n que aparece en Elfsight Apps.<\/li><li><b>Publique el complemento en el sitio de SquareSpace<\/b><br> Coloque el complemento en el lugar requerido de visite el sitio web y guarde los cambios.<\/li><li><b>\u00a1Listo!<\/b><br> Vaya a su sitio para comprobar su trabajo.<\/li><\/ol><p>\u00bfLe resulta dif\u00edcil agregar o personalizar su propio complemento? No dude en comunicarse con nuestro servicio de atenci\u00f3n al cliente.<\/p><div class=\"faq\" data-component=\"FAQ\"> <div class=\"faq-item\">\r\n\t\t\t\t\t<div class=\"faq-item-question\">\r\n\t\t\t\t\t\t<h3 class=\"faq-item-question-text\">\u00bfC\u00f3mo agregar rese\u00f1as de Facebook a mi sitio web de Squarespace sin conocimientos de codificaci\u00f3n?<\/h3>\r\n\r\n\t\t\t\t\t\t<div class=\"faq-item-question-icon\"><\/div>\r\n\t\t\t\t\t<\/div>\r\n\r\n\t\t\t\t\t<div class=\"faq-item-answer\">\r\n\t\t\t\t\t\t<div class=\"faq-item-answer-text\"> <p>Elfsight proporciona una soluci\u00f3n SaaS que le permite crear un widget de rese\u00f1as de Facebook usted mismo. Vea lo f\u00e1cil que es el proceso: trabaje directamente en el editor en l\u00ednea para crear un widget de rese\u00f1as de Facebook que le gustar\u00eda ver en su sitio web de Squarespace. Elija una de las plantillas predise\u00f1adas y ajuste la configuraci\u00f3n de Rese\u00f1as de Facebook, agregue su contenido, cambie el dise\u00f1o y los colores sin conocimientos de codificaci\u00f3n. Guarda las rese\u00f1as de Facebook y copia su c\u00f3digo de instalaci\u00f3n, que puedes incluir en tu sitio web de Squarespace sin comprar una versi\u00f3n paga. Con nuestro editor intuitivo, cualquier usuario de Internet puede crear un widget de rese\u00f1as de Facebook en l\u00ednea e incrustarlo f\u00e1cilmente en su sitio web de Squarespace. No es necesario pagar ni ingresar las credenciales de su tarjeta para acceder al servicio. Si tiene alg\u00fan problema en cualquier paso, no dude en ponerse en contacto con nuestro equipo de soporte t\u00e9cnico.<\/p> <\/div>\r\n\t\t\t\t\t<\/div>\r\n\t\t\t\t<\/div> <\/div> <\/div>","protected":false},"excerpt":{"rendered":"","protected":false},"author":9,"featured_media":0,"parent":1788,"menu_order":0,"comment_status":"closed","ping_status":"closed","template":"templates\/template-application-platform.php","meta":{"publish_to_discourse":"","publish_post_category":"","wpdc_auto_publish_overridden":"","wpdc_topic_tags":"","wpdc_pin_topic":"","wpdc_pin_until":"","discourse_post_id":"","discourse_permalink":"","wpdc_publishing_response":"","wpdc_publishing_error":"","footnotes":""},"class_list":["post-6388","page","type-page","status-publish","hentry"],"yoast_head":"<!-- This site is optimized with the Yoast SEO plugin v25.3.1 - https:\/\/yoast.com\/wordpress\/plugins\/seo\/ -->\n<title>El mejor complemento de rese\u00f1as de Facebook para el sitio web de Squarespace (2025)<\/title>\n<meta name=\"description\" content=\"Cree su complemento personal de rese\u00f1as de Facebook para Squarespace en solo 80 segundos. Utilice la demostraci\u00f3n m\u00e1s sencilla para configurar widgets de Elfsight totalmente gratis.\" \/>\n<meta name=\"robots\" content=\"index, follow, max-snippet:-1, max-image-preview:large, max-video-preview:-1\" \/>\n<link rel=\"canonical\" href=\"https:\/\/elfsight.com\/es\/facebook-reviews-widget\/squarespace\/\" \/>\n<meta property=\"og:locale\" content=\"es_ES\" \/>\n<meta property=\"og:type\" content=\"article\" \/>\n<meta property=\"og:title\" content=\"El mejor complemento de rese\u00f1as de Facebook para el sitio web de Squarespace (2025)\" \/>\n<meta property=\"og:description\" content=\"Cree su complemento personal de rese\u00f1as de Facebook para Squarespace en solo 80 segundos. Utilice la demostraci\u00f3n m\u00e1s sencilla para configurar widgets de Elfsight totalmente gratis.\" \/>\n<meta property=\"og:url\" content=\"https:\/\/elfsight.com\/es\/facebook-reviews-widget\/squarespace\/\" \/>\n<meta property=\"og:site_name\" content=\"Elfsight ES\" \/>\n<meta property=\"article:modified_time\" content=\"2025-02-06T16:04:01+00:00\" \/>\n<meta name=\"twitter:card\" content=\"summary_large_image\" \/>\n<meta name=\"twitter:label1\" content=\"Tiempo de lectura\" \/>\n\t<meta name=\"twitter:data1\" content=\"4 minutos\" \/>\n<!-- \/ Yoast SEO plugin. -->","yoast_head_json":{"title":"El mejor complemento de rese\u00f1as de Facebook para el sitio web de Squarespace (2025)","description":"Cree su complemento personal de rese\u00f1as de Facebook para Squarespace en solo 80 segundos. Utilice la demostraci\u00f3n m\u00e1s sencilla para configurar widgets de Elfsight totalmente gratis.","robots":{"index":"index","follow":"follow","max-snippet":"max-snippet:-1","max-image-preview":"max-image-preview:large","max-video-preview":"max-video-preview:-1"},"canonical":"https:\/\/elfsight.com\/es\/facebook-reviews-widget\/squarespace\/","og_locale":"es_ES","og_type":"article","og_title":"El mejor complemento de rese\u00f1as de Facebook para el sitio web de Squarespace (2025)","og_description":"Cree su complemento personal de rese\u00f1as de Facebook para Squarespace en solo 80 segundos. Utilice la demostraci\u00f3n m\u00e1s sencilla para configurar widgets de Elfsight totalmente gratis.","og_url":"https:\/\/elfsight.com\/es\/facebook-reviews-widget\/squarespace\/","og_site_name":"Elfsight ES","article_modified_time":"2025-02-06T16:04:01+00:00","twitter_card":"summary_large_image","twitter_misc":{"Tiempo de lectura":"4 minutos"},"schema":{"@context":"https:\/\/schema.org","@graph":[{"@type":"WebPage","@id":"https:\/\/elfsight.com\/es\/facebook-reviews-widget\/squarespace\/","url":"https:\/\/elfsight.com\/es\/facebook-reviews-widget\/squarespace\/","name":"El mejor complemento de rese\u00f1as de Facebook para el sitio web de Squarespace (2025)","isPartOf":{"@id":"https:\/\/elfsight.com\/es\/#website"},"datePublished":"1970-01-01T00:00:00+00:00","dateModified":"2025-02-06T16:04:01+00:00","description":"Cree su complemento personal de rese\u00f1as de Facebook para Squarespace en solo 80 segundos. Utilice la demostraci\u00f3n m\u00e1s sencilla para configurar widgets de Elfsight totalmente gratis.","breadcrumb":{"@id":"https:\/\/elfsight.com\/es\/facebook-reviews-widget\/squarespace\/#breadcrumb"},"inLanguage":"es","potentialAction":[{"@type":"ReadAction","target":["https:\/\/elfsight.com\/es\/facebook-reviews-widget\/squarespace\/"]}]},{"@type":"BreadcrumbList","@id":"https:\/\/elfsight.com\/es\/facebook-reviews-widget\/squarespace\/#breadcrumb","itemListElement":[{"@type":"ListItem","position":1,"name":"Home","item":"https:\/\/elfsight.com\/es\/"},{"@type":"ListItem","position":2,"name":"Facebook Reviews","item":"https:\/\/elfsight.com\/es\/facebook-reviews-widget\/"},{"@type":"ListItem","position":3,"name":"Facebook Reviews &#8211; Squarespace"}]},{"@type":"WebSite","@id":"https:\/\/elfsight.com\/es\/#website","url":"https:\/\/elfsight.com\/es\/","name":"Elfsight ES","description":"Just another Elfsight Sites site","potentialAction":[{"@type":"SearchAction","target":{"@type":"EntryPoint","urlTemplate":"https:\/\/elfsight.com\/es\/?s={search_term_string}"},"query-input":{"@type":"PropertyValueSpecification","valueRequired":true,"valueName":"search_term_string"}}],"inLanguage":"es"}]}},"meta_box":{"industry":"","seo_heading":"","heading":"","description":"","cta_heading":"","cta_description":"","application":"1787","h1":"Complemento de rese\u00f1as de Facebook de Squarespace","h1_caption":"Inserte rese\u00f1as de clientes desde su p\u00e1gina de Facebook directamente en su sitio web para mejorar la confianza y la prueba social en su sitio web de Squarespace sin esfuerzo.","application_category":[],"applications_title":"","applications_request_title":"","applications_request_button_text":"","hero_text":"","hero_video":"","hero_video_schema_markup":"","selling_points_title":"","selling_points_caption":"","selling_points":[],"selling_points_cta_text":"","features_title":"","features":"","ed_cta_examples_text":"","ed_cta_examples_hidden":"","ed_cta_demo_text":"","ed_cta_demo_hidden":"","why_caption":"","why_editor_title":"","why_editor_text":"","why_team_title":"","why_team_text":"","why_service_title":"","why_service_text":"","template_catalog_visible":"","template_catalog_title":"","template_catalog_text":"","template_catalog_categories_visible":"","demo_title":"Crea tu complemento de rese\u00f1as de Facebook","demo_caption":"\u00a1Configura tus rese\u00f1as de Facebook y agr\u00e9galas a tu sitio web de Squarespace gratis!","default_faq_hidden":"","app_template_category":[],"platform":"100","template_public_id":"","codecanyon_url":"","codecanyon_item_id":"","codecanyon_price":"","pricing_caption":"","pricing_elfsight_apps_hide_column":"","pricing_elfsight_apps_url":"","pricing_codecanyon_price_caption":"","integration_category":[],"integration_request_title":"","integration_request_cta":"","integration_platform":"","integrations":[],"platform_category":[],"video_schema_markup":"","price":"desde $0 \/ mes","trial":"","benefits":[{"text":"Ayuda de instalaci\u00f3n gratuita"},{"text":"Atenci\u00f3n al cliente experimentada"},{"text":"Garant\u00eda de devoluci\u00f3n de dinero de 14 d\u00edas"},{"text":"Desarrollo continuo"}],"button_url":"#demo","button_target_blank":"","button_nofollow":"","attributes":[{"name":"Instalaciones","content":"10,000 - 100,000"},{"name":"Sensible","content":"S\u00ed"},{"name":"Navegadores compatibles","content":"Firefox, Safari, Opera, Chrome, Edge"}],"tags":[],"tags_disable_links":"","hide_more_platforms":"","video_object":"","demo_hide_cta":"","demo_hide_cloud_options":"","pricing_title":"","pricing":[{"pricing_icon":"platform","pricing_title":"Elfsight Apps","pricing_title_caption":"Versi\u00f3n multiplataforma que funciona en cualquier sitio web.","pricing_price":"desde $0 \/ mes","pricing_price_caption":"comienza con el plan gratuito","pricing_benefits":[{"text":"Dominios ilimitados"},{"text":"Soporte 24 horas al d\u00eda, 7 d\u00edas a la semana y bien documentado."},{"text":"Asistencia de instalaci\u00f3n gratuita"},{"text":"Totalmente personalizable"}],"pricing_button_text":"A\u00f1adir al sitio web","pricing_button_url":"#demo"}],"related_apps_title":"","related_apps_hidden":"","author":"","image":[],"title":"","job":"","social_networks":[]},"_links":{"self":[{"href":"https:\/\/elfsight.com\/es\/wp-json\/wp\/v2\/pages\/6388","targetHints":{"allow":["GET"]}}],"collection":[{"href":"https:\/\/elfsight.com\/es\/wp-json\/wp\/v2\/pages"}],"about":[{"href":"https:\/\/elfsight.com\/es\/wp-json\/wp\/v2\/types\/page"}],"author":[{"embeddable":true,"href":"https:\/\/elfsight.com\/es\/wp-json\/wp\/v2\/users\/9"}],"replies":[{"embeddable":true,"href":"https:\/\/elfsight.com\/es\/wp-json\/wp\/v2\/comments?post=6388"}],"version-history":[{"count":2,"href":"https:\/\/elfsight.com\/es\/wp-json\/wp\/v2\/pages\/6388\/revisions"}],"predecessor-version":[{"id":19122,"href":"https:\/\/elfsight.com\/es\/wp-json\/wp\/v2\/pages\/6388\/revisions\/19122"}],"up":[{"embeddable":true,"href":"https:\/\/elfsight.com\/es\/wp-json\/wp\/v2\/pages\/1788"}],"wp:attachment":[{"href":"https:\/\/elfsight.com\/es\/wp-json\/wp\/v2\/media?parent=6388"}],"curies":[{"name":"wp","href":"https:\/\/api.w.org\/{rel}","templated":true}]}}