{"id":6387,"date":"1970-01-01T00:00:00","date_gmt":"1970-01-01T00:00:00","guid":{"rendered":"https:\/\/elfsight.com\/es\/?page_id=6387"},"modified":"2025-02-06T16:04:09","modified_gmt":"2025-02-06T16:04:09","slug":"shopify","status":"publish","type":"page","link":"https:\/\/elfsight.com\/es\/facebook-reviews-widget\/shopify\/","title":{"rendered":"Facebook Reviews &#8211; Shopify"},"content":{"rendered":"<div class=\"application-platform-content-item-description application-platform-content-item\" id=\"description\" data-nav-section=\"description\"><h2>Incorpore rese\u00f1as de Facebook en Shopify con el widget de Elfsight<\/h2><p>Muestre las rese\u00f1as de sus clientes de Facebook en el sitio utilizando las rese\u00f1as de Facebook de Elfsight y demuestre su confiabilidad. La audiencia de su sitio web podr\u00e1 ver lo que dicen los usuarios sobre sus productos en Facebook en un widget con un dise\u00f1o equilibrado y elementos aut\u00e9nticos de Facebook. La interfaz es flexible y presenta calificaci\u00f3n de estrellas, informaci\u00f3n del autor, elementos intercambiables y variantes de dise\u00f1o y plantilla listas para usar. Con las rese\u00f1as de Facebook de Elfsight, puede mostrar un bot\u00f3n para escribir una rese\u00f1a m\u00e1s y obtener nuevos comentarios.<\/p><p><b>\u00a1Inserte sus rese\u00f1as de Facebook en el sitio para mostrar la valoraci\u00f3n de sus clientes!<\/b><\/p><ul><li><b>Eleve la confiabilidad revelando rese\u00f1as de personas reales<\/b><br>Muestre que las rese\u00f1as son reales con detalles detallados del autor y aumente la credibilidad de su marca.<\/li><li><b>Aumente las compras alardeando de su excelente calidad. calificaci\u00f3n<\/b><br>Utilice su calificaci\u00f3n m\u00e1s alta y rese\u00f1as positivas para demostrar que vale la pena comprar sus art\u00edculos y atraer nuevas compras.<\/li><li><b>Logre una comprensi\u00f3n m\u00e1s clara de sus ofertas entre los usuarios<\/b><br>Presentar sus productos y servicios a trav\u00e9s de la experiencia de los clientes ayudar\u00e1 a los visitantes a tener una idea clara de lo que ofrece.<\/li><\/ul><\/div><div class=\"application-platform-content-item-features application-platform-content-item\" id=\"features\" data-nav-section=\"features\"><h2>Caracter\u00edsticas principales de el widget de Rese\u00f1as de Facebook<\/h2><p>\u00bfPor qu\u00e9 nuestro complemento es el mejor widget premium de Shopify? Estas son las caracter\u00edsticas cruciales:<\/p><ul><li>Encabezado intercambiable del widget;<\/li><li>Tipos de dise\u00f1o de cuadr\u00edcula cl\u00e1sico o mamposter\u00eda;<\/li><li>Elecci\u00f3n del tipo de paginaci\u00f3n en el dise\u00f1o deslizante;<\/li><li>Dos escenarios de denegaci\u00f3n de solicitud de revisi\u00f3n: mostrar un mensaje u ocultar el formulario;<\/li><li>6 elementos intercambiables de las rese\u00f1as: nombre e imagen del autor, recomendaci\u00f3n, fecha, \u00edcono de Facebook y calificaci\u00f3n de estrellas.<\/li><\/ul><p><a href=\"#demo\">Pruebe la lista completa de funciones en el configurador<\/a><\/p><\/div><div class=\"application-platform-content-item-installation application-platform-content-item\" id=\"installation\" data-nav-section=\"installation\"><h2>C\u00f3mo agregar rese\u00f1as de Facebook al sitio web de Shopify<\/h2><div class=\"video-container\"><iframe width=\"720\" height=\"405\" src=\"https:\/\/www.youtube.com\/embed\/vlzw1yb539E\" frameborder=\"0\"><\/iframe><\/div><p>Aqu\u00ed hay un tutorial expr\u00e9s de nuestro equipo sobre c\u00f3mo incrustar y dar forma al widget sin experiencia en programaci\u00f3n. Necesitar\u00e1 unos 3 minutos para completar las instrucciones.<\/p><ol><li><b>Abra nuestra demostraci\u00f3n gratuita y comience a trabajar con su aplicaci\u00f3n personalizada. <\/b><br> Especifique la interfaz y las opciones adecuadas de la aplicaci\u00f3n y guarde todas las correcciones. <\/li> <li><b>Obtenga el c\u00f3digo individual que se muestra en el cuadro de Aplicaciones Elfsight. <\/b><br> Tan pronto como se complete la configuraci\u00f3n de su aplicaci\u00f3n personal, copie su c\u00f3digo del cuadro que aparece y gu\u00e1rdelo para usarlo en el futuro. <\/li> <li><b>Iniciar el uso de la aplicaci\u00f3n en la p\u00e1gina web de Shopify. <\/b><br>Implemente el c\u00f3digo copiado recientemente en su sitio y guarde las correcciones. <\/li> <li><b>\u00a1Ya terminaste! La configuraci\u00f3n est\u00e1 completamente realizada. <\/b><br> Vaya a su p\u00e1gina web para observar el funcionamiento de la aplicaci\u00f3n. <\/li><\/ol><p>\u00bfHas encontrado alguna dificultad al realizar la gu\u00eda? Comun\u00edquese con el servicio de soporte de Elfsight o consulte una variante completa de las instrucciones y realice la instalaci\u00f3n usted mismo.<\/p><div class=\"faq\" data-component=\"FAQ\"> <div class=\"faq-item\">\r\n\t\t\t\t\t<div class=\"faq-item-question\">\r\n\t\t\t\t\t\t<h3 class=\"faq-item-question-text\">\u00bfC\u00f3mo agregar rese\u00f1as de Facebook a mi sitio web de Shopify sin conocimientos de codificaci\u00f3n?<\/h3>\r\n\r\n\t\t\t\t\t\t<div class=\"faq-item-question-icon\"><\/div>\r\n\t\t\t\t\t<\/div>\r\n\r\n\t\t\t\t\t<div class=\"faq-item-answer\">\r\n\t\t\t\t\t\t<div class=\"faq-item-answer-text\"> <p>Elfsight proporciona una soluci\u00f3n SaaS que le permite crear un widget de rese\u00f1as de Facebook usted mismo. Vea lo f\u00e1cil que es el proceso: trabaje directamente en el editor en l\u00ednea para crear un widget de rese\u00f1as de Facebook que le gustar\u00eda ver en su sitio web de Shopify. Elija una de las plantillas predise\u00f1adas y ajuste la configuraci\u00f3n de Rese\u00f1as de Facebook, agregue su contenido, cambie el dise\u00f1o y los colores sin conocimientos de codificaci\u00f3n. Guarde las rese\u00f1as de Facebook y copie su c\u00f3digo de instalaci\u00f3n, que puede incluir f\u00e1cilmente en su sitio web Shopify sin necesidad de comprar una suscripci\u00f3n paga. Con nuestro editor intuitivo, cualquier usuario de Internet puede crear un widget de rese\u00f1as de Facebook en l\u00ednea e incrustarlo f\u00e1cilmente en su sitio web Shopify. No es necesario pagar ni ingresar las credenciales de su tarjeta para acceder al servicio. Si tiene alg\u00fan problema en cualquier paso, no dude en ponerse en contacto con nuestro equipo de soporte t\u00e9cnico.<\/p> <\/div>\r\n\t\t\t\t\t<\/div>\r\n\t\t\t\t<\/div> <\/div> <\/div>","protected":false},"excerpt":{"rendered":"","protected":false},"author":9,"featured_media":0,"parent":1788,"menu_order":0,"comment_status":"closed","ping_status":"closed","template":"templates\/template-application-platform.php","meta":{"publish_to_discourse":"","publish_post_category":"","wpdc_auto_publish_overridden":"","wpdc_topic_tags":"","wpdc_pin_topic":"","wpdc_pin_until":"","discourse_post_id":"","discourse_permalink":"","wpdc_publishing_response":"","wpdc_publishing_error":"","footnotes":""},"class_list":["post-6387","page","type-page","status-publish","hentry"],"yoast_head":"<!-- This site is optimized with the Yoast SEO plugin v25.3.1 - https:\/\/yoast.com\/wordpress\/plugins\/seo\/ -->\n<title>La mejor aplicaci\u00f3n de rese\u00f1as de Facebook para el sitio web de Shopify (2025)<\/title>\n<meta name=\"description\" content=\"Dale forma a tu aplicaci\u00f3n de Rese\u00f1as de Facebook para Shopify y mu\u00e9strala en tu sitio. \u00a1Editor gratuito, ayuda con la configuraci\u00f3n y otras ventajas de Elfsight!\" \/>\n<meta name=\"robots\" content=\"index, follow, max-snippet:-1, max-image-preview:large, max-video-preview:-1\" \/>\n<link rel=\"canonical\" href=\"https:\/\/elfsight.com\/es\/facebook-reviews-widget\/shopify\/\" \/>\n<meta property=\"og:locale\" content=\"es_ES\" \/>\n<meta property=\"og:type\" content=\"article\" \/>\n<meta property=\"og:title\" content=\"La mejor aplicaci\u00f3n de rese\u00f1as de Facebook para el sitio web de Shopify (2025)\" \/>\n<meta property=\"og:description\" content=\"Dale forma a tu aplicaci\u00f3n de Rese\u00f1as de Facebook para Shopify y mu\u00e9strala en tu sitio. \u00a1Editor gratuito, ayuda con la configuraci\u00f3n y otras ventajas de Elfsight!\" \/>\n<meta property=\"og:url\" content=\"https:\/\/elfsight.com\/es\/facebook-reviews-widget\/shopify\/\" \/>\n<meta property=\"og:site_name\" content=\"Elfsight ES\" \/>\n<meta property=\"article:modified_time\" content=\"2025-02-06T16:04:09+00:00\" \/>\n<meta name=\"twitter:card\" content=\"summary_large_image\" \/>\n<meta name=\"twitter:label1\" content=\"Tiempo de lectura\" \/>\n\t<meta name=\"twitter:data1\" content=\"4 minutos\" \/>\n<!-- \/ Yoast SEO plugin. -->","yoast_head_json":{"title":"La mejor aplicaci\u00f3n de rese\u00f1as de Facebook para el sitio web de Shopify (2025)","description":"Dale forma a tu aplicaci\u00f3n de Rese\u00f1as de Facebook para Shopify y mu\u00e9strala en tu sitio. \u00a1Editor gratuito, ayuda con la configuraci\u00f3n y otras ventajas de Elfsight!","robots":{"index":"index","follow":"follow","max-snippet":"max-snippet:-1","max-image-preview":"max-image-preview:large","max-video-preview":"max-video-preview:-1"},"canonical":"https:\/\/elfsight.com\/es\/facebook-reviews-widget\/shopify\/","og_locale":"es_ES","og_type":"article","og_title":"La mejor aplicaci\u00f3n de rese\u00f1as de Facebook para el sitio web de Shopify (2025)","og_description":"Dale forma a tu aplicaci\u00f3n de Rese\u00f1as de Facebook para Shopify y mu\u00e9strala en tu sitio. \u00a1Editor gratuito, ayuda con la configuraci\u00f3n y otras ventajas de Elfsight!","og_url":"https:\/\/elfsight.com\/es\/facebook-reviews-widget\/shopify\/","og_site_name":"Elfsight ES","article_modified_time":"2025-02-06T16:04:09+00:00","twitter_card":"summary_large_image","twitter_misc":{"Tiempo de lectura":"4 minutos"},"schema":{"@context":"https:\/\/schema.org","@graph":[{"@type":"WebPage","@id":"https:\/\/elfsight.com\/es\/facebook-reviews-widget\/shopify\/","url":"https:\/\/elfsight.com\/es\/facebook-reviews-widget\/shopify\/","name":"La mejor aplicaci\u00f3n de rese\u00f1as de Facebook para el sitio web de Shopify (2025)","isPartOf":{"@id":"https:\/\/elfsight.com\/es\/#website"},"datePublished":"1970-01-01T00:00:00+00:00","dateModified":"2025-02-06T16:04:09+00:00","description":"Dale forma a tu aplicaci\u00f3n de Rese\u00f1as de Facebook para Shopify y mu\u00e9strala en tu sitio. \u00a1Editor gratuito, ayuda con la configuraci\u00f3n y otras ventajas de Elfsight!","breadcrumb":{"@id":"https:\/\/elfsight.com\/es\/facebook-reviews-widget\/shopify\/#breadcrumb"},"inLanguage":"es","potentialAction":[{"@type":"ReadAction","target":["https:\/\/elfsight.com\/es\/facebook-reviews-widget\/shopify\/"]}]},{"@type":"BreadcrumbList","@id":"https:\/\/elfsight.com\/es\/facebook-reviews-widget\/shopify\/#breadcrumb","itemListElement":[{"@type":"ListItem","position":1,"name":"Home","item":"https:\/\/elfsight.com\/es\/"},{"@type":"ListItem","position":2,"name":"Facebook Reviews","item":"https:\/\/elfsight.com\/es\/facebook-reviews-widget\/"},{"@type":"ListItem","position":3,"name":"Facebook Reviews &#8211; Shopify"}]},{"@type":"WebSite","@id":"https:\/\/elfsight.com\/es\/#website","url":"https:\/\/elfsight.com\/es\/","name":"Elfsight ES","description":"Just another Elfsight Sites site","potentialAction":[{"@type":"SearchAction","target":{"@type":"EntryPoint","urlTemplate":"https:\/\/elfsight.com\/es\/?s={search_term_string}"},"query-input":{"@type":"PropertyValueSpecification","valueRequired":true,"valueName":"search_term_string"}}],"inLanguage":"es"}]}},"meta_box":{"industry":"","seo_heading":"","heading":"","description":"","cta_heading":"","cta_description":"","application":"1787","h1":"Aplicaci\u00f3n Shopify Rese\u00f1as de Facebook","h1_caption":"Inserta rese\u00f1as de clientes desde tu p\u00e1gina de Facebook directamente en tu sitio web para mejorar la confianza y la prueba social en tu sitio web de Shopify sin esfuerzo.","application_category":[],"applications_title":"","applications_request_title":"","applications_request_button_text":"","hero_text":"","hero_video":"","hero_video_schema_markup":"","selling_points_title":"","selling_points_caption":"","selling_points":[],"selling_points_cta_text":"","features_title":"","features":"","ed_cta_examples_text":"","ed_cta_examples_hidden":"","ed_cta_demo_text":"","ed_cta_demo_hidden":"","why_caption":"","why_editor_title":"","why_editor_text":"","why_team_title":"","why_team_text":"","why_service_title":"","why_service_text":"","template_catalog_visible":"","template_catalog_title":"","template_catalog_text":"","template_catalog_categories_visible":"","demo_title":"Crea tu aplicaci\u00f3n de rese\u00f1as de Facebook","demo_caption":"\u00a1Configura tus rese\u00f1as de Facebook y agr\u00e9galas a tu sitio web de Shopify gratis!","default_faq_hidden":"","app_template_category":[],"platform":"91","template_public_id":"","codecanyon_url":"","codecanyon_item_id":"","codecanyon_price":"","pricing_caption":"","pricing_elfsight_apps_hide_column":"","pricing_elfsight_apps_url":"","pricing_codecanyon_price_caption":"","integration_category":[],"integration_request_title":"","integration_request_cta":"","integration_platform":"","integrations":[],"platform_category":[],"video_schema_markup":"","price":"desde $0 \/ mes","trial":"","benefits":[{"text":"Servicio de instalaci\u00f3n gratuito"},{"text":"Soporte premium"},{"text":"Garant\u00eda de devoluci\u00f3n de dinero de 14 d\u00edas"},{"text":"Actualizaciones gratuitas continuas"}],"button_url":"#demo","button_target_blank":"","button_nofollow":"","attributes":[{"name":"Instalaciones","content":"10,000 - 100,000"},{"name":"Sensible","content":"S\u00ed"},{"name":"Navegadores compatibles","content":"Firefox, Safari, Opera, Chrome, Edge"}],"tags":[],"tags_disable_links":"","hide_more_platforms":"","video_object":"","demo_hide_cta":"","demo_hide_cloud_options":"","pricing_title":"","pricing":[{"pricing_icon":"cloud","pricing_title":"Elfsight Apps","pricing_title_caption":"Versi\u00f3n multiplataforma que funciona en cualquier sitio web.","pricing_price":"desde $0 \/ mes","pricing_price_caption":"comienza con el plan gratuito","pricing_benefits":[{"text":"Sitios web ilimitados"},{"text":"Soporte premium"},{"text":"Servicio de instalaci\u00f3n gratuito"},{"text":"Oferta especial para m\u00faltiples aplicaciones."}],"pricing_button_text":"A\u00f1adir al sitio web","pricing_button_url":"#demo"}],"related_apps_title":"","related_apps_hidden":"","author":"","image":[],"title":"","job":"","social_networks":[]},"_links":{"self":[{"href":"https:\/\/elfsight.com\/es\/wp-json\/wp\/v2\/pages\/6387","targetHints":{"allow":["GET"]}}],"collection":[{"href":"https:\/\/elfsight.com\/es\/wp-json\/wp\/v2\/pages"}],"about":[{"href":"https:\/\/elfsight.com\/es\/wp-json\/wp\/v2\/types\/page"}],"author":[{"embeddable":true,"href":"https:\/\/elfsight.com\/es\/wp-json\/wp\/v2\/users\/9"}],"replies":[{"embeddable":true,"href":"https:\/\/elfsight.com\/es\/wp-json\/wp\/v2\/comments?post=6387"}],"version-history":[{"count":2,"href":"https:\/\/elfsight.com\/es\/wp-json\/wp\/v2\/pages\/6387\/revisions"}],"predecessor-version":[{"id":19123,"href":"https:\/\/elfsight.com\/es\/wp-json\/wp\/v2\/pages\/6387\/revisions\/19123"}],"up":[{"embeddable":true,"href":"https:\/\/elfsight.com\/es\/wp-json\/wp\/v2\/pages\/1788"}],"wp:attachment":[{"href":"https:\/\/elfsight.com\/es\/wp-json\/wp\/v2\/media?parent=6387"}],"curies":[{"name":"wp","href":"https:\/\/api.w.org\/{rel}","templated":true}]}}