{"id":6386,"date":"1970-01-01T00:00:00","date_gmt":"1970-01-01T00:00:00","guid":{"rendered":"https:\/\/elfsight.com\/es\/?page_id=6386"},"modified":"2025-02-06T16:04:09","modified_gmt":"2025-02-06T16:04:09","slug":"prestashop","status":"publish","type":"page","link":"https:\/\/elfsight.com\/es\/facebook-reviews-widget\/prestashop\/","title":{"rendered":"Facebook Reviews &#8211; PrestaShop"},"content":{"rendered":"<div class=\"application-platform-content-item-description application-platform-content-item\" id=\"description\" data-nav-section=\"description\"> <h2>Descripci\u00f3n<\/h2> <p>Elfsight Facebook Reviews es un widget \u00fatil que le brinda la posibilidad de revelar testimonios sobre sus acciones directamente en su sitio web desde todos los sitios populares de rese\u00f1as de negocios. Al utilizar nuestro complemento, podr\u00e1 utilizar filtros para ocultar las rese\u00f1as no deseadas, exponer su calificaci\u00f3n de estrellas y de n\u00fameros de su cuenta en cualquier sitio web de rese\u00f1as, agregar datos sobre los creadores de las rese\u00f1as y adjuntar un bot\u00f3n de CTA que impulsar\u00e1 a los visitantes a publicar sus pensamientos. Nuestra aplicaci\u00f3n Rese\u00f1as de Facebook te ayudar\u00e1 a mostrar tu maravillosa prueba social en la p\u00e1gina web y comenzar a realizar m\u00e1s compras nuevas. <\/p> <p><b>\u00a1Obt\u00e9n lo mejor de las rese\u00f1as de Facebook para alcanzar tus objetivos de comercio electr\u00f3nico! <\/b><\/p> <\/div> <div class=\"application-platform-content-item-features application-platform-content-item\" id=\"features\" data-nav-section=\"features\"> <h2>Estas son las caracter\u00edsticas centrales del widget: <\/h2> <ul><li>Incrustar rese\u00f1as de clientes desde la p\u00e1gina de Facebook<\/li><li>3 tipos de filtros: excluir por, por tipo y cantidad de rese\u00f1as<\/li><li>Navegaci\u00f3n con arrastradores y flechas en el dise\u00f1o del control deslizante<\/li><li>Configuraci\u00f3n de la velocidad de la diapositiva y velocidad de reproducci\u00f3n autom\u00e1tica<\/li><li>Elementos intercambiables del encabezado: calificaci\u00f3n e im\u00e1genes de los revisores<\/li><li>Bot\u00f3n de solicitud de revisi\u00f3n para redirigir a la p\u00e1gina de Facebook<\/li><li>Enlaces admitidos en el mensaje de rechazo de solicitud de revisi\u00f3n<\/li><li>3 plantillas de revisi\u00f3n: Bubble, Classic, Spotlight<\/li><li>6 elementos intercambiables de las rese\u00f1as: fecha, nombre e imagen del autor, icono de Facebook y calificaci\u00f3n de estrellas, recomendaciones<\/li><li>Tres tipos de decoraci\u00f3n de rese\u00f1as: borde, fondo, ninguno<\/li><li>Cinco Elementos pintables de la interfaz: enlaces. Bot\u00f3n de solicitud de revisi\u00f3n, fondo, calificaci\u00f3n, texto de revisi\u00f3n. <\/li><\/ul><p><a href=\"#demo\">Simplemente pruebe esta demostraci\u00f3n para tener una idea completa<\/a><\/p> <\/div> <div class=\"application-platform-content-item-installation application-platform-content-item\" id=\"installation\" data-nav-section=\"installation\"> <h2>\u00bfC\u00f3mo insertar rese\u00f1as de Facebook en mi sitio web PrestaShop? <\/h2> <p>Simplemente siga las pautas a continuaci\u00f3n para agregar el widget. <\/p> <ol><li><b>Realice nuestro configurador gratuito y comience a formar su widget personalizado. <\/b><br>Elija el dise\u00f1o personalizado y las especificaciones del widget y guarde las correcciones. <\/li> <li><b>Reciba su c\u00f3digo individual que se muestra en la ventana de Elfsight Apps. <\/b><br> Una vez finalizada la configuraci\u00f3n de su complemento personal, copie el c\u00f3digo individual del cuadro que aparece y gu\u00e1rdelo para usarlo en el futuro. <\/li> <li><b>Comience a utilizar el complemento en su sitio PrestaShop. <\/b><br> Pegue el c\u00f3digo copiado recientemente en su p\u00e1gina web y aplique las ediciones. <\/li> <li><b>La instalaci\u00f3n se realiz\u00f3 exitosamente. <\/b><br> Visite su p\u00e1gina web para ver el rendimiento de la herramienta. <\/li><\/ol> <p>En caso de que enfrentes algunos obst\u00e1culos, no dudes en ponerte en contacto con nuestro equipo de soporte. Nuestros especialistas est\u00e1n deseando ayudarle con todos los problemas que pueda tener con el widget. <\/p><div class=\"faq\" data-component=\"FAQ\"> <div class=\"faq-item\">\r\n\t\t\t\t\t<div class=\"faq-item-question\">\r\n\t\t\t\t\t\t<h3 class=\"faq-item-question-text\">\u00bfC\u00f3mo puedo agregar rese\u00f1as de Facebook a mi sitio web PrestaShop sin conocimientos de codificaci\u00f3n?<\/h3>\r\n\r\n\t\t\t\t\t\t<div class=\"faq-item-question-icon\"><\/div>\r\n\t\t\t\t\t<\/div>\r\n\r\n\t\t\t\t\t<div class=\"faq-item-answer\">\r\n\t\t\t\t\t\t<div class=\"faq-item-answer-text\"> <p>Elfsight proporciona una soluci\u00f3n SaaS que le permite crear un widget de rese\u00f1as de Facebook usted mismo. Vea lo f\u00e1cil que es el proceso: trabaje directamente en el editor en l\u00ednea para crear un widget de rese\u00f1as de Facebook que le gustar\u00eda ver en su sitio web de PrestaShop. Elija una de las plantillas predise\u00f1adas y ajuste la configuraci\u00f3n de Rese\u00f1as de Facebook, agregue su contenido, cambie el dise\u00f1o y los colores sin conocimientos de codificaci\u00f3n. Guarda las Rese\u00f1as de Facebook y copia su c\u00f3digo de instalaci\u00f3n, que podr\u00e1s incluir en tu sitio web PrestaShop sin necesidad de comprar una suscripci\u00f3n paga. Con nuestro editor intuitivo, cualquier usuario de Internet puede crear un widget de rese\u00f1as de Facebook en l\u00ednea e incrustarlo f\u00e1cilmente en su sitio web PrestaShop. No es necesario pagar ni ingresar las credenciales de su tarjeta para acceder al servicio. Si tiene alg\u00fan problema en cualquier paso, no dude en ponerse en contacto con nuestro equipo de soporte t\u00e9cnico.<\/p> <\/div>\r\n\t\t\t\t\t<\/div>\r\n\t\t\t\t<\/div> <\/div> <\/div>","protected":false},"excerpt":{"rendered":"","protected":false},"author":9,"featured_media":0,"parent":1788,"menu_order":0,"comment_status":"closed","ping_status":"closed","template":"templates\/template-application-platform.php","meta":{"publish_to_discourse":"","publish_post_category":"","wpdc_auto_publish_overridden":"","wpdc_topic_tags":"","wpdc_pin_topic":"","wpdc_pin_until":"","discourse_post_id":"","discourse_permalink":"","wpdc_publishing_response":"","wpdc_publishing_error":"","footnotes":""},"class_list":["post-6386","page","type-page","status-publish","hentry"],"yoast_head":"<!-- This site is optimized with the Yoast SEO plugin v25.3.1 - https:\/\/yoast.com\/wordpress\/plugins\/seo\/ -->\n<title>El mejor complemento de rese\u00f1as de Facebook para el sitio web PrestaShop (2025)<\/title>\n<meta name=\"description\" content=\"Cree su complemento personal de Rese\u00f1as de Facebook para PrestaShop. Utilice la demostraci\u00f3n m\u00e1s sencilla para configurar complementos de Elfsight totalmente gratis.\" \/>\n<meta name=\"robots\" content=\"index, follow, max-snippet:-1, max-image-preview:large, max-video-preview:-1\" \/>\n<link rel=\"canonical\" href=\"https:\/\/elfsight.com\/es\/facebook-reviews-widget\/prestashop\/\" \/>\n<meta property=\"og:locale\" content=\"es_ES\" \/>\n<meta property=\"og:type\" content=\"article\" \/>\n<meta property=\"og:title\" content=\"El mejor complemento de rese\u00f1as de Facebook para el sitio web PrestaShop (2025)\" \/>\n<meta property=\"og:description\" content=\"Cree su complemento personal de Rese\u00f1as de Facebook para PrestaShop. Utilice la demostraci\u00f3n m\u00e1s sencilla para configurar complementos de Elfsight totalmente gratis.\" \/>\n<meta property=\"og:url\" content=\"https:\/\/elfsight.com\/es\/facebook-reviews-widget\/prestashop\/\" \/>\n<meta property=\"og:site_name\" content=\"Elfsight ES\" \/>\n<meta property=\"article:modified_time\" content=\"2025-02-06T16:04:09+00:00\" \/>\n<meta name=\"twitter:card\" content=\"summary_large_image\" \/>\n<meta name=\"twitter:label1\" content=\"Tiempo de lectura\" \/>\n\t<meta name=\"twitter:data1\" content=\"4 minutos\" \/>\n<!-- \/ Yoast SEO plugin. -->","yoast_head_json":{"title":"El mejor complemento de rese\u00f1as de Facebook para el sitio web PrestaShop (2025)","description":"Cree su complemento personal de Rese\u00f1as de Facebook para PrestaShop. Utilice la demostraci\u00f3n m\u00e1s sencilla para configurar complementos de Elfsight totalmente gratis.","robots":{"index":"index","follow":"follow","max-snippet":"max-snippet:-1","max-image-preview":"max-image-preview:large","max-video-preview":"max-video-preview:-1"},"canonical":"https:\/\/elfsight.com\/es\/facebook-reviews-widget\/prestashop\/","og_locale":"es_ES","og_type":"article","og_title":"El mejor complemento de rese\u00f1as de Facebook para el sitio web PrestaShop (2025)","og_description":"Cree su complemento personal de Rese\u00f1as de Facebook para PrestaShop. Utilice la demostraci\u00f3n m\u00e1s sencilla para configurar complementos de Elfsight totalmente gratis.","og_url":"https:\/\/elfsight.com\/es\/facebook-reviews-widget\/prestashop\/","og_site_name":"Elfsight ES","article_modified_time":"2025-02-06T16:04:09+00:00","twitter_card":"summary_large_image","twitter_misc":{"Tiempo de lectura":"4 minutos"},"schema":{"@context":"https:\/\/schema.org","@graph":[{"@type":"WebPage","@id":"https:\/\/elfsight.com\/es\/facebook-reviews-widget\/prestashop\/","url":"https:\/\/elfsight.com\/es\/facebook-reviews-widget\/prestashop\/","name":"El mejor complemento de rese\u00f1as de Facebook para el sitio web PrestaShop (2025)","isPartOf":{"@id":"https:\/\/elfsight.com\/es\/#website"},"datePublished":"1970-01-01T00:00:00+00:00","dateModified":"2025-02-06T16:04:09+00:00","description":"Cree su complemento personal de Rese\u00f1as de Facebook para PrestaShop. Utilice la demostraci\u00f3n m\u00e1s sencilla para configurar complementos de Elfsight totalmente gratis.","breadcrumb":{"@id":"https:\/\/elfsight.com\/es\/facebook-reviews-widget\/prestashop\/#breadcrumb"},"inLanguage":"es","potentialAction":[{"@type":"ReadAction","target":["https:\/\/elfsight.com\/es\/facebook-reviews-widget\/prestashop\/"]}]},{"@type":"BreadcrumbList","@id":"https:\/\/elfsight.com\/es\/facebook-reviews-widget\/prestashop\/#breadcrumb","itemListElement":[{"@type":"ListItem","position":1,"name":"Home","item":"https:\/\/elfsight.com\/es\/"},{"@type":"ListItem","position":2,"name":"Facebook Reviews","item":"https:\/\/elfsight.com\/es\/facebook-reviews-widget\/"},{"@type":"ListItem","position":3,"name":"Facebook Reviews &#8211; PrestaShop"}]},{"@type":"WebSite","@id":"https:\/\/elfsight.com\/es\/#website","url":"https:\/\/elfsight.com\/es\/","name":"Elfsight ES","description":"Just another Elfsight Sites site","potentialAction":[{"@type":"SearchAction","target":{"@type":"EntryPoint","urlTemplate":"https:\/\/elfsight.com\/es\/?s={search_term_string}"},"query-input":{"@type":"PropertyValueSpecification","valueRequired":true,"valueName":"search_term_string"}}],"inLanguage":"es"}]}},"meta_box":{"industry":"","seo_heading":"","heading":"","description":"","cta_heading":"","cta_description":"","application":"1787","h1":"Complemento de rese\u00f1as de Facebook de PrestaShop","h1_caption":"Inserte rese\u00f1as de clientes desde su p\u00e1gina de Facebook directamente en su sitio web para mejorar la confianza y la prueba social en su sitio web Prestashop sin esfuerzo.","application_category":[],"applications_title":"","applications_request_title":"","applications_request_button_text":"","hero_text":"","hero_video":"","hero_video_schema_markup":"","selling_points_title":"","selling_points_caption":"","selling_points":[],"selling_points_cta_text":"","features_title":"","features":"","ed_cta_examples_text":"","ed_cta_examples_hidden":"","ed_cta_demo_text":"","ed_cta_demo_hidden":"","why_caption":"","why_editor_title":"","why_editor_text":"","why_team_title":"","why_team_text":"","why_service_title":"","why_service_text":"","template_catalog_visible":"","template_catalog_title":"","template_catalog_text":"","template_catalog_categories_visible":"","demo_title":"Crea tu complemento de Rese\u00f1as de Facebook","demo_caption":"\u00a1Configura tus Rese\u00f1as de Facebook y agr\u00e9galas a tu sitio web PrestaShop gratis!","default_faq_hidden":"","app_template_category":[],"platform":"2250","template_public_id":"","codecanyon_url":"","codecanyon_item_id":"","codecanyon_price":"","pricing_caption":"","pricing_elfsight_apps_hide_column":"","pricing_elfsight_apps_url":"","pricing_codecanyon_price_caption":"","integration_category":[],"integration_request_title":"","integration_request_cta":"","integration_platform":"","integrations":[],"platform_category":[],"video_schema_markup":"","price":"desde $0 \/ mes","trial":"","benefits":[{"text":"Ayuda de instalaci\u00f3n gratuita"},{"text":"Servicio al cliente profesional"},{"text":"Garant\u00eda de devoluci\u00f3n de dinero de 14 d\u00edas"},{"text":"Actualizando constantemente"}],"button_url":"#demo","button_target_blank":"","button_nofollow":"","attributes":[{"name":"Instalaciones","content":"10,000 - 100,000"},{"name":"Sensible","content":"S\u00ed"},{"name":"Navegadores compatibles","content":"Firefox, Safari, Opera, Chrome, Edge"}],"tags":[],"tags_disable_links":"","hide_more_platforms":"","video_object":"","demo_hide_cta":"","demo_hide_cloud_options":"","pricing_title":"","pricing":[{"pricing_icon":"platform","pricing_title":"Elfsight Apps","pricing_title_caption":"Versi\u00f3n multiplataforma que funciona en cualquier sitio web.","pricing_price":"desde $0 \/ mes","pricing_price_caption":"comienza con el plan gratuito","pricing_benefits":[{"text":"Dominios ilimitados"},{"text":"Soporte 24 horas al d\u00eda, 7 d\u00edas a la semana y bien documentado."},{"text":"Asistencia de instalaci\u00f3n gratuita"},{"text":"Totalmente personalizable"}],"pricing_button_text":"A\u00f1adir al sitio web","pricing_button_url":"#demo"}],"related_apps_title":"","related_apps_hidden":"","author":"","image":[],"title":"","job":"","social_networks":[]},"_links":{"self":[{"href":"https:\/\/elfsight.com\/es\/wp-json\/wp\/v2\/pages\/6386","targetHints":{"allow":["GET"]}}],"collection":[{"href":"https:\/\/elfsight.com\/es\/wp-json\/wp\/v2\/pages"}],"about":[{"href":"https:\/\/elfsight.com\/es\/wp-json\/wp\/v2\/types\/page"}],"author":[{"embeddable":true,"href":"https:\/\/elfsight.com\/es\/wp-json\/wp\/v2\/users\/9"}],"replies":[{"embeddable":true,"href":"https:\/\/elfsight.com\/es\/wp-json\/wp\/v2\/comments?post=6386"}],"version-history":[{"count":2,"href":"https:\/\/elfsight.com\/es\/wp-json\/wp\/v2\/pages\/6386\/revisions"}],"predecessor-version":[{"id":19124,"href":"https:\/\/elfsight.com\/es\/wp-json\/wp\/v2\/pages\/6386\/revisions\/19124"}],"up":[{"embeddable":true,"href":"https:\/\/elfsight.com\/es\/wp-json\/wp\/v2\/pages\/1788"}],"wp:attachment":[{"href":"https:\/\/elfsight.com\/es\/wp-json\/wp\/v2\/media?parent=6386"}],"curies":[{"name":"wp","href":"https:\/\/api.w.org\/{rel}","templated":true}]}}