{"id":6379,"date":"1970-01-01T00:00:00","date_gmt":"1970-01-01T00:00:00","guid":{"rendered":"https:\/\/elfsight.com\/es\/?page_id=6379"},"modified":"2025-02-06T16:04:16","modified_gmt":"2025-02-06T16:04:16","slug":"magento","status":"publish","type":"page","link":"https:\/\/elfsight.com\/es\/facebook-reviews-widget\/magento\/","title":{"rendered":"Facebook Reviews &#8211; Magento"},"content":{"rendered":"<div class=\"application-platform-content-item-description application-platform-content-item\" id=\"description\" data-nav-section=\"description\"><h2>Descripci\u00f3n<\/h2>Elfsight Facebook Reviews es una herramienta sencilla para demostrar rese\u00f1as de su p\u00e1gina de Facebook en su p\u00e1gina web y aumentar la confianza en su marca por parte de las personas del sitio. Puede filtrar sus rese\u00f1as, mostrar calificaci\u00f3n de estrellas, informaci\u00f3n del autor y mostrar un bot\u00f3n para agregar una rese\u00f1a m\u00e1s. Nuestro widget de Rese\u00f1as de Facebook presenta dise\u00f1os variados y plantillas de rese\u00f1as, componentes de interfaz intercambiables y encabezado flexible para una m\u00e1xima personalizaci\u00f3n. A trav\u00e9s de sus rese\u00f1as de Facebook en el sitio, podr\u00e1 presumir de su reconocimiento, mejorar la confianza y atraer a\u00fan m\u00e1s rese\u00f1as.<b>\u00a1Pegue sus rese\u00f1as de Facebook en el sitio web para mostrar su gran agradecimiento!<\/b><ul> <li><b>Eleve la credibilidad mostrando rese\u00f1as de usuarios reales<\/b>Convenza a los usuarios de que las rese\u00f1as son genuinas, con informaci\u00f3n completa del autor, y aumente la confianza en su marca.<\/li> <li><b>Atraiga rese\u00f1as con el bot\u00f3n de llamada a la acci\u00f3n<\/b>Con acceso perfecto a su p\u00e1gina de Facebook y un bot\u00f3n de llamada a la acci\u00f3n inspirador, puede obtener m\u00e1s rese\u00f1as de clientes.<\/li> <li><b>Logre una comprensi\u00f3n m\u00e1s clara de sus ofertas<\/b>Mostrar sus art\u00edculos a trav\u00e9s de la experiencia de los clientes ayudar\u00e1 a los visitantes a comprenderlos mejor.<\/li><\/ul><\/div><div class=\"application-platform-content-item-features application-platform-content-item\" id=\"features\" data-nav-section=\"features\"><h2>Caracter\u00edsticas<\/h2>Un par de ventajas que convierten el widget de Elfsight en el herramienta perfecta para el sitio Magento:<ul> <li>22 idiomas predefinidos compatibles;<\/li> <li>Navegaci\u00f3n con flechas y arrastre en el dise\u00f1o deslizante;<\/li> <li>Tres plantillas de revisi\u00f3n: Cl\u00e1sica, Burbuja, Spotlight;<\/li> <li>Dos escenarios de denegaci\u00f3n de solicitud de revisi\u00f3n: mostrar un mensaje u ocultar el formulario;<\/li> <li>T\u00edtulo del widget editable con tama\u00f1o y peso de fuente ajustables;<\/li><\/ul><a href=\"#demo\">Otras propiedades en demostraci\u00f3n gratuita<\/a><\/div><div class=\"application-platform-content-item-installation application-platform-content-item\" id=\"installation\" data-nav-section=\"installation\"><h2>C\u00f3mo agregar rese\u00f1as de Facebook al sitio web de Magento<\/h2>Simplemente siga las pautas a continuaci\u00f3n para agregar la herramienta en Magento.<ol> <li><b>Emplee nuestro editor gratuito y comience a darle forma a su widget personalizado. <\/b>Busque el dise\u00f1o preferible y las caracter\u00edsticas funcionales de la herramienta y guarde las modificaciones.<\/li> <li><b>Adquiera el c\u00f3digo individual que aparece en el cuadro de Elfsight Apps. <\/b>Cuando finalice la configuraci\u00f3n de su extensi\u00f3n personal de Rese\u00f1as de Facebook, copie el c\u00f3digo individual de la ventana emergente que aparece y gu\u00e1rdelo para usarlo m\u00e1s adelante.<\/li> <li><b>Comience a usar la extensi\u00f3n en su sitio Magento. <\/b>Coloque el c\u00f3digo que guard\u00f3 recientemente en su p\u00e1gina y aplique los ajustes.<\/li> <li><b>\u00a1Ya est\u00e1! La configuraci\u00f3n est\u00e1 completamente realizada. <\/b>Vaya a su p\u00e1gina web para revisar el trabajo del widget.<\/li><\/ol>Mientras aplica el manual o genera su complemento, \u00bfexperimenta alguna dificultad? Dir\u00edjase al centro de ayuda de Elfsight con una explicaci\u00f3n detallada de su pregunta y nuestro equipo estar\u00e1 all\u00ed para resolver el problema. Elija una de las plantillas predise\u00f1adas y ajuste la configuraci\u00f3n de Rese\u00f1as de Facebook, agregue su contenido, cambie el dise\u00f1o y la combinaci\u00f3n de colores sin conocimientos de codificaci\u00f3n. Guarde las rese\u00f1as de Facebook y copie su c\u00f3digo de instalaci\u00f3n, que puede incluir f\u00e1cilmente en su sitio web Magento sin necesidad de comprar una versi\u00f3n paga. Con nuestro editor intuitivo, cualquier usuario de Internet puede crear un widget de rese\u00f1as de Facebook en l\u00ednea e incrustarlo f\u00e1cilmente en su sitio web Magento. No es necesario pagar ni ingresar las credenciales de su tarjeta para acceder al servicio. Si tiene alg\u00fan problema en cualquier paso, no dude en comunicarse con nuestro equipo de soporte t\u00e9cnico.[\/faq_item] [\/faq]<\/div>","protected":false},"excerpt":{"rendered":"","protected":false},"author":9,"featured_media":0,"parent":1788,"menu_order":0,"comment_status":"closed","ping_status":"closed","template":"templates\/template-application-platform.php","meta":{"publish_to_discourse":"","publish_post_category":"","wpdc_auto_publish_overridden":"","wpdc_topic_tags":"","wpdc_pin_topic":"","wpdc_pin_until":"","discourse_post_id":"","discourse_permalink":"","wpdc_publishing_response":"","wpdc_publishing_error":"","footnotes":""},"class_list":["post-6379","page","type-page","status-publish","hentry"],"yoast_head":"<!-- This site is optimized with the Yoast SEO plugin v25.3.1 - https:\/\/yoast.com\/wordpress\/plugins\/seo\/ -->\n<title>La mejor extensi\u00f3n de rese\u00f1as de Facebook para el sitio web de Magento (2025)<\/title>\n<meta name=\"description\" content=\"Agregue la mejor extensi\u00f3n de Rese\u00f1as de Facebook en su sitio web Magento. Conozca nuestra demostraci\u00f3n interactiva y genere su complemento en solo 3 minutos.\" \/>\n<meta name=\"robots\" content=\"index, follow, max-snippet:-1, max-image-preview:large, max-video-preview:-1\" \/>\n<link rel=\"canonical\" href=\"https:\/\/elfsight.com\/es\/facebook-reviews-widget\/magento\/\" \/>\n<meta property=\"og:locale\" content=\"es_ES\" \/>\n<meta property=\"og:type\" content=\"article\" \/>\n<meta property=\"og:title\" content=\"La mejor extensi\u00f3n de rese\u00f1as de Facebook para el sitio web de Magento (2025)\" \/>\n<meta property=\"og:description\" content=\"Agregue la mejor extensi\u00f3n de Rese\u00f1as de Facebook en su sitio web Magento. Conozca nuestra demostraci\u00f3n interactiva y genere su complemento en solo 3 minutos.\" \/>\n<meta property=\"og:url\" content=\"https:\/\/elfsight.com\/es\/facebook-reviews-widget\/magento\/\" \/>\n<meta property=\"og:site_name\" content=\"Elfsight ES\" \/>\n<meta property=\"article:modified_time\" content=\"2025-02-06T16:04:16+00:00\" \/>\n<meta name=\"twitter:card\" content=\"summary_large_image\" \/>\n<meta name=\"twitter:label1\" content=\"Tiempo de lectura\" \/>\n\t<meta name=\"twitter:data1\" content=\"3 minutos\" \/>\n<!-- \/ Yoast SEO plugin. -->","yoast_head_json":{"title":"La mejor extensi\u00f3n de rese\u00f1as de Facebook para el sitio web de Magento (2025)","description":"Agregue la mejor extensi\u00f3n de Rese\u00f1as de Facebook en su sitio web Magento. Conozca nuestra demostraci\u00f3n interactiva y genere su complemento en solo 3 minutos.","robots":{"index":"index","follow":"follow","max-snippet":"max-snippet:-1","max-image-preview":"max-image-preview:large","max-video-preview":"max-video-preview:-1"},"canonical":"https:\/\/elfsight.com\/es\/facebook-reviews-widget\/magento\/","og_locale":"es_ES","og_type":"article","og_title":"La mejor extensi\u00f3n de rese\u00f1as de Facebook para el sitio web de Magento (2025)","og_description":"Agregue la mejor extensi\u00f3n de Rese\u00f1as de Facebook en su sitio web Magento. Conozca nuestra demostraci\u00f3n interactiva y genere su complemento en solo 3 minutos.","og_url":"https:\/\/elfsight.com\/es\/facebook-reviews-widget\/magento\/","og_site_name":"Elfsight ES","article_modified_time":"2025-02-06T16:04:16+00:00","twitter_card":"summary_large_image","twitter_misc":{"Tiempo de lectura":"3 minutos"},"schema":{"@context":"https:\/\/schema.org","@graph":[{"@type":"WebPage","@id":"https:\/\/elfsight.com\/es\/facebook-reviews-widget\/magento\/","url":"https:\/\/elfsight.com\/es\/facebook-reviews-widget\/magento\/","name":"La mejor extensi\u00f3n de rese\u00f1as de Facebook para el sitio web de Magento (2025)","isPartOf":{"@id":"https:\/\/elfsight.com\/es\/#website"},"datePublished":"1970-01-01T00:00:00+00:00","dateModified":"2025-02-06T16:04:16+00:00","description":"Agregue la mejor extensi\u00f3n de Rese\u00f1as de Facebook en su sitio web Magento. Conozca nuestra demostraci\u00f3n interactiva y genere su complemento en solo 3 minutos.","breadcrumb":{"@id":"https:\/\/elfsight.com\/es\/facebook-reviews-widget\/magento\/#breadcrumb"},"inLanguage":"es","potentialAction":[{"@type":"ReadAction","target":["https:\/\/elfsight.com\/es\/facebook-reviews-widget\/magento\/"]}]},{"@type":"BreadcrumbList","@id":"https:\/\/elfsight.com\/es\/facebook-reviews-widget\/magento\/#breadcrumb","itemListElement":[{"@type":"ListItem","position":1,"name":"Home","item":"https:\/\/elfsight.com\/es\/"},{"@type":"ListItem","position":2,"name":"Facebook Reviews","item":"https:\/\/elfsight.com\/es\/facebook-reviews-widget\/"},{"@type":"ListItem","position":3,"name":"Facebook Reviews &#8211; Magento"}]},{"@type":"WebSite","@id":"https:\/\/elfsight.com\/es\/#website","url":"https:\/\/elfsight.com\/es\/","name":"Elfsight ES","description":"Just another Elfsight Sites site","potentialAction":[{"@type":"SearchAction","target":{"@type":"EntryPoint","urlTemplate":"https:\/\/elfsight.com\/es\/?s={search_term_string}"},"query-input":{"@type":"PropertyValueSpecification","valueRequired":true,"valueName":"search_term_string"}}],"inLanguage":"es"}]}},"meta_box":{"industry":"","seo_heading":"","heading":"","description":"","cta_heading":"","cta_description":"","application":"1787","h1":"Extensi\u00f3n de rese\u00f1as de Facebook de Magento","h1_caption":"Inserte rese\u00f1as de clientes desde su p\u00e1gina de Facebook directamente en su sitio web para mejorar la confianza y la prueba social en su sitio web Magento sin esfuerzo.","application_category":[],"applications_title":"","applications_request_title":"","applications_request_button_text":"","hero_text":"","hero_video":"","hero_video_schema_markup":"","selling_points_title":"","selling_points_caption":"","selling_points":[],"selling_points_cta_text":"","features_title":"","features":"","ed_cta_examples_text":"","ed_cta_examples_hidden":"","ed_cta_demo_text":"","ed_cta_demo_hidden":"","why_caption":"","why_editor_title":"","why_editor_text":"","why_team_title":"","why_team_text":"","why_service_title":"","why_service_text":"","template_catalog_visible":"","template_catalog_title":"","template_catalog_text":"","template_catalog_categories_visible":"","demo_title":"Crea tu extensi\u00f3n de Rese\u00f1as de Facebook","demo_caption":"\u00a1Configure sus rese\u00f1as de Facebook y agr\u00e9guelas a su sitio web Magento gratis!","default_faq_hidden":"","app_template_category":[],"platform":"82","template_public_id":"","codecanyon_url":"","codecanyon_item_id":"","codecanyon_price":"","pricing_caption":"","pricing_elfsight_apps_hide_column":"","pricing_elfsight_apps_url":"","pricing_codecanyon_price_caption":"","integration_category":[],"integration_request_title":"","integration_request_cta":"","integration_platform":"","integrations":[],"platform_category":[],"video_schema_markup":"","price":"desde $0 \/ mes","trial":"","benefits":[{"text":"Ayuda de instalaci\u00f3n gratuita"},{"text":"Atenci\u00f3n al cliente experimentada"},{"text":"Garant\u00eda de devoluci\u00f3n de dinero de 14 d\u00edas"},{"text":"Desarrollo continuo"}],"button_url":"#demo","button_target_blank":"","button_nofollow":"","attributes":[{"name":"Instalaciones","content":"10,000 - 100,000"},{"name":"Sensible","content":"S\u00ed"},{"name":"Navegadores compatibles","content":"Firefox, Safari, Opera, Chrome, Edge"}],"tags":[],"tags_disable_links":"","hide_more_platforms":"","video_object":"","demo_hide_cta":"","demo_hide_cloud_options":"","pricing_title":"","pricing":[{"pricing_icon":"platform","pricing_title":"Elfsight Apps","pricing_title_caption":"Versi\u00f3n multiplataforma que funciona en cualquier sitio web.","pricing_price":"desde $0 \/ mes","pricing_price_caption":"comienza con un plan gratuito","pricing_benefits":[{"text":"Dominios ilimitados"},{"text":"Soporte profesional y puntual"},{"text":"Asistencia de instalaci\u00f3n gratuita"},{"text":"Dise\u00f1o flexible"}],"pricing_button_text":"A\u00f1adir al sitio web","pricing_button_url":"#demo"}],"related_apps_title":"","related_apps_hidden":"","author":"","image":[],"title":"","job":"","social_networks":[]},"_links":{"self":[{"href":"https:\/\/elfsight.com\/es\/wp-json\/wp\/v2\/pages\/6379","targetHints":{"allow":["GET"]}}],"collection":[{"href":"https:\/\/elfsight.com\/es\/wp-json\/wp\/v2\/pages"}],"about":[{"href":"https:\/\/elfsight.com\/es\/wp-json\/wp\/v2\/types\/page"}],"author":[{"embeddable":true,"href":"https:\/\/elfsight.com\/es\/wp-json\/wp\/v2\/users\/9"}],"replies":[{"embeddable":true,"href":"https:\/\/elfsight.com\/es\/wp-json\/wp\/v2\/comments?post=6379"}],"version-history":[{"count":2,"href":"https:\/\/elfsight.com\/es\/wp-json\/wp\/v2\/pages\/6379\/revisions"}],"predecessor-version":[{"id":19127,"href":"https:\/\/elfsight.com\/es\/wp-json\/wp\/v2\/pages\/6379\/revisions\/19127"}],"up":[{"embeddable":true,"href":"https:\/\/elfsight.com\/es\/wp-json\/wp\/v2\/pages\/1788"}],"wp:attachment":[{"href":"https:\/\/elfsight.com\/es\/wp-json\/wp\/v2\/media?parent=6379"}],"curies":[{"name":"wp","href":"https:\/\/api.w.org\/{rel}","templated":true}]}}