{"id":6373,"date":"1970-01-01T00:00:00","date_gmt":"1970-01-01T00:00:00","guid":{"rendered":"https:\/\/elfsight.com\/es\/?page_id=6373"},"modified":"2025-02-06T16:04:16","modified_gmt":"2025-02-06T16:04:16","slug":"jquery","status":"publish","type":"page","link":"https:\/\/elfsight.com\/es\/facebook-reviews-widget\/jquery\/","title":{"rendered":"Facebook Reviews &#8211; jQuery"},"content":{"rendered":"<div class=\"application-platform-content-item-description application-platform-content-item\" id=\"description\" data-nav-section=\"description\"><h2>Descripci\u00f3n<\/h2><p>Presente las rese\u00f1as de sus clientes de Facebook en el sitio web con Rese\u00f1as de Facebook de Elfsight y haga alarde de su confiabilidad. La audiencia del sitio ver\u00e1 lo que los clientes dicen sobre sus productos en Facebook en un widget con un dise\u00f1o limpio y elementos originales de Facebook. La interfaz es ajustable y presenta calificaci\u00f3n de estrellas, informaci\u00f3n del autor, funciones intercambiables y opciones de dise\u00f1o y plantilla listas para usar. Con la ayuda de Rese\u00f1as de Facebook de Elfsight, puede mostrar un bot\u00f3n para agregar una nueva rese\u00f1a y atraer comentarios de los clientes.<\/p><p><b>\u00a1Pegue sus rese\u00f1as de Facebook en el sitio web para revelar su alta valoraci\u00f3n!<\/b><\/p><ul><li><b>Aumente la confiabilidad revelando rese\u00f1as de usuarios reales<\/b><br>Convenza a los usuarios de que sus rese\u00f1as son verdaderas utilizando datos completos del autor y aumente la confianza en su marca.<\/li><li><b>Aumente las compras mostrando su alta valoraci\u00f3n calificaci\u00f3n<\/b><br>Demuestre su alta calificaci\u00f3n y excelentes cr\u00edticas para convencer a los usuarios de que vale la pena comprar sus art\u00edculos.<\/li><li><b>Logre una comprensi\u00f3n m\u00e1s clara de sus ofertas<\/b><br>Demostrar sus productos a trav\u00e9s de la experiencia de los clientes ayudar\u00e1 a los clientes potenciales a formarse y comprenderlos mejor.<\/li><\/ul><\/div><div class=\"application-platform-content-item-features application-platform-content-item\" id=\"features\" data-nav-section=\"features\"><h2>Caracter\u00edsticas<\/h2><p>Aqu\u00ed hay una breve lista de caracter\u00edsticas que hacen de nuestro complemento una soluci\u00f3n perfecta para JQuery:<\/p><ul><li>Tres tipos de filtros: por tipo, exclusi\u00f3n por y cantidad de rese\u00f1as;<\/li><li>Elegir el n\u00famero de rese\u00f1as por p\u00e1gina;<\/li><li>Configurar la velocidad de diapositiva y la velocidad de reproducci\u00f3n autom\u00e1tica;<\/li><li>Enlaces admitidos en el rechazo de solicitud de rese\u00f1a message;<\/li><li>Tres tipos de decoraci\u00f3n de rese\u00f1as: Borde, Fondo, Ninguno;<\/li><\/ul><p><a href=\"#demo\">\u00a1Descubra el conjunto completo de funciones en la demostraci\u00f3n!<\/a><\/p><\/div><div class=\"application-platform-content-item-installation application-platform-content-item\" id=\"installation\" data-nav-section=\"installation\"><h2>C\u00f3mo agregar rese\u00f1as de Facebook al sitio web jQuery<\/h2><p>El complemento Elfsight es el m\u00e1s f\u00e1cil en t\u00e9rminos de integraci\u00f3n y no lo har\u00e1 requieren habilidades en programaci\u00f3n web. El tiempo promedio de instalaci\u00f3n no es m\u00e1s de 80 segundos.<\/p><ol><li><b>Construya sus rese\u00f1as personalizadas en Facebook<\/b><br>Con nuestro editor gratuito, cree un complemento con el dise\u00f1o y las opciones de configuraci\u00f3n requeridas.<\/li><li><b>Obtenga un c\u00f3digo para publicar el complemento<\/b><br>Despu\u00e9s de personalizar el widget, obtenga un c\u00f3digo para el complemento de rese\u00f1as de la notificaci\u00f3n que aparece en Elfsight Apps.<\/li><li><b>Coloque el widget en el sitio web<\/b><br>Abra el c\u00f3digo de la p\u00e1gina en el editor HTML. agregue el widget al \u00e1rea seleccionada (contenido, pie de p\u00e1gina, barra lateral, etc.) y publique los resultados.<\/li><li><b>La configuraci\u00f3n est\u00e1 completa<\/b><br>Abra el sitio para ver su trabajo.<\/li><\/ol><p>\u00bfApareci\u00f3 alguna pregunta durante la instalaci\u00f3n? Env\u00ede una consulta al centro de soporte de Elfsight o utilice el texto completo del tutorial para terminar de crear el complemento usted mismo.<\/p><div class=\"faq\" data-component=\"FAQ\"> <div class=\"faq-item\">\r\n\t\t\t\t\t<div class=\"faq-item-question\">\r\n\t\t\t\t\t\t<h3 class=\"faq-item-question-text\">\u00bfC\u00f3mo puedo agregar rese\u00f1as de Facebook a mi sitio web jQuery sin conocimientos de codificaci\u00f3n?<\/h3>\r\n\r\n\t\t\t\t\t\t<div class=\"faq-item-question-icon\"><\/div>\r\n\t\t\t\t\t<\/div>\r\n\r\n\t\t\t\t\t<div class=\"faq-item-answer\">\r\n\t\t\t\t\t\t<div class=\"faq-item-answer-text\"> <p>Elfsight proporciona una soluci\u00f3n SaaS que le permite crear un widget de rese\u00f1as de Facebook usted mismo. Vea lo f\u00e1cil que es el proceso: trabaje directamente en el editor en l\u00ednea para crear un widget de rese\u00f1as de Facebook que le gustar\u00eda ver en su sitio web jQuery. Elija una de las plantillas predise\u00f1adas y ajuste la configuraci\u00f3n de Rese\u00f1as de Facebook, agregue su contenido, cambie el dise\u00f1o y los colores sin conocimientos de codificaci\u00f3n. Guarde las rese\u00f1as de Facebook y copie su c\u00f3digo de instalaci\u00f3n, que puede insertar f\u00e1cilmente en su sitio web jQuery sin necesidad de comprar una suscripci\u00f3n paga. Con nuestro editor intuitivo, cualquier usuario de Internet puede crear un widget de rese\u00f1as de Facebook en l\u00ednea e incrustarlo f\u00e1cilmente en su sitio web jQuery. No es necesario pagar ni ingresar las credenciales de su tarjeta para acceder al servicio. Si tiene alg\u00fan problema en cualquier paso, no dude en ponerse en contacto con nuestro equipo de soporte t\u00e9cnico.<\/p> <\/div>\r\n\t\t\t\t\t<\/div>\r\n\t\t\t\t<\/div> <\/div> <\/div>","protected":false},"excerpt":{"rendered":"","protected":false},"author":9,"featured_media":0,"parent":1788,"menu_order":0,"comment_status":"closed","ping_status":"closed","template":"templates\/template-application-platform.php","meta":{"publish_to_discourse":"","publish_post_category":"","wpdc_auto_publish_overridden":"","wpdc_topic_tags":"","wpdc_pin_topic":"","wpdc_pin_until":"","discourse_post_id":"","discourse_permalink":"","wpdc_publishing_response":"","wpdc_publishing_error":"","footnotes":""},"class_list":["post-6373","page","type-page","status-publish","hentry"],"yoast_head":"<!-- This site is optimized with the Yoast SEO plugin v25.3.1 - https:\/\/yoast.com\/wordpress\/plugins\/seo\/ -->\n<title>El mejor complemento de rese\u00f1as de Facebook para el sitio web jQuery (2025)<\/title>\n<meta name=\"description\" content=\"Construya su complemento Facebook Revies para jQuery e inst\u00e1lelo en su sitio web. \u00a1Editor gratuito, ayuda con la instalaci\u00f3n y otros widgets de Elfsight!\" \/>\n<meta name=\"robots\" content=\"index, follow, max-snippet:-1, max-image-preview:large, max-video-preview:-1\" \/>\n<link rel=\"canonical\" href=\"https:\/\/elfsight.com\/es\/facebook-reviews-widget\/jquery\/\" \/>\n<meta property=\"og:locale\" content=\"es_ES\" \/>\n<meta property=\"og:type\" content=\"article\" \/>\n<meta property=\"og:title\" content=\"El mejor complemento de rese\u00f1as de Facebook para el sitio web jQuery (2025)\" \/>\n<meta property=\"og:description\" content=\"Construya su complemento Facebook Revies para jQuery e inst\u00e1lelo en su sitio web. \u00a1Editor gratuito, ayuda con la instalaci\u00f3n y otros widgets de Elfsight!\" \/>\n<meta property=\"og:url\" content=\"https:\/\/elfsight.com\/es\/facebook-reviews-widget\/jquery\/\" \/>\n<meta property=\"og:site_name\" content=\"Elfsight ES\" \/>\n<meta property=\"article:modified_time\" content=\"2025-02-06T16:04:16+00:00\" \/>\n<meta name=\"twitter:card\" content=\"summary_large_image\" \/>\n<meta name=\"twitter:label1\" content=\"Tiempo de lectura\" \/>\n\t<meta name=\"twitter:data1\" content=\"4 minutos\" \/>\n<!-- \/ Yoast SEO plugin. -->","yoast_head_json":{"title":"El mejor complemento de rese\u00f1as de Facebook para el sitio web jQuery (2025)","description":"Construya su complemento Facebook Revies para jQuery e inst\u00e1lelo en su sitio web. \u00a1Editor gratuito, ayuda con la instalaci\u00f3n y otros widgets de Elfsight!","robots":{"index":"index","follow":"follow","max-snippet":"max-snippet:-1","max-image-preview":"max-image-preview:large","max-video-preview":"max-video-preview:-1"},"canonical":"https:\/\/elfsight.com\/es\/facebook-reviews-widget\/jquery\/","og_locale":"es_ES","og_type":"article","og_title":"El mejor complemento de rese\u00f1as de Facebook para el sitio web jQuery (2025)","og_description":"Construya su complemento Facebook Revies para jQuery e inst\u00e1lelo en su sitio web. \u00a1Editor gratuito, ayuda con la instalaci\u00f3n y otros widgets de Elfsight!","og_url":"https:\/\/elfsight.com\/es\/facebook-reviews-widget\/jquery\/","og_site_name":"Elfsight ES","article_modified_time":"2025-02-06T16:04:16+00:00","twitter_card":"summary_large_image","twitter_misc":{"Tiempo de lectura":"4 minutos"},"schema":{"@context":"https:\/\/schema.org","@graph":[{"@type":"WebPage","@id":"https:\/\/elfsight.com\/es\/facebook-reviews-widget\/jquery\/","url":"https:\/\/elfsight.com\/es\/facebook-reviews-widget\/jquery\/","name":"El mejor complemento de rese\u00f1as de Facebook para el sitio web jQuery (2025)","isPartOf":{"@id":"https:\/\/elfsight.com\/es\/#website"},"datePublished":"1970-01-01T00:00:00+00:00","dateModified":"2025-02-06T16:04:16+00:00","description":"Construya su complemento Facebook Revies para jQuery e inst\u00e1lelo en su sitio web. \u00a1Editor gratuito, ayuda con la instalaci\u00f3n y otros widgets de Elfsight!","breadcrumb":{"@id":"https:\/\/elfsight.com\/es\/facebook-reviews-widget\/jquery\/#breadcrumb"},"inLanguage":"es","potentialAction":[{"@type":"ReadAction","target":["https:\/\/elfsight.com\/es\/facebook-reviews-widget\/jquery\/"]}]},{"@type":"BreadcrumbList","@id":"https:\/\/elfsight.com\/es\/facebook-reviews-widget\/jquery\/#breadcrumb","itemListElement":[{"@type":"ListItem","position":1,"name":"Home","item":"https:\/\/elfsight.com\/es\/"},{"@type":"ListItem","position":2,"name":"Facebook Reviews","item":"https:\/\/elfsight.com\/es\/facebook-reviews-widget\/"},{"@type":"ListItem","position":3,"name":"Facebook Reviews &#8211; jQuery"}]},{"@type":"WebSite","@id":"https:\/\/elfsight.com\/es\/#website","url":"https:\/\/elfsight.com\/es\/","name":"Elfsight ES","description":"Just another Elfsight Sites site","potentialAction":[{"@type":"SearchAction","target":{"@type":"EntryPoint","urlTemplate":"https:\/\/elfsight.com\/es\/?s={search_term_string}"},"query-input":{"@type":"PropertyValueSpecification","valueRequired":true,"valueName":"search_term_string"}}],"inLanguage":"es"}]}},"meta_box":{"industry":"","seo_heading":"","heading":"","description":"","cta_heading":"","cta_description":"","application":"1787","h1":"Complemento jQuery de rese\u00f1as de Facebook","h1_caption":"Inserte rese\u00f1as de clientes desde su p\u00e1gina de Facebook directamente en su sitio web para mejorar la confianza y la prueba social en su sitio web jQuery sin esfuerzo.","application_category":[],"applications_title":"","applications_request_title":"","applications_request_button_text":"","hero_text":"","hero_video":"","hero_video_schema_markup":"","selling_points_title":"","selling_points_caption":"","selling_points":[],"selling_points_cta_text":"","features_title":"","features":"","ed_cta_examples_text":"","ed_cta_examples_hidden":"","ed_cta_demo_text":"","ed_cta_demo_hidden":"","why_caption":"","why_editor_title":"","why_editor_text":"","why_team_title":"","why_team_text":"","why_service_title":"","why_service_text":"","template_catalog_visible":"","template_catalog_title":"","template_catalog_text":"","template_catalog_categories_visible":"","demo_title":"Crea tu complemento de rese\u00f1as de Facebook","demo_caption":"\u00a1Configura tus rese\u00f1as de Facebook y agr\u00e9galas a tu sitio web jQuery gratis!","default_faq_hidden":"","app_template_category":[],"platform":"76","template_public_id":"","codecanyon_url":"","codecanyon_item_id":"","codecanyon_price":"","pricing_caption":"","pricing_elfsight_apps_hide_column":"","pricing_elfsight_apps_url":"","pricing_codecanyon_price_caption":"","integration_category":[],"integration_request_title":"","integration_request_cta":"","integration_platform":"","integrations":[],"platform_category":[],"video_schema_markup":"","price":"desde $0 \/ mes","trial":"","benefits":[{"text":"Asistencia de instalaci\u00f3n gratuita"},{"text":"Soporte excepcional"},{"text":"Garant\u00eda de devoluci\u00f3n de dinero de 14 d\u00edas"},{"text":"Actualizaciones peri\u00f3dicas"}],"button_url":"#demo","button_target_blank":"","button_nofollow":"","attributes":[{"name":"Instalaciones","content":"10,000 - 100,000"},{"name":"Sensible","content":"S\u00ed"},{"name":"Navegadores compatibles","content":"Firefox, Safari, Opera, Chrome, Edge"}],"tags":[],"tags_disable_links":"","hide_more_platforms":"","video_object":"","demo_hide_cta":"","demo_hide_cloud_options":"","pricing_title":"","pricing":[{"pricing_icon":"platform","pricing_title":"Elfsight Apps","pricing_title_caption":"Soluci\u00f3n multiplataforma que funciona en cualquier sitio web","pricing_price":"desde $0 \/ mes","pricing_price_caption":"comienza con un plan gratuito","pricing_benefits":[{"text":"Dominios ilimitados"},{"text":"Atenci\u00f3n al cliente 24 horas al d\u00eda, 7 d\u00edas a la semana"},{"text":"Servicio de instalaci\u00f3n gratuito"},{"text":"100% personalizable"}],"pricing_button_text":"A\u00f1adir al sitio web","pricing_button_url":"#demo"}],"related_apps_title":"","related_apps_hidden":"","author":"","image":[],"title":"","job":"","social_networks":[]},"_links":{"self":[{"href":"https:\/\/elfsight.com\/es\/wp-json\/wp\/v2\/pages\/6373","targetHints":{"allow":["GET"]}}],"collection":[{"href":"https:\/\/elfsight.com\/es\/wp-json\/wp\/v2\/pages"}],"about":[{"href":"https:\/\/elfsight.com\/es\/wp-json\/wp\/v2\/types\/page"}],"author":[{"embeddable":true,"href":"https:\/\/elfsight.com\/es\/wp-json\/wp\/v2\/users\/9"}],"replies":[{"embeddable":true,"href":"https:\/\/elfsight.com\/es\/wp-json\/wp\/v2\/comments?post=6373"}],"version-history":[{"count":2,"href":"https:\/\/elfsight.com\/es\/wp-json\/wp\/v2\/pages\/6373\/revisions"}],"predecessor-version":[{"id":19129,"href":"https:\/\/elfsight.com\/es\/wp-json\/wp\/v2\/pages\/6373\/revisions\/19129"}],"up":[{"embeddable":true,"href":"https:\/\/elfsight.com\/es\/wp-json\/wp\/v2\/pages\/1788"}],"wp:attachment":[{"href":"https:\/\/elfsight.com\/es\/wp-json\/wp\/v2\/media?parent=6373"}],"curies":[{"name":"wp","href":"https:\/\/api.w.org\/{rel}","templated":true}]}}