{"id":6372,"date":"1970-01-01T00:00:00","date_gmt":"1970-01-01T00:00:00","guid":{"rendered":"https:\/\/elfsight.com\/es\/?page_id=6372"},"modified":"2025-02-06T16:04:16","modified_gmt":"2025-02-06T16:04:16","slug":"joomla","status":"publish","type":"page","link":"https:\/\/elfsight.com\/es\/facebook-reviews-widget\/joomla\/","title":{"rendered":"Facebook Reviews &#8211; Joomla"},"content":{"rendered":"<div class=\"application-platform-content-item-description application-platform-content-item\" id=\"description\" data-nav-section=\"description\"><h2>Descripci\u00f3n<\/h2><p>Rese\u00f1as de Facebook de Elfsight es un medio sencillo para mostrar rese\u00f1as de su p\u00e1gina de Facebook en su sitio web y aumentar la confianza en su marca entre la clientela del sitio. Puede aplicar un filtro de rese\u00f1as, mostrar calificaci\u00f3n de estrellas, informaci\u00f3n del autor y un bot\u00f3n para dejar una rese\u00f1a m\u00e1s. Nuestro widget de Rese\u00f1as de Facebook incluye dise\u00f1os variados y plantillas de rese\u00f1as, elementos intercambiables y encabezado adaptable para una m\u00e1xima personalizaci\u00f3n. Con la ayuda de sus rese\u00f1as de Facebook en el sitio, podr\u00e1 presumir de una alta valoraci\u00f3n, mejorar la confianza y recibir a\u00fan m\u00e1s rese\u00f1as.<\/p><p><b>\u00a1Obtenga m\u00e1s informaci\u00f3n sobre los clientes mostrando rese\u00f1as de Facebook con llamado a la acci\u00f3n!<\/b><\/p><ul><li><b>Aumente el valor percibido de sus productos mostrando las mejores rese\u00f1as<\/b><br> Utilice filtros para ocultar todas las rese\u00f1as negativas y haga que la audiencia est\u00e9 100% segura de la excelencia de sus ofertas.<\/li><li><b>Obtenga rese\u00f1as con bot\u00f3n de llamada a la acci\u00f3n<\/b><br> Gracias al r\u00e1pido redireccionamiento a tu p\u00e1gina de Facebook y al atractivo bot\u00f3n de llamada a la acci\u00f3n, puedes obtener m\u00e1s informaci\u00f3n sobre los clientes.<\/li><li><b>Logra una comprensi\u00f3n m\u00e1s clara de tus ofertas entre los usuarios<\/b><br> Mostrar tus art\u00edculos a trav\u00e9s de la experiencia de usuario de los clientes ayudar\u00e1 a los visitantes a comprenderlos mejor.<\/li><\/ul><\/div><div class=\"application-platform-content-item-features application-platform-content-item\" id=\"features\" data-nav-section=\"features\"><h2>Caracter\u00edsticas<\/h2><p>\u00bfQu\u00e9 caracter\u00edsticas hacen que el complemento Elfsight sea el mejor para cada sitio Joomla? Estudie nuestras caracter\u00edsticas principales:<\/p><ul><li>Elementos intercambiables del encabezado: calificaci\u00f3n e im\u00e1genes de los revisores;<\/li><li>Tipos de dise\u00f1o de cuadr\u00edcula cl\u00e1sico o de mamposter\u00eda;<\/li><li>Elecci\u00f3n del tipo de paginaci\u00f3n en el dise\u00f1o deslizante;<\/li><li>Mensaje de texto editable despu\u00e9s de la denegaci\u00f3n de solicitud de revisi\u00f3n, con opciones de formato;<\/li><li>5 elementos de la interfaz que se pueden pintar: fondo, texto de revisi\u00f3n, enlaces. Bot\u00f3n de solicitud de revisi\u00f3n, calificaci\u00f3n;<\/li><\/ul><p><a href=\"#demo\">Compru\u00e9balos todos<\/a><\/p><\/div><div class=\"application-platform-content-item-installation application-platform-content-item\" id=\"installation\" data-nav-section=\"installation\"><h2>C\u00f3mo agregar rese\u00f1as de Facebook al sitio web de Joomla<\/h2><p>Simplemente sigue estos pasos que se presentan a continuaci\u00f3n para activar las rese\u00f1as de Facebook en Joomla.<\/p> <ol><li><b>Utiliza nuestro editor gratuito y comienza a crear tu personalizado extensi\u00f3n. <\/b><br> Especifique la forma preferida y las especificaciones del complemento y aplique las correcciones. <\/li> <li><b>Copia tu c\u00f3digo personal que se muestra en el formulario especial en Elfsight Apps. <\/b><br> Inmediatamente despu\u00e9s de finalizar la configuraci\u00f3n de su herramienta personal, copie el c\u00f3digo individual de la ventana emergente que aparece y gu\u00e1rdelo para futuras ocasiones. <\/li> <li><b>Inicie la utilizaci\u00f3n de la extensi\u00f3n en su sitio web Joomla. <\/b><br> A\u00f1ade el c\u00f3digo guardado recientemente en tu sitio web y aplica las modificaciones. <\/li> <li><b>La configuraci\u00f3n se realiz\u00f3 por completo. <\/b><br> Visite su sitio para examinar el rendimiento del widget. <\/li><\/ol><p>\u00bfTiene dificultades o consultas al seguir el tutorial o configurar un complemento \u00fanico? Escriba al centro de soporte de Elfsight y estaremos encantados de ayudarle a crear y mostrar complementos en su sitio web.<\/p><div class=\"faq\" data-component=\"FAQ\"> <div class=\"faq-item\">\r\n\t\t\t\t\t<div class=\"faq-item-question\">\r\n\t\t\t\t\t\t<h3 class=\"faq-item-question-text\">\u00bfC\u00f3mo puedo agregar rese\u00f1as de Facebook a mi sitio web Joomla sin conocimientos de codificaci\u00f3n?<\/h3>\r\n\r\n\t\t\t\t\t\t<div class=\"faq-item-question-icon\"><\/div>\r\n\t\t\t\t\t<\/div>\r\n\r\n\t\t\t\t\t<div class=\"faq-item-answer\">\r\n\t\t\t\t\t\t<div class=\"faq-item-answer-text\"> <p>Elfsight proporciona una soluci\u00f3n SaaS que le permite crear un widget de rese\u00f1as de Facebook usted mismo. Vea lo f\u00e1cil que es el proceso: trabaje directamente en el editor en l\u00ednea para crear un widget de rese\u00f1as de Facebook que le gustar\u00eda ver en su sitio web Joomla. Elija una de las plantillas predise\u00f1adas y ajuste la configuraci\u00f3n de Rese\u00f1as de Facebook, agregue su contenido, cambie el dise\u00f1o y los colores sin conocimientos de codificaci\u00f3n. Guarde las rese\u00f1as de Facebook y copie su c\u00f3digo de instalaci\u00f3n, que puede agregar f\u00e1cilmente en su sitio web Joomla sin comprar una versi\u00f3n paga. Con nuestro editor intuitivo, cualquier usuario de Internet puede crear un widget de rese\u00f1as de Facebook en l\u00ednea e incrustarlo f\u00e1cilmente en su sitio web Joomla. No es necesario pagar ni ingresar las credenciales de su tarjeta para acceder al servicio. Si tiene alg\u00fan problema en cualquier paso, no dude en ponerse en contacto con nuestro equipo de soporte t\u00e9cnico.<\/p> <\/div>\r\n\t\t\t\t\t<\/div>\r\n\t\t\t\t<\/div> <\/div> <\/div>","protected":false},"excerpt":{"rendered":"","protected":false},"author":9,"featured_media":0,"parent":1788,"menu_order":0,"comment_status":"closed","ping_status":"closed","template":"templates\/template-application-platform.php","meta":{"publish_to_discourse":"","publish_post_category":"","wpdc_auto_publish_overridden":"","wpdc_topic_tags":"","wpdc_pin_topic":"","wpdc_pin_until":"","discourse_post_id":"","discourse_permalink":"","wpdc_publishing_response":"","wpdc_publishing_error":"","footnotes":""},"class_list":["post-6372","page","type-page","status-publish","hentry"],"yoast_head":"<!-- This site is optimized with the Yoast SEO plugin v25.3.1 - https:\/\/yoast.com\/wordpress\/plugins\/seo\/ -->\n<title>La mejor extensi\u00f3n de rese\u00f1as de Facebook para el sitio web Joomla (2025)<\/title>\n<meta name=\"description\" content=\"Pruebe la extensi\u00f3n Elfsight Facebook Reviews para Joomla de forma gratuita. \u00a1Crea un widget \u00fanico para tu sitio web en solo un par de minutos!\" \/>\n<meta name=\"robots\" content=\"index, follow, max-snippet:-1, max-image-preview:large, max-video-preview:-1\" \/>\n<link rel=\"canonical\" href=\"https:\/\/elfsight.com\/es\/facebook-reviews-widget\/joomla\/\" \/>\n<meta property=\"og:locale\" content=\"es_ES\" \/>\n<meta property=\"og:type\" content=\"article\" \/>\n<meta property=\"og:title\" content=\"La mejor extensi\u00f3n de rese\u00f1as de Facebook para el sitio web Joomla (2025)\" \/>\n<meta property=\"og:description\" content=\"Pruebe la extensi\u00f3n Elfsight Facebook Reviews para Joomla de forma gratuita. \u00a1Crea un widget \u00fanico para tu sitio web en solo un par de minutos!\" \/>\n<meta property=\"og:url\" content=\"https:\/\/elfsight.com\/es\/facebook-reviews-widget\/joomla\/\" \/>\n<meta property=\"og:site_name\" content=\"Elfsight ES\" \/>\n<meta property=\"article:modified_time\" content=\"2025-02-06T16:04:16+00:00\" \/>\n<meta name=\"twitter:card\" content=\"summary_large_image\" \/>\n<meta name=\"twitter:label1\" content=\"Tiempo de lectura\" \/>\n\t<meta name=\"twitter:data1\" content=\"4 minutos\" \/>\n<!-- \/ Yoast SEO plugin. -->","yoast_head_json":{"title":"La mejor extensi\u00f3n de rese\u00f1as de Facebook para el sitio web Joomla (2025)","description":"Pruebe la extensi\u00f3n Elfsight Facebook Reviews para Joomla de forma gratuita. \u00a1Crea un widget \u00fanico para tu sitio web en solo un par de minutos!","robots":{"index":"index","follow":"follow","max-snippet":"max-snippet:-1","max-image-preview":"max-image-preview:large","max-video-preview":"max-video-preview:-1"},"canonical":"https:\/\/elfsight.com\/es\/facebook-reviews-widget\/joomla\/","og_locale":"es_ES","og_type":"article","og_title":"La mejor extensi\u00f3n de rese\u00f1as de Facebook para el sitio web Joomla (2025)","og_description":"Pruebe la extensi\u00f3n Elfsight Facebook Reviews para Joomla de forma gratuita. \u00a1Crea un widget \u00fanico para tu sitio web en solo un par de minutos!","og_url":"https:\/\/elfsight.com\/es\/facebook-reviews-widget\/joomla\/","og_site_name":"Elfsight ES","article_modified_time":"2025-02-06T16:04:16+00:00","twitter_card":"summary_large_image","twitter_misc":{"Tiempo de lectura":"4 minutos"},"schema":{"@context":"https:\/\/schema.org","@graph":[{"@type":"WebPage","@id":"https:\/\/elfsight.com\/es\/facebook-reviews-widget\/joomla\/","url":"https:\/\/elfsight.com\/es\/facebook-reviews-widget\/joomla\/","name":"La mejor extensi\u00f3n de rese\u00f1as de Facebook para el sitio web Joomla (2025)","isPartOf":{"@id":"https:\/\/elfsight.com\/es\/#website"},"datePublished":"1970-01-01T00:00:00+00:00","dateModified":"2025-02-06T16:04:16+00:00","description":"Pruebe la extensi\u00f3n Elfsight Facebook Reviews para Joomla de forma gratuita. \u00a1Crea un widget \u00fanico para tu sitio web en solo un par de minutos!","breadcrumb":{"@id":"https:\/\/elfsight.com\/es\/facebook-reviews-widget\/joomla\/#breadcrumb"},"inLanguage":"es","potentialAction":[{"@type":"ReadAction","target":["https:\/\/elfsight.com\/es\/facebook-reviews-widget\/joomla\/"]}]},{"@type":"BreadcrumbList","@id":"https:\/\/elfsight.com\/es\/facebook-reviews-widget\/joomla\/#breadcrumb","itemListElement":[{"@type":"ListItem","position":1,"name":"Home","item":"https:\/\/elfsight.com\/es\/"},{"@type":"ListItem","position":2,"name":"Facebook Reviews","item":"https:\/\/elfsight.com\/es\/facebook-reviews-widget\/"},{"@type":"ListItem","position":3,"name":"Facebook Reviews &#8211; Joomla"}]},{"@type":"WebSite","@id":"https:\/\/elfsight.com\/es\/#website","url":"https:\/\/elfsight.com\/es\/","name":"Elfsight ES","description":"Just another Elfsight Sites site","potentialAction":[{"@type":"SearchAction","target":{"@type":"EntryPoint","urlTemplate":"https:\/\/elfsight.com\/es\/?s={search_term_string}"},"query-input":{"@type":"PropertyValueSpecification","valueRequired":true,"valueName":"search_term_string"}}],"inLanguage":"es"}]}},"meta_box":{"industry":"","seo_heading":"","heading":"","description":"","cta_heading":"","cta_description":"","application":"1787","h1":"Extensi\u00f3n de rese\u00f1as de Facebook de Joomla","h1_caption":"Inserte rese\u00f1as de clientes desde su p\u00e1gina de Facebook directamente en su sitio web para mejorar la confianza y la prueba social en su sitio web Joomla sin esfuerzo.","application_category":[],"applications_title":"","applications_request_title":"","applications_request_button_text":"","hero_text":"","hero_video":"","hero_video_schema_markup":"","selling_points_title":"","selling_points_caption":"","selling_points":[],"selling_points_cta_text":"","features_title":"","features":"","ed_cta_examples_text":"","ed_cta_examples_hidden":"","ed_cta_demo_text":"","ed_cta_demo_hidden":"","why_caption":"","why_editor_title":"","why_editor_text":"","why_team_title":"","why_team_text":"","why_service_title":"","why_service_text":"","template_catalog_visible":"","template_catalog_title":"","template_catalog_text":"","template_catalog_categories_visible":"","demo_title":"Crea tu complemento de rese\u00f1as de Facebook","demo_caption":"\u00a1Configure sus rese\u00f1as de Facebook y agr\u00e9guelas a su sitio web Joomla gratis!","default_faq_hidden":"","app_template_category":[],"platform":"73","template_public_id":"","codecanyon_url":"","codecanyon_item_id":"","codecanyon_price":"","pricing_caption":"","pricing_elfsight_apps_hide_column":"","pricing_elfsight_apps_url":"","pricing_codecanyon_price_caption":"","integration_category":[],"integration_request_title":"","integration_request_cta":"","integration_platform":"","integrations":[],"platform_category":[],"video_schema_markup":"","price":"desde $0 \/ mes","trial":"","benefits":[{"text":"Asistencia de instalaci\u00f3n gratuita"},{"text":"Servicio al cliente profesional"},{"text":"Garant\u00eda de devoluci\u00f3n de dinero de 14 d\u00edas"},{"text":"Mejoras peri\u00f3dicas"}],"button_url":"#demo","button_target_blank":"","button_nofollow":"","attributes":[{"name":"Instalaciones","content":"10,000 - 100,000"},{"name":"Sensible","content":"S\u00ed"},{"name":"Navegadores compatibles","content":"IE11, Firefox, Safari, Opera, Chrome, Edge"}],"tags":[],"tags_disable_links":"","hide_more_platforms":"","video_object":"","demo_hide_cta":"","demo_hide_cloud_options":"","pricing_title":"","pricing":[{"pricing_icon":"platform","pricing_title":"Elfsight Apps","pricing_title_caption":"Software multiplataforma","pricing_price":"desde $0 \/ mes","pricing_price_caption":"comienza con el plan gratuito","pricing_benefits":[{"text":"Dominios ilimitados"},{"text":"Soporte gratuito"},{"text":"Servicio de instalaci\u00f3n gratuito"},{"text":"Precio a alcanzar para m\u00faltiples aplicaciones"}],"pricing_button_text":"A\u00f1adir al sitio web","pricing_button_url":"#demo"}],"related_apps_title":"","related_apps_hidden":"","author":"","image":[],"title":"","job":"","social_networks":[]},"_links":{"self":[{"href":"https:\/\/elfsight.com\/es\/wp-json\/wp\/v2\/pages\/6372","targetHints":{"allow":["GET"]}}],"collection":[{"href":"https:\/\/elfsight.com\/es\/wp-json\/wp\/v2\/pages"}],"about":[{"href":"https:\/\/elfsight.com\/es\/wp-json\/wp\/v2\/types\/page"}],"author":[{"embeddable":true,"href":"https:\/\/elfsight.com\/es\/wp-json\/wp\/v2\/users\/9"}],"replies":[{"embeddable":true,"href":"https:\/\/elfsight.com\/es\/wp-json\/wp\/v2\/comments?post=6372"}],"version-history":[{"count":2,"href":"https:\/\/elfsight.com\/es\/wp-json\/wp\/v2\/pages\/6372\/revisions"}],"predecessor-version":[{"id":19130,"href":"https:\/\/elfsight.com\/es\/wp-json\/wp\/v2\/pages\/6372\/revisions\/19130"}],"up":[{"embeddable":true,"href":"https:\/\/elfsight.com\/es\/wp-json\/wp\/v2\/pages\/1788"}],"wp:attachment":[{"href":"https:\/\/elfsight.com\/es\/wp-json\/wp\/v2\/media?parent=6372"}],"curies":[{"name":"wp","href":"https:\/\/api.w.org\/{rel}","templated":true}]}}