{"id":6371,"date":"1970-01-01T00:00:00","date_gmt":"1970-01-01T00:00:00","guid":{"rendered":"https:\/\/elfsight.com\/es\/?page_id=6371"},"modified":"2025-02-06T16:04:25","modified_gmt":"2025-02-06T16:04:25","slug":"jimdo","status":"publish","type":"page","link":"https:\/\/elfsight.com\/es\/facebook-reviews-widget\/jimdo\/","title":{"rendered":"Facebook Reviews &#8211; Jimdo"},"content":{"rendered":"<div class=\"application-platform-content-item-description application-platform-content-item\" id=\"description\" data-nav-section=\"description\"> <h2>Descripci\u00f3n<\/h2> <p>Rese\u00f1as de Facebook es un instrumento \u00fatil que le ofrece la oportunidad de mostrar las rese\u00f1as de sus acciones directamente en su sitio desde todos los sitios de rese\u00f1as conocidos. Con nuestra herramienta, podr\u00e1 aplicar filtros para ocultar los comentarios no deseados, mostrar su calificaci\u00f3n de estrellas y de n\u00fameros directamente desde su p\u00e1gina en cualquier p\u00e1gina web de rese\u00f1as, agregar informaci\u00f3n sobre los autores de las rese\u00f1as y adjuntar un llamado a la acci\u00f3n que impulsar\u00e1 a los visitantes a escribir sus pensamientos. El widget de Rese\u00f1as de Facebook lo estimular\u00e1 a demostrar su notable prueba social en el sitio web y comenzar a realizar m\u00e1s compras nuevas. <\/p> <p><b>Haga que su sitio sea m\u00e1s eficiente para sus objetivos comerciales con Rese\u00f1as de Facebook<\/b><\/p> <\/div> <div class=\"application-platform-content-item-features application-platform-content-item\" id=\"features\" data-nav-section=\"features\"> <h2>Estas son solo algunas de las numerosas funciones del widget: <\/h2> <ul><li>Incrustar rese\u00f1as de clientes desde la p\u00e1gina de Facebook<\/li><li>3 tipos de filtros: por tipo, cantidad de rese\u00f1as y exclusi\u00f3n por<\/li><li>Navegaci\u00f3n con arrastradores y flechas en el dise\u00f1o del control deslizante<\/li><li>Configuraci\u00f3n de la velocidad de reproducci\u00f3n autom\u00e1tica y de diapositivas<\/li><li>Elementos intercambiables del encabezado: im\u00e1genes de los revisores y calificaci\u00f3n<\/li><li>Bot\u00f3n de solicitud de revisi\u00f3n para redirigir a la p\u00e1gina de Facebook<\/li><li>Enlaces admitidos en el mensaje de rechazo de solicitud de revisi\u00f3n<\/li><li>Tres plantillas de revisi\u00f3n: Cl\u00e1sica, Burbuja, Destacada<\/li><li>Seis elementos intercambiables de las rese\u00f1as: recomendaciones, fecha, \u00edcono de Facebook y estrella calificaci\u00f3n, nombre del autor e imagen<\/li><li>3 tipos de decoraci\u00f3n de rese\u00f1as: fondo, borde, ninguno<\/li><li>Cinco elementos de la interfaz que se pueden pintar: calificaci\u00f3n, enlaces. Bot\u00f3n de solicitud de revisi\u00f3n, fondo, texto de revisi\u00f3n. <\/li><\/ul><p><a href=\"#demo\">Prueba todas las opciones de personalizaci\u00f3n en una demostraci\u00f3n totalmente funcional<\/a><\/p> <\/div> <div class=\"application-platform-content-item-installation application-platform-content-item\" id=\"installation\" data-nav-section=\"installation\"> <h2>\u00bfC\u00f3mo a\u00f1adir rese\u00f1as de Facebook a mi p\u00e1gina web de Jimdo? <\/h2> <p>Simplemente aplique las instrucciones a continuaci\u00f3n para activar el widget. <\/p> <ol><li><b>Realiza nuestra demostraci\u00f3n gratuita y comienza a crear tu widget personalizado. <\/b><br> Especifique el dise\u00f1o y las opciones preferibles del widget y guarde las correcciones. <\/li> <li><b>Obtenga el c\u00f3digo individual expuesto en el cuadro de Elfsight Apps. <\/b><br> Tan pronto como finalice la generaci\u00f3n de su widget, copie el c\u00f3digo individual en la ventana que aparece y gu\u00e1rdelo para necesitarlo m\u00e1s adelante. <\/li> <li><b>Comienza a utilizar el widget en el sitio web de Jimdo. <\/b><br> Inserta el c\u00f3digo que has guardado recientemente en tu p\u00e1gina de inicio y guarda las mejoras. <\/li> <li><b>La instalaci\u00f3n est\u00e1 completamente realizada. <\/b><br>Vaya a su p\u00e1gina para ver el funcionamiento del widget. <\/li><\/ol> <p>En caso de que tenga alguna complicaci\u00f3n, p\u00f3ngase en contacto con nuestro equipo de atenci\u00f3n al cliente. Nuestros especialistas est\u00e1n ansiosos por ayudarle con todos los problemas que pueda tener con el widget. <\/p> <div class=\"faq\" data-component=\"FAQ\"> <div class=\"faq-item\">\r\n\t\t\t\t\t<div class=\"faq-item-question\">\r\n\t\t\t\t\t\t<h3 class=\"faq-item-question-text\">\u00bfC\u00f3mo puedo a\u00f1adir rese\u00f1as de Facebook a mi sitio web Jimdo sin conocimientos de codificaci\u00f3n?<\/h3>\r\n\r\n\t\t\t\t\t\t<div class=\"faq-item-question-icon\"><\/div>\r\n\t\t\t\t\t<\/div>\r\n\r\n\t\t\t\t\t<div class=\"faq-item-answer\">\r\n\t\t\t\t\t\t<div class=\"faq-item-answer-text\"> <p>Elfsight proporciona una soluci\u00f3n SaaS que te permite crear un widget de rese\u00f1as de Facebook t\u00fa mismo. Mira lo f\u00e1cil que es el proceso: trabaja directamente en el editor en l\u00ednea para crear un widget de rese\u00f1as de Facebook que te gustar\u00eda ver en tu sitio web Jimdo. Elija una de las plantillas predise\u00f1adas y ajuste la configuraci\u00f3n de Rese\u00f1as de Facebook, agregue su contenido, cambie el dise\u00f1o y la combinaci\u00f3n de colores sin conocimientos de codificaci\u00f3n. Guarda las rese\u00f1as de Facebook y copia su c\u00f3digo de instalaci\u00f3n, que puedes simplemente agregar en tu sitio web Jimdo sin comprar un plan pago. Con nuestro editor intuitivo, cualquier usuario de Internet puede crear un widget de rese\u00f1as de Facebook en l\u00ednea e incrustarlo f\u00e1cilmente en su sitio web Jimdo. No es necesario pagar ni ingresar las credenciales de su tarjeta para acceder al servicio. Si tiene alg\u00fan problema en cualquier paso, no dude en ponerse en contacto con nuestro equipo de soporte t\u00e9cnico.<\/p> <\/div>\r\n\t\t\t\t\t<\/div>\r\n\t\t\t\t<\/div> <\/div> <\/div>","protected":false},"excerpt":{"rendered":"","protected":false},"author":9,"featured_media":0,"parent":1788,"menu_order":0,"comment_status":"closed","ping_status":"closed","template":"templates\/template-application-platform.php","meta":{"publish_to_discourse":"","publish_post_category":"","wpdc_auto_publish_overridden":"","wpdc_topic_tags":"","wpdc_pin_topic":"","wpdc_pin_until":"","discourse_post_id":"","discourse_permalink":"","wpdc_publishing_response":"","wpdc_publishing_error":"","footnotes":""},"class_list":["post-6371","page","type-page","status-publish","hentry"],"yoast_head":"<!-- This site is optimized with the Yoast SEO plugin v25.3.1 - https:\/\/yoast.com\/wordpress\/plugins\/seo\/ -->\n<title>El mejor widget de rese\u00f1as de Facebook para el sitio web de Jimdo (2025)<\/title>\n<meta name=\"description\" content=\"Crea tu widget personal de Rese\u00f1as en Facebook para Jimdo en s\u00f3lo 80 segundos. Utilice la demostraci\u00f3n m\u00e1s sencilla para configurar widgets de Elfsight de forma gratuita.\" \/>\n<meta name=\"robots\" content=\"index, follow, max-snippet:-1, max-image-preview:large, max-video-preview:-1\" \/>\n<link rel=\"canonical\" href=\"https:\/\/elfsight.com\/es\/facebook-reviews-widget\/jimdo\/\" \/>\n<meta property=\"og:locale\" content=\"es_ES\" \/>\n<meta property=\"og:type\" content=\"article\" \/>\n<meta property=\"og:title\" content=\"El mejor widget de rese\u00f1as de Facebook para el sitio web de Jimdo (2025)\" \/>\n<meta property=\"og:description\" content=\"Crea tu widget personal de Rese\u00f1as en Facebook para Jimdo en s\u00f3lo 80 segundos. Utilice la demostraci\u00f3n m\u00e1s sencilla para configurar widgets de Elfsight de forma gratuita.\" \/>\n<meta property=\"og:url\" content=\"https:\/\/elfsight.com\/es\/facebook-reviews-widget\/jimdo\/\" \/>\n<meta property=\"og:site_name\" content=\"Elfsight ES\" \/>\n<meta property=\"article:modified_time\" content=\"2025-02-06T16:04:25+00:00\" \/>\n<meta name=\"twitter:card\" content=\"summary_large_image\" \/>\n<meta name=\"twitter:label1\" content=\"Tiempo de lectura\" \/>\n\t<meta name=\"twitter:data1\" content=\"4 minutos\" \/>\n<!-- \/ Yoast SEO plugin. -->","yoast_head_json":{"title":"El mejor widget de rese\u00f1as de Facebook para el sitio web de Jimdo (2025)","description":"Crea tu widget personal de Rese\u00f1as en Facebook para Jimdo en s\u00f3lo 80 segundos. Utilice la demostraci\u00f3n m\u00e1s sencilla para configurar widgets de Elfsight de forma gratuita.","robots":{"index":"index","follow":"follow","max-snippet":"max-snippet:-1","max-image-preview":"max-image-preview:large","max-video-preview":"max-video-preview:-1"},"canonical":"https:\/\/elfsight.com\/es\/facebook-reviews-widget\/jimdo\/","og_locale":"es_ES","og_type":"article","og_title":"El mejor widget de rese\u00f1as de Facebook para el sitio web de Jimdo (2025)","og_description":"Crea tu widget personal de Rese\u00f1as en Facebook para Jimdo en s\u00f3lo 80 segundos. Utilice la demostraci\u00f3n m\u00e1s sencilla para configurar widgets de Elfsight de forma gratuita.","og_url":"https:\/\/elfsight.com\/es\/facebook-reviews-widget\/jimdo\/","og_site_name":"Elfsight ES","article_modified_time":"2025-02-06T16:04:25+00:00","twitter_card":"summary_large_image","twitter_misc":{"Tiempo de lectura":"4 minutos"},"schema":{"@context":"https:\/\/schema.org","@graph":[{"@type":"WebPage","@id":"https:\/\/elfsight.com\/es\/facebook-reviews-widget\/jimdo\/","url":"https:\/\/elfsight.com\/es\/facebook-reviews-widget\/jimdo\/","name":"El mejor widget de rese\u00f1as de Facebook para el sitio web de Jimdo (2025)","isPartOf":{"@id":"https:\/\/elfsight.com\/es\/#website"},"datePublished":"1970-01-01T00:00:00+00:00","dateModified":"2025-02-06T16:04:25+00:00","description":"Crea tu widget personal de Rese\u00f1as en Facebook para Jimdo en s\u00f3lo 80 segundos. Utilice la demostraci\u00f3n m\u00e1s sencilla para configurar widgets de Elfsight de forma gratuita.","breadcrumb":{"@id":"https:\/\/elfsight.com\/es\/facebook-reviews-widget\/jimdo\/#breadcrumb"},"inLanguage":"es","potentialAction":[{"@type":"ReadAction","target":["https:\/\/elfsight.com\/es\/facebook-reviews-widget\/jimdo\/"]}]},{"@type":"BreadcrumbList","@id":"https:\/\/elfsight.com\/es\/facebook-reviews-widget\/jimdo\/#breadcrumb","itemListElement":[{"@type":"ListItem","position":1,"name":"Home","item":"https:\/\/elfsight.com\/es\/"},{"@type":"ListItem","position":2,"name":"Facebook Reviews","item":"https:\/\/elfsight.com\/es\/facebook-reviews-widget\/"},{"@type":"ListItem","position":3,"name":"Facebook Reviews &#8211; Jimdo"}]},{"@type":"WebSite","@id":"https:\/\/elfsight.com\/es\/#website","url":"https:\/\/elfsight.com\/es\/","name":"Elfsight ES","description":"Just another Elfsight Sites site","potentialAction":[{"@type":"SearchAction","target":{"@type":"EntryPoint","urlTemplate":"https:\/\/elfsight.com\/es\/?s={search_term_string}"},"query-input":{"@type":"PropertyValueSpecification","valueRequired":true,"valueName":"search_term_string"}}],"inLanguage":"es"}]}},"meta_box":{"industry":"","seo_heading":"","heading":"","description":"","cta_heading":"","cta_description":"","application":"1787","h1":"Widget de rese\u00f1as de Facebook de Jimdo","h1_caption":"Inserta rese\u00f1as de clientes desde tu p\u00e1gina de Facebook directamente en tu sitio web para mejorar la confianza y la prueba social en tu sitio web Jimdo sin esfuerzo.","application_category":[],"applications_title":"","applications_request_title":"","applications_request_button_text":"","hero_text":"","hero_video":"","hero_video_schema_markup":"","selling_points_title":"","selling_points_caption":"","selling_points":[],"selling_points_cta_text":"","features_title":"","features":"","ed_cta_examples_text":"","ed_cta_examples_hidden":"","ed_cta_demo_text":"","ed_cta_demo_hidden":"","why_caption":"","why_editor_title":"","why_editor_text":"","why_team_title":"","why_team_text":"","why_service_title":"","why_service_text":"","template_catalog_visible":"","template_catalog_title":"","template_catalog_text":"","template_catalog_categories_visible":"","demo_title":"Crea tu widget de rese\u00f1as de Facebook","demo_caption":"\u00a1Configura tus rese\u00f1as de Facebook y a\u00f1\u00e1delas a tu sitio web Jimdo gratis!","default_faq_hidden":"","app_template_category":[],"platform":"2198","template_public_id":"","codecanyon_url":"","codecanyon_item_id":"","codecanyon_price":"","pricing_caption":"","pricing_elfsight_apps_hide_column":"","pricing_elfsight_apps_url":"","pricing_codecanyon_price_caption":"","integration_category":[],"integration_request_title":"","integration_request_cta":"","integration_platform":"","integrations":[],"platform_category":[],"video_schema_markup":"","price":"desde $0 \/ mes","trial":"","benefits":[{"text":"Ayuda de instalaci\u00f3n gratuita"},{"text":"Atenci\u00f3n al cliente experimentada"},{"text":"Garant\u00eda de devoluci\u00f3n de dinero de 14 d\u00edas"},{"text":"Desarrollo continuo"}],"button_url":"#demo","button_target_blank":"","button_nofollow":"","attributes":[{"name":"Instalaciones","content":"10,000 - 100,000"},{"name":"Sensible","content":"S\u00ed"},{"name":"Navegadores compatibles","content":"Firefox, Safari, Opera, Chrome, Edge"}],"tags":[],"tags_disable_links":"","hide_more_platforms":"","video_object":"","demo_hide_cta":"","demo_hide_cloud_options":"","pricing_title":"","pricing":[{"pricing_icon":"platform","pricing_title":"Elfsight Apps","pricing_title_caption":"Versi\u00f3n multiplataforma que funciona en cualquier sitio web.","pricing_price":"desde $0 \/ mes","pricing_price_caption":"comienza con el plan gratuito","pricing_benefits":[{"text":"Dominios ilimitados"},{"text":"Soporte 24 horas al d\u00eda, 7 d\u00edas a la semana y bien documentado."},{"text":"Asistencia de instalaci\u00f3n gratuita"},{"text":"Totalmente personalizable"}],"pricing_button_text":"A\u00f1adir al sitio web","pricing_button_url":"#demo"}],"related_apps_title":"","related_apps_hidden":"","author":"","image":[],"title":"","job":"","social_networks":[]},"_links":{"self":[{"href":"https:\/\/elfsight.com\/es\/wp-json\/wp\/v2\/pages\/6371","targetHints":{"allow":["GET"]}}],"collection":[{"href":"https:\/\/elfsight.com\/es\/wp-json\/wp\/v2\/pages"}],"about":[{"href":"https:\/\/elfsight.com\/es\/wp-json\/wp\/v2\/types\/page"}],"author":[{"embeddable":true,"href":"https:\/\/elfsight.com\/es\/wp-json\/wp\/v2\/users\/9"}],"replies":[{"embeddable":true,"href":"https:\/\/elfsight.com\/es\/wp-json\/wp\/v2\/comments?post=6371"}],"version-history":[{"count":2,"href":"https:\/\/elfsight.com\/es\/wp-json\/wp\/v2\/pages\/6371\/revisions"}],"predecessor-version":[{"id":19131,"href":"https:\/\/elfsight.com\/es\/wp-json\/wp\/v2\/pages\/6371\/revisions\/19131"}],"up":[{"embeddable":true,"href":"https:\/\/elfsight.com\/es\/wp-json\/wp\/v2\/pages\/1788"}],"wp:attachment":[{"href":"https:\/\/elfsight.com\/es\/wp-json\/wp\/v2\/media?parent=6371"}],"curies":[{"name":"wp","href":"https:\/\/api.w.org\/{rel}","templated":true}]}}