{"id":6347,"date":"1970-01-01T00:00:00","date_gmt":"1970-01-01T00:00:00","guid":{"rendered":"https:\/\/elfsight.com\/es\/?page_id=6347"},"modified":"2025-02-06T16:04:41","modified_gmt":"2025-02-06T16:04:41","slug":"woocommerce","status":"publish","type":"page","link":"https:\/\/elfsight.com\/es\/facebook-chat-widget\/woocommerce\/","title":{"rendered":"Facebook Chat &#8211; WooCommerce"},"content":{"rendered":"<div class=\"application-platform-content-item-description application-platform-content-item\" id=\"description\" data-nav-section=\"description\"><h2>Descripci\u00f3n<\/h2><p>El complemento de mensajer\u00eda de Facebook desarrollado por Elfsight es un m\u00e9todo perfecto para que los visitantes de su sitio web se comuniquen con usted y escuchen respuestas a sus preguntas y solicitudes. Mant\u00e9ngase disponible en l\u00ednea para su clientela en uno de los mensajeros m\u00e1s queridos las 24 horas, los 7 d\u00edas de la semana. Incruste Facebook Chat en su sitio web y aparecer\u00e1 en p\u00e1ginas elegidas o para grupos particulares de clientes, asigne activadores de inicio de chat, redacte su mensaje de bienvenida personalizado, elija \u00edconos y aplique cualquier otro cambio.<\/p><p><b>\u00a1Utilice Facebook Messenger para alcanzar sus objetivos comerciales m\u00e1s r\u00e1pido!<\/b><\/p><\/div> <div class=\"application-platform-content-item-features application-platform-content-item\" id=\"features\" data-nav-section=\"features\"><h2>Las funciones esenciales del widget oferta<\/h2><ul><li>Configurar Facebook Messenger en su sitio web para establecer comunicaci\u00f3n con los espectadores; <\/li><li>Sigue comunic\u00e1ndote directamente desde tu p\u00e1gina de Facebook; <\/li><li>Elija entre tres opciones de ubicaci\u00f3n del chat: burbuja flotante, burbuja incrustada e inserci\u00f3n de ventana de chat; <\/li><li>Explora una colecci\u00f3n de \u00edconos de burbujas para elegir; <\/li><li>Ingrese su propio texto de la burbuja de chat. <\/li><\/ul><p><a href=\"#demo\">Puedes probar si el widget es para ti con la ayuda de la demostraci\u00f3n.<\/a><\/p><\/div><div class=\"application-platform-content-item-installation application-platform-content-item\" id=\"installation\" data-nav-section=\"installation\"><h2>\u00bfC\u00f3mo puedo agregar el chat de Facebook a mi sitio WooCommerce?<\/h2><p>Simplemente sigue los siguientes pasos que se describen a continuaci\u00f3n para comenzar a usar el widget.<\/p><ol><li><b>Realice nuestra demostraci\u00f3n gratuita y comience a crear su propio complemento.<\/b><br>Especifique la interfaz deseada y las caracter\u00edsticas del complemento y guarde las modificaciones.<\/li><li><b>Copia el c\u00f3digo personal expuesto en el cuadro de Elfsight Apps.<\/b><br>Tan pronto como finalice la creaci\u00f3n de su complemento, copie el c\u00f3digo personal en la ventana emergente que aparece y gu\u00e1rdelo para futuras ocasiones.<\/li><li><b>Inicie el uso de la herramienta en su sitio web de plataforma.<\/b><br>Integre el c\u00f3digo guardado recientemente en su sitio web y guarde los ajustes.<\/li><li><b>\u00a1Listo! La integraci\u00f3n finaliz\u00f3 exitosamente.<\/b><br>Visite su p\u00e1gina web para inspeccionar el funcionamiento de la herramienta.<\/li><\/ol><p>En caso de que tenga alguna dificultad, no dude en comunicarse con nuestro personal de soporte. Nuestros consultores estar\u00e1n encantados de resolver todos los problemas que pueda tener con el complemento.<\/p><div class=\"faq\" data-component=\"FAQ\"> <div class=\"faq-item\">\r\n\t\t\t\t\t<div class=\"faq-item-question\">\r\n\t\t\t\t\t\t<h3 class=\"faq-item-question-text\">\u00bfC\u00f3mo agregar el chat de Facebook a mi sitio web WooCommerce sin conocimientos de codificaci\u00f3n?<\/h3>\r\n\r\n\t\t\t\t\t\t<div class=\"faq-item-question-icon\"><\/div>\r\n\t\t\t\t\t<\/div>\r\n\r\n\t\t\t\t\t<div class=\"faq-item-answer\">\r\n\t\t\t\t\t\t<div class=\"faq-item-answer-text\"> <p>Elfsight proporciona una soluci\u00f3n SaaS que le permite crear un widget de chat de Facebook usted mismo. Vea lo f\u00e1cil que es el proceso: trabaje directamente en el editor en l\u00ednea para crear un widget de chat de Facebook que le gustar\u00eda ver en su sitio web WooCommerce. Elija una de las plantillas predise\u00f1adas y ajuste la configuraci\u00f3n del chat de Facebook, agregue su contenido, cambie el dise\u00f1o y los colores sin conocimientos de codificaci\u00f3n. Guarde el chat de Facebook y copie su c\u00f3digo de instalaci\u00f3n, que podr\u00e1 agregar f\u00e1cilmente a su sitio web WooCommerce sin necesidad de comprar un plan pago. Con nuestro editor intuitivo, cualquier usuario de Internet puede crear un widget de chat de Facebook en l\u00ednea e incrustarlo f\u00e1cilmente en su sitio web WooCommerce. No es necesario pagar ni ingresar las credenciales de su tarjeta para acceder al servicio. Si tiene alg\u00fan problema en cualquier paso, no dude en ponerse en contacto con nuestro equipo de soporte t\u00e9cnico.<\/p> <\/div>\r\n\t\t\t\t\t<\/div>\r\n\t\t\t\t<\/div> <\/div> <\/div>","protected":false},"excerpt":{"rendered":"","protected":false},"author":9,"featured_media":0,"parent":1807,"menu_order":0,"comment_status":"closed","ping_status":"closed","template":"templates\/template-application-platform.php","meta":{"publish_to_discourse":"","publish_post_category":"","wpdc_auto_publish_overridden":"","wpdc_topic_tags":"","wpdc_pin_topic":"","wpdc_pin_until":"","discourse_post_id":"","discourse_permalink":"","wpdc_publishing_response":"","wpdc_publishing_error":"","footnotes":""},"class_list":["post-6347","page","type-page","status-publish","hentry"],"yoast_head":"<!-- This site is optimized with the Yoast SEO plugin v25.3.1 - https:\/\/yoast.com\/wordpress\/plugins\/seo\/ -->\n<title>Complemento WooCommerce Facebook Chat para su sitio web (2025)<\/title>\n<meta name=\"description\" content=\"Aproveche la oportunidad para ajustar el complemento de chat de Facebook en el editor y agr\u00e9guelo a su sitio web WooCommerce directamente desde la demostraci\u00f3n.\" \/>\n<meta name=\"robots\" content=\"index, follow, max-snippet:-1, max-image-preview:large, max-video-preview:-1\" \/>\n<link rel=\"canonical\" href=\"https:\/\/elfsight.com\/es\/facebook-chat-widget\/woocommerce\/\" \/>\n<meta property=\"og:locale\" content=\"es_ES\" \/>\n<meta property=\"og:type\" content=\"article\" \/>\n<meta property=\"og:title\" content=\"Complemento WooCommerce Facebook Chat para su sitio web (2025)\" \/>\n<meta property=\"og:description\" content=\"Aproveche la oportunidad para ajustar el complemento de chat de Facebook en el editor y agr\u00e9guelo a su sitio web WooCommerce directamente desde la demostraci\u00f3n.\" \/>\n<meta property=\"og:url\" content=\"https:\/\/elfsight.com\/es\/facebook-chat-widget\/woocommerce\/\" \/>\n<meta property=\"og:site_name\" content=\"Elfsight ES\" \/>\n<meta property=\"article:modified_time\" content=\"2025-02-06T16:04:41+00:00\" \/>\n<meta name=\"twitter:card\" content=\"summary_large_image\" \/>\n<meta name=\"twitter:label1\" content=\"Tiempo de lectura\" \/>\n\t<meta name=\"twitter:data1\" content=\"3 minutos\" \/>\n<!-- \/ Yoast SEO plugin. -->","yoast_head_json":{"title":"Complemento WooCommerce Facebook Chat para su sitio web (2025)","description":"Aproveche la oportunidad para ajustar el complemento de chat de Facebook en el editor y agr\u00e9guelo a su sitio web WooCommerce directamente desde la demostraci\u00f3n.","robots":{"index":"index","follow":"follow","max-snippet":"max-snippet:-1","max-image-preview":"max-image-preview:large","max-video-preview":"max-video-preview:-1"},"canonical":"https:\/\/elfsight.com\/es\/facebook-chat-widget\/woocommerce\/","og_locale":"es_ES","og_type":"article","og_title":"Complemento WooCommerce Facebook Chat para su sitio web (2025)","og_description":"Aproveche la oportunidad para ajustar el complemento de chat de Facebook en el editor y agr\u00e9guelo a su sitio web WooCommerce directamente desde la demostraci\u00f3n.","og_url":"https:\/\/elfsight.com\/es\/facebook-chat-widget\/woocommerce\/","og_site_name":"Elfsight ES","article_modified_time":"2025-02-06T16:04:41+00:00","twitter_card":"summary_large_image","twitter_misc":{"Tiempo de lectura":"3 minutos"},"schema":{"@context":"https:\/\/schema.org","@graph":[{"@type":"WebPage","@id":"https:\/\/elfsight.com\/es\/facebook-chat-widget\/woocommerce\/","url":"https:\/\/elfsight.com\/es\/facebook-chat-widget\/woocommerce\/","name":"Complemento WooCommerce Facebook Chat para su sitio web (2025)","isPartOf":{"@id":"https:\/\/elfsight.com\/es\/#website"},"datePublished":"1970-01-01T00:00:00+00:00","dateModified":"2025-02-06T16:04:41+00:00","description":"Aproveche la oportunidad para ajustar el complemento de chat de Facebook en el editor y agr\u00e9guelo a su sitio web WooCommerce directamente desde la demostraci\u00f3n.","breadcrumb":{"@id":"https:\/\/elfsight.com\/es\/facebook-chat-widget\/woocommerce\/#breadcrumb"},"inLanguage":"es","potentialAction":[{"@type":"ReadAction","target":["https:\/\/elfsight.com\/es\/facebook-chat-widget\/woocommerce\/"]}]},{"@type":"BreadcrumbList","@id":"https:\/\/elfsight.com\/es\/facebook-chat-widget\/woocommerce\/#breadcrumb","itemListElement":[{"@type":"ListItem","position":1,"name":"Home","item":"https:\/\/elfsight.com\/es\/"},{"@type":"ListItem","position":2,"name":"Facebook Chat","item":"https:\/\/elfsight.com\/es\/facebook-chat-widget\/"},{"@type":"ListItem","position":3,"name":"Facebook Chat &#8211; WooCommerce"}]},{"@type":"WebSite","@id":"https:\/\/elfsight.com\/es\/#website","url":"https:\/\/elfsight.com\/es\/","name":"Elfsight ES","description":"Just another Elfsight Sites site","potentialAction":[{"@type":"SearchAction","target":{"@type":"EntryPoint","urlTemplate":"https:\/\/elfsight.com\/es\/?s={search_term_string}"},"query-input":{"@type":"PropertyValueSpecification","valueRequired":true,"valueName":"search_term_string"}}],"inLanguage":"es"}]}},"meta_box":{"industry":"","seo_heading":"","heading":"","description":"","cta_heading":"","cta_description":"","application":"1806","h1":"Complemento de chat de Facebook de WooCommerce","h1_caption":"La forma de interacci\u00f3n m\u00e1s pr\u00e1ctica para los visitantes de su sitio web","application_category":[],"applications_title":"","applications_request_title":"","applications_request_button_text":"","hero_text":"","hero_video":"","hero_video_schema_markup":"","selling_points_title":"","selling_points_caption":"","selling_points":[],"selling_points_cta_text":"","features_title":"","features":"","ed_cta_examples_text":"","ed_cta_examples_hidden":"","ed_cta_demo_text":"","ed_cta_demo_hidden":"","why_caption":"","why_editor_title":"","why_editor_text":"","why_team_title":"","why_team_text":"","why_service_title":"","why_service_text":"","template_catalog_visible":"","template_catalog_title":"","template_catalog_text":"","template_catalog_categories_visible":"","demo_title":"Crea tu aplicaci\u00f3n de chat de Facebook","demo_caption":"\u00a1Configura tu chat de Facebook y agr\u00e9galo a tu sitio web WooCommerce gratis!","default_faq_hidden":"","app_template_category":[],"platform":"2311","template_public_id":"","codecanyon_url":"","codecanyon_item_id":"","codecanyon_price":"","pricing_caption":"","pricing_elfsight_apps_hide_column":"","pricing_elfsight_apps_url":"","pricing_codecanyon_price_caption":"","integration_category":[],"integration_request_title":"","integration_request_cta":"","integration_platform":"","integrations":[],"platform_category":[],"video_schema_markup":"","price":"desde $0 \/ mes","trial":"","benefits":[{"text":"Servicio de instalaci\u00f3n gratuito"},{"text":"Soporte premium"},{"text":"Garant\u00eda de reembolso de 14 d\u00edas"},{"text":"Desarrollo continuo"}],"button_url":"#demo","button_target_blank":"","button_nofollow":"","attributes":[{"name":"Instalaciones","content":"10,000 - 100,000"},{"name":"Sensible","content":"S\u00ed"},{"name":"Navegadores compatibles","content":"Firefox, Safari, Opera, Chrome, Edge"}],"tags":[],"tags_disable_links":"","hide_more_platforms":"","video_object":"","demo_hide_cta":"","demo_hide_cloud_options":"","pricing_title":"","pricing":[{"pricing_icon":"platform","pricing_title":"Elfsight Apps","pricing_title_caption":"Versi\u00f3n multiplataforma","pricing_price":"desde $0 \/ mes","pricing_price_caption":"comienza con un plan gratuito","pricing_benefits":[{"text":"Dominios ilimitados"},{"text":"Soporte premium y puntual"},{"text":"Asistencia de instalaci\u00f3n gratuita"},{"text":"Dise\u00f1o flexible"}],"pricing_button_text":"A\u00f1adir al sitio web","pricing_button_url":"#demo"}],"related_apps_title":"","related_apps_hidden":"","author":"","image":[],"title":"","job":"","social_networks":[]},"_links":{"self":[{"href":"https:\/\/elfsight.com\/es\/wp-json\/wp\/v2\/pages\/6347","targetHints":{"allow":["GET"]}}],"collection":[{"href":"https:\/\/elfsight.com\/es\/wp-json\/wp\/v2\/pages"}],"about":[{"href":"https:\/\/elfsight.com\/es\/wp-json\/wp\/v2\/types\/page"}],"author":[{"embeddable":true,"href":"https:\/\/elfsight.com\/es\/wp-json\/wp\/v2\/users\/9"}],"replies":[{"embeddable":true,"href":"https:\/\/elfsight.com\/es\/wp-json\/wp\/v2\/comments?post=6347"}],"version-history":[{"count":2,"href":"https:\/\/elfsight.com\/es\/wp-json\/wp\/v2\/pages\/6347\/revisions"}],"predecessor-version":[{"id":19140,"href":"https:\/\/elfsight.com\/es\/wp-json\/wp\/v2\/pages\/6347\/revisions\/19140"}],"up":[{"embeddable":true,"href":"https:\/\/elfsight.com\/es\/wp-json\/wp\/v2\/pages\/1807"}],"wp:attachment":[{"href":"https:\/\/elfsight.com\/es\/wp-json\/wp\/v2\/media?parent=6347"}],"curies":[{"name":"wp","href":"https:\/\/api.w.org\/{rel}","templated":true}]}}