{"id":6346,"date":"1970-01-01T00:00:00","date_gmt":"1970-01-01T00:00:00","guid":{"rendered":"https:\/\/elfsight.com\/es\/?page_id=6346"},"modified":"2025-02-06T16:04:41","modified_gmt":"2025-02-06T16:04:41","slug":"wix","status":"publish","type":"page","link":"https:\/\/elfsight.com\/es\/facebook-chat-widget\/wix\/","title":{"rendered":"Facebook Chat &#8211; Wix"},"content":{"rendered":"<div class=\"application-platform-content-item-description application-platform-content-item\" id=\"description\" data-nav-section=\"description\"> <h2>Descripci\u00f3n<\/h2> <p>El cuadro de chat de Facebook desarrollado por Elfsight es un m\u00e9todo sencillo para que la audiencia de su sitio web se comunique con usted y escuche respuestas a sus preguntas y solicitudes. Ahora est\u00e1s disponible para los usuarios en su mensajero m\u00e1s querido dondequiera que est\u00e9s. Pegue Live Chat en su sitio web y d\u00e9jelo aparecer en las p\u00e1ginas elegidas o para ciertos tipos de visitantes, cree activadores de inicio de chat, cree su mensaje de bienvenida personal, seleccione \u00edconos y aplique otras personalizaciones. Al tener Facebook Messenger en su sitio, permanecer\u00e1 conectado con su audiencia en todo momento y sin importar su lugar.<\/p> <\/div> <div class=\"application-platform-content-item-features application-platform-content-item\" id=\"features\" data-nav-section=\"features\"> <h2>Caracter\u00edsticas<\/h2> <p>Para tener un conocimiento completo del widget, consulte la lista de sus caracter\u00edsticas esenciales. Hacen que el widget sea incre\u00edblemente eficiente para usted:<\/p> <ul><li>Inserte Facebook Messenger en su p\u00e1gina web para estar siempre disponible para su audiencia;<\/li><li>Proporcione respuestas directamente desde su cuenta de Facebook;<\/li><li>Utilice tres tipos de dise\u00f1o de chat: burbuja flotante, burbuja incrustada y ventana de chat incrustada;<\/li><li>Explore una colecci\u00f3n de \u00edconos de burbujas para seleccionar; <\/li><li>Texto de burbuja editable.<\/li><\/ul><p><a href=\"#demo\">La demostraci\u00f3n te mostrar\u00e1 m\u00e1s funciones<\/a><\/p> <\/div><div class=\"application-platform-content-item-installation application-platform-content-item\" id=\"installation\" data-nav-section=\"installation\"> <h2>Aprende c\u00f3mo agregar el chat de Facebook a tu sitio Wix. Es r\u00e1pido<\/h2><div class=\"video-container\"><iframe width=\"720\" height=\"405\" src=\"https:\/\/www.youtube.com\/embed\/-N-oERyrsj8\" frameborder=\"0\"><\/iframe><\/div><p>Para publicar Messenger en su sitio, solo necesita seguir un par de sencillos pasos. <\/p> <ol><li><b>Construya su propia aplicaci\u00f3n<\/b><br> Con la ayuda de nuestro editor gratuito, cree un complemento con un dise\u00f1o y funcionalidad preferidos. <\/li><li><b>Copia el c\u00f3digo individual para integrar el complemento<\/b><br> Despu\u00e9s de haber configurado tu widget, obtendr\u00e1s el c\u00f3digo \u00fanico en la ventana emergente de Elfsight Apps. Copie el c\u00f3digo para uso futuro. <\/li> <li><b>Publica el complemento en tu sitio web<\/b><br> Encuentra el lugar donde planeas colocar el complemento y agrega el c\u00f3digo copiado all\u00ed. Aplicar las ediciones. <\/li> <li><b>\u00a1Ya terminaste! <\/b><br> Ingresa a tu sitio, para echar un vistazo a tu Chat. <\/li> <\/ol><p>\u00bfA\u00fan dudas de algo? \u00bfO tener problemas? Simplemente escriba una solicitud a nuestro equipo de soporte, ellos har\u00e1n todo lo posible para solucionar cualquier problema. <\/p> <\/div><div class=\"faq\" data-component=\"FAQ\"><div class=\"faq-item\">\r\n\t\t\t\t\t<div class=\"faq-item-question\">\r\n\t\t\t\t\t\t<h3 class=\"faq-item-question-text\">\u00bfDe qu\u00e9 manera incrusto un Facebook Messenger en mi sitio web Wix? <\/h3>\r\n\r\n\t\t\t\t\t\t<div class=\"faq-item-question-icon\"><\/div>\r\n\t\t\t\t\t<\/div>\r\n\r\n\t\t\t\t\t<div class=\"faq-item-answer\">\r\n\t\t\t\t\t\t<div class=\"faq-item-answer-text\"><p>La creaci\u00f3n de la herramienta se realiza dentro del servicio Elfsight y no es necesario aprender a codificar. Utilice la demostraci\u00f3n activa para personalizar su herramienta personal, obtenga el c\u00f3digo y p\u00e9guelo en su sitio web. <\/p><\/div>\r\n\t\t\t\t\t<\/div>\r\n\t\t\t\t<\/div><div class=\"faq-item\">\r\n\t\t\t\t\t<div class=\"faq-item-question\">\r\n\t\t\t\t\t\t<h3 class=\"faq-item-question-text\">Los mejores ejemplos de uso de la integraci\u00f3n de Facebook Chat Messenger<\/h3>\r\n\r\n\t\t\t\t\t\t<div class=\"faq-item-question-icon\"><\/div>\r\n\t\t\t\t\t<\/div>\r\n\r\n\t\t\t\t\t<div class=\"faq-item-answer\">\r\n\t\t\t\t\t\t<div class=\"faq-item-answer-text\"><p>Le brindaremos una gran cantidad de oportunidades de personalizaci\u00f3n: widgets de tama\u00f1o completo para insertar en la zona de contenido, widgets flotantes con opciones de desplazamiento, miniaturas para el pie de p\u00e1gina de su sitio web, encabezado y todas las variaciones de opciones verticales para las barras laterales y men\u00fas del sitio web. <\/p><\/div>\r\n\t\t\t\t\t<\/div>\r\n\t\t\t\t<\/div><div class=\"faq-item\">\r\n\t\t\t\t\t<div class=\"faq-item-question\">\r\n\t\t\t\t\t\t<h3 class=\"faq-item-question-text\">\u00bfPuedo crear un chat de consulta o venta en Facebook con la ayuda de tu editor? <\/h3>\r\n\r\n\t\t\t\t\t\t<div class=\"faq-item-question-icon\"><\/div>\r\n\t\t\t\t\t<\/div>\r\n\r\n\t\t\t\t\t<div class=\"faq-item-answer\">\r\n\t\t\t\t\t\t<div class=\"faq-item-answer-text\"><p>Puedes crear variaciones de cualquier widget. Hay muchos dise\u00f1os aplicables en el editor y todos ellos se pueden personalizar f\u00e1cilmente de la forma que necesites. <\/p><\/div>\r\n\t\t\t\t\t<\/div>\r\n\t\t\t\t<\/div><div class=\"faq-item\">\r\n\t\t\t\t\t<div class=\"faq-item-question\">\r\n\t\t\t\t\t\t<h3 class=\"faq-item-question-text\">\u00bfQu\u00e9 otros widgets puedo usar para mi sitio web en Wix?<\/h3>\r\n\r\n\t\t\t\t\t\t<div class=\"faq-item-question-icon\"><\/div>\r\n\t\t\t\t\t<\/div>\r\n\r\n\t\t\t\t\t<div class=\"faq-item-answer\">\r\n\t\t\t\t\t\t<div class=\"faq-item-answer-text\"><p>Hay muchos widgets de Wix que pueden mejorar f\u00e1cilmente tu sitio web. Por ejemplo, hay otros widgets de chat como <a href=\"https:\/\/elfsight.com\/whatsapp-chat-widget\/wix\/\" target=\"_blank\" rel=\"noopener\">WhatsApp Chat<\/a>, <a href=\"https:\/\/elfsight.com\/telegram-chat-widget\/wix\/\" target=\"_blank\" rel=\"noopener\">Telegram Chat<\/a>, <a href=\"https:\/\/elfsight.com\/viber-chat-widget\/wix\/\" target=\"_blank\" rel=\"noopener\">Viber Chat<\/a>. Todos ellos son f\u00e1ciles de implementar y pueden mejorar enormemente el rendimiento de su sitio web.<\/p><\/div>\r\n\t\t\t\t\t<\/div>\r\n\t\t\t\t<\/div><\/div>","protected":false},"excerpt":{"rendered":"","protected":false},"author":9,"featured_media":0,"parent":1807,"menu_order":0,"comment_status":"closed","ping_status":"closed","template":"templates\/template-application-platform.php","meta":{"publish_to_discourse":"","publish_post_category":"","wpdc_auto_publish_overridden":"","wpdc_topic_tags":"","wpdc_pin_topic":"","wpdc_pin_until":"","discourse_post_id":"","discourse_permalink":"","wpdc_publishing_response":"","wpdc_publishing_error":"","footnotes":""},"class_list":["post-6346","page","type-page","status-publish","hentry"],"yoast_head":"<!-- This site is optimized with the Yoast SEO plugin v25.3.1 - https:\/\/yoast.com\/wordpress\/plugins\/seo\/ -->\n<title>Chat de Facebook: agrega la aplicaci\u00f3n Messenger al sitio web de Wix (en 2 minutos)<\/title>\n<meta name=\"description\" content=\"Es absolutamente sencillo dise\u00f1ar tu aplicaci\u00f3n de chat de Facebook y publicarla en el sitio web de Wix. El servicio de atenci\u00f3n al cliente de Elfsight es gratuito.\" \/>\n<meta name=\"robots\" content=\"index, follow, max-snippet:-1, max-image-preview:large, max-video-preview:-1\" \/>\n<link rel=\"canonical\" href=\"https:\/\/elfsight.com\/es\/facebook-chat-widget\/wix\/\" \/>\n<meta property=\"og:locale\" content=\"es_ES\" \/>\n<meta property=\"og:type\" content=\"article\" \/>\n<meta property=\"og:title\" content=\"Chat de Facebook: agrega la aplicaci\u00f3n Messenger al sitio web de Wix (en 2 minutos)\" \/>\n<meta property=\"og:description\" content=\"Es absolutamente sencillo dise\u00f1ar tu aplicaci\u00f3n de chat de Facebook y publicarla en el sitio web de Wix. El servicio de atenci\u00f3n al cliente de Elfsight es gratuito.\" \/>\n<meta property=\"og:url\" content=\"https:\/\/elfsight.com\/es\/facebook-chat-widget\/wix\/\" \/>\n<meta property=\"og:site_name\" content=\"Elfsight ES\" \/>\n<meta property=\"article:modified_time\" content=\"2025-02-06T16:04:41+00:00\" \/>\n<meta name=\"twitter:card\" content=\"summary_large_image\" \/>\n<meta name=\"twitter:label1\" content=\"Tiempo de lectura\" \/>\n\t<meta name=\"twitter:data1\" content=\"3 minutos\" \/>\n<!-- \/ Yoast SEO plugin. -->","yoast_head_json":{"title":"Chat de Facebook: agrega la aplicaci\u00f3n Messenger al sitio web de Wix (en 2 minutos)","description":"Es absolutamente sencillo dise\u00f1ar tu aplicaci\u00f3n de chat de Facebook y publicarla en el sitio web de Wix. El servicio de atenci\u00f3n al cliente de Elfsight es gratuito.","robots":{"index":"index","follow":"follow","max-snippet":"max-snippet:-1","max-image-preview":"max-image-preview:large","max-video-preview":"max-video-preview:-1"},"canonical":"https:\/\/elfsight.com\/es\/facebook-chat-widget\/wix\/","og_locale":"es_ES","og_type":"article","og_title":"Chat de Facebook: agrega la aplicaci\u00f3n Messenger al sitio web de Wix (en 2 minutos)","og_description":"Es absolutamente sencillo dise\u00f1ar tu aplicaci\u00f3n de chat de Facebook y publicarla en el sitio web de Wix. El servicio de atenci\u00f3n al cliente de Elfsight es gratuito.","og_url":"https:\/\/elfsight.com\/es\/facebook-chat-widget\/wix\/","og_site_name":"Elfsight ES","article_modified_time":"2025-02-06T16:04:41+00:00","twitter_card":"summary_large_image","twitter_misc":{"Tiempo de lectura":"3 minutos"},"schema":{"@context":"https:\/\/schema.org","@graph":[{"@type":"WebPage","@id":"https:\/\/elfsight.com\/es\/facebook-chat-widget\/wix\/","url":"https:\/\/elfsight.com\/es\/facebook-chat-widget\/wix\/","name":"Chat de Facebook: agrega la aplicaci\u00f3n Messenger al sitio web de Wix (en 2 minutos)","isPartOf":{"@id":"https:\/\/elfsight.com\/es\/#website"},"datePublished":"1970-01-01T00:00:00+00:00","dateModified":"2025-02-06T16:04:41+00:00","description":"Es absolutamente sencillo dise\u00f1ar tu aplicaci\u00f3n de chat de Facebook y publicarla en el sitio web de Wix. El servicio de atenci\u00f3n al cliente de Elfsight es gratuito.","breadcrumb":{"@id":"https:\/\/elfsight.com\/es\/facebook-chat-widget\/wix\/#breadcrumb"},"inLanguage":"es","potentialAction":[{"@type":"ReadAction","target":["https:\/\/elfsight.com\/es\/facebook-chat-widget\/wix\/"]}]},{"@type":"BreadcrumbList","@id":"https:\/\/elfsight.com\/es\/facebook-chat-widget\/wix\/#breadcrumb","itemListElement":[{"@type":"ListItem","position":1,"name":"Home","item":"https:\/\/elfsight.com\/es\/"},{"@type":"ListItem","position":2,"name":"Facebook Chat","item":"https:\/\/elfsight.com\/es\/facebook-chat-widget\/"},{"@type":"ListItem","position":3,"name":"Facebook Chat &#8211; Wix"}]},{"@type":"WebSite","@id":"https:\/\/elfsight.com\/es\/#website","url":"https:\/\/elfsight.com\/es\/","name":"Elfsight ES","description":"Just another Elfsight Sites site","potentialAction":[{"@type":"SearchAction","target":{"@type":"EntryPoint","urlTemplate":"https:\/\/elfsight.com\/es\/?s={search_term_string}"},"query-input":{"@type":"PropertyValueSpecification","valueRequired":true,"valueName":"search_term_string"}}],"inLanguage":"es"}]}},"meta_box":{"industry":"","seo_heading":"","heading":"","description":"","cta_heading":"","cta_description":"","application":"1806","h1":"Aplicaci\u00f3n Wix Facebook Messenger","h1_caption":"La forma de interacci\u00f3n m\u00e1s pr\u00e1ctica para los visitantes de su sitio web","application_category":[],"applications_title":"","applications_request_title":"","applications_request_button_text":"","hero_text":"","hero_video":"","hero_video_schema_markup":"","selling_points_title":"","selling_points_caption":"","selling_points":[],"selling_points_cta_text":"","features_title":"","features":"","ed_cta_examples_text":"","ed_cta_examples_hidden":"","ed_cta_demo_text":"","ed_cta_demo_hidden":"","why_caption":"","why_editor_title":"","why_editor_text":"","why_team_title":"","why_team_text":"","why_service_title":"","why_service_text":"","template_catalog_visible":"","template_catalog_title":"","template_catalog_text":"","template_catalog_categories_visible":"","demo_title":"Crea tu aplicaci\u00f3n de chat de Facebook","demo_caption":"\u00a1Configura tu chat de Facebook y agr\u00e9galo a tu sitio web Wix gratis!","default_faq_hidden":"","app_template_category":[],"platform":"112","template_public_id":"","codecanyon_url":"","codecanyon_item_id":"","codecanyon_price":"","pricing_caption":"","pricing_elfsight_apps_hide_column":"","pricing_elfsight_apps_url":"","pricing_codecanyon_price_caption":"","integration_category":[],"integration_request_title":"","integration_request_cta":"","integration_platform":"","integrations":[],"platform_category":[],"video_schema_markup":"","price":"desde $0 \/ mes","trial":"","benefits":[{"text":"Asistencia de instalaci\u00f3n gratuita"},{"text":"Servicio al cliente eficaz"},{"text":"Garant\u00eda de devoluci\u00f3n de dinero de 14 d\u00edas"},{"text":"Futuras actualizaciones gratuitas"}],"button_url":"#demo","button_target_blank":"","button_nofollow":"","attributes":[{"name":"Instalaciones","content":"10,000 - 100,000"},{"name":"Sensible","content":"S\u00ed"},{"name":"Navegadores compatibles","content":"Firefox, Safari, Edge, Opera, Chrome"}],"tags":[],"tags_disable_links":"","hide_more_platforms":"","video_object":"","demo_hide_cta":"","demo_hide_cloud_options":"","pricing_title":"","pricing":[{"pricing_icon":"platform","pricing_title":"Elfsight Apps","pricing_title_caption":"Software multiplataforma","pricing_price":"desde $0 \/ mes","pricing_price_caption":"comienza con el plan gratuito","pricing_benefits":[{"text":"Dominios ilimitados"},{"text":"Soporte dedicado y puntual"},{"text":"Asistencia de instalaci\u00f3n gratuita"},{"text":"Precio especial para m\u00faltiples aplicaciones"}],"pricing_button_text":"A\u00f1adir al sitio web","pricing_button_url":"#demo"}],"related_apps_title":"","related_apps_hidden":"","author":"","image":[],"title":"","job":"","social_networks":[]},"_links":{"self":[{"href":"https:\/\/elfsight.com\/es\/wp-json\/wp\/v2\/pages\/6346","targetHints":{"allow":["GET"]}}],"collection":[{"href":"https:\/\/elfsight.com\/es\/wp-json\/wp\/v2\/pages"}],"about":[{"href":"https:\/\/elfsight.com\/es\/wp-json\/wp\/v2\/types\/page"}],"author":[{"embeddable":true,"href":"https:\/\/elfsight.com\/es\/wp-json\/wp\/v2\/users\/9"}],"replies":[{"embeddable":true,"href":"https:\/\/elfsight.com\/es\/wp-json\/wp\/v2\/comments?post=6346"}],"version-history":[{"count":2,"href":"https:\/\/elfsight.com\/es\/wp-json\/wp\/v2\/pages\/6346\/revisions"}],"predecessor-version":[{"id":19141,"href":"https:\/\/elfsight.com\/es\/wp-json\/wp\/v2\/pages\/6346\/revisions\/19141"}],"up":[{"embeddable":true,"href":"https:\/\/elfsight.com\/es\/wp-json\/wp\/v2\/pages\/1807"}],"wp:attachment":[{"href":"https:\/\/elfsight.com\/es\/wp-json\/wp\/v2\/media?parent=6346"}],"curies":[{"name":"wp","href":"https:\/\/api.w.org\/{rel}","templated":true}]}}