{"id":6341,"date":"1970-01-01T00:00:00","date_gmt":"1970-01-01T00:00:00","guid":{"rendered":"https:\/\/elfsight.com\/es\/?page_id=6341"},"modified":"2025-02-06T16:04:41","modified_gmt":"2025-02-06T16:04:41","slug":"weebly","status":"publish","type":"page","link":"https:\/\/elfsight.com\/es\/facebook-chat-widget\/weebly\/","title":{"rendered":"Facebook Chat &#8211; Weebly"},"content":{"rendered":"<div class=\"application-platform-content-item-description application-platform-content-item\" id=\"description\" data-nav-section=\"description\"> <h2>Descripci\u00f3n<\/h2> <p>El cuadro de chat de Facebook desarrollado por Elfsight es una forma sencilla para que la audiencia de su sitio web se mantenga conectada con usted y obtenga respuestas a sus preguntas. Mant\u00e9ngase disponible ahora mismo para sus visitantes en el popular Messenger dondequiera que est\u00e9. Agrega Live Chat en tu tienda y deja que aparezca sin limitaciones, o solo en p\u00e1ginas espec\u00edficas o para tipos de clientes elegidos; asigne activadores de inicio de chat, cree su propio mensaje de bienvenida, alinee \u00edconos y mucho m\u00e1s. Usando Facebook Messenger permanecer\u00e1s en contacto con tus clientes en todo momento y desde cualquier lugar. <\/p> <div class=\"faq\" data-component=\"FAQ\"> <div class=\"faq-item\">\r\n\t\t\t\t\t<div class=\"faq-item-question\">\r\n\t\t\t\t\t\t<h3 class=\"faq-item-question-text\">\u00bfD\u00f3nde en mi sitio puedo insertar el chat de Facebook?<\/h3>\r\n\r\n\t\t\t\t\t\t<div class=\"faq-item-question-icon\"><\/div>\r\n\t\t\t\t\t<\/div>\r\n\r\n\t\t\t\t\t<div class=\"faq-item-answer\">\r\n\t\t\t\t\t\t<div class=\"faq-item-answer-text\"> <p>Nuestro Messenger puede funcionar tanto en todas las p\u00e1ginas de su sitio como solo en las p\u00e1ginas seleccionadas. Otra opci\u00f3n es simplemente excluir las p\u00e1ginas donde no necesitas el widget. <\/p> <\/div>\r\n\t\t\t\t\t<\/div>\r\n\t\t\t\t<\/div> <div class=\"faq-item\">\r\n\t\t\t\t\t<div class=\"faq-item-question\">\r\n\t\t\t\t\t\t<h3 class=\"faq-item-question-text\">\u00bfCu\u00e1les son los beneficios de tener Chat en vivo para m\u00ed?<\/h3>\r\n\r\n\t\t\t\t\t\t<div class=\"faq-item-question-icon\"><\/div>\r\n\t\t\t\t\t<\/div>\r\n\r\n\t\t\t\t\t<div class=\"faq-item-answer\">\r\n\t\t\t\t\t\t<div class=\"faq-item-answer-text\"> <p>Este complemento har\u00e1 que sea m\u00e1s f\u00e1cil para los visitantes comunicarse con usted con sus preguntas, consultas o problemas. Puede ayudar a aumentar la cantidad de clientes potenciales y compras en su tienda. Adem\u00e1s, las respuestas r\u00e1pidas y el trato personalizado con las personas elevar\u00e1n el nivel de las relaciones con sus clientes. <\/p> <\/div>\r\n\t\t\t\t\t<\/div>\r\n\t\t\t\t<\/div> <div class=\"faq-item\">\r\n\t\t\t\t\t<div class=\"faq-item-question\">\r\n\t\t\t\t\t\t<h3 class=\"faq-item-question-text\">\u00bfC\u00f3mo agrego el chat de Facebook a mi sitio Weebly?<\/h3>\r\n\r\n\t\t\t\t\t\t<div class=\"faq-item-question-icon\"><\/div>\r\n\t\t\t\t\t<\/div>\r\n\r\n\t\t\t\t\t<div class=\"faq-item-answer\">\r\n\t\t\t\t\t\t<div class=\"faq-item-answer-text\"> <p>Solo necesitas un minuto de tu tiempo para tener el widget en funcionamiento. Incrustarlo es muy r\u00e1pido, gratuito y sin codificaci\u00f3n. <\/p> <p>Elfsight Facebook Messenger se puede agregar a trav\u00e9s de nuestro servicio o a trav\u00e9s del mercado. Podr\u00e1s conocer m\u00e1s detalles sobre ambas variantes y decidir cu\u00e1l es la tuya. <\/p> <\/div>\r\n\t\t\t\t\t<\/div>\r\n\t\t\t\t<\/div> <\/div> <\/div> <div class=\"application-platform-content-item-features application-platform-content-item\" id=\"features\" data-nav-section=\"features\"> <h2>Caracter\u00edsticas<\/h2> <p>Para lograr una comprensi\u00f3n completa de la funcionalidad del widget, consulte la lista de sus caracter\u00edsticas esenciales. Hacen que este widget sea incre\u00edblemente beneficioso para su sitio web: <\/p> <ul><li>Introduzca Facebook Messenger en su sitio web para mantenerse conectado con los visitantes; <\/li><li>Responder mensajes directamente desde tu p\u00e1gina de Facebook; <\/li><li>Utilice 3 tipos de ubicaci\u00f3n de chat: burbuja flotante, burbuja integrada y ventana de chat integrada; <\/li><li>Explora una biblioteca de \u00edconos de burbujas para elegir; <\/li><li>Ingrese su texto \u00fanico de la burbuja de chat. <\/li><\/ul><p><a href=\"#demo\">Vea una lista completa de funciones en nuestra demostraci\u00f3n en vivo<\/a><\/p> <\/div><div class=\"application-platform-content-item-installation application-platform-content-item\" id=\"installation\" data-nav-section=\"installation\"> <h2>Descubra c\u00f3mo agregar el chat de Facebook a su sitio web Weebly<\/h2><div class=\"video-container\"><iframe width=\"720\" height=\"405\" src=\"https:\/\/www.youtube.com\/embed\/BWvWoNWaFFw\" frameborder=\"0\"><\/iframe><\/div><p>Simplemente realice varias acciones que se describen a continuaci\u00f3n para tener el widget en funcionamiento. <\/p> <ol><li><b>Administra nuestra demostraci\u00f3n gratuita y comienza a crear tu aplicaci\u00f3n personalizada. <\/b><br> Encuentre la interfaz y las opciones adecuadas de la aplicaci\u00f3n y guarde todas las ediciones. <\/li> <li><b>Copia tu c\u00f3digo personal que se muestra en la ventana de Elfsight Apps. <\/b><br> Inmediatamente despu\u00e9s de completar el establecimiento de su aplicaci\u00f3n personal, copie el c\u00f3digo del cuadro que aparece y gu\u00e1rdelo para futuras necesidades. <\/li> <li><b>Comience a aplicar la aplicaci\u00f3n en la p\u00e1gina web de Weebly. <\/b><br> A\u00f1ade el c\u00f3digo que has copiado recientemente en tu p\u00e1gina y guarda los ajustes. <\/li> <li><b>\u00a1Listo! La configuraci\u00f3n finaliz\u00f3 exitosamente. <\/b><br>Vaya a su sitio web para ver c\u00f3mo funciona la aplicaci\u00f3n. <\/li><\/ol><p>\u00bfA\u00fan no puedes decidirte? \u00bfO tienes consultas? Una sola solicitud a nuestro equipo de soporte resolver\u00e1 cualquier problema. <\/p> <\/div>","protected":false},"excerpt":{"rendered":"","protected":false},"author":9,"featured_media":0,"parent":1807,"menu_order":0,"comment_status":"closed","ping_status":"closed","template":"templates\/template-application-platform.php","meta":{"publish_to_discourse":"","publish_post_category":"","wpdc_auto_publish_overridden":"","wpdc_topic_tags":"","wpdc_pin_topic":"","wpdc_pin_until":"","discourse_post_id":"","discourse_permalink":"","wpdc_publishing_response":"","wpdc_publishing_error":"","footnotes":""},"class_list":["post-6341","page","type-page","status-publish","hentry"],"yoast_head":"<!-- This site is optimized with the Yoast SEO plugin v25.3.1 - https:\/\/yoast.com\/wordpress\/plugins\/seo\/ -->\n<title>Chat de Facebook: agregue la aplicaci\u00f3n Messenger al sitio web de Weebly (en 2 minutos)<\/title>\n<meta name=\"description\" content=\"Con Elfsight, d\u00e9 forma a su chat de Facebook y publ\u00edquelo en el sitio web de Weebly de forma r\u00e1pida y sencilla. Contamos con atenci\u00f3n al cliente gratuita y otras bonificaciones.\" \/>\n<meta name=\"robots\" content=\"index, follow, max-snippet:-1, max-image-preview:large, max-video-preview:-1\" \/>\n<link rel=\"canonical\" href=\"https:\/\/elfsight.com\/es\/facebook-chat-widget\/weebly\/\" \/>\n<meta property=\"og:locale\" content=\"es_ES\" \/>\n<meta property=\"og:type\" content=\"article\" \/>\n<meta property=\"og:title\" content=\"Chat de Facebook: agregue la aplicaci\u00f3n Messenger al sitio web de Weebly (en 2 minutos)\" \/>\n<meta property=\"og:description\" content=\"Con Elfsight, d\u00e9 forma a su chat de Facebook y publ\u00edquelo en el sitio web de Weebly de forma r\u00e1pida y sencilla. Contamos con atenci\u00f3n al cliente gratuita y otras bonificaciones.\" \/>\n<meta property=\"og:url\" content=\"https:\/\/elfsight.com\/es\/facebook-chat-widget\/weebly\/\" \/>\n<meta property=\"og:site_name\" content=\"Elfsight ES\" \/>\n<meta property=\"article:modified_time\" content=\"2025-02-06T16:04:41+00:00\" \/>\n<meta name=\"twitter:card\" content=\"summary_large_image\" \/>\n<meta name=\"twitter:label1\" content=\"Tiempo de lectura\" \/>\n\t<meta name=\"twitter:data1\" content=\"3 minutos\" \/>\n<!-- \/ Yoast SEO plugin. -->","yoast_head_json":{"title":"Chat de Facebook: agregue la aplicaci\u00f3n Messenger al sitio web de Weebly (en 2 minutos)","description":"Con Elfsight, d\u00e9 forma a su chat de Facebook y publ\u00edquelo en el sitio web de Weebly de forma r\u00e1pida y sencilla. Contamos con atenci\u00f3n al cliente gratuita y otras bonificaciones.","robots":{"index":"index","follow":"follow","max-snippet":"max-snippet:-1","max-image-preview":"max-image-preview:large","max-video-preview":"max-video-preview:-1"},"canonical":"https:\/\/elfsight.com\/es\/facebook-chat-widget\/weebly\/","og_locale":"es_ES","og_type":"article","og_title":"Chat de Facebook: agregue la aplicaci\u00f3n Messenger al sitio web de Weebly (en 2 minutos)","og_description":"Con Elfsight, d\u00e9 forma a su chat de Facebook y publ\u00edquelo en el sitio web de Weebly de forma r\u00e1pida y sencilla. Contamos con atenci\u00f3n al cliente gratuita y otras bonificaciones.","og_url":"https:\/\/elfsight.com\/es\/facebook-chat-widget\/weebly\/","og_site_name":"Elfsight ES","article_modified_time":"2025-02-06T16:04:41+00:00","twitter_card":"summary_large_image","twitter_misc":{"Tiempo de lectura":"3 minutos"},"schema":{"@context":"https:\/\/schema.org","@graph":[{"@type":"WebPage","@id":"https:\/\/elfsight.com\/es\/facebook-chat-widget\/weebly\/","url":"https:\/\/elfsight.com\/es\/facebook-chat-widget\/weebly\/","name":"Chat de Facebook: agregue la aplicaci\u00f3n Messenger al sitio web de Weebly (en 2 minutos)","isPartOf":{"@id":"https:\/\/elfsight.com\/es\/#website"},"datePublished":"1970-01-01T00:00:00+00:00","dateModified":"2025-02-06T16:04:41+00:00","description":"Con Elfsight, d\u00e9 forma a su chat de Facebook y publ\u00edquelo en el sitio web de Weebly de forma r\u00e1pida y sencilla. Contamos con atenci\u00f3n al cliente gratuita y otras bonificaciones.","breadcrumb":{"@id":"https:\/\/elfsight.com\/es\/facebook-chat-widget\/weebly\/#breadcrumb"},"inLanguage":"es","potentialAction":[{"@type":"ReadAction","target":["https:\/\/elfsight.com\/es\/facebook-chat-widget\/weebly\/"]}]},{"@type":"BreadcrumbList","@id":"https:\/\/elfsight.com\/es\/facebook-chat-widget\/weebly\/#breadcrumb","itemListElement":[{"@type":"ListItem","position":1,"name":"Home","item":"https:\/\/elfsight.com\/es\/"},{"@type":"ListItem","position":2,"name":"Facebook Chat","item":"https:\/\/elfsight.com\/es\/facebook-chat-widget\/"},{"@type":"ListItem","position":3,"name":"Facebook Chat &#8211; Weebly"}]},{"@type":"WebSite","@id":"https:\/\/elfsight.com\/es\/#website","url":"https:\/\/elfsight.com\/es\/","name":"Elfsight ES","description":"Just another Elfsight Sites site","potentialAction":[{"@type":"SearchAction","target":{"@type":"EntryPoint","urlTemplate":"https:\/\/elfsight.com\/es\/?s={search_term_string}"},"query-input":{"@type":"PropertyValueSpecification","valueRequired":true,"valueName":"search_term_string"}}],"inLanguage":"es"}]}},"meta_box":{"industry":"","seo_heading":"","heading":"","description":"","cta_heading":"","cta_description":"","application":"1806","h1":"Aplicaci\u00f3n Weebly Facebook Messenger","h1_caption":"La herramienta de interacci\u00f3n m\u00e1s r\u00e1pida para los clientes de tu sitio web","application_category":[],"applications_title":"","applications_request_title":"","applications_request_button_text":"","hero_text":"","hero_video":"","hero_video_schema_markup":"","selling_points_title":"","selling_points_caption":"","selling_points":[],"selling_points_cta_text":"","features_title":"","features":"","ed_cta_examples_text":"","ed_cta_examples_hidden":"","ed_cta_demo_text":"","ed_cta_demo_hidden":"","why_caption":"","why_editor_title":"","why_editor_text":"","why_team_title":"","why_team_text":"","why_service_title":"","why_service_text":"","template_catalog_visible":"","template_catalog_title":"","template_catalog_text":"","template_catalog_categories_visible":"","demo_title":"Crea tu aplicaci\u00f3n de chat de Facebook","demo_caption":"\u00a1Configura tu chat de Facebook y agr\u00e9galo a tu sitio web Weebly gratis!","default_faq_hidden":"","app_template_category":[],"platform":"109","template_public_id":"","codecanyon_url":"","codecanyon_item_id":"","codecanyon_price":"","pricing_caption":"","pricing_elfsight_apps_hide_column":"","pricing_elfsight_apps_url":"","pricing_codecanyon_price_caption":"","integration_category":[],"integration_request_title":"","integration_request_cta":"","integration_platform":"","integrations":[],"platform_category":[],"video_schema_markup":"","price":"desde $0 \/ mes","trial":"","benefits":[{"text":"Asistencia de instalaci\u00f3n gratuita"},{"text":"Servicio al cliente competente"},{"text":"Garant\u00eda de devoluci\u00f3n de dinero de 14 d\u00edas"},{"text":"Mejoras gratuitas de por vida"}],"button_url":"#demo","button_target_blank":"","button_nofollow":"","attributes":[{"name":"Instalaciones","content":"10,000 - 100,000"},{"name":"Sensible","content":"S\u00ed"},{"name":"Navegadores compatibles","content":"Firefox, Safari, Opera, Chrome, Edge"}],"tags":[],"tags_disable_links":"","hide_more_platforms":"","video_object":"","demo_hide_cta":"","demo_hide_cloud_options":"","pricing_title":"","pricing":[{"pricing_icon":"cloud","pricing_title":"Elfsight Apps","pricing_title_caption":"Soluci\u00f3n digital multiplataforma","pricing_price":"desde $0 \/ mes","pricing_price_caption":"comienza con el plan gratuito","pricing_benefits":[{"text":"Sitios web ilimitados"},{"text":"Soporte r\u00e1pido de la empresa"},{"text":"Asistencia de instalaci\u00f3n gratuita"},{"text":"Dise\u00f1o flexible"}],"pricing_button_text":"A\u00f1adir al sitio web","pricing_button_url":"#demo"}],"related_apps_title":"","related_apps_hidden":"","author":"","image":[],"title":"","job":"","social_networks":[]},"_links":{"self":[{"href":"https:\/\/elfsight.com\/es\/wp-json\/wp\/v2\/pages\/6341","targetHints":{"allow":["GET"]}}],"collection":[{"href":"https:\/\/elfsight.com\/es\/wp-json\/wp\/v2\/pages"}],"about":[{"href":"https:\/\/elfsight.com\/es\/wp-json\/wp\/v2\/types\/page"}],"author":[{"embeddable":true,"href":"https:\/\/elfsight.com\/es\/wp-json\/wp\/v2\/users\/9"}],"replies":[{"embeddable":true,"href":"https:\/\/elfsight.com\/es\/wp-json\/wp\/v2\/comments?post=6341"}],"version-history":[{"count":2,"href":"https:\/\/elfsight.com\/es\/wp-json\/wp\/v2\/pages\/6341\/revisions"}],"predecessor-version":[{"id":19142,"href":"https:\/\/elfsight.com\/es\/wp-json\/wp\/v2\/pages\/6341\/revisions\/19142"}],"up":[{"embeddable":true,"href":"https:\/\/elfsight.com\/es\/wp-json\/wp\/v2\/pages\/1807"}],"wp:attachment":[{"href":"https:\/\/elfsight.com\/es\/wp-json\/wp\/v2\/media?parent=6341"}],"curies":[{"name":"wp","href":"https:\/\/api.w.org\/{rel}","templated":true}]}}