{"id":6339,"date":"1970-01-01T00:00:00","date_gmt":"1970-01-01T00:00:00","guid":{"rendered":"https:\/\/elfsight.com\/es\/?page_id=6339"},"modified":"2025-02-06T16:04:49","modified_gmt":"2025-02-06T16:04:49","slug":"webflow","status":"publish","type":"page","link":"https:\/\/elfsight.com\/es\/facebook-chat-widget\/webflow\/","title":{"rendered":"Facebook Chat &#8211; Webflow"},"content":{"rendered":"<div class=\"application-platform-content-item-description application-platform-content-item\" id=\"description\" data-nav-section=\"description\"> <h2>Incorpore el chat de Facebook en Webflow con el widget de Elfsight<\/h2> <p>Facebook Chat Box de Elfsight es la forma m\u00e1s r\u00e1pida para que los visitantes de su sitio web conversen con usted y obtengan respuestas a sus preguntas. Ahora puedes estar disponible en vivo para los clientes en el c\u00f3modo mensajero 24 horas al d\u00eda, 7 d\u00edas a la semana. Incorpore Live Chat Box en su tienda y podr\u00e1 aparecer en p\u00e1ginas seleccionadas o para categor\u00edas seleccionadas de espectadores, seleccionar activadores de inicio de chat, mostrar su propio mensaje de bienvenida, seleccionar \u00edconos y aplicar otras personalizaciones. Con la ayuda de Facebook Messenger instalado en el sitio, estar\u00e1 disponible para sus clientes en cualquier momento y desde cualquier lugar. <\/p> <div class=\"faq\" data-component=\"FAQ\"> <div class=\"faq-item\">\r\n\t\t\t\t\t<div class=\"faq-item-question\">\r\n\t\t\t\t\t\t<h3 class=\"faq-item-question-text\">\u00bfD\u00f3nde puedo integrarlo?<\/h3>\r\n\r\n\t\t\t\t\t\t<div class=\"faq-item-question-icon\"><\/div>\r\n\t\t\t\t\t<\/div>\r\n\r\n\t\t\t\t\t<div class=\"faq-item-answer\">\r\n\t\t\t\t\t\t<div class=\"faq-item-answer-text\"> <p>Puedes agregar Facebook Chat a todas y cada una de las p\u00e1ginas de tu sitio, o solo a p\u00e1ginas seleccionadas. Tambi\u00e9n hay una opci\u00f3n para ocultarlo en p\u00e1ginas seleccionadas si no necesitas el Messenger en ellas. <\/p> <\/div>\r\n\t\t\t\t\t<\/div>\r\n\t\t\t\t<\/div> <div class=\"faq-item\">\r\n\t\t\t\t\t<div class=\"faq-item-question\">\r\n\t\t\t\t\t\t<h3 class=\"faq-item-question-text\">\u00bfQu\u00e9 beneficios me puede dar? <\/h3>\r\n\r\n\t\t\t\t\t\t<div class=\"faq-item-question-icon\"><\/div>\r\n\t\t\t\t\t<\/div>\r\n\r\n\t\t\t\t\t<div class=\"faq-item-answer\">\r\n\t\t\t\t\t\t<div class=\"faq-item-answer-text\"> <p>Permitir\u00e1 a los clientes comunicarse contigo f\u00e1cilmente con sus consultas y consultas o problemas. Puede ayudar a elevar la cantidad de clientes potenciales y compras. Adem\u00e1s, la respuesta inmediata y el enfoque personalizado mejorar\u00e1n la calidad de la interacci\u00f3n con su cliente. <\/p> <\/div>\r\n\t\t\t\t\t<\/div>\r\n\t\t\t\t<\/div> <div class=\"faq-item\">\r\n\t\t\t\t\t<div class=\"faq-item-question\">\r\n\t\t\t\t\t\t<h3 class=\"faq-item-question-text\">\u00bfQu\u00e9 necesito para insertar Facebook Messenger en mi sitio Webflow?<\/h3>\r\n\r\n\t\t\t\t\t\t<div class=\"faq-item-question-icon\"><\/div>\r\n\t\t\t\t\t<\/div>\r\n\r\n\t\t\t\t\t<div class=\"faq-item-answer\">\r\n\t\t\t\t\t\t<div class=\"faq-item-answer-text\"> <p>Solo tomar\u00e1 un par de minutos insertar el widget. La instalaci\u00f3n es muy r\u00e1pida, gratuita y sin codificaci\u00f3n. <\/p> <p>El widget se puede agregar en nuestro servicio o a trav\u00e9s del mercado. Aqu\u00ed puede comparar todos los detalles de ambas opciones y seleccionar la m\u00e1s adecuada. <\/p> <\/div>\r\n\t\t\t\t\t<\/div>\r\n\t\t\t\t<\/div> <\/div> <\/div> <div class=\"application-platform-content-item-features application-platform-content-item\" id=\"features\" data-nav-section=\"features\"> <h2>Caracter\u00edsticas principales del widget de chat de Facebook<\/h2> <p>Para tener una comprensi\u00f3n clara del chat en vivo de Facebook, consulte la lista de sus funciones principales. Hacen que nuestro widget sea realmente beneficioso para usted: <\/p> <ul><li>Agregue Facebook Messenger a su sitio web para chatear con los clientes; <\/li><li>Responder mensajes directamente desde tu p\u00e1gina de Facebook; <\/li><li>Elija entre tres tipos de posici\u00f3n de chat: burbuja flotante, burbuja incrustada y ventana de chat incrustada; <\/li><li>Utilice una colecci\u00f3n de iconos de burbujas para tomar| Seleccione su \u00edcono de burbuja en nuestra biblioteca de \u00edconos disponibles; <\/li><li>Texto de burbuja editable. <\/li><\/ul><p><a href=\"#demo\">Explore m\u00e1s funciones en la demostraci\u00f3n<\/a><\/p> <\/div> <div class=\"application-platform-content-item-installation application-platform-content-item\" id=\"installation\" data-nav-section=\"installation\"> <h2>Veamos c\u00f3mo integrar el chat de Facebook en su sitio web Webflow. No requiere codificaci\u00f3n y es r\u00e1pido.<\/h2><div class=\"video-container\"><iframe width=\"720\" height=\"405\" src=\"https:\/\/www.youtube.com\/embed\/lhb-e9btBfQ\" frameborder=\"0\"><\/iframe><\/div><p>Lo \u00fanico que necesitas para publicar el widget es un par de acciones sencillas.<\/p><ol><li><b>Crea tu Facebook Messenger personalizado complemento<\/b><br> Con la ayuda de nuestro editor gratuito, cree un complemento con una apariencia y funciones personalizadas.<\/li><li><b>Obtenga el c\u00f3digo individual para incrustar el complemento<\/b><br> Despu\u00e9s de haber generado su widget, obtendr\u00e1 el c\u00f3digo de instalaci\u00f3n de la notificaci\u00f3n emergente en Elfsight Apps. Copie el c\u00f3digo.<\/li> <li><b>Incruste el complemento en su sitio<\/b><br> Vaya al \u00e1rea donde desea mostrar el complemento y pegue all\u00ed el c\u00f3digo guardado. Guarde los resultados.<\/li> <li><b>\u00a1La configuraci\u00f3n fue exitosa!<\/b><br> Vaya al sitio para ver su Chat.<\/li> <\/ol><p>\u00bfA\u00fan no est\u00e1 seguro? \u00bfO experimentando problemas? Simplemente escribe una solicitud a nuestro servicio de atenci\u00f3n al cliente y ellos resolver\u00e1n cualquier tipo de problema. <\/p> <\/div>","protected":false},"excerpt":{"rendered":"","protected":false},"author":9,"featured_media":0,"parent":1807,"menu_order":0,"comment_status":"closed","ping_status":"closed","template":"templates\/template-application-platform.php","meta":{"publish_to_discourse":"","publish_post_category":"","wpdc_auto_publish_overridden":"","wpdc_topic_tags":"","wpdc_pin_topic":"","wpdc_pin_until":"","discourse_post_id":"","discourse_permalink":"","wpdc_publishing_response":"","wpdc_publishing_error":"","footnotes":""},"class_list":["post-6339","page","type-page","status-publish","hentry"],"yoast_head":"<!-- This site is optimized with the Yoast SEO plugin v25.3.1 - https:\/\/yoast.com\/wordpress\/plugins\/seo\/ -->\n<title>Chat de Facebook: agregue Messenger al sitio web de Webflow (en 2 pasos)<\/title>\n<meta name=\"description\" content=\"Con Elfsight, cree su widget de chat de Facebook e ins\u00e9rtelo en su p\u00e1gina web de Webflow de forma r\u00e1pida y sencilla. Contamos con atenci\u00f3n al cliente gratuita y otras bonificaciones.\" \/>\n<meta name=\"robots\" content=\"index, follow, max-snippet:-1, max-image-preview:large, max-video-preview:-1\" \/>\n<link rel=\"canonical\" href=\"https:\/\/elfsight.com\/es\/facebook-chat-widget\/webflow\/\" \/>\n<meta property=\"og:locale\" content=\"es_ES\" \/>\n<meta property=\"og:type\" content=\"article\" \/>\n<meta property=\"og:title\" content=\"Chat de Facebook: agregue Messenger al sitio web de Webflow (en 2 pasos)\" \/>\n<meta property=\"og:description\" content=\"Con Elfsight, cree su widget de chat de Facebook e ins\u00e9rtelo en su p\u00e1gina web de Webflow de forma r\u00e1pida y sencilla. Contamos con atenci\u00f3n al cliente gratuita y otras bonificaciones.\" \/>\n<meta property=\"og:url\" content=\"https:\/\/elfsight.com\/es\/facebook-chat-widget\/webflow\/\" \/>\n<meta property=\"og:site_name\" content=\"Elfsight ES\" \/>\n<meta property=\"article:modified_time\" content=\"2025-02-06T16:04:49+00:00\" \/>\n<meta name=\"twitter:card\" content=\"summary_large_image\" \/>\n<meta name=\"twitter:label1\" content=\"Tiempo de lectura\" \/>\n\t<meta name=\"twitter:data1\" content=\"3 minutos\" \/>\n<!-- \/ Yoast SEO plugin. -->","yoast_head_json":{"title":"Chat de Facebook: agregue Messenger al sitio web de Webflow (en 2 pasos)","description":"Con Elfsight, cree su widget de chat de Facebook e ins\u00e9rtelo en su p\u00e1gina web de Webflow de forma r\u00e1pida y sencilla. Contamos con atenci\u00f3n al cliente gratuita y otras bonificaciones.","robots":{"index":"index","follow":"follow","max-snippet":"max-snippet:-1","max-image-preview":"max-image-preview:large","max-video-preview":"max-video-preview:-1"},"canonical":"https:\/\/elfsight.com\/es\/facebook-chat-widget\/webflow\/","og_locale":"es_ES","og_type":"article","og_title":"Chat de Facebook: agregue Messenger al sitio web de Webflow (en 2 pasos)","og_description":"Con Elfsight, cree su widget de chat de Facebook e ins\u00e9rtelo en su p\u00e1gina web de Webflow de forma r\u00e1pida y sencilla. Contamos con atenci\u00f3n al cliente gratuita y otras bonificaciones.","og_url":"https:\/\/elfsight.com\/es\/facebook-chat-widget\/webflow\/","og_site_name":"Elfsight ES","article_modified_time":"2025-02-06T16:04:49+00:00","twitter_card":"summary_large_image","twitter_misc":{"Tiempo de lectura":"3 minutos"},"schema":{"@context":"https:\/\/schema.org","@graph":[{"@type":"WebPage","@id":"https:\/\/elfsight.com\/es\/facebook-chat-widget\/webflow\/","url":"https:\/\/elfsight.com\/es\/facebook-chat-widget\/webflow\/","name":"Chat de Facebook: agregue Messenger al sitio web de Webflow (en 2 pasos)","isPartOf":{"@id":"https:\/\/elfsight.com\/es\/#website"},"datePublished":"1970-01-01T00:00:00+00:00","dateModified":"2025-02-06T16:04:49+00:00","description":"Con Elfsight, cree su widget de chat de Facebook e ins\u00e9rtelo en su p\u00e1gina web de Webflow de forma r\u00e1pida y sencilla. Contamos con atenci\u00f3n al cliente gratuita y otras bonificaciones.","breadcrumb":{"@id":"https:\/\/elfsight.com\/es\/facebook-chat-widget\/webflow\/#breadcrumb"},"inLanguage":"es","potentialAction":[{"@type":"ReadAction","target":["https:\/\/elfsight.com\/es\/facebook-chat-widget\/webflow\/"]}]},{"@type":"BreadcrumbList","@id":"https:\/\/elfsight.com\/es\/facebook-chat-widget\/webflow\/#breadcrumb","itemListElement":[{"@type":"ListItem","position":1,"name":"Home","item":"https:\/\/elfsight.com\/es\/"},{"@type":"ListItem","position":2,"name":"Facebook Chat","item":"https:\/\/elfsight.com\/es\/facebook-chat-widget\/"},{"@type":"ListItem","position":3,"name":"Facebook Chat &#8211; Webflow"}]},{"@type":"WebSite","@id":"https:\/\/elfsight.com\/es\/#website","url":"https:\/\/elfsight.com\/es\/","name":"Elfsight ES","description":"Just another Elfsight Sites site","potentialAction":[{"@type":"SearchAction","target":{"@type":"EntryPoint","urlTemplate":"https:\/\/elfsight.com\/es\/?s={search_term_string}"},"query-input":{"@type":"PropertyValueSpecification","valueRequired":true,"valueName":"search_term_string"}}],"inLanguage":"es"}]}},"meta_box":{"industry":"","seo_heading":"","heading":"","description":"","cta_heading":"","cta_description":"","application":"1806","h1":"Widget de Facebook Messenger de flujo web","h1_caption":"El canal de comunicaci\u00f3n m\u00e1s r\u00e1pido para los usuarios de tu sitio web","application_category":[],"applications_title":"","applications_request_title":"","applications_request_button_text":"","hero_text":"","hero_video":"","hero_video_schema_markup":"","selling_points_title":"","selling_points_caption":"","selling_points":[],"selling_points_cta_text":"","features_title":"","features":"","ed_cta_examples_text":"","ed_cta_examples_hidden":"","ed_cta_demo_text":"","ed_cta_demo_hidden":"","why_caption":"","why_editor_title":"","why_editor_text":"","why_team_title":"","why_team_text":"","why_service_title":"","why_service_text":"","template_catalog_visible":"","template_catalog_title":"","template_catalog_text":"","template_catalog_categories_visible":"","demo_title":"Crea tu widget de chat de Facebook","demo_caption":"\u00a1Configura tu chat de Facebook y agr\u00e9galo a tu sitio web Webflow gratis!","default_faq_hidden":"","app_template_category":[],"platform":"106","template_public_id":"","codecanyon_url":"","codecanyon_item_id":"","codecanyon_price":"","pricing_caption":"","pricing_elfsight_apps_hide_column":"","pricing_elfsight_apps_url":"","pricing_codecanyon_price_caption":"","integration_category":[],"integration_request_title":"","integration_request_cta":"","integration_platform":"","integrations":[],"platform_category":[],"video_schema_markup":"","price":"desde $0 \/ mes","trial":"","benefits":[{"text":"Ayuda de instalaci\u00f3n gratuita"},{"text":"Servicio al cliente profesional"},{"text":"Garant\u00eda de devoluci\u00f3n de dinero de 14 d\u00edas"},{"text":"Mejoras gratuitas continuas"}],"button_url":"#demo","button_target_blank":"","button_nofollow":"","attributes":[{"name":"Instalaciones","content":"10,000 - 100,000"},{"name":"Sensible","content":"S\u00ed"},{"name":"Navegadores compatibles","content":"Firefox, Opera, Safari, Chrome, Edge"}],"tags":[],"tags_disable_links":"","hide_more_platforms":"","video_object":"","demo_hide_cta":"","demo_hide_cloud_options":"","pricing_title":"","pricing":[{"pricing_icon":"platform","pricing_title":"Elfsight Apps","pricing_title_caption":"Soluci\u00f3n digital independiente de la plataforma","pricing_price":"desde $0 \/ mes","pricing_price_caption":"comienza con el plan gratuito","pricing_benefits":[{"text":"N\u00famero ilimitado de sitios web"},{"text":"Atenci\u00f3n al cliente premium"},{"text":"Servicio de instalaci\u00f3n gratuito"},{"text":"Oferta especial para m\u00faltiples aplicaciones"}],"pricing_button_text":"A\u00f1adir al sitio web","pricing_button_url":"#demo"}],"related_apps_title":"","related_apps_hidden":"","author":"","image":[],"title":"","job":"","social_networks":[]},"_links":{"self":[{"href":"https:\/\/elfsight.com\/es\/wp-json\/wp\/v2\/pages\/6339","targetHints":{"allow":["GET"]}}],"collection":[{"href":"https:\/\/elfsight.com\/es\/wp-json\/wp\/v2\/pages"}],"about":[{"href":"https:\/\/elfsight.com\/es\/wp-json\/wp\/v2\/types\/page"}],"author":[{"embeddable":true,"href":"https:\/\/elfsight.com\/es\/wp-json\/wp\/v2\/users\/9"}],"replies":[{"embeddable":true,"href":"https:\/\/elfsight.com\/es\/wp-json\/wp\/v2\/comments?post=6339"}],"version-history":[{"count":2,"href":"https:\/\/elfsight.com\/es\/wp-json\/wp\/v2\/pages\/6339\/revisions"}],"predecessor-version":[{"id":19144,"href":"https:\/\/elfsight.com\/es\/wp-json\/wp\/v2\/pages\/6339\/revisions\/19144"}],"up":[{"embeddable":true,"href":"https:\/\/elfsight.com\/es\/wp-json\/wp\/v2\/pages\/1807"}],"wp:attachment":[{"href":"https:\/\/elfsight.com\/es\/wp-json\/wp\/v2\/media?parent=6339"}],"curies":[{"name":"wp","href":"https:\/\/api.w.org\/{rel}","templated":true}]}}