{"id":6332,"date":"1970-01-01T00:00:00","date_gmt":"1970-01-01T00:00:00","guid":{"rendered":"https:\/\/elfsight.com\/es\/?page_id=6332"},"modified":"2025-02-06T16:04:57","modified_gmt":"2025-02-06T16:04:57","slug":"prestashop","status":"publish","type":"page","link":"https:\/\/elfsight.com\/es\/facebook-chat-widget\/prestashop\/","title":{"rendered":"Facebook Chat &#8211; PrestaShop"},"content":{"rendered":"<div class=\"application-platform-content-item-description application-platform-content-item\" id=\"description\" data-nav-section=\"description\"> <h2>Descripci\u00f3n<\/h2> <p>Facebook Chat de Elfsight es la forma m\u00e1s sencilla para que las personas de su sitio web se comuniquen con usted y obtengan respuestas a sus preguntas. Est\u00e9 disponible ahora mismo para sus clientes en uno de los c\u00f3modos mensajeros en todo momento. Integre el chat de Facebook en su p\u00e1gina web y d\u00e9jelo aparecer en ciertas p\u00e1ginas o para ciertos grupos de clientes, configure activadores de inicio de chat, muestre su propio mensaje de bienvenida, cambie \u00edconos y aplique otras personalizaciones. Al utilizar el chat de Facebook integrado en el sitio web, permanecer\u00e1 disponible para su cliente en cualquier momento y sin importar d\u00f3nde se encuentre. <\/p><p><b>\u00a1Integre Facebook Chat para alcanzar sus objetivos de comercio electr\u00f3nico m\u00e1s r\u00e1pido! <\/b><\/p> <\/div> <div class=\"application-platform-content-item-features application-platform-content-item\" id=\"features\" data-nav-section=\"features\"> <h2>El widget ofrece funciones potentes y sencillas, vea algunas de ellas: <\/h2> <ul><li>Coloque Facebook Messenger en su tienda para conectarse con los clientes<\/li><li>Responder mensajes directamente desde su cuenta de Facebook<\/li><li>Seleccione uno de los tres tipos de dise\u00f1o de chat: como una burbuja flotante, incrustado burbuja e incrustar ventana de chat<\/li><li> Elija su variante de icono de burbuja de la biblioteca de iconos disponibles<\/li><li>Texto de burbuja editable<\/li><\/ul><p><a href=\"#demo\">Puede comprobar c\u00f3mo funciona el widget con la ayuda de la demostraci\u00f3n<\/a><\/p> <\/div> <div class=\"application-platform-content-item-installation application-platform-content-item\" id=\"installation\" data-nav-section=\"installation\"> <h2>\u00bfC\u00f3mo incrustar el chat de Facebook en mi sitio PrestaShop? <\/h2> <p>Simplemente siga las instrucciones a continuaci\u00f3n para integrar la herramienta. <\/p> <ol><li><b>Realiza nuestro configurador gratuito y comienza a darle forma a tu propio widget. <\/b><br> Especifique el dise\u00f1o y los par\u00e1metros deseables de la herramienta y aplique las modificaciones. <\/li> <li><b>Adquiera su c\u00f3digo individual que se muestra en el formulario especial en Elfsight Apps. <\/b><br> Una vez finalizada la creaci\u00f3n de su complemento personal, copie el c\u00f3digo exclusivo de la ventana que aparece y gu\u00e1rdelo para su uso posterior. <\/li> <li><b>Entra en el uso del complemento en tu p\u00e1gina web PrestaShop. <\/b><br>Coloca el c\u00f3digo que has guardado anteriormente en tu p\u00e1gina web y guarda las correcciones. <\/li> <li><b>La instalaci\u00f3n se realiz\u00f3 exitosamente. <\/b><br>Vaya a su p\u00e1gina web para observar el trabajo del complemento. <\/li><\/ol> <p>En caso de tener dudas o tener alguna complicaci\u00f3n, no dudes en ponerte en contacto con nuestro equipo de atenci\u00f3n al cliente. Nuestros consultores est\u00e1n deseando ayudarle con todas las dificultades que pueda tener con el widget. <\/p> <div class=\"faq\" data-component=\"FAQ\"> <div class=\"faq-item\">\r\n\t\t\t\t\t<div class=\"faq-item-question\">\r\n\t\t\t\t\t\t<h3 class=\"faq-item-question-text\">\u00bfC\u00f3mo puedo agregar el chat de Facebook a mi sitio web PrestaShop sin conocimientos de codificaci\u00f3n?<\/h3>\r\n\r\n\t\t\t\t\t\t<div class=\"faq-item-question-icon\"><\/div>\r\n\t\t\t\t\t<\/div>\r\n\r\n\t\t\t\t\t<div class=\"faq-item-answer\">\r\n\t\t\t\t\t\t<div class=\"faq-item-answer-text\"> <p>Elfsight proporciona una soluci\u00f3n SaaS que le permite crear un widget de chat de Facebook usted mismo. Vea lo f\u00e1cil que es el proceso: trabaje directamente en el editor en l\u00ednea para crear un widget de chat de Facebook que le gustar\u00eda ver en su sitio web de PrestaShop. Elija una de las plantillas predise\u00f1adas y ajuste la configuraci\u00f3n del chat de Facebook, agregue su contenido, cambie el dise\u00f1o y los colores sin conocimientos de codificaci\u00f3n. Guarde el chat de Facebook y copie su c\u00f3digo de instalaci\u00f3n, que podr\u00e1 agregar f\u00e1cilmente a su sitio web PrestaShop sin necesidad de comprar un plan pago. Con nuestro editor intuitivo, cualquier usuario de Internet puede crear un widget de chat de Facebook en l\u00ednea e incrustarlo f\u00e1cilmente en su sitio web PrestaShop. No es necesario pagar ni ingresar las credenciales de su tarjeta para acceder al servicio. Si tiene alg\u00fan problema en cualquier paso, no dude en ponerse en contacto con nuestro equipo de soporte t\u00e9cnico.<\/p> <\/div>\r\n\t\t\t\t\t<\/div>\r\n\t\t\t\t<\/div> <\/div> <\/div>","protected":false},"excerpt":{"rendered":"","protected":false},"author":9,"featured_media":0,"parent":1807,"menu_order":0,"comment_status":"closed","ping_status":"closed","template":"templates\/template-application-platform.php","meta":{"publish_to_discourse":"","publish_post_category":"","wpdc_auto_publish_overridden":"","wpdc_topic_tags":"","wpdc_pin_topic":"","wpdc_pin_until":"","discourse_post_id":"","discourse_permalink":"","wpdc_publishing_response":"","wpdc_publishing_error":"","footnotes":""},"class_list":["post-6332","page","type-page","status-publish","hentry"],"yoast_head":"<!-- This site is optimized with the Yoast SEO plugin v25.3.1 - https:\/\/yoast.com\/wordpress\/plugins\/seo\/ -->\n<title>Chat de Facebook: agregue Messenger al sitio web de PrestaShop (en 2 minutos)<\/title>\n<meta name=\"description\" content=\"Con Elfsight, d\u00e9 forma a su chat de Facebook y agr\u00e9guelo a la p\u00e1gina web de PrestaShop con facilidad. Ofrecemos atenci\u00f3n al cliente gratuita y otras bonificaciones.\" \/>\n<meta name=\"robots\" content=\"index, follow, max-snippet:-1, max-image-preview:large, max-video-preview:-1\" \/>\n<link rel=\"canonical\" href=\"https:\/\/elfsight.com\/es\/facebook-chat-widget\/prestashop\/\" \/>\n<meta property=\"og:locale\" content=\"es_ES\" \/>\n<meta property=\"og:type\" content=\"article\" \/>\n<meta property=\"og:title\" content=\"Chat de Facebook: agregue Messenger al sitio web de PrestaShop (en 2 minutos)\" \/>\n<meta property=\"og:description\" content=\"Con Elfsight, d\u00e9 forma a su chat de Facebook y agr\u00e9guelo a la p\u00e1gina web de PrestaShop con facilidad. Ofrecemos atenci\u00f3n al cliente gratuita y otras bonificaciones.\" \/>\n<meta property=\"og:url\" content=\"https:\/\/elfsight.com\/es\/facebook-chat-widget\/prestashop\/\" \/>\n<meta property=\"og:site_name\" content=\"Elfsight ES\" \/>\n<meta property=\"article:modified_time\" content=\"2025-02-06T16:04:57+00:00\" \/>\n<meta name=\"twitter:card\" content=\"summary_large_image\" \/>\n<meta name=\"twitter:label1\" content=\"Tiempo de lectura\" \/>\n\t<meta name=\"twitter:data1\" content=\"3 minutos\" \/>\n<!-- \/ Yoast SEO plugin. -->","yoast_head_json":{"title":"Chat de Facebook: agregue Messenger al sitio web de PrestaShop (en 2 minutos)","description":"Con Elfsight, d\u00e9 forma a su chat de Facebook y agr\u00e9guelo a la p\u00e1gina web de PrestaShop con facilidad. Ofrecemos atenci\u00f3n al cliente gratuita y otras bonificaciones.","robots":{"index":"index","follow":"follow","max-snippet":"max-snippet:-1","max-image-preview":"max-image-preview:large","max-video-preview":"max-video-preview:-1"},"canonical":"https:\/\/elfsight.com\/es\/facebook-chat-widget\/prestashop\/","og_locale":"es_ES","og_type":"article","og_title":"Chat de Facebook: agregue Messenger al sitio web de PrestaShop (en 2 minutos)","og_description":"Con Elfsight, d\u00e9 forma a su chat de Facebook y agr\u00e9guelo a la p\u00e1gina web de PrestaShop con facilidad. Ofrecemos atenci\u00f3n al cliente gratuita y otras bonificaciones.","og_url":"https:\/\/elfsight.com\/es\/facebook-chat-widget\/prestashop\/","og_site_name":"Elfsight ES","article_modified_time":"2025-02-06T16:04:57+00:00","twitter_card":"summary_large_image","twitter_misc":{"Tiempo de lectura":"3 minutos"},"schema":{"@context":"https:\/\/schema.org","@graph":[{"@type":"WebPage","@id":"https:\/\/elfsight.com\/es\/facebook-chat-widget\/prestashop\/","url":"https:\/\/elfsight.com\/es\/facebook-chat-widget\/prestashop\/","name":"Chat de Facebook: agregue Messenger al sitio web de PrestaShop (en 2 minutos)","isPartOf":{"@id":"https:\/\/elfsight.com\/es\/#website"},"datePublished":"1970-01-01T00:00:00+00:00","dateModified":"2025-02-06T16:04:57+00:00","description":"Con Elfsight, d\u00e9 forma a su chat de Facebook y agr\u00e9guelo a la p\u00e1gina web de PrestaShop con facilidad. Ofrecemos atenci\u00f3n al cliente gratuita y otras bonificaciones.","breadcrumb":{"@id":"https:\/\/elfsight.com\/es\/facebook-chat-widget\/prestashop\/#breadcrumb"},"inLanguage":"es","potentialAction":[{"@type":"ReadAction","target":["https:\/\/elfsight.com\/es\/facebook-chat-widget\/prestashop\/"]}]},{"@type":"BreadcrumbList","@id":"https:\/\/elfsight.com\/es\/facebook-chat-widget\/prestashop\/#breadcrumb","itemListElement":[{"@type":"ListItem","position":1,"name":"Home","item":"https:\/\/elfsight.com\/es\/"},{"@type":"ListItem","position":2,"name":"Facebook Chat","item":"https:\/\/elfsight.com\/es\/facebook-chat-widget\/"},{"@type":"ListItem","position":3,"name":"Facebook Chat &#8211; PrestaShop"}]},{"@type":"WebSite","@id":"https:\/\/elfsight.com\/es\/#website","url":"https:\/\/elfsight.com\/es\/","name":"Elfsight ES","description":"Just another Elfsight Sites site","potentialAction":[{"@type":"SearchAction","target":{"@type":"EntryPoint","urlTemplate":"https:\/\/elfsight.com\/es\/?s={search_term_string}"},"query-input":{"@type":"PropertyValueSpecification","valueRequired":true,"valueName":"search_term_string"}}],"inLanguage":"es"}]}},"meta_box":{"industry":"","seo_heading":"","heading":"","description":"","cta_heading":"","cta_description":"","application":"1806","h1":"Complemento PrestaShop Facebook Messenger","h1_caption":"La herramienta de comunicaci\u00f3n m\u00e1s r\u00e1pida para los clientes de tu sitio web","application_category":[],"applications_title":"","applications_request_title":"","applications_request_button_text":"","hero_text":"","hero_video":"","hero_video_schema_markup":"","selling_points_title":"","selling_points_caption":"","selling_points":[],"selling_points_cta_text":"","features_title":"","features":"","ed_cta_examples_text":"","ed_cta_examples_hidden":"","ed_cta_demo_text":"","ed_cta_demo_hidden":"","why_caption":"","why_editor_title":"","why_editor_text":"","why_team_title":"","why_team_text":"","why_service_title":"","why_service_text":"","template_catalog_visible":"","template_catalog_title":"","template_catalog_text":"","template_catalog_categories_visible":"","demo_title":"Crea tu complemento de chat de Facebook","demo_caption":"\u00a1Configura tu chat de Facebook y agr\u00e9galo a tu sitio web PrestaShop gratis!","default_faq_hidden":"","app_template_category":[],"platform":"2250","template_public_id":"","codecanyon_url":"","codecanyon_item_id":"","codecanyon_price":"","pricing_caption":"","pricing_elfsight_apps_hide_column":"","pricing_elfsight_apps_url":"","pricing_codecanyon_price_caption":"","integration_category":[],"integration_request_title":"","integration_request_cta":"","integration_platform":"","integrations":[],"platform_category":[],"video_schema_markup":"","price":"desde $0 \/ mes","trial":"","benefits":[{"text":"Ayuda de instalaci\u00f3n gratuita"},{"text":"Soporte premium"},{"text":"Garant\u00eda de reembolso de 14 d\u00edas"},{"text":"Mejoras de por vida"}],"button_url":"#demo","button_target_blank":"","button_nofollow":"","attributes":[{"name":"Instalaciones","content":"10,000 - 100,000"},{"name":"Sensible","content":"S\u00ed"},{"name":"Navegadores compatibles","content":"Firefox, Safari, Opera, Chrome, Edge"}],"tags":[],"tags_disable_links":"","hide_more_platforms":"","video_object":"","demo_hide_cta":"","demo_hide_cloud_options":"","pricing_title":"","pricing":[{"pricing_icon":"platform","pricing_title":"Elfsight Apps","pricing_title_caption":"Soluci\u00f3n digital multiplataforma que se adapta a cualquier sitio web","pricing_price":"desde $0 \/ mes","pricing_price_caption":"comienza con un plan gratuito","pricing_benefits":[{"text":"Dominios ilimitados"},{"text":"Soporte 24 horas al d\u00eda, 7 d\u00edas a la semana, puntual y bien documentado."},{"text":"Soporte de instalaci\u00f3n gratuito"},{"text":"Totalmente personalizable"}],"pricing_button_text":"A\u00f1adir al sitio web","pricing_button_url":"#demo"}],"related_apps_title":"","related_apps_hidden":"","author":"","image":[],"title":"","job":"","social_networks":[]},"_links":{"self":[{"href":"https:\/\/elfsight.com\/es\/wp-json\/wp\/v2\/pages\/6332","targetHints":{"allow":["GET"]}}],"collection":[{"href":"https:\/\/elfsight.com\/es\/wp-json\/wp\/v2\/pages"}],"about":[{"href":"https:\/\/elfsight.com\/es\/wp-json\/wp\/v2\/types\/page"}],"author":[{"embeddable":true,"href":"https:\/\/elfsight.com\/es\/wp-json\/wp\/v2\/users\/9"}],"replies":[{"embeddable":true,"href":"https:\/\/elfsight.com\/es\/wp-json\/wp\/v2\/comments?post=6332"}],"version-history":[{"count":2,"href":"https:\/\/elfsight.com\/es\/wp-json\/wp\/v2\/pages\/6332\/revisions"}],"predecessor-version":[{"id":19147,"href":"https:\/\/elfsight.com\/es\/wp-json\/wp\/v2\/pages\/6332\/revisions\/19147"}],"up":[{"embeddable":true,"href":"https:\/\/elfsight.com\/es\/wp-json\/wp\/v2\/pages\/1807"}],"wp:attachment":[{"href":"https:\/\/elfsight.com\/es\/wp-json\/wp\/v2\/media?parent=6332"}],"curies":[{"name":"wp","href":"https:\/\/api.w.org\/{rel}","templated":true}]}}