{"id":6325,"date":"1970-01-01T00:00:00","date_gmt":"1970-01-01T00:00:00","guid":{"rendered":"https:\/\/elfsight.com\/es\/?page_id=6325"},"modified":"2025-02-06T16:04:57","modified_gmt":"2025-02-06T16:04:57","slug":"magento","status":"publish","type":"page","link":"https:\/\/elfsight.com\/es\/facebook-chat-widget\/magento\/","title":{"rendered":"Facebook Chat &#8211; Magento"},"content":{"rendered":"<div class=\"application-platform-content-item-description application-platform-content-item\" id=\"description\" data-nav-section=\"description\"> <h2>Descripci\u00f3n<\/h2> <p>El cuadro de chat de Facebook desarrollado por Elfsight es el m\u00e1s pr\u00e1ctico para que las personas de su sitio web le env\u00eden un mensaje y escuchen respuestas a sus preguntas y solicitudes. Ahora est\u00e1 disponible ahora mismo para los visitantes en uno de los mensajeros favoritos en todo momento. Coloque el chat en vivo en su p\u00e1gina web y podr\u00e1 aparecer en las p\u00e1ginas m\u00e1s importantes o para categor\u00edas particulares de clientes, seleccione activadores de inicio de chat, muestre su propio mensaje de bienvenida, alinee \u00edconos y mucho m\u00e1s. Con la ayuda de Facebook Messenger trabajando en el sitio web, estar\u00e1 conectado con sus clientes en cualquier momento y sin importar d\u00f3nde se encuentre. <\/p> <div class=\"faq\" data-component=\"FAQ\"><div class=\"faq-item\">\r\n\t\t\t\t\t<div class=\"faq-item-question\">\r\n\t\t\t\t\t\t<h3 class=\"faq-item-question-text\">\u00bfDe qu\u00e9 manera incrusto un chat de Facebook Messenger en el sitio web de Magento? <\/h3>\r\n\r\n\t\t\t\t\t\t<div class=\"faq-item-question-icon\"><\/div>\r\n\t\t\t\t\t<\/div>\r\n\r\n\t\t\t\t\t<div class=\"faq-item-answer\">\r\n\t\t\t\t\t\t<div class=\"faq-item-answer-text\"><p>La creaci\u00f3n de la herramienta ocurre en las p\u00e1ginas de Elfsight y no es necesario codificar. Vaya a la demostraci\u00f3n en l\u00ednea para crear su aplicaci\u00f3n, adquirir el c\u00f3digo e incrustarlo en su sitio. <\/p><\/div>\r\n\t\t\t\t\t<\/div>\r\n\t\t\t\t<\/div><div class=\"faq-item\">\r\n\t\t\t\t\t<div class=\"faq-item-question\">\r\n\t\t\t\t\t\t<h3 class=\"faq-item-question-text\">Las mejores formas de utilizar la integraci\u00f3n del chat en vivo de Facebook<\/h3>\r\n\r\n\t\t\t\t\t\t<div class=\"faq-item-question-icon\"><\/div>\r\n\t\t\t\t\t<\/div>\r\n\r\n\t\t\t\t\t<div class=\"faq-item-answer\">\r\n\t\t\t\t\t\t<div class=\"faq-item-answer-text\"><p>Ofrecemos una gran cantidad de oportunidades de personalizaci\u00f3n: widgets a gran escala para insertar en el \u00e1rea de contenido, complementos flotantes con opciones de desplazamiento, miniaturas para el pie de p\u00e1gina de su sitio web, secci\u00f3n principal y todas las variaciones de oportunidades verticales para barras laterales y men\u00fas. <\/p><\/div>\r\n\t\t\t\t\t<\/div>\r\n\t\t\t\t<\/div><div class=\"faq-item\">\r\n\t\t\t\t\t<div class=\"faq-item-question\">\r\n\t\t\t\t\t\t<h3 class=\"faq-item-question-text\">\u00bfC\u00f3mo puedo crear un chat de comentarios o de incorporaci\u00f3n en Facebook con la ayuda de tu editor? <\/h3>\r\n\r\n\t\t\t\t\t\t<div class=\"faq-item-question-icon\"><\/div>\r\n\t\t\t\t\t<\/div>\r\n\r\n\t\t\t\t\t<div class=\"faq-item-answer\">\r\n\t\t\t\t\t\t<div class=\"faq-item-answer-text\"><p>Puedes darle forma a las modificaciones de cualquier widget. Hay una amplia gama de dise\u00f1os aplicables en el editor y todos ellos se pueden personalizar f\u00e1cilmente seg\u00fan sus necesidades. <\/p><\/div>\r\n\t\t\t\t\t<\/div>\r\n\t\t\t\t<\/div><\/div><\/div> <div class=\"application-platform-content-item-features application-platform-content-item\" id=\"features\" data-nav-section=\"features\"> <h2>Caracter\u00edsticas<\/h2> <p>Para lograr un conocimiento completo de la extensi\u00f3n, puede estudiar la lista de sus funciones m\u00e1s importantes. Hacen que este widget sea incre\u00edblemente eficiente para tu tienda:<\/p> <ul><li>Configura Facebook Messenger en tu sitio web para chatear con los clientes;<\/li><li>Sigue chateando directamente desde tu p\u00e1gina de Facebook;<\/li><li> Tres tipos de posici\u00f3n de chat: burbuja flotante, burbuja incrustada y ventana de chat incrustada;<\/li><li> Elige tu variante de \u00edcono de burbuja de la biblioteca de \u00edconos disponibles; <\/li><li>Ingrese su texto personalizado de la burbuja de chat.<\/li><\/ul><p><a href=\"#demo\">Obtenga m\u00e1s funciones en nuestra demostraci\u00f3n<\/a><\/p> <\/div> <div class=\"application-platform-content-item-installation application-platform-content-item\" id=\"installation\" data-nav-section=\"installation\"> <h2>C\u00f3mo agregar el chat de Facebook en su sitio web Magento<\/h2> <p>Simplemente siga las siguientes pautas para comenzar a trabajar con la extensi\u00f3n en Magento.<\/p> <ol><li><b>Utilice nuestro editor gratuito y comience a crear su propia extensi\u00f3n de chat de Facebook. <\/b><br>Determine la interfaz personalizada y las especificaciones de la herramienta y aplique las correcciones. <\/li> <li><b>Copie el c\u00f3digo individual expuesto en la ventana de Elfsight Apps. <\/b><br> Tan pronto como finalice la personalizaci\u00f3n de su widget, copie el c\u00f3digo individual en la ventana que aparece y gu\u00e1rdelo para futuras necesidades. <\/li> <li><b>Iniciar el uso de la herramienta en la p\u00e1gina web de Magento. <\/b><br>Implemente el c\u00f3digo que ha guardado recientemente en su p\u00e1gina web y guarde las modificaciones. <\/li> <li><b>\u00a1Ya terminaste! La integraci\u00f3n se realiza por completo. <\/b><br> Vaya a su sitio web para revisar el rendimiento del widget. <\/li><\/ol><p>\u00bfA\u00fan tienes dudas? \u00bfO tropez\u00f3 con algo? Una sola solicitud a nuestro equipo de soporte ayudar\u00e1 con cada pregunta. <\/p> <\/div>","protected":false},"excerpt":{"rendered":"","protected":false},"author":9,"featured_media":0,"parent":1807,"menu_order":0,"comment_status":"closed","ping_status":"closed","template":"templates\/template-application-platform.php","meta":{"publish_to_discourse":"","publish_post_category":"","wpdc_auto_publish_overridden":"","wpdc_topic_tags":"","wpdc_pin_topic":"","wpdc_pin_until":"","discourse_post_id":"","discourse_permalink":"","wpdc_publishing_response":"","wpdc_publishing_error":"","footnotes":""},"class_list":["post-6325","page","type-page","status-publish","hentry"],"yoast_head":"<!-- This site is optimized with the Yoast SEO plugin v25.3.1 - https:\/\/yoast.com\/wordpress\/plugins\/seo\/ -->\n<title>Chat de Facebook: agregue la extensi\u00f3n Messenger al sitio web de Magento (2025)<\/title>\n<meta name=\"description\" content=\"Es muy f\u00e1cil crear su widget de chat de Facebook y colocarlo en la p\u00e1gina web de Magento. El servicio de atenci\u00f3n al cliente de Elfsight es gratuito.\" \/>\n<meta name=\"robots\" content=\"index, follow, max-snippet:-1, max-image-preview:large, max-video-preview:-1\" \/>\n<link rel=\"canonical\" href=\"https:\/\/elfsight.com\/es\/facebook-chat-widget\/magento\/\" \/>\n<meta property=\"og:locale\" content=\"es_ES\" \/>\n<meta property=\"og:type\" content=\"article\" \/>\n<meta property=\"og:title\" content=\"Chat de Facebook: agregue la extensi\u00f3n Messenger al sitio web de Magento (2025)\" \/>\n<meta property=\"og:description\" content=\"Es muy f\u00e1cil crear su widget de chat de Facebook y colocarlo en la p\u00e1gina web de Magento. El servicio de atenci\u00f3n al cliente de Elfsight es gratuito.\" \/>\n<meta property=\"og:url\" content=\"https:\/\/elfsight.com\/es\/facebook-chat-widget\/magento\/\" \/>\n<meta property=\"og:site_name\" content=\"Elfsight ES\" \/>\n<meta property=\"article:modified_time\" content=\"2025-02-06T16:04:57+00:00\" \/>\n<meta name=\"twitter:card\" content=\"summary_large_image\" \/>\n<meta name=\"twitter:label1\" content=\"Tiempo de lectura\" \/>\n\t<meta name=\"twitter:data1\" content=\"3 minutos\" \/>\n<!-- \/ Yoast SEO plugin. -->","yoast_head_json":{"title":"Chat de Facebook: agregue la extensi\u00f3n Messenger al sitio web de Magento (2025)","description":"Es muy f\u00e1cil crear su widget de chat de Facebook y colocarlo en la p\u00e1gina web de Magento. El servicio de atenci\u00f3n al cliente de Elfsight es gratuito.","robots":{"index":"index","follow":"follow","max-snippet":"max-snippet:-1","max-image-preview":"max-image-preview:large","max-video-preview":"max-video-preview:-1"},"canonical":"https:\/\/elfsight.com\/es\/facebook-chat-widget\/magento\/","og_locale":"es_ES","og_type":"article","og_title":"Chat de Facebook: agregue la extensi\u00f3n Messenger al sitio web de Magento (2025)","og_description":"Es muy f\u00e1cil crear su widget de chat de Facebook y colocarlo en la p\u00e1gina web de Magento. El servicio de atenci\u00f3n al cliente de Elfsight es gratuito.","og_url":"https:\/\/elfsight.com\/es\/facebook-chat-widget\/magento\/","og_site_name":"Elfsight ES","article_modified_time":"2025-02-06T16:04:57+00:00","twitter_card":"summary_large_image","twitter_misc":{"Tiempo de lectura":"3 minutos"},"schema":{"@context":"https:\/\/schema.org","@graph":[{"@type":"WebPage","@id":"https:\/\/elfsight.com\/es\/facebook-chat-widget\/magento\/","url":"https:\/\/elfsight.com\/es\/facebook-chat-widget\/magento\/","name":"Chat de Facebook: agregue la extensi\u00f3n Messenger al sitio web de Magento (2025)","isPartOf":{"@id":"https:\/\/elfsight.com\/es\/#website"},"datePublished":"1970-01-01T00:00:00+00:00","dateModified":"2025-02-06T16:04:57+00:00","description":"Es muy f\u00e1cil crear su widget de chat de Facebook y colocarlo en la p\u00e1gina web de Magento. El servicio de atenci\u00f3n al cliente de Elfsight es gratuito.","breadcrumb":{"@id":"https:\/\/elfsight.com\/es\/facebook-chat-widget\/magento\/#breadcrumb"},"inLanguage":"es","potentialAction":[{"@type":"ReadAction","target":["https:\/\/elfsight.com\/es\/facebook-chat-widget\/magento\/"]}]},{"@type":"BreadcrumbList","@id":"https:\/\/elfsight.com\/es\/facebook-chat-widget\/magento\/#breadcrumb","itemListElement":[{"@type":"ListItem","position":1,"name":"Home","item":"https:\/\/elfsight.com\/es\/"},{"@type":"ListItem","position":2,"name":"Facebook Chat","item":"https:\/\/elfsight.com\/es\/facebook-chat-widget\/"},{"@type":"ListItem","position":3,"name":"Facebook Chat &#8211; Magento"}]},{"@type":"WebSite","@id":"https:\/\/elfsight.com\/es\/#website","url":"https:\/\/elfsight.com\/es\/","name":"Elfsight ES","description":"Just another Elfsight Sites site","potentialAction":[{"@type":"SearchAction","target":{"@type":"EntryPoint","urlTemplate":"https:\/\/elfsight.com\/es\/?s={search_term_string}"},"query-input":{"@type":"PropertyValueSpecification","valueRequired":true,"valueName":"search_term_string"}}],"inLanguage":"es"}]}},"meta_box":{"industry":"","seo_heading":"","heading":"","description":"","cta_heading":"","cta_description":"","application":"1806","h1":"Chat de Facebook Messenger de Magento","h1_caption":"El canal de comunicaci\u00f3n m\u00e1s sencillo para los visitantes de su sitio web","application_category":[],"applications_title":"","applications_request_title":"","applications_request_button_text":"","hero_text":"","hero_video":"","hero_video_schema_markup":"","selling_points_title":"","selling_points_caption":"","selling_points":[],"selling_points_cta_text":"","features_title":"","features":"","ed_cta_examples_text":"","ed_cta_examples_hidden":"","ed_cta_demo_text":"","ed_cta_demo_hidden":"","why_caption":"","why_editor_title":"","why_editor_text":"","why_team_title":"","why_team_text":"","why_service_title":"","why_service_text":"","template_catalog_visible":"","template_catalog_title":"","template_catalog_text":"","template_catalog_categories_visible":"","demo_title":"Crea tu extensi\u00f3n de chat de Facebook","demo_caption":"\u00a1Configura tu chat de Facebook y agr\u00e9galo a tu sitio web Magento gratis!","default_faq_hidden":"","app_template_category":[],"platform":"82","template_public_id":"","codecanyon_url":"","codecanyon_item_id":"","codecanyon_price":"","pricing_caption":"","pricing_elfsight_apps_hide_column":"","pricing_elfsight_apps_url":"","pricing_codecanyon_price_caption":"","integration_category":[],"integration_request_title":"","integration_request_cta":"","integration_platform":"","integrations":[],"platform_category":[],"video_schema_markup":"","price":"desde $0 \/ mes","trial":"","benefits":[{"text":"Ayuda de instalaci\u00f3n gratuita"},{"text":"Servicio al cliente profesional"},{"text":"Garant\u00eda de reembolso de 14 d\u00edas"},{"text":"Mejoras continuas"}],"button_url":"#demo","button_target_blank":"","button_nofollow":"","attributes":[{"name":"Instalaciones","content":"10,000 - 100,000"},{"name":"Sensible","content":"S\u00ed"},{"name":"Navegadores compatibles","content":"Firefox, Safari, Opera, Chrome, Edge"}],"tags":[],"tags_disable_links":"","hide_more_platforms":"","video_object":"","demo_hide_cta":"","demo_hide_cloud_options":"","pricing_title":"","pricing":[{"pricing_icon":"platform","pricing_title":"Elfsight Apps","pricing_title_caption":"Versi\u00f3n multiplataforma que funciona en cualquier sitio.","pricing_price":"desde $0 \/ mes","pricing_price_caption":"comienza con un plan gratuito","pricing_benefits":[{"text":"Sitios web ilimitados"},{"text":"Soporte profesional, puntual y bien documentado."},{"text":"Soporte de instalaci\u00f3n gratuito"},{"text":"Totalmente personalizable"}],"pricing_button_text":"A\u00f1adir al sitio web","pricing_button_url":"#demo"}],"related_apps_title":"","related_apps_hidden":"","author":"","image":[],"title":"","job":"","social_networks":[]},"_links":{"self":[{"href":"https:\/\/elfsight.com\/es\/wp-json\/wp\/v2\/pages\/6325","targetHints":{"allow":["GET"]}}],"collection":[{"href":"https:\/\/elfsight.com\/es\/wp-json\/wp\/v2\/pages"}],"about":[{"href":"https:\/\/elfsight.com\/es\/wp-json\/wp\/v2\/types\/page"}],"author":[{"embeddable":true,"href":"https:\/\/elfsight.com\/es\/wp-json\/wp\/v2\/users\/9"}],"replies":[{"embeddable":true,"href":"https:\/\/elfsight.com\/es\/wp-json\/wp\/v2\/comments?post=6325"}],"version-history":[{"count":2,"href":"https:\/\/elfsight.com\/es\/wp-json\/wp\/v2\/pages\/6325\/revisions"}],"predecessor-version":[{"id":19150,"href":"https:\/\/elfsight.com\/es\/wp-json\/wp\/v2\/pages\/6325\/revisions\/19150"}],"up":[{"embeddable":true,"href":"https:\/\/elfsight.com\/es\/wp-json\/wp\/v2\/pages\/1807"}],"wp:attachment":[{"href":"https:\/\/elfsight.com\/es\/wp-json\/wp\/v2\/media?parent=6325"}],"curies":[{"name":"wp","href":"https:\/\/api.w.org\/{rel}","templated":true}]}}