{"id":6322,"date":"1970-01-01T00:00:00","date_gmt":"1970-01-01T00:00:00","guid":{"rendered":"https:\/\/elfsight.com\/es\/?page_id=6322"},"modified":"2025-02-06T16:05:05","modified_gmt":"2025-02-06T16:05:05","slug":"joomla","status":"publish","type":"page","link":"https:\/\/elfsight.com\/es\/facebook-chat-widget\/joomla\/","title":{"rendered":"Facebook Chat &#8211; Joomla"},"content":{"rendered":"<div class=\"application-platform-content-item-description application-platform-content-item\" id=\"description\" data-nav-section=\"description\"> <h2>Descripci\u00f3n<\/h2> <p>El chat de Facebook desarrollado por Elfsight es el modo m\u00e1s r\u00e1pido para que la audiencia de su sitio web le env\u00ede mensajes y obtenga respuestas a sus preguntas. Puede permanecer disponible en l\u00ednea para los clientes en el mensajero m\u00e1s querido en cualquier momento. Incruste Live Chat Box en su tienda y config\u00farelo para que aparezca en ciertas p\u00e1ginas o para categor\u00edas seleccionadas de audiencia, elija activadores de inicio de chat, ingrese su mensaje de bienvenida exclusivo, configure \u00edconos y aplique otras personalizaciones. Con Facebook Messenger instalado en la p\u00e1gina web, estar\u00e1 en contacto con sus clientes en cualquier momento y sin importar su lugar. <\/p> <div class=\"faq\" data-component=\"FAQ\"> <div class=\"faq-item\">\r\n\t\t\t\t\t<div class=\"faq-item-question\">\r\n\t\t\t\t\t\t<h3 class=\"faq-item-question-text\">\u00bfD\u00f3nde puedo publicar el chat de Facebook Messenger?<\/h3>\r\n\r\n\t\t\t\t\t\t<div class=\"faq-item-question-icon\"><\/div>\r\n\t\t\t\t\t<\/div>\r\n\r\n\t\t\t\t\t<div class=\"faq-item-answer\">\r\n\t\t\t\t\t\t<div class=\"faq-item-answer-text\"> <p>El widget puede aparecer en todas las p\u00e1ginas de su sitio web, o solo en p\u00e1ginas seleccionadas. Tambi\u00e9n es posible restringirlo en determinadas p\u00e1ginas donde no necesitas el chat. <\/p> <\/div>\r\n\t\t\t\t\t<\/div>\r\n\t\t\t\t<\/div> <div class=\"faq-item\">\r\n\t\t\t\t\t<div class=\"faq-item-question\">\r\n\t\t\t\t\t\t<h3 class=\"faq-item-question-text\">\u00bfQu\u00e9 ventajas me dar\u00e1? <\/h3>\r\n\r\n\t\t\t\t\t\t<div class=\"faq-item-question-icon\"><\/div>\r\n\t\t\t\t\t<\/div>\r\n\r\n\t\t\t\t\t<div class=\"faq-item-answer\">\r\n\t\t\t\t\t\t<div class=\"faq-item-answer-text\"> <p>Ayudar\u00e1 a que m\u00e1s audiencia te contacte con sus consultas y solicitudes o problemas. Esto puede ayudar a aumentar la cantidad de clientes potenciales y ventas. Adem\u00e1s, las respuestas r\u00e1pidas y el trato personal con las personas mejorar\u00e1n la calidad de las relaciones con sus clientes. <\/p> <\/div>\r\n\t\t\t\t\t<\/div>\r\n\t\t\t\t<\/div> <div class=\"faq-item\">\r\n\t\t\t\t\t<div class=\"faq-item-question\">\r\n\t\t\t\t\t\t<h3 class=\"faq-item-question-text\">\u00bfC\u00f3mo instalo el chat de Facebook en mi sitio web Joomla? <\/h3>\r\n\r\n\t\t\t\t\t\t<div class=\"faq-item-question-icon\"><\/div>\r\n\t\t\t\t\t<\/div>\r\n\r\n\t\t\t\t\t<div class=\"faq-item-answer\">\r\n\t\t\t\t\t\t<div class=\"faq-item-answer-text\"> <p>Solo necesitar\u00e1s un minuto de tu tiempo para tener el widget en funcionamiento. La instalaci\u00f3n es extremadamente r\u00e1pida, gratuita y sin codificaci\u00f3n. <\/p> <p>El widget se puede integrar directamente en nuestro servicio o en el mercado. Puede comparar todos los detalles de las dos opciones y elegir la m\u00e1s adecuada. <\/p> <\/div>\r\n\t\t\t\t\t<\/div>\r\n\t\t\t\t<\/div> <\/div> <\/div> <div class=\"application-platform-content-item-features application-platform-content-item\" id=\"features\" data-nav-section=\"features\"> <h2>Caracter\u00edsticas<\/h2> <p>Para comprender la funcionalidad del chat de Facebook, descubra la lista de sus caracter\u00edsticas principales. Hacen que este widget sea incre\u00edblemente eficiente para su promoci\u00f3n: <\/p> <ul><li>Agregue Facebook Live Messenger en su sitio web para establecer comunicaci\u00f3n con los clientes; <\/li><li>Proporcione respuestas directamente desde su cuenta de Facebook; <\/li><li>Elija entre 3 opciones de ubicaci\u00f3n del chat: burbuja flotante, burbuja incrustada e inserci\u00f3n de ventana de chat; <\/li><li>Explora una colecci\u00f3n de \u00edconos de burbujas para tomar| Seleccione su variante de \u00edcono de burbuja en la biblioteca de \u00edconos disponibles; <\/li><li>Edita el texto de la burbuja de chat. <\/li><\/ul><p><a href=\"#demo\">Nuestra demostraci\u00f3n le abrir\u00e1 todas las funciones<\/a><\/p> <\/div> <div class=\"application-platform-content-item-installation application-platform-content-item\" id=\"installation\" data-nav-section=\"installation\"> <h2>Aqu\u00ed se explica c\u00f3mo insertar el chat de Facebook en su sitio web Joomla<\/h2> <p>Simplemente siga las instrucciones a continuaci\u00f3n para comenzar a trabajar con el chat de Facebook en Joomla.<\/p> <ol><li><b>Emplee nuestro editor gratuito y comience a darle forma a su extensi\u00f3n personalizada. <\/b><br> Determine el dise\u00f1o y las especificaciones preferibles del widget y guarde las ediciones. <\/li> <li><b>Reciba su c\u00f3digo \u00fanico revelado en el cuadro de Elfsight Apps. <\/b><br> Una vez realizada la personalizaci\u00f3n de su complemento, copie el c\u00f3digo individual en el cuadro que aparece y gu\u00e1rdelo para su uso posterior. <\/li> <li><b>Comience a usar la extensi\u00f3n en el sitio Joomla. <\/b><br> Pegue el c\u00f3digo guardado anteriormente en su sitio web y guarde las ediciones. <\/li> <li><b>\u00a1Listo! La configuraci\u00f3n se realiza con \u00e9xito. <\/b><br> Visite su sitio para revisar c\u00f3mo funciona la herramienta. <\/li><\/ol><p>\u00bfA\u00fan no puedes decidirte? \u00bfO tropez\u00f3 con algo? Simplemente dirija su solicitud a nuestro equipo de atenci\u00f3n al cliente y ellos le ayudar\u00e1n con cualquier asunto. <\/p> <\/div>","protected":false},"excerpt":{"rendered":"","protected":false},"author":9,"featured_media":0,"parent":1807,"menu_order":0,"comment_status":"closed","ping_status":"closed","template":"templates\/template-application-platform.php","meta":{"publish_to_discourse":"","publish_post_category":"","wpdc_auto_publish_overridden":"","wpdc_topic_tags":"","wpdc_pin_topic":"","wpdc_pin_until":"","discourse_post_id":"","discourse_permalink":"","wpdc_publishing_response":"","wpdc_publishing_error":"","footnotes":""},"class_list":["post-6322","page","type-page","status-publish","hentry"],"yoast_head":"<!-- This site is optimized with the Yoast SEO plugin v25.3.1 - https:\/\/yoast.com\/wordpress\/plugins\/seo\/ -->\n<title>Chat de Facebook: agregue la extensi\u00f3n Messenger al sitio web Joomla (en 2 minutos)<\/title>\n<meta name=\"description\" content=\"Es f\u00e1cil crear su extensi\u00f3n de chat de Facebook y colocarla en su sitio web Joomla. La atenci\u00f3n al cliente de Elfsight es gratuita.\" \/>\n<meta name=\"robots\" content=\"index, follow, max-snippet:-1, max-image-preview:large, max-video-preview:-1\" \/>\n<link rel=\"canonical\" href=\"https:\/\/elfsight.com\/es\/facebook-chat-widget\/joomla\/\" \/>\n<meta property=\"og:locale\" content=\"es_ES\" \/>\n<meta property=\"og:type\" content=\"article\" \/>\n<meta property=\"og:title\" content=\"Chat de Facebook: agregue la extensi\u00f3n Messenger al sitio web Joomla (en 2 minutos)\" \/>\n<meta property=\"og:description\" content=\"Es f\u00e1cil crear su extensi\u00f3n de chat de Facebook y colocarla en su sitio web Joomla. La atenci\u00f3n al cliente de Elfsight es gratuita.\" \/>\n<meta property=\"og:url\" content=\"https:\/\/elfsight.com\/es\/facebook-chat-widget\/joomla\/\" \/>\n<meta property=\"og:site_name\" content=\"Elfsight ES\" \/>\n<meta property=\"article:modified_time\" content=\"2025-02-06T16:05:05+00:00\" \/>\n<meta name=\"twitter:card\" content=\"summary_large_image\" \/>\n<meta name=\"twitter:label1\" content=\"Tiempo de lectura\" \/>\n\t<meta name=\"twitter:data1\" content=\"3 minutos\" \/>\n<!-- \/ Yoast SEO plugin. -->","yoast_head_json":{"title":"Chat de Facebook: agregue la extensi\u00f3n Messenger al sitio web Joomla (en 2 minutos)","description":"Es f\u00e1cil crear su extensi\u00f3n de chat de Facebook y colocarla en su sitio web Joomla. La atenci\u00f3n al cliente de Elfsight es gratuita.","robots":{"index":"index","follow":"follow","max-snippet":"max-snippet:-1","max-image-preview":"max-image-preview:large","max-video-preview":"max-video-preview:-1"},"canonical":"https:\/\/elfsight.com\/es\/facebook-chat-widget\/joomla\/","og_locale":"es_ES","og_type":"article","og_title":"Chat de Facebook: agregue la extensi\u00f3n Messenger al sitio web Joomla (en 2 minutos)","og_description":"Es f\u00e1cil crear su extensi\u00f3n de chat de Facebook y colocarla en su sitio web Joomla. La atenci\u00f3n al cliente de Elfsight es gratuita.","og_url":"https:\/\/elfsight.com\/es\/facebook-chat-widget\/joomla\/","og_site_name":"Elfsight ES","article_modified_time":"2025-02-06T16:05:05+00:00","twitter_card":"summary_large_image","twitter_misc":{"Tiempo de lectura":"3 minutos"},"schema":{"@context":"https:\/\/schema.org","@graph":[{"@type":"WebPage","@id":"https:\/\/elfsight.com\/es\/facebook-chat-widget\/joomla\/","url":"https:\/\/elfsight.com\/es\/facebook-chat-widget\/joomla\/","name":"Chat de Facebook: agregue la extensi\u00f3n Messenger al sitio web Joomla (en 2 minutos)","isPartOf":{"@id":"https:\/\/elfsight.com\/es\/#website"},"datePublished":"1970-01-01T00:00:00+00:00","dateModified":"2025-02-06T16:05:05+00:00","description":"Es f\u00e1cil crear su extensi\u00f3n de chat de Facebook y colocarla en su sitio web Joomla. La atenci\u00f3n al cliente de Elfsight es gratuita.","breadcrumb":{"@id":"https:\/\/elfsight.com\/es\/facebook-chat-widget\/joomla\/#breadcrumb"},"inLanguage":"es","potentialAction":[{"@type":"ReadAction","target":["https:\/\/elfsight.com\/es\/facebook-chat-widget\/joomla\/"]}]},{"@type":"BreadcrumbList","@id":"https:\/\/elfsight.com\/es\/facebook-chat-widget\/joomla\/#breadcrumb","itemListElement":[{"@type":"ListItem","position":1,"name":"Home","item":"https:\/\/elfsight.com\/es\/"},{"@type":"ListItem","position":2,"name":"Facebook Chat","item":"https:\/\/elfsight.com\/es\/facebook-chat-widget\/"},{"@type":"ListItem","position":3,"name":"Facebook Chat &#8211; Joomla"}]},{"@type":"WebSite","@id":"https:\/\/elfsight.com\/es\/#website","url":"https:\/\/elfsight.com\/es\/","name":"Elfsight ES","description":"Just another Elfsight Sites site","potentialAction":[{"@type":"SearchAction","target":{"@type":"EntryPoint","urlTemplate":"https:\/\/elfsight.com\/es\/?s={search_term_string}"},"query-input":{"@type":"PropertyValueSpecification","valueRequired":true,"valueName":"search_term_string"}}],"inLanguage":"es"}]}},"meta_box":{"industry":"","seo_heading":"","heading":"","description":"","cta_heading":"","cta_description":"","application":"1806","h1":"Extensi\u00f3n de chat de Facebook de Joomla","h1_caption":"La forma de interacci\u00f3n m\u00e1s sencilla para la audiencia de su sitio web","application_category":[],"applications_title":"","applications_request_title":"","applications_request_button_text":"","hero_text":"","hero_video":"","hero_video_schema_markup":"","selling_points_title":"","selling_points_caption":"","selling_points":[],"selling_points_cta_text":"","features_title":"","features":"","ed_cta_examples_text":"","ed_cta_examples_hidden":"","ed_cta_demo_text":"","ed_cta_demo_hidden":"","why_caption":"","why_editor_title":"","why_editor_text":"","why_team_title":"","why_team_text":"","why_service_title":"","why_service_text":"","template_catalog_visible":"","template_catalog_title":"","template_catalog_text":"","template_catalog_categories_visible":"","demo_title":"Crea tu complemento de chat de Facebook","demo_caption":"\u00a1Configura tu chat de Facebook y agr\u00e9galo a tu sitio web Joomla gratis!","default_faq_hidden":"","app_template_category":[],"platform":"73","template_public_id":"","codecanyon_url":"","codecanyon_item_id":"","codecanyon_price":"","pricing_caption":"","pricing_elfsight_apps_hide_column":"","pricing_elfsight_apps_url":"","pricing_codecanyon_price_caption":"","integration_category":[],"integration_request_title":"","integration_request_cta":"","integration_platform":"","integrations":[],"platform_category":[],"video_schema_markup":"","price":"desde $0 \/ mes","trial":"","benefits":[{"text":"Servicio de instalaci\u00f3n gratuito"},{"text":"Servicio al cliente competente"},{"text":"Garant\u00eda de reembolso de 14 d\u00edas"},{"text":"Mejoras de por vida"}],"button_url":"#demo","button_target_blank":"","button_nofollow":"","attributes":[{"name":"Instalaciones","content":"10,000 - 100,000"},{"name":"Sensible","content":"S\u00ed"},{"name":"Navegadores compatibles","content":"IE11, Firefox, Safari, Opera, Chrome, Edge"}],"tags":[],"tags_disable_links":"","hide_more_platforms":"","video_object":"","demo_hide_cta":"","demo_hide_cloud_options":"","pricing_title":"","pricing":[{"pricing_icon":"platform","pricing_title":"Elfsight Apps","pricing_title_caption":"Soluci\u00f3n multiplataforma que funciona en cualquier sitio web","pricing_price":"desde $0 \/ mes","pricing_price_caption":"comienza con el plan gratuito","pricing_benefits":[{"text":"Sitios web ilimitados"},{"text":"Soporte premium, puntual y bien documentado."},{"text":"Servicio de instalaci\u00f3n gratuito"},{"text":"Precio a alcanzar para m\u00faltiples aplicaciones"}],"pricing_button_text":"A\u00f1adir al sitio web","pricing_button_url":"#demo"}],"related_apps_title":"","related_apps_hidden":"","author":"","image":[],"title":"","job":"","social_networks":[]},"_links":{"self":[{"href":"https:\/\/elfsight.com\/es\/wp-json\/wp\/v2\/pages\/6322","targetHints":{"allow":["GET"]}}],"collection":[{"href":"https:\/\/elfsight.com\/es\/wp-json\/wp\/v2\/pages"}],"about":[{"href":"https:\/\/elfsight.com\/es\/wp-json\/wp\/v2\/types\/page"}],"author":[{"embeddable":true,"href":"https:\/\/elfsight.com\/es\/wp-json\/wp\/v2\/users\/9"}],"replies":[{"embeddable":true,"href":"https:\/\/elfsight.com\/es\/wp-json\/wp\/v2\/comments?post=6322"}],"version-history":[{"count":2,"href":"https:\/\/elfsight.com\/es\/wp-json\/wp\/v2\/pages\/6322\/revisions"}],"predecessor-version":[{"id":19153,"href":"https:\/\/elfsight.com\/es\/wp-json\/wp\/v2\/pages\/6322\/revisions\/19153"}],"up":[{"embeddable":true,"href":"https:\/\/elfsight.com\/es\/wp-json\/wp\/v2\/pages\/1807"}],"wp:attachment":[{"href":"https:\/\/elfsight.com\/es\/wp-json\/wp\/v2\/media?parent=6322"}],"curies":[{"name":"wp","href":"https:\/\/api.w.org\/{rel}","templated":true}]}}